{"id":6335,"date":"2025-11-16T21:11:26","date_gmt":"2025-11-16T21:11:26","guid":{"rendered":"https:\/\/waboom.net\/?page_id=6335"},"modified":"2025-11-19T13:18:31","modified_gmt":"2025-11-19T13:18:31","slug":"waboom-vs-aisensy","status":"publish","type":"page","link":"https:\/\/waboom.net\/ckb\/waboom-vs-aisensy\/","title":{"rendered":"WABOOM li dij\u00ee AiSensy"},"content":{"rendered":"<p>Dev ji otomasyona bingeh\u00een \u00fb pi\u015ftgiriya ne p\u00eabawer berdin. Bikevin nav berawirdkirina daw\u00ee \u00fb kif\u015f bikin ka \u00e7ima WABOOM stratejiyek veguher\u00een\u00ea ya bilind, bihay\u00ean zelal, \u00fb pi\u015ftgiriyek b\u00eahempa ku bi we re p\u00eevand\u00ee ye p\u00ea\u015fk\u00ea\u015f dike.<\/p>\n\n\n\n<h2 class=\"wp-block-heading\"><strong>Berawirdkirina Taybetmend\u00ee-bi-Taybetmend\u00ee: WABOOM vs. AiSensy<\/strong><\/h2>\n\n\n\n<figure class=\"wp-block-table\"><table class=\"has-fixed-layout\"><thead><tr><th>Taybet\u00ee<\/th><th><strong>WABOOM (Hevkar\u00ea Mezinb\u00fbna Xizmeta Tam)<\/strong><\/th><th><strong>AiSensy (Platforma Xizmeta Xweser)<\/strong><\/th><\/tr><\/thead><tbody><tr><td><strong>N\u00ee\u015fankirina Meta Axaftin\u00ea<\/strong><\/td><td><strong>0% Markup (Mesrefa Rast\u00een a Derbasb\u00fbn\u00ea)<\/strong><\/td><td>Bi gelemper\u00ee di fat\u00fbrey\u00ea de n\u00ee\u015fankirina ve\u015fart\u00ee vedihew\u00eene<\/td><\/tr><tr><td><strong>\u015eefafiyeta Bihayan<\/strong><\/td><td>Xerca platform\u00ea ya sade \u00fb sab\u00eet + <strong>l\u00ea\u00e7\u00fbna rast\u00een a Meta<\/strong><\/td><td>Bihay\u00ea qatkir\u00ee\/tevlihev; deriy\u00ea taybetmendiy\u00ea hevpar e<\/td><\/tr><tr><td><strong>T\u00eaketin\u00ean Ajanan<\/strong><\/td><td><strong>T\u00eaketin\u00ean Ajans\u00ea y\u00ean B\u00eas\u00eenor (Hem\u00fb Plan)<\/strong><\/td><td>B\u00eas\u00eenor (Standard)<\/td><\/tr><tr><td><strong>Stratejiya Reklam\u00ea \u00fb Bic\u00eehan\u00een\u00ea<\/strong><\/td><td><strong>R\u00eaveberiya reklam\u00ea ya xizmeta tevah\u00ee ya taybet heye<\/strong><\/td><td>Ten\u00ea xizmeta xweser; pisporiya bikarh\u00eaner hewce dike<\/td><\/tr><tr><td><strong>Reklam\u00ean Kl\u00eek-bo-Whatsapp\u00ea<\/strong><\/td><td><strong>Dabe\u015fkirina p\u00ea\u015fket\u00ee + entegrasyona CAPI-xwemal\u00ee<\/strong><\/td><td>Bel\u00ea, l\u00ea am\u00fbr\u00ean otomasyon \u00fb destn\u00ee\u015fankirina k\u00fbrtir t\u00ea de n\u00eenin<\/td><\/tr><tr><td><strong>Avaker\u00ea Chatbot\u00ea<\/strong><\/td><td><strong>Avaker\u00ea ka\u015f-\u00fb-berdan\u00ea y\u00ea bi tevah\u00ee vekir\u00ee (Hem\u00fb astan)<\/strong><\/td><td>AI\/GPT \u00fb herik\u00ean p\u00ea\u015fkeft\u00ee bi gelemper\u00ee li pi\u015ft plan\u00ean premium t\u00eane girtin<\/td><\/tr><tr><td><strong>Gih\u00ee\u015ftina API\/Webhook<\/strong><\/td><td><strong>B\u00eas\u00eenor, bela\u015f, b\u00eas\u00eenor (Hem\u00fb astan)<\/strong><\/td><td>Di plan\u00ean destp\u00eak\u00ea de bi s\u00eenor an j\u00ee s\u00eenorkir\u00ee<\/td><\/tr><tr><td><strong>Modela Pi\u015ftgiriy\u00ea<\/strong><\/td><td><strong>Ger\u00eenendey\u00ea Hesab\u00ea y\u00ea Taybet + Pi\u015ftgiriya Bangewaz\u00ee, Zoom \u00fb Sohbet\u00ea<\/strong><\/td><td>E-name\/sohbeta standard; z\u00eadeb\u00fbna h\u00ead\u00eetir hat ragihandin<\/td><\/tr><tr><td><strong>Dravdan\u00ean WhatsApp\u00ea<\/strong><\/td><td><strong>\u00c7alakkirina yek-kl\u00eek bi dravdana b\u00eanavber di sohbet\u00ea de<\/strong><\/td><td>Berdest e, l\u00ea p\u00eakan\u00een dikare neba\u015f be<\/td><\/tr><tr><td><strong>Leza Radestkirina We\u015fan\u00ea<\/strong><\/td><td><strong>Ji bo radestkirina parg\u00eedaniy\u00ea ya bi qebareya bilind hat\u00eeye \u00e7\u00eatirkirin<\/strong><\/td><td>Performans li gor\u00ee plan \u00fb r\u00eaza Meta diguhere<\/td><\/tr><\/tbody><\/table><\/figure>\n\n\n\n<h2 class=\"wp-block-heading\"><strong>Anal\u00eezek Berfireh: \u00c7ima WABOOM N\u00fbvekirina Daw\u00ee ye<\/strong><\/h2>\n\n\n\n<h3 class=\"wp-block-heading\"><strong>I. Mesrefa Rast\u00een a P\u00eevankirin\u00ea: N\u00ee\u015fan\u00ean Mezin &amp; Xerc\u00ean Ve\u015fart\u00ee<\/strong><\/h3>\n\n\n\n<p>AiSensy di destp\u00eak\u00ea de pir caran erzan xuya dike, l\u00ea l\u00ea\u00e7\u00fbna rast\u00een a ku axaftin\u00ea dist\u00eene ew e ku c\u00fbdahiy\u00ean mezin derdikevin hol\u00ea.<\/p>\n\n\n\n<h4 class=\"wp-block-heading\"><strong>Awantaj\u00ea WABOOM<\/strong><\/h4>\n\n\n\n<ul class=\"wp-block-list\">\n<li><strong>Garantiya N\u00ee\u015fankirina 0%:<\/strong> Em derbas dibin <strong>Xerc\u00ean Meta Axaftin\u00ea<\/strong> bi bihay\u00ea rast ji we re. B\u00ea dagirtin, b\u00ea surpr\u00eez. ROI-ya we bi mezinb\u00fbna qebareya we re z\u00eade dibe.<\/li>\n\n\n\n<li><strong>Hem\u00ee Taybetmendiy\u00ean Sereke Vekir\u00ee ne:<\/strong> Avaker\u00ea chatbot\u00ea y\u00ea tam, API-y\u00ean b\u00eas\u00eenor, \u00fb kursiy\u00ean ajant\u00ea y\u00ean b\u00eas\u00eenor li seranser\u00ea hem\u00ee planan ji bil\u00ee plan\u00ean destp\u00eak\u00ea &quot;baca taybetmendiy\u00ea&quot; li ser mezinb\u00fbn\u00ea tune.<\/li>\n<\/ul>\n\n\n\n<h4 class=\"wp-block-heading\"><strong>Lawaziya AiSensy<\/strong><\/h4>\n\n\n\n<ul class=\"wp-block-list\">\n<li>Z\u00eadekirin\u00ean sivik li ser xerc\u00ean Meta ti\u015ftek\u00ee gelemper\u00ee ne. Z\u00eadekirineke 5% li ser 100,000 peyam\u00ean mehane dikare di rastiy\u00ea de plan\u00ean &quot;erzan&quot; bi lez bihatir bike, zirar\u00ea bide p\u00ea\u015fb\u00een\u00eekirin \u00fb qezenc\u00ea.<\/li>\n<\/ul>\n\n\n\n<h3 class=\"wp-block-heading\"><strong>II. Hevkar\u00ee li hember Platform\u00ea: Stratejiya Reklam\u00ea \u00fb Bic\u00eehan\u00een<\/strong><\/h3>\n\n\n\n<p>AiSensy amrazek e. WABOOM \u015fir\u00eek\u00ea mezinb\u00fbn\u00ea ye.<\/p>\n\n\n\n<h4 class=\"wp-block-heading\"><strong>Awantaj\u00ea WABOOM<\/strong><\/h4>\n\n\n\n<ul class=\"wp-block-list\">\n<li><strong>R\u00eaveberiya Reklam\u00ea ya Xizmeta Tam:<\/strong> Em kar\u00fbbar\u00ean we s\u00eawir\u00eenin, dime\u015f\u00eenin \u00fb \u00e7\u00eatir dikin <strong>Kampanyay\u00ean Click-to-WhatsApp<\/strong> ti\u015ftek ku AiSensy p\u00ea\u015fk\u00ea\u015f nake. Ev yek ROI-ya her\u00ee z\u00eade misoger dike \u00fb texm\u00eenan ji hol\u00ea radike.<\/li>\n\n\n\n<li><strong>Entegrasyon\u00ean Reklam\u00ea y\u00ean K\u00fbrtir:<\/strong> P\u00ea\u015fket\u00ee ya me <strong>CAPI<\/strong> \u00fb herik\u00een\u00ean dabe\u015fkirin\u00ea \u00eespatkirina rast \u00fb r\u00eagirtina tavil\u00ea ber bi ajansa an herik\u00eena kar a rast garant\u00ee dikin.<\/li>\n<\/ul>\n\n\n\n<h4 class=\"wp-block-heading\"><strong>Lawaziya AiSensy<\/strong><\/h4>\n\n\n\n<ul class=\"wp-block-list\">\n<li>Her \u00e7end Click-to-WhatsApp hebe j\u00ee, \u00e7\u00eatirkirina stratej\u00eek ji bikarh\u00eaner re t\u00ea hi\u015ftin, \u00fb pir caran dibe sedema r\u00eajey\u00ean veguher\u00een\u00ea y\u00ean k\u00eamtir \u00fb l\u00ea\u00e7\u00fbn\u00ean reklam\u00ea y\u00ean berbat.<\/li>\n<\/ul>\n\n\n\n<h3 class=\"wp-block-heading\"><strong>III. Pi\u015ftgir\u00ee, P\u00eabawer\u00ee \u00fb Leza \u00c7areserkirin\u00ea<\/strong><\/h3>\n\n\n\n<p>Dema peyam\u00ean te k\u00eam dibin, kar j\u00ee radiweste. P\u00eadiv\u00eeya te bi pi\u015ftgiriyek\u00ea heye ku te li bend\u00ea neh\u00eale.<\/p>\n\n\n\n<h4 class=\"wp-block-heading\"><strong>Awantaj\u00ea WABOOM<\/strong><\/h4>\n\n\n\n<ul class=\"wp-block-list\">\n<li><strong>Pi\u015ftgiriya Proakt\u00eef, Pir-Kanal:<\/strong> Bi r\u00eaya telefon, Zoom, sohbet \u00fb e-name, <strong>Ger\u00eenendey\u00ea Hesab\u00ea y\u00ea Taybet<\/strong> ji bo piraniya plan\u00ean asta nav\u00een.<\/li>\n\n\n\n<li><strong>Aramiya Asta Parg\u00eedaniy\u00ea:<\/strong> Ji bo radestkirina bi hejmareke mezin hatiye \u00e7\u00eatirkirin, \u00fb pi\u015ftrast dike ku peyam\u00ean dan\u00fbstandin\u00ea y\u00ean gir\u00eeng b\u00eay\u00ee derengmay\u00een\u00ea digih\u00eejin xer\u00eedaran.<\/li>\n<\/ul>\n\n\n\n<h4 class=\"wp-block-heading\"><strong>Lawaziya AiSensy<\/strong><\/h4>\n\n\n\n<ul class=\"wp-block-list\">\n<li>Pi\u015ftgir\u00ee fonksiyonel e l\u00ea ji bo pirsgir\u00eak\u00ean tekn\u00eek\u00ee an lezg\u00een pir caran h\u00ead\u00ee ye, \u00fb di dema daxwaza her\u00ee z\u00eade de bi giran\u00ee xwe disp\u00eare e-namey\u00ean biha.<\/li>\n<\/ul>\n\n\n\n<h3 class=\"wp-block-heading\"><strong>IV. Otomasyona B\u00eas\u00eenor: Chatbot \u00fb Peredan<\/strong><\/h3>\n\n\n\n<p>Otomasyon\u00ean WhatsApp-\u00ea y\u00ean n\u00fbjen div\u00ea hewcey\u00ea kil\u00eetkirin\u00ean plana premium nebin.<\/p>\n\n\n\n<h4 class=\"wp-block-heading\"><strong>Awantaj\u00ea WABOOM<\/strong><\/h4>\n\n\n\n<ul class=\"wp-block-list\">\n<li><strong>N\u00eaz\u00eekkirina Peredan\u00ea:<\/strong> Herik\u00een\u00ean me y\u00ean Dravdan \u00fb Sipar\u00ee\u015fkirina WhatsApp\u00ea ezm\u00fbnek sohbet-ber-dravdan\u00ea ya b\u00eanavber diafir\u00eenin, \u00fb deyn\u00ean neferm\u00ee bi awayek\u00ee berbi\u00e7av k\u00eam dikin.<\/li>\n\n\n\n<li><strong>B\u00ea Kod, H\u00eaza Tam:<\/strong> Chatbota me ya ka\u015f-\u00fb-berdan\u00ea her bloka mentiq\u00ee, \u015fert, banga API-\u00ea, \u00fb otomasyon\u00ea p\u00ea\u015fk\u00ea\u015f\u00ee dike b\u00eay\u00ee ku hewcey\u00ea n\u00fbvekirin\u00ea hebe.<\/li>\n<\/ul>\n\n\n\n<h2 class=\"wp-block-heading\"><strong>Bi Baweriy\u00ea Bip\u00eevin, Ne Bi Mesref\u00ean Ve\u015fart\u00ee<\/strong><\/h2>\n\n\n\n<p>Heke h\u00fbn ten\u00ea hewcey\u00ea otomasyona xwe-xizmet\u00ea ya bingeh\u00een bin, AiSensy dibe ku hewcedariy\u00ean we bic\u00eeh b\u00eene.<\/p>\n\n\n\n<p>L\u00ea eger tu bi cid\u00ee li ser <strong>z\u00eadekirina dahat\u00ea, jihol\u00earakirina n\u00ee\u015fankirina buhay\u00ea, \u00fb bikaran\u00eena pi\u015ftgiriya stratej\u00eek a pisporan<\/strong> ji bo z\u00eadekirina ROI ya reklam\u00ea \u00fb performansa otomasyon\u00ea, <strong>WABOOM serket\u00eeya e\u015fkere ye<\/strong>.<\/p>\n\n\n\n<p><strong>Amade ne ku dev ji day\u00eena n\u00ee\u015fan\u00ean ve\u015fart\u00ee berdin \u00fb bi aqilane dest bi p\u00eevandin\u00ea bikin?<\/strong><\/p>\n\n\n\n<h3 class=\"wp-block-heading\"><strong>Hesab\u00ea xwe y\u00ea WABOOM-\u00ea y\u00ea BELA\u015e vekin<\/strong><\/h3>\n\n\n\n<p><em>Gih\u00ee\u015ftina tam bo Avaker\u00ea Chatbot\u00ea \u00fb T\u00eaketin\u00ean Ajans\u00ea y\u00ean B\u00eas\u00eenor.<\/em><\/p>","protected":false},"excerpt":{"rendered":"<p>Stop settling for basic automation and unreliable support. Dive into the definitive comparison and discover why WABOOM delivers superior conversion strategy, transparent pricing, and unmatched support that scales with you. Feature-by-Feature Comparison: WABOOM vs. AiSensy Feature WABOOM (Full-Service Growth Partner) AiSensy (Self-Service Platform) Meta Conversation Markup 0% Markup (True Pass-Through Cost) Often includes hidden markup&#8230;<\/p>","protected":false},"author":1,"featured_media":0,"parent":0,"menu_order":0,"comment_status":"closed","ping_status":"closed","template":"","meta":{"_bbp_topic_count":0,"_bbp_reply_count":0,"_bbp_total_topic_count":0,"_bbp_total_reply_count":0,"_bbp_voice_count":0,"_bbp_anonymous_reply_count":0,"_bbp_topic_count_hidden":0,"_bbp_reply_count_hidden":0,"_bbp_forum_subforum_count":0,"_monsterinsights_skip_tracking":false,"_monsterinsights_sitenote_active":false,"_monsterinsights_sitenote_note":"","_monsterinsights_sitenote_category":0,"footnotes":""},"class_list":["post-6335","page","type-page","status-publish","hentry"],"_links":{"self":[{"href":"https:\/\/waboom.net\/ckb\/wp-json\/wp\/v2\/pages\/6335","targetHints":{"allow":["GET"]}}],"collection":[{"href":"https:\/\/waboom.net\/ckb\/wp-json\/wp\/v2\/pages"}],"about":[{"href":"https:\/\/waboom.net\/ckb\/wp-json\/wp\/v2\/types\/page"}],"author":[{"embeddable":true,"href":"https:\/\/waboom.net\/ckb\/wp-json\/wp\/v2\/users\/1"}],"replies":[{"embeddable":true,"href":"https:\/\/waboom.net\/ckb\/wp-json\/wp\/v2\/comments?post=6335"}],"version-history":[{"count":0,"href":"https:\/\/waboom.net\/ckb\/wp-json\/wp\/v2\/pages\/6335\/revisions"}],"wp:attachment":[{"href":"https:\/\/waboom.net\/ckb\/wp-json\/wp\/v2\/media?parent=6335"}],"curies":[{"name":"wp","href":"https:\/\/api.w.org\/{rel}","templated":true}]}}