{"id":6354,"date":"2025-11-17T17:13:21","date_gmt":"2025-11-17T17:13:21","guid":{"rendered":"https:\/\/waboom.net\/?page_id=6354"},"modified":"2025-11-19T13:15:36","modified_gmt":"2025-11-19T13:15:36","slug":"waboom-vs-gallabox","status":"publish","type":"page","link":"https:\/\/waboom.net\/ckb\/waboom-vs-gallabox\/","title":{"rendered":"WABOOM li dij\u00ee GALLABOX"},"content":{"rendered":"<h1 class=\"wp-block-heading\">Dev ji xerckirina pereyan li ser platform\u00ean peyamn\u00eariy\u00ea berdin ku hem\u00fb kar ji we re dih\u00eale<\/h1>\n\n\n\n<p>Piraniya platform\u00ean WhatsApp\u00ea li ser panel\u00ean kaxiz\u00ee y\u00ean birqok, otomasyon \u00fb chatbotan pir xwe\u015f xuya dikin. L\u00ea gava ku dor t\u00ea ser mezinkirina karsaziya we, gelek ji wan hem\u00fb kar\u00ean giran ji we re dih\u00ealin: r\u00eavebirina l\u00ea\u00e7\u00fbnan, avakirina herik\u00eenan, \u00e7\u00eatirkirina kampanyayan, \u00fb \u00e7areserkirina pirsgir\u00eak\u00ean pi\u015ftgiriy\u00ea.<\/p>\n\n\n\n<p>Ev dem\u00ea xwe be <strong>bihay\u00ean p\u00ea\u015fb\u00een\u00eekir\u00ee, p\u00eakan\u00eena mezinb\u00fbna prat\u00eek\u00ee, \u00fb \u015fir\u00eekek rast\u00een di karsaziya we de<\/strong>, div\u00ea h\u00fbn ferqa di navbera w\u00ea de bib\u00eenin <strong>WABOOM<\/strong> \u00fb <strong>GALLABOX<\/strong>  hevkar\u00ea mezinb\u00fbna xizmeta tam li hember platformek xizmeta xwe. Li vir \u015firovekirin heye.<\/p>\n\n\n\n<h2 class=\"wp-block-heading\">WABOOM vs. GALLABOX: Berawirdkirina Taybetmend\u00ee-bi-Taybetmend\u00ee<\/h2>\n\n\n\n<figure class=\"wp-block-table\"><table class=\"has-fixed-layout\"><thead><tr><th>Taybet\u00ee<\/th><th><strong>WABOOM (Hevkar\u00ea Mezinb\u00fbna Xizmeta Tam)<\/strong><\/th><th><strong>GALLABOX (Platforma Xizmeta Xweser)<\/strong><\/th><\/tr><\/thead><tbody><tr><td><strong>Mesrefa Meta Axaftin \/ Peyam\u00ea<\/strong><\/td><td><strong>N\u00ee\u015fankirina 0%<\/strong>  Xerca platform\u00ea ya sab\u00eet + l\u00ea\u00e7\u00fbna Meta ya rast\u00een. Zelal.<\/td><td>Ji bo her peyamek\u00ea (\u015fablon + dani\u015f\u00een) bi xerca platform\u00ea li ser bidin.<\/td><\/tr><tr><td><strong>\u015eefafiyeta Bihayan<\/strong><\/td><td>Sade, p\u00ea\u015fb\u00een\u00eekir\u00ee, b\u00ea surpr\u00eez.<\/td><td>Plan\u00ean abonetiy\u00ea bi peyam\u00ean s\u00eenorkir\u00ee; karan\u00eena z\u00eade l\u00ea\u00e7\u00fbn z\u00eade dike.<\/td><\/tr><tr><td><strong>T\u00eaketin\u00ean Ajans \/ T\u00eem\u00ea<\/strong><\/td><td>T\u00eaketin\u00ean b\u00eas\u00eenor \u00ean ajan li ser piraniya planan.<\/td><td>Jimareke s\u00eenorkir\u00ee ya kursiy\u00ean ajantan di her plan\u00ea de heye; kursiy\u00ean z\u00eade l\u00ea\u00e7\u00fbn\u00ean z\u00eade hene.<\/td><\/tr><tr><td><strong>Stratejiya Reklam\u00ea \u00fb Bic\u00eehan\u00een\u00ea<\/strong><\/td><td>Xizmeta tam: WABOOM reklam\u00ean Click-to-WhatsApp dime\u015f\u00eene, kampanyayan \u00e7\u00eatir dike, \u00fb destn\u00ee\u015fankirin\u00ea bir\u00eave dibe.<\/td><td>Ji bo kampanyay\u00ean Click-to-WhatsApp am\u00fbran peyda dike, l\u00ea stratej\u00ee, sazkirin \u00fb \u00e7\u00eatirkirin ji h\u00eala bikarh\u00eaner ve t\u00eane bir\u00eavebirin.<\/td><\/tr><tr><td><strong>Reklam\u00ean Kl\u00eek-bo-Whatsapp\u00ea<\/strong><\/td><td>Dabe\u015fkirina p\u00ea\u015fket\u00ee + entegrasyona xwemal\u00ee ya CAPI + r\u00eageheke rast.<\/td><td>Pi\u015ftgir\u00eekir\u00ee ye, l\u00ea veqetandina k\u00fbr \u00fb r\u00eawerdana otomat\u00eek\u00ee sazkirina dest\u00ee hewce dike.<\/td><\/tr><tr><td><strong>Chatbot \/ Avaker\u00ea Otomasyon\u00ea<\/strong><\/td><td>Avaker\u00ea ka\u015f-\u00fb-berdan\u00ea y\u00ea bi tevah\u00ee vekir\u00ee b\u00eay\u00ee s\u00eenorkirin\u00ean taybetmendiy\u00ea.<\/td><td>Avaker\u00ea Chatbot\u00ea heye, otomasyona bingeh\u00een pi\u015ftgir\u00ee dike, l\u00ea herik\u00een\u00ean p\u00ea\u015fkeft\u00ee \u00fb taybetmendiy\u00ean AI-\u00ea dibe ku ji h\u00eala plan\u00ea ve werin dorp\u00ea\u00e7 kirin an j\u00ee s\u00eenordar kirin.<\/td><\/tr><tr><td><strong>Gih\u00ee\u015ftina API \/ Webhook<\/strong><\/td><td>Entegrasyona CRM \u00fb backend a b\u00eas\u00eenor, b\u00ea s\u00eenorkirin \u00fb h\u00easan.<\/td><td>Entegrasyon\u00ean API \u00fb webhook pi\u015ftgir\u00ee dike, l\u00ea dibe ku ji bo herik\u00een\u00ean kar \u00ean tevlihev pisporiya tekn\u00eek\u00ee hewce bike.<\/td><\/tr><tr><td><strong>Modela Pi\u015ftgiriy\u00ea<\/strong><\/td><td>Ger\u00eenendey\u00ea Hesab\u00ea y\u00ea Taybet + pi\u015ftgiriya pir-kanal a proakt\u00eef (Zoom, telefon, sohbet).<\/td><td>Pi\u015ftgiriya sohbet\/e-namey\u00ea ya standard; dem\u00ean bersivday\u00een\u00ea diguherin \u00fb r\u00eaveberiya hesab\u00ea ya proakt\u00eef bi s\u00eenor e.<\/td><\/tr><tr><td><strong>Peyam\u00ean We\u015fan\u00ea \/ Deng\u00ea Bilind<\/strong><\/td><td>Leza, p\u00eabawer\u00ee \u00fb radestkirina asta parg\u00eedaniy\u00ea.<\/td><td>Pi\u015ftgiriya peyamn\u00eariya bi qebareya bilind dike, l\u00ea performans \u00fb leza dibe ku li gor\u00ee s\u00eenorkirin\u00ean plan \u00fb r\u00eaz\u00ea c\u00fbda bibin.<\/td><\/tr><\/tbody><\/table><\/figure>\n\n\n\n<h2 class=\"wp-block-heading\">C\u00fbdahiy\u00ean Rast\u00een \u00ean Gir\u00eeng<\/h2>\n\n\n\n<h3 class=\"wp-block-heading\">1. \u015eefafiya Mesrefan &amp; ROI<\/h3>\n\n\n\n<ul class=\"wp-block-list\">\n<li><strong>Awantaj\u00ea WABOOM<\/strong><br>Sifir markup = l\u00ea\u00e7\u00fbn\u00ean p\u00ea\u015fb\u00een\u00eekir\u00ee. Her ku h\u00fbn hejmara peyam\u00ean xwe z\u00eade dikin, h\u00fbn tam dizanin ku h\u00fbn \u00ea \u00e7i bidin, b\u00ea xerc\u00ean ve\u015fart\u00ee, b\u00ea krediy\u00ean ji bo \u015farjkirin\u00ea.<\/li>\n\n\n\n<li><strong>Bazirganiya GALLABOX<\/strong><br>Bihay\u00ea li gor\u00ee plana we \u00fb karan\u00eena peyam\u00ean z\u00eade diguhere. L\u00ea\u00e7\u00fbn dikarin bibin nep\u00ea\u015fb\u00een\u00eekir\u00ee dema ku karsaziya we mezin dibe.<\/li>\n<\/ul>\n\n\n\n<h3 class=\"wp-block-heading\">2. Platform li hember Hevkar\u00ea Mezinb\u00fbn\u00ea<\/h3>\n\n\n\n<ul class=\"wp-block-list\">\n<li><strong>Awantaj\u00ea WABOOM<\/strong><br>Em ne ten\u00ea am\u00fbran peyda dikin, em kampanyayan dime\u015f\u00eenin, herik\u00eenan \u00e7\u00eatir dikin \u00fb h\u00fbnel\u00ean veguher\u00een\u00ea bir\u00eave dibin. H\u00fbn li ser mezinb\u00fbn\u00ea disekinin; em p\u00eakan\u00een\u00ea bir\u00eave dibin.<\/li>\n\n\n\n<li><strong>Bazirganiya GALLABOX<\/strong><br>Ew bi giran\u00ee platformek e. Div\u00ea h\u00fbn stratej\u00ee, \u00e7\u00eatirkirina reklam\u00ea \u00fb r\u00eaveberiya kampanyay\u00ea bi xwe bir\u00eave bibin.<\/li>\n<\/ul>\n\n\n\n<h3 class=\"wp-block-heading\">3. Pi\u015ftgiriya ku h\u00fbn dikarin p\u00ea bawer bin<\/h3>\n\n\n\n<ul class=\"wp-block-list\">\n<li><strong>Awantaj\u00ea WABOOM<\/strong><br>Ger\u00eenendey\u00ea Hesab\u00ea y\u00ea Taybet + \u00e7avd\u00eariya proakt\u00eef misoger dike ku her pirsgir\u00eak z\u00fb \u00e7areser dibe. Pi\u015ftgiriya pir-kanal Zoom, telefon \u00fb sohbet\u00ea dihew\u00eene.<\/li>\n\n\n\n<li><strong>Bazirganiya GALLABOX<\/strong><br>Pi\u015ftgir\u00ee bi r\u00eaya sohbet\/e-nameya standard e; plan\u00ean asta bilindtir dikarin xizmetek \u00e7\u00eatir bist\u00eenin, l\u00ea \u00e7areserkirina pirsgir\u00eak\u00ean rojane bi piran\u00ee xwe-xizmet\u00ea ye.<\/li>\n<\/ul>\n\n\n\n<h2 class=\"wp-block-heading\">WABOOM vs. GALLABOX: Pros &amp; Cons<\/h2>\n\n\n\n<figure class=\"wp-block-table\"><table class=\"has-fixed-layout\"><thead><tr><th>Liq<\/th><th><strong>WABOOM (Hevkar\u00ea Mezinb\u00fbn\u00ea)<\/strong><\/th><th><strong>GALLABOX (Platform)<\/strong><\/th><\/tr><\/thead><tbody><tr><td><strong>Er\u00ean\u00ee<\/strong><\/td><td>Sifir n\u00ee\u015fana l\u00ea\u00e7\u00fbn\u00ean Meta.<br>Karan\u00eena reklam\u00ea ya kar\u00fbbar\u00ea tam.<br>Ajan\u00ean b\u00eas\u00eenor.<br>Pi\u015ftgiriya bi lez \u00fb bez.<br>Modelek l\u00ea\u00e7\u00fbn\u00ea ya p\u00ea\u015fb\u00een\u00eekir\u00ee \u00fb p\u00eevanbar.<\/td><td>Plan\u00ean t\u00eaketin\u00ea y\u00ean erzan.<br>Otomasyona bingeh\u00een a chatbot\u00ea.<br>Pi\u015ftgiriya API-\u00ea ji bo entegrasyonan.<br>Pi\u015ftgiriya peyam\u00ean bi dengek bilind dike.<\/td><\/tr><tr><td><strong>Ner\u00ean\u00ee \/ Dan\u00fbstandin<\/strong><\/td><td>Xerc\u00ea platform\u00ea y\u00ea sab\u00eet hewce ye.<br>Baweriya bi hevkar\u00ea\/a gir\u00eeng e.<\/td><td>Mesref\u00ean z\u00eade ji bo ajan \u00fb peyaman.<br>Sazkirina tekn\u00eek\u00ee ya b\u00eatir hewce dike.<br>Pi\u015ftgiriya proakt\u00eef a bi s\u00eenor.<br>Bikarh\u00eaner\u00ea berpirsiyar\u00ea ba\u015ftirkirina kampanyay\u00ea.<\/td><\/tr><\/tbody><\/table><\/figure>\n\n\n\n<h2 class=\"wp-block-heading\"> Pirs\u00ean Pir t\u00ean Pirs\u00een<\/h2>\n\n\n\n<p><strong>P: Ma WABOOM bi rast\u00ee n\u00ee\u015fankirina 0% heye?<\/strong><br><strong>YEK:<\/strong> Bel\u00ea \u2014 h\u00fbn l\u00ea\u00e7\u00fbna rast a Meta \u00fb xerc\u00ea platform\u00ea y\u00ea sab\u00eet didin. Tu surpr\u00eez tune.<\/p>\n\n\n\n<p><strong>P: GALLABOX dikare kampanyay\u00ean Click-to-WhatsApp bime\u015f\u00eene?<\/strong><br><strong>YEK:<\/strong> Bel\u00ea, l\u00ea h\u00fbn p\u00eakan\u00een, \u00e7\u00eatirkirin \u00fb rapor\u00ea bi xwe bir\u00eave dibin.<\/p>\n\n\n\n<p><strong>Q: K\u00ee ji bo mezinkirina peyam\u00ean bi qebareya bilind \u00e7\u00eatir e?<\/strong><br><strong>YEK:<\/strong> Her du j\u00ee dikarin ji h\u00eala tekn\u00eek\u00ee ve bi qebareya bilind bir\u00eave bibin, l\u00ea WABOOM ji destp\u00eak\u00ea ve ji bo leza, r\u00eawerz \u00fb p\u00eabaweriy\u00ea \u00e7\u00eatir e.<\/p>\n\n\n\n<p><strong>P: Gelo GALLABOX ajan\u00ean b\u00eas\u00eenor p\u00ea\u015fk\u00ea\u015f dike?<\/strong><br><strong>YEK:<\/strong> Li gor\u00ee plan\u00ea, kursiy\u00ean ajan bi s\u00eenor n\u00eenin, \u00fb kursiy\u00ean z\u00eade l\u00ea\u00e7\u00fbnek z\u00eade heye.<\/p>\n\n\n\n<h1 class=\"wp-block-heading\">K\u00ee Serdikeve?<\/h1>\n\n\n\n<ul class=\"wp-block-list\">\n<li>Helbijartin <strong>WABOOM<\/strong> ev dem\u00ea xwe be:<br>\u2714 Mesref\u00ean p\u00ea\u015fb\u00een\u00eekir\u00ee bi <strong>N\u00ee\u015fankirina 0%<\/strong><br>\u2714 R\u00eavebiriya reklam \u00fb kampanyaya WhatsApp-\u00ea ya kar\u00fbbar\u00ea tevah\u00ee<br>\u2714 Ajans \u00fb otomasyona b\u00eas\u00eenor<br>\u2714 Pi\u015ftgiriya prat\u00eek\u00ee \u00fb proakt\u00eef<\/li>\n\n\n\n<li>Helbijartin <strong>GALLABOX<\/strong> h\u00fbn \u00fb ez:<br>\u2714 Platformek t\u00eaketin\u00ea ya erzantir dixwazin<br>\u2714 \u00c7avkaniy\u00ean navxwey\u00ee hebin da ku stratej\u00ee \u00fb otomasyon\u00ea bir\u00eave bibin<br>\u2714 Dikare kursiy\u00ean ajan, krediy\u00ean peyaman \u00fb \u00e7\u00eatirkirina kampanyay\u00ea bir\u00eave bibe<\/li>\n<\/ul>\n\n\n\n<p>Bo <strong>karsaziy\u00ean ku dixwazin b\u00eay\u00ee surpr\u00eez mezin bibin<\/strong>, <strong>WABOOM serket\u00eeya e\u015fkere ye<\/strong>. Ne ten\u00ea li ser am\u00fbran e, li ser w\u00ea ye <strong>encam, p\u00ea\u015fb\u00een\u00eekirin, \u00fb p\u00eakan\u00eena mezinb\u00fbn\u00ea<\/strong>.<\/p>\n\n\n\n<p><\/p>","protected":false},"excerpt":{"rendered":"<p>Stop Wasting Money on Messaging Platforms That Leave You Doing All the Work Most WhatsApp platforms look great on paper shiny dashboards, automation, and chatbots. But when it comes to scaling your business, many leave you doing all the heavy lifting: managing costs, building flows, optimizing campaigns, and troubleshooting support issues. If you want predictable&#8230;<\/p>","protected":false},"author":1,"featured_media":0,"parent":0,"menu_order":0,"comment_status":"closed","ping_status":"closed","template":"","meta":{"_bbp_topic_count":0,"_bbp_reply_count":0,"_bbp_total_topic_count":0,"_bbp_total_reply_count":0,"_bbp_voice_count":0,"_bbp_anonymous_reply_count":0,"_bbp_topic_count_hidden":0,"_bbp_reply_count_hidden":0,"_bbp_forum_subforum_count":0,"_monsterinsights_skip_tracking":false,"_monsterinsights_sitenote_active":false,"_monsterinsights_sitenote_note":"","_monsterinsights_sitenote_category":0,"footnotes":""},"class_list":["post-6354","page","type-page","status-publish","hentry"],"_links":{"self":[{"href":"https:\/\/waboom.net\/ckb\/wp-json\/wp\/v2\/pages\/6354","targetHints":{"allow":["GET"]}}],"collection":[{"href":"https:\/\/waboom.net\/ckb\/wp-json\/wp\/v2\/pages"}],"about":[{"href":"https:\/\/waboom.net\/ckb\/wp-json\/wp\/v2\/types\/page"}],"author":[{"embeddable":true,"href":"https:\/\/waboom.net\/ckb\/wp-json\/wp\/v2\/users\/1"}],"replies":[{"embeddable":true,"href":"https:\/\/waboom.net\/ckb\/wp-json\/wp\/v2\/comments?post=6354"}],"version-history":[{"count":0,"href":"https:\/\/waboom.net\/ckb\/wp-json\/wp\/v2\/pages\/6354\/revisions"}],"wp:attachment":[{"href":"https:\/\/waboom.net\/ckb\/wp-json\/wp\/v2\/media?parent=6354"}],"curies":[{"name":"wp","href":"https:\/\/api.w.org\/{rel}","templated":true}]}}