{"id":6304,"date":"2025-11-16T19:38:18","date_gmt":"2025-11-16T19:38:18","guid":{"rendered":"https:\/\/waboom.net\/?page_id=6304"},"modified":"2025-11-19T13:23:06","modified_gmt":"2025-11-19T13:23:06","slug":"frequently-asked-question","status":"publish","type":"page","link":"https:\/\/waboom.net\/da\/frequently-asked-question\/","title":{"rendered":"Frequently Asked Question"},"content":{"rendered":"<div data-elementor-type=\"wp-page\" data-elementor-id=\"6304\" class=\"elementor elementor-6304\">\n\t\t\t\t<div class=\"elementor-element elementor-element-4b701d2 e-flex e-con-boxed e-con e-parent\" data-id=\"4b701d2\" data-element_type=\"container\" data-e-type=\"container\">\n\t\t\t\t\t<div class=\"e-con-inner\">\n\t\t\t\t<div class=\"elementor-element elementor-element-104c09c elementor-widget elementor-widget-heading\" data-id=\"104c09c\" data-element_type=\"widget\" data-e-type=\"widget\" data-widget_type=\"heading.default\">\n\t\t\t\t\t<h2 class=\"elementor-heading-title elementor-size-default\">Ofte stillede sp\u00f8rgsm\u00e5l<\/h2>\t\t\t\t<\/div>\n\t\t\t\t\t<\/div>\n\t\t\t\t<\/div>\n\t\t<div class=\"elementor-element elementor-element-3238c81 e-flex e-con-boxed e-con e-parent\" data-id=\"3238c81\" data-element_type=\"container\" data-e-type=\"container\">\n\t\t\t\t\t<div class=\"e-con-inner\">\n\t\t\t\t<div class=\"elementor-element elementor-element-d85c86f elementor-widget elementor-widget-elementskit-faq\" data-id=\"d85c86f\" data-element_type=\"widget\" data-e-type=\"widget\" data-widget_type=\"elementskit-faq.default\">\n\t\t\t\t\t<div class=\"ekit-wid-con\" >\n                <div class=\"elementskit-single-faq elementor-repeater-item-aae44e8\">\n            <div class=\"elementskit-faq-header\">\n                <h2 class=\"elementskit-faq-title\">Q1: Leverer I kun softwaren, eller kan I hj\u00e6lpe os med vores markedsf\u00f8ringsstrategi?<\/h2>\n            <\/div>\n            <div class=\"elementskit-faq-body\">\n                Vi tilbyder begge dele. WABOOM er ikke bare en softwareplatform; vi er en strategisk partner. Vi tilbyder specialiserede tjenester til WhatsApp-succes: Strategiudvikling: Vi hj\u00e6lper med at designe din komplette WhatsApp-engagementstragt, fra leadgenerering til konvertering. Eksekveringsplanl\u00e6gning: Vi r\u00e5dgiver om den bedste brug af chatbots, drypkampagner og bulk-broadcasts til din specifikke branche.            <\/div>\n        <\/div>\n                <div class=\"elementskit-single-faq elementor-repeater-item-ca72e17\">\n            <div class=\"elementskit-faq-header\">\n                <h2 class=\"elementskit-faq-title\">Q2: Kan WABOOM ops\u00e6tte og k\u00f8re vores Click-to-WhatsApp-annoncer for os?<\/h2>\n            <\/div>\n            <div class=\"elementskit-faq-body\">\n                Ja. Vi tilbyder valgfrie, dedikerede annoncetjenester. Vores eksperter kan h\u00e5ndtere hele livscyklussen for dine Click-to-WhatsApp-annoncekampagner p\u00e5 dine vegne, herunder: Kreativ strategi og annoncetekst. M\u00e5lretning og optimering i Meta Ads Manager. Automatiseret routing og \u00f8jeblikkelig leadkvalificering p\u00e5 WABOOM.            <\/div>\n        <\/div>\n                <div class=\"elementskit-single-faq elementor-repeater-item-102b84e\">\n            <div class=\"elementskit-faq-header\">\n                <h2 class=\"elementskit-faq-title\">Q3: Tilbyder I gratis konsultation om min WhatsApp-strategi, f\u00f8r jeg tilmelder mig?<\/h2>\n            <\/div>\n            <div class=\"elementskit-faq-body\">\n                Absolut. Vi tilbyder en gratis konsultation med en af vores WhatsApp-strateger. Denne uforpligtende session er designet til at analysere din nuv\u00e6rende salgstragt og udarbejde en skr\u00e6ddersyet eksekveringsplan ved hj\u00e6lp af WABOOM-platformen.            <\/div>\n        <\/div>\n                <div class=\"elementskit-single-faq elementor-repeater-item-572dcf2\">\n            <div class=\"elementskit-faq-header\">\n                <h2 class=\"elementskit-faq-title\">Q4: Hvor meget koster WABOOM, og er der nogen skjulte gebyrer?<\/h2>\n            <\/div>\n            <div class=\"elementskit-faq-body\">\n                WABOOMs samlede pris er transparent og har to komponenter: Platformabonnement: Et fast m\u00e5nedligt eller \u00e5rligt gebyr for adgang til WABOOM CRM, Chatbot Builder, Live Chat Panel og alle automatiseringsv\u00e6rkt\u00f8jer. WhatsApp-samtalegebyrer: Disse er gebyrer fra Meta (WhatsApp) for hver 24-timers samtaletr\u00e5d, der startes af din virksomhed eller af en kunde. WABOOM tilf\u00f8jer ikke et till\u00e6g til disse Meta-samtalegebyrer.            <\/div>\n        <\/div>\n                <div class=\"elementskit-single-faq elementor-repeater-item-0be5efd\">\n            <div class=\"elementskit-faq-header\">\n                <h2 class=\"elementskit-faq-title\">Q5: Hvad er gebyrerne, hvis min betaling mislykkes, og jeg er n\u00f8dt til at pr\u00f8ve at sende en besked igen?<\/h2>\n            <\/div>\n            <div class=\"elementskit-faq-body\">\n                Beskedlevering er baseret p\u00e5 Metas infrastruktur. Hvis en besked mislykkes, inkluderer WABOOM en funktion til mislykkede fors\u00f8g, der fors\u00f8ger at sende beskeden igen op til 3 gange, hvilket sikrer en h\u00f8j leveringssucces. Du bliver kun opkr\u00e6vet for beskeder, der leveres inden for et Meta-defineret vindue.            <\/div>\n        <\/div>\n                <div class=\"elementskit-single-faq elementor-repeater-item-064998e\">\n            <div class=\"elementskit-faq-header\">\n                <h2 class=\"elementskit-faq-title\">Jeg er en bruger med stor volumen. Kan jeg f\u00e5 en tilpasset prisplan?<\/h2>\n            <\/div>\n            <div class=\"elementskit-faq-body\">\n                Ja. For virksomheder med us\u00e6dvanligt store m\u00e6ngder beskeder eller et stort antal agenter tilbyder vi skr\u00e6ddersyede Enterprise-abonnementer, der er skr\u00e6ddersyet til din specifikke skala, hvilket giver bedre omkostningseffektivitet p\u00e5 dit platformabonnement.            <\/div>\n        <\/div>\n                <div class=\"elementskit-single-faq elementor-repeater-item-b6d77c1\">\n            <div class=\"elementskit-faq-header\">\n                <h2 class=\"elementskit-faq-title\">Hvor hurtigt kan jeg f\u00e5 mit WhatsApp-nummer live og begynde at sende beskeder?<\/h2>\n            <\/div>\n            <div class=\"elementskit-faq-body\">\n                Du kan f\u00e5 adgang til WABOOM-platformen og begynde at opbygge dine chatbot-flows \u00f8jeblikkeligt efter tilmelding. Selve processen med at f\u00e5 dit nummer fuldt forbundet til den officielle Cloud API (som involverer Facebook Business Verification) tager typisk 3-5 hverdage.            <\/div>\n        <\/div>\n                <div class=\"elementskit-single-faq elementor-repeater-item-98d1cf5\">\n            <div class=\"elementskit-faq-header\">\n                <h2 class=\"elementskit-faq-title\">Q8: Kan jeg bruge mit eksisterende WhatsApp-nummer med WABOOM, og hvad sker der med min chathistorik?<\/h2>\n            <\/div>\n            <div class=\"elementskit-faq-body\">\n                Ja, du kan migrere (portere) dit eksisterende WhatsApp Business App-nummer. Under migreringen overf\u00f8res din tidligere chathistorik ikke automatisk til den nye API-platform p\u00e5 grund af WhatsApps privatlivspolitikker. Alle fremtidige chats gemmes dog permanent i WABOOM CRM.            <\/div>\n        <\/div>\n                <div class=\"elementskit-single-faq elementor-repeater-item-f60365d\">\n            <div class=\"elementskit-faq-header\">\n                <h2 class=\"elementskit-faq-title\">Hvordan \u00e6ndrer jeg mit billede fra administratordashboardet?<\/h2>\n            <\/div>\n            <div class=\"elementskit-faq-body\">\n                Langt langt v\u00e6k, bag ordet bjerge, langt fra landene Vokalia og Consonantia, bor de blinde tekster. Adskilt bor de i Bookmarksgrove lige ved kysten.            <\/div>\n        <\/div>\n                <div class=\"elementskit-single-faq elementor-repeater-item-b1445ce\">\n            <div class=\"elementskit-faq-header\">\n                <h2 class=\"elementskit-faq-title\">Q9: Hvordan f\u00e5r jeg det verificerede gr\u00f8nne flueben, og hvordan hj\u00e6lper WABOOM mig?<\/h2>\n            <\/div>\n            <div class=\"elementskit-faq-body\">\n                Det Gr\u00f8nne Kryds (Officiel Virksomhedskonto) tildeles af Meta baseret p\u00e5 forretningsm\u00e6ssig fremtr\u00e6dende plads. WABOOM sikrer, at du er p\u00e5 den officielle Cloud API \u2013 en ufravigelig teknisk foruds\u00e6tning \u2013 og r\u00e5dgiver dig om at maksimere din berettigelse til en vellykket ans\u00f8gning.            <\/div>\n        <\/div>\n                <div class=\"elementskit-single-faq elementor-repeater-item-1bfc044\">\n            <div class=\"elementskit-faq-header\">\n                <h2 class=\"elementskit-faq-title\">Q10: Kan jeg bruge WABOOM p\u00e5 min mobilenhed, eller er det kun et pc-program?<\/h2>\n            <\/div>\n            <div class=\"elementskit-faq-body\">\n                WABOOM er en webbaseret applikation, der er tilg\u00e6ngelig i enhver pc-browser. Selvom vi ikke har en separat &quot;browserapplikation p\u00e5 mobilen&quot; til download, er platformen designet til at v\u00e6re mobilvenlig for essentiel administration og overv\u00e5gning p\u00e5 farten.            <\/div>\n        <\/div>\n                <div class=\"elementskit-single-faq elementor-repeater-item-49ad8ee\">\n            <div class=\"elementskit-faq-header\">\n                <h2 class=\"elementskit-faq-title\">Q11: Hvordan h\u00e5ndterer jeg betalinger? Kan kunder betale direkte i chatten?<\/h2>\n            <\/div>\n            <div class=\"elementskit-faq-body\">\n                Ja. WABOOM muligg\u00f8r betalinger p\u00e5 WhatsApp ved at give dig mulighed for at sende sikre betalingslinks eller bruge WhatsApps indbyggede betalingsfunktioner (hvor tilg\u00e6ngelige). Det betyder, at kunderne kan gennemse dit katalog og gennemf\u00f8re deres betaling uden at forlade chatgr\u00e6nsefladen.            <\/div>\n        <\/div>\n                <div class=\"elementskit-single-faq elementor-repeater-item-87f33e3\">\n            <div class=\"elementskit-faq-header\">\n                <h2 class=\"elementskit-faq-title\">Q12: Hvordan overf\u00f8rer jeg en chat sikkert, inklusive historikken, fra \u00e9n agent til en anden?<\/h2>\n            <\/div>\n            <div class=\"elementskit-faq-body\">\n                I Live Chat-panelet overf\u00f8res chats \u00f8jeblikkeligt med et enkelt klik. N\u00e5r agent B accepterer den overf\u00f8rte chat, har de fuld adgang til hele chathistorikken og kundeprofilen (attributter, segmenteringstags) leveret af WhatsApp CRM.            <\/div>\n        <\/div>\n                <div class=\"elementskit-single-faq elementor-repeater-item-9afca5d\">\n            <div class=\"elementskit-faq-header\">\n                <h2 class=\"elementskit-faq-title\">Q13: Hvordan segmenteres kundedata til m\u00e5lrettede kampagner?<\/h2>\n            <\/div>\n            <div class=\"elementskit-faq-body\">\n                Kundedata gemmes ved hj\u00e6lp af attributter i WABOOM CRM. Disse attributter kan indstilles manuelt af agenter eller automatisk af chatbotten (f.eks. product_interest: coffee, lead_score: high). Du kan derefter bruge disse attributter til at filtrere og segmentere din liste for meget m\u00e5lrettede WhatsApp Bulk Broadcasts eller Drip Campaigns.            <\/div>\n        <\/div>\n                <div class=\"elementskit-single-faq elementor-repeater-item-8fea547\">\n            <div class=\"elementskit-faq-header\">\n                <h2 class=\"elementskit-faq-title\">Q14: Hvordan sletter jeg kontakter eller agenter fra min WABOOM-konto?<\/h2>\n            <\/div>\n            <div class=\"elementskit-faq-body\">\n                B\u00e5de kontakt- og agentadministration h\u00e5ndteres sikkert i WABOOM-dashboardet. Du kan nemt slette individuelle kontakter eller fjerne agentadgang via de dedikerede sider med agentregler og kontaktindstillinger.            <\/div>\n        <\/div>\n                \n    <\/div>\t\t\t\t<\/div>\n\t\t\t\t\t<\/div>\n\t\t\t\t<\/div>\n\t\t\t\t<\/div>","protected":false},"excerpt":{"rendered":"<p>Frequently Asked Questions Q1: Do you only provide the software, or can you help us with our marketing strategy? We provide both. WABOOM is not just a software platform; we are a strategic partner. We offer specialized services for WhatsApp success: Strategy Development: We help design your complete WhatsApp engagement funnel, from lead capture to&#8230;<\/p>","protected":false},"author":1,"featured_media":0,"parent":0,"menu_order":0,"comment_status":"closed","ping_status":"closed","template":"","meta":{"_bbp_topic_count":0,"_bbp_reply_count":0,"_bbp_total_topic_count":0,"_bbp_total_reply_count":0,"_bbp_voice_count":0,"_bbp_anonymous_reply_count":0,"_bbp_topic_count_hidden":0,"_bbp_reply_count_hidden":0,"_bbp_forum_subforum_count":0,"_monsterinsights_skip_tracking":false,"_monsterinsights_sitenote_active":false,"_monsterinsights_sitenote_note":"","_monsterinsights_sitenote_category":0,"footnotes":""},"class_list":["post-6304","page","type-page","status-publish","hentry"],"_links":{"self":[{"href":"https:\/\/waboom.net\/da\/wp-json\/wp\/v2\/pages\/6304","targetHints":{"allow":["GET"]}}],"collection":[{"href":"https:\/\/waboom.net\/da\/wp-json\/wp\/v2\/pages"}],"about":[{"href":"https:\/\/waboom.net\/da\/wp-json\/wp\/v2\/types\/page"}],"author":[{"embeddable":true,"href":"https:\/\/waboom.net\/da\/wp-json\/wp\/v2\/users\/1"}],"replies":[{"embeddable":true,"href":"https:\/\/waboom.net\/da\/wp-json\/wp\/v2\/comments?post=6304"}],"version-history":[{"count":0,"href":"https:\/\/waboom.net\/da\/wp-json\/wp\/v2\/pages\/6304\/revisions"}],"wp:attachment":[{"href":"https:\/\/waboom.net\/da\/wp-json\/wp\/v2\/media?parent=6304"}],"curies":[{"name":"wp","href":"https:\/\/api.w.org\/{rel}","templated":true}]}}