{"id":6335,"date":"2025-11-16T21:11:26","date_gmt":"2025-11-16T21:11:26","guid":{"rendered":"https:\/\/waboom.net\/?page_id=6335"},"modified":"2025-11-19T13:18:31","modified_gmt":"2025-11-19T13:18:31","slug":"waboom-vs-aisensy","status":"publish","type":"page","link":"https:\/\/waboom.net\/da\/waboom-vs-aisensy\/","title":{"rendered":"WABOOM vs. AiSensy"},"content":{"rendered":"<p>Stop med at n\u00f8jes med grundl\u00e6ggende automatisering og up\u00e5lidelig support. Dyk ned i den definitive sammenligning, og opdag, hvorfor WABOOM leverer en overlegen konverteringsstrategi, gennemsigtige priser og uovertruffen support, der skalerer med dig.<\/p>\n\n\n\n<h2 class=\"wp-block-heading\"><strong>Funktion-for-funktion-sammenligning: WABOOM vs. AiSensy<\/strong><\/h2>\n\n\n\n<figure class=\"wp-block-table\"><table class=\"has-fixed-layout\"><thead><tr><th>Funktion<\/th><th><strong>WABOOM (fuldservice v\u00e6kstpartner)<\/strong><\/th><th><strong>AiSensy (selvbetjeningsplatform)<\/strong><\/th><\/tr><\/thead><tbody><tr><td><strong>Meta-konversationsmarkering<\/strong><\/td><td><strong>0% Avance (sand gennemstr\u00f8mningsomkostning)<\/strong><\/td><td>Inkluderer ofte skjult avance i faktureringen<\/td><\/tr><tr><td><strong>Prisgennemsigtighed<\/strong><\/td><td>Simpelt, fast platformgebyr + <strong>faktiske Meta-omkostninger<\/strong><\/td><td>Trindelt\/kompleks prisfasts\u00e6ttelse; funktionsgating er almindelig<\/td><\/tr><tr><td><strong>Agentlogin<\/strong><\/td><td><strong>Ubegr\u00e6nsede agentlogin (alle planer)<\/strong><\/td><td>Ubegr\u00e6nset (Standard)<\/td><\/tr><tr><td><strong>Annoncestrategi og -eksekvering<\/strong><\/td><td><strong>Dedikeret fuldservice annonceadministration tilg\u00e6ngelig<\/strong><\/td><td>Kun selvbetjening; kr\u00e6ver brugerekspertise<\/td><\/tr><tr><td><strong>Klik-for-at-WhatsApp-annoncer<\/strong><\/td><td><strong>Avanceret segmentering + CAPI-native integration<\/strong><\/td><td>Ja, men mangler dybere automatiserings- og attributionsv\u00e6rkt\u00f8jer<\/td><\/tr><tr><td><strong>Chatbot-bygger<\/strong><\/td><td><strong>Fuldt ul\u00e5st tr\u00e6k-og-slip-builder (alle niveauer)<\/strong><\/td><td>AI\/GPT og avancerede flows ofte lukket bag premium-abonnementer<\/td><\/tr><tr><td><strong>API\/Webhook-adgang<\/strong><\/td><td><strong>Ubegr\u00e6nset, gratis, ubegr\u00e6nset (alle niveauer)<\/strong><\/td><td>Begr\u00e6nset eller begr\u00e6nset i startplaner<\/td><\/tr><tr><td><strong>St\u00f8ttemodel<\/strong><\/td><td><strong>Dedikeret Account Manager + Opkalds-, Zoom- og Chatsupport<\/strong><\/td><td>Standard e-mail\/chat; langsommere eskalering rapporteret<\/td><\/tr><tr><td><strong>WhatsApp-betalinger<\/strong><\/td><td><strong>Aktivering med et enkelt klik og problemfri betaling i chatten<\/strong><\/td><td>Tilg\u00e6ngelig, men implementeringen kan v\u00e6re klodset<\/td><\/tr><tr><td><strong>Leveringshastighed for udsendelser<\/strong><\/td><td><strong>Optimeret til levering af store m\u00e6ngder virksomheder<\/strong><\/td><td>Ydeevnen varierer afh\u00e6ngigt af plan og Meta-k\u00f8<\/td><\/tr><\/tbody><\/table><\/figure>\n\n\n\n<h2 class=\"wp-block-heading\"><strong>Detaljeret analyse: Hvorfor WABOOM er den definitive opgradering<\/strong><\/h2>\n\n\n\n<h3 class=\"wp-block-heading\"><strong>I. De sande omkostninger ved skalering: Avancer og skjulte gebyrer<\/strong><\/h3>\n\n\n\n<p>AiSensy virker ofte overkommelig i starten, men det er de reelle omkostninger, som samtalen opkr\u00e6ver, der viser de st\u00f8rste forskelle.<\/p>\n\n\n\n<h4 class=\"wp-block-heading\"><strong>WABOOM Fordel<\/strong><\/h4>\n\n\n\n<ul class=\"wp-block-list\">\n<li><strong>0% Avancegaranti:<\/strong> Vi passerer <strong>Gebyrer for meta-samtaler<\/strong> til dig til den pr\u00e6cise pris. Ingen udfyldning, ingen overraskelser. Dit investeringsafkast skaleres i takt med at din volumen vokser.<\/li>\n\n\n\n<li><strong>Alle kernefunktioner l\u00e5st op:<\/strong> Fuld chatbot-builder, ubegr\u00e6nsede API&#039;er og ubegr\u00e6nsede agentpladser p\u00e5 tv\u00e6rs af alle undtagen introduktionsplaner, ingen &quot;funktionsskat&quot; p\u00e5 v\u00e6kst.<\/li>\n<\/ul>\n\n\n\n<h4 class=\"wp-block-heading\"><strong>AiSensy-svaghed<\/strong><\/h4>\n\n\n\n<ul class=\"wp-block-list\">\n<li>Subtile till\u00e6g p\u00e5 Meta-gebyrer er almindelige. En till\u00e6g p\u00e5 5% p\u00e5 100.000 m\u00e5nedlige beskeder kan hurtigt g\u00f8re &quot;billigere&quot; abonnementer dyrere i virkeligheden, hvilket skader forudsigelighed og rentabilitet.<\/li>\n<\/ul>\n\n\n\n<h3 class=\"wp-block-heading\"><strong>II. Partnerskab vs. platform: Annoncestrategi og -eksekvering<\/strong><\/h3>\n\n\n\n<p>AiSensy er et v\u00e6rkt\u00f8j. WABOOM er en v\u00e6kstpartner.<\/p>\n\n\n\n<h4 class=\"wp-block-heading\"><strong>WABOOM Fordel<\/strong><\/h4>\n\n\n\n<ul class=\"wp-block-list\">\n<li><strong>Fuldservice annonceh\u00e5ndtering:<\/strong> Vi designer, driver og optimerer din <strong>Klik-for-at-WhatsApp-kampagner<\/strong> noget AiSensy ikke tilbyder. Dette sikrer maksimalt investeringsafkast og eliminerer g\u00e6tteri.<\/li>\n\n\n\n<li><strong>Dybere annonceintegrationer:<\/strong> Vores avancerede <strong>CAPI<\/strong> og segmenteringsflows garanterer pr\u00e6cis tilskrivning og \u00f8jeblikkelig routing til den rette agent eller arbejdsgang.<\/li>\n<\/ul>\n\n\n\n<h4 class=\"wp-block-heading\"><strong>AiSensy-svaghed<\/strong><\/h4>\n\n\n\n<ul class=\"wp-block-list\">\n<li>Selvom Click-to-WhatsApp er tilg\u00e6ngelig, overlades strategisk optimering til brugeren, hvilket ofte resulterer i lavere konverteringsrater og spildte annonceudgifter.<\/li>\n<\/ul>\n\n\n\n<h3 class=\"wp-block-heading\"><strong>III. Support, p\u00e5lidelighed og l\u00f8sningshastighed<\/strong><\/h3>\n\n\n\n<p>N\u00e5r dine beskeder g\u00e5r ned, stopper forretningen. Du har brug for support, der ikke lader dig vente.<\/p>\n\n\n\n<h4 class=\"wp-block-heading\"><strong>WABOOM Fordel<\/strong><\/h4>\n\n\n\n<ul class=\"wp-block-list\">\n<li><strong>Proaktiv support p\u00e5 flere kanaler:<\/strong> Telefon, Zoom, chat og e-mail ledet af en <strong>Dedikeret kontoadministrator<\/strong> for de fleste mellemklasseplaner.<\/li>\n\n\n\n<li><strong>Stabilitet i virksomhedsklassen:<\/strong> Optimeret til levering af store m\u00e6ngder, hvilket sikrer, at kritiske transaktionelle beskeder n\u00e5r kunderne uden forsinkelse.<\/li>\n<\/ul>\n\n\n\n<h4 class=\"wp-block-heading\"><strong>AiSensy-svaghed<\/strong><\/h4>\n\n\n\n<ul class=\"wp-block-list\">\n<li>Supporten er funktionel, men ofte langsom ved tekniske eller presserende problemer, og er prim\u00e6rt afh\u00e6ngig af e-mail, der er dyr i spidsbelastningsperioder.<\/li>\n<\/ul>\n\n\n\n<h3 class=\"wp-block-heading\"><strong>IV. Ubegr\u00e6nset automatisering: Chatbots og betalinger<\/strong><\/h3>\n\n\n\n<p>Moderne WhatsApp-automatiseringer burde ikke kr\u00e6ve premium-abonnementer.<\/p>\n\n\n\n<h4 class=\"wp-block-heading\"><strong>WABOOM Fordel<\/strong><\/h4>\n\n\n\n<ul class=\"wp-block-list\">\n<li><strong>Betalingsafslutteren:<\/strong> Vores WhatsApp-betalings- og bestillingsflow skaber en problemfri oplevelse fra chat til kasse, hvilket dramatisk reducerer antallet af afleveringer.<\/li>\n\n\n\n<li><strong>Ingen kode, fuld kraft:<\/strong> Vores tr\u00e6k-og-slip-chatbot tilbyder alle logiske blokke, betingelser, API-kald og automatiseringer uden behov for opgraderinger.<\/li>\n<\/ul>\n\n\n\n<h2 class=\"wp-block-heading\"><strong>Skal\u00e9r med tillid, ikke skjulte omkostninger<\/strong><\/h2>\n\n\n\n<p>Hvis du kun har brug for grundl\u00e6ggende selvbetjeningsautomatisering, kan AiSensy muligvis opfylde dine behov.<\/p>\n\n\n\n<p>Men hvis du mener det alvorligt <strong>skalering af oms\u00e6tning, eliminering af avance og udnyttelse af strategisk ekspertsupport<\/strong> for at maksimere annonce-ROI og automatiseringsydelse, <strong>WABOOM er den klare vinder<\/strong>.<\/p>\n\n\n\n<p><strong>Klar til at stoppe med at betale skjulte avancer og begynde at skalere intelligent?<\/strong><\/p>\n\n\n\n<h3 class=\"wp-block-heading\"><strong>Opret din GRATIS WABOOM-konto<\/strong><\/h3>\n\n\n\n<p><em>Fuld adgang til Chatbot Builder og ubegr\u00e6nsede agentlogin.<\/em><\/p>","protected":false},"excerpt":{"rendered":"<p>Stop med at n\u00f8jes med grundl\u00e6ggende automatisering og up\u00e5lidelig support. Dyk ned i den definitive sammenligning, og opdag, hvorfor WABOOM leverer overlegen konverteringsstrategi, transparent prisfasts\u00e6ttelse og uovertruffen support, der skalerer med dig. Sammenligning funktion for funktion: WABOOM vs. AiSensy-funktion WABOOM (Full-Service Growth Partner) AiSensy (Selvbetjeningsplatform) Meta Conversation Markup 0% Markup (\u00e6gte pass-through-omkostninger) Inkluderer ofte skjult markup\u2026<\/p>","protected":false},"author":1,"featured_media":0,"parent":0,"menu_order":0,"comment_status":"closed","ping_status":"closed","template":"","meta":{"_bbp_topic_count":0,"_bbp_reply_count":0,"_bbp_total_topic_count":0,"_bbp_total_reply_count":0,"_bbp_voice_count":0,"_bbp_anonymous_reply_count":0,"_bbp_topic_count_hidden":0,"_bbp_reply_count_hidden":0,"_bbp_forum_subforum_count":0,"_monsterinsights_skip_tracking":false,"_monsterinsights_sitenote_active":false,"_monsterinsights_sitenote_note":"","_monsterinsights_sitenote_category":0,"footnotes":""},"class_list":["post-6335","page","type-page","status-publish","hentry"],"_links":{"self":[{"href":"https:\/\/waboom.net\/da\/wp-json\/wp\/v2\/pages\/6335","targetHints":{"allow":["GET"]}}],"collection":[{"href":"https:\/\/waboom.net\/da\/wp-json\/wp\/v2\/pages"}],"about":[{"href":"https:\/\/waboom.net\/da\/wp-json\/wp\/v2\/types\/page"}],"author":[{"embeddable":true,"href":"https:\/\/waboom.net\/da\/wp-json\/wp\/v2\/users\/1"}],"replies":[{"embeddable":true,"href":"https:\/\/waboom.net\/da\/wp-json\/wp\/v2\/comments?post=6335"}],"version-history":[{"count":0,"href":"https:\/\/waboom.net\/da\/wp-json\/wp\/v2\/pages\/6335\/revisions"}],"wp:attachment":[{"href":"https:\/\/waboom.net\/da\/wp-json\/wp\/v2\/media?parent=6335"}],"curies":[{"name":"wp","href":"https:\/\/api.w.org\/{rel}","templated":true}]}}