{"id":6352,"date":"2025-11-17T17:10:49","date_gmt":"2025-11-17T17:10:49","guid":{"rendered":"https:\/\/waboom.net\/?page_id=6352"},"modified":"2025-11-19T13:16:37","modified_gmt":"2025-11-19T13:16:37","slug":"6352-2","status":"publish","type":"page","link":"https:\/\/waboom.net\/da\/6352-2\/","title":{"rendered":"WABOOM VS WATI"},"content":{"rendered":"<h1 class=\"wp-block-heading\">Stop med at spilde penge p\u00e5 beskedplatforme, der lader dig g\u00f8re alt arbejdet<\/h1>\n\n\n\n<p>Lad os komme til sagen: de fleste WhatsApp-platforme ser fantastiske ud p\u00e5 papiret \u2013 skinnende dashboards, bots og automatisering. Men n\u00e5r det kommer til at skalere din virksomhed, er det ofte dig, der har ansvaret: administration af omkostninger, optimering af annoncer, opbygning af flows og fejlfinding af supportproblemer.<\/p>\n\n\n\n<p>Hvis du vil <strong>forudsigelig prisfasts\u00e6ttelse, praktisk v\u00e6ksteksekvering og en sand partner i din virksomhed<\/strong>, du skal se forskellen mellem <strong>WABOOM<\/strong> og <strong>WATI<\/strong>  Platformen vs. full-service v\u00e6kstpartneren. Her er oversigten.<\/p>\n\n\n\n<h2 class=\"wp-block-heading\">WABOOM vs. WATI: Sammenligning funktion for funktion<\/h2>\n\n\n\n<figure class=\"wp-block-table\"><table class=\"has-fixed-layout\"><thead><tr><th>Funktion<\/th><th><strong>WABOOM (fuldservice v\u00e6kstpartner)<\/strong><\/th><th><strong>WATI (selvbetjeningsplatform)<\/strong><\/th><\/tr><\/thead><tbody><tr><td><strong>Meta-samtale \/ Beskedpris<\/strong><\/td><td><strong>0%-markering<\/strong>  Fast platformgebyr + faktisk Meta-omkostning. Transparent.<\/td><td>Betal pr. besked (skabelon + session). Gebyrer kommer oveni Meta-omkostningerne.<\/td><\/tr><tr><td><strong>Prisgennemsigtighed<\/strong><\/td><td>Enkel, forudsigelig, ingen overraskelser.<\/td><td>Abonnement + kreditter til beskeder. Priserne varierer efter beskedtype og -volumen.<\/td><\/tr><tr><td><strong>Agent-\/teamlogin<\/strong><\/td><td>Ubegr\u00e6nsede agentlogin p\u00e5 de fleste abonnementer.<\/td><td>Inkluderer flere brugere\/pladser; ekstra brugere koster.<\/td><\/tr><tr><td><strong>Annoncestrategi og -eksekvering<\/strong><\/td><td>Fuld service: WABOOM h\u00e5ndterer Click-to-WhatsApp-annoncer, segmentering og optimering.<\/td><td>Tilbyder annoncev\u00e6rkt\u00f8jer, men strategi og optimering administreres af brugeren.<\/td><\/tr><tr><td><strong>Klik-for-at-WhatsApp-annoncer<\/strong><\/td><td>Avanceret segmentering + CAPI-native integration + routing til de rigtige flows.<\/td><td>Underst\u00f8ttes af Campaign Manager; kr\u00e6ver manuel ops\u00e6tning for dybdeg\u00e5ende optimering.<\/td><\/tr><tr><td><strong>Chatbot \/ Automatiseringsbygger<\/strong><\/td><td>Fuldt ul\u00e5st tr\u00e6k-og-slip-funktion uden &quot;funktionsafgift&quot;.\u201c<\/td><td>Chatbot-byggeren underst\u00f8tter AI-svar, s\u00f8geordsautomatisering og formularer. Der er begr\u00e6nsninger p\u00e5 antallet af sessioner pr. plan.<\/td><\/tr><tr><td><strong>API\/Webhook-adgang<\/strong><\/td><td>Ubegr\u00e6nset, ubegr\u00e6nset og nem CRM- og backend-integration.<\/td><td>Fuld API-adgang, webhook-underst\u00f8ttelse, integrationsklar, men kr\u00e6ver teknisk ops\u00e6tning.<\/td><\/tr><tr><td><strong>St\u00f8ttemodel<\/strong><\/td><td>Dedikeret Account Manager + proaktiv support via Zoom, telefon, chat.<\/td><td>Standard chat\/e-mail support; business\/enterprise-abonnementer f\u00e5r mere praktisk hj\u00e6lp.<\/td><\/tr><tr><td><strong>Broadcast \/ Beskeder med h\u00f8j volumen<\/strong><\/td><td>Hastighed, p\u00e5lidelighed og levering i virksomhedsklassen.<\/td><td>Underst\u00f8tter store m\u00e6ngder, men omkostningsskalerer med beskedkreditter.<\/td><\/tr><\/tbody><\/table><\/figure>\n\n\n\n<h2 class=\"wp-block-heading\">De virkelige forskelle, der betyder noget<\/h2>\n\n\n\n<h3 class=\"wp-block-heading\">1. Skjulte omkostninger og forudsigeligt investeringsafkast<\/h3>\n\n\n\n<ul class=\"wp-block-list\">\n<li><strong>WABOOM Fordel<\/strong><br>Nul avance = fuld gennemsigtighed. Efterh\u00e5nden som du skalerer, skalerer dine omkostninger forudsigeligt med Metas gebyrer. Ingen kreditter at fylde op, ingen g\u00e6tteri.<\/li>\n\n\n\n<li><strong>WATI-afvejning<\/strong><br>Betalingssystemer pr. besked g\u00f8r det sv\u00e6rere at lave prognoser. Du skal spore kreditforbrug, beskedtyper og volumen for at undg\u00e5 overraskelser.<\/li>\n<\/ul>\n\n\n\n<h3 class=\"wp-block-heading\">2. V\u00e6rkt\u00f8j vs. \u00e6gte v\u00e6kstpartner<\/h3>\n\n\n\n<ul class=\"wp-block-list\">\n<li><strong>WABOOM Fordel<\/strong><br>Vi giver dig ikke bare v\u00e6rkt\u00f8jer, vi k\u00f8rer kampagner, optimerer flows og administrerer konverteringstragte for dig. Du fokuserer p\u00e5 v\u00e6kst; vi h\u00e5ndterer eksekvering.<\/li>\n\n\n\n<li><strong>WATI-afvejning<\/strong><br>Fantastisk til g\u00f8r-det-selv-folk eller teams med udviklingsressourcer. Men hvis du \u00f8nsker en f\u00e6rdig strategi og kampagneoptimering, s\u00e5 er det op til dig.<\/li>\n<\/ul>\n\n\n\n<h3 class=\"wp-block-heading\">3. Support du rent faktisk kan regne med<\/h3>\n\n\n\n<ul class=\"wp-block-list\">\n<li><strong>WABOOM Fordel<\/strong><br>Dedikeret Account Manager, Zoom, telefon og chat. Proaktiv overv\u00e5gning sikrer, at problemer l\u00f8ses, f\u00f8r de p\u00e5virker oms\u00e6tningen.<\/li>\n\n\n\n<li><strong>WATI-afvejning<\/strong><br>Supporten er solid, is\u00e6r p\u00e5 abonnementer p\u00e5 h\u00f8jere niveauer, men den daglige fejlfinding kan v\u00e6re langsommere. Du er mere afh\u00e6ngig af dokumentation og selvbetjening.<\/li>\n<\/ul>\n\n\n\n<h2 class=\"wp-block-heading\"> WABOOM vs. WATI: Fordele og ulemper<\/h2>\n\n\n\n<figure class=\"wp-block-table\"><table class=\"has-fixed-layout\"><thead><tr><th>Kategori<\/th><th><strong>WABOOM (V\u00e6kstpartner)<\/strong><\/th><th><strong>WATI (Platform)<\/strong><\/th><\/tr><\/thead><tbody><tr><td><strong>Fordele<\/strong><\/td><td>Nul avance p\u00e5 Meta-omkostninger. Fuldst\u00e6ndig annonceeksekvering. Ubegr\u00e6nsede agenter. Support p\u00e5 h\u00f8jeste niveau. Forudsigelig, skalerbar omkostningsmodel.<\/td><td>Fleksibel betal-efter-forbrug-prisfasts\u00e6ttelse. St\u00e6rk chatbot-bygger og automatisering. API og integrationer. Underst\u00f8tter beskeder i store m\u00e6ngder.<\/td><\/tr><tr><td><strong>Ulemper \/ Afvejninger<\/strong><\/td><td>Fast platformgebyr kr\u00e6ves. Kr\u00e6ver tillid til en partner.<\/td><td>Omkostningsprognoser kan v\u00e6re komplekse. Mere teknisk ops\u00e6tning n\u00f8dvendig. Support mindre proaktiv, medmindre det er en virksomhedsplan.<\/td><\/tr><\/tbody><\/table><\/figure>\n\n\n\n<h2 class=\"wp-block-heading\"> Ofte stillede sp\u00f8rgsm\u00e5l<\/h2>\n\n\n\n<p><strong>Q: Har WABOOM virkelig 0%-markup?<\/strong><br><strong>EN:<\/strong> Ja, du betaler den pr\u00e6cise Meta-pris plus et fast platformgebyr. Ingen overraskelser.<\/p>\n\n\n\n<p><strong>Q: Kan WATI k\u00f8re Click-to-WhatsApp-kampagner?<\/strong><br><strong>EN:<\/strong> Ja, men du styrer eksekvering og optimering. WABOOM k\u00f8rer og optimerer kampagner for dig.<\/p>\n\n\n\n<p><strong>Q: Hvem er bedst til at skalere store m\u00e6ngder beskeder?<\/strong><br><strong>EN:<\/strong> Begge kan teknisk set h\u00e5ndtere h\u00f8j volumen, men WABOOMs tilgang er optimeret til <strong>hastighed, routing og p\u00e5lidelighed<\/strong> ud af boksen.<\/p>\n\n\n\n<p><strong>Q: Tilbyder WATI et ubegr\u00e6nset antal agenter?<\/strong><br><strong>EN:<\/strong> Ingen agentpladser er begr\u00e6nset af planen. Ekstra pladser koster mere.<\/p>\n\n\n\n<h1 class=\"wp-block-heading\">Hvem vinder?<\/h1>\n\n\n\n<ul class=\"wp-block-list\">\n<li>V\u00e6lge <strong>WABOOM<\/strong> hvis du vil:<br>\u2714 Forudsigelige omkostninger med <strong>0%-markering<\/strong><br>\u2714 Fuld service til annonce- og WhatsApp-kampagnestyring<br>\u2714 Ubegr\u00e6nsede agenter og automatisering<br>\u2714 Praktisk, proaktiv support<\/li>\n\n\n\n<li>V\u00e6lge <strong>WATI<\/strong> hvis du:<br>\u2714 Hav et teknisk team til at h\u00e5ndtere automatisering og annonceoptimering<br>\u2714 \u00d8nsker fleksibel prisfasts\u00e6ttelse baseret p\u00e5 betaling pr. besked<br>\u2714 Er tryg ved at h\u00e5ndtere kreditter og forudsige omkostninger<\/li>\n<\/ul>\n\n\n\n<p>For <strong>virksomheder, der \u00f8nsker at skalere uden overraskelser<\/strong>, <strong>WABOOM er den klare vinder<\/strong>. Det handler ikke kun om v\u00e6rkt\u00f8jer, det handler om <strong>resultater, forudsigelighed og v\u00e6ksteksekvering<\/strong>.<\/p>","protected":false},"excerpt":{"rendered":"<p>Stop Wasting Money on Messaging Platforms That Leave You Doing All the Work Let\u2019s cut to the chase: most WhatsApp platforms look great on paper shiny dashboards, bots, automation. But when it comes to scaling your business, most of them leave you holding the bag: managing costs, optimizing ads, building flows, and troubleshooting support issues&#8230;.<\/p>","protected":false},"author":1,"featured_media":0,"parent":0,"menu_order":0,"comment_status":"closed","ping_status":"closed","template":"","meta":{"_bbp_topic_count":0,"_bbp_reply_count":0,"_bbp_total_topic_count":0,"_bbp_total_reply_count":0,"_bbp_voice_count":0,"_bbp_anonymous_reply_count":0,"_bbp_topic_count_hidden":0,"_bbp_reply_count_hidden":0,"_bbp_forum_subforum_count":0,"_monsterinsights_skip_tracking":false,"_monsterinsights_sitenote_active":false,"_monsterinsights_sitenote_note":"","_monsterinsights_sitenote_category":0,"footnotes":""},"class_list":["post-6352","page","type-page","status-publish","hentry"],"_links":{"self":[{"href":"https:\/\/waboom.net\/da\/wp-json\/wp\/v2\/pages\/6352","targetHints":{"allow":["GET"]}}],"collection":[{"href":"https:\/\/waboom.net\/da\/wp-json\/wp\/v2\/pages"}],"about":[{"href":"https:\/\/waboom.net\/da\/wp-json\/wp\/v2\/types\/page"}],"author":[{"embeddable":true,"href":"https:\/\/waboom.net\/da\/wp-json\/wp\/v2\/users\/1"}],"replies":[{"embeddable":true,"href":"https:\/\/waboom.net\/da\/wp-json\/wp\/v2\/comments?post=6352"}],"version-history":[{"count":0,"href":"https:\/\/waboom.net\/da\/wp-json\/wp\/v2\/pages\/6352\/revisions"}],"wp:attachment":[{"href":"https:\/\/waboom.net\/da\/wp-json\/wp\/v2\/media?parent=6352"}],"curies":[{"name":"wp","href":"https:\/\/api.w.org\/{rel}","templated":true}]}}