{"id":6354,"date":"2025-11-17T17:13:21","date_gmt":"2025-11-17T17:13:21","guid":{"rendered":"https:\/\/waboom.net\/?page_id=6354"},"modified":"2025-11-19T13:15:36","modified_gmt":"2025-11-19T13:15:36","slug":"waboom-vs-gallabox","status":"publish","type":"page","link":"https:\/\/waboom.net\/da\/waboom-vs-gallabox\/","title":{"rendered":"WABOOM vs. GALLABOX"},"content":{"rendered":"<h1 class=\"wp-block-heading\">Stop med at spilde penge p\u00e5 beskedplatforme, der lader dig g\u00f8re alt arbejdet<\/h1>\n\n\n\n<p>De fleste WhatsApp-platforme ser fantastiske ud p\u00e5 papir med skinnende dashboards, automatisering og chatbots. Men n\u00e5r det kommer til at skalere din virksomhed, overlader mange dig til at g\u00f8re alt det h\u00e5rde arbejde: at administrere omkostninger, opbygge flows, optimere kampagner og fejlfinde supportproblemer.<\/p>\n\n\n\n<p>Hvis du vil <strong>forudsigelig prisfasts\u00e6ttelse, praktisk v\u00e6ksteksekvering og en sand partner i din virksomhed<\/strong>, du skal se forskellen mellem <strong>WABOOM<\/strong> og <strong>GALLABOX<\/strong>  V\u00e6kstpartneren med fuld service vs. en selvbetjeningsplatform. Her er oversigten.<\/p>\n\n\n\n<h2 class=\"wp-block-heading\">WABOOM vs. GALLABOX: Sammenligning af funktioner<\/h2>\n\n\n\n<figure class=\"wp-block-table\"><table class=\"has-fixed-layout\"><thead><tr><th>Funktion<\/th><th><strong>WABOOM (fuldservice v\u00e6kstpartner)<\/strong><\/th><th><strong>GALLABOX (Selvbetjeningsplatform)<\/strong><\/th><\/tr><\/thead><tbody><tr><td><strong>Meta-samtale \/ Beskedpris<\/strong><\/td><td><strong>0%-markering<\/strong>  Fast platformgebyr + faktisk Meta-omkostning. Transparent.<\/td><td>Betal pr. besked (skabelon + session) med platformgebyrer oveni.<\/td><\/tr><tr><td><strong>Prisgennemsigtighed<\/strong><\/td><td>Enkel, forudsigelig, ingen overraskelser.<\/td><td>Abonnementsbaserede planer med begr\u00e6nset inkluderede beskeder; ekstra forbrug \u00f8ger omkostningerne.<\/td><\/tr><tr><td><strong>Agent-\/teamlogin<\/strong><\/td><td>Ubegr\u00e6nsede agentlogin p\u00e5 de fleste abonnementer.<\/td><td>Begr\u00e6nset antal agentpladser pr. plan; ekstra pladser koster ekstra gebyrer.<\/td><\/tr><tr><td><strong>Annoncestrategi og -eksekvering<\/strong><\/td><td>Fuld service: WABOOM k\u00f8rer Click-to-WhatsApp-annoncer, optimerer kampagner og h\u00e5ndterer attribution.<\/td><td>Indeholder v\u00e6rkt\u00f8jer til Click-to-WhatsApp-kampagner, men strategi, ops\u00e6tning og optimering administreres af brugeren.<\/td><\/tr><tr><td><strong>Klik-for-at-WhatsApp-annoncer<\/strong><\/td><td>Avanceret segmentering + CAPI-native integration + pr\u00e6cis routing.<\/td><td>Underst\u00f8ttet, men dyb tilskrivning og automatiseret routing kr\u00e6ver manuel ops\u00e6tning.<\/td><\/tr><tr><td><strong>Chatbot \/ Automatiseringsbygger<\/strong><\/td><td>Fuldt ul\u00e5st tr\u00e6k-og-slip-builder uden funktionsbegr\u00e6nsninger.<\/td><td>Chatbot-builder tilg\u00e6ngelig, underst\u00f8tter grundl\u00e6ggende automatisering, men avancerede flows og AI-funktioner kan v\u00e6re begr\u00e6nsede eller begr\u00e6nsede af planen.<\/td><\/tr><tr><td><strong>API\/Webhook-adgang<\/strong><\/td><td>Ubegr\u00e6nset, ubegr\u00e6nset og nem CRM- og backend-integration.<\/td><td>Underst\u00f8tter API- og webhook-integrationer, men kan kr\u00e6ve teknisk ekspertise til komplekse arbejdsgange.<\/td><\/tr><tr><td><strong>St\u00f8ttemodel<\/strong><\/td><td>Dedikeret Account Manager + proaktiv support via flere kanaler (Zoom, telefon, chat).<\/td><td>Standard chat\/e-mail support; svartider varierer, og proaktiv kontoadministration er begr\u00e6nset.<\/td><\/tr><tr><td><strong>Broadcast \/ Beskeder med h\u00f8j volumen<\/strong><\/td><td>Hastighed, p\u00e5lidelighed og levering i virksomhedsklassen.<\/td><td>Underst\u00f8tter store m\u00e6ngder beskeder, men ydeevne og hastighed kan variere afh\u00e6ngigt af plan og k\u00f8begr\u00e6nsninger.<\/td><\/tr><\/tbody><\/table><\/figure>\n\n\n\n<h2 class=\"wp-block-heading\">De virkelige forskelle, der betyder noget<\/h2>\n\n\n\n<h3 class=\"wp-block-heading\">1. Omkostningstransparens og investeringsafkast<\/h3>\n\n\n\n<ul class=\"wp-block-list\">\n<li><strong>WABOOM Fordel<\/strong><br>Nul avance = forudsigelige omkostninger. N\u00e5r du skalerer din beskedvolumen, ved du pr\u00e6cis, hvad du betaler \u2013 ingen skjulte gebyrer eller kreditter, der skal tankes op.<\/li>\n\n\n\n<li><strong>GALLABOX-afvejning<\/strong><br>Prisen afh\u00e6nger af din plan og det ekstra forbrug af beskeder. Omkostningerne kan blive uforudsigelige, efterh\u00e5nden som din virksomhed skaleres.<\/li>\n<\/ul>\n\n\n\n<h3 class=\"wp-block-heading\">2. Platform vs. v\u00e6kstpartner<\/h3>\n\n\n\n<ul class=\"wp-block-list\">\n<li><strong>WABOOM Fordel<\/strong><br>Vi leverer ikke kun v\u00e6rkt\u00f8jer, vi k\u00f8rer kampagner, optimerer flows og administrerer konverteringstragte. Du fokuserer p\u00e5 v\u00e6kst; vi h\u00e5ndterer eksekvering.<\/li>\n\n\n\n<li><strong>GALLABOX-afvejning<\/strong><br>Det er prim\u00e6rt en platform. Du skal selv h\u00e5ndtere strategi, annonceoptimering og kampagnestyring.<\/li>\n<\/ul>\n\n\n\n<h3 class=\"wp-block-heading\">3. Support du kan stole p\u00e5<\/h3>\n\n\n\n<ul class=\"wp-block-list\">\n<li><strong>WABOOM Fordel<\/strong><br>Dedikeret Account Manager + proaktiv overv\u00e5gning sikrer, at ethvert problem h\u00e5ndteres hurtigt. Support p\u00e5 flere kanaler inkluderer Zoom, telefon og chat.<\/li>\n\n\n\n<li><strong>GALLABOX-afvejning<\/strong><br>Support er standard chat\/e-mail; abonnementer med h\u00f8jere niveauer kan muligvis f\u00e5 bedre service, men den daglige fejlfinding er stort set selvbetjening.<\/li>\n<\/ul>\n\n\n\n<h2 class=\"wp-block-heading\">WABOOM vs. GALLABOX: Fordele og ulemper<\/h2>\n\n\n\n<figure class=\"wp-block-table\"><table class=\"has-fixed-layout\"><thead><tr><th>Kategori<\/th><th><strong>WABOOM (V\u00e6kstpartner)<\/strong><\/th><th><strong>GALLABOX (Platform)<\/strong><\/th><\/tr><\/thead><tbody><tr><td><strong>Fordele<\/strong><\/td><td>Nul avance p\u00e5 Meta-omkostninger.<br>Fuldst\u00e6ndig annonceeksekvering.<br>Ubegr\u00e6nsede agenter.<br>H\u00f8jber\u00f8ringssupport.<br>Forudsigelig, skalerbar omkostningsmodel.<\/td><td>Overkommelige entr\u00e9planer.<br>Grundl\u00e6ggende chatbot-automatisering.<br>API-underst\u00f8ttelse af integrationer.<br>Underst\u00f8tter beskeder med store m\u00e6ngder.<\/td><\/tr><tr><td><strong>Ulemper \/ Afvejninger<\/strong><\/td><td>Fast platformgebyr kr\u00e6ves.<br>Kr\u00e6ver tillid til en partner.<\/td><td>Ekstra omkostninger for agenter og beskeder.<br>Mere teknisk ops\u00e6tning kr\u00e6ves.<br>Begr\u00e6nset proaktiv support.<br>Bruger ansvarlig for kampagneoptimering.<\/td><\/tr><\/tbody><\/table><\/figure>\n\n\n\n<h2 class=\"wp-block-heading\"> Ofte stillede sp\u00f8rgsm\u00e5l<\/h2>\n\n\n\n<p><strong>Q: Har WABOOM virkelig 0%-markup?<\/strong><br><strong>EN:<\/strong> Ja \u2014 du betaler den pr\u00e6cise Meta-pris plus et fast platformgebyr. Ingen overraskelser.<\/p>\n\n\n\n<p><strong>Q: Kan GALLABOX k\u00f8re Click-to-WhatsApp-kampagner?<\/strong><br><strong>EN:<\/strong> Ja, men du styrer selv udf\u00f8relse, optimering og rapportering.<\/p>\n\n\n\n<p><strong>Q: Hvem er bedst til at skalere store m\u00e6ngder beskeder?<\/strong><br><strong>EN:<\/strong> Begge kan teknisk set h\u00e5ndtere h\u00f8j volumen, men WABOOM er optimeret til hastighed, routing og p\u00e5lidelighed fra starten.<\/p>\n\n\n\n<p><strong>Q: Tilbyder GALLABOX et ubegr\u00e6nset antal agenter?<\/strong><br><strong>EN:<\/strong> Der er ingen begr\u00e6nsede pladser for agenter pr. plan, og yderligere pladser koster ekstra.<\/p>\n\n\n\n<h1 class=\"wp-block-heading\">Hvem vinder?<\/h1>\n\n\n\n<ul class=\"wp-block-list\">\n<li>V\u00e6lge <strong>WABOOM<\/strong> hvis du vil:<br>\u2714 Forudsigelige omkostninger med <strong>0%-markering<\/strong><br>\u2714 Fuld service til annonce- og WhatsApp-kampagnestyring<br>\u2714 Ubegr\u00e6nsede agenter og automatisering<br>\u2714 Praktisk, proaktiv support<\/li>\n\n\n\n<li>V\u00e6lge <strong>GALLABOX<\/strong> hvis du:<br>\u2714 \u00d8nsker en billigere indgangsplatform<br>\u2714 Hav interne ressourcer til at h\u00e5ndtere strategi og automatisering<br>\u2714 Kan administrere agentpladser, beskedkreditter og kampagneoptimering<\/li>\n<\/ul>\n\n\n\n<p>For <strong>virksomheder, der \u00f8nsker at skalere uden overraskelser<\/strong>, <strong>WABOOM er den klare vinder<\/strong>. Det handler ikke kun om v\u00e6rkt\u00f8jer, det handler om <strong>resultater, forudsigelighed og v\u00e6ksteksekvering<\/strong>.<\/p>\n\n\n\n<p><\/p>","protected":false},"excerpt":{"rendered":"<p>Stop Wasting Money on Messaging Platforms That Leave You Doing All the Work Most WhatsApp platforms look great on paper shiny dashboards, automation, and chatbots. But when it comes to scaling your business, many leave you doing all the heavy lifting: managing costs, building flows, optimizing campaigns, and troubleshooting support issues. If you want predictable&#8230;<\/p>","protected":false},"author":1,"featured_media":0,"parent":0,"menu_order":0,"comment_status":"closed","ping_status":"closed","template":"","meta":{"_bbp_topic_count":0,"_bbp_reply_count":0,"_bbp_total_topic_count":0,"_bbp_total_reply_count":0,"_bbp_voice_count":0,"_bbp_anonymous_reply_count":0,"_bbp_topic_count_hidden":0,"_bbp_reply_count_hidden":0,"_bbp_forum_subforum_count":0,"_monsterinsights_skip_tracking":false,"_monsterinsights_sitenote_active":false,"_monsterinsights_sitenote_note":"","_monsterinsights_sitenote_category":0,"footnotes":""},"class_list":["post-6354","page","type-page","status-publish","hentry"],"_links":{"self":[{"href":"https:\/\/waboom.net\/da\/wp-json\/wp\/v2\/pages\/6354","targetHints":{"allow":["GET"]}}],"collection":[{"href":"https:\/\/waboom.net\/da\/wp-json\/wp\/v2\/pages"}],"about":[{"href":"https:\/\/waboom.net\/da\/wp-json\/wp\/v2\/types\/page"}],"author":[{"embeddable":true,"href":"https:\/\/waboom.net\/da\/wp-json\/wp\/v2\/users\/1"}],"replies":[{"embeddable":true,"href":"https:\/\/waboom.net\/da\/wp-json\/wp\/v2\/comments?post=6354"}],"version-history":[{"count":0,"href":"https:\/\/waboom.net\/da\/wp-json\/wp\/v2\/pages\/6354\/revisions"}],"wp:attachment":[{"href":"https:\/\/waboom.net\/da\/wp-json\/wp\/v2\/media?parent=6354"}],"curies":[{"name":"wp","href":"https:\/\/api.w.org\/{rel}","templated":true}]}}