{"id":6363,"date":"2025-11-17T17:33:10","date_gmt":"2025-11-17T17:33:10","guid":{"rendered":"https:\/\/waboom.net\/?page_id=6363"},"modified":"2025-11-19T13:08:37","modified_gmt":"2025-11-19T13:08:37","slug":"wabom-vs-infobip","status":"publish","type":"page","link":"https:\/\/waboom.net\/da\/wabom-vs-infobip\/","title":{"rendered":"WABOM VS INFOBIPP"},"content":{"rendered":"<h6 class=\"wp-block-heading\"><\/h6>\n\n\n\n<h2 class=\"wp-block-heading\">Stop med at spilde penge p\u00e5 beskedplatforme, der lader dig g\u00f8re alt arbejdet<\/h2>\n\n\n\n<p>Mange WhatsApp-v\u00e6rkt\u00f8jer f\u00f8les &quot;kraftfulde&quot;, men alt for ofte er du overladt til at jonglere med automatisering, omkostningsoverraskelser og annoncestrategi. Hvis du vil <strong>forudsigelig prisfasts\u00e6ttelse, reel v\u00e6ksteksekvering og afstemte incitamenter<\/strong>, du skal sammenligne <strong>WABOOM<\/strong> (din v\u00e6kstpartner) vs. <strong>Infobip<\/strong> (en robust WhatsApp Business API-udbyder). Her er hvad der virkelig adskiller dem fra andre.<\/p>\n\n\n\n<h2 class=\"wp-block-heading\"> WABOOM vs. Infobip: Sammenligning funktion for funktion<\/h2>\n\n\n\n<figure class=\"wp-block-table\"><table class=\"has-fixed-layout\"><thead><tr><th>Funktion<\/th><th><strong>WABOOM (Full-Service V\u00e6kstpartner)<\/strong><\/th><th><strong>Infobip (API \/ BSP-platform)<\/strong><\/th><\/tr><\/thead><tbody><tr><td><strong>Meta-samtale \/ Beskedpris<\/strong><\/td><td><strong>0 %-markering<\/strong> p\u00e5 WhatsApp-samtaleomkostninger + fast platformgebyr. Inkluderer en <strong>Gratis plan for evigt<\/strong> med <strong>10.000 gratis beskeder<\/strong>.<\/td><td>Bruger en <strong>samtalebaseret prismodel<\/strong>Priserne er pr. 24-timers samtalesession baseret p\u00e5 samtalekategori (Marketing, Forbrug, Godkendelse, Service). <\/td><\/tr><tr><td><strong>Prisgennemsigtighed<\/strong><\/td><td>Meget simpelt: fast gebyr + videresalgsomkostninger til Meta. Ingen ubehagelige overraskelser.<\/td><td>Transparent, men mere variabel: Du betaler for &quot;samtaler&quot; afh\u00e6ngigt af deres kategori. Derudover en pladsbaseret pris for deres teams indbakkemodul. <\/td><\/tr><tr><td><strong>Agent-\/teamlogin<\/strong><\/td><td>Ubegr\u00e6nsede agentpladser p\u00e5 de fleste planer \u2013 skaler frit.<\/td><td>Underst\u00f8tter samtaler med flere agenter gennem deres produkt &quot;Samtaler&quot; \u2014 pladspriser pr. bruger. <\/td><\/tr><tr><td><strong>Annoncestrategi og -eksekvering<\/strong><\/td><td>WABOOM h\u00e5ndterer dine Click-to-WhatsApp-annoncer: ops\u00e6tning, m\u00e5lretning, optimering \u2013 du beh\u00f8ver ikke at g\u00f8re det hele.<\/td><td>Leverer API og infrastruktur; kampagnestrategi, routing og optimering er op til dig (eller dit team\/bureau).<\/td><\/tr><tr><td><strong>Klik-for-at-WhatsApp-annoncer<\/strong><\/td><td>Avanceret segmentering + CAPI-native routing + konverteringsdrevne flows.<\/td><td>Du kan opbygge flows via API eller automatisering, men du administrerer selv den annoncedrevne rejse.<\/td><\/tr><tr><td><strong>Chatbot \/ Automatiseringsbygger<\/strong><\/td><td>Fuldt ul\u00e5st tr\u00e6k-og-slip-builder, avanceret logik og ingen l\u00e5ste funktioner.<\/td><td>Underst\u00f8tter automatisering, skabelonbeskeder og arbejdsgange via dens API. <\/td><\/tr><tr><td><strong>API\/Webhook-adgang<\/strong><\/td><td>Ubegr\u00e6nset, fuldt ud ubegr\u00e6nset \u2014 integrer dybt med CRM, backend-systemer eller andre v\u00e6rkt\u00f8jer.<\/td><td>Meget solid API- og webhook-support; bygget til at integrere med CRM- og backend-systemer. <\/td><\/tr><tr><td><strong>St\u00f8ttemodel<\/strong><\/td><td>Dedikeret Account Manager + proaktiv support med fokus p\u00e5 kontakt (chat, opkald, strategi)<\/td><td>Support p\u00e5 virksomhedsniveau + onboarding; du vil v\u00e6re mere afh\u00e6ngig af dit interne team.<\/td><\/tr><tr><td><strong>Broadcast \/ Beskeder med h\u00f8j volumen<\/strong><\/td><td>Designet til stor skala \u2014 levering, p\u00e5lidelighed og ydeevne i virksomhedsklassen.<\/td><td>Skalerbar til brug i store m\u00e6ngder; &quot;samtaler&quot;-priser tillader et ubegr\u00e6nset antal beskeder inden for et 24-timers vindue, n\u00e5r det er startet. <\/td><\/tr><tr><td><strong>Gratis \/ Pr\u00f8vemuligheder<\/strong><\/td><td>Gratis abonnement for evigt med 10.000 beskeder \u2014 ideelt til test eller brug i mindre skala f\u00f8r skalering.<\/td><td>Ingen permanent gratis plan for beskedvolumen; omkostningerne afh\u00e6nger af samtaleforbruget.<\/td><\/tr><\/tbody><\/table><\/figure>\n\n\n\n<h2 class=\"wp-block-heading\"> Hvorfor disse forskelle rent faktisk betyder noget<\/h2>\n\n\n\n<h3 class=\"wp-block-heading\">1. Forudsigelighed og omkostningsrisiko<\/h3>\n\n\n\n<ul class=\"wp-block-list\">\n<li><strong>WABOOM Fordel:<\/strong> Med nul avance og en gener\u00f8s gratisplan kan du teste, iterere og skalere uden at bekymre dig om skjulte eller uforudsigelige omkostninger.<\/li>\n\n\n\n<li><strong>Infobip-afvejning:<\/strong> Du betaler per 24-timers samtalesession. Selvom det er effektivt, vil dine omkostninger i h\u00f8j grad afh\u00e6nge af <em>type<\/em> af samtale (marketing vs. nytte vs. service) og hvordan du strukturerer kunderejser. <\/li>\n<\/ul>\n\n\n\n<h3 class=\"wp-block-heading\">2. Udf\u00f8relse vs. Platform<\/h3>\n\n\n\n<ul class=\"wp-block-list\">\n<li><strong>WABOOM Fordel:<\/strong> Vi giver dig ikke bare v\u00e6rkt\u00f8jerne \u2013 vi driver din WhatsApp-v\u00e6kstmotor. Annoncer, automatiseringer, bots, routing \u2013 alt administreres.<\/li>\n\n\n\n<li><strong>Infobip-afvejning:<\/strong> Du f\u00e5r en ekstremt st\u00e6rk API + messaging-rygrad. Men for at drive v\u00e6kst har du brug for din egen strategi eller en partner; Infobip er mere &quot;infrastruktur&quot; end &quot;v\u00e6kstteam&quot;.\u201c<\/li>\n<\/ul>\n\n\n\n<h3 class=\"wp-block-heading\">3. Support, teamskala og samarbejde<\/h3>\n\n\n\n<ul class=\"wp-block-list\">\n<li><strong>WABOOM Fordel:<\/strong> Du f\u00e5r en strategisk partner, ikke bare en leverand\u00f8r. Dedikeret kundestyring sikrer, at du ikke er alene, n\u00e5r tingene bliver komplekse, eller n\u00e5r du \u00f8nsker at vokse hurtigt.<\/li>\n\n\n\n<li><strong>Infobip-afvejning:<\/strong> Deres team er professionelt og dygtigt, men du er ansvarlig for en stor del af udf\u00f8relsen. Du bytter lidt h\u00e5ndsr\u00e6kning v\u00e6k for mere kontrol.<\/li>\n<\/ul>\n\n\n\n<h2 class=\"wp-block-heading\">Fordele og ulemper: WABOOM vs. Infobip<\/h2>\n\n\n\n<figure class=\"wp-block-table\"><table class=\"has-fixed-layout\"><thead><tr><th>Kategori<\/th><th><strong>WABOOM (V\u00e6kstpartner)<\/strong><\/th><th><strong>Infobip (API \/ BSP)<\/strong><\/th><\/tr><\/thead><tbody><tr><td><strong>Fordele<\/strong><\/td><td>\u2013 0%-till\u00e6g p\u00e5 samtaleomkostninger - 10.000 gratis beskeder til at starte med - Fuld service-annonce + chatbot-eksekvering - Ubegr\u00e6nset antal agenter - Forudsigelig fakturering<\/td><td>\u2013 Transparent samtalebaseret prisfasts\u00e6ttelse - Fuld WhatsApp Business API-adgang - Skalerbar til store m\u00e6ngder beskeder - Underst\u00f8ttelse af omfattende API- og webhook-teknologi - Fleksibel brugsmodel<\/td><\/tr><tr><td><strong>Ulemper \/ Afvejninger<\/strong><\/td><td>\u2013 Kr\u00e6ver tillid til en partner \u2013 Fast platformgebyr g\u00e6lder ved skalering<\/td><td>\u2013 Samtalebaseret fakturering kan v\u00e6re mindre forudsigelig afh\u00e6ngigt af din use case \u2013 Strategi + udf\u00f8relse er i h\u00f8j grad dit ansvar \u2013 Pladsomkostninger for agentindbakkemodul<\/td><\/tr><\/tbody><\/table><\/figure>\n\n\n\n<h2 class=\"wp-block-heading\"> Ofte stillede sp\u00f8rgsm\u00e5l (FAQ)<\/h2>\n\n\n\n<p><strong>Q: Opkr\u00e6ver Infobip betaling pr. besked eller pr. samtale?<\/strong><br><strong>EN:<\/strong> Infobip opkr\u00e6ver gebyrer p\u00e5 en <strong>pr. samtale<\/strong> (et 24-timers beskedvindue) baseret p\u00e5 samtaletype (Marketing, Hj\u00e6lpeprogram, Godkendelse, Service). <\/p>\n\n\n\n<p><strong>Q: Kan jeg have flere agenter til at chatte via Infobip?<\/strong><br><strong>EN:<\/strong> Ja \u2014 deres samtalemodul underst\u00f8tter flere agenter, men du betaler pr. plads. <\/p>\n\n\n\n<p><strong>Q: Underst\u00f8tter Infobip automatiserede WhatsApp-flows \/ chatbots?<\/strong><br><strong>EN:<\/strong> Ja \u2013 du kan ops\u00e6tte arbejdsgange, beskedskabeloner og automatisering via deres API. <\/p>\n\n\n\n<p><strong>Q: Hvordan definerer Infobip en &quot;samtale&quot; i forbindelse med fakturering?<\/strong><br><strong>EN:<\/strong> En &quot;samtale&quot; er en fast 24-timers session mellem virksomhed og bruger. Den starter, n\u00e5r en virksomhedsbesked leveres (uden for en \u00e5ben session), eller n\u00e5r du svarer inden for et 24-timers kundesupportvindue. <\/p>\n\n\n\n<p><strong>Q: Hvad sker der, hvis jeg vil skalere eller starte uden risiko?<\/strong><br><strong>EN:<\/strong> Med WABOOM kan du starte n\u00e6sten risikofrit med deres gratis abonnement p\u00e5 10.000 beskeder og derefter skalere, efterh\u00e5nden som pr\u00e6stationen viser sig. Med Infobip skal du omhyggeligt forudsige samtalevolumen, planl\u00e6gge din brug af skabeloner og potentielt betale mere, efterh\u00e5nden som brugen vokser.<\/p>\n\n\n\n<h2 class=\"wp-block-heading\"> Hvem vinder?<\/h2>\n\n\n\n<ul class=\"wp-block-list\">\n<li>V\u00e6lge <strong>WABOOM<\/strong> hvis du:<br>\u2714 \u00d8nsker du en praktisk v\u00e6kstpartner til at k\u00f8re annoncer, bygge automatiseringer og konvertere kunder?<br>\u2714 Behov for omkostningsforudsigelighed + et solidt gratis testniveau<br>\u2714 Foretr\u00e6kker at overlade strategisk og eksekveringsarbejde til eksperter<br>\u2714 Tro p\u00e5 skalering via konvertering og langsigtet WhatsApp-engagement<\/li>\n\n\n\n<li>V\u00e6lge <strong>Infobip<\/strong> hvis du:<br>\u2714 Hav et teknisk team (eller en partner) klar til at opbygge flows og k\u00f8re store m\u00e6ngder beskeder<br>\u2714 \u00d8nsker r\u00e5 API-adgang + dybe webhook-integrationer<br>\u2714 Er tryg ved at optimere dine egne kampagner og routinglogik<br>\u2714 Planl\u00e6g at betale for &quot;samtalesessioner&quot; og \u00f8nsker gennemsigtighed i prisen pr. samtale<\/li>\n<\/ul>\n\n\n\n<p><strong>Konklusion:<\/strong><br>Hvis du \u00f8nsker v\u00e6kst uden at detaljestyre alle tekniske detaljer, <strong>WABOOM<\/strong> er en effektiv mulighed med lavere risiko.<br>Hvis du \u00f8nsker maksimal kontrol, brugerdefinerede arbejdsgange og er klar til at tage ansvar for strategien + udf\u00f8relsen, <strong>Infobip<\/strong> er et gennempr\u00f8vet, skalerbart fundament.<\/p>","protected":false},"excerpt":{"rendered":"<p>Stop Wasting Money on Messaging Platforms That Leave You Doing All the Work Many WhatsApp tools feel \u201cpowerful,\u201d but too often, you\u2019re left to juggle automation, cost surprises, and ad strategy. If you want predictable pricing, true growth execution, and aligned incentives, you need to compare WABOOM (your growth partner) vs. Infobip (a robust WhatsApp&#8230;<\/p>","protected":false},"author":1,"featured_media":0,"parent":0,"menu_order":0,"comment_status":"closed","ping_status":"closed","template":"","meta":{"_bbp_topic_count":0,"_bbp_reply_count":0,"_bbp_total_topic_count":0,"_bbp_total_reply_count":0,"_bbp_voice_count":0,"_bbp_anonymous_reply_count":0,"_bbp_topic_count_hidden":0,"_bbp_reply_count_hidden":0,"_bbp_forum_subforum_count":0,"_monsterinsights_skip_tracking":false,"_monsterinsights_sitenote_active":false,"_monsterinsights_sitenote_note":"","_monsterinsights_sitenote_category":0,"footnotes":""},"class_list":["post-6363","page","type-page","status-publish","hentry"],"_links":{"self":[{"href":"https:\/\/waboom.net\/da\/wp-json\/wp\/v2\/pages\/6363","targetHints":{"allow":["GET"]}}],"collection":[{"href":"https:\/\/waboom.net\/da\/wp-json\/wp\/v2\/pages"}],"about":[{"href":"https:\/\/waboom.net\/da\/wp-json\/wp\/v2\/types\/page"}],"author":[{"embeddable":true,"href":"https:\/\/waboom.net\/da\/wp-json\/wp\/v2\/users\/1"}],"replies":[{"embeddable":true,"href":"https:\/\/waboom.net\/da\/wp-json\/wp\/v2\/comments?post=6363"}],"version-history":[{"count":0,"href":"https:\/\/waboom.net\/da\/wp-json\/wp\/v2\/pages\/6363\/revisions"}],"wp:attachment":[{"href":"https:\/\/waboom.net\/da\/wp-json\/wp\/v2\/media?parent=6363"}],"curies":[{"name":"wp","href":"https:\/\/api.w.org\/{rel}","templated":true}]}}