{"id":6371,"date":"2025-11-17T19:30:25","date_gmt":"2025-11-17T19:30:25","guid":{"rendered":"https:\/\/waboom.net\/?page_id=6371"},"modified":"2025-11-19T13:05:46","modified_gmt":"2025-11-19T13:05:46","slug":"waboom-vs-wasender","status":"publish","type":"page","link":"https:\/\/waboom.net\/da\/waboom-vs-wasender\/","title":{"rendered":"WABOOM vs. WASender"},"content":{"rendered":"<h1 class=\"wp-block-heading\">Stop med at betale for beskedv\u00e6rkt\u00f8jer, der lader dig g\u00f8re alt arbejdet<\/h1>\n\n\n\n<p>Mange &quot;WhatsApp blast&quot;-v\u00e6rkt\u00f8jer ser billige ud, men n\u00e5r du vil <strong>skaler, konverter og automatiser<\/strong>, de lever ofte ikke op til forventningerne. Hvis du har brug for det <strong>forudsigelig prisfasts\u00e6ttelse, fuld serviceudf\u00f8relse og en partner, der driver v\u00e6kst<\/strong>, b\u00f8r du sammenligne WABOOM vs. WASender \u2014 fordi det, du virkelig \u00f8nsker, ikke er et andet v\u00e6rkt\u00f8j, det er <strong>resultater<\/strong>.<\/p>\n\n\n\n<h2 class=\"wp-block-heading\">\ud83d\udd25 WABOOM vs. WASender: Sammenligning funktion for funktion<\/h2>\n\n\n\n<figure class=\"wp-block-table\"><table class=\"has-fixed-layout\"><thead><tr><th>Funktion<\/th><th><strong>WABOOM (Full-Service V\u00e6kstpartner)<\/strong><\/th><th><strong>WASender (WhatsApp-v\u00e6rkt\u00f8j \/ selvbetjeningsplatform)<\/strong><\/th><\/tr><\/thead><tbody><tr><td><strong>Meddelelsesomkostninger og -markup<\/strong><\/td><td>0%-markup p\u00e5 WhatsApp (Meta) samtaleomkostninger + fast platformgebyr. For evigt gratis abonnement med <strong>10.000 gratis beskeder<\/strong> inkluderet.<\/td><td>Prim\u00e6rt et v\u00e6rkt\u00f8j til massebeskeder \u2014 opgradering eller pro-versioner kan v\u00e6re n\u00f8dvendige for avancerede funktioner. Omkostninger og begr\u00e6nsninger afh\u00e6nger ofte af brug, licenser eller plugin-version. <\/td><\/tr><tr><td><strong>Prisgennemsigtighed<\/strong><\/td><td>Forudsigelig: fast platform + reelle genneml\u00f8b af WhatsApp-omkostninger.<\/td><td>Transparent i forhold til hvad den reklamerer med, men omkostningsmodellen er mindre egnet til fuldskala v\u00e6kst: plugin til masseafsendere + licensgebyrer i stedet for fuld service.<\/td><\/tr><tr><td><strong>Agent-\/teamlogin og samarbejde med flere brugere<\/strong><\/td><td>Ubegr\u00e6nsede agentpladser p\u00e5 de fleste abonnementer \u2013 skaler dit support- eller salgsteam frit.<\/td><td>Mere designet til individuel brug eller mindre teams; teamindbakke, brugerlicenser og arbejdsgange for flere agenter kan v\u00e6re begr\u00e6nsede eller kr\u00e6ve separate v\u00e6rkt\u00f8jer.<\/td><\/tr><tr><td><strong>Annoncestrategi og -eksekvering<\/strong><\/td><td>Fuld service: WABOOM h\u00e5ndterer Click-to-WhatsApp-annoncer, opbygger flows og optimerer kampagner til konvertering.<\/td><td>WASender er v\u00e6rkt\u00f8jsbaseret: du skal ops\u00e6tte dine kampagner, flows og optimeringer \u2013 det fungerer ikke som en v\u00e6kstpartner.<\/td><\/tr><tr><td><strong>Klik-for-at-WhatsApp-annoncer og dyb tilskrivning<\/strong><\/td><td>Avanceret segmentering + CAPI-native integration + routing til den rette agent\/flow \u2014 bygget til konverteringer.<\/td><td>Fokus p\u00e5 masseudsendelser: Excel-uploads, personalisering, vedh\u00e6ftede filer. Der mangler indbygget strategi eller dybdeg\u00e5ende attributionsrammer. <\/td><\/tr><tr><td><strong>Chatbot \/ Automatiseringsbygger<\/strong><\/td><td>Fuldt ul\u00e5st tr\u00e6k-og-slip-builder, logikflow, ingen &quot;funktionsafgift&quot; p\u00e5 logik eller kompleksitet.<\/td><td>Har automatiseringsv\u00e6rkt\u00f8jer til massebeskeder (Excel-uploads, personalisering, vedh\u00e6ftede filer), men ikke n\u00f8dvendigvis fuld automatisering p\u00e5 virksomhedsniveau eller bot-routing i stor skala.<\/td><\/tr><tr><td><strong>API\/Webhook-adgang og -integrationer<\/strong><\/td><td>Ubegr\u00e6nset API-adgang, s\u00e5 du kan integrere dybt med CRM, backend-systemer, analyser og arbejdsgange.<\/td><td>Mere designet til udg\u00e5ende massebeskeder via Excel\/CSV eller plugins. API\/webhook-underst\u00f8ttelse er mere begr\u00e6nset eller kr\u00e6ver muligvis yderligere ops\u00e6tning eller licenser.<\/td><\/tr><tr><td><strong>St\u00f8ttemodel og v\u00e6kstpartnerskab<\/strong><\/td><td>Dedikeret Account Manager + proaktiv support (opkald, Zoom, chat) + tilpasning af v\u00e6kststrategi.<\/td><td>Supporten er mere selvbetjening: du bruger v\u00e6rkt\u00f8jet og administrerer kampagnerne selv \u2013 mindre support fra partnere med h\u00f8j kontakt.<\/td><\/tr><tr><td><strong>Broadcast \/ Beskeder med h\u00f8j volumen og skalering<\/strong><\/td><td>Bygget til skala p\u00e5 virksomhedsniveau: h\u00f8j kapacitet, kampagneorienteret budskaber, optimeret til levering og routing.<\/td><td>Kan h\u00e5ndtere store m\u00e6ngder beskeder, is\u00e6r til udg\u00e5ende bulk, men mangler muligvis den strategiske optimering, routinglogik, attribution og fuldskala infrastruktur, der er n\u00f8dvendig for v\u00e6kst med h\u00f8jt ROI.<\/td><\/tr><tr><td><strong>Gratis \/ Tilbud p\u00e5 adgangsniveau<\/strong><\/td><td>Ja: Gratisabonnement for altid med 10.000 beskeder inkluderet \u2014 g\u00f8r testning med lav risiko.<\/td><td>Der findes gratis eller meget billige versioner af bulk-sendere, men typisk med begr\u00e6nsninger eller f\u00e6rre muligheder; designet mere til selvbetjening af bulk-sendere.<\/td><\/tr><\/tbody><\/table><\/figure>\n\n\n\n<h2 class=\"wp-block-heading\"> Hvorfor disse forskelle rent faktisk betyder noget<\/h2>\n\n\n\n<h3 class=\"wp-block-heading\">1. Omkostningsrisiko vs. forudsigelighed<\/h3>\n\n\n\n<ul class=\"wp-block-list\">\n<li><strong>WABOOM Fordel<\/strong>Med nul markup og det gratis beskedniveau kan du begynde at teste og derefter skalere med forudsigelige omkostninger, der er tilpasset volumen.<\/li>\n\n\n\n<li><strong>WASender-afvejning<\/strong>Massev\u00e6rkt\u00f8jer kan virke billige i starten, men efterh\u00e5nden som du skalerer, bliver det sv\u00e6rere at styre omkostninger, compliance, leveringsevne og ydeevne \u2013 f\u00e6rre indbyggede mekanismer til strategi eller optimering.<\/li>\n<\/ul>\n\n\n\n<h3 class=\"wp-block-heading\">2. V\u00e6rkt\u00f8j vs. v\u00e6kstpartner<\/h3>\n\n\n\n<ul class=\"wp-block-list\">\n<li><strong>WABOOM Fordel<\/strong>Du f\u00e5r ikke bare et v\u00e6rkt\u00f8j; du f\u00e5r en partner, der hj\u00e6lper med at opbygge kampagnen, optimere, dirigere leads og drive konverteringer.<\/li>\n\n\n\n<li><strong>WASender-afvejning<\/strong>Fantastisk til mindre kampagner eller udg\u00e5ende bulkforsendelser, men du skal selv udf\u00f8re det h\u00e5rde arbejde: opbygge flows, optimere, styre omkostninger og sikre leveringsevne.<\/li>\n<\/ul>\n\n\n\n<h3 class=\"wp-block-heading\">3. Support og virksomhedsberedskab<\/h3>\n\n\n\n<ul class=\"wp-block-list\">\n<li><strong>WABOOM Fordel<\/strong>Dedikeret support, h\u00f8j f\u00f8lsomhed og strategisk tilpasning betyder, at du er bedre rustet til skalering, komplekse arbejdsgange og h\u00f8je indsatser.<\/li>\n\n\n\n<li><strong>WASender-afvejning<\/strong>Designet til enklere arbejdsgange, mindre teams eller selvbetjening. Hvis du skalerer hurtigt eller har brug for dyb routing og h\u00f8j p\u00e5lidelighed, kan du st\u00f8de p\u00e5 begr\u00e6nsninger.<\/li>\n<\/ul>\n\n\n\n<h2 class=\"wp-block-heading\"> Fordele og ulemper: WABOOM vs. WASender<\/h2>\n\n\n\n<figure class=\"wp-block-table\"><table class=\"has-fixed-layout\"><thead><tr><th><\/th><th><strong>WABOOM (V\u00e6kstpartner)<\/strong><\/th><th><strong>WASender (Platform\/V\u00e6rkt\u00f8j)<\/strong><\/th><\/tr><\/thead><tbody><tr><td><strong>Fordele<\/strong><\/td><td>\u2022 Ingen till\u00e6g p\u00e5 omkostningerne ved WhatsApp-samtaler.<br>\u2022 10.000 gratis beskeder til test.<br>\u2022 Fuld service af annoncer + automatisering + konverteringsstyring.<br>\u2022 Ubegr\u00e6nsede agenter (i de fleste abonnementer).<br>\u2022 Forudsigelig skaleringsmodel for v\u00e6kst.<\/td><td>\u2022 Lavprisindgangspunkt.<br>\u2022 Nyttig til udg\u00e5ende massebeskeder.<br>\u2022 Simpelt v\u00e6rkt\u00f8j \u2013 upload kontakter, send beskeder, personligg\u00f8r.<br>\u2022 God til kampagner i mindre skala\/med lavere budget.<\/td><\/tr><tr><td><strong>Ulemper \/ Afvejninger<\/strong><\/td><td>\u2022 Du er afh\u00e6ngig af en partner til udf\u00f8relse \u2013 hvis du foretr\u00e6kker fuld intern kontrol, kan det f\u00f8les mindre praktisk.<br>\u2022 Der kan forekomme et fast platform-\/servicegebyr, efterh\u00e5nden som du skalerer.<\/td><td>\u2022 Omkostninger, leveringsevne, optimering og ruteplanl\u00e6gning er dit ansvar.<br>\u2022 Begr\u00e6nset strategisk support; du vil sandsynligvis have brug for flere interne ressourcer for at maksimere investeringsafkastet.<br>\u2022 Kan mangle avanceret integration af annoncekampagner, dyb attribution eller virksomhedsautomatisering.<\/td><\/tr><\/tbody><\/table><\/figure>\n\n\n\n<h2 class=\"wp-block-heading\"> Ofte stillede sp\u00f8rgsm\u00e5l (FAQ)<\/h2>\n\n\n\n<p><strong>Q: Tilbyder WABOOM virkelig et gratis abonnement med 10.000 beskeder?<\/strong><br><strong>EN:<\/strong> Ja \u2013 en af deres unikke fordele er en &quot;Forever Free Plan&quot;, der inkluderer 10.000 beskeder p\u00e5 forh\u00e5nd, s\u00e5 du kan teste uden stor risiko.<\/p>\n\n\n\n<p><strong>Q: Er WASender god til storstilet automatisering og arbejdsgange med flere agenter?<\/strong><br><strong>EN:<\/strong> Det kan fungere til udg\u00e5ende massebeskeder, men hvis du har brug for arbejdsgange med flere agenter, dyb routing, annoncedrevne konverteringstragte og virksomhedsskala, kan det v\u00e6re mindre egnet sammenlignet med platforme, der er bygget til v\u00e6kst.<\/p>\n\n\n\n<p><strong>Q: Hvilken er bedst til Click-to-WhatsApp-annoncer og fuld funneloptimering?<\/strong><br><strong>EN:<\/strong> WABOOM er klart st\u00e6rkere, fordi det tilbyder strategi + udf\u00f8relse + optimering. WASender er mere til masseudsendelse af beskeder end til at k\u00f8re komplette funnel-annoncekampagner.<\/p>\n\n\n\n<p><strong>Q: Er der ubegr\u00e6nsede agentpladser p\u00e5 WASender, ligesom de er p\u00e5 WABOOM?<\/strong><br><strong>EN:<\/strong> Ikke n\u00f8dvendigvis. WASenders fokus er massebeskeder snarere end samarbejde mellem virksomhedsteams \u2013 du b\u00f8r gennemg\u00e5, hvor mange agent-\/brugerpladser du f\u00e5r, og om der g\u00e6lder ekstra omkostninger.<\/p>\n\n\n\n<h2 class=\"wp-block-heading\">Hvem vinder?<\/h2>\n\n\n\n<ul class=\"wp-block-list\">\n<li>V\u00e6lge <strong>WABOOM<\/strong> hvis du:<br>\u2714 Vil du have <strong>offload-strategi, kampagner og v\u00e6ksteksekvering<\/strong> til en partner<br>\u2714 Behov <strong>forudsigelig prisfasts\u00e6ttelse uden avance<\/strong> med en gratis m\u00e5de at teste p\u00e5<br>\u2714 \u00d8nsker du en partner, der driver annonce-til-WhatsApp-flows, routing, konvertering og automatisering<br>\u2714 Skalerer og kr\u00e6ver p\u00e5lidelig, virksomhedsklar infrastruktur<\/li>\n\n\n\n<li>V\u00e6lge <strong>WASender<\/strong> hvis du:<br>\u2714 Har et mindre budget og prim\u00e6rt brug for en <strong>v\u00e6rkt\u00f8j til masseops\u00f8gende arbejde<\/strong><br>\u2714 Er tryg ved at opbygge og administrere dine egne flows, kampagner og optimering<br>\u2714 Har endnu ikke brug for fuld annonceintegration, routinglogik eller support fra virksomhedsteamet<br>\u2714 \u00d8nsker du et enklere og billigere indgangspunkt til WhatsApp-beskeder<\/li>\n<\/ul>\n\n\n\n<p><strong>Konklusion:<\/strong><br>Hvis du er seri\u00f8s omkring at bruge WhatsApp til v\u00e6kst \u2013 ikke bare til kampagner \u2013 s\u00e5 <strong>WABOOM<\/strong> er det st\u00e6rkere valg, fordi det giver dig struktur, strategi og partnerskab.<br>Hvis du tester mindre kampagner eller laver enklere ops\u00f8gende arbejde, <strong>WASender<\/strong> tilbyder et brugbart billigt v\u00e6rkt\u00f8j.<\/p>","protected":false},"excerpt":{"rendered":"<p>Stop Paying for Messaging Tools That Leave You Doing All the Work Many \u201cWhatsApp blast\u201d tools look cheap, but when you want to scale, convert, and automate, they often fall short. If you need predictable pricing, full-service execution, and a partner who drives growth, you should compare WABOOM vs. WASender \u2014 because what you really&#8230;<\/p>","protected":false},"author":1,"featured_media":0,"parent":0,"menu_order":0,"comment_status":"closed","ping_status":"closed","template":"","meta":{"_bbp_topic_count":0,"_bbp_reply_count":0,"_bbp_total_topic_count":0,"_bbp_total_reply_count":0,"_bbp_voice_count":0,"_bbp_anonymous_reply_count":0,"_bbp_topic_count_hidden":0,"_bbp_reply_count_hidden":0,"_bbp_forum_subforum_count":0,"_monsterinsights_skip_tracking":false,"_monsterinsights_sitenote_active":false,"_monsterinsights_sitenote_note":"","_monsterinsights_sitenote_category":0,"footnotes":""},"class_list":["post-6371","page","type-page","status-publish","hentry"],"_links":{"self":[{"href":"https:\/\/waboom.net\/da\/wp-json\/wp\/v2\/pages\/6371","targetHints":{"allow":["GET"]}}],"collection":[{"href":"https:\/\/waboom.net\/da\/wp-json\/wp\/v2\/pages"}],"about":[{"href":"https:\/\/waboom.net\/da\/wp-json\/wp\/v2\/types\/page"}],"author":[{"embeddable":true,"href":"https:\/\/waboom.net\/da\/wp-json\/wp\/v2\/users\/1"}],"replies":[{"embeddable":true,"href":"https:\/\/waboom.net\/da\/wp-json\/wp\/v2\/comments?post=6371"}],"version-history":[{"count":0,"href":"https:\/\/waboom.net\/da\/wp-json\/wp\/v2\/pages\/6371\/revisions"}],"wp:attachment":[{"href":"https:\/\/waboom.net\/da\/wp-json\/wp\/v2\/media?parent=6371"}],"curies":[{"name":"wp","href":"https:\/\/api.w.org\/{rel}","templated":true}]}}