{"id":18,"date":"2024-06-27T10:50:41","date_gmt":"2024-06-27T10:50:41","guid":{"rendered":"http:\/\/localhost:10022\/?page_id=18"},"modified":"2025-11-12T17:07:00","modified_gmt":"2025-11-12T17:07:00","slug":"about","status":"publish","type":"page","link":"https:\/\/waboom.net\/de_de\/about\/","title":{"rendered":"About"},"content":{"rendered":"<div data-elementor-type=\"wp-page\" data-elementor-id=\"18\" class=\"elementor elementor-18\">\n\t\t\t\t<div class=\"elementor-element elementor-element-0a35e3f e-flex e-con-boxed e-con e-parent\" data-id=\"0a35e3f\" data-element_type=\"container\" data-e-type=\"container\" data-settings=\"{&quot;background_background&quot;:&quot;classic&quot;,&quot;shape_divider_bottom&quot;:&quot;tilt&quot;}\">\n\t\t\t\t\t<div class=\"e-con-inner\">\n\t\t\t\t<div class=\"elementor-shape elementor-shape-bottom\" aria-hidden=\"true\" data-negative=\"false\">\n\t\t\t<svg xmlns=\"http:\/\/www.w3.org\/2000\/svg\" viewbox=\"0 0 1000 100\" preserveaspectratio=\"none\">\n\t<path class=\"elementor-shape-fill\" d=\"M0,6V0h1000v100L0,6z\"\/>\n<\/svg>\t\t<\/div>\n\t\t<div class=\"elementor-element elementor-element-6e92aed e-con-full e-flex e-con e-child\" data-id=\"6e92aed\" data-element_type=\"container\" data-e-type=\"container\">\n\t\t\t\t<div class=\"elementor-element elementor-element-589b8e7 elementor-widget elementor-widget-text-editor\" data-id=\"589b8e7\" data-element_type=\"widget\" data-e-type=\"widget\" data-widget_type=\"text-editor.default\">\n\t\t\t\t\t\t\t\t\t<p data-start=\"266\" data-end=\"335\"><span style=\"font-weight: 400; color: #ffffff;\">Kommunikation vereinfachen. Gesch\u00e4ftsprozesse beschleunigen.<\/span><\/p>\t\t\t\t\t\t\t\t<\/div>\n\t\t\t\t<div class=\"elementor-element elementor-element-6c1e90b elementor-widget elementor-widget-heading\" data-id=\"6c1e90b\" data-element_type=\"widget\" data-e-type=\"widget\" data-widget_type=\"heading.default\">\n\t\t\t\t\t<h2 class=\"elementor-heading-title elementor-size-default\">\u00dcber WABOOM<\/h2>\t\t\t\t<\/div>\n\t\t\t\t<div class=\"elementor-element elementor-element-c21be9e elementor-widget elementor-widget-text-editor\" data-id=\"c21be9e\" data-element_type=\"widget\" data-e-type=\"widget\" data-widget_type=\"text-editor.default\">\n\t\t\t\t\t\t\t\t\t<p data-start=\"383\" data-end=\"547\"><span style=\"color: #ffffff;\">Wir sind ein kleines Team mit gro\u00dfen Ideen \u2013 und genau das gef\u00e4llt uns. Dank unserer schlanken Struktur k\u00f6nnen wir schnell agieren, nah an unseren Kunden bleiben und L\u00f6sungen entwickeln, die wirklich etwas bewirken.<\/span><\/p><ul data-start=\"549\" data-end=\"809\"><li data-start=\"549\" data-end=\"634\"><p data-start=\"551\" data-end=\"634\"><span style=\"color: #ffffff;\">\u00a0Jedes Projekt beginnt mit Gespr\u00e4chen, nicht mit Annahmen.<\/span><\/p><\/li><li data-start=\"635\" data-end=\"722\"><p data-start=\"637\" data-end=\"722\"><span style=\"color: #ffffff;\">\u00a0Kein unn\u00f6tiger Schnickschnack \u2013 nur Werkzeuge, die echte Probleme l\u00f6sen.<\/span><\/p><\/li><li data-start=\"723\" data-end=\"809\"><p data-start=\"725\" data-end=\"809\"><span style=\"color: #ffffff;\">Als eng verbundenes Team ist uns jeder Erfolg pers\u00f6nlich wichtig.<\/span><\/p><\/li><\/ul><p data-start=\"811\" data-end=\"885\"><span style=\"color: #ffffff;\">Bei Waboom entwickeln wir nicht nur Software \u2013 wir schaffen Partnerschaften.<\/span><\/p>\t\t\t\t\t\t\t\t<\/div>\n\t\t\t\t<\/div>\n\t\t<div class=\"elementor-element elementor-element-0be43aa e-con-full e-flex e-con e-child\" data-id=\"0be43aa\" data-element_type=\"container\" data-e-type=\"container\">\n\t\t\t\t<div class=\"elementor-element elementor-element-4fc6bc8 elementor-hidden-desktop elementor-widget elementor-widget-image\" data-id=\"4fc6bc8\" data-element_type=\"widget\" data-e-type=\"widget\" data-widget_type=\"image.default\">\n\t\t\t\t\t\t\t\t\t\t\t\t\t\t\t<img fetchpriority=\"high\" decoding=\"async\" width=\"992\" height=\"1056\" src=\"https:\/\/waboom.net\/wp-content\/uploads\/2025\/09\/Gemini_Generated_Image_xmfva4xmfva4xmfv.png\" class=\"attachment-2048x2048 size-2048x2048 wp-image-4709\" alt=\"\" srcset=\"https:\/\/waboom.net\/wp-content\/uploads\/2025\/09\/Gemini_Generated_Image_xmfva4xmfva4xmfv.png 992w, https:\/\/waboom.net\/wp-content\/uploads\/2025\/09\/Gemini_Generated_Image_xmfva4xmfva4xmfv-282x300.png 282w, https:\/\/waboom.net\/wp-content\/uploads\/2025\/09\/Gemini_Generated_Image_xmfva4xmfva4xmfv-962x1024.png 962w, https:\/\/waboom.net\/wp-content\/uploads\/2025\/09\/Gemini_Generated_Image_xmfva4xmfva4xmfv-768x818.png 768w\" sizes=\"(max-width: 992px) 100vw, 992px\" title=\"\">\t\t\t\t\t\t\t\t\t\t\t\t\t\t\t<\/div>\n\t\t\t\t<\/div>\n\t\t\t\t\t<\/div>\n\t\t\t\t<\/div>\n\t\t<div class=\"elementor-element elementor-element-426c9e0 e-flex e-con-boxed e-con e-parent\" data-id=\"426c9e0\" data-element_type=\"container\" data-e-type=\"container\">\n\t\t\t\t\t<div class=\"e-con-inner\">\n\t\t<div class=\"elementor-element elementor-element-c877285 e-con-full animated-slow e-flex elementor-invisible e-con e-child\" data-id=\"c877285\" data-element_type=\"container\" data-e-type=\"container\" data-settings=\"{&quot;animation&quot;:&quot;fadeInRight&quot;}\">\n\t\t\t\t<div class=\"elementor-element elementor-element-0402fb1 elementor-widget elementor-widget-text-editor\" data-id=\"0402fb1\" data-element_type=\"widget\" data-e-type=\"widget\" data-widget_type=\"text-editor.default\">\n\t\t\t\t\t\t\t\t\t<h1>Unsere Werte<\/h1>\t\t\t\t\t\t\t\t<\/div>\n\t\t\t\t<div class=\"elementor-element elementor-element-7b13c96 elementor-widget elementor-widget-heading\" data-id=\"7b13c96\" data-element_type=\"widget\" data-e-type=\"widget\" data-widget_type=\"heading.default\">\n\t\t\t\t\t<h2 class=\"elementor-heading-title elementor-size-default\">Unsere Gr\u00f6\u00dfe ist unsere St\u00e4rke. Jede Stimme z\u00e4hlt und jede Entscheidung hat Bedeutung.   <\/h2>\t\t\t\t<\/div>\n\t\t\t\t<\/div>\n\t\t<div class=\"elementor-element elementor-element-eaca005 e-con-full animated-slow e-flex elementor-invisible e-con e-child\" data-id=\"eaca005\" data-element_type=\"container\" data-e-type=\"container\" data-settings=\"{&quot;animation&quot;:&quot;fadeInLeft&quot;}\">\n\t\t\t\t<div class=\"elementor-element elementor-element-d15c530 elementor-widget elementor-widget-text-editor\" data-id=\"d15c530\" data-element_type=\"widget\" data-e-type=\"widget\" data-widget_type=\"text-editor.default\">\n\t\t\t\t\t\t\t\t\t<ul data-start=\"1050\" data-end=\"1509\"><li data-start=\"1050\" data-end=\"1125\"><p data-start=\"1052\" data-end=\"1125\"><strong data-start=\"1052\" data-end=\"1066\">Innovation<\/strong> \u2013 Wir leben von frischen Ideen und kreativer Probleml\u00f6sung.<\/p><\/li><li data-start=\"1126\" data-end=\"1205\"><p data-start=\"1128\" data-end=\"1205\"><strong data-start=\"1128\" data-end=\"1141\">Integrit\u00e4t<\/strong> \u2013 Wir glauben, dass Vertrauen durch ehrliche Interaktion entsteht.<\/p><\/li><li data-start=\"1206\" data-end=\"1287\"><p data-start=\"1208\" data-end=\"1287\"><strong data-start=\"1208\" data-end=\"1226\">Kundenzentriert<\/strong> \u2013 Wir behandeln unsere Kunden wie Teammitglieder, nicht wie Transaktionen.<\/p><\/li><li data-start=\"1288\" data-end=\"1363\"><p data-start=\"1290\" data-end=\"1363\"><strong data-start=\"1290\" data-end=\"1307\">Zusammenarbeit<\/strong> \u2013 Wir arbeiten als ein Team, lernen und wachsen gemeinsam.<\/p><\/li><li data-start=\"1364\" data-end=\"1440\"><p data-start=\"1366\" data-end=\"1440\"><strong data-start=\"1366\" data-end=\"1380\">Exzellenz<\/strong> \u2013 Auch als Start-up legen wir hohe Ma\u00dfst\u00e4be an uns selbst an.<\/p><\/li><li data-start=\"1441\" data-end=\"1509\"><p data-start=\"1443\" data-end=\"1509\"><strong data-start=\"1443\" data-end=\"1461\">Zukunftsorientiert<\/strong> \u2013 Wir bauen heute mit Blick auf morgen.<\/p><\/li><\/ul>\t\t\t\t\t\t\t\t<\/div>\n\t\t\t\t<\/div>\n\t\t\t\t\t<\/div>\n\t\t\t\t<\/div>\n\t\t<div class=\"elementor-element elementor-element-a3d1d50 e-flex e-con-boxed e-con e-parent\" data-id=\"a3d1d50\" data-element_type=\"container\" data-e-type=\"container\">\n\t\t\t\t\t<div class=\"e-con-inner\">\n\t\t<div class=\"elementor-element elementor-element-6435388 e-con-full e-flex e-con e-child\" data-id=\"6435388\" data-element_type=\"container\" data-e-type=\"container\">\n\t\t<div class=\"elementor-element elementor-element-e43e524 animated-slow e-con-full e-flex elementor-invisible e-con e-child\" data-id=\"e43e524\" data-element_type=\"container\" data-e-type=\"container\" data-settings=\"{&quot;animation&quot;:&quot;fadeIn&quot;}\">\n\t\t\t\t<div class=\"elementor-element elementor-element-ccc942f elementor-widget elementor-widget-heading\" data-id=\"ccc942f\" data-element_type=\"widget\" data-e-type=\"widget\" data-widget_type=\"heading.default\">\n\t\t\t\t\t<div class=\"elementor-heading-title elementor-size-default\">\t\nVon Unternehmen genutzt\n<\/div>\t\t\t\t<\/div>\n\t\t\t\t<div class=\"elementor-element elementor-element-beadc31 elementor-widget elementor-widget-image-carousel\" data-id=\"beadc31\" data-element_type=\"widget\" data-e-type=\"widget\" data-settings=\"{&quot;slides_to_show&quot;:&quot;5&quot;,&quot;navigation&quot;:&quot;none&quot;,&quot;image_spacing_custom&quot;:{&quot;unit&quot;:&quot;px&quot;,&quot;size&quot;:75,&quot;sizes&quot;:[]},&quot;autoplay&quot;:&quot;yes&quot;,&quot;pause_on_hover&quot;:&quot;yes&quot;,&quot;pause_on_interaction&quot;:&quot;yes&quot;,&quot;autoplay_speed&quot;:5000,&quot;infinite&quot;:&quot;yes&quot;,&quot;speed&quot;:500,&quot;image_spacing_custom_tablet&quot;:{&quot;unit&quot;:&quot;px&quot;,&quot;size&quot;:&quot;&quot;,&quot;sizes&quot;:[]},&quot;image_spacing_custom_mobile&quot;:{&quot;unit&quot;:&quot;px&quot;,&quot;size&quot;:&quot;&quot;,&quot;sizes&quot;:[]}}\" data-widget_type=\"image-carousel.default\">\n\t\t\t\t\t\t\t<div class=\"elementor-image-carousel-wrapper swiper\" role=\"region\" aria-roledescription=\"carousel\" aria-label=\"Bilderkarussell\" dir=\"ltr\">\n\t\t\t<div class=\"elementor-image-carousel swiper-wrapper\" aria-live=\"off\">\n\t\t\t\t\t\t\t\t<div class=\"swiper-slide\" role=\"group\" aria-roledescription=\"slide\" aria-label=\"1 von 6\"><figure class=\"swiper-slide-inner\"><img decoding=\"async\" class=\"swiper-slide-image\" src=\"https:\/\/waboom.net\/wp-content\/uploads\/2025\/10\/logo-colored.png\" alt=\"logofarben\" title=\"\"><\/figure><\/div><div class=\"swiper-slide\" role=\"group\" aria-roledescription=\"slide\" aria-label=\"2 von 6\"><figure class=\"swiper-slide-inner\"><img decoding=\"async\" class=\"swiper-slide-image\" src=\"https:\/\/waboom.net\/wp-content\/uploads\/2025\/10\/AlZumuruda_Logo-e1755865598669.png\" alt=\"AlZumuruda_Logo-e1755865598669\" title=\"\"><\/figure><\/div><div class=\"swiper-slide\" role=\"group\" aria-roledescription=\"slide\" aria-label=\"3 von 6\"><figure class=\"swiper-slide-inner\"><img decoding=\"async\" class=\"swiper-slide-image\" src=\"https:\/\/waboom.net\/wp-content\/uploads\/2025\/10\/KJ1mZX10VAoPDgX7fHUvtzfqhKPXi1lL7cKlL4xl.png\" alt=\"KJ1mZX10VAoPDgX7fHUvtzfqhKPXi1lL7cKlL4xl\" title=\"\"><\/figure><\/div><div class=\"swiper-slide\" role=\"group\" aria-roledescription=\"slide\" aria-label=\"4 von 6\"><figure class=\"swiper-slide-inner\"><img decoding=\"async\" class=\"swiper-slide-image\" src=\"https:\/\/waboom.net\/wp-content\/uploads\/2025\/10\/images-e1755865264479.png\" alt=\"Bilder-e1755865264479\" title=\"\"><\/figure><\/div><div class=\"swiper-slide\" role=\"group\" aria-roledescription=\"slide\" aria-label=\"5 von 6\"><figure class=\"swiper-slide-inner\"><img decoding=\"async\" class=\"swiper-slide-image\" src=\"https:\/\/waboom.net\/wp-content\/uploads\/2025\/10\/faces-canada.jpg\" alt=\"Gesichter Kanada\" title=\"\"><\/figure><\/div><div class=\"swiper-slide\" role=\"group\" aria-roledescription=\"slide\" aria-label=\"6 von 6\"><figure class=\"swiper-slide-inner\"><img decoding=\"async\" class=\"swiper-slide-image\" src=\"https:\/\/waboom.net\/wp-content\/uploads\/2025\/10\/logo.png\" alt=\"Logo\" title=\"\"><\/figure><\/div>\t\t\t<\/div>\n\t\t\t\t\t\t\t\n\t\t\t\t\t\t\t\t\t<\/div>\n\t\t\t\t\t\t<\/div>\n\t\t\t\t<\/div>\n\t\t\t\t<\/div>\n\t\t\t\t\t<\/div>\n\t\t\t\t<\/div>\n\t\t<div class=\"elementor-element elementor-element-f263ff9 e-flex e-con-boxed e-con e-parent\" data-id=\"f263ff9\" data-element_type=\"container\" data-e-type=\"container\">\n\t\t\t\t\t<div class=\"e-con-inner\">\n\t\t<div class=\"elementor-element elementor-element-3376a7d e-con-full animated-slow e-flex elementor-invisible e-con e-child\" data-id=\"3376a7d\" data-element_type=\"container\" data-e-type=\"container\" data-settings=\"{&quot;animation&quot;:&quot;fadeInRight&quot;}\">\n\t\t\t\t<div class=\"elementor-element elementor-element-06250af elementor-widget elementor-widget-image\" data-id=\"06250af\" data-element_type=\"widget\" data-e-type=\"widget\" data-widget_type=\"image.default\">\n\t\t\t\t\t\t\t\t\t\t\t\t\t\t\t<img decoding=\"async\" width=\"1025\" height=\"925\" src=\"https:\/\/waboom.net\/wp-content\/uploads\/2024\/07\/img-04.svg\" class=\"attachment-full size-full wp-image-641\" alt=\"\" title=\"\">\t\t\t\t\t\t\t\t\t\t\t\t\t\t\t<\/div>\n\t\t\t\t<\/div>\n\t\t<div class=\"elementor-element elementor-element-62d75ce e-con-full animated-slow e-flex elementor-invisible e-con e-child\" data-id=\"62d75ce\" data-element_type=\"container\" data-e-type=\"container\" data-settings=\"{&quot;animation&quot;:&quot;fadeInLeft&quot;}\">\n\t\t\t\t<div class=\"elementor-element elementor-element-914f407 elementor-widget elementor-widget-heading\" data-id=\"914f407\" data-element_type=\"widget\" data-e-type=\"widget\" data-widget_type=\"heading.default\">\n\t\t\t\t\t<h2 class=\"elementor-heading-title elementor-size-default\">Unsere Wirkung<\/h2>\t\t\t\t<\/div>\n\t\t\t\t<div class=\"elementor-element elementor-element-4eda682 elementor-widget elementor-widget-text-editor\" data-id=\"4eda682\" data-element_type=\"widget\" data-e-type=\"widget\" data-widget_type=\"text-editor.default\">\n\t\t\t\t\t\t\t\t\t<p data-start=\"1535\" data-end=\"1590\">Wir sind zwar klein, aber unsere Arbeit bewirkt etwas.<\/p><ul data-start=\"1592\" data-end=\"1856\"><li data-start=\"1592\" data-end=\"1658\"><p data-start=\"1594\" data-end=\"1658\">\ud83d\ude80 Hilfe <strong data-start=\"1605\" data-end=\"1631\">Hunderte von Unternehmen<\/strong> Kommunikation optimieren<\/p><\/li><li data-start=\"1659\" data-end=\"1722\"><p data-start=\"1661\" data-end=\"1722\">\ud83d\udcac Stromversorgung <strong data-start=\"1673\" data-end=\"1710\">Millionen von Kundeninteraktionen<\/strong> mit Leichtigkeit<\/p><\/li><li data-start=\"1723\" data-end=\"1787\"><p data-start=\"1725\" data-end=\"1787\">\ud83c\udf31 Nachhaltigkeit durch schlanke und effiziente Praktiken gew\u00e4hrleisten<\/p><\/li><li data-start=\"1788\" data-end=\"1856\"><p data-start=\"1790\" data-end=\"1856\">\ud83c\udf10 Global wachsen und gleichzeitig starke Beziehungen bewahren<\/p><\/li><\/ul><p data-start=\"1858\" data-end=\"1949\">F\u00fcr uns geht es bei Wirkung nicht um Gr\u00f6\u00dfe, sondern um den Wert, den wir f\u00fcr jeden einzelnen Kunden schaffen.<\/p>\t\t\t\t\t\t\t\t<\/div>\n\t\t\t\t<\/div>\n\t\t\t\t\t<\/div>\n\t\t\t\t<\/div>\n\t\t<div class=\"elementor-element elementor-element-81182fe animated-slow e-flex e-con-boxed elementor-invisible e-con e-parent\" data-id=\"81182fe\" data-element_type=\"container\" data-e-type=\"container\" data-settings=\"{&quot;animation&quot;:&quot;fadeInUp&quot;}\">\n\t\t\t\t\t<div class=\"e-con-inner\">\n\t\t\t\t<div class=\"elementor-element elementor-element-6ef2281 elementor-widget elementor-widget-heading\" data-id=\"6ef2281\" data-element_type=\"widget\" data-e-type=\"widget\" data-widget_type=\"heading.default\">\n\t\t\t\t\t<h1 class=\"elementor-heading-title elementor-size-default\">Unser Team<\/h1>\t\t\t\t<\/div>\n\t\t\t\t\t<\/div>\n\t\t\t\t<\/div>\n\t\t<div class=\"elementor-element elementor-element-8ffc829 rt-team-member e-flex e-con-boxed e-con e-parent\" data-id=\"8ffc829\" data-element_type=\"container\" data-e-type=\"container\">\n\t\t\t\t\t<div class=\"e-con-inner\">\n\t\t<div class=\"elementor-element elementor-element-1b09ad1 e-con-full animated-slow e-flex elementor-invisible e-con e-child\" data-id=\"1b09ad1\" data-element_type=\"container\" data-e-type=\"container\" data-settings=\"{&quot;animation&quot;:&quot;fadeInUp&quot;}\">\n\t\t<div class=\"elementor-element elementor-element-a7689ef e-con-full team-item e-flex e-con e-child\" data-id=\"a7689ef\" data-element_type=\"container\" data-e-type=\"container\">\n\t\t\t\t<div class=\"elementor-element elementor-element-43565f5 elementor-widget elementor-widget-heading\" data-id=\"43565f5\" data-element_type=\"widget\" data-e-type=\"widget\" data-widget_type=\"heading.default\">\n\t\t\t\t\t<h3 class=\"elementor-heading-title elementor-size-default\">Othman Safdar<\/h3>\t\t\t\t<\/div>\n\t\t\t\t<div class=\"elementor-element elementor-element-89f070e elementor-widget elementor-widget-text-editor\" data-id=\"89f070e\" data-element_type=\"widget\" data-e-type=\"widget\" data-widget_type=\"text-editor.default\">\n\t\t\t\t\t\t\t\t\tGr\u00fcnder und CEO\t\t\t\t\t\t\t\t<\/div>\n\t\t\t\t<\/div>\n\t\t<div class=\"elementor-element elementor-element-a17a448 e-con-full team-item e-flex e-con e-child\" data-id=\"a17a448\" data-element_type=\"container\" data-e-type=\"container\">\n\t\t\t\t<div class=\"elementor-element elementor-element-a7e16c3 elementor-widget elementor-widget-heading\" data-id=\"a7e16c3\" data-element_type=\"widget\" data-e-type=\"widget\" data-widget_type=\"heading.default\">\n\t\t\t\t\t<h3 class=\"elementor-heading-title elementor-size-default\">Jaime Fletcher<\/h3>\t\t\t\t<\/div>\n\t\t\t\t<div class=\"elementor-element elementor-element-bac4f00 elementor-widget elementor-widget-text-editor\" data-id=\"bac4f00\" data-element_type=\"widget\" data-e-type=\"widget\" data-widget_type=\"text-editor.default\">\n\t\t\t\t\t\t\t\t\tSenior Softwareentwickler\t\t\t\t\t\t\t\t<\/div>\n\t\t\t\t<\/div>\n\t\t<div class=\"elementor-element elementor-element-f2a915f e-con-full team-item e-flex e-con e-child\" data-id=\"f2a915f\" data-element_type=\"container\" data-e-type=\"container\">\n\t\t\t\t<div class=\"elementor-element elementor-element-145f1cd elementor-widget elementor-widget-heading\" data-id=\"145f1cd\" data-element_type=\"widget\" data-e-type=\"widget\" data-widget_type=\"heading.default\">\n\t\t\t\t\t<h3 class=\"elementor-heading-title elementor-size-default\">Les Bakker<\/h3>\t\t\t\t<\/div>\n\t\t\t\t<div class=\"elementor-element elementor-element-c24140b elementor-widget elementor-widget-text-editor\" data-id=\"c24140b\" data-element_type=\"widget\" data-e-type=\"widget\" data-widget_type=\"text-editor.default\">\n\t\t\t\t\t\t\t\t\tSoftwareentwickler\t\t\t\t\t\t\t\t<\/div>\n\t\t\t\t<\/div>\n\t\t<div class=\"elementor-element elementor-element-c6a47d6 e-con-full team-item e-flex e-con e-child\" data-id=\"c6a47d6\" data-element_type=\"container\" data-e-type=\"container\">\n\t\t\t\t<div class=\"elementor-element elementor-element-2800f62 elementor-widget elementor-widget-heading\" data-id=\"2800f62\" data-element_type=\"widget\" data-e-type=\"widget\" data-widget_type=\"heading.default\">\n\t\t\t\t\t<h3 class=\"elementor-heading-title elementor-size-default\">Alyssa Garrison<\/h3>\t\t\t\t<\/div>\n\t\t\t\t<div class=\"elementor-element elementor-element-c3f9ae2 elementor-widget elementor-widget-text-editor\" data-id=\"c3f9ae2\" data-element_type=\"widget\" data-e-type=\"widget\" data-widget_type=\"text-editor.default\">\n\t\t\t\t\t\t\t\t\t<p>Webentwicklung<\/p>\t\t\t\t\t\t\t\t<\/div>\n\t\t\t\t<\/div>\n\t\t\t\t<\/div>\n\t\t<div class=\"elementor-element elementor-element-66db302 e-con-full animated-slow e-flex elementor-invisible e-con e-child\" data-id=\"66db302\" data-element_type=\"container\" data-e-type=\"container\" data-settings=\"{&quot;animation&quot;:&quot;fadeInUp&quot;}\">\n\t\t<div class=\"elementor-element elementor-element-eab0b88 e-con-full team-item e-flex e-con e-child\" data-id=\"eab0b88\" data-element_type=\"container\" data-e-type=\"container\">\n\t\t\t\t<div class=\"elementor-element elementor-element-3d93564 elementor-widget elementor-widget-heading\" data-id=\"3d93564\" data-element_type=\"widget\" data-e-type=\"widget\" data-widget_type=\"heading.default\">\n\t\t\t\t\t<h3 class=\"elementor-heading-title elementor-size-default\">Charlotte Johnson<\/h3>\t\t\t\t<\/div>\n\t\t\t\t<div class=\"elementor-element elementor-element-5aa8132 elementor-widget elementor-widget-text-editor\" data-id=\"5aa8132\" data-element_type=\"widget\" data-e-type=\"widget\" data-widget_type=\"text-editor.default\">\n\t\t\t\t\t\t\t\t\tContent Manager\t\t\t\t\t\t\t\t<\/div>\n\t\t\t\t<\/div>\n\t\t<div class=\"elementor-element elementor-element-40854e4 e-con-full team-item e-flex e-con e-child\" data-id=\"40854e4\" data-element_type=\"container\" data-e-type=\"container\">\n\t\t\t\t<div class=\"elementor-element elementor-element-17b58b2 elementor-widget elementor-widget-heading\" data-id=\"17b58b2\" data-element_type=\"widget\" data-e-type=\"widget\" data-widget_type=\"heading.default\">\n\t\t\t\t\t<h3 class=\"elementor-heading-title elementor-size-default\">Olivia Steiner<\/h3>\t\t\t\t<\/div>\n\t\t\t\t<div class=\"elementor-element elementor-element-fc87f05 elementor-widget elementor-widget-text-editor\" data-id=\"fc87f05\" data-element_type=\"widget\" data-e-type=\"widget\" data-widget_type=\"text-editor.default\">\n\t\t\t\t\t\t\t\t\tKundenmanager\t\t\t\t\t\t\t\t<\/div>\n\t\t\t\t<\/div>\n\t\t<div class=\"elementor-element elementor-element-9f2192e e-con-full team-item e-flex e-con e-child\" data-id=\"9f2192e\" data-element_type=\"container\" data-e-type=\"container\">\n\t\t\t\t<div class=\"elementor-element elementor-element-ef0bc4b elementor-widget elementor-widget-heading\" data-id=\"ef0bc4b\" data-element_type=\"widget\" data-e-type=\"widget\" data-widget_type=\"heading.default\">\n\t\t\t\t\t<h3 class=\"elementor-heading-title elementor-size-default\">Charles Fairless<\/h3>\t\t\t\t<\/div>\n\t\t\t\t<div class=\"elementor-element elementor-element-f0c6266 elementor-widget elementor-widget-text-editor\" data-id=\"f0c6266\" data-element_type=\"widget\" data-e-type=\"widget\" data-widget_type=\"text-editor.default\">\n\t\t\t\t\t\t\t\t\tKundenmanager\t\t\t\t\t\t\t\t<\/div>\n\t\t\t\t<\/div>\n\t\t<div class=\"elementor-element elementor-element-0d9ba42 e-con-full team-item e-flex e-con e-child\" data-id=\"0d9ba42\" data-element_type=\"container\" data-e-type=\"container\">\n\t\t\t\t<div class=\"elementor-element elementor-element-39a1568 elementor-widget elementor-widget-heading\" data-id=\"39a1568\" data-element_type=\"widget\" data-e-type=\"widget\" data-widget_type=\"heading.default\">\n\t\t\t\t\t<h3 class=\"elementor-heading-title elementor-size-default\">Nancy Taylor<\/h3>\t\t\t\t<\/div>\n\t\t\t\t<div class=\"elementor-element elementor-element-ed1a954 elementor-widget elementor-widget-text-editor\" data-id=\"ed1a954\" data-element_type=\"widget\" data-e-type=\"widget\" data-widget_type=\"text-editor.default\">\n\t\t\t\t\t\t\t\t\tMarketingleiter\t\t\t\t\t\t\t\t<\/div>\n\t\t\t\t<\/div>\n\t\t\t\t<\/div>\n\t\t<div class=\"elementor-element elementor-element-bd57f61 e-con-full animated-slow e-flex elementor-invisible e-con e-child\" data-id=\"bd57f61\" data-element_type=\"container\" data-e-type=\"container\" data-settings=\"{&quot;animation&quot;:&quot;fadeInUp&quot;}\">\n\t\t<div class=\"elementor-element elementor-element-acde582 e-con-full e-flex e-con e-child\" data-id=\"acde582\" data-element_type=\"container\" data-e-type=\"container\">\n\t\t\t\t<\/div>\n\t\t\t\t<\/div>\n\t\t\t\t\t<\/div>\n\t\t\t\t<\/div>\n\t\t\t\t<\/div>","protected":false},"excerpt":{"rendered":"<p>Simplify communication. Accelerate deal cycles About WABOOM We\u2019re a small team with big ideas\u2014and we like it that way. Being lean means we can move fast, stay close to our customers, and build solutions that really matter. \u00a0Every project starts with conversations, not assumptions. \u00a0No unnecessary fluff\u2014just tools that solve real problems. As a tight-knit&#8230;<\/p>","protected":false},"author":1,"featured_media":0,"parent":0,"menu_order":0,"comment_status":"closed","ping_status":"closed","template":"elementor_header_footer","meta":{"_bbp_topic_count":0,"_bbp_reply_count":0,"_bbp_total_topic_count":0,"_bbp_total_reply_count":0,"_bbp_voice_count":0,"_bbp_anonymous_reply_count":0,"_bbp_topic_count_hidden":0,"_bbp_reply_count_hidden":0,"_bbp_forum_subforum_count":0,"_monsterinsights_skip_tracking":false,"_monsterinsights_sitenote_active":false,"_monsterinsights_sitenote_note":"","_monsterinsights_sitenote_category":0,"footnotes":""},"class_list":["post-18","page","type-page","status-publish","hentry"],"_links":{"self":[{"href":"https:\/\/waboom.net\/de_de\/wp-json\/wp\/v2\/pages\/18","targetHints":{"allow":["GET"]}}],"collection":[{"href":"https:\/\/waboom.net\/de_de\/wp-json\/wp\/v2\/pages"}],"about":[{"href":"https:\/\/waboom.net\/de_de\/wp-json\/wp\/v2\/types\/page"}],"author":[{"embeddable":true,"href":"https:\/\/waboom.net\/de_de\/wp-json\/wp\/v2\/users\/1"}],"replies":[{"embeddable":true,"href":"https:\/\/waboom.net\/de_de\/wp-json\/wp\/v2\/comments?post=18"}],"version-history":[{"count":0,"href":"https:\/\/waboom.net\/de_de\/wp-json\/wp\/v2\/pages\/18\/revisions"}],"wp:attachment":[{"href":"https:\/\/waboom.net\/de_de\/wp-json\/wp\/v2\/media?parent=18"}],"curies":[{"name":"wp","href":"https:\/\/api.w.org\/{rel}","templated":true}]}}