{"id":6352,"date":"2025-11-17T17:10:49","date_gmt":"2025-11-17T17:10:49","guid":{"rendered":"https:\/\/waboom.net\/?page_id=6352"},"modified":"2025-11-19T13:16:37","modified_gmt":"2025-11-19T13:16:37","slug":"6352-2","status":"publish","type":"page","link":"https:\/\/waboom.net\/de_de\/6352-2\/","title":{"rendered":"WABOOM GEGEN WATI"},"content":{"rendered":"<h1 class=\"wp-block-heading\">Verschwenden Sie kein Geld mehr f\u00fcr Messaging-Plattformen, bei denen Sie die ganze Arbeit selbst erledigen m\u00fcssen.<\/h1>\n\n\n\n<p>Kommen wir gleich zur Sache: Die meisten WhatsApp-Plattformen sehen auf dem Papier toll aus \u2013 schicke Dashboards, Bots, Automatisierung. Doch wenn es darum geht, Ihr Unternehmen zu skalieren, lassen sie Sie meist im Stich: Kostenmanagement, Anzeigenoptimierung, Workflow-Erstellung und Support-Probleme m\u00fcssen Sie selbst bew\u00e4ltigen.<\/p>\n\n\n\n<p>Falls Sie es wollen <strong>Vorhersehbare Preise, aktive Wachstumsumsetzung und ein echter Partner f\u00fcr Ihr Unternehmen<\/strong>, Sie m\u00fcssen den Unterschied erkennen zwischen <strong>WABUMM<\/strong> Und <strong>WATI<\/strong>  Die Plattform im Vergleich zum Full-Service-Wachstumspartner. Hier die Aufschl\u00fcsselung.<\/p>\n\n\n\n<h2 class=\"wp-block-heading\">WABOOM vs. WATI: Vergleich der einzelnen Funktionen<\/h2>\n\n\n\n<figure class=\"wp-block-table\"><table class=\"has-fixed-layout\"><thead><tr><th>Besonderheit<\/th><th><strong>WABOOM (Full-Service-Wachstumspartner)<\/strong><\/th><th><strong>WATI (Selbstbedienungsplattform)<\/strong><\/th><\/tr><\/thead><tbody><tr><td><strong>Meta-Konversation \/ Nachrichtenkosten<\/strong><\/td><td><strong>0%-Markierung<\/strong>  Feste Plattformgeb\u00fchr + tats\u00e4chliche Metakosten. Transparent.<\/td><td>Zahlung pro Nachricht (Vorlage + Sitzung). Die Geb\u00fchren fallen zus\u00e4tzlich zu den Meta-Kosten an.<\/td><\/tr><tr><td><strong>Preistransparenz<\/strong><\/td><td>Einfach, vorhersehbar, keine \u00dcberraschungen.<\/td><td>Abonnement + Guthaben f\u00fcr Nachrichten. Die Kosten variieren je nach Nachrichtentyp und -volumen.<\/td><\/tr><tr><td><strong>Agenten-\/Team-Logins<\/strong><\/td><td>Unbegrenzte Agenten-Logins sind in den meisten Tarifen enthalten.<\/td><td>Beinhaltet mehrere Benutzer\/Pl\u00e4tze; zus\u00e4tzliche Benutzer kosten extra.<\/td><\/tr><tr><td><strong>Werbestrategie &amp; -umsetzung<\/strong><\/td><td>Komplettservice: WABOOM \u00fcbernimmt Click-to-WhatsApp-Anzeigen, Segmentierung und Optimierung.<\/td><td>Bietet Werbetools, Strategie und Optimierung werden jedoch vom Nutzer selbst verwaltet.<\/td><\/tr><tr><td><strong>Click-to-WhatsApp-Anzeigen<\/strong><\/td><td>Erweiterte Segmentierung + CAPI-native Integration + Weiterleitung zu den richtigen Datenfl\u00fcssen.<\/td><td>Unterst\u00fctzt durch Campaign Manager; f\u00fcr eine umfassende Optimierung ist eine manuelle Einrichtung erforderlich.<\/td><\/tr><tr><td><strong>Chatbot-\/Automatisierungsentwickler<\/strong><\/td><td>Vollst\u00e4ndig freigeschaltete Drag-and-Drop-Funktionalit\u00e4t ohne \u201cFunktionsaufschlag\u201d.\u201d<\/td><td>Der Chatbot-Builder unterst\u00fctzt KI-Antworten, Keyword-Automatisierung und Formulare. Die Anzahl der Sitzungen pro Tarif ist begrenzt.<\/td><\/tr><tr><td><strong>API-\/Webhook-Zugriff<\/strong><\/td><td>Unbegrenzte, uneingeschr\u00e4nkte und einfache CRM- und Backend-Integration.<\/td><td>Voller API-Zugriff, Webhook-Unterst\u00fctzung, integrationsbereit, erfordert jedoch eine technische Einrichtung.<\/td><\/tr><tr><td><strong>Unterst\u00fctzungsmodell<\/strong><\/td><td>Pers\u00f6nlicher Kundenbetreuer + proaktiver Support per Zoom, Telefon und Chat.<\/td><td>Standardm\u00e4\u00dfiger Chat-\/E-Mail-Support; Business-\/Enterprise-Tarife bieten mehr pers\u00f6nliche Unterst\u00fctzung.<\/td><\/tr><tr><td><strong>Broadcast- \/ Massen-Messaging<\/strong><\/td><td>Geschwindigkeit, Zuverl\u00e4ssigkeit und Lieferf\u00e4higkeit auf Unternehmensniveau.<\/td><td>Unterst\u00fctzt gro\u00dfe Datenmengen, die Kosten steigen jedoch mit dem Nachrichtenguthaben.<\/td><\/tr><\/tbody><\/table><\/figure>\n\n\n\n<h2 class=\"wp-block-heading\">Die wirklichen Unterschiede, die z\u00e4hlen<\/h2>\n\n\n\n<h3 class=\"wp-block-heading\">1. Versteckte Kosten &amp; Vorhersagbarer ROI<\/h3>\n\n\n\n<ul class=\"wp-block-list\">\n<li><strong>WABOOM Vorteil<\/strong><br>Kein Aufschlag = volle Transparenz. Mit Ihrem Wachstum skalieren Ihre Kosten planbar mit den Geb\u00fchren von Meta. Keine Guthabenaufladung, kein R\u00e4tselraten.<\/li>\n\n\n\n<li><strong>WATI-Abw\u00e4gung<\/strong><br>Das Pay-per-Message-System erschwert die Prognose. Sie m\u00fcssen Guthabennutzung, Nachrichtentypen und -volumen im Auge behalten, um \u00dcberraschungen zu vermeiden.<\/li>\n<\/ul>\n\n\n\n<h3 class=\"wp-block-heading\">2. Werkzeug vs. echter Wachstumspartner<\/h3>\n\n\n\n<ul class=\"wp-block-list\">\n<li><strong>WABOOM Vorteil<\/strong><br>Wir stellen Ihnen nicht nur Tools zur Verf\u00fcgung, sondern f\u00fchren Kampagnen durch, optimieren Abl\u00e4ufe und verwalten Conversion-Funnels f\u00fcr Sie. Sie konzentrieren sich auf Wachstum; wir k\u00fcmmern uns um die Umsetzung.<\/li>\n\n\n\n<li><strong>WATI-Abw\u00e4gung<\/strong><br>Ideal f\u00fcr Heimwerker oder Teams mit Entwicklerressourcen. Wenn Sie jedoch eine fertige Strategie und Kampagnenoptimierung w\u00fcnschen, sind Sie selbst verantwortlich.<\/li>\n<\/ul>\n\n\n\n<h3 class=\"wp-block-heading\">3. Unterst\u00fctzung, auf die Sie sich wirklich verlassen k\u00f6nnen<\/h3>\n\n\n\n<ul class=\"wp-block-list\">\n<li><strong>WABOOM Vorteil<\/strong><br>Pers\u00f6nlicher Kundenbetreuer, erreichbar per Zoom, Telefon und Chat. Proaktives Monitoring stellt sicher, dass Probleme behoben werden, bevor sie sich auf den Umsatz auswirken.<\/li>\n\n\n\n<li><strong>WATI-Abw\u00e4gung<\/strong><br>Der Support ist gut, insbesondere bei h\u00f6herwertigen Tarifen, aber die allt\u00e4gliche Fehlerbehebung kann etwas l\u00e4nger dauern. Man ist st\u00e4rker auf Dokumentation und Selbsthilfe angewiesen.<\/li>\n<\/ul>\n\n\n\n<h2 class=\"wp-block-heading\"> WABOOM vs. WATI: Vor- und Nachteile<\/h2>\n\n\n\n<figure class=\"wp-block-table\"><table class=\"has-fixed-layout\"><thead><tr><th>Kategorie<\/th><th><strong>WABOOM (Wachstumspartner)<\/strong><\/th><th><strong>WATI (Plattform)<\/strong><\/th><\/tr><\/thead><tbody><tr><td><strong>Vorteile<\/strong><\/td><td>Keine Aufschl\u00e4ge auf Metakosten. Umfassende Anzeigenabwicklung. Unbegrenzte Anzahl an Agenten. Intensiver Kundenservice. Planbares und skalierbares Kostenmodell.<\/td><td>Flexible, nutzungsbasierte Preisgestaltung. Leistungsstarker Chatbot-Builder und Automatisierungsfunktionen. API und Integrationen. Unterst\u00fctzt die Verarbeitung gro\u00dfer Nachrichtenmengen.<\/td><\/tr><tr><td><strong>Nachteile \/ Abw\u00e4gungen<\/strong><\/td><td>Feste Plattformgeb\u00fchr erforderlich. Erfordert Vertrauen in einen Partner.<\/td><td>Die Kostenprognose kann komplex sein. Ein h\u00f6herer technischer Aufwand ist erforderlich. Der Support ist weniger proaktiv, es sei denn, es handelt sich um einen Enterprise-Tarif.<\/td><\/tr><\/tbody><\/table><\/figure>\n\n\n\n<h2 class=\"wp-block-heading\"> H\u00e4ufig gestellte Fragen<\/h2>\n\n\n\n<p><strong>F: Besitzt WABOOM tats\u00e4chlich eine 0%-Aufwertung?<\/strong><br><strong>A:<\/strong> Ja, Sie zahlen die exakten Meta-Kosten zuz\u00fcglich einer festen Plattformgeb\u00fchr. Keine \u00dcberraschungen.<\/p>\n\n\n\n<p><strong>F: Kann WATI Click-to-WhatsApp-Kampagnen durchf\u00fchren?<\/strong><br><strong>A:<\/strong> Ja, aber Sie sind f\u00fcr die Durchf\u00fchrung und Optimierung verantwortlich. WABOOM f\u00fchrt und optimiert Kampagnen f\u00fcr Sie.<\/p>\n\n\n\n<p><strong>F: Wer eignet sich besser f\u00fcr die Skalierung von Massen-Messaging?<\/strong><br><strong>A:<\/strong> Beide Systeme k\u00f6nnen technisch gesehen hohe Volumen bew\u00e4ltigen, aber der Ansatz von WABOOM ist optimiert f\u00fcr <strong>Geschwindigkeit, Routenplanung und Zuverl\u00e4ssigkeit<\/strong> Unkonventionell.<\/p>\n\n\n\n<p><strong>F: Bietet WATI eine unbegrenzte Anzahl an Agenten an?<\/strong><br><strong>A:<\/strong> Die Anzahl der Agentenpl\u00e4tze ist im Tarif nicht begrenzt. Zus\u00e4tzliche Pl\u00e4tze kosten mehr.<\/p>\n\n\n\n<h1 class=\"wp-block-heading\">Wer gewinnt?<\/h1>\n\n\n\n<ul class=\"wp-block-list\">\n<li>W\u00e4hlen <strong>WABUMM<\/strong> falls Sie es wollen:<br>\u2714 Vorhersehbare Kosten mit <strong>0%-Markierung<\/strong><br>\u2714 Umfassendes Anzeigen- und WhatsApp-Kampagnenmanagement<br>\u2714 Unbegrenzte Anzahl an Agenten und Automatisierung<br>\u2714 Praktische, proaktive Unterst\u00fctzung<\/li>\n\n\n\n<li>W\u00e4hlen <strong>WATI<\/strong> wenn du:<br>\u2714 Stellen Sie ein Technikteam f\u00fcr die Automatisierung und Anzeigenoptimierung bereit.<br>\u2714 Sie w\u00fcnschen sich flexible Preisgestaltung pro Nachricht?<br>\u2714 Sie sind mit der Verwaltung von Krediten und der Kostenprognose vertraut.<\/li>\n<\/ul>\n\n\n\n<p>F\u00fcr <strong>Unternehmen, die ohne \u00dcberraschungen wachsen wollen<\/strong>, <strong>WABOOM ist der klare Gewinner<\/strong>. Es geht nicht nur um Werkzeuge, sondern um <strong>Ergebnisse, Vorhersagbarkeit und Wachstumsumsetzung<\/strong>.<\/p>","protected":false},"excerpt":{"rendered":"<p>Stop Wasting Money on Messaging Platforms That Leave You Doing All the Work Let\u2019s cut to the chase: most WhatsApp platforms look great on paper shiny dashboards, bots, automation. But when it comes to scaling your business, most of them leave you holding the bag: managing costs, optimizing ads, building flows, and troubleshooting support issues&#8230;.<\/p>","protected":false},"author":1,"featured_media":0,"parent":0,"menu_order":0,"comment_status":"closed","ping_status":"closed","template":"","meta":{"_bbp_topic_count":0,"_bbp_reply_count":0,"_bbp_total_topic_count":0,"_bbp_total_reply_count":0,"_bbp_voice_count":0,"_bbp_anonymous_reply_count":0,"_bbp_topic_count_hidden":0,"_bbp_reply_count_hidden":0,"_bbp_forum_subforum_count":0,"_monsterinsights_skip_tracking":false,"_monsterinsights_sitenote_active":false,"_monsterinsights_sitenote_note":"","_monsterinsights_sitenote_category":0,"footnotes":""},"class_list":["post-6352","page","type-page","status-publish","hentry"],"_links":{"self":[{"href":"https:\/\/waboom.net\/de_de\/wp-json\/wp\/v2\/pages\/6352","targetHints":{"allow":["GET"]}}],"collection":[{"href":"https:\/\/waboom.net\/de_de\/wp-json\/wp\/v2\/pages"}],"about":[{"href":"https:\/\/waboom.net\/de_de\/wp-json\/wp\/v2\/types\/page"}],"author":[{"embeddable":true,"href":"https:\/\/waboom.net\/de_de\/wp-json\/wp\/v2\/users\/1"}],"replies":[{"embeddable":true,"href":"https:\/\/waboom.net\/de_de\/wp-json\/wp\/v2\/comments?post=6352"}],"version-history":[{"count":0,"href":"https:\/\/waboom.net\/de_de\/wp-json\/wp\/v2\/pages\/6352\/revisions"}],"wp:attachment":[{"href":"https:\/\/waboom.net\/de_de\/wp-json\/wp\/v2\/media?parent=6352"}],"curies":[{"name":"wp","href":"https:\/\/api.w.org\/{rel}","templated":true}]}}