{"id":6361,"date":"2025-11-17T17:32:03","date_gmt":"2025-11-17T17:32:03","guid":{"rendered":"https:\/\/waboom.net\/?page_id=6361"},"modified":"2025-11-19T13:09:13","modified_gmt":"2025-11-19T13:09:13","slug":"waboom-vs-sleekflow","status":"publish","type":"page","link":"https:\/\/waboom.net\/de_de\/waboom-vs-sleekflow\/","title":{"rendered":"WABOOM vs. SleekFlow"},"content":{"rendered":"<p>Gro\u00dfartig, hier ist ein <strong>WABOOM vs. SleekFlow<\/strong> Ein Vergleich in Ihrem festgelegten Format im Stil von Neil Patel, der aufzeigt, wo die St\u00e4rken der einzelnen Plattformen liegen, wo sie sich gegenseitig beeintr\u00e4chtigen und wann man sich f\u00fcr die eine oder die andere entscheiden sollte.<\/p>\n\n\n\n<h1 class=\"wp-block-heading\">Verschwenden Sie kein Geld mehr f\u00fcr Messaging-Plattformen, bei denen Sie die ganze Arbeit selbst erledigen m\u00fcssen.<\/h1>\n\n\n\n<p>Viele WhatsApp-Tools versprechen leistungsstarke KI-Agenten, Automatisierungen und Posteing\u00e4nge, aber die meisten lassen einen im Stich. <em>Du<\/em> Sie sind verantwortlich f\u00fcr Wachstum, Kampagnenstrategie und unerwartete Kosten. Wenn Sie Wert auf transparentes und leistungsstarkes Wachstum legen, verdienen Sie mehr als nur eine Chat-Anwendung.<\/p>\n\n\n\n<p>Deshalb ist der Vergleich so wichtig. <strong>WABUMM<\/strong> (ein echter Wachstumspartner) mit <strong>SleekFlow<\/strong> Eine vollumf\u00e4ngliche, API-gesteuerte Plattform ist unerl\u00e4sslich. Dabei geht es nicht nur um die \u00dcberpr\u00fcfung der Funktionen, sondern auch um die Umsetzung, die Vorhersagbarkeit und den langfristigen ROI.<\/p>\n\n\n\n<h2 class=\"wp-block-heading\">\ud83d\udd25 WABOOM vs. SleekFlow: Funktionsvergleich<\/h2>\n\n\n\n<figure class=\"wp-block-table\"><table class=\"has-fixed-layout\"><thead><tr><th>Besonderheit<\/th><th><strong>WABOOM (Full-Service-Wachstumspartner)<\/strong><\/th><th><strong>SleekFlow (API + Automatisierungsplattform)<\/strong><\/th><\/tr><\/thead><tbody><tr><td><strong>Meta-Konversation \/ Nachrichtenkosten<\/strong><\/td><td><strong>0%-Markierung<\/strong> auf Meta-Konversationskosten + feste Plattformgeb\u00fchr. Dauerhaft kostenloser Plan mit <strong>10.000 kostenlose Nachrichten<\/strong> macht den Einstieg risikofrei.<\/td><td>Es wird pro Nachricht abgerechnet: Vorlagennachrichten werden nach Kategorie (Marketing, Nutzen, Authentifizierung) berechnet. <\/td><\/tr><tr><td><strong>Preistransparenz<\/strong><\/td><td>Einfach, vorhersehbar: feste Plattformkosten + tats\u00e4chliche Meta-Geb\u00fchren.<\/td><td>Klare Struktur: Modell basierend auf monatlich aktiven Kontakten (MAC) + Geb\u00fchren pro Nachricht. <\/td><\/tr><tr><td><strong>Agenten-\/Team-Logins<\/strong><\/td><td>Bei den meisten Tarifen ist die Anzahl der Agenten unbegrenzt, sodass Sie Ihr Support- oder Vertriebsteam beliebig skalieren k\u00f6nnen.<\/td><td>Multi-Agent-Posteingang + Routing; Sie k\u00f6nnen Rollen und Teams zuweisen, um WhatsApp-Konversationen zu verwalten. <\/td><\/tr><tr><td><strong>Werbestrategie &amp; -umsetzung<\/strong><\/td><td>WABOOM steuert Ihre Click-to-WhatsApp-Werbekampagnen, optimiert sie und integriert sie in Ihre Bot- und Agentenprozesse.<\/td><td>SleekFlow bietet Ihnen die <strong>Flow Builder<\/strong> Die Automatisierung erfolgt per Drag &amp; Drop, aber Sie haben die Kontrolle dar\u00fcber, wie Sie Gespr\u00e4che f\u00fchren und in Konversionen umwandeln. <\/td><\/tr><tr><td><strong>Click-to-WhatsApp-Anzeigen<\/strong><\/td><td>Erweiterte Segmentierung, CAPI-natives Routing und flussbasierte Attribution.<\/td><td>Unterst\u00fctzt durch die BSP-Funktionen k\u00f6nnen Sie die Ablauflogik konfigurieren, die Anzeigenstrategie liegt jedoch in Ihrer Verantwortung.<\/td><\/tr><tr><td><strong>Chatbot-\/Automatisierungsentwickler<\/strong><\/td><td>Vollst\u00e4ndig freigeschalteter Drag-and-Drop-Builder. Keine Funktionsbeschr\u00e4nkungen, keine k\u00fcnstlichen Limits.<\/td><td>Ein sehr leistungsstarker Flow Builder + KI-Agenten zum Erstellen von Dialogautomatisierungen und intelligentem Routing. <\/td><\/tr><tr><td><strong>API-\/Webhook-Zugriff<\/strong><\/td><td>Unbegrenzter API-Zugriff f\u00fcr CRM-, Backend- oder kundenspezifische Integrationen.<\/td><td>Robuste API + Webhook-Unterst\u00fctzung, entwickelt f\u00fcr die Integration mit CRMs, E-Commerce und mehr. <\/td><\/tr><tr><td><strong>Unterst\u00fctzungsmodell<\/strong><\/td><td>Pers\u00f6nlicher Account Manager + proaktiver, pers\u00f6nlicher Support (Zoom, Telefon, Chat).<\/td><td>Der Support ist abh\u00e4ngig vom gew\u00e4hlten Tarif; f\u00fcr strategischere Unterst\u00fctzung k\u00f6nnen Sie einen Customer Success Manager hinzuf\u00fcgen. <\/td><\/tr><tr><td><strong>Broadcast- \/ Massen-Messaging<\/strong><\/td><td>Optimiert f\u00fcr Nachrichten, Kampagnen und hohen Durchsatz im Unternehmensma\u00dfstab.<\/td><td>Die Unterst\u00fctzung f\u00fcr hohe Datenmengen ist hervorragend; Sie k\u00f6nnen automatisierte Workflows, Kampagnen und Broadcasts \u00fcber die API + den Flow Builder durchf\u00fchren.<\/td><\/tr><tr><td><strong>Kosteneffizienz f\u00fcr Servicemeldungen<\/strong><\/td><td>Dank des Aufschlags von 0% und des kostenlosen Tarifs ist der Einstieg erschwinglich und die Skalierung vorhersehbar.<\/td><td>Hilfsvorlagen <em>innen<\/em> Der 24-Stunden-Kundendienst ist kostenlos. <\/td><\/tr><\/tbody><\/table><\/figure>\n\n\n\n<h2 class=\"wp-block-heading\"> Warum diese Unterschiede tats\u00e4chlich wichtig sind<\/h2>\n\n\n\n<h3 class=\"wp-block-heading\">1. Vorhersagbarkeit und risikofreie Skalierung<\/h3>\n\n\n\n<ul class=\"wp-block-list\">\n<li><strong>WABOOM Vorteil<\/strong>: Der <strong>kostenloser Plan + kein Aufpreis<\/strong> Das bedeutet, dass Sie Ihre WhatsApp-Automatisierung testen k\u00f6nnen, ohne hohe Kosten zu riskieren. Mit zunehmender Gr\u00f6\u00dfe steigen Ihre Kosten transparent und proportional zum Volumen.<\/li>\n\n\n\n<li><strong>SleekFlow-Kompromisse<\/strong>Sie zahlen pro Nachrichtenvorlage, abh\u00e4ngig von Ihrem Anwendungsfall (Marketing, Service usw.). Obwohl ein MAC-basiertes Modell angeboten wird, das die Kosten an das tats\u00e4chliche Engagement koppelt, sollten Sie Ihren Verbrauch sorgf\u00e4ltig absch\u00e4tzen. <\/li>\n<\/ul>\n\n\n\n<h3 class=\"wp-block-heading\">2. Automatisierungs- und Ausf\u00fchrungsst\u00e4rke<\/h3>\n\n\n\n<ul class=\"wp-block-list\">\n<li><strong>WABOOM Vorteil<\/strong>Sie geben einem nicht nur die Werkzeuge, die sie <strong>ausf\u00fchren<\/strong> Ihre Wachstumsstrategie: Werbekampagnen durchf\u00fchren, Abl\u00e4ufe erstellen und die Konversionsrate optimieren.<\/li>\n\n\n\n<li><strong>SleekFlow-Kompromisse<\/strong>Die Flow Builder, die KI-Agenten und die API bieten hervorragende Flexibilit\u00e4t. Um dieses Potenzial voll auszusch\u00f6pfen, m\u00fcssen Sie Ihre Flows jedoch selbst gestalten und verwalten \u2013 das bedeutet mehr Verantwortung und mehr Aufwand f\u00fcr Sie.<\/li>\n<\/ul>\n\n\n\n<h3 class=\"wp-block-heading\">3. Unterst\u00fctzung, Teamgr\u00f6\u00dfe und Zusammenarbeit<\/h3>\n\n\n\n<ul class=\"wp-block-list\">\n<li><strong>WABOOM Vorteil<\/strong>Ein pers\u00f6nlicher Account Manager sorgt daf\u00fcr, dass Sie bei Ihrem Wachstum nicht allein gelassen werden. Er unterst\u00fctzt Sie proaktiv bei der Optimierung Ihrer Botschaften, Kampagnen und Ihres Routings.<\/li>\n\n\n\n<li><strong>SleekFlow-Kompromisse<\/strong>Solider Support wird geboten, strategische und beratende Unterst\u00fctzung ist jedoch kostenpflichtig. Die Plattform ist f\u00fcr operative Teams konzipiert, die weniger auf vorgefertigte L\u00f6sungen setzen und stattdessen mit Unterst\u00fctzung mehr Eigeninitiative zeigen m\u00f6chten.<\/li>\n<\/ul>\n\n\n\n<h2 class=\"wp-block-heading\"> Vor- und Nachteile: WABOOM vs. SleekFlow<\/h2>\n\n\n\n<figure class=\"wp-block-table\"><table class=\"has-fixed-layout\"><thead><tr><th>Kategorie<\/th><th><strong>WABOOM (Wachstumspartner)<\/strong><\/th><th><strong>SleekFlow (Plattform)<\/strong><\/th><\/tr><\/thead><tbody><tr><td><strong>Vorteile<\/strong><\/td><td>\u2013 Keine Aufschl\u00e4ge auf Metakosten \u2013 10.000 kostenlose Nachrichten zum Start \u2013 Umfassender Service f\u00fcr Anzeigen- und Chatbot-Umsetzung \u2013 Unbegrenzte Anzahl an Agenten \u2013 Planbare und skalierbare Kosten<\/td><td>\u2013 Echte API + Automatisierungsleistung \u2013 Intuitiver Flow Builder + KI-Agenten \u2013 Multi-Agent-Posteingang &amp; Routing \u2013 Anbindung an CRM &amp; E-Commerce \u2013 Flexible, nutzerorientierte Preisgestaltung<\/td><\/tr><tr><td><strong>Nachteile \/ Abw\u00e4gungen<\/strong><\/td><td>\u2013 Erfordert Vertrauen in einen Partner zur Durchf\u00fchrung Ihrer Kampagnen \u2013 Bei steigendem Umfang k\u00f6nnen feste Plattformgeb\u00fchren anfallen.<\/td><td>\u2013 Die Kosten f\u00fcr die Kommunikation h\u00e4ngen von den Vorlagen ab \u2013 Sie m\u00fcssen die Abl\u00e4ufe entwerfen und optimieren \u2013 Strategische Unterst\u00fctzung kann zus\u00e4tzliche Kosten verursachen \u2013 Erfordert mehr internen Aufwand, um den ROI zu maximieren<\/td><\/tr><\/tbody><\/table><\/figure>\n\n\n\n<hr class=\"wp-block-separator has-alpha-channel-opacity\"\/>\n\n\n\n<h2 class=\"wp-block-heading\">\u2753 H\u00e4ufig gestellte Fragen (FAQ)<\/h2>\n\n\n\n<p><strong>F: Kann man mit SleekFlow innerhalb von Windows \u201ckostenlos\u201d auf Kundenanfragen antworten?<\/strong><br><strong>A:<\/strong> Ja. Wenn ein Kunde Ihnen eine Nachricht sendet, \u00f6ffnet sich ein 24-Stunden-Kundendienstfenster, in dem Sie Freitextantworten senden k\u00f6nnen. <br>Wird die Anmeldung \u00fcber Click-to-WhatsApp oder einen \u00e4hnlichen Dienst initiiert, kann ein 72-st\u00fcndiges Zeitfenster f\u00fcr den \u201ckostenlosen Einstieg\u201d gelten. <\/p>\n\n\n\n<p><strong>F: Wie werden Vorlagennachrichten (z. B. Marketing- oder Utility-Nachrichten) bei SleekFlow abgerechnet?<\/strong><br><strong>A:<\/strong> Sie verwenden ein Preismodell pro Nachrichtenvorlage. Die Preise h\u00e4ngen von der Nachrichtenkategorie ab (Marketing, Nutzen usw.).<\/p>\n\n\n\n<p><strong>F: Kann ich mein CRM-System (wie HubSpot oder Shopify) mit SleekFlow integrieren?<\/strong><br><strong>A:<\/strong> Ja, SleekFlow unterst\u00fctzt CRM- und E-Commerce-Integrationen und erm\u00f6glicht so eine umfassende Automatisierung und Datensynchronisierung. <\/p>\n\n\n\n<p><strong>F: Unterst\u00fctzt SleekFlow die gleichzeitige Nutzung mehrerer Agenten auf WhatsApp?<\/strong><br><strong>A:<\/strong> Ja. Es verf\u00fcgt \u00fcber einen Multi-Agent-Posteingang mit Routing-Regeln und Funktionen zur Teamzusammenarbeit. <\/p>\n\n\n\n<p><strong>F: Wie flexibel ist ihr Automatisierungs-Builder?<\/strong><br><strong>A:<\/strong> Absolut. Ihr Flow Builder ist visuell und leistungsstark und erm\u00f6glicht die Gestaltung benutzerdefinierter Workflows, KI-gest\u00fctzter Abl\u00e4ufe und triggerbasierter Weiterleitungen. <\/p>\n\n\n\n<h2 class=\"wp-block-heading\">Wer gewinnt?<\/h2>\n\n\n\n<ul class=\"wp-block-list\">\n<li>W\u00e4hlen <strong>WABUMM<\/strong> wenn du:<br>\u2714 M\u00f6chten Sie <strong>Strategie, Werbeumsetzung und Wachstum an einen Partner auslagern<\/strong><br>\u2714 Wertsch\u00e4tzung <strong>vorhersehbare Preisgestaltung<\/strong> ohne Aufpreis + kostenloser Messaging-Tarif<br>\u2714 Bevorzugen Sie eine intensive Beziehung: Jemand, der an Ihrer Konversion und Skalierung interessiert ist.<br>\u2714 Sie m\u00f6chten mit echten Nutzern risikofrei testen und skalieren?<\/li>\n\n\n\n<li>W\u00e4hlen <strong>SleekFlow<\/strong> wenn du:<br>\u2714 Verf\u00fcgen Sie \u00fcber interne Strategie- oder Betriebsteams, die bereit sind, Automatisierungen zu erstellen und auszuf\u00fchren?<br>\u2714 Umfassende Steuerung \u00fcber Flow Builder + KI-Agenten erforderlich<br>\u2714 W\u00fcnschen Sie sich die Zusammenarbeit mehrerer Agenten und die Verwaltung Ihres Posteingangs?<br>\u2714 Konzentrieren sich auf die tiefe Integration von WhatsApp in Ihr CRM- oder E-Commerce-System?<\/li>\n<\/ul>\n\n\n\n<p><strong>Fazit:<\/strong><br>Wenn Sie schnell expandieren, einen Partner f\u00fcr die Umsetzung suchen und Wert auf Kostentransparenz legen, <strong>WABUMM<\/strong> ist eine wirkungsvolle und risikoarme Wahl.<br>Wenn Sie maximale Flexibilit\u00e4t, Kontrolle und tiefgreifende Automatisierung w\u00fcnschen, <strong>SleekFlow<\/strong> gibt Ihnen die Werkzeuge, aber <strong>Sie treiben das Wachstum voran.<\/strong>.<\/p>","protected":false},"excerpt":{"rendered":"<p>Great here\u2019s a WABOOM vs. SleekFlow comparison in your locked, Neil\u202fPatel\u2013style format, showing where each platform shines, where they trade off, and when you might pick one over the other. Stop Wasting Money on Messaging Platforms That Leave You Doing All the Work Many WhatsApp tools feel powerful AI agents, automations, inboxes but most leave&#8230;<\/p>","protected":false},"author":1,"featured_media":0,"parent":0,"menu_order":0,"comment_status":"closed","ping_status":"closed","template":"","meta":{"_bbp_topic_count":0,"_bbp_reply_count":0,"_bbp_total_topic_count":0,"_bbp_total_reply_count":0,"_bbp_voice_count":0,"_bbp_anonymous_reply_count":0,"_bbp_topic_count_hidden":0,"_bbp_reply_count_hidden":0,"_bbp_forum_subforum_count":0,"_monsterinsights_skip_tracking":false,"_monsterinsights_sitenote_active":false,"_monsterinsights_sitenote_note":"","_monsterinsights_sitenote_category":0,"footnotes":""},"class_list":["post-6361","page","type-page","status-publish","hentry"],"_links":{"self":[{"href":"https:\/\/waboom.net\/de_de\/wp-json\/wp\/v2\/pages\/6361","targetHints":{"allow":["GET"]}}],"collection":[{"href":"https:\/\/waboom.net\/de_de\/wp-json\/wp\/v2\/pages"}],"about":[{"href":"https:\/\/waboom.net\/de_de\/wp-json\/wp\/v2\/types\/page"}],"author":[{"embeddable":true,"href":"https:\/\/waboom.net\/de_de\/wp-json\/wp\/v2\/users\/1"}],"replies":[{"embeddable":true,"href":"https:\/\/waboom.net\/de_de\/wp-json\/wp\/v2\/comments?post=6361"}],"version-history":[{"count":0,"href":"https:\/\/waboom.net\/de_de\/wp-json\/wp\/v2\/pages\/6361\/revisions"}],"wp:attachment":[{"href":"https:\/\/waboom.net\/de_de\/wp-json\/wp\/v2\/media?parent=6361"}],"curies":[{"name":"wp","href":"https:\/\/api.w.org\/{rel}","templated":true}]}}