{"id":6363,"date":"2025-11-17T17:33:10","date_gmt":"2025-11-17T17:33:10","guid":{"rendered":"https:\/\/waboom.net\/?page_id=6363"},"modified":"2025-11-19T13:08:37","modified_gmt":"2025-11-19T13:08:37","slug":"wabom-vs-infobip","status":"publish","type":"page","link":"https:\/\/waboom.net\/de_de\/wabom-vs-infobip\/","title":{"rendered":"WABOM VS INFOBIP"},"content":{"rendered":"<h6 class=\"wp-block-heading\"><\/h6>\n\n\n\n<h2 class=\"wp-block-heading\">Verschwenden Sie kein Geld mehr f\u00fcr Messaging-Plattformen, bei denen Sie die ganze Arbeit selbst erledigen m\u00fcssen.<\/h2>\n\n\n\n<p>Viele WhatsApp-Tools wirken \u201cleistungsf\u00e4hig\u201d, doch allzu oft muss man sich mit Automatisierung, unerwarteten Kosten und Werbestrategie selbst auseinandersetzen. Wenn Sie m\u00f6chten <strong>Vorhersehbare Preisgestaltung, tats\u00e4chliches Wachstum und abgestimmte Anreize<\/strong>, Sie m\u00fcssen vergleichen <strong>WABUMM<\/strong> (Ihr Wachstumspartner) vs. <strong>Infobip<\/strong> (ein leistungsstarker WhatsApp Business API-Anbieter). Hier erfahren Sie, was sie wirklich auszeichnet.<\/p>\n\n\n\n<h2 class=\"wp-block-heading\"> WABOOM vs. Infobip: Vergleich der einzelnen Funktionen<\/h2>\n\n\n\n<figure class=\"wp-block-table\"><table class=\"has-fixed-layout\"><thead><tr><th>Besonderheit<\/th><th><strong>WABOOM (Full-Service-Wachstumspartner)<\/strong><\/th><th><strong>Infobip (API-\/BSP-Plattform)<\/strong><\/th><\/tr><\/thead><tbody><tr><td><strong>Meta-Konversation \/ Nachrichtenkosten<\/strong><\/td><td><strong>0 % Aufschlag<\/strong> Kosten f\u00fcr WhatsApp-Konversationen + feste Plattformgeb\u00fchr. Beinhaltet <strong>Dauerhaft kostenloser Plan<\/strong> mit <strong>10.000 kostenlose Nachrichten<\/strong>.<\/td><td>Verwendet ein <strong>dialogbasiertes Preismodell<\/strong>Die Geb\u00fchren richten sich nach der Gespr\u00e4chskategorie (Marketing, Nutzen, Authentifizierung, Service). <\/td><\/tr><tr><td><strong>Preistransparenz<\/strong><\/td><td>Ganz einfach: Festgeb\u00fchr + durchlaufende Meta-Kosten. Keine b\u00f6sen \u00dcberraschungen.<\/td><td>Transparent, aber variabler: Sie zahlen f\u00fcr \u201cKonversationen\u201d je nach Kategorie. Zus\u00e4tzlich fallen nutzerbasierte Kosten f\u00fcr das Team-Postfachmodul an. <\/td><\/tr><tr><td><strong>Agenten-\/Team-Logins<\/strong><\/td><td>Unbegrenzte Agentenpl\u00e4tze in den meisten Tarifen \u2013 frei skalierbar.<\/td><td>Unterst\u00fctzt Multi-Agent-Konversationen durch ihr Produkt \u201cConversations\u201d \u2013 Preisgestaltung pro Benutzer. <\/td><\/tr><tr><td><strong>Werbestrategie &amp; -umsetzung<\/strong><\/td><td>WABOOM k\u00fcmmert sich um Ihre Click\u2011to\u2011WhatsApp-Anzeigen: Einrichtung, Targeting, Optimierung \u2013 Sie m\u00fcssen sich um nichts k\u00fcmmern.<\/td><td>Wir stellen die API und die Infrastruktur bereit; Kampagnenstrategie, Routing und Optimierung liegen in Ihrer Verantwortung (bzw. der Ihres Teams\/Ihrer Agentur).<\/td><\/tr><tr><td><strong>Click-to-WhatsApp-Anzeigen<\/strong><\/td><td>Erweiterte Segmentierung + CAPI-natives Routing + konversionsgesteuerte Abl\u00e4ufe.<\/td><td>Sie k\u00f6nnen Abl\u00e4ufe \u00fcber API oder Automatisierung erstellen, aber Sie werden die werbegesteuerte Customer Journey selbst verwalten.<\/td><\/tr><tr><td><strong>Chatbot-\/Automatisierungsentwickler<\/strong><\/td><td>Vollst\u00e4ndig freigeschalteter Drag-and-Drop-Builder, fortschrittliche Logik und keine gesperrten Funktionen.<\/td><td>Unterst\u00fctzt Automatisierung, Vorlagennachrichten und Workflows \u00fcber seine API. <\/td><\/tr><tr><td><strong>API-\/Webhook-Zugriff<\/strong><\/td><td>Unbegrenzt, v\u00f6llig uneingeschr\u00e4nkt \u2013 tiefgreifende Integration mit CRM-Systemen, Backend-Systemen oder anderen Tools.<\/td><td>Sehr solide API- und Webhook-Unterst\u00fctzung; entwickelt f\u00fcr die Integration mit CRM- und Backend-Systemen. <\/td><\/tr><tr><td><strong>Unterst\u00fctzungsmodell<\/strong><\/td><td>Pers\u00f6nlicher Account Manager + intensive, proaktive Unterst\u00fctzung (Chat, Telefon, Strategieberatung)<\/td><td>Support und Onboarding auf Enterprise-Niveau; Sie werden sich st\u00e4rker auf Ihr internes Team verlassen.<\/td><\/tr><tr><td><strong>Broadcast- \/ Massen-Messaging<\/strong><\/td><td>Konzipiert f\u00fcr hohe Skalierbarkeit \u2013 Bereitstellung, Zuverl\u00e4ssigkeit und Leistung auf Unternehmensebene.<\/td><td>Skalierbar f\u00fcr hohe Nutzungsvolumina; die Preisgestaltung f\u00fcr \u201cKonversationen\u201d erm\u00f6glicht unbegrenzte Nachrichten innerhalb eines 24-Stunden-Fensters nach dem Start. <\/td><\/tr><tr><td><strong>Kostenlose Optionen \/ Testoptionen<\/strong><\/td><td>Dauerhaft kostenloser Tarif mit 10.000 Nachrichten \u2013 ideal zum Testen oder f\u00fcr den Einsatz im kleinen Rahmen vor der Skalierung.<\/td><td>Es gibt keinen dauerhaft kostenlosen Tarif f\u00fcr das Nachrichtenvolumen; die Kosten richten sich nach der Gespr\u00e4chsnutzung.<\/td><\/tr><\/tbody><\/table><\/figure>\n\n\n\n<h2 class=\"wp-block-heading\"> Warum diese Unterschiede tats\u00e4chlich wichtig sind<\/h2>\n\n\n\n<h3 class=\"wp-block-heading\">1. Vorhersagbarkeit &amp; Kostenrisiko<\/h3>\n\n\n\n<ul class=\"wp-block-list\">\n<li><strong>WABOOM-Vorteil:<\/strong> Dank des Verzichts auf Aufschl\u00e4ge und eines gro\u00dfz\u00fcgigen Gratis-Tarifs k\u00f6nnen Sie testen, iterativ vorgehen und skalieren, ohne sich Gedanken \u00fcber versteckte oder unvorhersehbare Kosten machen zu m\u00fcssen.<\/li>\n\n\n\n<li><strong>Infobip-Abw\u00e4gung:<\/strong> Sie zahlen pro 24-Stunden-Gespr\u00e4chssitzung. Obwohl die Gespr\u00e4chsf\u00fchrung sehr wirkungsvoll ist, h\u00e4ngen Ihre Kosten stark von der jeweiligen Situation ab. <em>Typ<\/em> von Gespr\u00e4chsf\u00fchrung (Marketing vs. Nutzen vs. Service) und wie Sie Customer Journeys strukturieren. <\/li>\n<\/ul>\n\n\n\n<h3 class=\"wp-block-heading\">2. Ausf\u00fchrung vs. Plattform<\/h3>\n\n\n\n<ul class=\"wp-block-list\">\n<li><strong>WABOOM-Vorteil:<\/strong> Wir liefern Ihnen nicht nur die Tools \u2013 wir betreiben Ihre WhatsApp-Wachstumsmaschine. Anzeigen, Automatisierungen, Bots, Routing \u2013 alles wird von uns verwaltet.<\/li>\n\n\n\n<li><strong>Infobip-Abw\u00e4gung:<\/strong> Sie erhalten eine extrem leistungsstarke API und ein umfassendes Messaging-System. Um jedoch Wachstum zu generieren, ben\u00f6tigen Sie entweder eine eigene Strategie oder einen Partner; Infobip ist eher eine Infrastrukturl\u00f6sung als ein Wachstumsteam.\u201c<\/li>\n<\/ul>\n\n\n\n<h3 class=\"wp-block-heading\">3. Unterst\u00fctzung, Teamgr\u00f6\u00dfe und Zusammenarbeit<\/h3>\n\n\n\n<ul class=\"wp-block-list\">\n<li><strong>WABOOM-Vorteil:<\/strong> Sie erhalten einen strategischen Partner, nicht nur einen Lieferanten. Ein pers\u00f6nlicher Ansprechpartner stellt sicher, dass Sie auch bei komplexen Projekten oder schnellem Wachstum nicht allein gelassen werden.<\/li>\n\n\n\n<li><strong>Infobip-Abw\u00e4gung:<\/strong> Ihr Team ist professionell und kompetent, aber Sie tragen die Hauptverantwortung f\u00fcr die Umsetzung. Sie erhalten mehr Kontrolle, daf\u00fcr aber weniger Unterst\u00fctzung.<\/li>\n<\/ul>\n\n\n\n<h2 class=\"wp-block-heading\">Vor- und Nachteile: WABOOM vs. Infobip<\/h2>\n\n\n\n<figure class=\"wp-block-table\"><table class=\"has-fixed-layout\"><thead><tr><th>Kategorie<\/th><th><strong>WABOOM (Wachstumspartner)<\/strong><\/th><th><strong>Infobip (API \/ BSP)<\/strong><\/th><\/tr><\/thead><tbody><tr><td><strong>Vorteile<\/strong><\/td><td>\u2013 0% Aufschlag auf Gespr\u00e4chskosten \u2013 10.000 kostenlose Nachrichten zum Start \u2013 Umfassender Service f\u00fcr Werbung und Chatbot-Umsetzung \u2013 Unbegrenzte Agentenanzahl \u2013 Vorhersehbare Abrechnung<\/td><td>\u2013 Transparente, konversationsbasierte Preisgestaltung \u2013 Voller Zugriff auf die WhatsApp Business API \u2013 Skalierbar f\u00fcr hohes Nachrichtenaufkommen \u2013 Umfassende API- und Webhook-Unterst\u00fctzung \u2013 Flexibles Nutzungsmodell<\/td><\/tr><tr><td><strong>Nachteile \/ Abw\u00e4gungen<\/strong><\/td><td>\u2013 Erfordert Vertrauen in einen Partner \u2013 Bei Skalierung f\u00e4llt eine feste Plattformgeb\u00fchr an<\/td><td>\u2013 Die Abrechnung von Gespr\u00e4chen kann je nach Anwendungsfall weniger vorhersehbar sein. \u2013 Strategie und Umsetzung liegen gr\u00f6\u00dftenteils in Ihrer Verantwortung. \u2013 Lizenzkosten f\u00fcr das Agenten-Postfachmodul<\/td><\/tr><\/tbody><\/table><\/figure>\n\n\n\n<h2 class=\"wp-block-heading\"> H\u00e4ufig gestellte Fragen (FAQ)<\/h2>\n\n\n\n<p><strong>F: Berechnet Infobip pro Nachricht oder pro Konversation?<\/strong><br><strong>A:<\/strong> Infobip erhebt Geb\u00fchren f\u00fcr ein <strong>pro Gespr\u00e4ch<\/strong> (ein 24-Stunden-Nachrichtenfenster), basierend auf dem Konversationstyp (Marketing, Nutzen, Authentifizierung, Service). <\/p>\n\n\n\n<p><strong>F: K\u00f6nnen mehrere Agenten gleichzeitig \u00fcber Infobip chatten?<\/strong><br><strong>A:<\/strong> Ja \u2013 das Conversations-Modul unterst\u00fctzt mehrere Agenten, aber Sie zahlen pro Arbeitsplatz. <\/p>\n\n\n\n<p><strong>F: Unterst\u00fctzt Infobip automatisierte WhatsApp-Abl\u00e4ufe\/Chatbots?<\/strong><br><strong>A:<\/strong> Ja \u2013 \u00fcber deren API k\u00f6nnen Sie Workflows, Nachrichtenvorlagen und Automatisierungen einrichten. <\/p>\n\n\n\n<p><strong>F: Wie definiert Infobip ein \u201cGespr\u00e4ch\u201d im Zusammenhang mit der Abrechnung?<\/strong><br><strong>A:<\/strong> Eine \u201cKonversation\u201d ist eine feste 24-Stunden-Sitzung zwischen Unternehmen und Nutzer. Sie beginnt, sobald eine Gesch\u00e4ftsnachricht (au\u00dferhalb einer offenen Sitzung) zugestellt wird oder wenn Sie innerhalb eines 24-Stunden-Kundendienstfensters antworten. <\/p>\n\n\n\n<p><strong>F: Was passiert, wenn ich skalieren oder ohne Risiko starten m\u00f6chte?<\/strong><br><strong>A:<\/strong> Mit WABOOM k\u00f6nnen Sie dank des kostenlosen Tarifs mit 10.000 Nachrichten nahezu risikofrei starten und Ihr Angebot bei Bedarf skalieren. Bei Infobip hingegen m\u00fcssen Sie das Konversationsvolumen sorgf\u00e4ltig prognostizieren, den Einsatz von Vorlagen planen und gegebenenfalls mit steigender Nutzung h\u00f6here Kosten tragen.<\/p>\n\n\n\n<h2 class=\"wp-block-heading\"> Wer gewinnt?<\/h2>\n\n\n\n<ul class=\"wp-block-list\">\n<li>W\u00e4hlen <strong>WABUMM<\/strong> wenn du:<br>\u2714 Sie w\u00fcnschen sich einen engagierten Wachstumspartner, der Anzeigen schaltet, Automatisierungen erstellt und Kunden gewinnt?<br>\u2714 Ben\u00f6tigen Sie Kostenplanbarkeit und ein solides kostenloses Testangebot?<br>\u2714 Strategische und operative Aufgaben lieber an Experten auslagern.<br>\u2714 Wir glauben an Skalierung durch Konversion und langfristiges WhatsApp-Engagement.<\/li>\n\n\n\n<li>W\u00e4hlen <strong>Infobip<\/strong> wenn du:<br>\u2714 Halten Sie ein Technikteam (oder einen Partner) bereit, das Abl\u00e4ufe erstellen und den Versand gro\u00dfer Nachrichtenmengen durchf\u00fchren kann.<br>\u2714 Rohzugriff auf die API + tiefgreifende Webhook-Integrationen gew\u00fcnscht?<br>\u2714 Sie sind damit vertraut, Ihre eigenen Kampagnen und Routing-Logik zu optimieren?<br>\u2714 Sie planen, f\u00fcr \u201cGespr\u00e4chssitzungen\u201d zu bezahlen und w\u00fcnschen sich Transparenz hinsichtlich der Kosten pro Gespr\u00e4ch<\/li>\n<\/ul>\n\n\n\n<p><strong>Fazit:<\/strong><br>Wenn Sie Wachstum anstreben, ohne jedes technische Detail bis ins kleinste Detail zu kontrollieren, <strong>WABUMM<\/strong> ist eine leistungsstarke Option mit geringerem Risiko.<br>Wenn Sie maximale Kontrolle und individuelle Arbeitsabl\u00e4ufe w\u00fcnschen und bereit sind, Strategie und Umsetzung selbst in die Hand zu nehmen, <strong>Infobip<\/strong> ist eine bew\u00e4hrte, skalierbare Grundlage.<\/p>","protected":false},"excerpt":{"rendered":"<p>Stop Wasting Money on Messaging Platforms That Leave You Doing All the Work Many WhatsApp tools feel \u201cpowerful,\u201d but too often, you\u2019re left to juggle automation, cost surprises, and ad strategy. If you want predictable pricing, true growth execution, and aligned incentives, you need to compare WABOOM (your growth partner) vs. Infobip (a robust WhatsApp&#8230;<\/p>","protected":false},"author":1,"featured_media":0,"parent":0,"menu_order":0,"comment_status":"closed","ping_status":"closed","template":"","meta":{"_bbp_topic_count":0,"_bbp_reply_count":0,"_bbp_total_topic_count":0,"_bbp_total_reply_count":0,"_bbp_voice_count":0,"_bbp_anonymous_reply_count":0,"_bbp_topic_count_hidden":0,"_bbp_reply_count_hidden":0,"_bbp_forum_subforum_count":0,"_monsterinsights_skip_tracking":false,"_monsterinsights_sitenote_active":false,"_monsterinsights_sitenote_note":"","_monsterinsights_sitenote_category":0,"footnotes":""},"class_list":["post-6363","page","type-page","status-publish","hentry"],"_links":{"self":[{"href":"https:\/\/waboom.net\/de_de\/wp-json\/wp\/v2\/pages\/6363","targetHints":{"allow":["GET"]}}],"collection":[{"href":"https:\/\/waboom.net\/de_de\/wp-json\/wp\/v2\/pages"}],"about":[{"href":"https:\/\/waboom.net\/de_de\/wp-json\/wp\/v2\/types\/page"}],"author":[{"embeddable":true,"href":"https:\/\/waboom.net\/de_de\/wp-json\/wp\/v2\/users\/1"}],"replies":[{"embeddable":true,"href":"https:\/\/waboom.net\/de_de\/wp-json\/wp\/v2\/comments?post=6363"}],"version-history":[{"count":0,"href":"https:\/\/waboom.net\/de_de\/wp-json\/wp\/v2\/pages\/6363\/revisions"}],"wp:attachment":[{"href":"https:\/\/waboom.net\/de_de\/wp-json\/wp\/v2\/media?parent=6363"}],"curies":[{"name":"wp","href":"https:\/\/api.w.org\/{rel}","templated":true}]}}