{"id":6373,"date":"2025-11-17T19:34:11","date_gmt":"2025-11-17T19:34:11","guid":{"rendered":"https:\/\/waboom.net\/?page_id=6373"},"modified":"2025-11-19T13:04:05","modified_gmt":"2025-11-19T13:04:05","slug":"waboom-vs-wasenderapi","status":"publish","type":"page","link":"https:\/\/waboom.net\/de_de\/waboom-vs-wasenderapi\/","title":{"rendered":"WABOOM vs WASenderAPI"},"content":{"rendered":"<h1 class=\"wp-block-heading\">H\u00f6ren Sie auf, f\u00fcr Messaging zu bezahlen, das nicht skaliert. Setzen Sie auf Umsetzung statt nur auf Tools.<\/h1>\n\n\n\n<p>Viele WhatsApp-Tools sind f\u00fcr Massen- oder schnelle Automatisierung konzipiert, aber wenn Sie ernsthaftes Wachstum, Konversionen und Risikominimierung anstreben, ben\u00f6tigen Sie mehr als eine einfache \u201cSenden-und-hoffen\u201d-API. Vergleichen Sie <strong>WABUMM<\/strong> (Wachstumspartner) mit <strong>WASenderAPI<\/strong> (Die entwicklerorientierte, schlanke WhatsApp-API) zeigt, welche Strategie besser zu Ihrem Unternehmen passt \u2013 nicht nur das Versenden vieler Nachrichten, sondern das Senden der <em>Rechts<\/em> eins.<\/p>\n\n\n\n<h2 class=\"wp-block-heading\"> WABOOM vs. WASenderAPI: Vergleich der einzelnen Funktionen<\/h2>\n\n\n\n<figure class=\"wp-block-table\"><table class=\"has-fixed-layout\"><thead><tr><th>Besonderheit<\/th><th><strong>WABOOM (Full-Service-Wachstumspartner)<\/strong><\/th><th><strong>WASenderAPI (Entwickler-API)<\/strong><\/th><\/tr><\/thead><tbody><tr><td><strong>Kosten und Aufschlag f\u00fcr WhatsApp-Nachrichten<\/strong><\/td><td>0% Aufschlag auf die Kosten f\u00fcr Meta-Konversationen + feste Plattformgeb\u00fchr. Bietet ein kostenloses Testpaket (10.000 Nachrichten) an.<\/td><td>Sehr niedrige Grundkosten pro Sitzung; unbegrenzte Nachrichten; keine Geb\u00fchren pro Nachricht.<\/td><\/tr><tr><td><strong>Preistransparenz<\/strong><\/td><td>H\u00f6chstwahrscheinlich vorhersehbar: Man bezahlt f\u00fcr die Plattform + die tats\u00e4chliche WhatsApp-Nutzung.<\/td><td>Transparente, sitzungsbasierte Preisgestaltung, aber Sie sind f\u00fcr die Verwaltung der Sitzungen verantwortlich.<\/td><\/tr><tr><td><strong>Agenten-\/Team-Logins<\/strong><\/td><td>Unbegrenzte Agentenpl\u00e4tze in den meisten Tarifen \u2013 ideal f\u00fcr Teamwachstum.<\/td><td>Prim\u00e4r API-gesteuert: Die Einrichtung mehrerer Agenten erfordert eine individuelle Entwicklung.<\/td><\/tr><tr><td><strong>Werbestrategie &amp; -umsetzung<\/strong><\/td><td>WABOOM f\u00fchrt Click\u2010to-WhatsApp-Kampagnen f\u00fcr Sie durch und optimiert diese.<\/td><td>Die Anzeigenausf\u00fchrung wird nicht \u00fcbernommen; Sie m\u00fcssen die Kampagnen selbst verwalten.<\/td><\/tr><tr><td><strong>Chatbot-\/Automatisierungsentwickler<\/strong><\/td><td>Vollst\u00e4ndig entsperrt, Drag-and-Drop-Logik, erweiterte Abl\u00e4ufe und keine Funktionssperre.<\/td><td>Sie k\u00f6nnen Ihre eigene Automatisierungs- oder Chatbot-Logik \u00fcber die API erstellen; unterst\u00fctzt Medien- und Kontaktmanagement.<\/td><\/tr><tr><td><strong>API-\/Webhook-Zugriff<\/strong><\/td><td>Unbegrenzter API-Zugriff f\u00fcr die tiefe Integration in Systeme, CRM und Analysen.<\/td><td>Entwicklerorientierte API + Webhooks f\u00fcr Messaging-Ereignisse, Medien und Sitzungsverwaltung.<\/td><\/tr><tr><td><strong>Skalierung &amp; Volumen<\/strong><\/td><td>F\u00fcr gro\u00dfe Datenmengen im Unternehmenseinsatz geeignet: Kampagnenrouting, Ablaufoptimierung und strategische Skalierung.<\/td><td>Skaliert \u00fcber mehrere WhatsApp-Sitzungen; unbegrenzte Nachrichten pro Sitzung, aber Sie verwalten die Skalierung.<\/td><\/tr><tr><td><strong>Compliance &amp; Risikomanagement<\/strong><\/td><td>Nutzt das offizielle Meta-Konversationsmodell, wodurch das Risiko einer Blockierung verringert wird.<\/td><td>Die Nutzung der inoffiziellen API kann gegen die Nutzungsbedingungen von WhatsApp versto\u00dfen; erh\u00f6htes Risiko von Sperrungen oder Verbannungen.<\/td><\/tr><tr><td><strong>Unterst\u00fctzung und Integration<\/strong><\/td><td>Intensive Betreuung: Strategieberatung + Kundenbetreuung + Unterst\u00fctzung bei der Umsetzung.<\/td><td>Unterst\u00fctzung beim Onboarding von Entwicklern; haupts\u00e4chlich Dokumentation und technische Beratung.<\/td><\/tr><\/tbody><\/table><\/figure>\n\n\n\n<h2 class=\"wp-block-heading\"> Warum diese Unterschiede wichtig sind<\/h2>\n\n\n\n<ul class=\"wp-block-list\">\n<li><strong>Kostenvorhersagbarkeit vs. Flexibilit\u00e4t<\/strong><br>WABOOM bietet planbare und skalierbare Kosten. WASenderAPI ist zwar kosteng\u00fcnstig f\u00fcr Entwickler, birgt aber Compliance-Risiken.<\/li>\n\n\n\n<li><strong>Strategische Umsetzung vs. Entwicklungskontrolle<\/strong><br>WABOOM f\u00fchrt Kampagnen durch und automatisiert Abl\u00e4ufe. WASenderAPI ist ein Tool; Sie erstellen und optimieren alles selbst.<\/li>\n\n\n\n<li><strong>Skalierbarkeit vs. Nachhaltigkeit<\/strong><br>WABOOM ist f\u00fcr unternehmensweites, konversionsorientiertes Wachstum konzipiert. WASenderAPI eignet sich f\u00fcr Entwicklerteams und Prototypen, erfordert jedoch laufende Wartung.<\/li>\n<\/ul>\n\n\n\n<h2 class=\"wp-block-heading\"> Vor- und Nachteile: WABOOM vs. WASenderAPI<\/h2>\n\n\n\n<figure class=\"wp-block-table\"><table class=\"has-fixed-layout\"><thead><tr><th><\/th><th><strong>WABOOM (Wachstumspartner)<\/strong><\/th><th><strong>WASenderAPI (Entwickler-API)<\/strong><\/th><\/tr><\/thead><tbody><tr><td><strong>Vorteile<\/strong><\/td><td>\u2022 0% WhatsApp-Markup<br>\u2022 10.000 kostenlose Nachrichten<br>\u2022 Umfassende Werbe- und Automatisierungsabwicklung<br>\u2022 Unbegrenzte Agenten<br>\u2022 Vorhersagbare Skalierung<\/td><td>\u2022 Sehr niedrige sitzungsbezogene Kosten<br>\u2022 Unbegrenzte Nachrichten<br>\u2022 Unterst\u00fctzt Medien, Kontakte und Gruppen<br>\u2022 Mehrere WhatsApp-Sitzungen<br>\u2022 Webhook-Unterst\u00fctzung + SDKs<\/td><\/tr><tr><td><strong>Nachteile \/ Abw\u00e4gungen<\/strong><\/td><td>\u2022 Weniger operative Kontrolle f\u00fcr entwicklungsintensive Unternehmen<br>\u2022 Feste Plattform-\/Servicegeb\u00fchr<\/td><td>\u2022 Inoffizielle API: Risiko von Kontosperrungen<br>\u2022 Keine Anzeigenstrategie oder Conversion-Optimierung<br>\u2022 Erfordert Entwicklerressourcen und technische Einrichtung<\/td><\/tr><\/tbody><\/table><\/figure>\n\n\n\n<h2 class=\"wp-block-heading\"> H\u00e4ufig gestellte Fragen (FAQ)<\/h2>\n\n\n\n<p><strong>F: Ist WASenderAPI offiziell oder von WhatsApp genehmigt?<\/strong><br><strong>A:<\/strong> Nein \u2013 es handelt sich nicht um einen offiziellen WhatsApp Business API-Anbieter, was das Risiko einer Kontosperrung erh\u00f6hen kann.<\/p>\n\n\n\n<p><strong>F: Kann ich Medien \u00fcber die WASenderAPI senden?<\/strong><br><strong>A:<\/strong> Ja. Unterst\u00fctzt Text, Bilder, Videos, Audio, Dokumente, Standorte und Kontakte \u00fcber die API.<\/p>\n\n\n\n<p><strong>F: Unterst\u00fctzt WASenderAPI mehrere WhatsApp-Nummern?<\/strong><br><strong>A:<\/strong> Ja \u2013 es k\u00f6nnen mehrere Sitzungen verwaltet werden, sodass mehrere Nummern f\u00fcr die Nachrichten\u00fcbermittlung verwendet werden k\u00f6nnen.<\/p>\n\n\n\n<p><strong>F: Unterst\u00fctzt WABOOM die Entwicklung von Chatbots und komplexen Arbeitsabl\u00e4ufen?<\/strong><br><strong>A:<\/strong> Ja. Vollst\u00e4ndig freigeschalteter Builder f\u00fcr Logik, Automatisierung und flussbasierte Konversationen, integriert in Werbekampagnen.<\/p>\n\n\n\n<p><strong>F: Was passiert, wenn eine Nummer auf der WASenderAPI gesperrt wird?<\/strong><br><strong>A:<\/strong> Da es sich um einen inoffiziellen Dienst handelt, besteht ein reales Risiko der Kontosperrung oder -sperre \u2013 dies ist der Preis f\u00fcr niedrige Kosten und unbegrenzte Nachrichten\u00fcbermittlung.<\/p>\n\n\n\n<h2 class=\"wp-block-heading\">Wer gewinnt?<\/h2>\n\n\n\n<ul class=\"wp-block-list\">\n<li><strong>W\u00e4hle WABOOM<\/strong> wenn du:<br>\u2714 Sie w\u00fcnschen sich einen zuverl\u00e4ssigen, skalierbaren und wachstumsorientierten Partner?<br>\u2714 Bevorzugen Sie planbare Kosten ohne Aufschlag und eine kostenlose Testphase<br>\u2714 Sie m\u00f6chten, dass jemand Ihre Anzeigen schaltet? \u2192 WhatsApp-Automatisierung + Funnel f\u00fcr Sie<br>\u2714 Sie haben kein Entwicklerteam oder m\u00f6chten die API-Infrastruktur nicht verwalten?<\/li>\n\n\n\n<li><strong>W\u00e4hlen Sie WASenderAPI.<\/strong> wenn du:<br>\u2714 Stellen Sie sicher, dass ein Entwicklerteam bereitsteht, um Ihre eigenen Workflows zu integrieren und zu erstellen.<br>\u2714 Sie w\u00fcnschen sich kosteng\u00fcnstige Nachrichten\u00fcbermittlung mit unbegrenztem Volumen?<br>\u2714 Sind Sie bereit, das Compliance-Risiko bei der Verwendung einer inoffiziellen API in Kauf zu nehmen?<br>\u2714 Flexibilit\u00e4t f\u00fcr benutzerdefinierte Integrationen und mehrere Sitzungen erforderlich<\/li>\n<\/ul>\n\n\n\n<p><strong>Fazit:<\/strong><br>F\u00fcr <strong>Wachstum ohne Technologiebelastung<\/strong>, WABOOM ist die sicherere und strategischere Wahl.<br>F\u00fcr <strong>Technologieorientierte Teams suchen kosteng\u00fcnstige Messaging-Infrastruktur<\/strong>, WASenderAPI ist eine flexible Option \u2013 vorausgesetzt, man akzeptiert die damit verbundenen Risiken.<\/p>\n\n\n\n<p><\/p>","protected":false},"excerpt":{"rendered":"<p>Stop Paying for Messaging That Doesn\u2019t Scale Choose Execution Over Just Tools Many WhatsApp tools are built for bulk or quick automation, but if you&#8217;re serious about growth, conversion, and minimizing risk, you want more than a \u201csend-and-pray\u201d API. Comparing WABOOM (growth partner) with WASenderAPI (developer-focused, lightweight WhatsApp API) reveals which is more suited to&#8230;<\/p>","protected":false},"author":1,"featured_media":0,"parent":0,"menu_order":0,"comment_status":"closed","ping_status":"closed","template":"","meta":{"_bbp_topic_count":0,"_bbp_reply_count":0,"_bbp_total_topic_count":0,"_bbp_total_reply_count":0,"_bbp_voice_count":0,"_bbp_anonymous_reply_count":0,"_bbp_topic_count_hidden":0,"_bbp_reply_count_hidden":0,"_bbp_forum_subforum_count":0,"_monsterinsights_skip_tracking":false,"_monsterinsights_sitenote_active":false,"_monsterinsights_sitenote_note":"","_monsterinsights_sitenote_category":0,"footnotes":""},"class_list":["post-6373","page","type-page","status-publish","hentry"],"_links":{"self":[{"href":"https:\/\/waboom.net\/de_de\/wp-json\/wp\/v2\/pages\/6373","targetHints":{"allow":["GET"]}}],"collection":[{"href":"https:\/\/waboom.net\/de_de\/wp-json\/wp\/v2\/pages"}],"about":[{"href":"https:\/\/waboom.net\/de_de\/wp-json\/wp\/v2\/types\/page"}],"author":[{"embeddable":true,"href":"https:\/\/waboom.net\/de_de\/wp-json\/wp\/v2\/users\/1"}],"replies":[{"embeddable":true,"href":"https:\/\/waboom.net\/de_de\/wp-json\/wp\/v2\/comments?post=6373"}],"version-history":[{"count":0,"href":"https:\/\/waboom.net\/de_de\/wp-json\/wp\/v2\/pages\/6373\/revisions"}],"wp:attachment":[{"href":"https:\/\/waboom.net\/de_de\/wp-json\/wp\/v2\/media?parent=6373"}],"curies":[{"name":"wp","href":"https:\/\/api.w.org\/{rel}","templated":true}]}}