{"id":6335,"date":"2025-11-16T21:11:26","date_gmt":"2025-11-16T21:11:26","guid":{"rendered":"https:\/\/waboom.net\/?page_id=6335"},"modified":"2025-11-19T13:18:31","modified_gmt":"2025-11-19T13:18:31","slug":"waboom-vs-aisensy","status":"publish","type":"page","link":"https:\/\/waboom.net\/es_ar\/waboom-vs-aisensy\/","title":{"rendered":"WABOOM contra AiSensy"},"content":{"rendered":"<p>Deje de conformarse con una automatizaci\u00f3n b\u00e1sica y un soporte t\u00e9cnico poco fiable. Explore la comparativa definitiva y descubra por qu\u00e9 WABOOM ofrece una estrategia de conversi\u00f3n superior, precios transparentes y un soporte inigualable que se adapta a sus necesidades.<\/p>\n\n\n\n<h2 class=\"wp-block-heading\"><strong>Comparaci\u00f3n de caracter\u00edsticas: WABOOM vs. AiSensy<\/strong><\/h2>\n\n\n\n<figure class=\"wp-block-table\"><table class=\"has-fixed-layout\"><thead><tr><th>Caracter\u00edstica<\/th><th><strong>WABOOM (Socio de crecimiento de servicio completo)<\/strong><\/th><th><strong>AiSensy (Plataforma de autoservicio)<\/strong><\/th><\/tr><\/thead><tbody><tr><td><strong>Marcado de metaconversaci\u00f3n<\/strong><\/td><td><strong>0% Margen (Costo real de transferencia)<\/strong><\/td><td>A menudo incluye un marcado oculto en la facturaci\u00f3n.<\/td><\/tr><tr><td><strong>Transparencia de precios<\/strong><\/td><td>Tarifa de plataforma fija y sencilla + <strong>costo real de Meta<\/strong><\/td><td>Precios escalonados\/complejos; restricci\u00f3n de funciones com\u00fan<\/td><\/tr><tr><td><strong>Inicios de sesi\u00f3n de agentes<\/strong><\/td><td><strong>Inicios de sesi\u00f3n de agentes ilimitados (todos los planes)<\/strong><\/td><td>Ilimitado (est\u00e1ndar)<\/td><\/tr><tr><td><strong>Estrategia y ejecuci\u00f3n de anuncios<\/strong><\/td><td><strong>Gesti\u00f3n de anuncios de servicio completo y dedicado disponible<\/strong><\/td><td>Solo autoservicio; requiere experiencia del usuario<\/td><\/tr><tr><td><strong>Anuncios de clic para WhatsApp<\/strong><\/td><td><strong>Segmentaci\u00f3n avanzada + integraci\u00f3n nativa de CAPI<\/strong><\/td><td>S\u00ed, pero carece de herramientas de automatizaci\u00f3n y atribuci\u00f3n m\u00e1s profundas.<\/td><\/tr><tr><td><strong>Constructor de chatbots<\/strong><\/td><td><strong>Constructor de arrastrar y soltar completamente desbloqueado (todos los niveles)<\/strong><\/td><td>AI\/GPT y flujos avanzados a menudo bloqueados tras planes premium<\/td><\/tr><tr><td><strong>Acceso a API\/webhook<\/strong><\/td><td><strong>Ilimitado, gratuito, sin restricciones (todos los niveles)<\/strong><\/td><td>Limitado o restringido en los planes iniciales<\/td><\/tr><tr><td><strong>Modelo de soporte<\/strong><\/td><td><strong>Gerente de cuenta dedicado + Soporte por llamada, Zoom y chat<\/strong><\/td><td>Correo electr\u00f3nico\/chat est\u00e1ndar; se inform\u00f3 una escalada m\u00e1s lenta<\/td><\/tr><tr><td><strong>Pagos de WhatsApp<\/strong><\/td><td><strong>Activaci\u00f3n con un solo clic y pago sin inconvenientes en el chat<\/strong><\/td><td>Disponible, pero la implementaci\u00f3n puede ser complicada<\/td><\/tr><tr><td><strong>Velocidad de entrega de transmisi\u00f3n<\/strong><\/td><td><strong>Optimizado para entregas empresariales de gran volumen<\/strong><\/td><td>El rendimiento var\u00eda seg\u00fan el plan y la cola Meta<\/td><\/tr><\/tbody><\/table><\/figure>\n\n\n\n<h2 class=\"wp-block-heading\"><strong>An\u00e1lisis detallado: Por qu\u00e9 WABOOM es la actualizaci\u00f3n definitiva<\/strong><\/h2>\n\n\n\n<h3 class=\"wp-block-heading\"><strong>I. El verdadero costo del escalamiento: m\u00e1rgenes y cargos ocultos<\/strong><\/h3>\n\n\n\n<p>AiSensy a menudo parece asequible a primera vista, pero el costo real de la conversaci\u00f3n es donde surgen las principales diferencias.<\/p>\n\n\n\n<h4 class=\"wp-block-heading\"><strong>Ventaja de WABOOM<\/strong><\/h4>\n\n\n\n<ul class=\"wp-block-list\">\n<li><strong>Garant\u00eda de marcado 0%:<\/strong> Nosotros pasamos <strong>Cargos por metaconversaci\u00f3n<\/strong> Al precio exacto. Sin relleno ni sorpresas. Tu ROI aumenta a medida que crece tu volumen.<\/li>\n\n\n\n<li><strong>Todas las funciones principales desbloqueadas:<\/strong> Creador de chatbot completo, API ilimitadas y asientos de agente ilimitados en todos los planes excepto los introductorios, sin \u201cimpuestos sobre las funciones\u201d en el crecimiento.<\/li>\n<\/ul>\n\n\n\n<h4 class=\"wp-block-heading\"><strong>Debilidad de AiSensy<\/strong><\/h4>\n\n\n\n<ul class=\"wp-block-list\">\n<li>Los peque\u00f1os sobreprecios en las tarifas de Meta son comunes. Un sobreprecio de 5% por 100,000 mensajes mensuales puede encarecer r\u00e1pidamente los planes &quot;m\u00e1s econ\u00f3micos&quot;, lo que perjudica la previsibilidad y la rentabilidad.<\/li>\n<\/ul>\n\n\n\n<h3 class=\"wp-block-heading\"><strong>II. Asociaci\u00f3n vs. Plataforma: Estrategia y ejecuci\u00f3n publicitaria<\/strong><\/h3>\n\n\n\n<p>AiSensy es una herramienta. WABOOM es un socio de crecimiento.<\/p>\n\n\n\n<h4 class=\"wp-block-heading\"><strong>Ventaja de WABOOM<\/strong><\/h4>\n\n\n\n<ul class=\"wp-block-list\">\n<li><strong>Gesti\u00f3n integral de anuncios:<\/strong> Dise\u00f1amos, ejecutamos y optimizamos su <strong>Campa\u00f1as de clic a WhatsApp<\/strong> Algo que AiSensy no ofrece. Esto garantiza el m\u00e1ximo retorno de la inversi\u00f3n y elimina las conjeturas.<\/li>\n\n\n\n<li><strong>Integraciones publicitarias m\u00e1s profundas:<\/strong> Nuestro avanzado <strong>CAPI<\/strong> y los flujos de segmentaci\u00f3n garantizan una atribuci\u00f3n precisa y un enrutamiento instant\u00e1neo al agente o flujo de trabajo adecuado.<\/li>\n<\/ul>\n\n\n\n<h4 class=\"wp-block-heading\"><strong>Debilidad de AiSensy<\/strong><\/h4>\n\n\n\n<ul class=\"wp-block-list\">\n<li>Si bien Click-to-WhatsApp est\u00e1 disponible, la optimizaci\u00f3n estrat\u00e9gica queda en manos del usuario, lo que a menudo genera tasas de conversi\u00f3n m\u00e1s bajas y desperdicio de inversi\u00f3n publicitaria.<\/li>\n<\/ul>\n\n\n\n<h3 class=\"wp-block-heading\"><strong>III. Soporte, confiabilidad y rapidez de resoluci\u00f3n<\/strong><\/h3>\n\n\n\n<p>Cuando tu mensajer\u00eda falla, el negocio se detiene. Necesitas un soporte que no te haga esperar.<\/p>\n\n\n\n<h4 class=\"wp-block-heading\"><strong>Ventaja de WABOOM<\/strong><\/h4>\n\n\n\n<ul class=\"wp-block-list\">\n<li><strong>Soporte proactivo y multicanal:<\/strong> Tel\u00e9fono, Zoom, chat y correo electr\u00f3nico dirigidos por un <strong>Gerente de cuenta dedicado<\/strong> para la mayor\u00eda de los planes de nivel medio.<\/li>\n\n\n\n<li><strong>Estabilidad de nivel empresarial:<\/strong> Optimizado para entregas de gran volumen, garantizando que los mensajes transaccionales cr\u00edticos lleguen a los clientes sin demora.<\/li>\n<\/ul>\n\n\n\n<h4 class=\"wp-block-heading\"><strong>Debilidad de AiSensy<\/strong><\/h4>\n\n\n\n<ul class=\"wp-block-list\">\n<li>El soporte es funcional, pero a menudo lento para cuestiones t\u00e9cnicas o urgentes, y depende principalmente del correo electr\u00f3nico, que es costoso durante los picos de demanda.<\/li>\n<\/ul>\n\n\n\n<h3 class=\"wp-block-heading\"><strong>IV. Automatizaci\u00f3n sin restricciones: Chatbots y pagos<\/strong><\/h3>\n\n\n\n<p>Las automatizaciones modernas de WhatsApp no deber\u00edan requerir la adhesi\u00f3n a planes premium.<\/p>\n\n\n\n<h4 class=\"wp-block-heading\"><strong>Ventaja de WABOOM<\/strong><\/h4>\n\n\n\n<ul class=\"wp-block-list\">\n<li><strong>El cerrador de pagos:<\/strong> Nuestros flujos de pagos y pedidos de WhatsApp crean una experiencia fluida desde el chat hasta el pago, lo que reduce dr\u00e1sticamente las cancelaciones.<\/li>\n\n\n\n<li><strong>Sin c\u00f3digo, m\u00e1xima potencia:<\/strong> Nuestro chatbot de arrastrar y soltar ofrece todos los bloques l\u00f3gicos, condiciones, llamadas API y automatizaci\u00f3n sin necesidad de actualizaciones.<\/li>\n<\/ul>\n\n\n\n<h2 class=\"wp-block-heading\"><strong>Escale con confianza, sin costos ocultos<\/strong><\/h2>\n\n\n\n<p>Si solo necesita automatizaci\u00f3n b\u00e1sica de autoservicio, AiSensy puede satisfacer sus necesidades.<\/p>\n\n\n\n<p>Pero si te lo tomas en serio <strong>Aumentar los ingresos, eliminar el margen de beneficio y aprovechar el apoyo estrat\u00e9gico de expertos<\/strong> Para maximizar el ROI de los anuncios y el rendimiento de la automatizaci\u00f3n, <strong>WABOOM es el claro ganador<\/strong>.<\/p>\n\n\n\n<p><strong>\u00bfEst\u00e1s listo para dejar de pagar m\u00e1rgenes ocultos y comenzar a escalar de manera inteligente?<\/strong><\/p>\n\n\n\n<h3 class=\"wp-block-heading\"><strong>Crea tu cuenta WABOOM GRATIS<\/strong><\/h3>\n\n\n\n<p><em>Acceso completo al Chatbot Builder e inicios de sesi\u00f3n de agentes ilimitados.<\/em><\/p>","protected":false},"excerpt":{"rendered":"<p>Stop settling for basic automation and unreliable support. Dive into the definitive comparison and discover why WABOOM delivers superior conversion strategy, transparent pricing, and unmatched support that scales with you. Feature-by-Feature Comparison: WABOOM vs. AiSensy Feature WABOOM (Full-Service Growth Partner) AiSensy (Self-Service Platform) Meta Conversation Markup 0% Markup (True Pass-Through Cost) Often includes hidden markup&#8230;<\/p>","protected":false},"author":1,"featured_media":0,"parent":0,"menu_order":0,"comment_status":"closed","ping_status":"closed","template":"","meta":{"_bbp_topic_count":0,"_bbp_reply_count":0,"_bbp_total_topic_count":0,"_bbp_total_reply_count":0,"_bbp_voice_count":0,"_bbp_anonymous_reply_count":0,"_bbp_topic_count_hidden":0,"_bbp_reply_count_hidden":0,"_bbp_forum_subforum_count":0,"_monsterinsights_skip_tracking":false,"_monsterinsights_sitenote_active":false,"_monsterinsights_sitenote_note":"","_monsterinsights_sitenote_category":0,"footnotes":""},"class_list":["post-6335","page","type-page","status-publish","hentry"],"_links":{"self":[{"href":"https:\/\/waboom.net\/es_ar\/wp-json\/wp\/v2\/pages\/6335","targetHints":{"allow":["GET"]}}],"collection":[{"href":"https:\/\/waboom.net\/es_ar\/wp-json\/wp\/v2\/pages"}],"about":[{"href":"https:\/\/waboom.net\/es_ar\/wp-json\/wp\/v2\/types\/page"}],"author":[{"embeddable":true,"href":"https:\/\/waboom.net\/es_ar\/wp-json\/wp\/v2\/users\/1"}],"replies":[{"embeddable":true,"href":"https:\/\/waboom.net\/es_ar\/wp-json\/wp\/v2\/comments?post=6335"}],"version-history":[{"count":0,"href":"https:\/\/waboom.net\/es_ar\/wp-json\/wp\/v2\/pages\/6335\/revisions"}],"wp:attachment":[{"href":"https:\/\/waboom.net\/es_ar\/wp-json\/wp\/v2\/media?parent=6335"}],"curies":[{"name":"wp","href":"https:\/\/api.w.org\/{rel}","templated":true}]}}