{"id":6361,"date":"2025-11-17T17:32:03","date_gmt":"2025-11-17T17:32:03","guid":{"rendered":"https:\/\/waboom.net\/?page_id=6361"},"modified":"2025-11-19T13:09:13","modified_gmt":"2025-11-19T13:09:13","slug":"waboom-vs-sleekflow","status":"publish","type":"page","link":"https:\/\/waboom.net\/es_cl\/waboom-vs-sleekflow\/","title":{"rendered":"WABOOM contra SleekFlow"},"content":{"rendered":"<p>Genial, aqu\u00ed hay uno <strong>WABOOM contra SleekFlow<\/strong> comparaci\u00f3n en su formato bloqueado, al estilo de Neil Patel, que muestra d\u00f3nde brilla cada plataforma, d\u00f3nde se compensan y cu\u00e1ndo deber\u00eda elegir una sobre la otra.<\/p>\n\n\n\n<h1 class=\"wp-block-heading\">Deja de gastar dinero en plataformas de mensajer\u00eda que te dejan hacer todo el trabajo<\/h1>\n\n\n\n<p>Muchas herramientas de WhatsApp parecen potentes agentes de IA, automatizaciones y bandejas de entrada, pero la mayor\u00eda deja <em>t\u00fa<\/em> Responsable del crecimiento, la estrategia de campa\u00f1a y las sorpresas de costos. Si realmente buscas escalar con claridad y rendimiento, mereces m\u00e1s que una simple aplicaci\u00f3n de chat.<\/p>\n\n\n\n<p>Por eso comparar <strong>\u00a1WABOOM!<\/strong> (un verdadero socio de crecimiento) con <strong>Flujo elegante<\/strong> (una plataforma completa basada en API) es fundamental. No se trata solo de verificar las caracter\u00edsticas, sino de la ejecuci\u00f3n, la previsibilidad y el retorno de la inversi\u00f3n (ROI) a largo plazo.<\/p>\n\n\n\n<h2 class=\"wp-block-heading\">\ud83d\udd25 WABOOM vs. SleekFlow: Comparaci\u00f3n caracter\u00edstica por caracter\u00edstica<\/h2>\n\n\n\n<figure class=\"wp-block-table\"><table class=\"has-fixed-layout\"><thead><tr><th>Caracter\u00edstica<\/th><th><strong>WABOOM (Socio de crecimiento de servicio completo)<\/strong><\/th><th><strong>SleekFlow (API + Plataforma de automatizaci\u00f3n)<\/strong><\/th><\/tr><\/thead><tbody><tr><td><strong>Costo de la metaconversaci\u00f3n\/mensaje<\/strong><\/td><td><strong>Marcado 0%<\/strong> Costos de conversaci\u00f3n en Meta + tarifa fija de plataforma. Plan gratuito para siempre con <strong>10.000 mensajes gratis<\/strong> hace que comenzar no presente riesgos.<\/td><td>Utiliza precios por mensaje: los mensajes de plantilla se cobran seg\u00fan la categor\u00eda (marketing, utilidad, autenticaci\u00f3n). <\/td><\/tr><tr><td><strong>Transparencia de precios<\/strong><\/td><td>Simple y predecible: costo fijo de la plataforma + cargos reales de Meta.<\/td><td>Estructura clara: modelo de contactos activos mensuales (MAC) + tarifas por mensaje. <\/td><\/tr><tr><td><strong>Inicios de sesi\u00f3n de agentes\/equipos<\/strong><\/td><td>Agentes ilimitados en la mayor\u00eda de los planes escalan su equipo de soporte o ventas libremente.<\/td><td>Bandeja de entrada multiagente + enrutamiento; puedes asignar roles y equipos para administrar las conversaciones de WhatsApp. <\/td><\/tr><tr><td><strong>Estrategia y ejecuci\u00f3n de anuncios<\/strong><\/td><td>WABOOM ejecuta sus campa\u00f1as publicitarias Click-to-WhatsApp, las optimiza y las vincula a sus flujos de bot + agente.<\/td><td>SleekFlow te ofrece la <strong>Generador de flujo<\/strong> (arrastrar y soltar) para crear automatizaci\u00f3n, pero usted est\u00e1 a cargo de c\u00f3mo impulsa y convierte las conversaciones. <\/td><\/tr><tr><td><strong>Anuncios de clic para WhatsApp<\/strong><\/td><td>Segmentaci\u00f3n avanzada, enrutamiento nativo de CAPI y atribuci\u00f3n basada en flujo.<\/td><td>Con el respaldo de sus capacidades BSP, usted configura la l\u00f3gica del flujo, pero la estrategia publicitaria depende de usted.<\/td><\/tr><tr><td><strong>Chatbot \/ Constructor de automatizaci\u00f3n<\/strong><\/td><td>Constructor de arrastrar y soltar totalmente desbloqueado. Sin restricciones de funciones ni l\u00edmites artificiales.<\/td><td>Un Flow Builder + agentes de IA muy potentes para crear automatizaciones conversacionales y enrutar de forma inteligente. <\/td><\/tr><tr><td><strong>Acceso a API\/webhook<\/strong><\/td><td>Acceso API ilimitado para CRM, backend o integraciones personalizadas.<\/td><td>Soporte robusto de API y webhook, dise\u00f1ado para la integraci\u00f3n con CRM, comercio electr\u00f3nico y m\u00e1s. <\/td><\/tr><tr><td><strong>Modelo de soporte<\/strong><\/td><td>Gerente de cuenta dedicado + soporte proactivo y personalizado (Zoom, tel\u00e9fono, chat).<\/td><td>El soporte depende del plan; puedes agregar un Gerente de \u00e9xito del cliente para obtener ayuda m\u00e1s estrat\u00e9gica. <\/td><\/tr><tr><td><strong>Transmisi\u00f3n\/Mensajer\u00eda de alto volumen<\/strong><\/td><td>Optimizado para mensajes, campa\u00f1as y alto rendimiento a escala empresarial.<\/td><td>El soporte de gran volumen es s\u00f3lido; puede ejecutar flujos de trabajo automatizados, campa\u00f1as y transmisiones a trav\u00e9s de su API + generador de flujo.<\/td><\/tr><tr><td><strong>Eficiencia de costos para mensajes de servicio<\/strong><\/td><td>Gracias al marcado 0% y al nivel gratuito, comenzar es asequible y el escalamiento es predecible.<\/td><td>Plantillas de utilidad <em>adentro<\/em> La ventanilla de atenci\u00f3n al cliente 24 horas es gratuita. <\/td><\/tr><\/tbody><\/table><\/figure>\n\n\n\n<h2 class=\"wp-block-heading\"> Por qu\u00e9 estas diferencias realmente importan<\/h2>\n\n\n\n<h3 class=\"wp-block-heading\">1. Previsibilidad y escalabilidad sin riesgos<\/h3>\n\n\n\n<ul class=\"wp-block-list\">\n<li><strong>Ventaja de WABOOM<\/strong>: El <strong>plan gratuito + cero margen de beneficio<\/strong> Esto significa que puedes probar tu automatizaci\u00f3n de WhatsApp sin arriesgarte a facturas elevadas. A medida que creces, tus costos aumentan con el volumen de forma transparente.<\/li>\n\n\n\n<li><strong>Compensaci\u00f3n de SleekFlow<\/strong>Pagas por mensaje de plantilla, seg\u00fan tu caso de uso (marketing, utilidad, etc.). Si bien ofrecen un modelo basado en MAC que vincula el costo con la interacci\u00f3n real, debes calcular tu uso con cuidado. <\/li>\n<\/ul>\n\n\n\n<h3 class=\"wp-block-heading\">2. Automatizaci\u00f3n y potencia de ejecuci\u00f3n<\/h3>\n\n\n\n<ul class=\"wp-block-list\">\n<li><strong>Ventaja de WABOOM<\/strong>:No solo te dan las herramientas que necesitan <strong>ejecutar<\/strong> Su estrategia de crecimiento: ejecutar campa\u00f1as publicitarias, crear flujos y optimizar la conversi\u00f3n.<\/li>\n\n\n\n<li><strong>Compensaci\u00f3n de SleekFlow<\/strong>Excelente flexibilidad con su Generador de Flujos, agentes de IA y API. Pero para maximizar esa potencia, necesita dise\u00f1ar y controlar sus flujos, con mayor responsabilidad y m\u00e1s trabajo de su parte.<\/li>\n<\/ul>\n\n\n\n<h3 class=\"wp-block-heading\">3. Soporte, escalabilidad del equipo y colaboraci\u00f3n<\/h3>\n\n\n\n<ul class=\"wp-block-list\">\n<li><strong>Ventaja de WABOOM<\/strong>Un gestor de cuentas dedicado se asegura de que no te quedes solo a medida que creces. Te ayuda proactivamente a optimizar tus mensajes, campa\u00f1as y enrutamiento.<\/li>\n\n\n\n<li><strong>Compensaci\u00f3n de SleekFlow<\/strong>: Soporte s\u00f3lido, pero el soporte estrat\u00e9gico y consultivo tiene un costo adicional. Su plataforma est\u00e1 dise\u00f1ada para que los equipos operativos creen y escalen soluciones menos predefinidas y m\u00e1s personalizadas con orientaci\u00f3n.<\/li>\n<\/ul>\n\n\n\n<h2 class=\"wp-block-heading\"> Pros y contras: WABOOM frente a SleekFlow<\/h2>\n\n\n\n<figure class=\"wp-block-table\"><table class=\"has-fixed-layout\"><thead><tr><th>Categor\u00eda<\/th><th><strong>WABOOM (Socio de crecimiento)<\/strong><\/th><th><strong>SleekFlow (Plataforma)<\/strong><\/th><\/tr><\/thead><tbody><tr><td><strong>Ventajas<\/strong><\/td><td>\u2013 Cero margen en costos de Meta- 10,000 mensajes gratis para comenzar- Ejecuci\u00f3n de anuncios y chatbot de servicio completo- Agentes ilimitados- Costo predecible y escalable<\/td><td>\u2013 API real + poder de automatizaci\u00f3n- Generador de flujo intuitivo + agentes de IA- Bandeja de entrada y enrutamiento multiagente- Conexi\u00f3n con CRM y comercio electr\u00f3nico- Precios flexibles vinculados a la interacci\u00f3n<\/td><\/tr><tr><td><strong>Desventajas\/Compensaciones<\/strong><\/td><td>\u2013 Requiere confianza en un socio para ejecutar sus campa\u00f1as. Se puede aplicar una tarifa de plataforma fija a medida que escala.<\/td><td>\u2013 El costo de la mensajer\u00eda depende de las plantillas. \u2013 Debe dise\u00f1ar y optimizar los flujos. \u2013 El soporte estrat\u00e9gico puede costar m\u00e1s. \u2013 Requiere m\u00e1s esfuerzo interno para maximizar el ROI.<\/td><\/tr><\/tbody><\/table><\/figure>\n\n\n\n<hr class=\"wp-block-separator has-alpha-channel-opacity\"\/>\n\n\n\n<h2 class=\"wp-block-heading\">\u2753 Preguntas frecuentes (FAQ)<\/h2>\n\n\n\n<p><strong>P: \u00bfSleekFlow te permite responder a los clientes de forma \u201cgratis\u201d dentro de Windows?<\/strong><br><strong>A:<\/strong> S\u00ed. Cuando un cliente te env\u00eda un mensaje, se abre un per\u00edodo de atenci\u00f3n al cliente de 24 horas, durante el cual puedes enviar respuestas libres. <br>Adem\u00e1s, si se inicia a trav\u00e9s de Click-to-WhatsApp o similar, puede aplicarse una ventana de \u201cpunto de entrada gratuito\u201d de 72 horas. <\/p>\n\n\n\n<p><strong>P: \u00bfC\u00f3mo se cobran los mensajes de plantilla (como los de marketing o utilidad) en SleekFlow?<\/strong><br><strong>A:<\/strong> Utilizan un modelo de precios por mensaje de plantilla. Las tarifas dependen de la categor\u00eda del mensaje (marketing, utilidad, etc.).<\/p>\n\n\n\n<p><strong>P: \u00bfPuedo integrar mi CRM (como HubSpot o Shopify) con SleekFlow?<\/strong><br><strong>A:<\/strong> S\u00ed, SleekFlow admite integraciones de CRM y comercio electr\u00f3nico, lo que permite una automatizaci\u00f3n profunda y sincronizaci\u00f3n de datos. <\/p>\n\n\n\n<p><strong>P: \u00bfSleekFlow admite varios agentes en WhatsApp?<\/strong><br><strong>A:<\/strong> S\u00ed. Tiene una bandeja de entrada multiagente con reglas de enrutamiento y capacidades de colaboraci\u00f3n en equipo. <\/p>\n\n\n\n<p><strong>P: \u00bfQu\u00e9 tan flexible es su generador de automatizaci\u00f3n?<\/strong><br><strong>A:<\/strong> Muy bien. Su generador de flujos es visual y potente, lo que te permite dise\u00f1ar flujos de trabajo personalizados, flujos basados en IA y enrutamiento basado en activadores. <\/p>\n\n\n\n<h2 class=\"wp-block-heading\">\u00bfQui\u00e9n gana?<\/h2>\n\n\n\n<ul class=\"wp-block-list\">\n<li>Elegir <strong>\u00a1WABOOM!<\/strong> si usted:<br>\u2714 \u00bfQuieres? <strong>Delegar la estrategia, la ejecuci\u00f3n de anuncios y el crecimiento a un socio<\/strong><br>\u2714 Apreciar <strong>precios predecibles<\/strong> con cero margen de beneficio + un nivel de mensajer\u00eda gratuito<br>\u2714 Prefiere una relaci\u00f3n de alto contacto: alguien que invierta en tu conversi\u00f3n y escala.<br>\u2714 \u00bfQuieres probar y escalar sin riesgos con usuarios reales?<\/li>\n\n\n\n<li>Elegir <strong>Flujo elegante<\/strong> si usted:<br>\u2714 Contar con equipos internos de estrategia u operaciones listos para crear y ejecutar automatizaciones<br>\u2714 Necesita un control profundo a trav\u00e9s de Flow Builder + agentes de IA<br>\u2714 \u00bfQuieres colaboraci\u00f3n entre m\u00faltiples agentes y gesti\u00f3n de la bandeja de entrada?<br>\u2714 Se centran en integrar WhatsApp profundamente con su CRM o comercio electr\u00f3nico<\/li>\n<\/ul>\n\n\n\n<p><strong>En resumen:<\/strong><br>Si est\u00e1 escalando r\u00e1pidamente, desea un socio que lo ejecute y le preocupa la transparencia de costos, <strong>\u00a1WABOOM!<\/strong> es una opci\u00f3n poderosa y de bajo riesgo.<br>Si desea m\u00e1xima flexibilidad, control y automatizaci\u00f3n profunda, <strong>Flujo elegante<\/strong> te da las herramientas pero <strong>T\u00fa impulsas el crecimiento<\/strong>.<\/p>","protected":false},"excerpt":{"rendered":"<p>Great here\u2019s a WABOOM vs. SleekFlow comparison in your locked, Neil\u202fPatel\u2013style format, showing where each platform shines, where they trade off, and when you might pick one over the other. Stop Wasting Money on Messaging Platforms That Leave You Doing All the Work Many WhatsApp tools feel powerful AI agents, automations, inboxes but most leave&#8230;<\/p>","protected":false},"author":1,"featured_media":0,"parent":0,"menu_order":0,"comment_status":"closed","ping_status":"closed","template":"","meta":{"_bbp_topic_count":0,"_bbp_reply_count":0,"_bbp_total_topic_count":0,"_bbp_total_reply_count":0,"_bbp_voice_count":0,"_bbp_anonymous_reply_count":0,"_bbp_topic_count_hidden":0,"_bbp_reply_count_hidden":0,"_bbp_forum_subforum_count":0,"_monsterinsights_skip_tracking":false,"_monsterinsights_sitenote_active":false,"_monsterinsights_sitenote_note":"","_monsterinsights_sitenote_category":0,"footnotes":""},"class_list":["post-6361","page","type-page","status-publish","hentry"],"_links":{"self":[{"href":"https:\/\/waboom.net\/es_cl\/wp-json\/wp\/v2\/pages\/6361","targetHints":{"allow":["GET"]}}],"collection":[{"href":"https:\/\/waboom.net\/es_cl\/wp-json\/wp\/v2\/pages"}],"about":[{"href":"https:\/\/waboom.net\/es_cl\/wp-json\/wp\/v2\/types\/page"}],"author":[{"embeddable":true,"href":"https:\/\/waboom.net\/es_cl\/wp-json\/wp\/v2\/users\/1"}],"replies":[{"embeddable":true,"href":"https:\/\/waboom.net\/es_cl\/wp-json\/wp\/v2\/comments?post=6361"}],"version-history":[{"count":0,"href":"https:\/\/waboom.net\/es_cl\/wp-json\/wp\/v2\/pages\/6361\/revisions"}],"wp:attachment":[{"href":"https:\/\/waboom.net\/es_cl\/wp-json\/wp\/v2\/media?parent=6361"}],"curies":[{"name":"wp","href":"https:\/\/api.w.org\/{rel}","templated":true}]}}