{"id":6368,"date":"2025-11-17T18:52:09","date_gmt":"2025-11-17T18:52:09","guid":{"rendered":"https:\/\/waboom.net\/?page_id=6368"},"modified":"2025-11-19T13:06:59","modified_gmt":"2025-11-19T13:06:59","slug":"waboom-vs-exotel","status":"publish","type":"page","link":"https:\/\/waboom.net\/es_cl\/waboom-vs-exotel\/","title":{"rendered":"WABOOM vs Exotel"},"content":{"rendered":"<div data-elementor-type=\"wp-page\" data-elementor-id=\"6368\" class=\"elementor elementor-6368\">\n\t\t\t\t<div class=\"elementor-element elementor-element-20eb829c e-flex e-con-boxed e-con e-parent\" data-id=\"20eb829c\" data-element_type=\"container\" data-e-type=\"container\">\n\t\t\t\t\t<div class=\"e-con-inner\">\n\t\t\t\t<div class=\"elementor-element elementor-element-1a8bfa23 elementor-widget elementor-widget-text-editor\" data-id=\"1a8bfa23\" data-element_type=\"widget\" data-e-type=\"widget\" data-widget_type=\"text-editor.default\">\n\t\t\t\t\t\t\t\t\t\n<h2 class=\"wp-block-heading\">Deja de conformarte con plataformas de mensajer\u00eda que te dan herramientas\u2026 pero te dejan hacer el trabajo<\/h2>\n\n<p>Muchas soluciones de WhatsApp son potentes, pero las herramientas por s\u00ed solas no siempre impulsan el crecimiento. Si quieres <strong>Precios predecibles, ejecuci\u00f3n real y un socio que se preocupa por el ROI<\/strong>, necesitas comparar <strong>\u00a1WABOOM!<\/strong> (socio de crecimiento) vs. <strong>Exotel<\/strong> (plataforma de mensajer\u00eda empresarial y centro de contacto). Aqu\u00ed se comparan.<\/p>\n\n<h2 class=\"wp-block-heading\">\u00a0WABOOM vs. Exotel: Comparaci\u00f3n caracter\u00edstica por caracter\u00edstica<\/h2>\n\n<figure class=\"wp-block-table\">\n<table class=\"has-fixed-layout\">\n<thead>\n<tr>\n<th>Caracter\u00edstica<\/th>\n<th><strong>WABOOM (Socio de crecimiento de servicio completo)<\/strong><\/th>\n<th><strong>Exotel (API \/ Centro de contacto + Mensajer\u00eda)<\/strong><\/th>\n<\/tr>\n<\/thead>\n<tbody>\n<tr>\n<td><strong>Costo de los mensajes de WhatsApp (Meta)<\/strong><\/td>\n<td><strong>Marcado 0%<\/strong> Costos de conversaci\u00f3n en Meta + una tarifa fija de plataforma. Adem\u00e1s, WABOOM ofrece... <strong>Plan gratuito para siempre<\/strong> con 10.000 mensajes gratis.<\/td>\n<td>Tarifas por conversaci\u00f3n + por mensaje seg\u00fan el tipo. Conversaci\u00f3n de marketing: 0,7846 INR; Utilidad: 0,115 INR, m\u00e1s 0,06 INR por mensaje.<\/td>\n<\/tr>\n<tr>\n<td><strong>Transparencia de precios<\/strong><\/td>\n<td>Modelo de costos muy predecible: tarifa de plataforma + costo real de Meta = sin sorpresas ocultas.<\/td>\n<td>Precios basados en cr\u00e9ditos; el costo del mensaje var\u00eda seg\u00fan el tipo de conversaci\u00f3n.<\/td>\n<\/tr>\n<tr>\n<td><strong>Inicios de sesi\u00f3n de agentes\/equipos<\/strong><\/td>\n<td>Asientos de agente ilimitados en la mayor\u00eda de los planes: ampl\u00ede su equipo sin preocuparse por las licencias de asientos.<\/td>\n<td>Admite m\u00faltiples agentes a trav\u00e9s de su centro de contacto. Agentes adicionales o tarifas fijas disponibles seg\u00fan el plan.<\/td>\n<\/tr>\n<tr>\n<td><strong>Estrategia y ejecuci\u00f3n de anuncios<\/strong><\/td>\n<td>WABOOM no solo construye tu bot y tus flujos, sino que <strong>ejecuta y optimiza campa\u00f1as publicitarias de Click-to-WhatsApp<\/strong> para ti.<\/td>\n<td>Centrado en la infraestructura: crear\u00e1s flujos, bots y estrategias de mensajer\u00eda utilizando sus API, pero ellos no ejecutar\u00e1n tus campa\u00f1as publicitarias.<\/td>\n<\/tr>\n<tr>\n<td><strong>Anuncios de clic para WhatsApp<\/strong><\/td>\n<td>Segmentaci\u00f3n profunda + enrutamiento nativo CAPI + flujos impulsados por atribuci\u00f3n.<\/td>\n<td>Puede activar campa\u00f1as a trav\u00e9s de plantillas de WhatsApp + flujos de Exotel, pero la optimizaci\u00f3n de anuncios es su responsabilidad.<\/td>\n<\/tr>\n<tr>\n<td><strong>Chatbot \/ Constructor de automatizaci\u00f3n<\/strong><\/td>\n<td>Constructor de arrastrar y soltar completamente desbloqueado, l\u00f3gica avanzada y sin restricciones de funciones artificiales.<\/td>\n<td>Chatbot de bajo c\u00f3digo\/sin c\u00f3digo para WhatsApp que puede desviar llamadas y automatizar el flujo de trabajo. Tambi\u00e9n admite &quot;Flujos&quot; para crear flujos de trabajo centrados en tareas.<\/td>\n<\/tr>\n<tr>\n<td><strong>Acceso a API\/webhook<\/strong><\/td>\n<td>Acceso API ilimitado para que pueda integrarse profundamente con su CRM, sistemas backend o an\u00e1lisis.<\/td>\n<td>APIs f\u00e1ciles de usar para desarrolladores, webhooks y devoluciones de llamadas en tiempo real para el estado de los mensajes, los mensajes entrantes y m\u00e1s. Compatible con la integraci\u00f3n multicanal.<\/td>\n<\/tr>\n<tr>\n<td><strong>Modelo de soporte<\/strong><\/td>\n<td>Gerente de cuenta dedicado + soporte proactivo (chat, llamadas, estrategia) a medida que crece.<\/td>\n<td>Soporte a nivel empresarial, especialmente para integraci\u00f3n, configuraci\u00f3n y ejecuci\u00f3n de mensajer\u00eda + centro de contacto.<\/td>\n<\/tr>\n<tr>\n<td><strong>Transmisi\u00f3n\/Mensajer\u00eda de alto volumen<\/strong><\/td>\n<td>Dise\u00f1ado para escalar: rendimiento de nivel empresarial, mensajer\u00eda orientada a campa\u00f1as y flujos de transmisi\u00f3n.<\/td>\n<td>Dise\u00f1ado para una escala muy alta: admite mensajes masivos, flujos de campa\u00f1as y mecanismos de respaldo\/enrutamiento.<\/td>\n<\/tr>\n<tr>\n<td><strong>Funciones enriquecidas (por ejemplo, multimedia enriquecida\/botones)<\/strong><\/td>\n<td>Admite mensajer\u00eda enriquecida, l\u00f3gica de bot y enrutamiento\/atribuci\u00f3n avanzados.<\/td>\n<td>Admite mensajes de plantilla interactivos: botones, respuestas r\u00e1pidas, mensajes de cat\u00e1logo de productos y plantillas multimedia.<\/td>\n<\/tr>\n<\/tbody>\n<\/table>\n<\/figure>\n\n<h2 class=\"wp-block-heading\">\u00a0Por qu\u00e9 estas diferencias realmente importan<\/h2>\n\n<ol class=\"wp-block-list\">\n<li><strong>Control de costos y riesgos<\/strong>\n<ul class=\"wp-block-list\">\n<li><strong>\u00a1BOOM!:<\/strong> Con un margen de beneficio cero y un nivel de mensajer\u00eda gratuito, puedes comenzar de a poco, probar y escalar sin sorpresas en la factura.<\/li>\n\n<li><strong>Exotel:<\/strong> Los costos son m\u00e1s variables: pagas m\u00e1s si env\u00edas m\u00e1s o utilizas conversaciones de marketing. La previsibilidad requiere una buena previsi\u00f3n.<\/li>\n<\/ul>\n<\/li>\n\n<li><strong>Ejecuci\u00f3n del crecimiento vs. flexibilidad de la plataforma<\/strong>\n<ul class=\"wp-block-list\">\n<li><strong>\u00a1BOOM!:<\/strong> Act\u00faa como un motor de crecimiento: no solo te dan herramientas, sino que... <em>Ejecutar campa\u00f1as + automatizar para usted<\/em>.<\/li>\n\n<li><strong>Exotel:<\/strong> Es una plataforma extremadamente potente (obtienes API s\u00f3lidas, un centro de contacto robusto y automatizaci\u00f3n del flujo), pero eres t\u00fa quien hace el trabajo pesado de la estrategia.<\/li>\n<\/ul>\n<\/li>\n\n<li><strong>Soporte y escala<\/strong>\n<ul class=\"wp-block-list\">\n<li><strong>\u00a1BOOM!:<\/strong> El soporte personalizado y basado en estrategias significa que no es necesario desarrollar todo internamente.<\/li>\n\n<li><strong>Exotel:<\/strong> Centrados en la integraci\u00f3n y escalabilidad empresarial, su plataforma est\u00e1 dise\u00f1ada para soportar grandes operaciones de atenci\u00f3n al cliente, desv\u00edo de llamadas y mensajer\u00eda multicanal.<\/li>\n<\/ul>\n<\/li>\n<\/ol>\n\n<h2 class=\"wp-block-heading\">Pros y contras: WABOOM frente a Exotel<\/h2>\n\n<figure class=\"wp-block-table\">\n<table class=\"has-fixed-layout\">\n<thead>\n<tr>\n<th>\u00a0<\/th>\n<th><strong>WABOOM (Socio de crecimiento)<\/strong><\/th>\n<th><strong>Exotel (Plataforma)<\/strong><\/th>\n<\/tr>\n<\/thead>\n<tbody>\n<tr>\n<td><strong>Ventajas<\/strong><\/td>\n<td>\u2022 Margen de 0% en los costos de Meta<br \/>\u2022 10k mensajes gratis para probar<br \/>\u2022 Ejecuci\u00f3n de anuncios y chatbot de servicio completo<br \/>\u2022 Agentes ilimitados<br \/>\u2022 Modelo de escala predecible<\/td>\n<td>\u2022 Muy flexible, API-first<br \/>\u2022 Mensajer\u00eda multicanal (WhatsApp, SMS, llamadas)<br \/>\u2022 Creador de chatbots de bajo c\u00f3digo + flujos<br \/>\u2022 Centro de contacto de nivel empresarial<br \/>\u2022 Soporte enriquecido para plantillas y mensajes<\/td>\n<\/tr>\n<tr>\n<td><strong>Desventajas\/Compensaciones<\/strong><\/td>\n<td>\u2022 Le entregas la ejecuci\u00f3n a un socio<br \/>\u2022 Se aplica una tarifa de servicio fija a escala.<\/td>\n<td>\u2022 Costo menos predecible: depende del tipo de conversaci\u00f3n<br \/>\u2022 Tu propia estrategia + optimizaci\u00f3n de campa\u00f1as<br \/>\u2022 M\u00e1s t\u00e9cnico para configurar y operar<\/td>\n<\/tr>\n<\/tbody>\n<\/table>\n<\/figure>\n\n<h2 class=\"wp-block-heading\">\u00a0Preguntas frecuentes (FAQ)<\/h2>\n\n<p><strong>P: \u00bfPuede Exotel enviar mensajes interactivos de WhatsApp (botones, listas)?<\/strong><br \/><strong>A:<\/strong> S\u00ed: la API de WhatsApp de Exotel admite mensajes de plantilla interactivos con botones (Respuesta r\u00e1pida o Llamada a la acci\u00f3n) y plantillas multimedia.<\/p>\n\n<p><strong>P: \u00bfExotel te permite crear flujos de trabajo\/recorridos de usuarios en WhatsApp?<\/strong><br \/><strong>A:<\/strong> S\u00ed. Su producto \u201cFlows\u201d permite dise\u00f1ar flujos de trabajo de WhatsApp de varios pasos (formularios, flujos de pedidos, tareas guiadas) y enviarlos mediante plantillas y mensajes de flujo.<\/p>\n\n<p><strong>P: \u00bfC\u00f3mo fija Exotel el precio de las conversaciones de WhatsApp?<\/strong><br \/><strong>A:<\/strong> Utilizan un modelo basado en cr\u00e9ditos. El coste de la conversaci\u00f3n de marketing es de aproximadamente INR 0,7846, el de la utilidad\/autenticaci\u00f3n es de aproximadamente INR 0,115, m\u00e1s un coste a nivel de mensaje de aproximadamente INR 0,06.<\/p>\n\n<p><strong>P: \u00bfExotel admite chatbots para WhatsApp?<\/strong><br \/><strong>A:<\/strong> S\u00ed. Tienen un producto WhatsApp Chatbot con PNL + constructor de bajo c\u00f3digo y funcionalidad h\u00edbrida bot \u2194 humana.<\/p>\n\n<h2 class=\"wp-block-heading\">\u00a0\u00bfQui\u00e9n gana?<\/h2>\n\n<ul class=\"wp-block-list\">\n<li>Elegir <strong>\u00a1WABOOM!<\/strong> si usted:<br \/>\u2714 \u00bfQuieres? <strong>Estrategia de descarga, campa\u00f1as y crecimiento<\/strong> a un socio<br \/>\u2714 Prefiero <strong>precios predecibles y sin margen de beneficio<\/strong> con un nivel de prueba f\u00e1cil<br \/>\u2714 \u00bfQuieres a alguien que impulse la automatizaci\u00f3n de anuncios y chat para obtener resultados comerciales reales?<br \/>\u2714 No est\u00e1n preparados para construir todo internamente<\/li>\n\n<li>Elegir <strong>Exotel<\/strong> si usted:<br \/>\u2714 \u00bfNecesitas una? <strong>Plataforma de comunicaciones robusta a nivel empresarial<\/strong> (llamadas + WhatsApp + SMS)<br \/>\u2714 Contar con un equipo t\u00e9cnico o un grupo de operaciones que pueda crear flujos, bots y enrutamiento<br \/>\u2714 \u00bfQuieres un control profundo sobre el recorrido del cliente, la l\u00f3gica de la conversaci\u00f3n y la arquitectura de la campa\u00f1a?<br \/>\u2714 \u00bfNecesita escalar significativamente un centro de contacto o una infraestructura de mensajer\u00eda?<\/li>\n<\/ul>\n\n<p><strong>En resumen:<\/strong><br \/>Si quieres un socio que te ayude <strong>Haz crecer tu presencia en WhatsApp de forma m\u00e1s inteligente<\/strong>, <strong>\u00a1WABOOM!<\/strong> Es una excelente opci\u00f3n enfocada en el crecimiento.<br \/>Si tu prioridad es <strong>Construyendo una infraestructura de mensajer\u00eda robusta y escalable + centro de contacto<\/strong>, <strong>Exotel<\/strong> Le brinda la flexibilidad y el control para lograrlo a escala.<\/p>\n\t\t\t\t\t\t\t\t<\/div>\n\t\t\t\t\t<\/div>\n\t\t\t\t<\/div>\n\t\t\t\t<\/div>","protected":false},"excerpt":{"rendered":"<p>Stop Settling for Messaging Platforms That Give You Tools&#8230; But Leave You Doing the Work Many WhatsApp solutions are powerful\u2014but tools alone don\u2019t always drive growth. If you want predictable pricing, real execution, and a partner who cares about ROI, you need to compare WABOOM (growth\u2011partner) vs Exotel (enterprise messaging &amp; contact center platform). Here\u2019s&#8230;<\/p>","protected":false},"author":1,"featured_media":0,"parent":0,"menu_order":0,"comment_status":"closed","ping_status":"closed","template":"","meta":{"_bbp_topic_count":0,"_bbp_reply_count":0,"_bbp_total_topic_count":0,"_bbp_total_reply_count":0,"_bbp_voice_count":0,"_bbp_anonymous_reply_count":0,"_bbp_topic_count_hidden":0,"_bbp_reply_count_hidden":0,"_bbp_forum_subforum_count":0,"_monsterinsights_skip_tracking":false,"_monsterinsights_sitenote_active":false,"_monsterinsights_sitenote_note":"","_monsterinsights_sitenote_category":0,"footnotes":""},"class_list":["post-6368","page","type-page","status-publish","hentry"],"_links":{"self":[{"href":"https:\/\/waboom.net\/es_cl\/wp-json\/wp\/v2\/pages\/6368","targetHints":{"allow":["GET"]}}],"collection":[{"href":"https:\/\/waboom.net\/es_cl\/wp-json\/wp\/v2\/pages"}],"about":[{"href":"https:\/\/waboom.net\/es_cl\/wp-json\/wp\/v2\/types\/page"}],"author":[{"embeddable":true,"href":"https:\/\/waboom.net\/es_cl\/wp-json\/wp\/v2\/users\/1"}],"replies":[{"embeddable":true,"href":"https:\/\/waboom.net\/es_cl\/wp-json\/wp\/v2\/comments?post=6368"}],"version-history":[{"count":0,"href":"https:\/\/waboom.net\/es_cl\/wp-json\/wp\/v2\/pages\/6368\/revisions"}],"wp:attachment":[{"href":"https:\/\/waboom.net\/es_cl\/wp-json\/wp\/v2\/media?parent=6368"}],"curies":[{"name":"wp","href":"https:\/\/api.w.org\/{rel}","templated":true}]}}