{"id":6354,"date":"2025-11-17T17:13:21","date_gmt":"2025-11-17T17:13:21","guid":{"rendered":"https:\/\/waboom.net\/?page_id=6354"},"modified":"2025-11-19T13:15:36","modified_gmt":"2025-11-19T13:15:36","slug":"waboom-vs-gallabox","status":"publish","type":"page","link":"https:\/\/waboom.net\/es_co\/waboom-vs-gallabox\/","title":{"rendered":"WABOOM contra GALLABOX"},"content":{"rendered":"<h1 class=\"wp-block-heading\">Deja de gastar dinero en plataformas de mensajer\u00eda que te dejan hacer todo el trabajo<\/h1>\n\n\n\n<p>La mayor\u00eda de las plataformas de WhatsApp lucen geniales en papel, con sus paneles de control, automatizaci\u00f3n y chatbots. Pero a la hora de escalar tu negocio, muchas te dejan a cargo de todo el trabajo pesado: gestionar costes, crear flujos, optimizar campa\u00f1as y solucionar problemas de soporte.<\/p>\n\n\n\n<p>Si quieres <strong>Precios predecibles, ejecuci\u00f3n pr\u00e1ctica del crecimiento y un verdadero socio en su negocio.<\/strong>, necesitas ver la diferencia entre <strong>\u00a1WABOOM!<\/strong> y <strong>GALLABOX<\/strong>  El socio de crecimiento integral vs. una plataforma de autoservicio. Aqu\u00ed est\u00e1 el desglose.<\/p>\n\n\n\n<h2 class=\"wp-block-heading\">WABOOM vs. GALLABOX: Comparaci\u00f3n caracter\u00edstica por caracter\u00edstica<\/h2>\n\n\n\n<figure class=\"wp-block-table\"><table class=\"has-fixed-layout\"><thead><tr><th>Caracter\u00edstica<\/th><th><strong>WABOOM (Socio de crecimiento de servicio completo)<\/strong><\/th><th><strong>GALLABOX (Plataforma de autoservicio)<\/strong><\/th><\/tr><\/thead><tbody><tr><td><strong>Costo de la metaconversaci\u00f3n\/mensaje<\/strong><\/td><td><strong>Marcado 0%<\/strong>  Tarifa fija de plataforma + costo real de Meta. Transparente.<\/td><td>Pague por mensaje (plantilla + sesi\u00f3n) con tarifas de plataforma adicionales.<\/td><\/tr><tr><td><strong>Transparencia de precios<\/strong><\/td><td>Sencillo, predecible, sin sorpresas.<\/td><td>Planes basados en suscripci\u00f3n con mensajes incluidos limitados; el uso adicional agrega costo.<\/td><\/tr><tr><td><strong>Inicios de sesi\u00f3n de agentes\/equipos<\/strong><\/td><td>Inicios de sesi\u00f3n de agentes ilimitados en la mayor\u00eda de los planes.<\/td><td>N\u00famero limitado de asientos de agente por plan; los asientos adicionales tienen un costo adicional.<\/td><\/tr><tr><td><strong>Estrategia y ejecuci\u00f3n de anuncios<\/strong><\/td><td>Servicio completo: WABOOM ejecuta anuncios Click-to-WhatsApp, optimiza campa\u00f1as y gestiona la atribuci\u00f3n.<\/td><td>Proporciona herramientas para campa\u00f1as de Click-to-WhatsApp, pero la estrategia, la configuraci\u00f3n y la optimizaci\u00f3n son administradas por el usuario.<\/td><\/tr><tr><td><strong>Anuncios de clic para WhatsApp<\/strong><\/td><td>Segmentaci\u00f3n avanzada + integraci\u00f3n nativa CAPI + enrutamiento preciso.<\/td><td>Se admite, pero la atribuci\u00f3n profunda y el enrutamiento automatizado requieren una configuraci\u00f3n manual.<\/td><\/tr><tr><td><strong>Chatbot \/ Constructor de automatizaci\u00f3n<\/strong><\/td><td>Constructor de arrastrar y soltar completamente desbloqueado y sin restricciones de funciones.<\/td><td>El generador de chatbot est\u00e1 disponible y admite automatizaci\u00f3n b\u00e1sica, pero los flujos avanzados y las funciones de IA pueden estar restringidos o limitados seg\u00fan el plan.<\/td><\/tr><tr><td><strong>Acceso a API\/webhook<\/strong><\/td><td>Integraci\u00f3n de CRM y backend ilimitada, sin restricciones y sencilla.<\/td><td>Admite integraciones de API y webhook, pero puede requerir experiencia t\u00e9cnica para flujos de trabajo complejos.<\/td><\/tr><tr><td><strong>Modelo de soporte<\/strong><\/td><td>Gerente de cuenta dedicado + soporte proactivo multicanal (Zoom, tel\u00e9fono, chat).<\/td><td>Soporte est\u00e1ndar por chat\/correo electr\u00f3nico; los tiempos de respuesta var\u00edan y la gesti\u00f3n proactiva de cuentas es limitada.<\/td><\/tr><tr><td><strong>Transmisi\u00f3n\/Mensajer\u00eda de alto volumen<\/strong><\/td><td>Velocidad, confiabilidad y entrega de nivel empresarial.<\/td><td>Admite mensajes de gran volumen, pero el rendimiento y la velocidad pueden variar seg\u00fan el plan y las limitaciones de la cola.<\/td><\/tr><\/tbody><\/table><\/figure>\n\n\n\n<h2 class=\"wp-block-heading\">Las verdaderas diferencias que importan<\/h2>\n\n\n\n<h3 class=\"wp-block-heading\">1. Transparencia de costos y ROI<\/h3>\n\n\n\n<ul class=\"wp-block-list\">\n<li><strong>Ventaja de WABOOM<\/strong><br>Sin margen de beneficio = costos predecibles. A medida que aumentas tu volumen de mensajes, sabes exactamente cu\u00e1nto pagar\u00e1s: sin cargos ocultos ni recargas de saldo.<\/li>\n\n\n\n<li><strong>Compensaci\u00f3n de GALLABOX<\/strong><br>El precio depende de tu plan y del uso de mensajes adicionales. Los costos pueden volverse impredecibles a medida que tu negocio crece.<\/li>\n<\/ul>\n\n\n\n<h3 class=\"wp-block-heading\">2. Plataforma vs. Socio de Crecimiento<\/h3>\n\n\n\n<ul class=\"wp-block-list\">\n<li><strong>Ventaja de WABOOM<\/strong><br>No solo proporcionamos herramientas: ejecutamos campa\u00f1as, optimizamos flujos y gestionamos embudos de conversi\u00f3n. T\u00fa te centras en el crecimiento; nosotros nos encargamos de la ejecuci\u00f3n.<\/li>\n\n\n\n<li><strong>Compensaci\u00f3n de GALLABOX<\/strong><br>Es principalmente una plataforma. Debes gestionar la estrategia, la optimizaci\u00f3n de anuncios y la gesti\u00f3n de campa\u00f1as t\u00fa mismo.<\/li>\n<\/ul>\n\n\n\n<h3 class=\"wp-block-heading\">3. Soporte en el que puede confiar<\/h3>\n\n\n\n<ul class=\"wp-block-list\">\n<li><strong>Ventaja de WABOOM<\/strong><br>Un gestor de cuentas dedicado y la supervisi\u00f3n proactiva garantizan una r\u00e1pida resoluci\u00f3n de cualquier problema. El soporte multicanal incluye Zoom, tel\u00e9fono y chat.<\/li>\n\n\n\n<li><strong>Compensaci\u00f3n de GALLABOX<\/strong><br>El soporte es por chat o correo electr\u00f3nico est\u00e1ndar; los planes de nivel superior pueden brindar un mejor servicio, pero la resoluci\u00f3n de problemas diarios es en gran medida autoservicio.<\/li>\n<\/ul>\n\n\n\n<h2 class=\"wp-block-heading\">WABOOM frente a GALLABOX: pros y contras<\/h2>\n\n\n\n<figure class=\"wp-block-table\"><table class=\"has-fixed-layout\"><thead><tr><th>Categor\u00eda<\/th><th><strong>WABOOM (Socio de crecimiento)<\/strong><\/th><th><strong>GALLABOX (Plataforma)<\/strong><\/th><\/tr><\/thead><tbody><tr><td><strong>Ventajas<\/strong><\/td><td>Cero margen sobre los costos de Meta.<br>Ejecuci\u00f3n de anuncios con servicio completo.<br>Agentes ilimitados.<br>Soporte de alto nivel.<br>Modelo de costos predecible y escalable.<\/td><td>Planes de entrada asequibles.<br>Automatizaci\u00f3n b\u00e1sica de chatbot.<br>Soporte de API para integraciones.<br>Admite mensajer\u00eda de gran volumen.<\/td><\/tr><tr><td><strong>Desventajas\/Compensaciones<\/strong><\/td><td>Se requiere tarifa de plataforma fija.<br>Requiere confianza en un socio.<\/td><td>Costos extras por agentes y mensajes.<br>Se requiere una configuraci\u00f3n m\u00e1s t\u00e9cnica.<br>Soporte proactivo limitado.<br>Usuario responsable de la optimizaci\u00f3n de la campa\u00f1a.<\/td><\/tr><\/tbody><\/table><\/figure>\n\n\n\n<h2 class=\"wp-block-heading\"> Preguntas frecuentes<\/h2>\n\n\n\n<p><strong>P: \u00bfWABOOM realmente tiene marcado 0%?<\/strong><br><strong>A:<\/strong> S\u00ed, pagas el costo exacto de Meta m\u00e1s una tarifa fija de plataforma. Sin sorpresas.<\/p>\n\n\n\n<p><strong>P: \u00bfPuede GALLABOX ejecutar campa\u00f1as de Click-to-WhatsApp?<\/strong><br><strong>A:<\/strong> S\u00ed, pero usted mismo gestiona la ejecuci\u00f3n, la optimizaci\u00f3n y los informes.<\/p>\n\n\n\n<p><strong>P: \u00bfQui\u00e9n es mejor para escalar la mensajer\u00eda de gran volumen?<\/strong><br><strong>A:<\/strong> Ambos pueden manejar t\u00e9cnicamente un gran volumen, pero WABOOM est\u00e1 optimizado para la velocidad, el enrutamiento y la confiabilidad desde el principio.<\/p>\n\n\n\n<p><strong>P: \u00bfGALLABOX ofrece agentes ilimitados?<\/strong><br><strong>A:<\/strong> No hay l\u00edmite de asientos de agente por plan y los asientos adicionales tienen un costo adicional.<\/p>\n\n\n\n<h1 class=\"wp-block-heading\">\u00bfQui\u00e9n gana?<\/h1>\n\n\n\n<ul class=\"wp-block-list\">\n<li>Elegir <strong>\u00a1WABOOM!<\/strong> si quieres:<br>\u2714 Costos predecibles con <strong>Marcado 0%<\/strong><br>\u2714 Gesti\u00f3n integral de anuncios y campa\u00f1as de WhatsApp<br>\u2714 Agentes y automatizaci\u00f3n ilimitados<br>\u2714 Soporte pr\u00e1ctico y proactivo<\/li>\n\n\n\n<li>Elegir <strong>GALLABOX<\/strong> si usted:<br>\u2714 \u00bfQuieres una plataforma de entrada de menor costo?<br>\u2714 Contar con recursos internos para manejar la estrategia y la automatizaci\u00f3n<br>\u2714 Puede administrar los puestos de los agentes, los cr\u00e9ditos de los mensajes y la optimizaci\u00f3n de las campa\u00f1as.<\/li>\n<\/ul>\n\n\n\n<p>Para <strong>Empresas que buscan escalar sin sorpresas<\/strong>, <strong>WABOOM es el claro ganador<\/strong>. No se trata solo de herramientas, se trata de <strong>Resultados, previsibilidad y ejecuci\u00f3n del crecimiento<\/strong>.<\/p>\n\n\n\n<p><\/p>","protected":false},"excerpt":{"rendered":"<p>Stop Wasting Money on Messaging Platforms That Leave You Doing All the Work Most WhatsApp platforms look great on paper shiny dashboards, automation, and chatbots. But when it comes to scaling your business, many leave you doing all the heavy lifting: managing costs, building flows, optimizing campaigns, and troubleshooting support issues. If you want predictable&#8230;<\/p>","protected":false},"author":1,"featured_media":0,"parent":0,"menu_order":0,"comment_status":"closed","ping_status":"closed","template":"","meta":{"_bbp_topic_count":0,"_bbp_reply_count":0,"_bbp_total_topic_count":0,"_bbp_total_reply_count":0,"_bbp_voice_count":0,"_bbp_anonymous_reply_count":0,"_bbp_topic_count_hidden":0,"_bbp_reply_count_hidden":0,"_bbp_forum_subforum_count":0,"_monsterinsights_skip_tracking":false,"_monsterinsights_sitenote_active":false,"_monsterinsights_sitenote_note":"","_monsterinsights_sitenote_category":0,"footnotes":""},"class_list":["post-6354","page","type-page","status-publish","hentry"],"_links":{"self":[{"href":"https:\/\/waboom.net\/es_co\/wp-json\/wp\/v2\/pages\/6354","targetHints":{"allow":["GET"]}}],"collection":[{"href":"https:\/\/waboom.net\/es_co\/wp-json\/wp\/v2\/pages"}],"about":[{"href":"https:\/\/waboom.net\/es_co\/wp-json\/wp\/v2\/types\/page"}],"author":[{"embeddable":true,"href":"https:\/\/waboom.net\/es_co\/wp-json\/wp\/v2\/users\/1"}],"replies":[{"embeddable":true,"href":"https:\/\/waboom.net\/es_co\/wp-json\/wp\/v2\/comments?post=6354"}],"version-history":[{"count":0,"href":"https:\/\/waboom.net\/es_co\/wp-json\/wp\/v2\/pages\/6354\/revisions"}],"wp:attachment":[{"href":"https:\/\/waboom.net\/es_co\/wp-json\/wp\/v2\/media?parent=6354"}],"curies":[{"name":"wp","href":"https:\/\/api.w.org\/{rel}","templated":true}]}}