{"id":6363,"date":"2025-11-17T17:33:10","date_gmt":"2025-11-17T17:33:10","guid":{"rendered":"https:\/\/waboom.net\/?page_id=6363"},"modified":"2025-11-19T13:08:37","modified_gmt":"2025-11-19T13:08:37","slug":"wabom-vs-infobip","status":"publish","type":"page","link":"https:\/\/waboom.net\/es_co\/wabom-vs-infobip\/","title":{"rendered":"WABOM CONTRA INFOBIP"},"content":{"rendered":"<h6 class=\"wp-block-heading\"><\/h6>\n\n\n\n<h2 class=\"wp-block-heading\">Deja de gastar dinero en plataformas de mensajer\u00eda que te dejan hacer todo el trabajo<\/h2>\n\n\n\n<p>Muchas herramientas de WhatsApp parecen &quot;poderosas&quot;, pero con demasiada frecuencia, te ves obligado a hacer malabarismos con la automatizaci\u00f3n, las sorpresas de costos y la estrategia publicitaria. Si quieres... <strong>Precios predecibles, verdadera ejecuci\u00f3n del crecimiento e incentivos alineados<\/strong>, necesitas comparar <strong>\u00a1WABOOM!<\/strong> (su socio de crecimiento) vs. <strong>Infobip<\/strong> (un proveedor robusto de API de WhatsApp Business). Esto es lo que realmente los distingue.<\/p>\n\n\n\n<h2 class=\"wp-block-heading\"> WABOOM vs. Infobip: Comparaci\u00f3n caracter\u00edstica por caracter\u00edstica<\/h2>\n\n\n\n<figure class=\"wp-block-table\"><table class=\"has-fixed-layout\"><thead><tr><th>Caracter\u00edstica<\/th><th><strong>WABOOM (Socio de crecimiento de servicio completo)<\/strong><\/th><th><strong>Infobip (API \/ Plataforma BSP)<\/strong><\/th><\/tr><\/thead><tbody><tr><td><strong>Costo de la metaconversaci\u00f3n\/mensaje<\/strong><\/td><td><strong>0 % margen de beneficio<\/strong> Costos de conversaci\u00f3n en WhatsApp + tarifa fija de la plataforma. Incluye <strong>Plan gratuito para siempre<\/strong> con <strong>10.000 mensajes gratis<\/strong>.<\/td><td>Utiliza un <strong>modelo de precios basado en conversaciones<\/strong>:Los cargos son por sesi\u00f3n de conversaci\u00f3n de 24 horas, seg\u00fan la categor\u00eda de conversaci\u00f3n (Marketing, Utilidad, Autenticaci\u00f3n, Servicio). <\/td><\/tr><tr><td><strong>Transparencia de precios<\/strong><\/td><td>Muy simple: tarifa fija + costos de transferencia de Meta. Sin sorpresas desagradables.<\/td><td>Transparente, pero m\u00e1s variable: pagas por las &quot;conversaciones&quot; seg\u00fan su categor\u00eda. Tambi\u00e9n hay un costo por puesto para el m\u00f3dulo de bandeja de entrada de su equipo. <\/td><\/tr><tr><td><strong>Inicios de sesi\u00f3n de agentes\/equipos<\/strong><\/td><td>Asientos de agente ilimitados en la mayor\u00eda de los planes: escala libremente.<\/td><td>Admite conversaciones entre m\u00faltiples agentes a trav\u00e9s de su producto \u201cConversaciones\u201d (precio por puesto por usuario). <\/td><\/tr><tr><td><strong>Estrategia y ejecuci\u00f3n de anuncios<\/strong><\/td><td>WABOOM se encarga de tus anuncios Click-to-WhatsApp: configuraci\u00f3n, segmentaci\u00f3n, optimizaci\u00f3n; no tienes que hacerlo todo t\u00fa.<\/td><td>Proporciona la API y la infraestructura; la estrategia de campa\u00f1a, el enrutamiento y la optimizaci\u00f3n dependen de usted (o de su equipo\/agencia).<\/td><\/tr><tr><td><strong>Anuncios de clic para WhatsApp<\/strong><\/td><td>Segmentaci\u00f3n avanzada + enrutamiento nativo CAPI + flujos impulsados por conversi\u00f3n.<\/td><td>Puedes crear flujos a trav\u00e9s de API o automatizaci\u00f3n, pero t\u00fa administrar\u00e1s el recorrido impulsado por anuncios.<\/td><\/tr><tr><td><strong>Chatbot \/ Constructor de automatizaci\u00f3n<\/strong><\/td><td>Constructor de arrastrar y soltar completamente desbloqueado, l\u00f3gica avanzada y sin funciones bloqueadas.<\/td><td>Admite automatizaci\u00f3n, mensajes con plantillas y flujos de trabajo a trav\u00e9s de su API. <\/td><\/tr><tr><td><strong>Acceso a API\/webhook<\/strong><\/td><td>Ilimitado, totalmente sin restricciones: se integra profundamente con CRM, sistemas backend u otras herramientas.<\/td><td>Soporte muy s\u00f3lido de API y webhook; dise\u00f1ado para integrarse con CRM y sistemas backend. <\/td><\/tr><tr><td><strong>Modelo de soporte<\/strong><\/td><td>Gerente de cuenta dedicado + soporte proactivo y personalizado (chat, llamadas, estrategia)<\/td><td>Soporte a nivel empresarial + incorporaci\u00f3n; depender\u00e1 m\u00e1s de su equipo interno.<\/td><\/tr><tr><td><strong>Transmisi\u00f3n\/Mensajer\u00eda de alto volumen<\/strong><\/td><td>Dise\u00f1ado para gran escala: entrega, confiabilidad y rendimiento de nivel empresarial.<\/td><td>Escalable para uso de gran volumen; el precio de \u201cconversaciones\u201d permite mensajes ilimitados dentro de una ventana de 24 horas una vez iniciados. <\/td><\/tr><tr><td><strong>Opciones gratuitas\/de prueba<\/strong><\/td><td>Plan gratuito para siempre con 10 000 mensajes: ideal para pruebas o uso a peque\u00f1a escala antes de escalar.<\/td><td>No hay un plan gratuito permanente para el volumen de mensajes; los costos dependen del uso de la conversaci\u00f3n.<\/td><\/tr><\/tbody><\/table><\/figure>\n\n\n\n<h2 class=\"wp-block-heading\"> Por qu\u00e9 estas diferencias realmente importan<\/h2>\n\n\n\n<h3 class=\"wp-block-heading\">1. Previsibilidad y riesgo de costos<\/h3>\n\n\n\n<ul class=\"wp-block-list\">\n<li><strong>Ventajas de WABOOM:<\/strong> Con un margen de beneficio cero y un generoso plan gratuito, puede probar, iterar y escalar sin preocuparse por costos ocultos o impredecibles.<\/li>\n\n\n\n<li><strong>Compensaci\u00f3n de Infobip:<\/strong> Pagas por sesi\u00f3n de conversaci\u00f3n de 24 horas. Si bien es potente, tus costos depender\u00e1n en gran medida de... <em>tipo<\/em> de conversaci\u00f3n (marketing vs. utilidad vs. servicio) y c\u00f3mo estructurar los recorridos de los clientes. <\/li>\n<\/ul>\n\n\n\n<h3 class=\"wp-block-heading\">2. Ejecuci\u00f3n vs. Plataforma<\/h3>\n\n\n\n<ul class=\"wp-block-list\">\n<li><strong>Ventajas de WABOOM:<\/strong> No solo te damos las herramientas: gestionamos el crecimiento de tu WhatsApp. Anuncios, automatizaciones, bots, enrutamiento: todo gestionado.<\/li>\n\n\n\n<li><strong>Compensaci\u00f3n de Infobip:<\/strong> Obtendr\u00e1s una s\u00f3lida base de API y mensajer\u00eda. Pero para impulsar el crecimiento, necesitas tu propia estrategia o un socio; Infobip es m\u00e1s &quot;infraestructura&quot; que &quot;equipo de crecimiento&quot;.\u201c<\/li>\n<\/ul>\n\n\n\n<h3 class=\"wp-block-heading\">3. Soporte, escalabilidad del equipo y colaboraci\u00f3n<\/h3>\n\n\n\n<ul class=\"wp-block-list\">\n<li><strong>Ventajas de WABOOM:<\/strong> Obtendr\u00e1 un socio estrat\u00e9gico, no solo un proveedor. La gesti\u00f3n de cuentas dedicada le garantiza que no estar\u00e1 solo cuando las cosas se compliquen o cuando desee crecer r\u00e1pidamente.<\/li>\n\n\n\n<li><strong>Compensaci\u00f3n de Infobip:<\/strong> Su equipo es profesional y competente, pero usted es responsable de gran parte de la ejecuci\u00f3n. Intercambia apoyo a cambio de mayor control.<\/li>\n<\/ul>\n\n\n\n<h2 class=\"wp-block-heading\">Pros y contras: WABOOM frente a Infobip<\/h2>\n\n\n\n<figure class=\"wp-block-table\"><table class=\"has-fixed-layout\"><thead><tr><th>Categor\u00eda<\/th><th><strong>WABOOM (Socio de crecimiento)<\/strong><\/th><th><strong>Infobip (API\/BSP)<\/strong><\/th><\/tr><\/thead><tbody><tr><td><strong>Ventajas<\/strong><\/td><td>\u2013 Margen de 0% en costos de conversaci\u00f3n \u2013 10,000 mensajes gratis para comenzar \u2013 Ejecuci\u00f3n completa de anuncios y chatbot \u2013 Agentes ilimitados \u2013 Facturaci\u00f3n predecible<\/td><td>\u2013 Precios transparentes basados en conversaciones- Acceso completo a la API de WhatsApp Business- Escalable para mensajer\u00eda de gran volumen- Compatibilidad completa con API y webhooks- Modelo de uso flexible<\/td><\/tr><tr><td><strong>Desventajas\/Compensaciones<\/strong><\/td><td>\u2013 Requiere confianza en un socio. Se aplica una tarifa de plataforma fija al escalar.<\/td><td>\u2013 La facturaci\u00f3n basada en conversaciones puede ser menos predecible seg\u00fan su caso de uso. La estrategia y la ejecuci\u00f3n son en gran medida su responsabilidad. Costos de los puestos para el m\u00f3dulo de bandeja de entrada del agente.<\/td><\/tr><\/tbody><\/table><\/figure>\n\n\n\n<h2 class=\"wp-block-heading\"> Preguntas frecuentes (FAQ)<\/h2>\n\n\n\n<p><strong>P: \u00bfInfobip cobra por mensaje o por conversaci\u00f3n?<\/strong><br><strong>A:<\/strong> Infobip cobra por un <strong>por conversaci\u00f3n<\/strong> (una ventana de mensaje de 24 horas), seg\u00fan el tipo de conversaci\u00f3n (Marketing, Utilidad, Autenticaci\u00f3n, Servicio). <\/p>\n\n\n\n<p><strong>P: \u00bfPuedo tener varios agentes chateando a trav\u00e9s de Infobip?<\/strong><br><strong>A:<\/strong> S\u00ed, su m\u00f3dulo Conversaciones admite varios agentes, pero se paga por puesto. <\/p>\n\n\n\n<p><strong>P: \u00bfInfobip admite flujos automatizados de WhatsApp \/ chatbots?<\/strong><br><strong>A:<\/strong> S\u00ed, puedes configurar flujos de trabajo, plantillas de mensajes y automatizaci\u00f3n a trav\u00e9s de su API. <\/p>\n\n\n\n<p><strong>P: \u00bfC\u00f3mo define Infobip una \u201cconversaci\u00f3n\u201d para la facturaci\u00f3n?<\/strong><br><strong>A:<\/strong> Una &quot;conversaci\u00f3n&quot; es una sesi\u00f3n fija de 24 horas entre la empresa y el usuario. Comienza cuando se entrega un mensaje empresarial (fuera de una sesi\u00f3n abierta) o cuando usted responde dentro de un plazo de 24 horas de atenci\u00f3n al cliente. <\/p>\n\n\n\n<p><strong>P: \u00bfQu\u00e9 pasa si quiero escalar o empezar sin riesgo?<\/strong><br><strong>A:<\/strong> Con WABOOM, puedes empezar pr\u00e1cticamente sin riesgo con su plan gratuito de 10\u00a0000 mensajes y luego ir escalando seg\u00fan el rendimiento. Con Infobip, tendr\u00e1s que prever cuidadosamente el volumen de conversaciones, planificar el uso de plantillas y, potencialmente, pagar m\u00e1s a medida que aumente el uso.<\/p>\n\n\n\n<h2 class=\"wp-block-heading\"> \u00bfQui\u00e9n gana?<\/h2>\n\n\n\n<ul class=\"wp-block-list\">\n<li>Elegir <strong>\u00a1WABOOM!<\/strong> si usted:<br>\u2714 \u00bfQuieres un socio de crecimiento pr\u00e1ctico para ejecutar anuncios, crear automatizaciones y convertir clientes?<br>\u2714 Necesita previsibilidad de costos + un nivel de prueba gratuito s\u00f3lido<br>\u2714 Prefiero delegar el trabajo estrat\u00e9gico y de ejecuci\u00f3n a expertos<br>\u2714 Cree en la escalabilidad a trav\u00e9s de la conversi\u00f3n y la interacci\u00f3n a largo plazo en WhatsApp<\/li>\n\n\n\n<li>Elegir <strong>Infobip<\/strong> si usted:<br>\u2714 Contar con un equipo t\u00e9cnico (o socio) listo para crear flujos y ejecutar mensajes de gran volumen<br>\u2714 \u00bfQuieres acceso a API sin procesar + integraciones webhook profundas?<br>\u2714 Se sienten c\u00f3modos optimizando sus propias campa\u00f1as y l\u00f3gica de enrutamiento<br>\u2714 Planea pagar por \u201csesiones de conversaci\u00f3n\u201d y quiere transparencia en el costo por conversaci\u00f3n<\/li>\n<\/ul>\n\n\n\n<p><strong>En resumen:<\/strong><br>Si desea crecer sin microgestionar cada detalle t\u00e9cnico, <strong>\u00a1WABOOM!<\/strong> es una opci\u00f3n potente y de menor riesgo.<br>Si desea el m\u00e1ximo control, flujos de trabajo personalizados y est\u00e1 listo para ser due\u00f1o de la estrategia y la ejecuci\u00f3n, <strong>Infobip<\/strong> Es una base probada y escalable.<\/p>","protected":false},"excerpt":{"rendered":"<p>Stop Wasting Money on Messaging Platforms That Leave You Doing All the Work Many WhatsApp tools feel \u201cpowerful,\u201d but too often, you\u2019re left to juggle automation, cost surprises, and ad strategy. If you want predictable pricing, true growth execution, and aligned incentives, you need to compare WABOOM (your growth partner) vs. Infobip (a robust WhatsApp&#8230;<\/p>","protected":false},"author":1,"featured_media":0,"parent":0,"menu_order":0,"comment_status":"closed","ping_status":"closed","template":"","meta":{"_bbp_topic_count":0,"_bbp_reply_count":0,"_bbp_total_topic_count":0,"_bbp_total_reply_count":0,"_bbp_voice_count":0,"_bbp_anonymous_reply_count":0,"_bbp_topic_count_hidden":0,"_bbp_reply_count_hidden":0,"_bbp_forum_subforum_count":0,"_monsterinsights_skip_tracking":false,"_monsterinsights_sitenote_active":false,"_monsterinsights_sitenote_note":"","_monsterinsights_sitenote_category":0,"footnotes":""},"class_list":["post-6363","page","type-page","status-publish","hentry"],"_links":{"self":[{"href":"https:\/\/waboom.net\/es_co\/wp-json\/wp\/v2\/pages\/6363","targetHints":{"allow":["GET"]}}],"collection":[{"href":"https:\/\/waboom.net\/es_co\/wp-json\/wp\/v2\/pages"}],"about":[{"href":"https:\/\/waboom.net\/es_co\/wp-json\/wp\/v2\/types\/page"}],"author":[{"embeddable":true,"href":"https:\/\/waboom.net\/es_co\/wp-json\/wp\/v2\/users\/1"}],"replies":[{"embeddable":true,"href":"https:\/\/waboom.net\/es_co\/wp-json\/wp\/v2\/comments?post=6363"}],"version-history":[{"count":0,"href":"https:\/\/waboom.net\/es_co\/wp-json\/wp\/v2\/pages\/6363\/revisions"}],"wp:attachment":[{"href":"https:\/\/waboom.net\/es_co\/wp-json\/wp\/v2\/media?parent=6363"}],"curies":[{"name":"wp","href":"https:\/\/api.w.org\/{rel}","templated":true}]}}