{"id":6371,"date":"2025-11-17T19:30:25","date_gmt":"2025-11-17T19:30:25","guid":{"rendered":"https:\/\/waboom.net\/?page_id=6371"},"modified":"2025-11-19T13:05:46","modified_gmt":"2025-11-19T13:05:46","slug":"waboom-vs-wasender","status":"publish","type":"page","link":"https:\/\/waboom.net\/es_co\/waboom-vs-wasender\/","title":{"rendered":"WABOOM frente a WASender"},"content":{"rendered":"<h1 class=\"wp-block-heading\">Deje de pagar por herramientas de mensajer\u00eda que le dejan hacer todo el trabajo<\/h1>\n\n\n\n<p>Muchas herramientas de \u201cWhatsApp blast\u201d parecen baratas, pero cuando quieres... <strong>escalar, convertir y automatizar<\/strong>, a menudo se quedan cortos. Si necesitas <strong>Precios predecibles, ejecuci\u00f3n de servicio completo y un socio que impulsa el crecimiento<\/strong>, Deber\u00edas comparar WABOOM con WASender, porque lo que realmente quieres no es otra herramienta, es <strong>resultados<\/strong>.<\/p>\n\n\n\n<h2 class=\"wp-block-heading\">\ud83d\udd25 WABOOM vs. WASender: Comparaci\u00f3n funci\u00f3n por funci\u00f3n<\/h2>\n\n\n\n<figure class=\"wp-block-table\"><table class=\"has-fixed-layout\"><thead><tr><th>Caracter\u00edstica<\/th><th><strong>WABOOM (Socio de crecimiento de servicio completo)<\/strong><\/th><th><strong>WASender (Herramienta de WhatsApp masivo\/Plataforma de autoservicio)<\/strong><\/th><\/tr><\/thead><tbody><tr><td><strong>Costo y margen de mensajes<\/strong><\/td><td>Costo de conversaci\u00f3n de WhatsApp (Meta) con margen de 0% + tarifa fija de plataforma. Plan gratuito permanente con <strong>10.000 mensajes gratis<\/strong> incluido.<\/td><td>Se trata principalmente de una herramienta de mensajer\u00eda masiva. Para funciones avanzadas, podr\u00edan requerirse actualizaciones o versiones pro. Los costos y l\u00edmites suelen depender del uso, las licencias o la versi\u00f3n del plugin. <\/td><\/tr><tr><td><strong>Transparencia de precios<\/strong><\/td><td>Predecible: plataforma fija + costos reales de transferencia de WhatsApp.<\/td><td>Transparente para lo que anuncia, pero el modelo de costos es menos adecuado para un crecimiento a gran escala: complemento de env\u00edo masivo + tarifas de licencia en lugar de servicio completo.<\/td><\/tr><tr><td><strong>Inicios de sesi\u00f3n de agentes\/equipos y colaboraci\u00f3n entre m\u00faltiples usuarios<\/strong><\/td><td>Asientos de agente ilimitados en la mayor\u00eda de los planes: ampl\u00ede su equipo de soporte o ventas libremente.<\/td><td>Dise\u00f1ado m\u00e1s para uso individual o equipos m\u00e1s peque\u00f1os; la bandeja de entrada del equipo, las licencias de usuario y los flujos de trabajo de m\u00faltiples agentes pueden ser limitados o requerir herramientas independientes.<\/td><\/tr><tr><td><strong>Estrategia y ejecuci\u00f3n de anuncios<\/strong><\/td><td>Servicio completo: WABOOM gestiona anuncios Click-to-WhatsApp, crea flujos y optimiza campa\u00f1as para la conversi\u00f3n.<\/td><td>WASender se basa en herramientas: usted debe configurar sus campa\u00f1as, flujos y optimizaciones; no act\u00faa como un socio de crecimiento.<\/td><\/tr><tr><td><strong>Anuncios de clic para WhatsApp y atribuci\u00f3n profunda<\/strong><\/td><td>Segmentaci\u00f3n avanzada + integraci\u00f3n nativa de CAPI + enrutamiento al agente\/flujo adecuado: dise\u00f1ado para conversiones.<\/td><td>Enfoque en la mensajer\u00eda masiva: subidas de Excel, personalizaci\u00f3n, archivos adjuntos. Carece de una estrategia integrada o marcos de atribuci\u00f3n profundos. <\/td><\/tr><tr><td><strong>Chatbot \/ Constructor de automatizaci\u00f3n<\/strong><\/td><td>Constructor de arrastrar y soltar completamente desbloqueado, flujos l\u00f3gicos, sin \u201cimpuestos sobre funciones\u201d en l\u00f3gica o complejidad.<\/td><td>Tiene herramientas de automatizaci\u00f3n para mensajes masivos (cargas de Excel, personalizaci\u00f3n, archivos adjuntos), pero no necesariamente automatizaci\u00f3n completa a nivel empresarial o enrutamiento de bots a escala.<\/td><\/tr><tr><td><strong>Acceso e integraciones de API\/webhook<\/strong><\/td><td>Acceso a API ilimitado y sin restricciones para que pueda integrarse profundamente con CRM, sistemas backend, an\u00e1lisis y flujos de trabajo.<\/td><td>Dise\u00f1ado principalmente para mensajer\u00eda saliente masiva mediante Excel\/CSV o complementos. La compatibilidad con API y webhooks es limitada o puede requerir configuraci\u00f3n o licencias adicionales.<\/td><\/tr><tr><td><strong>Modelo de apoyo y asociaci\u00f3n para el crecimiento<\/strong><\/td><td>Gerente de cuenta dedicado + soporte proactivo (llamadas, Zoom, chat) + alineaci\u00f3n de estrategia de crecimiento.<\/td><td>El soporte es m\u00e1s bien de autoservicio: usted utiliza la herramienta y administra las campa\u00f1as usted mismo, sin necesidad de un soporte de socio personalizado.<\/td><\/tr><tr><td><strong>Transmisi\u00f3n\/Mensajer\u00eda de alto volumen y escala<\/strong><\/td><td>Dise\u00f1ado para escala empresarial: mensajer\u00eda orientada a campa\u00f1as de alto rendimiento, optimizada para entrega y enrutamiento.<\/td><td>Capaz de manejar grandes vol\u00famenes de mensajes, especialmente mensajes salientes masivos, pero puede carecer de la optimizaci\u00f3n estrat\u00e9gica, la l\u00f3gica de enrutamiento, la atribuci\u00f3n y la infraestructura a gran escala necesarias para un crecimiento de alto ROI.<\/td><\/tr><tr><td><strong>Oferta gratuita\/de nivel de entrada<\/strong><\/td><td>S\u00ed: Plan gratuito para siempre con 10 000 mensajes incluidos, lo que hace que las pruebas sean de bajo riesgo.<\/td><td>Existen versiones de env\u00edo masivo gratuitas o de muy bajo costo, pero generalmente con limitaciones o menos capacidades; dise\u00f1adas m\u00e1s para env\u00edos masivos de autoservicio.<\/td><\/tr><\/tbody><\/table><\/figure>\n\n\n\n<h2 class=\"wp-block-heading\"> Por qu\u00e9 estas diferencias realmente importan<\/h2>\n\n\n\n<h3 class=\"wp-block-heading\">1. Riesgo de costo vs. previsibilidad<\/h3>\n\n\n\n<ul class=\"wp-block-list\">\n<li><strong>Ventaja de WABOOM<\/strong>Con un margen de beneficio cero y el nivel de mensaje gratuito, puede comenzar a probar y luego escalar con costos predecibles alineados con el volumen.<\/li>\n\n\n\n<li><strong>Compensaci\u00f3n de WASender<\/strong>Las herramientas masivas pueden parecer baratas al principio, pero a medida que se escala, administrar los costos, el cumplimiento, la capacidad de entrega y el rendimiento se vuelve m\u00e1s dif\u00edcil (hay menos mecanismos integrados para la estrategia o la optimizaci\u00f3n).<\/li>\n<\/ul>\n\n\n\n<h3 class=\"wp-block-heading\">2. Herramienta vs. Socio de Crecimiento<\/h3>\n\n\n\n<ul class=\"wp-block-list\">\n<li><strong>Ventaja de WABOOM<\/strong>No solo obtienes una herramienta; obtienes un socio que te ayuda a desarrollar la campa\u00f1a, optimizarla, dirigir clientes potenciales e impulsar las conversiones.<\/li>\n\n\n\n<li><strong>Compensaci\u00f3n de WASender<\/strong>:Excelente para campa\u00f1as m\u00e1s peque\u00f1as o env\u00edos masivos salientes, pero usted se encargar\u00e1 de la mayor parte del trabajo: crear flujos, optimizar, administrar costos y garantizar la capacidad de entrega.<\/li>\n<\/ul>\n\n\n\n<h3 class=\"wp-block-heading\">3. Soporte y preparaci\u00f3n para la empresa<\/h3>\n\n\n\n<ul class=\"wp-block-list\">\n<li><strong>Ventaja de WABOOM<\/strong>El soporte dedicado, el alto nivel de contacto y la alineaci\u00f3n estrat\u00e9gica significan que usted est\u00e1 mejor equipado para la escala, los flujos de trabajo complejos y los grandes riesgos.<\/li>\n\n\n\n<li><strong>Compensaci\u00f3n de WASender<\/strong>Dise\u00f1ado para flujos de trabajo m\u00e1s sencillos, equipos m\u00e1s peque\u00f1os o autoservicio. Si est\u00e1 escalando r\u00e1pidamente o necesita un enrutamiento profundo y alta confiabilidad, podr\u00eda encontrarse con l\u00edmites.<\/li>\n<\/ul>\n\n\n\n<h2 class=\"wp-block-heading\"> Pros y contras: WABOOM frente a WASender<\/h2>\n\n\n\n<figure class=\"wp-block-table\"><table class=\"has-fixed-layout\"><thead><tr><th><\/th><th><strong>WABOOM (Socio de crecimiento)<\/strong><\/th><th><strong>WASender (Plataforma\/Herramienta)<\/strong><\/th><\/tr><\/thead><tbody><tr><td><strong>Ventajas<\/strong><\/td><td>\u2022 Sin margen de beneficio sobre el coste de las conversaciones de WhatsApp.<br>\u2022 10.000 mensajes gratuitos para probar.<br>\u2022 Servicio completo de publicidad + automatizaci\u00f3n + gesti\u00f3n de conversiones.<br>\u2022 Agentes ilimitados (en la mayor\u00eda de los planes).<br>\u2022 Modelo de escalamiento predecible para el crecimiento.<\/td><td>\u2022 Punto de entrada de bajo costo.<br>\u2022 \u00datil para mensajes salientes masivos.<br>\u2022 Herramienta sencilla: cargar contactos, enviar mensajes, personalizar.<br>\u2022 Bueno para campa\u00f1as de menor escala y menor presupuesto.<\/td><\/tr><tr><td><strong>Desventajas\/Compensaciones<\/strong><\/td><td>\u2022 Depende de un socio para la ejecuci\u00f3n: si prefiere un control interno total, es posible que parezca menos pr\u00e1ctico.<br>\u2022 Se pueden aplicar tarifas fijas de plataforma\/servicio a medida que escala.<\/td><td>\u2022 El costo, la capacidad de entrega, la optimizaci\u00f3n y el enrutamiento son su responsabilidad.<br>\u2022 Soporte estrat\u00e9gico limitado; probablemente necesitar\u00e1 m\u00e1s recursos internos para maximizar el ROI.<br>\u2022 Puede carecer de integraci\u00f3n avanzada de campa\u00f1as publicitarias, atribuci\u00f3n profunda y automatizaci\u00f3n empresarial.<\/td><\/tr><\/tbody><\/table><\/figure>\n\n\n\n<h2 class=\"wp-block-heading\"> Preguntas frecuentes (FAQ)<\/h2>\n\n\n\n<p><strong>P: \u00bfWABOOM realmente ofrece un plan gratuito con 10.000 mensajes?<\/strong><br><strong>A:<\/strong> S\u00ed, una de sus ventajas \u00fanicas es un \u201cPlan gratuito para siempre\u201d que incluye 10,000 mensajes por adelantado, lo que le permite realizar pruebas sin grandes riesgos.<\/p>\n\n\n\n<p><strong>P: \u00bfWASender es bueno para la automatizaci\u00f3n a gran escala y los flujos de trabajo de m\u00faltiples agentes?<\/strong><br><strong>A:<\/strong> Puede funcionar para mensajes salientes masivos, pero si necesita flujos de trabajo de m\u00faltiples agentes, enrutamiento profundo, embudos de conversi\u00f3n impulsados por anuncios y escala empresarial, es posible que lo encuentre menos adecuado en comparaci\u00f3n con las plataformas dise\u00f1adas para la ejecuci\u00f3n del crecimiento.<\/p>\n\n\n\n<p><strong>P: \u00bfCu\u00e1l es mejor para los anuncios Click-to-WhatsApp y la optimizaci\u00f3n del embudo completo?<\/strong><br><strong>A:<\/strong> WABOOM es claramente m\u00e1s potente porque ofrece estrategia, ejecuci\u00f3n y optimizaci\u00f3n. WASender se centra m\u00e1s en el env\u00edo masivo de mensajes que en la ejecuci\u00f3n de campa\u00f1as publicitarias de embudo completo.<\/p>\n\n\n\n<p><strong>P: \u00bfLos asientos de agente son ilimitados en WASender como lo son en WABOOM?<\/strong><br><strong>A:<\/strong> No necesariamente. WASender se centra en la mensajer\u00eda masiva, no en la colaboraci\u00f3n en equipos empresariales. Le recomendamos revisar cu\u00e1ntos agentes\/usuarios obtiene y si se aplican costos adicionales.<\/p>\n\n\n\n<h2 class=\"wp-block-heading\">\u00bfQui\u00e9n gana?<\/h2>\n\n\n\n<ul class=\"wp-block-list\">\n<li>Elegir <strong>\u00a1WABOOM!<\/strong> si usted:<br>\u2714 \u00bfQuieres? <strong>Estrategia de descarga, campa\u00f1as y ejecuci\u00f3n del crecimiento<\/strong> a un socio<br>\u2714 Necesidad <strong>precios predecibles y sin m\u00e1rgenes de beneficio<\/strong> con una forma gratuita de probar<br>\u2714 \u00bfQuieres un socio que impulse los flujos de anuncios a WhatsApp, el enrutamiento, la conversi\u00f3n y la automatizaci\u00f3n?<br>\u2714 Est\u00e1n escalando y requieren una infraestructura confiable y preparada para la empresa<\/li>\n\n\n\n<li>Elegir <strong>WASender<\/strong> si usted:<br>\u2714 Tiene un presupuesto m\u00e1s peque\u00f1o y necesita principalmente un <strong>herramienta para difusi\u00f3n masiva<\/strong><br>\u2714 Se sienten c\u00f3modos creando y gestionando sus propios flujos, campa\u00f1as y optimizaciones.<br>\u2714 A\u00fan no necesita integraci\u00f3n completa de anuncios, l\u00f3gica de enrutamiento ni soporte del equipo empresarial<br>\u2714 \u00bfQuieres un punto de entrada m\u00e1s simple y de menor costo para la mensajer\u00eda de WhatsApp?<\/li>\n<\/ul>\n\n\n\n<p><strong>En resumen:<\/strong><br>Si realmente desea utilizar WhatsApp para crecer, no solo para generar grandes ventas, entonces <strong>\u00a1WABOOM!<\/strong> Es la opci\u00f3n m\u00e1s fuerte porque te da estructura, estrategia y asociaci\u00f3n.<br>Si est\u00e1 probando campa\u00f1as m\u00e1s peque\u00f1as o realizando una difusi\u00f3n m\u00e1s simple, <strong>WASender<\/strong> ofrece una herramienta viable de bajo costo.<\/p>","protected":false},"excerpt":{"rendered":"<p>Stop Paying for Messaging Tools That Leave You Doing All the Work Many \u201cWhatsApp blast\u201d tools look cheap, but when you want to scale, convert, and automate, they often fall short. If you need predictable pricing, full-service execution, and a partner who drives growth, you should compare WABOOM vs. WASender \u2014 because what you really&#8230;<\/p>","protected":false},"author":1,"featured_media":0,"parent":0,"menu_order":0,"comment_status":"closed","ping_status":"closed","template":"","meta":{"_bbp_topic_count":0,"_bbp_reply_count":0,"_bbp_total_topic_count":0,"_bbp_total_reply_count":0,"_bbp_voice_count":0,"_bbp_anonymous_reply_count":0,"_bbp_topic_count_hidden":0,"_bbp_reply_count_hidden":0,"_bbp_forum_subforum_count":0,"_monsterinsights_skip_tracking":false,"_monsterinsights_sitenote_active":false,"_monsterinsights_sitenote_note":"","_monsterinsights_sitenote_category":0,"footnotes":""},"class_list":["post-6371","page","type-page","status-publish","hentry"],"_links":{"self":[{"href":"https:\/\/waboom.net\/es_co\/wp-json\/wp\/v2\/pages\/6371","targetHints":{"allow":["GET"]}}],"collection":[{"href":"https:\/\/waboom.net\/es_co\/wp-json\/wp\/v2\/pages"}],"about":[{"href":"https:\/\/waboom.net\/es_co\/wp-json\/wp\/v2\/types\/page"}],"author":[{"embeddable":true,"href":"https:\/\/waboom.net\/es_co\/wp-json\/wp\/v2\/users\/1"}],"replies":[{"embeddable":true,"href":"https:\/\/waboom.net\/es_co\/wp-json\/wp\/v2\/comments?post=6371"}],"version-history":[{"count":0,"href":"https:\/\/waboom.net\/es_co\/wp-json\/wp\/v2\/pages\/6371\/revisions"}],"wp:attachment":[{"href":"https:\/\/waboom.net\/es_co\/wp-json\/wp\/v2\/media?parent=6371"}],"curies":[{"name":"wp","href":"https:\/\/api.w.org\/{rel}","templated":true}]}}