{"id":6350,"date":"2025-11-17T17:07:16","date_gmt":"2025-11-17T17:07:16","guid":{"rendered":"https:\/\/waboom.net\/?page_id=6350"},"modified":"2025-11-19T13:17:30","modified_gmt":"2025-11-19T13:17:30","slug":"waboom-vs-gupshup","status":"publish","type":"page","link":"https:\/\/waboom.net\/es_es\/waboom-vs-gupshup\/","title":{"rendered":"WABOOM contra Gupshup"},"content":{"rendered":"<p>A continuaci\u00f3n se muestra su <strong>Comparaci\u00f3n completa de WABOOM vs. Gupshup reescrita en el tono de Neil Patel<\/strong>  conversacional, contundente, persuasivo y lleno de claridad estrat\u00e9gica.<br>(Piense en: directo, priorizando el valor, seguro y optimizado para las conversiones).<\/p>\n\n\n\n<h1 class=\"wp-block-heading\">Deje de malgastar dinero en herramientas de mensajer\u00eda que hacen... <em>T\u00fa<\/em> Haz todo el trabajo<\/h1>\n\n\n\n<p>Seamos honestos: la mayor\u00eda de las plataformas de WhatsApp te brindan excelente tecnolog\u00eda\u2026 y luego te dejan resolver todo lo dem\u00e1s por tu cuenta.<\/p>\n\n\n\n<p>Si alguna vez se ha sentido abrumado por las configuraciones de automatizaci\u00f3n, la estrategia publicitaria, las estructuras de precios o simplemente tratando de comprender a d\u00f3nde va realmente su dinero, no est\u00e1 solo.<\/p>\n\n\n\n<p>Es exactamente por eso que esto <strong>WABOOM contra Gupshup<\/strong> La comparaci\u00f3n importa.<\/p>\n\n\n\n<p><\/p>\n\n\n\n<h1 class=\"wp-block-heading\">WABOOM vs. Gupshup: An\u00e1lisis por caracter\u00edsticas<\/h1>\n\n\n\n<figure class=\"wp-block-table\"><table class=\"has-fixed-layout\"><thead><tr><th>Caracter\u00edstica<\/th><th><strong>WABOOM (Socio de servicio completo)<\/strong><\/th><th><strong>Gupshup (Plataforma potente)<\/strong><\/th><\/tr><\/thead><tbody><tr><td><strong>Marcado de metaconversaci\u00f3n<\/strong><\/td><td><strong>0% Margen. Siempre.<\/strong> Coste de transferencia puro.<\/td><td>Gupshup a\u00f1ade su propio <strong>tarifa por mensaje<\/strong> Adem\u00e1s de los costos de Meta.<\/td><\/tr><tr><td><strong>Transparencia de precios<\/strong><\/td><td>Simple: tarifa fija de plataforma + factura real de Meta. Escalabilidad predecible.<\/td><td>Precios basados en el uso con m\u00faltiples componentes. Los costos fluct\u00faan seg\u00fan el volumen o la geograf\u00eda.<\/td><\/tr><tr><td><strong>Inicios de sesi\u00f3n de agentes<\/strong><\/td><td>Agentes ilimitados (excepto el nivel b\u00e1sico). Sin extras ocultos.<\/td><td>Ofrece enrutamiento de agentes, pero depende de la configuraci\u00f3n. No hay un modelo claro de tarifas por agente, pero su implementaci\u00f3n es m\u00e1s t\u00e9cnica.<\/td><\/tr><tr><td><strong>Estrategia y ejecuci\u00f3n de anuncios<\/strong><\/td><td><strong>Nosotros ejecutamos sus anuncios.<\/strong> Optimizaci\u00f3n de campa\u00f1as Click-to-WhatsApp con servicio completo.<\/td><td>Ofrece herramientas, no estrategia. T\u00fa mismo gestionas el rendimiento.<\/td><\/tr><tr><td><strong>Anuncios de clic para WhatsApp<\/strong><\/td><td>Segmentaci\u00f3n avanzada + enrutamiento nativo CAPI.<\/td><td>Con soporte a trav\u00e9s de Campaign Manager, pero requiere su experiencia interna.<\/td><\/tr><tr><td><strong>Constructor de chatbots<\/strong><\/td><td>Constructor de arrastrar y soltar completamente desbloqueado y sin muros de pago.<\/td><td>Bot Studio robusto, con tecnolog\u00eda GPT, pero que a menudo requiere desarrolladores para flujos avanzados.<\/td><\/tr><tr><td><strong>API \/ Webhooks<\/strong><\/td><td>Ilimitado, sin restricciones, f\u00e1cil de usar.<\/td><td>Suite API completa, muy s\u00f3lida pero t\u00e9cnicamente dif\u00edcil de gestionar.<\/td><\/tr><tr><td><strong>Experiencia de soporte<\/strong><\/td><td>Gerente de Cuentas Dedicado + Zoom + Tel\u00e9fono + Chat. Proactivo.<\/td><td>Soporte est\u00e1ndar, a menos que sea una empresa. Autoservicio por defecto.<\/td><\/tr><tr><td><strong>Transmisi\u00f3n \/ Entrega de alto volumen<\/strong><\/td><td>Optimizado para velocidad y confiabilidad a escala empresarial.<\/td><td>Listo para grandes vol\u00famenes, pero con un rendimiento vinculado al plan y a su arquitectura.<\/td><\/tr><\/tbody><\/table><\/figure>\n\n\n\n<h1 class=\"wp-block-heading\">1. El problema del coste oculto: por qu\u00e9 la mayor\u00eda de las empresas pagan de m\u00e1s sin darse cuenta<\/h1>\n\n\n\n<p>Plataformas como Gupshup parecen asequibles hasta que escalas. Porque una vez que tu volumen aumenta:<\/p>\n\n\n\n<ul class=\"wp-block-list\">\n<li>Se le cobra por mensaje<\/li>\n\n\n\n<li>Se le cobrar\u00e1 de forma diferente seg\u00fan el tipo de mensaje<\/li>\n\n\n\n<li>Se le cobrar\u00e1 de forma diferente seg\u00fan el pa\u00eds<\/li>\n\n\n\n<li>Y s\u00ed, hay una tarifa de plataforma agregada.<\/li>\n<\/ul>\n\n\n\n<p>Esta es la tormenta perfecta para una facturaci\u00f3n impredecible.<\/p>\n\n\n\n<h3 class=\"wp-block-heading\">\u2714 Ventaja WABOOM<\/h3>\n\n\n\n<p>WABOOM no juega con el marcado.<br>Usted paga:<\/p>\n\n\n\n<ul class=\"wp-block-list\">\n<li>Una tarifa fija de la plataforma WABOOM\n<ul class=\"wp-block-list\">\n<li>Los cargos exactos de WhatsApp (Meta)<\/li>\n<\/ul>\n<\/li>\n<\/ul>\n\n\n\n<p>Eso es todo.<\/p>\n\n\n\n<p>Este es el tipo de modelo que SIEMPRE recomiendo al escalar conversaciones, porque la incertidumbre equivale a riesgo. Y las empresas no escalan con base en el riesgo.<\/p>\n\n\n\n<h3 class=\"wp-block-heading\">\u2718 Intercambio de Gupshup<\/h3>\n\n\n\n<p>Gran tecnolog\u00eda.<br>Pero los costos son impredecibles.<\/p>\n\n\n\n<p>Si no realiza un seguimiento obsesivo del volumen de mensajes, las categor\u00edas o las regiones, su factura mensual lo sorprender\u00e1.<\/p>\n\n\n\n<p>Y no en el buen sentido.<\/p>\n\n\n\n<h2 class=\"wp-block-heading\">2. Herramienta vs. Equipo: La mayor diferencia estrat\u00e9gica que la mayor\u00eda de la gente pasa por alto<\/h2>\n\n\n\n<p>Mira, Gupshup es poderoso. Sin duda.<\/p>\n\n\n\n<p>Pero Gupshup es un <strong>plataforma<\/strong>.<br>WABOOM es un <strong>pareja<\/strong>.<\/p>\n\n\n\n<p>No se crece en l\u00ednea recta apilando m\u00e1s herramientas.<br>Creces apilando los <em>bien<\/em> ejecuci\u00f3n.<\/p>\n\n\n\n<h3 class=\"wp-block-heading\">\u2714 Ventaja WABOOM<\/h3>\n\n\n\n<ul class=\"wp-block-list\">\n<li>Ejecutan sus anuncios Click-to-WhatsApp.<\/li>\n\n\n\n<li>Optimizan tus embudos.<\/li>\n\n\n\n<li>Ellos configuran tus automatizaciones.<\/li>\n\n\n\n<li>Ellos construyen tus flujos.<\/li>\n\n\n\n<li>Ellos monitorean tu desempe\u00f1o.<\/li>\n\n\n\n<li>Y solucionan los problemas incluso antes de que los notes.<\/li>\n<\/ul>\n\n\n\n<p>Eso es lo que hacen la mayor\u00eda de las marcas. <em>de hecho<\/em> necesidad.<\/p>\n\n\n\n<h3 class=\"wp-block-heading\">\u2718 Intercambio de Gupshup<\/h3>\n\n\n\n<p>Obtendr\u00e1s grandes capacidades <br>pero T\u00da haces el trabajo pesado.<\/p>\n\n\n\n<p>Si te gusta experimentar, construir y optimizar manualmente... genial.<\/p>\n\n\n\n<p>Pero la mayor\u00eda de las empresas quieren <strong>ejecuci\u00f3n lista para usar<\/strong>, no otro panel para administrar.<\/p>\n\n\n\n<h2 class=\"wp-block-heading\">3. El soporte no deber\u00eda ser un juego de adivinanzas<\/h2>\n\n\n\n<p>\u00bfSabes qu\u00e9 diferencia un mes de $10K de un mes de $100K?<\/p>\n\n\n\n<p>Velocidad de resoluci\u00f3n de problemas.<\/p>\n\n\n\n<p>No automatizaci\u00f3n.<br>No es un chatbot sofisticado.<br>No es posible enviar archivos PDF en WhatsApp.<\/p>\n\n\n\n<p><strong>Se trata de la rapidez con la que puedes obtener ayuda cuando algo se rompe.<\/strong><\/p>\n\n\n\n<h3 class=\"wp-block-heading\">\u2714 Ventaja WABOOM<\/h3>\n\n\n\n<p>Gerente de cuenta dedicado.<br>Zoom.<br>Tel\u00e9fono.<br>Charlar.<br>Monitoreo proactivo.<\/p>\n\n\n\n<p>Obtendr\u00e1s a alguien que conoce tu negocio, tus objetivos, tus flujos, tus anuncios.<\/p>\n\n\n\n<p>Este es el tipo de soporte que siempre les digo a mis clientes que prioricen porque el tiempo de inactividad acaba con los ingresos m\u00e1s r\u00e1pido que los anuncios malos.<\/p>\n\n\n\n<h3 class=\"wp-block-heading\">\u2718 Intercambio de Gupshup<\/h3>\n\n\n\n<p>Soporte s\u00f3lido, especialmente para empresas.<br>\u00bfPero qu\u00e9 pasa si no tienes un plan de primer nivel?<\/p>\n\n\n\n<p>La carga recae sobre usted:<br>Documentaci\u00f3n, foros y tickets de soporte.<\/p>\n\n\n\n<h1 class=\"wp-block-heading\"> WABOOM vs Gupshup: Ventajas y desventajas que realmente importan<\/h1>\n\n\n\n<figure class=\"wp-block-table\"><table class=\"has-fixed-layout\"><thead><tr><th>\u00a1WABOOM!<\/th><th>Gupshup<\/th><\/tr><\/thead><tbody><tr><td><strong>Ventajas<\/strong><\/td><td><strong>Ventajas<\/strong><\/td><\/tr><tr><td>Marcado 0%<\/td><td>Plataforma extremadamente potente<\/td><\/tr><tr><td>Ejecuci\u00f3n de anuncios con servicio completo<\/td><td>Precios flexibles de pago por uso<\/td><\/tr><tr><td>Agentes ilimitados<\/td><td>Ideal para desarrolladores y compilaciones personalizadas<\/td><\/tr><tr><td>Soporte de alto nivel<\/td><td>Altamente escalable para vol\u00famenes muy grandes<\/td><\/tr><tr><td>Modelo de costos predecibles<\/td><td>API enriquecida + capacidades de bot<\/td><\/tr><\/tbody><\/table><\/figure>\n\n\n\n<figure class=\"wp-block-table\"><table class=\"has-fixed-layout\"><thead><tr><th><strong>Contras<\/strong><\/th><th><strong>Contras<\/strong><\/th><\/tr><\/thead><tbody><tr><td>Se requiere tarifa de plataforma fija<\/td><td>M\u00e1s t\u00e9cnico para implementar<\/td><\/tr><tr><td>Requiere confianza en un socio<\/td><td>Facturaci\u00f3n menos predecible<\/td><\/tr><tr><td>M\u00e1s &quot;hecho para ti&quot; que &quot;hazlo t\u00fa mismo&quot;<\/td><td>Poco apoyo estrat\u00e9gico<\/td><\/tr><\/tbody><\/table><\/figure>\n\n\n\n<h1 class=\"wp-block-heading\">Preguntas frecuentes<\/h1>\n\n\n\n<h3 class=\"wp-block-heading\"><strong>\u00bfWABOOM realmente cobra un margen de beneficio de 0%?<\/strong><\/h3>\n\n\n\n<p>S\u00ed. Uno de los mayores beneficios.<\/p>\n\n\n\n<h3 class=\"wp-block-heading\"><strong>\u00bfEs Gupshup mejor para los desarrolladores?<\/strong><\/h3>\n\n\n\n<p>S\u00ed, la suite API de Gupshup es potente para los equipos que quieren crear proyectos personalizados.<\/p>\n\n\n\n<h3 class=\"wp-block-heading\"><strong>\u00bfQui\u00e9n es mejor para los anuncios Click-to-WhatsApp?<\/strong><\/h3>\n\n\n\n<p>WABOOM porque realmente ejecutan y optimizan los anuncios para usted.<\/p>\n\n\n\n<h3 class=\"wp-block-heading\"><strong>\u00bfCu\u00e1l es mejor para escalar?<\/strong><\/h3>\n\n\n\n<p>Depende de tu equipo:<\/p>\n\n\n\n<ul class=\"wp-block-list\">\n<li>Si quieres servicio completo \u2192 <strong>\u00a1WABOOM!<\/strong><\/li>\n\n\n\n<li>Si quieres m\u00e1ximo control + ingenier\u00eda \u2192 <strong>Gupshup<\/strong><\/li>\n<\/ul>\n\n\n\n<h1 class=\"wp-block-heading\"><\/h1>","protected":false},"excerpt":{"rendered":"<p>Below is your entire WABOOM vs. Gupshup comparison rewritten in Neil Patel\u2019s tone conversational, punchy, persuasive, and packed with strategic clarity.(Think: direct, value-first, confident, and optimized for conversions.) Stop Bleeding Money on Messaging Tools That Make You Do All the Work Let\u2019s be honest: most WhatsApp platforms give you great tech\u2026 and then leave you&#8230;<\/p>","protected":false},"author":1,"featured_media":0,"parent":0,"menu_order":0,"comment_status":"closed","ping_status":"closed","template":"","meta":{"_bbp_topic_count":0,"_bbp_reply_count":0,"_bbp_total_topic_count":0,"_bbp_total_reply_count":0,"_bbp_voice_count":0,"_bbp_anonymous_reply_count":0,"_bbp_topic_count_hidden":0,"_bbp_reply_count_hidden":0,"_bbp_forum_subforum_count":0,"_monsterinsights_skip_tracking":false,"_monsterinsights_sitenote_active":false,"_monsterinsights_sitenote_note":"","_monsterinsights_sitenote_category":0,"footnotes":""},"class_list":["post-6350","page","type-page","status-publish","hentry"],"_links":{"self":[{"href":"https:\/\/waboom.net\/es_es\/wp-json\/wp\/v2\/pages\/6350","targetHints":{"allow":["GET"]}}],"collection":[{"href":"https:\/\/waboom.net\/es_es\/wp-json\/wp\/v2\/pages"}],"about":[{"href":"https:\/\/waboom.net\/es_es\/wp-json\/wp\/v2\/types\/page"}],"author":[{"embeddable":true,"href":"https:\/\/waboom.net\/es_es\/wp-json\/wp\/v2\/users\/1"}],"replies":[{"embeddable":true,"href":"https:\/\/waboom.net\/es_es\/wp-json\/wp\/v2\/comments?post=6350"}],"version-history":[{"count":0,"href":"https:\/\/waboom.net\/es_es\/wp-json\/wp\/v2\/pages\/6350\/revisions"}],"wp:attachment":[{"href":"https:\/\/waboom.net\/es_es\/wp-json\/wp\/v2\/media?parent=6350"}],"curies":[{"name":"wp","href":"https:\/\/api.w.org\/{rel}","templated":true}]}}