{"id":6352,"date":"2025-11-17T17:10:49","date_gmt":"2025-11-17T17:10:49","guid":{"rendered":"https:\/\/waboom.net\/?page_id=6352"},"modified":"2025-11-19T13:16:37","modified_gmt":"2025-11-19T13:16:37","slug":"6352-2","status":"publish","type":"page","link":"https:\/\/waboom.net\/es_es\/6352-2\/","title":{"rendered":"WABOOM CONTRA WATI"},"content":{"rendered":"<h1 class=\"wp-block-heading\">Deja de gastar dinero en plataformas de mensajer\u00eda que te dejan hacer todo el trabajo<\/h1>\n\n\n\n<p>Vayamos al grano: la mayor\u00eda de las plataformas de WhatsApp lucen geniales en papel, con sus paneles de control, bots y automatizaci\u00f3n. Pero a la hora de escalar tu negocio, la mayor\u00eda te deja con todo: gestionar costes, optimizar anuncios, crear flujos y solucionar problemas de soporte.<\/p>\n\n\n\n<p>Si quieres <strong>Precios predecibles, ejecuci\u00f3n pr\u00e1ctica del crecimiento y un verdadero socio en su negocio.<\/strong>, necesitas ver la diferencia entre <strong>\u00a1WABOOM!<\/strong> y <strong>WATI<\/strong>  La plataforma vs. el socio de crecimiento integral. Aqu\u00ed est\u00e1 el desglose.<\/p>\n\n\n\n<h2 class=\"wp-block-heading\">WABOOM vs. WATI: Comparaci\u00f3n caracter\u00edstica por caracter\u00edstica<\/h2>\n\n\n\n<figure class=\"wp-block-table\"><table class=\"has-fixed-layout\"><thead><tr><th>Caracter\u00edstica<\/th><th><strong>WABOOM (Socio de crecimiento de servicio completo)<\/strong><\/th><th><strong>WATI (Plataforma de autoservicio)<\/strong><\/th><\/tr><\/thead><tbody><tr><td><strong>Costo de la metaconversaci\u00f3n\/mensaje<\/strong><\/td><td><strong>Marcado 0%<\/strong>  Tarifa fija de plataforma + costo real de Meta. Transparente.<\/td><td>Pago por mensaje (plantilla + sesi\u00f3n). Los cargos se suman a los costos de Meta.<\/td><\/tr><tr><td><strong>Transparencia de precios<\/strong><\/td><td>Sencillo, predecible, sin sorpresas.<\/td><td>Suscripci\u00f3n + cr\u00e9ditos para mensajes. Los costos var\u00edan seg\u00fan el tipo y el volumen del mensaje.<\/td><\/tr><tr><td><strong>Inicios de sesi\u00f3n de agentes\/equipos<\/strong><\/td><td>Inicios de sesi\u00f3n de agentes ilimitados en la mayor\u00eda de los planes.<\/td><td>Incluye m\u00faltiples usuarios\/asientos; costo por usuario adicional.<\/td><\/tr><tr><td><strong>Estrategia y ejecuci\u00f3n de anuncios<\/strong><\/td><td>Servicio completo: WABOOM se encarga de los anuncios Click-to-WhatsApp, la segmentaci\u00f3n y la optimizaci\u00f3n.<\/td><td>Proporciona herramientas publicitarias, pero la estrategia y la optimizaci\u00f3n las gestiona el usuario.<\/td><\/tr><tr><td><strong>Anuncios de clic para WhatsApp<\/strong><\/td><td>Segmentaci\u00f3n avanzada + integraci\u00f3n nativa CAPI + enrutamiento hacia los flujos correctos.<\/td><td>Compatible con Campaign Manager; requiere configuraci\u00f3n manual para una optimizaci\u00f3n profunda.<\/td><\/tr><tr><td><strong>Chatbot \/ Constructor de automatizaci\u00f3n<\/strong><\/td><td>Arrastrar y soltar completamente desbloqueado y sin \u201cimpuestos sobre funciones\u201d.\u201d<\/td><td>El creador de chatbots admite respuestas de IA, automatizaci\u00f3n de palabras clave y formularios. Hay un l\u00edmite de sesiones por plan.<\/td><\/tr><tr><td><strong>Acceso a API\/webhook<\/strong><\/td><td>Integraci\u00f3n de CRM y backend ilimitada, sin restricciones y sencilla.<\/td><td>Acceso completo a API, soporte webhook, listo para integraci\u00f3n pero requiere configuraci\u00f3n t\u00e9cnica.<\/td><\/tr><tr><td><strong>Modelo de soporte<\/strong><\/td><td>Gerente de cuenta dedicado + soporte proactivo a trav\u00e9s de Zoom, tel\u00e9fono, chat.<\/td><td>Soporte est\u00e1ndar por chat\/correo electr\u00f3nico; los planes comerciales\/empresariales obtienen ayuda m\u00e1s pr\u00e1ctica.<\/td><\/tr><tr><td><strong>Transmisi\u00f3n\/Mensajer\u00eda de alto volumen<\/strong><\/td><td>Velocidad, confiabilidad y entrega de nivel empresarial.<\/td><td>Admite grandes vol\u00famenes, pero el costo aumenta con los cr\u00e9ditos de los mensajes.<\/td><\/tr><\/tbody><\/table><\/figure>\n\n\n\n<h2 class=\"wp-block-heading\">Las verdaderas diferencias que importan<\/h2>\n\n\n\n<h3 class=\"wp-block-heading\">1. Costos ocultos y retorno de la inversi\u00f3n predecible<\/h3>\n\n\n\n<ul class=\"wp-block-list\">\n<li><strong>Ventaja de WABOOM<\/strong><br>Cero margen de beneficio = transparencia total. A medida que escalas, tus costos se ajustan de forma predecible a los cargos de Meta. Sin cr\u00e9ditos que recargar, sin conjeturas.<\/li>\n\n\n\n<li><strong>Compensaci\u00f3n de WATI<\/strong><br>El sistema de pago por mensaje dificulta la previsi\u00f3n. Es necesario realizar un seguimiento del uso del cr\u00e9dito, los tipos de mensajes y el volumen para evitar sorpresas.<\/li>\n<\/ul>\n\n\n\n<h3 class=\"wp-block-heading\">2. Herramienta vs. Socio de Crecimiento Real<\/h3>\n\n\n\n<ul class=\"wp-block-list\">\n<li><strong>Ventaja de WABOOM<\/strong><br>No solo te damos herramientas: ejecutamos campa\u00f1as, optimizamos flujos y gestionamos embudos de conversi\u00f3n. T\u00fa te concentras en el crecimiento; nosotros nos encargamos de la ejecuci\u00f3n.<\/li>\n\n\n\n<li><strong>Compensaci\u00f3n de WATI<\/strong><br>Ideal para quienes lo hacen por su cuenta o para equipos con recursos de desarrollo. Pero si buscas una estrategia y optimizaci\u00f3n de campa\u00f1as listas para usar, t\u00fa decides.<\/li>\n<\/ul>\n\n\n\n<h3 class=\"wp-block-heading\">3. Apoyo con el que realmente puede contar<\/h3>\n\n\n\n<ul class=\"wp-block-list\">\n<li><strong>Ventaja de WABOOM<\/strong><br>Gerente de cuenta dedicado, Zoom, tel\u00e9fono y chat. La supervisi\u00f3n proactiva garantiza la resoluci\u00f3n de problemas antes de que afecten los ingresos.<\/li>\n\n\n\n<li><strong>Compensaci\u00f3n de WATI<\/strong><br>El soporte es s\u00f3lido, especialmente en los planes de mayor nivel, pero la resoluci\u00f3n de problemas diaria puede ser m\u00e1s lenta. Se depende m\u00e1s de la documentaci\u00f3n y el autoservicio.<\/li>\n<\/ul>\n\n\n\n<h2 class=\"wp-block-heading\"> WABOOM vs. WATI: Pros y contras<\/h2>\n\n\n\n<figure class=\"wp-block-table\"><table class=\"has-fixed-layout\"><thead><tr><th>Categor\u00eda<\/th><th><strong>WABOOM (Socio de crecimiento)<\/strong><\/th><th><strong>WATI (Plataforma)<\/strong><\/th><\/tr><\/thead><tbody><tr><td><strong>Ventajas<\/strong><\/td><td>Cero margen de beneficio en costos de Meta. Ejecuci\u00f3n de anuncios con servicio completo. Agentes ilimitados. Soporte personalizado. Modelo de costos predecible y escalable.<\/td><td>Precios flexibles de pago por uso. Potente creador de chatbots y automatizaci\u00f3n. API e integraciones. Admite mensajer\u00eda de gran volumen.<\/td><\/tr><tr><td><strong>Desventajas\/Compensaciones<\/strong><\/td><td>Se requiere una tarifa de plataforma fija. Requiere confianza en un socio.<\/td><td>La previsi\u00f3n de costos puede ser compleja. Se necesita una configuraci\u00f3n m\u00e1s t\u00e9cnica. El soporte es menos proactivo a menos que se trate de un plan empresarial.<\/td><\/tr><\/tbody><\/table><\/figure>\n\n\n\n<h2 class=\"wp-block-heading\"> Preguntas frecuentes<\/h2>\n\n\n\n<p><strong>P: \u00bfWABOOM realmente tiene marcado 0%?<\/strong><br><strong>A:<\/strong> S\u00ed, pagas el costo exacto de Meta m\u00e1s una tarifa fija de plataforma. Sin sorpresas.<\/p>\n\n\n\n<p><strong>P: \u00bfPuede WATI ejecutar campa\u00f1as de Click-to-WhatsApp?<\/strong><br><strong>A:<\/strong> S\u00ed, pero t\u00fa gestionas la ejecuci\u00f3n y la optimizaci\u00f3n. WABOOM gestiona y optimiza las campa\u00f1as por ti.<\/p>\n\n\n\n<p><strong>P: \u00bfQui\u00e9n es mejor para escalar la mensajer\u00eda de gran volumen?<\/strong><br><strong>A:<\/strong> Ambos pueden manejar t\u00e9cnicamente un alto volumen, pero el enfoque de WABOOM est\u00e1 optimizado para <strong>velocidad, enrutamiento y confiabilidad<\/strong> listo para usar.<\/p>\n\n\n\n<p><strong>P: \u00bfWATI ofrece agentes ilimitados?<\/strong><br><strong>A:<\/strong> El plan no limita los asientos de agente. Los asientos adicionales tienen un costo adicional.<\/p>\n\n\n\n<h1 class=\"wp-block-heading\">\u00bfQui\u00e9n gana?<\/h1>\n\n\n\n<ul class=\"wp-block-list\">\n<li>Elegir <strong>\u00a1WABOOM!<\/strong> si quieres:<br>\u2714 Costos predecibles con <strong>Marcado 0%<\/strong><br>\u2714 Gesti\u00f3n integral de anuncios y campa\u00f1as de WhatsApp<br>\u2714 Agentes y automatizaci\u00f3n ilimitados<br>\u2714 Soporte pr\u00e1ctico y proactivo<\/li>\n\n\n\n<li>Elegir <strong>WATI<\/strong> si usted:<br>\u2714 Contar con un equipo t\u00e9cnico para gestionar la automatizaci\u00f3n y la optimizaci\u00f3n de anuncios.<br>\u2714 \u00bfQuieres precios flexibles de pago por mensaje?<br>\u2714 Se sienten c\u00f3modos gestionando cr\u00e9ditos y pronosticando costos<\/li>\n<\/ul>\n\n\n\n<p>Para <strong>Empresas que buscan escalar sin sorpresas<\/strong>, <strong>WABOOM es el claro ganador<\/strong>. No se trata solo de herramientas, se trata de <strong>Resultados, previsibilidad y ejecuci\u00f3n del crecimiento<\/strong>.<\/p>","protected":false},"excerpt":{"rendered":"<p>Stop Wasting Money on Messaging Platforms That Leave You Doing All the Work Let\u2019s cut to the chase: most WhatsApp platforms look great on paper shiny dashboards, bots, automation. But when it comes to scaling your business, most of them leave you holding the bag: managing costs, optimizing ads, building flows, and troubleshooting support issues&#8230;.<\/p>","protected":false},"author":1,"featured_media":0,"parent":0,"menu_order":0,"comment_status":"closed","ping_status":"closed","template":"","meta":{"_bbp_topic_count":0,"_bbp_reply_count":0,"_bbp_total_topic_count":0,"_bbp_total_reply_count":0,"_bbp_voice_count":0,"_bbp_anonymous_reply_count":0,"_bbp_topic_count_hidden":0,"_bbp_reply_count_hidden":0,"_bbp_forum_subforum_count":0,"_monsterinsights_skip_tracking":false,"_monsterinsights_sitenote_active":false,"_monsterinsights_sitenote_note":"","_monsterinsights_sitenote_category":0,"footnotes":""},"class_list":["post-6352","page","type-page","status-publish","hentry"],"_links":{"self":[{"href":"https:\/\/waboom.net\/es_es\/wp-json\/wp\/v2\/pages\/6352","targetHints":{"allow":["GET"]}}],"collection":[{"href":"https:\/\/waboom.net\/es_es\/wp-json\/wp\/v2\/pages"}],"about":[{"href":"https:\/\/waboom.net\/es_es\/wp-json\/wp\/v2\/types\/page"}],"author":[{"embeddable":true,"href":"https:\/\/waboom.net\/es_es\/wp-json\/wp\/v2\/users\/1"}],"replies":[{"embeddable":true,"href":"https:\/\/waboom.net\/es_es\/wp-json\/wp\/v2\/comments?post=6352"}],"version-history":[{"count":0,"href":"https:\/\/waboom.net\/es_es\/wp-json\/wp\/v2\/pages\/6352\/revisions"}],"wp:attachment":[{"href":"https:\/\/waboom.net\/es_es\/wp-json\/wp\/v2\/media?parent=6352"}],"curies":[{"name":"wp","href":"https:\/\/api.w.org\/{rel}","templated":true}]}}