{"id":6373,"date":"2025-11-17T19:34:11","date_gmt":"2025-11-17T19:34:11","guid":{"rendered":"https:\/\/waboom.net\/?page_id=6373"},"modified":"2025-11-19T13:04:05","modified_gmt":"2025-11-19T13:04:05","slug":"waboom-vs-wasenderapi","status":"publish","type":"page","link":"https:\/\/waboom.net\/es_es\/waboom-vs-wasenderapi\/","title":{"rendered":"WABOOM frente a WASenderAPI"},"content":{"rendered":"<h1 class=\"wp-block-heading\">Deje de pagar por mensajes que no escalan. Elija la ejecuci\u00f3n en lugar de solo las herramientas.<\/h1>\n\n\n\n<p>Muchas herramientas de WhatsApp est\u00e1n dise\u00f1adas para la automatizaci\u00f3n masiva o r\u00e1pida, pero si te tomas en serio el crecimiento, la conversi\u00f3n y la minimizaci\u00f3n de riesgos, necesitas m\u00e1s que una API de &quot;enviar y rezar&quot;. Comparando <strong>\u00a1WABOOM!<\/strong> (socio de crecimiento) con <strong>API de WASender<\/strong> (API de WhatsApp liviana y centrada en el desarrollador) revela cu\u00e1l es la m\u00e1s adecuada para su estrategia comercial: no solo enviar muchos mensajes, sino enviar la <em>bien<\/em> unos.<\/p>\n\n\n\n<h2 class=\"wp-block-heading\"> WABOOM vs. WASenderAPI: Comparaci\u00f3n de caracter\u00edsticas<\/h2>\n\n\n\n<figure class=\"wp-block-table\"><table class=\"has-fixed-layout\"><thead><tr><th>Caracter\u00edstica<\/th><th><strong>WABOOM (Socio de crecimiento de servicio completo)<\/strong><\/th><th><strong>WASenderAPI (API para desarrolladores)<\/strong><\/th><\/tr><\/thead><tbody><tr><td><strong>Costo y margen de los mensajes de WhatsApp<\/strong><\/td><td>El margen de 0% en los costos de las conversaciones meta + la tarifa fija de la plataforma. Ofrece una versi\u00f3n gratuita (10\u00a0000 mensajes) para probar.<\/td><td>Costo base muy bajo por sesi\u00f3n; mensajes ilimitados; sin tarifas por mensaje.<\/td><\/tr><tr><td><strong>Transparencia de precios<\/strong><\/td><td>Altamente predecible: pagas por la plataforma + el uso real de WhatsApp.<\/td><td>Precios transparentes basados en sesiones, pero usted es responsable de administrar las sesiones.<\/td><\/tr><tr><td><strong>Inicios de sesi\u00f3n de agentes\/equipos<\/strong><\/td><td>Asientos de agente ilimitados en la mayor\u00eda de los planes: dise\u00f1ados para el crecimiento del equipo.<\/td><td>Impulsado principalmente por API: la configuraci\u00f3n de m\u00faltiples agentes requiere un desarrollo personalizado.<\/td><\/tr><tr><td><strong>Estrategia y ejecuci\u00f3n de anuncios<\/strong><\/td><td>WABOOM ejecuta y optimiza campa\u00f1as de Click-to-WhatsApp para usted.<\/td><td>No proporciona ejecuci\u00f3n de anuncios; debe gestionar las campa\u00f1as usted mismo.<\/td><\/tr><tr><td><strong>Chatbot \/ Constructor de automatizaci\u00f3n<\/strong><\/td><td>Completamente desbloqueado, l\u00f3gica de arrastrar y soltar, flujos avanzados y sin puerta de funciones.<\/td><td>Usted construye su propia l\u00f3gica de automatizaci\u00f3n o chatbot a trav\u00e9s de la API; admite la gesti\u00f3n de medios y contactos.<\/td><\/tr><tr><td><strong>Acceso a API\/webhook<\/strong><\/td><td>Acceso API ilimitado para una integraci\u00f3n profunda en sistemas, CRM y an\u00e1lisis.<\/td><td>API + webhooks centrados en el desarrollador para eventos de mensajer\u00eda, medios y gesti\u00f3n de sesiones.<\/td><\/tr><tr><td><strong>Escalado y volumen<\/strong><\/td><td>Listo para empresas de gran volumen: enrutamiento de campa\u00f1as, optimizaci\u00f3n del flujo y escalamiento con estrategia.<\/td><td>Escala a trav\u00e9s de m\u00faltiples sesiones de WhatsApp; mensajer\u00eda ilimitada por sesi\u00f3n, pero t\u00fa administras la escala.<\/td><\/tr><tr><td><strong>Cumplimiento y riesgo<\/strong><\/td><td>Utiliza el modelo de conversaci\u00f3n oficial Meta, lo que reduce el riesgo de ser bloqueado.<\/td><td>El uso de API no oficial puede entrar en conflicto con los t\u00e9rminos de WhatsApp; mayor riesgo de bloqueos o prohibiciones.<\/td><\/tr><tr><td><strong>Soporte e integraci\u00f3n<\/strong><\/td><td>Soporte personalizado: estratega + gerente de cuentas + ayuda en la ejecuci\u00f3n.<\/td><td>Soporte para la incorporaci\u00f3n de desarrolladores; principalmente documentaci\u00f3n y orientaci\u00f3n t\u00e9cnica.<\/td><\/tr><\/tbody><\/table><\/figure>\n\n\n\n<h2 class=\"wp-block-heading\"> Por qu\u00e9 importan estas diferencias<\/h2>\n\n\n\n<ul class=\"wp-block-list\">\n<li><strong>Previsibilidad de costos vs. flexibilidad<\/strong><br>WABOOM ofrece costos predecibles y escalables. WASenderAPI es econ\u00f3mico para los desarrolladores, pero conlleva riesgos de incumplimiento.<\/li>\n\n\n\n<li><strong>Ejecuci\u00f3n estrat\u00e9gica vs. control de desarrollo<\/strong><br>WABOOM gestiona campa\u00f1as y automatiza flujos. WASenderAPI es una herramienta; t\u00fa mismo creas y optimizas todo.<\/li>\n\n\n\n<li><strong>Escalabilidad vs. Sostenibilidad<\/strong><br>WABOOM est\u00e1 dise\u00f1ado para el crecimiento empresarial basado en la conversi\u00f3n. WASenderAPI funciona para equipos de desarrollo y prototipos, pero requiere mantenimiento continuo.<\/li>\n<\/ul>\n\n\n\n<h2 class=\"wp-block-heading\"> Pros y contras: WABOOM frente a WASenderAPI<\/h2>\n\n\n\n<figure class=\"wp-block-table\"><table class=\"has-fixed-layout\"><thead><tr><th><\/th><th><strong>WABOOM (Socio de crecimiento)<\/strong><\/th><th><strong>WASenderAPI (API para desarrolladores)<\/strong><\/th><\/tr><\/thead><tbody><tr><td><strong>Ventajas<\/strong><\/td><td>\u2022 Marcado de WhatsApp 0%<br>\u2022 10.000 mensajes gratis<br>\u2022 Ejecuci\u00f3n de publicidad y automatizaci\u00f3n con servicio completo<br>\u2022 Agentes ilimitados<br>\u2022 Escalamiento predecible<\/td><td>\u2022 Costo por sesi\u00f3n muy bajo<br>\u2022 Mensajer\u00eda ilimitada<br>\u2022 Admite medios, contactos y grupos.<br>\u2022 M\u00faltiples sesiones de WhatsApp<br>\u2022 Compatibilidad con webhooks y SDK<\/td><\/tr><tr><td><strong>Desventajas\/Compensaciones<\/strong><\/td><td>\u2022 Menos control pr\u00e1ctico para empresas con mucho desarrollo<br>\u2022 Tarifa fija de plataforma\/servicio<\/td><td>\u2022 API no oficial: riesgo de baneo de cuentas<br>\u2022 Sin estrategia publicitaria ni optimizaci\u00f3n de conversi\u00f3n<br>\u2022 Requiere recursos de desarrollo y configuraci\u00f3n t\u00e9cnica.<\/td><\/tr><\/tbody><\/table><\/figure>\n\n\n\n<h2 class=\"wp-block-heading\"> Preguntas frecuentes (FAQ)<\/h2>\n\n\n\n<p><strong>P: \u00bfWASenderAPI es oficial o est\u00e1 aprobado por WhatsApp?<\/strong><br><strong>A:<\/strong> No, no es un proveedor oficial de API de WhatsApp Business, lo que puede aumentar el riesgo de bloqueo de la cuenta.<\/p>\n\n\n\n<p><strong>P: \u00bfPuedo enviar medios a trav\u00e9s de WASenderAPI?<\/strong><br><strong>A:<\/strong> S\u00ed. Admite texto, im\u00e1genes, v\u00eddeos, audio, documentos, ubicaciones y contactos a trav\u00e9s de API.<\/p>\n\n\n\n<p><strong>P: \u00bfWASenderAPI admite varios n\u00fameros de WhatsApp?<\/strong><br><strong>A:<\/strong> S\u00ed, se pueden administrar m\u00faltiples sesiones, lo que permite el uso de m\u00faltiples n\u00fameros para enviar mensajes.<\/p>\n\n\n\n<p><strong>P: \u00bfWABOOM admite la creaci\u00f3n de chatbots y flujos de trabajo complejos?<\/strong><br><strong>A:<\/strong> S\u00ed. Generador totalmente desbloqueado para l\u00f3gica, automatizaci\u00f3n y conversaciones basadas en flujo integrado con campa\u00f1as publicitarias.<\/p>\n\n\n\n<p><strong>P: \u00bfQu\u00e9 sucede si un n\u00famero se bloquea en WASenderAPI?<\/strong><br><strong>A:<\/strong> Como no es oficial, existe un riesgo real de bloqueo o prohibici\u00f3n de cuentas: es una compensaci\u00f3n por el bajo costo y la mensajer\u00eda ilimitada.<\/p>\n\n\n\n<h2 class=\"wp-block-heading\">\u00bfQui\u00e9n gana?<\/h2>\n\n\n\n<ul class=\"wp-block-list\">\n<li><strong>Elige WABOOM<\/strong> si usted:<br>\u2714 \u00bfQuieres un socio confiable, escalable y centrado en el crecimiento?<br>\u2714 Prefiera costos predecibles con margen cero y un nivel de prueba gratuito<br>\u2714 \u00bfQuieres que alguien publique anuncios? \u2192 Automatizaci\u00f3n de WhatsApp + embudo para ti<br>\u2714 No tengo un equipo de desarrollo o no quiero administrar la infraestructura de API<\/li>\n\n\n\n<li><strong>Elija WASenderAPI<\/strong> si usted:<br>\u2714 Tenga un equipo de desarrollo listo para integrar y construir sus propios flujos de trabajo<br>\u2714 \u00bfQuieres mensajer\u00eda de muy bajo costo con volumen ilimitado?<br>\u2714 Est\u00e1n de acuerdo con el riesgo de incumplimiento al usar una API no oficial<br>\u2714 Necesita flexibilidad para integraciones personalizadas y m\u00faltiples sesiones<\/li>\n<\/ul>\n\n\n\n<p><strong>En resumen:<\/strong><br>Para <strong>crecimiento sin carga tecnol\u00f3gica<\/strong>, WABOOM es la opci\u00f3n m\u00e1s segura y estrat\u00e9gica.<br>Para <strong>Equipos que priorizan la tecnolog\u00eda y buscan una infraestructura de mensajer\u00eda de bajo costo<\/strong>, WASenderAPI es una opci\u00f3n flexible, si acepta los riesgos asociados.<\/p>\n\n\n\n<p><\/p>","protected":false},"excerpt":{"rendered":"<p>Stop Paying for Messaging That Doesn\u2019t Scale Choose Execution Over Just Tools Many WhatsApp tools are built for bulk or quick automation, but if you&#8217;re serious about growth, conversion, and minimizing risk, you want more than a \u201csend-and-pray\u201d API. Comparing WABOOM (growth partner) with WASenderAPI (developer-focused, lightweight WhatsApp API) reveals which is more suited to&#8230;<\/p>","protected":false},"author":1,"featured_media":0,"parent":0,"menu_order":0,"comment_status":"closed","ping_status":"closed","template":"","meta":{"_bbp_topic_count":0,"_bbp_reply_count":0,"_bbp_total_topic_count":0,"_bbp_total_reply_count":0,"_bbp_voice_count":0,"_bbp_anonymous_reply_count":0,"_bbp_topic_count_hidden":0,"_bbp_reply_count_hidden":0,"_bbp_forum_subforum_count":0,"_monsterinsights_skip_tracking":false,"_monsterinsights_sitenote_active":false,"_monsterinsights_sitenote_note":"","_monsterinsights_sitenote_category":0,"footnotes":""},"class_list":["post-6373","page","type-page","status-publish","hentry"],"_links":{"self":[{"href":"https:\/\/waboom.net\/es_es\/wp-json\/wp\/v2\/pages\/6373","targetHints":{"allow":["GET"]}}],"collection":[{"href":"https:\/\/waboom.net\/es_es\/wp-json\/wp\/v2\/pages"}],"about":[{"href":"https:\/\/waboom.net\/es_es\/wp-json\/wp\/v2\/types\/page"}],"author":[{"embeddable":true,"href":"https:\/\/waboom.net\/es_es\/wp-json\/wp\/v2\/users\/1"}],"replies":[{"embeddable":true,"href":"https:\/\/waboom.net\/es_es\/wp-json\/wp\/v2\/comments?post=6373"}],"version-history":[{"count":0,"href":"https:\/\/waboom.net\/es_es\/wp-json\/wp\/v2\/pages\/6373\/revisions"}],"wp:attachment":[{"href":"https:\/\/waboom.net\/es_es\/wp-json\/wp\/v2\/media?parent=6373"}],"curies":[{"name":"wp","href":"https:\/\/api.w.org\/{rel}","templated":true}]}}