{"id":6333,"date":"2025-11-16T21:06:58","date_gmt":"2025-11-16T21:06:58","guid":{"rendered":"https:\/\/waboom.net\/?page_id=6333"},"modified":"2025-11-19T13:20:58","modified_gmt":"2025-11-19T13:20:58","slug":"waboom-vs-interakt","status":"publish","type":"page","link":"https:\/\/waboom.net\/es_ve\/waboom-vs-interakt\/","title":{"rendered":"WABOOM contra Interakt"},"content":{"rendered":"<p><\/p>\n\n\n\n<p>Descubra por qu\u00e9 WABOOM elimina la confusi\u00f3n de precios, desbloquea una automatizaci\u00f3n superior y proporciona la asociaci\u00f3n estrat\u00e9gica que su empresa necesita para escalar verdaderamente en WhatsApp.<\/p>\n\n\n\n<h1 class=\"wp-block-heading\">Comparaci\u00f3n de caracter\u00edsticas: WABOOM vs. Interakt<\/h1>\n\n\n\n<p>A continuaci\u00f3n se muestra un desglose claro, lado a lado, de las caracter\u00edsticas que impulsan las conversiones y el ROI.<\/p>\n\n\n\n<figure class=\"wp-block-table\"><table class=\"has-fixed-layout\"><thead><tr><th><strong>Caracter\u00edstica<\/strong><\/th><th><strong>\u00a1WABOOM!<\/strong><\/th><th><strong>Interactuar<\/strong><\/th><\/tr><\/thead><tbody><tr><td><strong>Modelo de precios<\/strong><\/td><td>Planes mensuales\/anuales transparentes<\/td><td>Planes complejos trimestrales\/escalonados<\/td><\/tr><tr><td><strong>Marcado de metaconversaci\u00f3n<\/strong><\/td><td>0% Margen (Costo de transferencia)<\/td><td>Margen variable (costo total m\u00e1s alto)<\/td><\/tr><tr><td><strong>Inicios de sesi\u00f3n de agentes libres<\/strong><\/td><td>Ilimitado<\/td><td>Var\u00eda seg\u00fan el plan; a menudo limitado<\/td><\/tr><tr><td><strong>Constructor de chatbots<\/strong><\/td><td>Constructor visual de arrastrar y soltar (todos los niveles)<\/td><td>Solo con tecnolog\u00eda GPT en niveles superiores<\/td><\/tr><tr><td><strong>Pagos de WhatsApp<\/strong><\/td><td>Activaci\u00f3n integrada con un solo clic<\/td><td>Requiere un plan superior o una configuraci\u00f3n compleja<\/td><\/tr><tr><td><strong>Integraciones API\/Webhook<\/strong><\/td><td>Gratis e ilimitado (todos los niveles)<\/td><td>Limitado en los planes iniciales; costoso en los niveles superiores<\/td><\/tr><tr><td><strong>Servicio de estrategia y configuraci\u00f3n de anuncios<\/strong><\/td><td>Estrategia y ejecuci\u00f3n de anuncios completos opcionales<\/td><td>Ninguno; solo autoservicio<\/td><\/tr><tr><td><strong>Soporte al cliente<\/strong><\/td><td>Gerente de cuenta dedicado + Llamadas, Zoom y chat<\/td><td>Solo correo electr\u00f3nico; se informaron tiempos de respuesta lentos<\/td><\/tr><tr><td><strong>Rendimiento de transmisi\u00f3n<\/strong><\/td><td>Entrega optimizada y de alta velocidad<\/td><td>Depende del plan; puede ser m\u00e1s lento<\/td><\/tr><tr><td><strong>Verificaci\u00f3n con sello verde<\/strong><\/td><td>Orientaci\u00f3n t\u00e9cnica y estrat\u00e9gica dedicada<\/td><td>Cumplimiento t\u00e9cnico b\u00e1sico \u00fanicamente<\/td><\/tr><\/tbody><\/table><\/figure>\n\n\n\n<h1 class=\"wp-block-heading\">Comparaci\u00f3n detallada: D\u00f3nde gana WABOOM<\/h1>\n\n\n\n<h2 class=\"wp-block-heading\">I. Precios y costo total de propiedad (TCO)<\/h2>\n\n\n\n<p>Su mayor barrera para escalar es <strong>costos inesperados<\/strong> Generalmente ocultos dentro de estructuras de precios complejas.<\/p>\n\n\n\n<h3 class=\"wp-block-heading\"><strong>Ventaja de WABOOM<\/strong><\/h3>\n\n\n\n<ul class=\"wp-block-list\">\n<li><strong>Promesa de marcado 0%:<\/strong><br>Cargas de WABOOM <strong>cero margen de beneficio<\/strong> sobre las tarifas de conversaci\u00f3n oficiales de Meta.<br>Lo que Meta cobra, no pagas nada m\u00e1s.<br>Esta es la \u00fanica manera de pronosticar su crecimiento con precisi\u00f3n.<\/li>\n\n\n\n<li><strong>Planes simples:<\/strong><br>Se incluyen funciones esenciales como acceso a API, generador de chatbot, segmentaci\u00f3n y flujos de trabajo sin obligarlo a adquirir niveles costosos.<\/li>\n<\/ul>\n\n\n\n<h3 class=\"wp-block-heading\"><strong>Debilidad de Interakt<\/strong><\/h3>\n\n\n\n<ul class=\"wp-block-list\">\n<li>Interakt a menudo utiliza un <strong>Sistema de billetera prepago<\/strong> y podr\u00e1n aplicar:\n<ul class=\"wp-block-list\">\n<li>Precios m\u00e1s altos para los mensajes<\/li>\n\n\n\n<li>Marcado adicional<\/li>\n\n\n\n<li>Restricciones en los planes de nivel inferior<\/li>\n<\/ul>\n<\/li>\n\n\n\n<li>Esto hace que la adquisici\u00f3n de clientes potenciales sea m\u00e1s costosa y agrega complejidad presupuestaria.<\/li>\n\n\n\n<li>Sus planes de nivel inferior bloquean herramientas esenciales detr\u00e1s de actualizaciones superiores.<\/li>\n<\/ul>\n\n\n\n<h2 class=\"wp-block-heading\">II. Automatizaci\u00f3n, chatbots y gesti\u00f3n de leads<\/h2>\n\n\n\n<p>Una plataforma de WhatsApp deber\u00eda automatizar las ventas de inmediato, no semanas despu\u00e9s.<\/p>\n\n\n\n<h3 class=\"wp-block-heading\"><strong>Ventaja de WABOOM<\/strong><\/h3>\n\n\n\n<ul class=\"wp-block-list\">\n<li><strong>Constructor de chatbots con funci\u00f3n de arrastrar y soltar:<\/strong><br>Disponible en todos los planes. Crea flujos, l\u00f3gica condicional, men\u00fas, an\u00e1lisis y conexiones CRM al instante.<\/li>\n\n\n\n<li><strong>Acceso completo a funciones:<\/strong><br>Campa\u00f1as de goteo, segmentaci\u00f3n avanzada y an\u00e1lisis en tiempo real est\u00e1n incluidos desde el primer d\u00eda.<\/li>\n<\/ul>\n\n\n\n<h3 class=\"wp-block-heading\"><strong>Debilidad de Interakt<\/strong><\/h3>\n\n\n\n<ul class=\"wp-block-list\">\n<li>Muchas de las funciones de automatizaci\u00f3n m\u00e1s valiosas de Interakt, especialmente los chatbots de IA y los an\u00e1lisis avanzados, son <strong>encerrados detr\u00e1s de planes de nivel superior<\/strong>, aumentando el coste total necesario para construir un embudo funcional.<\/li>\n<\/ul>\n\n\n\n<h2 class=\"wp-block-heading\">III. Alianzas estrat\u00e9gicas y apoyo publicitario<\/h2>\n\n\n\n<p>No solo te damos software. Te ayudamos a generar ingresos reales.<\/p>\n\n\n\n<h3 class=\"wp-block-heading\"><strong>Ventaja de WABOOM<\/strong><\/h3>\n\n\n\n<ul class=\"wp-block-list\">\n<li><strong>Ejecuci\u00f3n de anuncios lista para usar:<\/strong><br>WABOOM puede planificar, lanzar, optimizar y escalar su <strong>Anuncios de clic para WhatsApp<\/strong>.<br>Obtendr\u00e1s una ejecuci\u00f3n de campa\u00f1a dirigida por expertos en lugar de prueba y error.<\/li>\n\n\n\n<li><strong>Consulta de estrategia gratuita:<\/strong><br>Cada empresa recibe una sesi\u00f3n gratuita para trazar su embudo de WhatsApp y garantizar que su configuraci\u00f3n est\u00e9 optimizada para generar ingresos.<\/li>\n<\/ul>\n\n\n\n<h3 class=\"wp-block-heading\"><strong>Debilidad de Interakt<\/strong><\/h3>\n\n\n\n<ul class=\"wp-block-list\">\n<li>Interakt es una <strong>autoservicio<\/strong> plataforma.<\/li>\n\n\n\n<li>Si bien ofrecen las herramientas, no lo hacen. <strong>no<\/strong> Proporcionar el apoyo estrat\u00e9gico, la planificaci\u00f3n del embudo o la ejecuci\u00f3n de anuncios necesarios para maximizar el ROI.<\/li>\n<\/ul>\n\n\n\n<h1 class=\"wp-block-heading\">Por qu\u00e9 WABOOM es la mejor opci\u00f3n<\/h1>\n\n\n\n<p>WABOOM est\u00e1 dise\u00f1ado para empresas de alto crecimiento que exigen transparencia, poder y asociaci\u00f3n.<\/p>\n\n\n\n<h3 class=\"wp-block-heading\">\u2714 Rentabilidad<\/h3>\n\n\n\n<p>0% de margen en las tarifas Meta = miles ahorrados a medida que escala.<\/p>\n\n\n\n<h3 class=\"wp-block-heading\">\u2714 Velocidad y soporte<\/h3>\n\n\n\n<p>Soporte humano real WhatsApp, Call, Zoom para ayudarte a lanzarte, optimizar y permanecer en l\u00ednea.<\/p>\n\n\n\n<h3 class=\"wp-block-heading\">\u2714 Automatizaci\u00f3n sin restricciones<\/h3>\n\n\n\n<p>Chatbot de arrastrar y soltar + integraciones API ilimitadas incluidas desde el principio.<\/p>\n\n\n\n<h3 class=\"wp-block-heading\">\u2714 Socio de crecimiento integral<\/h3>\n\n\n\n<p>Desde la configuraci\u00f3n hasta los anuncios y la estrategia, WABOOM le ayuda a generar ingresos de inmediato.<\/p>\n\n\n\n<h1 class=\"wp-block-heading\">\u00bfEst\u00e1s listo para dejar de pagar tarifas ocultas y comenzar a escalar tu estrategia de WhatsApp de la manera correcta?<\/h1>\n\n\n\n<h3 class=\"wp-block-heading\"><strong>\u00a1Crea tu cuenta WABOOM GRATIS ahora!<\/strong><\/h3>\n\n\n\n<p>No se requiere tarjeta de cr\u00e9dito. Acceso completo a las funciones principales.<\/p>","protected":false},"excerpt":{"rendered":"<p>Discover why WABOOM eliminates pricing confusion, unlocks superior automation, and provides the strategic partnership your business needs to truly scale on WhatsApp. Feature-by-Feature Comparison: WABOOM vs. Interakt Below is a clear side-by-side breakdown of the features that drive conversions and ROI. Feature WABOOM Interakt Pricing Model Transparent Monthly\/Annual Plans Complex Quarterly\/Tiered Plans Meta Conversation Markup&#8230;<\/p>","protected":false},"author":1,"featured_media":0,"parent":0,"menu_order":0,"comment_status":"closed","ping_status":"closed","template":"","meta":{"_bbp_topic_count":0,"_bbp_reply_count":0,"_bbp_total_topic_count":0,"_bbp_total_reply_count":0,"_bbp_voice_count":0,"_bbp_anonymous_reply_count":0,"_bbp_topic_count_hidden":0,"_bbp_reply_count_hidden":0,"_bbp_forum_subforum_count":0,"_monsterinsights_skip_tracking":false,"_monsterinsights_sitenote_active":false,"_monsterinsights_sitenote_note":"","_monsterinsights_sitenote_category":0,"footnotes":""},"class_list":["post-6333","page","type-page","status-publish","hentry"],"_links":{"self":[{"href":"https:\/\/waboom.net\/es_ve\/wp-json\/wp\/v2\/pages\/6333","targetHints":{"allow":["GET"]}}],"collection":[{"href":"https:\/\/waboom.net\/es_ve\/wp-json\/wp\/v2\/pages"}],"about":[{"href":"https:\/\/waboom.net\/es_ve\/wp-json\/wp\/v2\/types\/page"}],"author":[{"embeddable":true,"href":"https:\/\/waboom.net\/es_ve\/wp-json\/wp\/v2\/users\/1"}],"replies":[{"embeddable":true,"href":"https:\/\/waboom.net\/es_ve\/wp-json\/wp\/v2\/comments?post=6333"}],"version-history":[{"count":0,"href":"https:\/\/waboom.net\/es_ve\/wp-json\/wp\/v2\/pages\/6333\/revisions"}],"wp:attachment":[{"href":"https:\/\/waboom.net\/es_ve\/wp-json\/wp\/v2\/media?parent=6333"}],"curies":[{"name":"wp","href":"https:\/\/api.w.org\/{rel}","templated":true}]}}