{"id":6333,"date":"2025-11-16T21:06:58","date_gmt":"2025-11-16T21:06:58","guid":{"rendered":"https:\/\/waboom.net\/?page_id=6333"},"modified":"2025-11-19T13:20:58","modified_gmt":"2025-11-19T13:20:58","slug":"waboom-vs-interakt","status":"publish","type":"page","link":"https:\/\/waboom.net\/fr_be\/waboom-vs-interakt\/","title":{"rendered":"WABOOM contre Interakt"},"content":{"rendered":"<p><\/p>\n\n\n\n<p>D\u00e9couvrez pourquoi WABOOM \u00e9limine toute confusion concernant les prix, d\u00e9bloque une automatisation sup\u00e9rieure et fournit le partenariat strat\u00e9gique dont votre entreprise a besoin pour se d\u00e9velopper v\u00e9ritablement sur WhatsApp.<\/p>\n\n\n\n<h1 class=\"wp-block-heading\">Comparaison d\u00e9taill\u00e9e des fonctionnalit\u00e9s : WABOOM vs. Interakt<\/h1>\n\n\n\n<p>Vous trouverez ci-dessous un tableau comparatif clair des fonctionnalit\u00e9s qui g\u00e9n\u00e8rent des conversions et un retour sur investissement.<\/p>\n\n\n\n<figure class=\"wp-block-table\"><table class=\"has-fixed-layout\"><thead><tr><th><strong>Fonctionnalit\u00e9<\/strong><\/th><th><strong>BOUM<\/strong><\/th><th><strong>Interakt<\/strong><\/th><\/tr><\/thead><tbody><tr><td><strong>Mod\u00e8le de tarification<\/strong><\/td><td>Plans mensuels\/annuels transparents<\/td><td>Plans trimestriels\/\u00e0 plusieurs niveaux complexes<\/td><\/tr><tr><td><strong>Balisage de m\u00e9ta-conversation<\/strong><\/td><td>0% Marge (Co\u00fbt refactur\u00e9)<\/td><td>Marge variable (co\u00fbt total plus \u00e9lev\u00e9)<\/td><\/tr><tr><td><strong>Connexions des agents libres<\/strong><\/td><td>Illimit\u00e9<\/td><td>Varie selon le forfait; souvent limit\u00e9<\/td><\/tr><tr><td><strong>Cr\u00e9ateur de chatbots<\/strong><\/td><td>Constructeur visuel par glisser-d\u00e9poser (Tous niveaux)<\/td><td>Disponible uniquement dans les niveaux sup\u00e9rieurs gr\u00e2ce \u00e0 la technologie GPT<\/td><\/tr><tr><td><strong>Paiements WhatsApp<\/strong><\/td><td>Activation int\u00e9gr\u00e9e en un clic<\/td><td>N\u00e9cessite un abonnement sup\u00e9rieur ou une configuration complexe<\/td><\/tr><tr><td><strong>Int\u00e9grations API\/Webhook<\/strong><\/td><td>Gratuit et illimit\u00e9 (tous niveaux)<\/td><td>Formules de base limit\u00e9es ; formules sup\u00e9rieures co\u00fbteuses<\/td><\/tr><tr><td><strong>Service de strat\u00e9gie et de configuration publicitaire<\/strong><\/td><td>Strat\u00e9gie et ex\u00e9cution publicitaires compl\u00e8tes (optionnelles)<\/td><td>Aucun ; libre-service uniquement<\/td><\/tr><tr><td><strong>Service client<\/strong><\/td><td>Gestionnaire de compte d\u00e9di\u00e9 + Appels, Zoom et chat<\/td><td>Courriel uniquement\u00a0; d\u00e9lais de r\u00e9ponse lents signal\u00e9s<\/td><\/tr><tr><td><strong>Performance diffus\u00e9e<\/strong><\/td><td>Livraison optimis\u00e9e et \u00e0 grande vitesse<\/td><td>Selon le forfait ; peut \u00eatre plus lent<\/td><\/tr><tr><td><strong>V\u00e9rification par coche verte<\/strong><\/td><td>Conseils techniques et strat\u00e9giques d\u00e9di\u00e9s<\/td><td>Conformit\u00e9 technique de base uniquement<\/td><\/tr><\/tbody><\/table><\/figure>\n\n\n\n<h1 class=\"wp-block-heading\">Comparaison d\u00e9taill\u00e9e\u00a0: Les points forts de WABOOM<\/h1>\n\n\n\n<h2 class=\"wp-block-heading\">I. Tarification et co\u00fbt total de possession (CTP)<\/h2>\n\n\n\n<p>Votre principal obstacle \u00e0 la mise \u00e0 l&#039;\u00e9chelle est <strong>co\u00fbts impr\u00e9vus<\/strong> g\u00e9n\u00e9ralement dissimul\u00e9 dans des structures tarifaires complexes.<\/p>\n\n\n\n<h3 class=\"wp-block-heading\"><strong>Avantage WABOOM<\/strong><\/h3>\n\n\n\n<ul class=\"wp-block-list\">\n<li><strong>Promesse de balisage 0%\u00a0:<\/strong><br>Frais WABOOM <strong>marge nulle<\/strong> sur les frais de conversation officiels de Meta.<br>Ce que Meta facture, vous ne le payez pas plus.<br>C&#039;est le seul moyen de pr\u00e9voir votre croissance avec pr\u00e9cision.<\/li>\n\n\n\n<li><strong>Plans simples\u00a0:<\/strong><br>Des fonctionnalit\u00e9s essentielles comme l&#039;acc\u00e8s \u00e0 l&#039;API, le g\u00e9n\u00e9rateur de chatbots, la segmentation et les flux de travail sont incluses sans vous obliger \u00e0 souscrire \u00e0 des abonnements co\u00fbteux.<\/li>\n<\/ul>\n\n\n\n<h3 class=\"wp-block-heading\"><strong>Faiblesse d&#039;Interakt<\/strong><\/h3>\n\n\n\n<ul class=\"wp-block-list\">\n<li>Interakt utilise souvent un <strong>Syst\u00e8me de portefeuille pr\u00e9pay\u00e9<\/strong> et peut s&#039;appliquer\u00a0:\n<ul class=\"wp-block-list\">\n<li>Tarifs des messages plus \u00e9lev\u00e9s<\/li>\n\n\n\n<li>Marge suppl\u00e9mentaire<\/li>\n\n\n\n<li>Restrictions sur les plans de niveau inf\u00e9rieur<\/li>\n<\/ul>\n<\/li>\n\n\n\n<li>Cela rend l&#039;acquisition de prospects plus co\u00fbteuse et complexifie la budg\u00e9tisation.<\/li>\n\n\n\n<li>Leurs formules d&#039;entr\u00e9e de gamme r\u00e9servent l&#039;acc\u00e8s aux outils essentiels aux abonnements sup\u00e9rieurs.<\/li>\n<\/ul>\n\n\n\n<h2 class=\"wp-block-heading\">II. Automatisation, chatbot et gestion des prospects<\/h2>\n\n\n\n<p>Une plateforme WhatsApp devrait automatiser les ventes imm\u00e9diatement, et non des semaines plus tard.<\/p>\n\n\n\n<h3 class=\"wp-block-heading\"><strong>Avantage WABOOM<\/strong><\/h3>\n\n\n\n<ul class=\"wp-block-list\">\n<li><strong>V\u00e9ritable cr\u00e9ateur de chatbots par glisser-d\u00e9poser\u00a0:<\/strong><br>Disponible avec tous les forfaits. Cr\u00e9ez instantan\u00e9ment des flux, une logique conditionnelle, des menus, des analyses et des connexions CRM.<\/li>\n\n\n\n<li><strong>Acc\u00e8s \u00e0 toutes les fonctionnalit\u00e9s\u00a0:<\/strong><br>Les campagnes de marketing automatis\u00e9es, la segmentation avanc\u00e9e et les analyses en temps r\u00e9el sont incluses d\u00e8s le premier jour.<\/li>\n<\/ul>\n\n\n\n<h3 class=\"wp-block-heading\"><strong>Faiblesse d&#039;Interakt<\/strong><\/h3>\n\n\n\n<ul class=\"wp-block-list\">\n<li>Bon nombre des fonctionnalit\u00e9s d&#039;automatisation les plus pr\u00e9cieuses d&#039;Interakt, notamment les chatbots IA et les analyses avanc\u00e9es, sont <strong>bloqu\u00e9s derri\u00e8re des plans de niveau sup\u00e9rieur<\/strong>, ce qui augmente le co\u00fbt total n\u00e9cessaire \u00e0 la construction d&#039;un entonnoir fonctionnel.<\/li>\n<\/ul>\n\n\n\n<h2 class=\"wp-block-heading\">III. Partenariat strat\u00e9gique et soutien publicitaire<\/h2>\n\n\n\n<p>Nous ne nous contentons pas de vous fournir un logiciel. Nous vous aidons \u00e0 g\u00e9n\u00e9rer de v\u00e9ritables revenus.<\/p>\n\n\n\n<h3 class=\"wp-block-heading\"><strong>Avantage WABOOM<\/strong><\/h3>\n\n\n\n<ul class=\"wp-block-list\">\n<li><strong>Ex\u00e9cution publicitaire cl\u00e9 en main\u00a0:<\/strong><br>WABOOM peut planifier, lancer, optimiser et faire \u00e9voluer votre projet. <strong>Publicit\u00e9s \u00ab\u00a0Cliquer pour envoyer vers WhatsApp\u00a0\u00bb<\/strong>.<br>Vous b\u00e9n\u00e9ficiez d&#039;une ex\u00e9cution de campagne men\u00e9e par des experts plut\u00f4t que d&#039;une approche par essais et erreurs.<\/li>\n\n\n\n<li><strong>Consultation strat\u00e9gique gratuite\u00a0:<\/strong><br>Chaque entreprise b\u00e9n\u00e9ficie d&#039;une s\u00e9ance gratuite pour cartographier son entonnoir WhatsApp et s&#039;assurer que sa configuration est optimis\u00e9e pour g\u00e9n\u00e9rer des revenus.<\/li>\n<\/ul>\n\n\n\n<h3 class=\"wp-block-heading\"><strong>Faiblesse d&#039;Interakt<\/strong><\/h3>\n\n\n\n<ul class=\"wp-block-list\">\n<li>Interakt est un <strong>en libre service<\/strong> plate-forme.<\/li>\n\n\n\n<li>Bien qu&#039;ils fournissent les outils, ils le font. <strong>pas<\/strong> Fournir le soutien strat\u00e9gique, la planification du tunnel de conversion ou l&#039;ex\u00e9cution publicitaire n\u00e9cessaires pour maximiser le retour sur investissement.<\/li>\n<\/ul>\n\n\n\n<h1 class=\"wp-block-heading\">Pourquoi WABOOM est le meilleur choix<\/h1>\n\n\n\n<p>WABOOM est con\u00e7u pour les entreprises \u00e0 forte croissance qui exigent transparence, puissance et partenariat.<\/p>\n\n\n\n<h3 class=\"wp-block-heading\">\u2714 Rentabilit\u00e9<\/h3>\n\n\n\n<p>La majoration 0% sur les frais Meta = des milliers d&#039;euros \u00e9conomis\u00e9s \u00e0 mesure que votre activit\u00e9 se d\u00e9veloppe.<\/p>\n\n\n\n<h3 class=\"wp-block-heading\">\u2714 Rapidit\u00e9 et assistance<\/h3>\n\n\n\n<p>Une assistance humaine r\u00e9elle par WhatsApp, appel ou Zoom vous aide \u00e0 lancer, optimiser et maintenir votre pr\u00e9sence en ligne.<\/p>\n\n\n\n<h3 class=\"wp-block-heading\">\u2714 Automatisation sans restriction<\/h3>\n\n\n\n<p>Chatbot glisser-d\u00e9poser + int\u00e9grations API illimit\u00e9es incluses d\u00e8s le d\u00e9part.<\/p>\n\n\n\n<h3 class=\"wp-block-heading\">\u2714 Partenaire de croissance Full-Stack<\/h3>\n\n\n\n<p>De la configuration \u00e0 la publicit\u00e9 en passant par la strat\u00e9gie, WABOOM vous aide \u00e0 g\u00e9n\u00e9rer des revenus imm\u00e9diatement.<\/p>\n\n\n\n<h1 class=\"wp-block-heading\">Pr\u00eat \u00e0 arr\u00eater de payer des frais cach\u00e9s et \u00e0 commencer \u00e0 d\u00e9velopper votre strat\u00e9gie WhatsApp de la bonne mani\u00e8re ?<\/h1>\n\n\n\n<h3 class=\"wp-block-heading\"><strong>Cr\u00e9ez votre compte WABOOM GRATUIT d\u00e8s maintenant !<\/strong><\/h3>\n\n\n\n<p>Aucune carte de cr\u00e9dit requise. Acc\u00e8s complet aux fonctionnalit\u00e9s principales.<\/p>","protected":false},"excerpt":{"rendered":"<p>Discover why WABOOM eliminates pricing confusion, unlocks superior automation, and provides the strategic partnership your business needs to truly scale on WhatsApp. Feature-by-Feature Comparison: WABOOM vs. Interakt Below is a clear side-by-side breakdown of the features that drive conversions and ROI. Feature WABOOM Interakt Pricing Model Transparent Monthly\/Annual Plans Complex Quarterly\/Tiered Plans Meta Conversation Markup&#8230;<\/p>","protected":false},"author":1,"featured_media":0,"parent":0,"menu_order":0,"comment_status":"closed","ping_status":"closed","template":"","meta":{"_bbp_topic_count":0,"_bbp_reply_count":0,"_bbp_total_topic_count":0,"_bbp_total_reply_count":0,"_bbp_voice_count":0,"_bbp_anonymous_reply_count":0,"_bbp_topic_count_hidden":0,"_bbp_reply_count_hidden":0,"_bbp_forum_subforum_count":0,"_monsterinsights_skip_tracking":false,"_monsterinsights_sitenote_active":false,"_monsterinsights_sitenote_note":"","_monsterinsights_sitenote_category":0,"footnotes":""},"class_list":["post-6333","page","type-page","status-publish","hentry"],"_links":{"self":[{"href":"https:\/\/waboom.net\/fr_be\/wp-json\/wp\/v2\/pages\/6333","targetHints":{"allow":["GET"]}}],"collection":[{"href":"https:\/\/waboom.net\/fr_be\/wp-json\/wp\/v2\/pages"}],"about":[{"href":"https:\/\/waboom.net\/fr_be\/wp-json\/wp\/v2\/types\/page"}],"author":[{"embeddable":true,"href":"https:\/\/waboom.net\/fr_be\/wp-json\/wp\/v2\/users\/1"}],"replies":[{"embeddable":true,"href":"https:\/\/waboom.net\/fr_be\/wp-json\/wp\/v2\/comments?post=6333"}],"version-history":[{"count":0,"href":"https:\/\/waboom.net\/fr_be\/wp-json\/wp\/v2\/pages\/6333\/revisions"}],"wp:attachment":[{"href":"https:\/\/waboom.net\/fr_be\/wp-json\/wp\/v2\/media?parent=6333"}],"curies":[{"name":"wp","href":"https:\/\/api.w.org\/{rel}","templated":true}]}}