{"id":18,"date":"2024-06-27T10:50:41","date_gmt":"2024-06-27T10:50:41","guid":{"rendered":"http:\/\/localhost:10022\/?page_id=18"},"modified":"2025-11-12T17:07:00","modified_gmt":"2025-11-12T17:07:00","slug":"about","status":"publish","type":"page","link":"https:\/\/waboom.net\/fr_fr\/about\/","title":{"rendered":"About"},"content":{"rendered":"<div data-elementor-type=\"wp-page\" data-elementor-id=\"18\" class=\"elementor elementor-18\">\n\t\t\t\t<div class=\"elementor-element elementor-element-0a35e3f e-flex e-con-boxed e-con e-parent\" data-id=\"0a35e3f\" data-element_type=\"container\" data-e-type=\"container\" data-settings=\"{&quot;background_background&quot;:&quot;classic&quot;,&quot;shape_divider_bottom&quot;:&quot;tilt&quot;}\">\n\t\t\t\t\t<div class=\"e-con-inner\">\n\t\t\t\t<div class=\"elementor-shape elementor-shape-bottom\" aria-hidden=\"true\" data-negative=\"false\">\n\t\t\t<svg xmlns=\"http:\/\/www.w3.org\/2000\/svg\" viewbox=\"0 0 1000 100\" preserveaspectratio=\"none\">\n\t<path class=\"elementor-shape-fill\" d=\"M0,6V0h1000v100L0,6z\"\/>\n<\/svg>\t\t<\/div>\n\t\t<div class=\"elementor-element elementor-element-6e92aed e-con-full e-flex e-con e-child\" data-id=\"6e92aed\" data-element_type=\"container\" data-e-type=\"container\">\n\t\t\t\t<div class=\"elementor-element elementor-element-589b8e7 elementor-widget elementor-widget-text-editor\" data-id=\"589b8e7\" data-element_type=\"widget\" data-e-type=\"widget\" data-widget_type=\"text-editor.default\">\n\t\t\t\t\t\t\t\t\t<p data-start=\"266\" data-end=\"335\"><span style=\"font-weight: 400; color: #ffffff;\">Simplifiez la communication. Acc\u00e9l\u00e9rez le cycle de vente.<\/span><\/p>\t\t\t\t\t\t\t\t<\/div>\n\t\t\t\t<div class=\"elementor-element elementor-element-6c1e90b elementor-widget elementor-widget-heading\" data-id=\"6c1e90b\" data-element_type=\"widget\" data-e-type=\"widget\" data-widget_type=\"heading.default\">\n\t\t\t\t\t<h2 class=\"elementor-heading-title elementor-size-default\">\u00c0 propos de WABOOM<\/h2>\t\t\t\t<\/div>\n\t\t\t\t<div class=\"elementor-element elementor-element-c21be9e elementor-widget elementor-widget-text-editor\" data-id=\"c21be9e\" data-element_type=\"widget\" data-e-type=\"widget\" data-widget_type=\"text-editor.default\">\n\t\t\t\t\t\t\t\t\t<p data-start=\"383\" data-end=\"547\"><span style=\"color: #ffffff;\">Nous sommes une petite \u00e9quipe avec de grandes id\u00e9es, et nous aimons \u00e7a. Notre structure l\u00e9g\u00e8re nous permet d&#039;\u00eatre agiles, proches de nos clients et de concevoir des solutions qui ont un r\u00e9el impact.<\/span><\/p><ul data-start=\"549\" data-end=\"809\"><li data-start=\"549\" data-end=\"634\"><p data-start=\"551\" data-end=\"634\"><span style=\"color: #ffffff;\">\u00a0Chaque projet commence par des conversations, pas par des suppositions.<\/span><\/p><\/li><li data-start=\"635\" data-end=\"722\"><p data-start=\"637\" data-end=\"722\"><span style=\"color: #ffffff;\">\u00a0Pas de fioritures inutiles, juste des outils qui r\u00e9solvent de vrais probl\u00e8mes.<\/span><\/p><\/li><li data-start=\"723\" data-end=\"809\"><p data-start=\"725\" data-end=\"809\"><span style=\"color: #ffffff;\">Au sein de notre \u00e9quipe soud\u00e9e, chaque succ\u00e8s est une r\u00e9ussite personnelle.<\/span><\/p><\/li><\/ul><p data-start=\"811\" data-end=\"885\"><span style=\"color: #ffffff;\">Chez Waboom, nous ne cr\u00e9ons pas seulement des logiciels, nous cr\u00e9ons des partenariats.<\/span><\/p>\t\t\t\t\t\t\t\t<\/div>\n\t\t\t\t<\/div>\n\t\t<div class=\"elementor-element elementor-element-0be43aa e-con-full e-flex e-con e-child\" data-id=\"0be43aa\" data-element_type=\"container\" data-e-type=\"container\">\n\t\t\t\t<div class=\"elementor-element elementor-element-4fc6bc8 elementor-hidden-desktop elementor-widget elementor-widget-image\" data-id=\"4fc6bc8\" data-element_type=\"widget\" data-e-type=\"widget\" data-widget_type=\"image.default\">\n\t\t\t\t\t\t\t\t\t\t\t\t\t\t\t<img fetchpriority=\"high\" decoding=\"async\" width=\"992\" height=\"1056\" src=\"https:\/\/waboom.net\/wp-content\/uploads\/2025\/09\/Gemini_Generated_Image_xmfva4xmfva4xmfv.png\" class=\"attachment-2048x2048 size-2048x2048 wp-image-4709\" alt=\"\" srcset=\"https:\/\/waboom.net\/wp-content\/uploads\/2025\/09\/Gemini_Generated_Image_xmfva4xmfva4xmfv.png 992w, https:\/\/waboom.net\/wp-content\/uploads\/2025\/09\/Gemini_Generated_Image_xmfva4xmfva4xmfv-282x300.png 282w, https:\/\/waboom.net\/wp-content\/uploads\/2025\/09\/Gemini_Generated_Image_xmfva4xmfva4xmfv-962x1024.png 962w, https:\/\/waboom.net\/wp-content\/uploads\/2025\/09\/Gemini_Generated_Image_xmfva4xmfva4xmfv-768x818.png 768w\" sizes=\"(max-width: 992px) 100vw, 992px\" title=\"\">\t\t\t\t\t\t\t\t\t\t\t\t\t\t\t<\/div>\n\t\t\t\t<\/div>\n\t\t\t\t\t<\/div>\n\t\t\t\t<\/div>\n\t\t<div class=\"elementor-element elementor-element-426c9e0 e-flex e-con-boxed e-con e-parent\" data-id=\"426c9e0\" data-element_type=\"container\" data-e-type=\"container\">\n\t\t\t\t\t<div class=\"e-con-inner\">\n\t\t<div class=\"elementor-element elementor-element-c877285 e-con-full animated-slow e-flex elementor-invisible e-con e-child\" data-id=\"c877285\" data-element_type=\"container\" data-e-type=\"container\" data-settings=\"{&quot;animation&quot;:&quot;fadeInRight&quot;}\">\n\t\t\t\t<div class=\"elementor-element elementor-element-0402fb1 elementor-widget elementor-widget-text-editor\" data-id=\"0402fb1\" data-element_type=\"widget\" data-e-type=\"widget\" data-widget_type=\"text-editor.default\">\n\t\t\t\t\t\t\t\t\t<h1>Nos valeurs<\/h1>\t\t\t\t\t\t\t\t<\/div>\n\t\t\t\t<div class=\"elementor-element elementor-element-7b13c96 elementor-widget elementor-widget-heading\" data-id=\"7b13c96\" data-element_type=\"widget\" data-e-type=\"widget\" data-widget_type=\"heading.default\">\n\t\t\t\t\t<h2 class=\"elementor-heading-title elementor-size-default\">Notre taille fait notre force. Chaque voix compte et chaque d\u00e9cision a son importance.   <\/h2>\t\t\t\t<\/div>\n\t\t\t\t<\/div>\n\t\t<div class=\"elementor-element elementor-element-eaca005 e-con-full animated-slow e-flex elementor-invisible e-con e-child\" data-id=\"eaca005\" data-element_type=\"container\" data-e-type=\"container\" data-settings=\"{&quot;animation&quot;:&quot;fadeInLeft&quot;}\">\n\t\t\t\t<div class=\"elementor-element elementor-element-d15c530 elementor-widget elementor-widget-text-editor\" data-id=\"d15c530\" data-element_type=\"widget\" data-e-type=\"widget\" data-widget_type=\"text-editor.default\">\n\t\t\t\t\t\t\t\t\t<ul data-start=\"1050\" data-end=\"1509\"><li data-start=\"1050\" data-end=\"1125\"><p data-start=\"1052\" data-end=\"1125\"><strong data-start=\"1052\" data-end=\"1066\">Innovation<\/strong> \u2013 Nous nous \u00e9panouissons gr\u00e2ce aux id\u00e9es novatrices et \u00e0 la r\u00e9solution cr\u00e9ative de probl\u00e8mes.<\/p><\/li><li data-start=\"1126\" data-end=\"1205\"><p data-start=\"1128\" data-end=\"1205\"><strong data-start=\"1128\" data-end=\"1141\">Int\u00e9grit\u00e9<\/strong> \u2013 Nous croyons que la confiance se construit une interaction honn\u00eate \u00e0 la fois.<\/p><\/li><li data-start=\"1206\" data-end=\"1287\"><p data-start=\"1208\" data-end=\"1287\"><strong data-start=\"1208\" data-end=\"1226\">Le client d&#039;abord<\/strong> \u2013 Nous traitons nos clients comme des membres de l&#039;\u00e9quipe, et non comme de simples transactions.<\/p><\/li><li data-start=\"1288\" data-end=\"1363\"><p data-start=\"1290\" data-end=\"1363\"><strong data-start=\"1290\" data-end=\"1307\">Collaboration<\/strong> \u2013 Nous travaillons en \u00e9quipe, apprenant et progressant ensemble.<\/p><\/li><li data-start=\"1364\" data-end=\"1440\"><p data-start=\"1366\" data-end=\"1440\"><strong data-start=\"1366\" data-end=\"1380\">Excellence<\/strong> \u2013 M\u00eame en tant que start-up, nous nous imposons des normes \u00e9lev\u00e9es.<\/p><\/li><li data-start=\"1441\" data-end=\"1509\"><p data-start=\"1443\" data-end=\"1509\"><strong data-start=\"1443\" data-end=\"1461\">tourn\u00e9 vers l&#039;avenir<\/strong> \u2013 Nous construisons aujourd&#039;hui en pensant \u00e0 demain.<\/p><\/li><\/ul>\t\t\t\t\t\t\t\t<\/div>\n\t\t\t\t<\/div>\n\t\t\t\t\t<\/div>\n\t\t\t\t<\/div>\n\t\t<div class=\"elementor-element elementor-element-a3d1d50 e-flex e-con-boxed e-con e-parent\" data-id=\"a3d1d50\" data-element_type=\"container\" data-e-type=\"container\">\n\t\t\t\t\t<div class=\"e-con-inner\">\n\t\t<div class=\"elementor-element elementor-element-6435388 e-con-full e-flex e-con e-child\" data-id=\"6435388\" data-element_type=\"container\" data-e-type=\"container\">\n\t\t<div class=\"elementor-element elementor-element-e43e524 animated-slow e-con-full e-flex elementor-invisible e-con e-child\" data-id=\"e43e524\" data-element_type=\"container\" data-e-type=\"container\" data-settings=\"{&quot;animation&quot;:&quot;fadeIn&quot;}\">\n\t\t\t\t<div class=\"elementor-element elementor-element-ccc942f elementor-widget elementor-widget-heading\" data-id=\"ccc942f\" data-element_type=\"widget\" data-e-type=\"widget\" data-widget_type=\"heading.default\">\n\t\t\t\t\t<div class=\"elementor-heading-title elementor-size-default\">\t\nApprouv\u00e9 par les entreprises\n<\/div>\t\t\t\t<\/div>\n\t\t\t\t<div class=\"elementor-element elementor-element-beadc31 elementor-widget elementor-widget-image-carousel\" data-id=\"beadc31\" data-element_type=\"widget\" data-e-type=\"widget\" data-settings=\"{&quot;slides_to_show&quot;:&quot;5&quot;,&quot;navigation&quot;:&quot;none&quot;,&quot;image_spacing_custom&quot;:{&quot;unit&quot;:&quot;px&quot;,&quot;size&quot;:75,&quot;sizes&quot;:[]},&quot;autoplay&quot;:&quot;yes&quot;,&quot;pause_on_hover&quot;:&quot;yes&quot;,&quot;pause_on_interaction&quot;:&quot;yes&quot;,&quot;autoplay_speed&quot;:5000,&quot;infinite&quot;:&quot;yes&quot;,&quot;speed&quot;:500,&quot;image_spacing_custom_tablet&quot;:{&quot;unit&quot;:&quot;px&quot;,&quot;size&quot;:&quot;&quot;,&quot;sizes&quot;:[]},&quot;image_spacing_custom_mobile&quot;:{&quot;unit&quot;:&quot;px&quot;,&quot;size&quot;:&quot;&quot;,&quot;sizes&quot;:[]}}\" data-widget_type=\"image-carousel.default\">\n\t\t\t\t\t\t\t<div class=\"elementor-image-carousel-wrapper swiper\" role=\"region\" aria-roledescription=\"carousel\" aria-label=\"Carrousel d&#039;images\" dir=\"ltr\">\n\t\t\t<div class=\"elementor-image-carousel swiper-wrapper\" aria-live=\"off\">\n\t\t\t\t\t\t\t\t<div class=\"swiper-slide\" role=\"group\" aria-roledescription=\"slide\" aria-label=\"1 sur 6\"><figure class=\"swiper-slide-inner\"><img decoding=\"async\" class=\"swiper-slide-image\" src=\"https:\/\/waboom.net\/wp-content\/uploads\/2025\/10\/logo-colored.png\" alt=\"logo aux couleurs\" title=\"\"><\/figure><\/div><div class=\"swiper-slide\" role=\"group\" aria-roledescription=\"slide\" aria-label=\"2 sur 6\"><figure class=\"swiper-slide-inner\"><img decoding=\"async\" class=\"swiper-slide-image\" src=\"https:\/\/waboom.net\/wp-content\/uploads\/2025\/10\/AlZumuruda_Logo-e1755865598669.png\" alt=\"Logo AlZumuruda - e1755865598669\" title=\"\"><\/figure><\/div><div class=\"swiper-slide\" role=\"group\" aria-roledescription=\"slide\" aria-label=\"3 sur 6\"><figure class=\"swiper-slide-inner\"><img decoding=\"async\" class=\"swiper-slide-image\" src=\"https:\/\/waboom.net\/wp-content\/uploads\/2025\/10\/KJ1mZX10VAoPDgX7fHUvtzfqhKPXi1lL7cKlL4xl.png\" alt=\"KJ1mZX10VAoPDgX7fHUvtzfqhKPXi1lL7cKlL4xl\" title=\"\"><\/figure><\/div><div class=\"swiper-slide\" role=\"group\" aria-roledescription=\"slide\" aria-label=\"4 sur 6\"><figure class=\"swiper-slide-inner\"><img decoding=\"async\" class=\"swiper-slide-image\" src=\"https:\/\/waboom.net\/wp-content\/uploads\/2025\/10\/images-e1755865264479.png\" alt=\"images-e1755865264479\" title=\"\"><\/figure><\/div><div class=\"swiper-slide\" role=\"group\" aria-roledescription=\"slide\" aria-label=\"5 sur 6\"><figure class=\"swiper-slide-inner\"><img decoding=\"async\" class=\"swiper-slide-image\" src=\"https:\/\/waboom.net\/wp-content\/uploads\/2025\/10\/faces-canada.jpg\" alt=\"visages du Canada\" title=\"\"><\/figure><\/div><div class=\"swiper-slide\" role=\"group\" aria-roledescription=\"slide\" aria-label=\"6 sur 6\"><figure class=\"swiper-slide-inner\"><img decoding=\"async\" class=\"swiper-slide-image\" src=\"https:\/\/waboom.net\/wp-content\/uploads\/2025\/10\/logo.png\" alt=\"logo\" title=\"\"><\/figure><\/div>\t\t\t<\/div>\n\t\t\t\t\t\t\t\n\t\t\t\t\t\t\t\t\t<\/div>\n\t\t\t\t\t\t<\/div>\n\t\t\t\t<\/div>\n\t\t\t\t<\/div>\n\t\t\t\t\t<\/div>\n\t\t\t\t<\/div>\n\t\t<div class=\"elementor-element elementor-element-f263ff9 e-flex e-con-boxed e-con e-parent\" data-id=\"f263ff9\" data-element_type=\"container\" data-e-type=\"container\">\n\t\t\t\t\t<div class=\"e-con-inner\">\n\t\t<div class=\"elementor-element elementor-element-3376a7d e-con-full animated-slow e-flex elementor-invisible e-con e-child\" data-id=\"3376a7d\" data-element_type=\"container\" data-e-type=\"container\" data-settings=\"{&quot;animation&quot;:&quot;fadeInRight&quot;}\">\n\t\t\t\t<div class=\"elementor-element elementor-element-06250af elementor-widget elementor-widget-image\" data-id=\"06250af\" data-element_type=\"widget\" data-e-type=\"widget\" data-widget_type=\"image.default\">\n\t\t\t\t\t\t\t\t\t\t\t\t\t\t\t<img decoding=\"async\" width=\"1025\" height=\"925\" src=\"https:\/\/waboom.net\/wp-content\/uploads\/2024\/07\/img-04.svg\" class=\"attachment-full size-full wp-image-641\" alt=\"\" title=\"\">\t\t\t\t\t\t\t\t\t\t\t\t\t\t\t<\/div>\n\t\t\t\t<\/div>\n\t\t<div class=\"elementor-element elementor-element-62d75ce e-con-full animated-slow e-flex elementor-invisible e-con e-child\" data-id=\"62d75ce\" data-element_type=\"container\" data-e-type=\"container\" data-settings=\"{&quot;animation&quot;:&quot;fadeInLeft&quot;}\">\n\t\t\t\t<div class=\"elementor-element elementor-element-914f407 elementor-widget elementor-widget-heading\" data-id=\"914f407\" data-element_type=\"widget\" data-e-type=\"widget\" data-widget_type=\"heading.default\">\n\t\t\t\t\t<h2 class=\"elementor-heading-title elementor-size-default\">Notre impact<\/h2>\t\t\t\t<\/div>\n\t\t\t\t<div class=\"elementor-element elementor-element-4eda682 elementor-widget elementor-widget-text-editor\" data-id=\"4eda682\" data-element_type=\"widget\" data-e-type=\"widget\" data-widget_type=\"text-editor.default\">\n\t\t\t\t\t\t\t\t\t<p data-start=\"1535\" data-end=\"1590\">Nous sommes peut-\u00eatre une petite taille, mais notre travail fait la diff\u00e9rence.<\/p><ul data-start=\"1592\" data-end=\"1856\"><li data-start=\"1592\" data-end=\"1658\"><p data-start=\"1594\" data-end=\"1658\">\ud83d\ude80 Aider <strong data-start=\"1605\" data-end=\"1631\">des centaines d&#039;entreprises<\/strong> rationaliser la communication<\/p><\/li><li data-start=\"1659\" data-end=\"1722\"><p data-start=\"1661\" data-end=\"1722\">\ud83d\udcac Alimenter <strong data-start=\"1673\" data-end=\"1710\">des millions d&#039;interactions clients<\/strong> avec facilit\u00e9<\/p><\/li><li data-start=\"1723\" data-end=\"1787\"><p data-start=\"1725\" data-end=\"1787\">\ud83c\udf31 Assurer la durabilit\u00e9 gr\u00e2ce \u00e0 des pratiques all\u00e9g\u00e9es et efficaces<\/p><\/li><li data-start=\"1788\" data-end=\"1856\"><p data-start=\"1790\" data-end=\"1856\">\ud83c\udf10 Une croissance mondiale tout en restant ancr\u00e9e dans des relations solides<\/p><\/li><\/ul><p data-start=\"1858\" data-end=\"1949\">Pour nous, l&#039;impact ne se mesure pas \u00e0 la taille, mais \u00e0 la valeur que nous cr\u00e9ons pour chaque client.<\/p>\t\t\t\t\t\t\t\t<\/div>\n\t\t\t\t<\/div>\n\t\t\t\t\t<\/div>\n\t\t\t\t<\/div>\n\t\t<div class=\"elementor-element elementor-element-81182fe animated-slow e-flex e-con-boxed elementor-invisible e-con e-parent\" data-id=\"81182fe\" data-element_type=\"container\" data-e-type=\"container\" data-settings=\"{&quot;animation&quot;:&quot;fadeInUp&quot;}\">\n\t\t\t\t\t<div class=\"e-con-inner\">\n\t\t\t\t<div class=\"elementor-element elementor-element-6ef2281 elementor-widget elementor-widget-heading\" data-id=\"6ef2281\" data-element_type=\"widget\" data-e-type=\"widget\" data-widget_type=\"heading.default\">\n\t\t\t\t\t<h1 class=\"elementor-heading-title elementor-size-default\">Notre \u00e9quipe<\/h1>\t\t\t\t<\/div>\n\t\t\t\t\t<\/div>\n\t\t\t\t<\/div>\n\t\t<div class=\"elementor-element elementor-element-8ffc829 rt-team-member e-flex e-con-boxed e-con e-parent\" data-id=\"8ffc829\" data-element_type=\"container\" data-e-type=\"container\">\n\t\t\t\t\t<div class=\"e-con-inner\">\n\t\t<div class=\"elementor-element elementor-element-1b09ad1 e-con-full animated-slow e-flex elementor-invisible e-con e-child\" data-id=\"1b09ad1\" data-element_type=\"container\" data-e-type=\"container\" data-settings=\"{&quot;animation&quot;:&quot;fadeInUp&quot;}\">\n\t\t<div class=\"elementor-element elementor-element-a7689ef e-con-full team-item e-flex e-con e-child\" data-id=\"a7689ef\" data-element_type=\"container\" data-e-type=\"container\">\n\t\t\t\t<div class=\"elementor-element elementor-element-43565f5 elementor-widget elementor-widget-heading\" data-id=\"43565f5\" data-element_type=\"widget\" data-e-type=\"widget\" data-widget_type=\"heading.default\">\n\t\t\t\t\t<h3 class=\"elementor-heading-title elementor-size-default\">Othman Safdar<\/h3>\t\t\t\t<\/div>\n\t\t\t\t<div class=\"elementor-element elementor-element-89f070e elementor-widget elementor-widget-text-editor\" data-id=\"89f070e\" data-element_type=\"widget\" data-e-type=\"widget\" data-widget_type=\"text-editor.default\">\n\t\t\t\t\t\t\t\t\tFondateur et PDG\t\t\t\t\t\t\t\t<\/div>\n\t\t\t\t<\/div>\n\t\t<div class=\"elementor-element elementor-element-a17a448 e-con-full team-item e-flex e-con e-child\" data-id=\"a17a448\" data-element_type=\"container\" data-e-type=\"container\">\n\t\t\t\t<div class=\"elementor-element elementor-element-a7e16c3 elementor-widget elementor-widget-heading\" data-id=\"a7e16c3\" data-element_type=\"widget\" data-e-type=\"widget\" data-widget_type=\"heading.default\">\n\t\t\t\t\t<h3 class=\"elementor-heading-title elementor-size-default\">Jaime Fletcher<\/h3>\t\t\t\t<\/div>\n\t\t\t\t<div class=\"elementor-element elementor-element-bac4f00 elementor-widget elementor-widget-text-editor\" data-id=\"bac4f00\" data-element_type=\"widget\" data-e-type=\"widget\" data-widget_type=\"text-editor.default\">\n\t\t\t\t\t\t\t\t\tD\u00e9veloppeur logiciel senior\t\t\t\t\t\t\t\t<\/div>\n\t\t\t\t<\/div>\n\t\t<div class=\"elementor-element elementor-element-f2a915f e-con-full team-item e-flex e-con e-child\" data-id=\"f2a915f\" data-element_type=\"container\" data-e-type=\"container\">\n\t\t\t\t<div class=\"elementor-element elementor-element-145f1cd elementor-widget elementor-widget-heading\" data-id=\"145f1cd\" data-element_type=\"widget\" data-e-type=\"widget\" data-widget_type=\"heading.default\">\n\t\t\t\t\t<h3 class=\"elementor-heading-title elementor-size-default\">Les Bakker<\/h3>\t\t\t\t<\/div>\n\t\t\t\t<div class=\"elementor-element elementor-element-c24140b elementor-widget elementor-widget-text-editor\" data-id=\"c24140b\" data-element_type=\"widget\" data-e-type=\"widget\" data-widget_type=\"text-editor.default\">\n\t\t\t\t\t\t\t\t\tIng\u00e9nieur logiciel\t\t\t\t\t\t\t\t<\/div>\n\t\t\t\t<\/div>\n\t\t<div class=\"elementor-element elementor-element-c6a47d6 e-con-full team-item e-flex e-con e-child\" data-id=\"c6a47d6\" data-element_type=\"container\" data-e-type=\"container\">\n\t\t\t\t<div class=\"elementor-element elementor-element-2800f62 elementor-widget elementor-widget-heading\" data-id=\"2800f62\" data-element_type=\"widget\" data-e-type=\"widget\" data-widget_type=\"heading.default\">\n\t\t\t\t\t<h3 class=\"elementor-heading-title elementor-size-default\">Alyssa Garrison<\/h3>\t\t\t\t<\/div>\n\t\t\t\t<div class=\"elementor-element elementor-element-c3f9ae2 elementor-widget elementor-widget-text-editor\" data-id=\"c3f9ae2\" data-element_type=\"widget\" data-e-type=\"widget\" data-widget_type=\"text-editor.default\">\n\t\t\t\t\t\t\t\t\t<p>D\u00e9veloppement web<\/p>\t\t\t\t\t\t\t\t<\/div>\n\t\t\t\t<\/div>\n\t\t\t\t<\/div>\n\t\t<div class=\"elementor-element elementor-element-66db302 e-con-full animated-slow e-flex elementor-invisible e-con e-child\" data-id=\"66db302\" data-element_type=\"container\" data-e-type=\"container\" data-settings=\"{&quot;animation&quot;:&quot;fadeInUp&quot;}\">\n\t\t<div class=\"elementor-element elementor-element-eab0b88 e-con-full team-item e-flex e-con e-child\" data-id=\"eab0b88\" data-element_type=\"container\" data-e-type=\"container\">\n\t\t\t\t<div class=\"elementor-element elementor-element-3d93564 elementor-widget elementor-widget-heading\" data-id=\"3d93564\" data-element_type=\"widget\" data-e-type=\"widget\" data-widget_type=\"heading.default\">\n\t\t\t\t\t<h3 class=\"elementor-heading-title elementor-size-default\">Charlotte Johnson<\/h3>\t\t\t\t<\/div>\n\t\t\t\t<div class=\"elementor-element elementor-element-5aa8132 elementor-widget elementor-widget-text-editor\" data-id=\"5aa8132\" data-element_type=\"widget\" data-e-type=\"widget\" data-widget_type=\"text-editor.default\">\n\t\t\t\t\t\t\t\t\tGestionnaire de contenu\t\t\t\t\t\t\t\t<\/div>\n\t\t\t\t<\/div>\n\t\t<div class=\"elementor-element elementor-element-40854e4 e-con-full team-item e-flex e-con e-child\" data-id=\"40854e4\" data-element_type=\"container\" data-e-type=\"container\">\n\t\t\t\t<div class=\"elementor-element elementor-element-17b58b2 elementor-widget elementor-widget-heading\" data-id=\"17b58b2\" data-element_type=\"widget\" data-e-type=\"widget\" data-widget_type=\"heading.default\">\n\t\t\t\t\t<h3 class=\"elementor-heading-title elementor-size-default\">Olivia Steiner<\/h3>\t\t\t\t<\/div>\n\t\t\t\t<div class=\"elementor-element elementor-element-fc87f05 elementor-widget elementor-widget-text-editor\" data-id=\"fc87f05\" data-element_type=\"widget\" data-e-type=\"widget\" data-widget_type=\"text-editor.default\">\n\t\t\t\t\t\t\t\t\tGestionnaire de clients\t\t\t\t\t\t\t\t<\/div>\n\t\t\t\t<\/div>\n\t\t<div class=\"elementor-element elementor-element-9f2192e e-con-full team-item e-flex e-con e-child\" data-id=\"9f2192e\" data-element_type=\"container\" data-e-type=\"container\">\n\t\t\t\t<div class=\"elementor-element elementor-element-ef0bc4b elementor-widget elementor-widget-heading\" data-id=\"ef0bc4b\" data-element_type=\"widget\" data-e-type=\"widget\" data-widget_type=\"heading.default\">\n\t\t\t\t\t<h3 class=\"elementor-heading-title elementor-size-default\">Charles Fairless<\/h3>\t\t\t\t<\/div>\n\t\t\t\t<div class=\"elementor-element elementor-element-f0c6266 elementor-widget elementor-widget-text-editor\" data-id=\"f0c6266\" data-element_type=\"widget\" data-e-type=\"widget\" data-widget_type=\"text-editor.default\">\n\t\t\t\t\t\t\t\t\tGestionnaire de clients\t\t\t\t\t\t\t\t<\/div>\n\t\t\t\t<\/div>\n\t\t<div class=\"elementor-element elementor-element-0d9ba42 e-con-full team-item e-flex e-con e-child\" data-id=\"0d9ba42\" data-element_type=\"container\" data-e-type=\"container\">\n\t\t\t\t<div class=\"elementor-element elementor-element-39a1568 elementor-widget elementor-widget-heading\" data-id=\"39a1568\" data-element_type=\"widget\" data-e-type=\"widget\" data-widget_type=\"heading.default\">\n\t\t\t\t\t<h3 class=\"elementor-heading-title elementor-size-default\">Nancy Taylor<\/h3>\t\t\t\t<\/div>\n\t\t\t\t<div class=\"elementor-element elementor-element-ed1a954 elementor-widget elementor-widget-text-editor\" data-id=\"ed1a954\" data-element_type=\"widget\" data-e-type=\"widget\" data-widget_type=\"text-editor.default\">\n\t\t\t\t\t\t\t\t\tResponsable marketing\t\t\t\t\t\t\t\t<\/div>\n\t\t\t\t<\/div>\n\t\t\t\t<\/div>\n\t\t<div class=\"elementor-element elementor-element-bd57f61 e-con-full animated-slow e-flex elementor-invisible e-con e-child\" data-id=\"bd57f61\" data-element_type=\"container\" data-e-type=\"container\" data-settings=\"{&quot;animation&quot;:&quot;fadeInUp&quot;}\">\n\t\t<div class=\"elementor-element elementor-element-acde582 e-con-full e-flex e-con e-child\" data-id=\"acde582\" data-element_type=\"container\" data-e-type=\"container\">\n\t\t\t\t<\/div>\n\t\t\t\t<\/div>\n\t\t\t\t\t<\/div>\n\t\t\t\t<\/div>\n\t\t\t\t<\/div>","protected":false},"excerpt":{"rendered":"<p>Simplify communication. Accelerate deal cycles About WABOOM We\u2019re a small team with big ideas\u2014and we like it that way. Being lean means we can move fast, stay close to our customers, and build solutions that really matter. \u00a0Every project starts with conversations, not assumptions. \u00a0No unnecessary fluff\u2014just tools that solve real problems. As a tight-knit&#8230;<\/p>","protected":false},"author":1,"featured_media":0,"parent":0,"menu_order":0,"comment_status":"closed","ping_status":"closed","template":"elementor_header_footer","meta":{"_bbp_topic_count":0,"_bbp_reply_count":0,"_bbp_total_topic_count":0,"_bbp_total_reply_count":0,"_bbp_voice_count":0,"_bbp_anonymous_reply_count":0,"_bbp_topic_count_hidden":0,"_bbp_reply_count_hidden":0,"_bbp_forum_subforum_count":0,"_monsterinsights_skip_tracking":false,"_monsterinsights_sitenote_active":false,"_monsterinsights_sitenote_note":"","_monsterinsights_sitenote_category":0,"footnotes":""},"class_list":["post-18","page","type-page","status-publish","hentry"],"_links":{"self":[{"href":"https:\/\/waboom.net\/fr_fr\/wp-json\/wp\/v2\/pages\/18","targetHints":{"allow":["GET"]}}],"collection":[{"href":"https:\/\/waboom.net\/fr_fr\/wp-json\/wp\/v2\/pages"}],"about":[{"href":"https:\/\/waboom.net\/fr_fr\/wp-json\/wp\/v2\/types\/page"}],"author":[{"embeddable":true,"href":"https:\/\/waboom.net\/fr_fr\/wp-json\/wp\/v2\/users\/1"}],"replies":[{"embeddable":true,"href":"https:\/\/waboom.net\/fr_fr\/wp-json\/wp\/v2\/comments?post=18"}],"version-history":[{"count":0,"href":"https:\/\/waboom.net\/fr_fr\/wp-json\/wp\/v2\/pages\/18\/revisions"}],"wp:attachment":[{"href":"https:\/\/waboom.net\/fr_fr\/wp-json\/wp\/v2\/media?parent=18"}],"curies":[{"name":"wp","href":"https:\/\/api.w.org\/{rel}","templated":true}]}}