{"id":6335,"date":"2025-11-16T21:11:26","date_gmt":"2025-11-16T21:11:26","guid":{"rendered":"https:\/\/waboom.net\/?page_id=6335"},"modified":"2025-11-19T13:18:31","modified_gmt":"2025-11-19T13:18:31","slug":"waboom-vs-aisensy","status":"publish","type":"page","link":"https:\/\/waboom.net\/fr_fr\/waboom-vs-aisensy\/","title":{"rendered":"WABOOM contre AiSensy"},"content":{"rendered":"<p>Ne vous contentez plus d&#039;une automatisation basique et d&#039;un support peu fiable. D\u00e9couvrez notre comparatif complet et comprenez pourquoi WABOOM vous offre une strat\u00e9gie de conversion performante, une tarification transparente et un support in\u00e9gal\u00e9 qui \u00e9volue avec votre entreprise.<\/p>\n\n\n\n<h2 class=\"wp-block-heading\"><strong>Comparaison d\u00e9taill\u00e9e des fonctionnalit\u00e9s : WABOOM vs. AiSensy<\/strong><\/h2>\n\n\n\n<figure class=\"wp-block-table\"><table class=\"has-fixed-layout\"><thead><tr><th>Fonctionnalit\u00e9<\/th><th><strong>WABOOM (Partenaire de croissance \u00e0 service complet)<\/strong><\/th><th><strong>AiSensy (Plateforme libre-service)<\/strong><\/th><\/tr><\/thead><tbody><tr><td><strong>Balisage de m\u00e9ta-conversation<\/strong><\/td><td><strong>Marge 0% (Co\u00fbt r\u00e9el r\u00e9percut\u00e9)<\/strong><\/td><td>Comprend souvent des majorations cach\u00e9es dans la facturation<\/td><\/tr><tr><td><strong>Transparence des prix<\/strong><\/td><td>Frais de plateforme fixes et simples + <strong>co\u00fbt r\u00e9el de Meta<\/strong><\/td><td>Tarification par paliers\/complexe ; acc\u00e8s limit\u00e9 aux fonctionnalit\u00e9s (courant)<\/td><\/tr><tr><td><strong>Connexions des agents<\/strong><\/td><td><strong>Connexions agent illimit\u00e9es (tous forfaits)<\/strong><\/td><td>Illimit\u00e9 (Standard)<\/td><\/tr><tr><td><strong>Strat\u00e9gie et ex\u00e9cution publicitaires<\/strong><\/td><td><strong>Gestion publicitaire compl\u00e8te et d\u00e9di\u00e9e disponible<\/strong><\/td><td>Libre-service uniquement\u00a0; n\u00e9cessite une expertise de l\u2019utilisateur<\/td><\/tr><tr><td><strong>Publicit\u00e9s \u00ab\u00a0Cliquer pour envoyer vers WhatsApp\u00a0\u00bb<\/strong><\/td><td><strong>Segmentation avanc\u00e9e + int\u00e9gration native CAPI<\/strong><\/td><td>Oui, mais il manque des outils d&#039;automatisation et d&#039;attribution plus pouss\u00e9s.<\/td><\/tr><tr><td><strong>Cr\u00e9ateur de chatbots<\/strong><\/td><td><strong>Constructeur glisser-d\u00e9poser enti\u00e8rement d\u00e9verrouill\u00e9 (Tous niveaux)<\/strong><\/td><td>L&#039;IA\/GPT et les flux avanc\u00e9s sont souvent r\u00e9serv\u00e9s aux abonn\u00e9s premium.<\/td><\/tr><tr><td><strong>Acc\u00e8s API\/Webhook<\/strong><\/td><td><strong>Illimit\u00e9, gratuit, sans restriction (Tous niveaux)<\/strong><\/td><td>Les formules de d\u00e9marrage sont limit\u00e9es ou restreintes.<\/td><\/tr><tr><td><strong>Mod\u00e8le de soutien<\/strong><\/td><td><strong>Gestionnaire de compte d\u00e9di\u00e9 + Assistance par t\u00e9l\u00e9phone, Zoom et chat<\/strong><\/td><td>Courriel\/messagerie instantan\u00e9e standard\u00a0; le traitement des demandes est plus lent.<\/td><\/tr><tr><td><strong>Paiements WhatsApp<\/strong><\/td><td><strong>Activation en un clic avec paiement int\u00e9gr\u00e9 au chat<\/strong><\/td><td>Disponible, mais sa mise en \u0153uvre peut \u00eatre maladroite.<\/td><\/tr><tr><td><strong>Vitesse de diffusion<\/strong><\/td><td><strong>Optimis\u00e9 pour la livraison aux entreprises \u00e0 volume \u00e9lev\u00e9<\/strong><\/td><td>Les performances varient en fonction du forfait et de la file d&#039;attente Meta<\/td><\/tr><\/tbody><\/table><\/figure>\n\n\n\n<h2 class=\"wp-block-heading\"><strong>Analyse d\u00e9taill\u00e9e\u00a0: Pourquoi WABOOM est la mise \u00e0 niveau ultime<\/strong><\/h2>\n\n\n\n<h3 class=\"wp-block-heading\"><strong>I. Le v\u00e9ritable co\u00fbt de la mise \u00e0 l&#039;\u00e9chelle\u00a0: marges et frais cach\u00e9s<\/strong><\/h3>\n\n\n\n<p>AiSensy semble souvent abordable au premier abord, mais c&#039;est au niveau du co\u00fbt r\u00e9el de la conversation que les diff\u00e9rences majeures apparaissent.<\/p>\n\n\n\n<h4 class=\"wp-block-heading\"><strong>Avantage WABOOM<\/strong><\/h4>\n\n\n\n<ul class=\"wp-block-list\">\n<li><strong>Garantie de majoration 0%\u00a0:<\/strong> Nous passons <strong>Frais de m\u00e9ta-conversation<\/strong> Vous payez au prix co\u00fbtant. Sans majoration ni surprise. Votre retour sur investissement augmente avec votre volume d&#039;activit\u00e9.<\/li>\n\n\n\n<li><strong>Toutes les fonctionnalit\u00e9s principales sont d\u00e9bloqu\u00e9es\u00a0:<\/strong> Cr\u00e9ateur de chatbots complet, API illimit\u00e9es et postes d&#039;agents illimit\u00e9s dans tous les forfaits sauf les forfaits d&#039;introduction\u00a0; aucune \u201c\u00a0taxe sur les fonctionnalit\u00e9s\u00a0\u201d sur la croissance.<\/li>\n<\/ul>\n\n\n\n<h4 class=\"wp-block-heading\"><strong>Faiblesse AiSensy<\/strong><\/h4>\n\n\n\n<ul class=\"wp-block-list\">\n<li>Les majorations subtiles sur les frais Meta sont courantes. Une majoration de 5% sur 100\u00a0000 messages mensuels peut rapidement rendre les forfaits \u201c\u00a0moins chers\u00a0\u201d plus co\u00fbteux en r\u00e9alit\u00e9, ce qui nuit \u00e0 la pr\u00e9visibilit\u00e9 et \u00e0 la rentabilit\u00e9.<\/li>\n<\/ul>\n\n\n\n<h3 class=\"wp-block-heading\"><strong>II. Partenariat vs. Plateforme : Strat\u00e9gie et ex\u00e9cution publicitaires<\/strong><\/h3>\n\n\n\n<p>AiSensy est un outil. WABOOM est un partenaire de croissance.<\/p>\n\n\n\n<h4 class=\"wp-block-heading\"><strong>Avantage WABOOM<\/strong><\/h4>\n\n\n\n<ul class=\"wp-block-list\">\n<li><strong>Gestion compl\u00e8te des publicit\u00e9s\u00a0:<\/strong> Nous concevons, g\u00e9rons et optimisons votre <strong>Campagnes Click-to-WhatsApp<\/strong> AiSensy ne propose pas cette fonctionnalit\u00e9. Cela garantit un retour sur investissement maximal et \u00e9limine les incertitudes.<\/li>\n\n\n\n<li><strong>Int\u00e9grations publicitaires plus pouss\u00e9es\u00a0:<\/strong> Notre technologie avanc\u00e9e <strong>CAPI<\/strong> et les flux de segmentation garantissent une attribution pr\u00e9cise et un acheminement instantan\u00e9 vers l&#039;agent ou le flux de travail appropri\u00e9.<\/li>\n<\/ul>\n\n\n\n<h4 class=\"wp-block-heading\"><strong>Faiblesse AiSensy<\/strong><\/h4>\n\n\n\n<ul class=\"wp-block-list\">\n<li>Bien que la fonction \u00ab\u00a0Cliquer pour envoyer sur WhatsApp\u00a0\u00bb soit disponible, l\u2019optimisation strat\u00e9gique est laiss\u00e9e \u00e0 l\u2019utilisateur, ce qui entra\u00eene souvent des taux de conversion plus faibles et un gaspillage des d\u00e9penses publicitaires.<\/li>\n<\/ul>\n\n\n\n<h3 class=\"wp-block-heading\"><strong>III. Assistance, fiabilit\u00e9 et rapidit\u00e9 de r\u00e9solution<\/strong><\/h3>\n\n\n\n<p>Lorsque votre messagerie est hors service, votre activit\u00e9 s&#039;arr\u00eate. Vous avez besoin d&#039;une assistance qui ne vous fasse pas attendre.<\/p>\n\n\n\n<h4 class=\"wp-block-heading\"><strong>Avantage WABOOM<\/strong><\/h4>\n\n\n\n<ul class=\"wp-block-list\">\n<li><strong>Assistance proactive et multicanale\u00a0:<\/strong> T\u00e9l\u00e9phone, Zoom, chat et courriel dirig\u00e9s par un <strong>Gestionnaire de compte d\u00e9di\u00e9<\/strong> pour la plupart des forfaits de milieu de gamme.<\/li>\n\n\n\n<li><strong>Stabilit\u00e9 de niveau entreprise\u00a0:<\/strong> Optimis\u00e9 pour la diffusion \u00e0 haut volume, garantissant que les messages transactionnels critiques parviennent aux clients sans d\u00e9lai.<\/li>\n<\/ul>\n\n\n\n<h4 class=\"wp-block-heading\"><strong>Faiblesse AiSensy<\/strong><\/h4>\n\n\n\n<ul class=\"wp-block-list\">\n<li>L&#039;assistance est fonctionnelle mais souvent lente pour les probl\u00e8mes techniques ou urgents, reposant principalement sur le courrier \u00e9lectronique, ce qui s&#039;av\u00e8re co\u00fbteux en p\u00e9riode de forte demande.<\/li>\n<\/ul>\n\n\n\n<h3 class=\"wp-block-heading\"><strong>IV. Automatisation sans restriction\u00a0: chatbots et paiements<\/strong><\/h3>\n\n\n\n<p>Les automatisations modernes de WhatsApp ne devraient pas n\u00e9cessiter d&#039;abonnement premium.<\/p>\n\n\n\n<h4 class=\"wp-block-heading\"><strong>Avantage WABOOM<\/strong><\/h4>\n\n\n\n<ul class=\"wp-block-list\">\n<li><strong>Le finalisateur de paiement\u00a0:<\/strong> Nos processus de paiement et de commande via WhatsApp cr\u00e9ent une exp\u00e9rience fluide de la conversation \u00e0 la validation de la commande, r\u00e9duisant consid\u00e9rablement les abandons de panier.<\/li>\n\n\n\n<li><strong>Sans code, pleine puissance :<\/strong> Notre chatbot glisser-d\u00e9poser offre tous les blocs logiques, conditions, appels API et automatisations, sans aucune mise \u00e0 niveau requise.<\/li>\n<\/ul>\n\n\n\n<h2 class=\"wp-block-heading\"><strong>D\u00e9veloppez-vous en toute confiance, sans co\u00fbts cach\u00e9s.<\/strong><\/h2>\n\n\n\n<p>Si vous n&#039;avez besoin que d&#039;une automatisation de base en libre-service, AiSensy peut r\u00e9pondre \u00e0 vos besoins.<\/p>\n\n\n\n<p>Mais si vous \u00eates s\u00e9rieux \u00e0 propos de <strong>augmenter les revenus, \u00e9liminer les marges et tirer parti du soutien strat\u00e9gique d&#039;experts<\/strong> pour maximiser le retour sur investissement publicitaire et les performances d&#039;automatisation, <strong>WABOOM est le grand vainqueur<\/strong>.<\/p>\n\n\n\n<p><strong>Pr\u00eat \u00e0 en finir avec les frais cach\u00e9s et \u00e0 commencer \u00e0 \u00e9voluer intelligemment ?<\/strong><\/p>\n\n\n\n<h3 class=\"wp-block-heading\"><strong>Cr\u00e9ez votre compte WABOOM GRATUIT<\/strong><\/h3>\n\n\n\n<p><em>Acc\u00e8s complet au g\u00e9n\u00e9rateur de chatbots et connexions d&#039;agents illimit\u00e9es.<\/em><\/p>","protected":false},"excerpt":{"rendered":"<p>Ne vous contentez plus d&#039;une automatisation basique et d&#039;un support peu fiable. Plongez dans cette comparaison exhaustive et d\u00e9couvrez pourquoi WABOOM offre une strat\u00e9gie de conversion sup\u00e9rieure, une tarification transparente et un support in\u00e9gal\u00e9 qui \u00e9volue avec votre entreprise. Comparaison d\u00e9taill\u00e9e des fonctionnalit\u00e9s\u00a0: WABOOM vs. AiSensy Fonctionnalit\u00e9 WABOOM (Partenaire de croissance \u00e0 service complet) AiSensy (Plateforme en libre-service) M\u00e9ta-conversation Marge 0% (Co\u00fbt r\u00e9el refactur\u00e9) Inclut souvent une marge cach\u00e9e\u2026<\/p>","protected":false},"author":1,"featured_media":0,"parent":0,"menu_order":0,"comment_status":"closed","ping_status":"closed","template":"","meta":{"_bbp_topic_count":0,"_bbp_reply_count":0,"_bbp_total_topic_count":0,"_bbp_total_reply_count":0,"_bbp_voice_count":0,"_bbp_anonymous_reply_count":0,"_bbp_topic_count_hidden":0,"_bbp_reply_count_hidden":0,"_bbp_forum_subforum_count":0,"_monsterinsights_skip_tracking":false,"_monsterinsights_sitenote_active":false,"_monsterinsights_sitenote_note":"","_monsterinsights_sitenote_category":0,"footnotes":""},"class_list":["post-6335","page","type-page","status-publish","hentry"],"_links":{"self":[{"href":"https:\/\/waboom.net\/fr_fr\/wp-json\/wp\/v2\/pages\/6335","targetHints":{"allow":["GET"]}}],"collection":[{"href":"https:\/\/waboom.net\/fr_fr\/wp-json\/wp\/v2\/pages"}],"about":[{"href":"https:\/\/waboom.net\/fr_fr\/wp-json\/wp\/v2\/types\/page"}],"author":[{"embeddable":true,"href":"https:\/\/waboom.net\/fr_fr\/wp-json\/wp\/v2\/users\/1"}],"replies":[{"embeddable":true,"href":"https:\/\/waboom.net\/fr_fr\/wp-json\/wp\/v2\/comments?post=6335"}],"version-history":[{"count":0,"href":"https:\/\/waboom.net\/fr_fr\/wp-json\/wp\/v2\/pages\/6335\/revisions"}],"wp:attachment":[{"href":"https:\/\/waboom.net\/fr_fr\/wp-json\/wp\/v2\/media?parent=6335"}],"curies":[{"name":"wp","href":"https:\/\/api.w.org\/{rel}","templated":true}]}}