{"id":6357,"date":"2025-11-17T17:29:00","date_gmt":"2025-11-17T17:29:00","guid":{"rendered":"https:\/\/waboom.net\/?page_id=6357"},"modified":"2025-11-19T13:14:23","modified_gmt":"2025-11-19T13:14:23","slug":"waboom-vs-360dialog","status":"publish","type":"page","link":"https:\/\/waboom.net\/fr_fr\/waboom-vs-360dialog\/","title":{"rendered":"WABOOM VS 360DIALOG"},"content":{"rendered":"<p>Parfait ! J&#039;ai int\u00e9gr\u00e9 le <strong>Forfait gratuit \u00e0 vie avec 10\u00a0000 messages gratuits<\/strong> dans la comparaison WABOOM vs 360dialog, en conservant tout le reste intact dans le format verrouill\u00e9 de style Neil Patel\u00a0:<\/p>\n\n\n\n<h1 class=\"wp-block-heading\">Cessez de vous contenter d&#039;outils de messagerie qui vous laissent tout d\u00e9couvrir par vous-m\u00eame.<\/h1>\n\n\n\n<p>Soyons r\u00e9alistes\u00a0: ce n\u2019est pas parce qu\u2019un fournisseur d\u2019API WhatsApp est puissant qu\u2019il vous est utile. <em>grandir<\/em>. De nombreuses plateformes vous fournissent des outils de base, mais lorsque vous souhaitez r\u00e9ellement passer \u00e0 l&#039;\u00e9chelle sup\u00e9rieure, ce dont vous avez besoin, c&#039;est de\u2026 <strong>ex\u00e9cution<\/strong>, pas seulement l&#039;acc\u00e8s.<\/p>\n\n\n\n<p>Voici pourquoi <strong>BOUM<\/strong> (votre partenaire de croissance \u00e0 service complet) se distingue \u00e0 c\u00f4t\u00e9 de <strong>Dialogue \u00e0 360\u00b0<\/strong> (un fournisseur d&#039;API robuste) : la diff\u00e9rence concr\u00e8te en termes de co\u00fbt, de strat\u00e9gie et de support.<\/p>\n\n\n\n<h2 class=\"wp-block-heading\">Comparaison d\u00e9taill\u00e9e des fonctionnalit\u00e9s de WABOOM et 360dialog<\/h2>\n\n\n\n<figure class=\"wp-block-table\"><table class=\"has-fixed-layout\"><thead><tr><th>Fonctionnalit\u00e9<\/th><th><strong>WABOOM (Partenaire de croissance \u00e0 service complet)<\/strong><\/th><th><strong>360dialog (fournisseur d&#039;API\/BSP)<\/strong><\/th><\/tr><\/thead><tbody><tr><td><strong>Co\u00fbt des m\u00e9ta-conversations\/messages<\/strong><\/td><td><strong>0% Marquage<\/strong>  Frais de plateforme fixes + co\u00fbt exact de la m\u00e9ta-conversation. Transparent. Offre \u00e9galement un <strong>Plan gratuit \u00e0 vie<\/strong> permettant <strong>10 000 messages gratuits<\/strong>.<\/td><td>Tarification bas\u00e9e sur la conversation\u00a0: 360dialog refacture les frais de conversation de Meta sans majoration.<\/td><\/tr><tr><td><strong>Transparence des prix<\/strong><\/td><td>Simple et pr\u00e9visible : frais fixes + r\u00e9percussion des co\u00fbts Meta.<\/td><td>D\u00e9tail transparent\u00a0: licence mensuelle par num\u00e9ro + frais de conversion Meta r\u00e9els. Les pr\u00e9visions peuvent \u00eatre complexes en cas de variations de volume.<\/td><\/tr><tr><td><strong>Connexions agent\/\u00e9quipe<\/strong><\/td><td>La plupart des forfaits incluent un nombre illimit\u00e9 d&#039;agents, permettant une croissance sans surprise au niveau du co\u00fbt par utilisateur.<\/td><td>Permet l&#039;int\u00e9gration avec les bo\u00eetes de r\u00e9ception d&#039;\u00e9quipes externes\u00a0; les postes d&#039;agent sont fournis via l&#039;int\u00e9gration de partenaires.<\/td><\/tr><tr><td><strong>Strat\u00e9gie et ex\u00e9cution publicitaires<\/strong><\/td><td>Service complet : WABOOM g\u00e8re et optimise vos campagnes Click-to-WhatsApp sans laisser place \u00e0 l&#039;intuition.<\/td><td>Fournit des outils API\u00a0; vous devrez concevoir, optimiser et g\u00e9rer vos propres flux publicitaires.<\/td><\/tr><tr><td><strong>Publicit\u00e9s \u00ab\u00a0Cliquer pour envoyer vers WhatsApp\u00a0\u00bb<\/strong><\/td><td>Conception de flux avanc\u00e9e + int\u00e9grations natives CAPI + routage vers les agents ou bots appropri\u00e9s.<\/td><td>Fonctionnalit\u00e9s prises en charge\u00a0: 360dialog prend en charge les conversations publicitaires via son API, mais la configuration est manuelle.<\/td><\/tr><tr><td><strong>Cr\u00e9ateur de chatbots \/ d&#039;automatisation<\/strong><\/td><td>Constructeur glisser-d\u00e9poser enti\u00e8rement d\u00e9verrouill\u00e9, dot\u00e9 d&#039;une logique riche et sans barri\u00e8res de paiement pour les fonctionnalit\u00e9s.<\/td><td>Vous pouvez cr\u00e9er des syst\u00e8mes d&#039;automatisation de chat, mais ils d\u00e9pendent de syst\u00e8mes externes. 360dialog propose davantage de composants API que d&#039;outils int\u00e9gr\u00e9s de cr\u00e9ation de chatbots sans code.<\/td><\/tr><tr><td><strong>Acc\u00e8s API \/ Webhook<\/strong><\/td><td>Int\u00e9gration illimit\u00e9e et sans restriction avec les CRM, les syst\u00e8mes back-end ou vos propres outils.<\/td><td>Solution ax\u00e9e sur les API\u00a0: prise en charge compl\u00e8te des webhooks, d\u00e9bit \u00e9lev\u00e9, \u00e9volutive. N\u00e9cessite une expertise technique pour les flux de travail avanc\u00e9s.<\/td><\/tr><tr><td><strong>Mod\u00e8le de soutien<\/strong><\/td><td>Gestionnaire de compte d\u00e9di\u00e9 + assistance multicanal proactive (Zoom, t\u00e9l\u00e9phone, chat).<\/td><td>L&#039;assistance d\u00e9pend de la licence\u00a0: le forfait standard offre une assistance r\u00e9active, le forfait premium propose des SLA plus \u00e9lev\u00e9s.<\/td><\/tr><tr><td><strong>Messagerie de diffusion \/ \u00e0 haut volume<\/strong><\/td><td>Optimis\u00e9 pour la messagerie transactionnelle et de diffusion \u00e0 haut volume en entreprise.<\/td><td>Des options \u00e0 haut d\u00e9bit sont disponibles, mais les performances d\u00e9pendent du forfait et de la configuration de l&#039;infrastructure.<\/td><\/tr><\/tbody><\/table><\/figure>\n\n\n\n<h2 class=\"wp-block-heading\"> Pourquoi ces diff\u00e9rences sont r\u00e9ellement importantes<\/h2>\n\n\n\n<h3 class=\"wp-block-heading\">1. Structure des co\u00fbts r\u00e9els et transparence<\/h3>\n\n\n\n<ul class=\"wp-block-list\">\n<li><strong>Avantage WABOOM<\/strong><br>Z\u00e9ro majoration = co\u00fbts pr\u00e9visibles. \u00c0 mesure que votre activit\u00e9 se d\u00e9veloppe, vous savez exactement ce que vous paierez, sans frais cach\u00e9s. De plus, vous pouvez commencer gratuitement avec <strong>10 000 messages inclus<\/strong>, ce qui rend l&#039;essai sans risque.<\/li>\n\n\n\n<li><strong>Force de 360dialog<\/strong><br>Les frais de conversation Meta sont \u00e9galement pris en charge sans majoration. Le mod\u00e8le de licence et d&#039;utilisation est conforme \u00e0 l&#039;API, mais les pr\u00e9visions n\u00e9cessitent le suivi du volume de messages.<\/li>\n<\/ul>\n\n\n\n<h3 class=\"wp-block-heading\">2. Outil vs. Partenaire d&#039;ex\u00e9cution de la croissance<\/h3>\n\n\n\n<ul class=\"wp-block-list\">\n<li><strong>Avantage WABOOM<\/strong><br>Nous ne nous contentons pas de fournir des outils, nous <strong>g\u00e9rez vos campagnes<\/strong>, D\u00e9veloppez votre automatisation et optimisez-la pour les conversions. Vous n&#039;avez pas besoin d&#039;embaucher ni de g\u00e9rer chaque \u00e9l\u00e9ment.<\/li>\n\n\n\n<li><strong>Compromis de 360dialog<\/strong><br>Extr\u00eamement puissant pour les d\u00e9veloppeurs et les entreprises qui le souhaitent <strong>acc\u00e8s API brut<\/strong>. Mais si vous n&#039;avez pas d&#039;\u00e9quipe pour g\u00e9rer les publicit\u00e9s ou automatiser les flux, c&#039;est \u00e0 vous d&#039;en assumer la responsabilit\u00e9.<\/li>\n<\/ul>\n\n\n\n<h3 class=\"wp-block-heading\">3. Fiabilit\u00e9 du support et de la livraison<\/h3>\n\n\n\n<ul class=\"wp-block-list\">\n<li><strong>Avantage WABOOM<\/strong><br>Un accompagnement proactif et personnalis\u00e9 garantit une r\u00e9solution rapide de tout probl\u00e8me. L&#039;assistance multicanale comprend Zoom, le t\u00e9l\u00e9phone et le chat.<\/li>\n\n\n\n<li><strong>Compromis de 360dialog<\/strong><br>L&#039;assistance est fiable mais plut\u00f4t r\u00e9active, surtout avec la formule de base. Pour garantir des temps de r\u00e9ponse rapides, un abonnement premium peut \u00eatre n\u00e9cessaire pour les messages critiques.<\/li>\n<\/ul>\n\n\n\n<h2 class=\"wp-block-heading\"> WABOOM vs 360dialog\u00a0: avantages et inconv\u00e9nients<\/h2>\n\n\n\n<figure class=\"wp-block-table\"><table class=\"has-fixed-layout\"><thead><tr><th>Cat\u00e9gorie<\/th><th><strong>WABOOM (Partenaire de croissance)<\/strong><\/th><th><strong>360dialog (fournisseur d&#039;API)<\/strong><\/th><\/tr><\/thead><tbody><tr><td><strong>Avantages<\/strong><\/td><td>Aucune majoration sur les conversations Meta. Gestion compl\u00e8te des campagnes et des publicit\u00e9s. Agents illimit\u00e9s. Assistance proactive et personnalis\u00e9e. Co\u00fbts pr\u00e9visibles et \u00e9volutifs.<strong>Plan gratuit \u00e0 vie<\/strong> avec 10 000 messages inclus.<\/td><td>Facturation API transparente. Niveaux de licence flexibles. Solution v\u00e9ritablement ax\u00e9e sur l&#039;API. Capacit\u00e9 de d\u00e9bit \u00e9lev\u00e9e. Aucun suppl\u00e9ment sur les co\u00fbts de conversion Meta.<\/td><\/tr><tr><td><strong>Inconv\u00e9nients \/ Compromis<\/strong><\/td><td>N\u00e9cessite de faire confiance \u00e0 un partenaire. Frais fixes de plateforme\/service. Vous pouvez externaliser une partie de l&#039;ex\u00e9cution au lieu de la g\u00e9rer vous-m\u00eame.<\/td><td>Configuration technique plus pouss\u00e9e requise. Vous g\u00e9rez l&#039;ex\u00e9cution et l&#039;automatisation des campagnes. La qualit\u00e9 du support d\u00e9pend de votre licence. Le co\u00fbt et l&#039;utilisation de la licence sont plus difficiles \u00e0 pr\u00e9voir.<\/td><\/tr><\/tbody><\/table><\/figure>\n\n\n\n<h2 class=\"wp-block-heading\"> FAQ<\/h2>\n\n\n\n<p><strong>Q : 360dialog applique-t-il une majoration aux frais de conversation Meta ?<\/strong><br><strong>UN:<\/strong> Non. Ils refacturent le co\u00fbt exact de la conversation Meta ; il n&#039;y a pas de majoration suppl\u00e9mentaire.<\/p>\n\n\n\n<p><strong>Q : 360dialog peut-il g\u00e9rer des campagnes marketing Click-to-WhatsApp ?<\/strong><br><strong>UN:<\/strong> Ils fournissent une assistance API pour les conversations pilot\u00e9es par la publicit\u00e9, mais vous devez cr\u00e9er et optimiser vous-m\u00eame les flux.<\/p>\n\n\n\n<p><strong>Q : Qui est le mieux adapt\u00e9 \u00e0 la diffusion de messages \u00e0 grande \u00e9chelle ?<\/strong><br><strong>UN:<\/strong> Les deux solutions peuvent \u00e9voluer, mais pour les campagnes de grande envergure n\u00e9cessitant une optimisation strat\u00e9gique et une fiabilit\u00e9 accrue, le mod\u00e8le de service complet de WABOOM offre un soutien plus personnalis\u00e9.<\/p>\n\n\n\n<p><strong>Q : 360dialog propose-t-il une bo\u00eete de r\u00e9ception d&#039;\u00e9quipe \/ une prise en charge multi-agents ?<\/strong><br><strong>UN:<\/strong> Oui, via l&#039;int\u00e9gration de partenaires de messagerie ou la configuration de bo\u00eetes de r\u00e9ception d&#039;\u00e9quipe.<\/p>\n\n\n\n<p><strong>Q : Est-ce que WABOOM propose un forfait gratuit ?<\/strong><br><strong>UN:<\/strong> Oui ! WABOOM propose un <strong>Plan gratuit \u00e0 vie<\/strong> vous permettant d&#039;envoyer <strong>10 000 messages gratuits<\/strong>, Vous pouvez donc commencer les tests sans aucun frais initial.<\/p>\n\n\n\n<h2 class=\"wp-block-heading\"> Qui va gagner ?<\/h2>\n\n\n\n<ul class=\"wp-block-list\">\n<li>Choisir <strong>BOUM<\/strong> si tu:<br>\u2714 Vous souhaitez des co\u00fbts pr\u00e9visibles et sans majoration ?<br>\u2714 Besoin de quelqu&#039;un pour <em>Lancez votre moteur de croissance WhatsApp<\/em> (publicit\u00e9s + automatisation)<br>\u2714 Je pr\u00e9f\u00e8re qu&#039;un partenaire g\u00e8re l&#039;ex\u00e9cution et l&#039;optimisation.<br>\u2714 Vous souhaitez un soutien proactif et personnalis\u00e9 ?<br>\u2714 Envie de commencer gratuitement avec 10\u00a0000 messages\u00a0?<\/li>\n\n\n\n<li>Choisir <strong>Dialogue \u00e0 360\u00b0<\/strong> si tu:<br>\u2714 Assurez-vous qu&#039;une \u00e9quipe de d\u00e9veloppement ou d&#039;exploitation soit pr\u00eate \u00e0 cr\u00e9er des flux et des publicit\u00e9s.<br>\u2714 Vous souhaitez un v\u00e9ritable acc\u00e8s API sans majoration sur le co\u00fbt des messages\u00a0?<br>\u2714 Ma\u00eetriser la gestion de l&#039;infrastructure et de la logique de campagne<br>\u2714 Besoin d&#039;un d\u00e9bit \u00e9lev\u00e9 et d&#039;un contr\u00f4le total sur la messagerie<\/li>\n<\/ul>\n\n\n\n<p><strong>En r\u00e9sum\u00e9 :<\/strong><br>Si vous \u00eates en pleine croissance et que vous recherchez un partenaire pour prendre en charge la strat\u00e9gie et l&#039;ex\u00e9cution, <strong>BOUM<\/strong> est le choix le plus judicieux.<br>Si vous \u00eates un expert en technologie et que vous souhaitez une puissance et un contr\u00f4le bruts des API, <strong>Dialogue \u00e0 360\u00b0<\/strong> est une base solide.<\/p>","protected":false},"excerpt":{"rendered":"<p>Perfect! I\u2019ve incorporated the forever free plan with 10,000 free messages into the WABOOM vs 360dialog comparison, keeping everything else intact in the locked Neil Patel-style format: Stop Settling for Messaging Tools That Leave You to Figure Everything Out Let\u2019s be real: just because a WhatsApp API provider is powerful doesn\u2019t mean it helps you&#8230;<\/p>","protected":false},"author":1,"featured_media":0,"parent":0,"menu_order":0,"comment_status":"closed","ping_status":"closed","template":"","meta":{"_bbp_topic_count":0,"_bbp_reply_count":0,"_bbp_total_topic_count":0,"_bbp_total_reply_count":0,"_bbp_voice_count":0,"_bbp_anonymous_reply_count":0,"_bbp_topic_count_hidden":0,"_bbp_reply_count_hidden":0,"_bbp_forum_subforum_count":0,"_monsterinsights_skip_tracking":false,"_monsterinsights_sitenote_active":false,"_monsterinsights_sitenote_note":"","_monsterinsights_sitenote_category":0,"footnotes":""},"class_list":["post-6357","page","type-page","status-publish","hentry"],"_links":{"self":[{"href":"https:\/\/waboom.net\/fr_fr\/wp-json\/wp\/v2\/pages\/6357","targetHints":{"allow":["GET"]}}],"collection":[{"href":"https:\/\/waboom.net\/fr_fr\/wp-json\/wp\/v2\/pages"}],"about":[{"href":"https:\/\/waboom.net\/fr_fr\/wp-json\/wp\/v2\/types\/page"}],"author":[{"embeddable":true,"href":"https:\/\/waboom.net\/fr_fr\/wp-json\/wp\/v2\/users\/1"}],"replies":[{"embeddable":true,"href":"https:\/\/waboom.net\/fr_fr\/wp-json\/wp\/v2\/comments?post=6357"}],"version-history":[{"count":0,"href":"https:\/\/waboom.net\/fr_fr\/wp-json\/wp\/v2\/pages\/6357\/revisions"}],"wp:attachment":[{"href":"https:\/\/waboom.net\/fr_fr\/wp-json\/wp\/v2\/media?parent=6357"}],"curies":[{"name":"wp","href":"https:\/\/api.w.org\/{rel}","templated":true}]}}