{"id":6361,"date":"2025-11-17T17:32:03","date_gmt":"2025-11-17T17:32:03","guid":{"rendered":"https:\/\/waboom.net\/?page_id=6361"},"modified":"2025-11-19T13:09:13","modified_gmt":"2025-11-19T13:09:13","slug":"waboom-vs-sleekflow","status":"publish","type":"page","link":"https:\/\/waboom.net\/fr_fr\/waboom-vs-sleekflow\/","title":{"rendered":"WABOOM contre SleekFlow"},"content":{"rendered":"<p>Super, voici un <strong>WABOOM contre SleekFlow<\/strong> une comparaison dans votre format verrouill\u00e9, \u00e0 la Neil Patel, montrant o\u00f9 chaque plateforme excelle, o\u00f9 elles font des compromis et quand vous pourriez choisir l&#039;une plut\u00f4t que l&#039;autre.<\/p>\n\n\n\n<h1 class=\"wp-block-heading\">Arr\u00eatez de gaspiller de l&#039;argent sur des plateformes de messagerie qui vous laissent faire tout le travail.<\/h1>\n\n\n\n<p>De nombreux outils WhatsApp donnent l&#039;impression d&#039;\u00eatre de puissants agents d&#039;IA, des automatisations et des bo\u00eetes de r\u00e9ception, mais la plupart laissent \u00e0 d\u00e9sirer. <em>toi<\/em> Responsable de la croissance, de la strat\u00e9gie de campagne et des impr\u00e9vus budg\u00e9taires. Si vous souhaitez d\u00e9velopper votre activit\u00e9 avec clart\u00e9 et performance, vous m\u00e9ritez bien plus qu&#039;une simple application de messagerie instantan\u00e9e.<\/p>\n\n\n\n<p>C&#039;est pourquoi comparer <strong>BOUM<\/strong> (un v\u00e9ritable partenaire de croissance) avec <strong>SleekFlow<\/strong> Une plateforme compl\u00e8te bas\u00e9e sur une API est essentielle. Il ne s&#039;agit pas seulement de v\u00e9rifier les fonctionnalit\u00e9s, mais aussi d&#039;assurer l&#039;ex\u00e9cution, la pr\u00e9visibilit\u00e9 et le retour sur investissement \u00e0 long terme.<\/p>\n\n\n\n<h2 class=\"wp-block-heading\">\ud83d\udd25 WABOOM vs. SleekFlow\u00a0: Comparaison d\u00e9taill\u00e9e des fonctionnalit\u00e9s<\/h2>\n\n\n\n<figure class=\"wp-block-table\"><table class=\"has-fixed-layout\"><thead><tr><th>Fonctionnalit\u00e9<\/th><th><strong>WABOOM (Partenaire de croissance \u00e0 service complet)<\/strong><\/th><th><strong>SleekFlow (API + Plateforme d&#039;automatisation)<\/strong><\/th><\/tr><\/thead><tbody><tr><td><strong>Co\u00fbt des m\u00e9ta-conversations\/messages<\/strong><\/td><td><strong>Marquage 0%<\/strong> sur les co\u00fbts de conversation Meta + frais de plateforme fixes. Forfait gratuit \u00e0 vie avec <strong>10 000 messages gratuits<\/strong> permet de d\u00e9marrer sans risque.<\/td><td>Utilise une tarification par message\u00a0: les messages mod\u00e8les sont factur\u00e9s en fonction de leur cat\u00e9gorie (marketing, utilit\u00e9, authentification). <\/td><\/tr><tr><td><strong>Transparence des prix<\/strong><\/td><td>Simple et pr\u00e9visible : co\u00fbt fixe de la plateforme + frais Meta r\u00e9els.<\/td><td>Structure claire : mod\u00e8le de contacts actifs mensuels (MAC) + frais par message. <\/td><\/tr><tr><td><strong>Connexions agent\/\u00e9quipe<\/strong><\/td><td>La plupart des forfaits offrent un nombre illimit\u00e9 d&#039;agents, ce qui vous permet d&#039;adapter librement votre \u00e9quipe de support ou de vente.<\/td><td>Bo\u00eete de r\u00e9ception multi-agents + routage\u00a0; vous pouvez attribuer des r\u00f4les et des \u00e9quipes pour g\u00e9rer les conversations WhatsApp. <\/td><\/tr><tr><td><strong>Strat\u00e9gie et ex\u00e9cution publicitaires<\/strong><\/td><td>WABOOM g\u00e8re vos campagnes publicitaires Click-to-WhatsApp, les optimise et les int\u00e8gre \u00e0 vos flux de bot et d&#039;agents.<\/td><td>SleekFlow vous offre <strong>G\u00e9n\u00e9rateur de flux<\/strong> (glisser-d\u00e9poser) pour cr\u00e9er une automatisation, mais vous \u00eates responsable de la mani\u00e8re dont vous menez et convertissez les conversations. <\/td><\/tr><tr><td><strong>Publicit\u00e9s \u00ab\u00a0Cliquer pour envoyer vers WhatsApp\u00a0\u00bb<\/strong><\/td><td>Segmentation avanc\u00e9e, routage natif CAPI et attribution bas\u00e9e sur les flux.<\/td><td>Gr\u00e2ce \u00e0 ses fonctionnalit\u00e9s BSP, vous configurez la logique de flux, mais la strat\u00e9gie publicitaire reste \u00e0 votre charge.<\/td><\/tr><tr><td><strong>Cr\u00e9ateur de chatbots \/ d&#039;automatisation<\/strong><\/td><td>\u00c9diteur glisser-d\u00e9poser enti\u00e8rement d\u00e9verrouill\u00e9. Aucune restriction de fonctionnalit\u00e9s, aucune limite artificielle.<\/td><td>Un outil de cr\u00e9ation de flux tr\u00e8s puissant associ\u00e9 \u00e0 des agents d&#039;IA pour cr\u00e9er des automatisations conversationnelles et un routage intelligent. <\/td><\/tr><tr><td><strong>Acc\u00e8s API \/ Webhook<\/strong><\/td><td>Acc\u00e8s API illimit\u00e9 pour le CRM, le backend ou les int\u00e9grations personnalis\u00e9es.<\/td><td>API robuste et prise en charge des webhooks, con\u00e7ue pour l&#039;int\u00e9gration avec les CRM, le e-commerce et bien plus encore. <\/td><\/tr><tr><td><strong>Mod\u00e8le de soutien<\/strong><\/td><td>Gestionnaire de compte d\u00e9di\u00e9 + assistance proactive et personnalis\u00e9e (Zoom, t\u00e9l\u00e9phone, chat).<\/td><td>L&#039;assistance d\u00e9pend de votre forfait\u00a0; vous pouvez ajouter un gestionnaire de r\u00e9ussite client pour une aide plus strat\u00e9gique. <\/td><\/tr><tr><td><strong>Messagerie de diffusion \/ \u00e0 haut volume<\/strong><\/td><td>Optimis\u00e9 pour les messages, les campagnes et le haut d\u00e9bit \u00e0 l&#039;\u00e9chelle de l&#039;entreprise.<\/td><td>La prise en charge des volumes importants est robuste\u00a0; vous pouvez ex\u00e9cuter des flux de travail automatis\u00e9s, des campagnes et diffuser via leur API et leur g\u00e9n\u00e9rateur de flux.<\/td><\/tr><tr><td><strong>Rentabilit\u00e9 des messages de service<\/strong><\/td><td>Gr\u00e2ce \u00e0 la marge 0% et au niveau gratuit, le d\u00e9marrage est abordable et l&#039;\u00e9volution est pr\u00e9visible.<\/td><td>Mod\u00e8les utilitaires <em>\u00e0 l&#039;int\u00e9rieur<\/em> Le service client disponible 24h\/24 est gratuit. <\/td><\/tr><\/tbody><\/table><\/figure>\n\n\n\n<h2 class=\"wp-block-heading\"> Pourquoi ces diff\u00e9rences sont r\u00e9ellement importantes<\/h2>\n\n\n\n<h3 class=\"wp-block-heading\">1. Pr\u00e9visibilit\u00e9 et mise \u00e0 l&#039;\u00e9chelle sans risque<\/h3>\n\n\n\n<ul class=\"wp-block-list\">\n<li><strong>Avantage WABOOM<\/strong>: Le <strong>Formule gratuite + sans majoration<\/strong> Cela vous permet de tester votre automatisation WhatsApp sans risquer des factures exorbitantes. \u00c0 mesure que votre activit\u00e9 se d\u00e9veloppe, vos co\u00fbts augmentent de mani\u00e8re transparente et proportionnelle au volume.<\/li>\n\n\n\n<li><strong>Compromis SleekFlow<\/strong>Vous payez par mod\u00e8le de message, selon votre cas d&#039;utilisation (marketing, services publics, etc.). Bien qu&#039;ils proposent un mod\u00e8le bas\u00e9 sur le MAC (co\u00fbt par action) qui lie le co\u00fbt \u00e0 l&#039;engagement r\u00e9el, vous devez estimer votre consommation avec pr\u00e9cision. <\/li>\n<\/ul>\n\n\n\n<h3 class=\"wp-block-heading\">2. Automatisation et puissance d&#039;ex\u00e9cution<\/h3>\n\n\n\n<ul class=\"wp-block-list\">\n<li><strong>Avantage WABOOM<\/strong>Ils ne se contentent pas de vous donner les outils, ils <strong>ex\u00e9cuter<\/strong> Votre strat\u00e9gie de croissance\u00a0: mener des campagnes publicitaires, cr\u00e9er des parcours clients et optimiser les conversions.<\/li>\n\n\n\n<li><strong>Compromis SleekFlow<\/strong>Leur outil de cr\u00e9ation de flux, leurs agents IA et leur API offrent une excellente flexibilit\u00e9. Cependant, pour exploiter pleinement ce potentiel, vous devrez concevoir et g\u00e9rer vos flux, ce qui implique davantage de responsabilit\u00e9s et d&#039;efforts de votre part.<\/li>\n<\/ul>\n\n\n\n<h3 class=\"wp-block-heading\">3. Soutien, taille de l&#039;\u00e9quipe et collaboration<\/h3>\n\n\n\n<ul class=\"wp-block-list\">\n<li><strong>Avantage WABOOM<\/strong>Un gestionnaire de compte d\u00e9di\u00e9 vous accompagne tout au long de votre croissance. Il vous aide proactivement \u00e0 optimiser vos messages, vos campagnes et votre routage.<\/li>\n\n\n\n<li><strong>Compromis SleekFlow<\/strong>Un soutien solide, mais l&#039;accompagnement strat\u00e9gique et consultatif est payant. Leur plateforme est con\u00e7ue pour permettre aux \u00e9quipes op\u00e9rationnelles de d\u00e9velopper et de faire \u00e9voluer leurs solutions de mani\u00e8re autonome, avec un accompagnement, plut\u00f4t que de recourir \u00e0 des solutions cl\u00e9s en main.<\/li>\n<\/ul>\n\n\n\n<h2 class=\"wp-block-heading\"> Avantages et inconv\u00e9nients\u00a0: WABOOM contre SleekFlow<\/h2>\n\n\n\n<figure class=\"wp-block-table\"><table class=\"has-fixed-layout\"><thead><tr><th>Cat\u00e9gorie<\/th><th><strong>WABOOM (Partenaire de croissance)<\/strong><\/th><th><strong>SleekFlow (Plateforme)<\/strong><\/th><\/tr><\/thead><tbody><tr><td><strong>Avantages<\/strong><\/td><td>\u2013 Aucun frais suppl\u00e9mentaire sur les m\u00e9tadonn\u00e9es \u2013 10\u00a0000 messages gratuits pour d\u00e9marrer \u2013 Gestion compl\u00e8te des publicit\u00e9s et des chatbots \u2013 Agents illimit\u00e9s \u2013 Co\u00fbt pr\u00e9visible et \u00e9volutif<\/td><td>\u2013 V\u00e9ritable API + puissance d&#039;automatisation \u2013 G\u00e9n\u00e9rateur de flux intuitif + agents IA \u2013 Bo\u00eete de r\u00e9ception et routage multi-agents \u2013 Connexion au CRM et au e-commerce \u2013 Tarification flexible li\u00e9e \u00e0 l&#039;engagement<\/td><\/tr><tr><td><strong>Inconv\u00e9nients \/ Compromis<\/strong><\/td><td>\u2013 N\u00e9cessite de faire confiance \u00e0 un partenaire pour g\u00e9rer vos campagnes. \u2013 Des frais de plateforme fixes peuvent s&#039;appliquer \u00e0 mesure que votre activit\u00e9 se d\u00e9veloppe.<\/td><td>\u2013 Le co\u00fbt de la messagerie d\u00e9pend des mod\u00e8les. \u2013 Vous devez concevoir et optimiser les flux. \u2013 Un soutien strat\u00e9gique peut engendrer des co\u00fbts suppl\u00e9mentaires. \u2013 Un effort interne accru est n\u00e9cessaire pour maximiser le retour sur investissement.<\/td><\/tr><\/tbody><\/table><\/figure>\n\n\n\n<hr class=\"wp-block-separator has-alpha-channel-opacity\"\/>\n\n\n\n<h2 class=\"wp-block-heading\">\u2753 Foire aux questions (FAQ)<\/h2>\n\n\n\n<p><strong>Q : Est-ce que SleekFlow permet de r\u00e9pondre gratuitement aux clients sous Windows ?<\/strong><br><strong>UN:<\/strong> Oui. Lorsqu&#039;un client vous envoie un message, une fen\u00eatre de service client de 24 heures s&#039;ouvre, pendant laquelle vous pouvez envoyer des r\u00e9ponses libres. <br>De plus, si la demande est initi\u00e9e via Click-to-WhatsApp ou une application similaire, une p\u00e9riode de \u201c\u00a0point d\u2019entr\u00e9e gratuit\u00a0\u201d de 72\u00a0heures peut s\u2019appliquer. <\/p>\n\n\n\n<p><strong>Q : Comment les messages mod\u00e8les (comme les messages marketing ou utilitaires) sont-ils factur\u00e9s sur SleekFlow ?<\/strong><br><strong>UN:<\/strong> Ils utilisent un mod\u00e8le de tarification par message type. Les tarifs d\u00e9pendent de la cat\u00e9gorie du message (marketing, services publics, etc.).<\/p>\n\n\n\n<p><strong>Q : Puis-je int\u00e9grer mon CRM (comme HubSpot ou Shopify) \u00e0 SleekFlow ?<\/strong><br><strong>UN:<\/strong> Oui, SleekFlow prend en charge les int\u00e9grations CRM et e-commerce, permettant une automatisation pouss\u00e9e et une synchronisation des donn\u00e9es. <\/p>\n\n\n\n<p><strong>Q : SleekFlow prend-il en charge plusieurs agents sur WhatsApp ?<\/strong><br><strong>UN:<\/strong> Oui. Elle dispose d&#039;une bo\u00eete de r\u00e9ception multi-agents avec des r\u00e8gles de routage et des fonctionnalit\u00e9s de collaboration d&#039;\u00e9quipe. <\/p>\n\n\n\n<p><strong>Q : Leur outil de cr\u00e9ation d&#039;automatisations est-il flexible ?<\/strong><br><strong>UN:<\/strong> Absolument. Leur outil de cr\u00e9ation de flux est visuel et puissant, vous permettant de concevoir des flux de travail personnalis\u00e9s, des flux bas\u00e9s sur l&#039;IA et un routage d\u00e9clench\u00e9 par des \u00e9v\u00e9nements. <\/p>\n\n\n\n<h2 class=\"wp-block-heading\">Qui va gagner ?<\/h2>\n\n\n\n<ul class=\"wp-block-list\">\n<li>Choisir <strong>BOUM<\/strong> si tu:<br>\u2714 Envie de <strong>d\u00e9l\u00e9guer la strat\u00e9gie, l&#039;ex\u00e9cution publicitaire et la croissance \u00e0 un partenaire<\/strong><br>\u2714 Appr\u00e9cier <strong>tarification pr\u00e9visible<\/strong> sans majoration + un niveau de messagerie gratuit<br>\u2714 Privil\u00e9giez une relation personnalis\u00e9e\u00a0: une personne investie dans votre conversion et votre croissance<br>\u2714 Vous souhaitez tester et d\u00e9ployer votre solution \u00e0 grande \u00e9chelle sans risque aupr\u00e8s de vrais utilisateurs ?<\/li>\n\n\n\n<li>Choisir <strong>SleekFlow<\/strong> si tu:<br>\u2714 Disposer d&#039;\u00e9quipes internes de strat\u00e9gie ou d&#039;op\u00e9rations pr\u00eates \u00e0 concevoir et \u00e0 ex\u00e9cuter des automatisations<br>\u2714 Besoin d&#039;un contr\u00f4le approfondi via Flow Builder + agents IA<br>\u2714 Vous souhaitez une collaboration multi-agents et une gestion de la bo\u00eete de r\u00e9ception ?<br>\u2714 Ils se concentrent sur l&#039;int\u00e9gration pouss\u00e9e de WhatsApp \u00e0 votre CRM ou \u00e0 votre site e-commerce.<\/li>\n<\/ul>\n\n\n\n<p><strong>En r\u00e9sum\u00e9 :<\/strong><br>Si vous \u00eates en pleine croissance, que vous recherchez un partenaire pour la mise en \u0153uvre et que la transparence des co\u00fbts vous importe, <strong>BOUM<\/strong> est un choix judicieux et peu risqu\u00e9.<br>Si vous souhaitez une flexibilit\u00e9, un contr\u00f4le et une automatisation pouss\u00e9e maximum, <strong>SleekFlow<\/strong> vous donne les outils mais <strong>vous \u00eates le moteur de la croissance<\/strong>.<\/p>","protected":false},"excerpt":{"rendered":"<p>Great here\u2019s a WABOOM vs. SleekFlow comparison in your locked, Neil\u202fPatel\u2013style format, showing where each platform shines, where they trade off, and when you might pick one over the other. Stop Wasting Money on Messaging Platforms That Leave You Doing All the Work Many WhatsApp tools feel powerful AI agents, automations, inboxes but most leave&#8230;<\/p>","protected":false},"author":1,"featured_media":0,"parent":0,"menu_order":0,"comment_status":"closed","ping_status":"closed","template":"","meta":{"_bbp_topic_count":0,"_bbp_reply_count":0,"_bbp_total_topic_count":0,"_bbp_total_reply_count":0,"_bbp_voice_count":0,"_bbp_anonymous_reply_count":0,"_bbp_topic_count_hidden":0,"_bbp_reply_count_hidden":0,"_bbp_forum_subforum_count":0,"_monsterinsights_skip_tracking":false,"_monsterinsights_sitenote_active":false,"_monsterinsights_sitenote_note":"","_monsterinsights_sitenote_category":0,"footnotes":""},"class_list":["post-6361","page","type-page","status-publish","hentry"],"_links":{"self":[{"href":"https:\/\/waboom.net\/fr_fr\/wp-json\/wp\/v2\/pages\/6361","targetHints":{"allow":["GET"]}}],"collection":[{"href":"https:\/\/waboom.net\/fr_fr\/wp-json\/wp\/v2\/pages"}],"about":[{"href":"https:\/\/waboom.net\/fr_fr\/wp-json\/wp\/v2\/types\/page"}],"author":[{"embeddable":true,"href":"https:\/\/waboom.net\/fr_fr\/wp-json\/wp\/v2\/users\/1"}],"replies":[{"embeddable":true,"href":"https:\/\/waboom.net\/fr_fr\/wp-json\/wp\/v2\/comments?post=6361"}],"version-history":[{"count":0,"href":"https:\/\/waboom.net\/fr_fr\/wp-json\/wp\/v2\/pages\/6361\/revisions"}],"wp:attachment":[{"href":"https:\/\/waboom.net\/fr_fr\/wp-json\/wp\/v2\/media?parent=6361"}],"curies":[{"name":"wp","href":"https:\/\/api.w.org\/{rel}","templated":true}]}}