{"id":6373,"date":"2025-11-17T19:34:11","date_gmt":"2025-11-17T19:34:11","guid":{"rendered":"https:\/\/waboom.net\/?page_id=6373"},"modified":"2025-11-19T13:04:05","modified_gmt":"2025-11-19T13:04:05","slug":"waboom-vs-wasenderapi","status":"publish","type":"page","link":"https:\/\/waboom.net\/fr_fr\/waboom-vs-wasenderapi\/","title":{"rendered":"WABOOM vs WASenderAPI"},"content":{"rendered":"<h1 class=\"wp-block-heading\">Cessez de payer pour des messages qui ne sont pas \u00e9volutifs. Privil\u00e9giez l&#039;ex\u00e9cution aux simples outils.<\/h1>\n\n\n\n<p>De nombreux outils WhatsApp sont con\u00e7us pour l&#039;automatisation rapide ou en masse, mais si vous souhaitez r\u00e9ellement d\u00e9velopper votre activit\u00e9, optimiser vos conversions et minimiser les risques, vous avez besoin de plus qu&#039;une API du type \u201c\u00a0envoyer et croiser les doigts\u00a0\u201d. Comparaison <strong>BOUM<\/strong> (partenaire de croissance) avec <strong>WASenderAPI<\/strong> (L&#039;API WhatsApp l\u00e9g\u00e8re et ax\u00e9e sur les d\u00e9veloppeurs) r\u00e9v\u00e8le quelle option est la plus adapt\u00e9e \u00e0 votre strat\u00e9gie commerciale\u00a0: il ne s&#039;agit pas seulement d&#039;envoyer beaucoup de messages, mais d&#039;envoyer\u2026 <em>droite<\/em> ceux-ci.<\/p>\n\n\n\n<h2 class=\"wp-block-heading\"> Comparaison d\u00e9taill\u00e9e des fonctionnalit\u00e9s de WABOOM et WASenderAPI<\/h2>\n\n\n\n<figure class=\"wp-block-table\"><table class=\"has-fixed-layout\"><thead><tr><th>Fonctionnalit\u00e9<\/th><th><strong>WABOOM (Partenaire de croissance \u00e0 service complet)<\/strong><\/th><th><strong>WASenderAPI (API d\u00e9veloppeur)<\/strong><\/th><\/tr><\/thead><tbody><tr><td><strong>Co\u00fbt et marge des messages WhatsApp<\/strong><\/td><td>0%\u00a0: majoration sur les co\u00fbts de conversation Meta + frais fixes de plateforme. Offre une formule gratuite (10\u00a0000 messages) pour tester.<\/td><td>Co\u00fbt de base par session tr\u00e8s bas\u00a0; messages illimit\u00e9s\u00a0; pas de frais par message.<\/td><\/tr><tr><td><strong>Transparence des prix<\/strong><\/td><td>Tr\u00e8s pr\u00e9visible : vous payez pour la plateforme + l&#039;utilisation r\u00e9elle de WhatsApp.<\/td><td>Tarification transparente par session, mais la gestion des sessions reste \u00e0 votre charge.<\/td><\/tr><tr><td><strong>Connexions agent\/\u00e9quipe<\/strong><\/td><td>Nombre illimit\u00e9 de postes d&#039;agents sur la plupart des forfaits \u2014 con\u00e7us pour la croissance des \u00e9quipes.<\/td><td>Principalement pilot\u00e9 par API\u00a0: la configuration multi-agents n\u00e9cessite un d\u00e9veloppement personnalis\u00e9.<\/td><\/tr><tr><td><strong>Strat\u00e9gie et ex\u00e9cution publicitaires<\/strong><\/td><td>WABOOM g\u00e8re et optimise pour vous vos campagnes Click-to-WhatsApp.<\/td><td>Ne propose pas de service d&#039;ex\u00e9cution publicitaire\u00a0; vous devez g\u00e9rer vos campagnes vous-m\u00eame.<\/td><\/tr><tr><td><strong>Cr\u00e9ateur de chatbots \/ d&#039;automatisation<\/strong><\/td><td>Enti\u00e8rement d\u00e9verrouill\u00e9, logique glisser-d\u00e9poser, flux avanc\u00e9s et aucune restriction d&#039;acc\u00e8s aux fonctionnalit\u00e9s.<\/td><td>Vous cr\u00e9ez votre propre logique d&#039;automatisation ou de chatbot via l&#039;API\u00a0; prise en charge de la gestion des m\u00e9dias et des contacts.<\/td><\/tr><tr><td><strong>Acc\u00e8s API \/ Webhook<\/strong><\/td><td>Acc\u00e8s API illimit\u00e9 pour une int\u00e9gration pouss\u00e9e dans les syst\u00e8mes, le CRM et l&#039;analyse.<\/td><td>API destin\u00e9e aux d\u00e9veloppeurs + webhooks pour la messagerie, les \u00e9v\u00e9nements, les m\u00e9dias et la gestion des sessions.<\/td><\/tr><tr><td><strong>\u00c9chelle et volume<\/strong><\/td><td>Adapt\u00e9 aux entreprises pour les volumes \u00e9lev\u00e9s\u00a0: routage des campagnes, optimisation des flux et mise \u00e0 l\u2019\u00e9chelle strat\u00e9gique.<\/td><td>\u00c9volutivit\u00e9 via plusieurs sessions WhatsApp\u00a0; messagerie illimit\u00e9e par session, mais vous g\u00e9rez l\u2019\u00e9volutivit\u00e9.<\/td><\/tr><tr><td><strong>Conformit\u00e9 et risques<\/strong><\/td><td>Utilise le mod\u00e8le de conversation officiel de Meta, r\u00e9duisant ainsi le risque de blocage.<\/td><td>L&#039;utilisation non officielle de l&#039;API peut enfreindre les conditions d&#039;utilisation de WhatsApp\u00a0; risque accru de blocage ou de bannissement.<\/td><\/tr><tr><td><strong>Assistance et int\u00e9gration<\/strong><\/td><td>Assistance personnalis\u00e9e : strat\u00e8ge + gestionnaire de compte + aide \u00e0 l&#039;ex\u00e9cution.<\/td><td>Assistance \u00e0 l&#039;int\u00e9gration des d\u00e9veloppeurs\u00a0; principalement documentation et conseils techniques.<\/td><\/tr><\/tbody><\/table><\/figure>\n\n\n\n<h2 class=\"wp-block-heading\"> Pourquoi ces diff\u00e9rences sont importantes<\/h2>\n\n\n\n<ul class=\"wp-block-list\">\n<li><strong>Pr\u00e9visibilit\u00e9 des co\u00fbts vs Flexibilit\u00e9<\/strong><br>WABOOM offre des co\u00fbts pr\u00e9visibles et adapt\u00e9s \u00e0 l&#039;\u00e9chelle. WASenderAPI est peu co\u00fbteux pour les d\u00e9veloppeurs, mais comporte des risques de non-conformit\u00e9.<\/li>\n\n\n\n<li><strong>Ex\u00e9cution strat\u00e9gique vs contr\u00f4le du d\u00e9veloppement<\/strong><br>WABOOM g\u00e8re les campagnes et automatise les flux. WASenderAPI est un outil\u00a0; vous devez tout concevoir et optimiser vous-m\u00eame.<\/li>\n\n\n\n<li><strong>\u00c9volutivit\u00e9 vs Durabilit\u00e9<\/strong><br>WABOOM est con\u00e7u pour les entreprises et la croissance ax\u00e9e sur la conversion. WASenderAPI convient aux \u00e9quipes de d\u00e9veloppement et aux prototypes, mais n\u00e9cessite une maintenance continue.<\/li>\n<\/ul>\n\n\n\n<h2 class=\"wp-block-heading\"> Avantages et inconv\u00e9nients\u00a0: WABOOM contre WASenderAPI<\/h2>\n\n\n\n<figure class=\"wp-block-table\"><table class=\"has-fixed-layout\"><thead><tr><th><\/th><th><strong>WABOOM (Partenaire de croissance)<\/strong><\/th><th><strong>WASenderAPI (API d\u00e9veloppeur)<\/strong><\/th><\/tr><\/thead><tbody><tr><td><strong>Avantages<\/strong><\/td><td>\u2022 0% Balisage WhatsApp<br>\u2022 10 000 messages gratuits<br>\u2022 Publicit\u00e9 compl\u00e8te + ex\u00e9cution automatis\u00e9e<br>\u2022 Agents illimit\u00e9s<br>\u2022 \u00c9volution pr\u00e9visible<\/td><td>\u2022 Co\u00fbt par session tr\u00e8s faible<br>Messagerie illimit\u00e9e<br>\u2022 Soutient les m\u00e9dias, les contacts et les groupes<br>\u2022 Plusieurs sessions WhatsApp<br>\u2022 Prise en charge des webhooks + SDK<\/td><\/tr><tr><td><strong>Inconv\u00e9nients \/ Compromis<\/strong><\/td><td>\u2022 Moins de contr\u00f4le op\u00e9rationnel pour les entreprises \u00e0 forte intensit\u00e9 de d\u00e9veloppement<br>\u2022 Frais fixes de plateforme\/service<\/td><td>\u2022 API non officielle\u00a0: risque de suspension de compte<br>\u2022 Aucune strat\u00e9gie publicitaire ni optimisation des conversions<br>\u2022 N\u00e9cessite des ressources de d\u00e9veloppement et une configuration technique<\/td><\/tr><\/tbody><\/table><\/figure>\n\n\n\n<h2 class=\"wp-block-heading\"> Foire aux questions (FAQ)<\/h2>\n\n\n\n<p><strong>Q : WASenderAPI est-il un service officiel ou approuv\u00e9 par WhatsApp ?<\/strong><br><strong>UN:<\/strong> Non, il ne s&#039;agit pas d&#039;un fournisseur officiel d&#039;API WhatsApp Business, ce qui peut augmenter le risque de blocage de compte.<\/p>\n\n\n\n<p><strong>Q : Puis-je envoyer des m\u00e9dias via WASenderAPI ?<\/strong><br><strong>UN:<\/strong> Oui. Prend en charge le texte, les images, les vid\u00e9os, l&#039;audio, les documents, les lieux et les contacts via l&#039;API.<\/p>\n\n\n\n<p><strong>Q : Est-ce que WASenderAPI prend en charge plusieurs num\u00e9ros WhatsApp ?<\/strong><br><strong>UN:<\/strong> Oui, il est possible de g\u00e9rer plusieurs sessions, ce qui permet d&#039;utiliser plusieurs num\u00e9ros pour la messagerie.<\/p>\n\n\n\n<p><strong>Q : Est-ce que WABOOM prend en charge la cr\u00e9ation de chatbots et de flux de travail complexes ?<\/strong><br><strong>UN:<\/strong> Oui. Un outil de cr\u00e9ation enti\u00e8rement d\u00e9verrouill\u00e9 pour la logique, l&#039;automatisation et les conversations bas\u00e9es sur les flux, int\u00e9gr\u00e9es aux campagnes publicitaires.<\/p>\n\n\n\n<p><strong>Q : Que se passe-t-il si un num\u00e9ro est bloqu\u00e9 sur WASenderAPI ?<\/strong><br><strong>UN:<\/strong> Comme il ne s&#039;agit pas d&#039;un service officiel, il existe un risque r\u00e9el de blocage ou de bannissement de compte \u2014 c&#039;est le prix \u00e0 payer pour un co\u00fbt bas et une messagerie illimit\u00e9e.<\/p>\n\n\n\n<h2 class=\"wp-block-heading\">Qui gagne ?<\/h2>\n\n\n\n<ul class=\"wp-block-list\">\n<li><strong>Choisissez WABOOM<\/strong> si tu:<br>\u2714 Vous recherchez un partenaire fiable, \u00e9volutif et ax\u00e9 sur la croissance ?<br>\u2714 Pr\u00e9f\u00e9rez des co\u00fbts pr\u00e9visibles sans majoration et un niveau de test gratuit<br>\u2714 Besoin de quelqu&#039;un pour g\u00e9rer vos publicit\u00e9s ? Automatisation WhatsApp et tunnel de vente personnalis\u00e9s.<br>\u2714 Vous n&#039;avez pas d&#039;\u00e9quipe de d\u00e9veloppement ou vous ne souhaitez pas g\u00e9rer l&#039;infrastructure API ?<\/li>\n\n\n\n<li><strong>Choisissez WASenderAPI<\/strong> si tu:<br>\u2714 Disposez d&#039;une \u00e9quipe de d\u00e9veloppement pr\u00eate \u00e0 int\u00e9grer et \u00e0 cr\u00e9er vos propres flux de travail.<br>\u2714 Vous souhaitez une messagerie \u00e0 tr\u00e8s bas prix avec un volume illimit\u00e9 ?<br>\u2714 Acceptez-vous les risques de non-conformit\u00e9 li\u00e9s \u00e0 l&#039;utilisation d&#039;une API non officielle\u00a0?<br>\u2714 Besoin de flexibilit\u00e9 pour les int\u00e9grations personnalis\u00e9es et les sessions multiples<\/li>\n<\/ul>\n\n\n\n<p><strong>En r\u00e9sum\u00e9 :<\/strong><br>Pour <strong>croissance sans fardeau technologique<\/strong>, WABOOM est le choix le plus s\u00fbr et le plus strat\u00e9gique.<br>Pour <strong>\u00e9quipes ax\u00e9es sur la technologie \u00e0 la recherche d&#039;une infrastructure de messagerie \u00e0 faible co\u00fbt<\/strong>, WASenderAPI est une option flexible, \u00e0 condition d&#039;accepter les risques associ\u00e9s.<\/p>\n\n\n\n<p><\/p>","protected":false},"excerpt":{"rendered":"<p>Stop Paying for Messaging That Doesn\u2019t Scale Choose Execution Over Just Tools Many WhatsApp tools are built for bulk or quick automation, but if you&#8217;re serious about growth, conversion, and minimizing risk, you want more than a \u201csend-and-pray\u201d API. Comparing WABOOM (growth partner) with WASenderAPI (developer-focused, lightweight WhatsApp API) reveals which is more suited to&#8230;<\/p>","protected":false},"author":1,"featured_media":0,"parent":0,"menu_order":0,"comment_status":"closed","ping_status":"closed","template":"","meta":{"_bbp_topic_count":0,"_bbp_reply_count":0,"_bbp_total_topic_count":0,"_bbp_total_reply_count":0,"_bbp_voice_count":0,"_bbp_anonymous_reply_count":0,"_bbp_topic_count_hidden":0,"_bbp_reply_count_hidden":0,"_bbp_forum_subforum_count":0,"_monsterinsights_skip_tracking":false,"_monsterinsights_sitenote_active":false,"_monsterinsights_sitenote_note":"","_monsterinsights_sitenote_category":0,"footnotes":""},"class_list":["post-6373","page","type-page","status-publish","hentry"],"_links":{"self":[{"href":"https:\/\/waboom.net\/fr_fr\/wp-json\/wp\/v2\/pages\/6373","targetHints":{"allow":["GET"]}}],"collection":[{"href":"https:\/\/waboom.net\/fr_fr\/wp-json\/wp\/v2\/pages"}],"about":[{"href":"https:\/\/waboom.net\/fr_fr\/wp-json\/wp\/v2\/types\/page"}],"author":[{"embeddable":true,"href":"https:\/\/waboom.net\/fr_fr\/wp-json\/wp\/v2\/users\/1"}],"replies":[{"embeddable":true,"href":"https:\/\/waboom.net\/fr_fr\/wp-json\/wp\/v2\/comments?post=6373"}],"version-history":[{"count":0,"href":"https:\/\/waboom.net\/fr_fr\/wp-json\/wp\/v2\/pages\/6373\/revisions"}],"wp:attachment":[{"href":"https:\/\/waboom.net\/fr_fr\/wp-json\/wp\/v2\/media?parent=6373"}],"curies":[{"name":"wp","href":"https:\/\/api.w.org\/{rel}","templated":true}]}}