{"id":6375,"date":"2025-11-17T19:39:02","date_gmt":"2025-11-17T19:39:02","guid":{"rendered":"https:\/\/waboom.net\/?page_id=6375"},"modified":"2025-11-19T13:02:35","modified_gmt":"2025-11-19T13:02:35","slug":"waboom-vs-twilio","status":"publish","type":"page","link":"https:\/\/waboom.net\/fr_fr\/waboom-vs-twilio\/","title":{"rendered":"WABOOM contre Twilio"},"content":{"rendered":"<p><\/p>\n\n\n\n<h1 class=\"wp-block-heading\">Arr\u00eatez de payer pour des messages qui vous laissent faire tout le travail.<\/h1>\n\n\n\n<p>De nombreuses solutions WhatsApp vous offrent <strong>outils<\/strong>, mais pas le <strong>strat\u00e9gie<\/strong>. Si vous souhaitez des prix pr\u00e9visibles, une ex\u00e9cution concr\u00e8te et un partenaire qui vous aide \u00e0 \u00e9voluer, comparez\u2026 <strong>BOUM<\/strong> contre <strong>Twilio<\/strong> Cela montre pourquoi l&#039;ex\u00e9cution compte plus qu&#039;une simple API.<\/p>\n\n\n\n<h2 class=\"wp-block-heading\">\ud83d\udd25 WABOOM vs. Twilio\u00a0: Comparaison d\u00e9taill\u00e9e des fonctionnalit\u00e9s<\/h2>\n\n\n\n<figure class=\"wp-block-table\"><table class=\"has-fixed-layout\"><thead><tr><th>Fonctionnalit\u00e9<\/th><th><strong>WABOOM (Partenaire de croissance \u00e0 service complet)<\/strong><\/th><th><strong>Twilio (API \/ Plateforme de messagerie en libre-service)<\/strong><\/th><\/tr><\/thead><tbody><tr><td><strong>Co\u00fbt et marge des messages WhatsApp<\/strong><\/td><td>Marge 0% sur les co\u00fbts des conversations Meta + frais fixes de plateforme. Forfait gratuit \u00e0 vie avec 10\u00a0000 messages gratuits inclus.<\/td><td>Paiement au message via l&#039;API de Twilio\u00a0; pas de formule gratuite. Le co\u00fbt d\u00e9pend du type de mod\u00e8le (marketing ou transactionnel).<\/td><\/tr><tr><td><strong>Transparence des prix<\/strong><\/td><td>Pr\u00e9visible : frais de plateforme + co\u00fbt r\u00e9el de la conversation WhatsApp.<\/td><td>Transparent mais variable\u00a0: la tarification varie en fonction du volume et du type de message\u00a0; les co\u00fbts \u00e9voluent avec l\u2019utilisation de l\u2019API.<\/td><\/tr><tr><td><strong>Connexions agent\/\u00e9quipe<\/strong><\/td><td>La plupart des forfaits offrent un nombre illimit\u00e9 de postes d&#039;agents \u2014 d\u00e9veloppez votre \u00e9quipe librement.<\/td><td>Twilio fournit un acc\u00e8s API\u00a0; vous devez construire votre propre infrastructure multi-agents. Non incluse par d\u00e9faut.<\/td><\/tr><tr><td><strong>Strat\u00e9gie et ex\u00e9cution publicitaires<\/strong><\/td><td>Service complet\u00a0: WABOOM cr\u00e9e des campagnes, diffuse des publicit\u00e9s Click-to-WhatsApp et optimise les conversions.<\/td><td>Twilio est un outil uniquement : vous g\u00e9rez vous-m\u00eame toutes les campagnes, les flux et l&#039;int\u00e9gration des publicit\u00e9s.<\/td><\/tr><tr><td><strong>Cr\u00e9ateur de chatbots \/ d&#039;automatisation<\/strong><\/td><td>Constructeur glisser-d\u00e9poser enti\u00e8rement d\u00e9verrouill\u00e9 avec logique avanc\u00e9e, flux et sans limitation.<\/td><td>Twilio fournit des API et des biblioth\u00e8ques d&#039;assistance\u00a0; vous cr\u00e9ez votre propre logique et vos propres flux de travail pour votre chatbot.<\/td><\/tr><tr><td><strong>Acc\u00e8s API \/ Webhook<\/strong><\/td><td>Acc\u00e8s API illimit\u00e9, enti\u00e8rement int\u00e9gr\u00e9 aux syst\u00e8mes CRM, backend et analytiques.<\/td><td>Twilio privil\u00e9gie une approche API-first avec des outils de d\u00e9veloppement complets, des webhooks et des SDK, mais n\u00e9cessite une configuration et une maintenance techniques.<\/td><\/tr><tr><td><strong>\u00c9chelle et volume<\/strong><\/td><td>Adapt\u00e9 aux entreprises\u00a0: messagerie \u00e0 haut volume, routage des campagnes et diffusion optimis\u00e9e.<\/td><td>\u00c9volutivit\u00e9 au niveau de l&#039;API\u00a0: un volume \u00e9lev\u00e9 est possible, mais vous devez g\u00e9rer la mise \u00e0 l&#039;\u00e9chelle, le routage des messages et la gestion des erreurs.<\/td><\/tr><tr><td><strong>Conformit\u00e9 et risques<\/strong><\/td><td>Utilise l&#039;API officielle de WhatsApp Business sans surco\u00fbt ; conforme et \u00e0 faible risque.<\/td><td>Acc\u00e8s enti\u00e8rement officiel \u00e0 l&#039;API WhatsApp, conforme aux normes, mais n\u00e9cessitant une gestion de compte rigoureuse et une supervision par les d\u00e9veloppeurs.<\/td><\/tr><tr><td><strong>Assistance et int\u00e9gration<\/strong><\/td><td>Gestionnaire de compte d\u00e9di\u00e9 + accompagnement personnalis\u00e9 pour les campagnes et l&#039;automatisation.<\/td><td>Assistance ax\u00e9e sur les d\u00e9veloppeurs\u00a0; principalement des conseils techniques, moins d\u2019aide strat\u00e9gique.<\/td><\/tr><\/tbody><\/table><\/figure>\n\n\n\n<h2 class=\"wp-block-heading\">\ud83d\udca5 Pourquoi ces diff\u00e9rences sont importantes<\/h2>\n\n\n\n<ul class=\"wp-block-list\">\n<li><strong>Co\u00fbt et pr\u00e9visibilit\u00e9<\/strong><br>WABOOM propose un mod\u00e8le de tarification pr\u00e9visible et sans majoration, avec une p\u00e9riode d&#039;essai gratuite. La tarification au message de Twilio peut rapidement augmenter en cas de hausse des volumes.<\/li>\n\n\n\n<li><strong>Ex\u00e9cution vs. Outillage<\/strong><br>WABOOM g\u00e8re vos campagnes, con\u00e7oit vos parcours clients et optimise vos messages. Twilio est une plateforme\/API\u00a0: vous \u00eates responsable de tout, de la configuration \u00e0 la mise en \u0153uvre de votre strat\u00e9gie de croissance.<\/li>\n\n\n\n<li><strong>\u00c9volutivit\u00e9 et risque<\/strong><br>WABOOM est con\u00e7u pour une croissance \u00e0 grande \u00e9chelle ax\u00e9e sur la conversion au sein des entreprises. Twilio offre une \u00e9volutivit\u00e9 technique, mais n\u00e9cessite des ressources de d\u00e9veloppement, une configuration rigoureuse et une maintenance continue pour garantir la qualit\u00e9 de la diffusion.<\/li>\n<\/ul>\n\n\n\n<h2 class=\"wp-block-heading\">\u2b50 Avantages et inconv\u00e9nients\u00a0: WABOOM contre Twilio<\/h2>\n\n\n\n<figure class=\"wp-block-table\"><table class=\"has-fixed-layout\"><thead><tr><th><\/th><th><strong>WABOOM (Partenaire de croissance)<\/strong><\/th><th><strong>Twilio (Plateforme\/API)<\/strong><\/th><\/tr><\/thead><tbody><tr><td><strong>Avantages<\/strong><\/td><td>\u2022 Majoration 0% sur les co\u00fbts WhatsApp \u2022 10\u00a0000 messages gratuits pour tester \u2022 Service complet de publicit\u00e9 et d\u2019automatisation \u2022 Agents illimit\u00e9s \u2022 \u00c9volution pr\u00e9visible des co\u00fbts<\/td><td>\u2022 API extr\u00eamement flexible \u2022 Kits de d\u00e9veloppement logiciel (SDK) et webhooks conviviaux pour les d\u00e9veloppeurs \u2022 Contr\u00f4le total de l&#039;infrastructure et des flux de messages \u2022 \u00c9volutivit\u00e9 technique avec une messagerie de niveau entreprise<\/td><\/tr><tr><td><strong>Inconv\u00e9nients \/ Compromis<\/strong><\/td><td>\u2022 Vous vous appuyez sur un partenaire pour l&#039;ex\u00e9cution \u2022 Frais de plateforme fixes et d\u00e9gressifs<\/td><td>\u2022 N\u00e9cessite des ressources de d\u00e9veloppement pour la mise en \u0153uvre et la maintenance \u2022 Aucune ex\u00e9cution de campagne ni optimisation publicitaire int\u00e9gr\u00e9e \u2022 Les co\u00fbts varient en fonction du volume et du type de message<\/td><\/tr><\/tbody><\/table><\/figure>\n\n\n\n<hr class=\"wp-block-separator has-alpha-channel-opacity\"\/>\n\n\n\n<h2 class=\"wp-block-heading\">\u2753 Foire aux questions (FAQ)<\/h2>\n\n\n\n<p><strong>Q : WABOOM propose-t-il un forfait gratuit ?<\/strong><br><strong>UN:<\/strong> Oui \u2014 le forfait gratuit \u00e0 vie comprend 10\u00a0000 messages \u00e0 tester sans risque.<\/p>\n\n\n\n<p><strong>Q : Twilio propose-t-il la gestion de campagnes ou l&#039;ex\u00e9cution publicitaire ?<\/strong><br><strong>UN:<\/strong> Non, Twilio est une plateforme ax\u00e9e sur les API. Vous devez cr\u00e9er, g\u00e9rer et optimiser vous-m\u00eame vos campagnes.<\/p>\n\n\n\n<p><strong>Q : Puis-je cr\u00e9er des chatbots sur Twilio ?<\/strong><br><strong>UN:<\/strong> Oui, mais vous devez utiliser leurs API, biblioth\u00e8ques et webhooks pour cr\u00e9er une logique personnalis\u00e9e\u00a0; il n\u2019existe pas de g\u00e9n\u00e9rateur de services complets pr\u00e9configur\u00e9s.<\/p>\n\n\n\n<p><strong>Q : Comment WABOOM g\u00e8re-t-il la mise \u00e0 l&#039;\u00e9chelle ?<\/strong><br><strong>UN:<\/strong> WABOOM est une solution d&#039;entreprise performante, offrant le routage, l&#039;automatisation et l&#039;optimisation des campagnes en tant que service int\u00e9gr\u00e9\u00a0; vous pouvez \u00e9voluer sans vous soucier de l&#039;infrastructure.<\/p>\n\n\n\n<h2 class=\"wp-block-heading\">\ud83d\ude80 Verdict final : Qui gagne ?<\/h2>\n\n\n\n<ul class=\"wp-block-list\">\n<li><strong>Choisissez WABOOM<\/strong> si tu:<br>\u2714 Vous recherchez un partenaire qui g\u00e8re des campagnes, des automatisations et des publicit\u00e9s Click-to-WhatsApp ?<br>\u2714 Je pr\u00e9f\u00e8re des co\u00fbts pr\u00e9visibles et une version d&#039;essai gratuite.<br>\u2714 Besoin d&#039;une assistance et d&#039;un routage de niveau entreprise<br>\u2714 Vous ne souhaitez pas g\u00e9rer vous-m\u00eame la maintenance de l&#039;API ?<\/li>\n\n\n\n<li><strong>Choisissez Twilio<\/strong> si tu:<br>\u2714 Disposer d&#039;une \u00e9quipe technique pr\u00eate \u00e0 impl\u00e9menter et \u00e0 g\u00e9rer les API<br>\u2714 Vous souhaitez un contr\u00f4le total sur les flux de messages, les int\u00e9grations et l&#039;infrastructure ?<br>\u2714 \u00cates-vous \u00e0 l&#039;aise avec la gestion de la mise \u00e0 l&#039;\u00e9chelle, de la maintenance et de l&#039;optimisation des campagnes en interne ?<br>\u2714 Pas besoin de gestion de campagnes publicitaires ni d&#039;assistance personnalis\u00e9e.<\/li>\n<\/ul>\n\n\n\n<p><strong>En r\u00e9sum\u00e9 :<\/strong><br>Pour <strong>ex\u00e9cution ax\u00e9e sur la croissance et simplicit\u00e9<\/strong>, WABOOM est le choix le plus judicieux.<br>Pour <strong>\u00e9quipes ax\u00e9es sur la technologie et ayant besoin de flexibilit\u00e9 API<\/strong>, Twilio fournit des outils puissants, mais c&#039;est vous qui g\u00e9rez tout.<\/p>","protected":false},"excerpt":{"rendered":"<p>Stop Paying for Messaging That Leaves You Doing All the Work Many WhatsApp solutions give you the tools, but not the strategy. If you want predictable pricing, real execution, and a partner who helps you scale, comparing WABOOM vs Twilio shows why execution matters more than just an API. \ud83d\udd25 WABOOM vs. Twilio: Feature-by-Feature Comparison&#8230;<\/p>","protected":false},"author":1,"featured_media":0,"parent":0,"menu_order":0,"comment_status":"closed","ping_status":"closed","template":"","meta":{"_bbp_topic_count":0,"_bbp_reply_count":0,"_bbp_total_topic_count":0,"_bbp_total_reply_count":0,"_bbp_voice_count":0,"_bbp_anonymous_reply_count":0,"_bbp_topic_count_hidden":0,"_bbp_reply_count_hidden":0,"_bbp_forum_subforum_count":0,"_monsterinsights_skip_tracking":false,"_monsterinsights_sitenote_active":false,"_monsterinsights_sitenote_note":"","_monsterinsights_sitenote_category":0,"footnotes":""},"class_list":["post-6375","page","type-page","status-publish","hentry"],"_links":{"self":[{"href":"https:\/\/waboom.net\/fr_fr\/wp-json\/wp\/v2\/pages\/6375","targetHints":{"allow":["GET"]}}],"collection":[{"href":"https:\/\/waboom.net\/fr_fr\/wp-json\/wp\/v2\/pages"}],"about":[{"href":"https:\/\/waboom.net\/fr_fr\/wp-json\/wp\/v2\/types\/page"}],"author":[{"embeddable":true,"href":"https:\/\/waboom.net\/fr_fr\/wp-json\/wp\/v2\/users\/1"}],"replies":[{"embeddable":true,"href":"https:\/\/waboom.net\/fr_fr\/wp-json\/wp\/v2\/comments?post=6375"}],"version-history":[{"count":0,"href":"https:\/\/waboom.net\/fr_fr\/wp-json\/wp\/v2\/pages\/6375\/revisions"}],"wp:attachment":[{"href":"https:\/\/waboom.net\/fr_fr\/wp-json\/wp\/v2\/media?parent=6375"}],"curies":[{"name":"wp","href":"https:\/\/api.w.org\/{rel}","templated":true}]}}