{"id":6352,"date":"2025-11-17T17:10:49","date_gmt":"2025-11-17T17:10:49","guid":{"rendered":"https:\/\/waboom.net\/?page_id=6352"},"modified":"2025-11-19T13:16:37","modified_gmt":"2025-11-19T13:16:37","slug":"6352-2","status":"publish","type":"page","link":"https:\/\/waboom.net\/it\/6352-2\/","title":{"rendered":"WABOOM VS WATI"},"content":{"rendered":"<h1 class=\"wp-block-heading\">Smetti di sprecare soldi su piattaforme di messaggistica che ti lasciano fare tutto il lavoro<\/h1>\n\n\n\n<p>Andiamo dritti al punto: la maggior parte delle piattaforme WhatsApp sembrano fantastiche sulla carta, con dashboard scintillanti, bot e automazione. Ma quando si tratta di far crescere la tua attivit\u00e0, la maggior parte di esse ti lascia con il cerino in mano: gestione dei costi, ottimizzazione degli annunci, creazione di flussi e risoluzione dei problemi di supporto.<\/p>\n\n\n\n<p>Se vuoi <strong>prezzi prevedibili, esecuzione pratica della crescita e un vero partner nella tua attivit\u00e0<\/strong>, devi vedere la differenza tra <strong>WABOOM<\/strong> E <strong>WATI<\/strong>  La piattaforma vs. il partner di crescita a servizio completo. Ecco la ripartizione.<\/p>\n\n\n\n<h2 class=\"wp-block-heading\">WABOOM vs. WATI: confronto funzionalit\u00e0 per funzionalit\u00e0<\/h2>\n\n\n\n<figure class=\"wp-block-table\"><table class=\"has-fixed-layout\"><thead><tr><th>Caratteristica<\/th><th><strong>WABOOM (Partner di crescita a servizio completo)<\/strong><\/th><th><strong>WATI (Piattaforma self-service)<\/strong><\/th><\/tr><\/thead><tbody><tr><td><strong>Meta Conversazione \/ Costo del messaggio<\/strong><\/td><td><strong>Markup 0%<\/strong>  commissione fissa della piattaforma + costo effettivo di Meta. Trasparente.<\/td><td>Pagamento per messaggio (modello + sessione). I costi si aggiungono ai costi Meta.<\/td><\/tr><tr><td><strong>Trasparenza dei prezzi<\/strong><\/td><td>Semplice, prevedibile, senza sorprese.<\/td><td>Abbonamento + crediti per i messaggi. I costi variano in base al tipo e al volume dei messaggi.<\/td><\/tr><tr><td><strong>Accesso agente\/team<\/strong><\/td><td>Accessi illimitati per gli agenti sulla maggior parte dei piani.<\/td><td>Include pi\u00f9 utenti\/posti; gli utenti aggiuntivi hanno un costo.<\/td><\/tr><tr><td><strong>Strategia e realizzazione pubblicitaria<\/strong><\/td><td>Servizio completo: WABOOM gestisce gli annunci Click-to-WhatsApp, la segmentazione e l&#039;ottimizzazione.<\/td><td>Fornisce strumenti pubblicitari, ma la strategia e l&#039;ottimizzazione sono gestite dall&#039;utente.<\/td><\/tr><tr><td><strong>Annunci Click-to-WhatsApp<\/strong><\/td><td>Segmentazione avanzata + integrazione nativa CAPI + instradamento verso i flussi corretti.<\/td><td>Supportato da Campaign Manager; richiede la configurazione manuale per un&#039;ottimizzazione approfondita.<\/td><\/tr><tr><td><strong>Chatbot \/ Costruttore di automazione<\/strong><\/td><td>Drag-and-drop completamente sbloccato, senza &quot;tassa sulle funzionalit\u00e0&quot;.\u201c<\/td><td>Il generatore di chatbot supporta risposte basate sull&#039;intelligenza artificiale, automazione delle parole chiave e moduli. Sono previsti limiti di sessioni per piano.<\/td><\/tr><tr><td><strong>Accesso API\/Webhook<\/strong><\/td><td>Integrazione CRM e backend illimitata, senza restrizioni e semplice.<\/td><td>Accesso API completo, supporto webhook, pronto per l&#039;integrazione ma richiede configurazione tecnica.<\/td><\/tr><tr><td><strong>Modello di supporto<\/strong><\/td><td>Account Manager dedicato + supporto proattivo tramite Zoom, telefono, chat.<\/td><td>Supporto standard tramite chat\/e-mail; i piani aziendali\/business offrono un aiuto pi\u00f9 pratico.<\/td><\/tr><tr><td><strong>Trasmissione\/messaggistica ad alto volume<\/strong><\/td><td>Velocit\u00e0, affidabilit\u00e0 e consegna di livello aziendale.<\/td><td>Supporta grandi volumi, ma i costi variano in base ai crediti dei messaggi.<\/td><\/tr><\/tbody><\/table><\/figure>\n\n\n\n<h2 class=\"wp-block-heading\">Le vere differenze che contano<\/h2>\n\n\n\n<h3 class=\"wp-block-heading\">1. Costi nascosti e ROI prevedibile<\/h3>\n\n\n\n<ul class=\"wp-block-list\">\n<li><strong>Vantaggio WABOOM<\/strong><br>Zero ricarichi = totale trasparenza. Man mano che cresci, i tuoi costi aumentano in modo prevedibile, in base alle tariffe di Meta. Nessun credito da ricaricare, nessuna supposizione.<\/li>\n\n\n\n<li><strong>Compromesso WATI<\/strong><br>Il sistema di pagamento a messaggio rende pi\u00f9 difficile fare previsioni. \u00c8 necessario monitorare l&#039;utilizzo del credito, i tipi di messaggi e il volume per evitare sorprese.<\/li>\n<\/ul>\n\n\n\n<h3 class=\"wp-block-heading\">2. Strumento vs. Vero partner di crescita<\/h3>\n\n\n\n<ul class=\"wp-block-list\">\n<li><strong>Vantaggio WABOOM<\/strong><br>Non ti forniamo solo strumenti, ma gestiamo campagne, ottimizziamo flussi e funnel di conversione per te. Tu concentrati sulla crescita, noi ci occupiamo dell&#039;esecuzione.<\/li>\n\n\n\n<li><strong>Compromesso WATI<\/strong><br>Ideale per chi ama il fai da te o per team con risorse di sviluppo. Ma se vuoi una strategia e un&#039;ottimizzazione della campagna gi\u00e0 pronte all&#039;uso, la scelta \u00e8 tua.<\/li>\n<\/ul>\n\n\n\n<h3 class=\"wp-block-heading\">3. Supporto su cui puoi davvero contare<\/h3>\n\n\n\n<ul class=\"wp-block-list\">\n<li><strong>Vantaggio WABOOM<\/strong><br>Account manager dedicato, Zoom, telefono e chat. Il monitoraggio proattivo garantisce che i problemi vengano risolti prima che incidano sui ricavi.<\/li>\n\n\n\n<li><strong>Compromesso WATI<\/strong><br>Il supporto \u00e8 solido, soprattutto sui piani di livello superiore, ma la risoluzione dei problemi quotidiani pu\u00f2 essere pi\u00f9 lenta. Ci si affida maggiormente alla documentazione e al self-service.<\/li>\n<\/ul>\n\n\n\n<h2 class=\"wp-block-heading\"> WABOOM vs. WATI: Pro e contro<\/h2>\n\n\n\n<figure class=\"wp-block-table\"><table class=\"has-fixed-layout\"><thead><tr><th>Categoria<\/th><th><strong>WABOOM (Partner di crescita)<\/strong><\/th><th><strong>WATI (Piattaforma)<\/strong><\/th><\/tr><\/thead><tbody><tr><td><strong>Professionisti<\/strong><\/td><td>Nessun ricarico sui costi Meta. Esecuzione di annunci con servizio completo. Agenti illimitati. Assistenza di alto livello. Modello di costo prevedibile e scalabile.<\/td><td>Prezzi flessibili con pagamento in base al consumo. Potente strumento di creazione e automazione di chatbot. API e integrazioni. Supporta la messaggistica ad alto volume.<\/td><\/tr><tr><td><strong>Contro \/ Compromessi<\/strong><\/td><td>\u00c8 richiesta una commissione fissa sulla piattaforma. Richiede fiducia in un partner.<\/td><td>La previsione dei costi pu\u00f2 essere complessa. Sono necessarie impostazioni pi\u00f9 tecniche. Il supporto \u00e8 meno proattivo, a meno che non si tratti di un piano aziendale.<\/td><\/tr><\/tbody><\/table><\/figure>\n\n\n\n<h2 class=\"wp-block-heading\"> Domande frequenti<\/h2>\n\n\n\n<p><strong>D: WABOOM ha davvero il markup 0%?<\/strong><br><strong>UN:<\/strong> S\u00ec, paghi il costo esatto di Meta pi\u00f9 una commissione fissa della piattaforma. Nessuna sorpresa.<\/p>\n\n\n\n<p><strong>D: WATI pu\u00f2 realizzare campagne Click-to-WhatsApp?<\/strong><br><strong>UN:<\/strong> S\u00ec, ma sei tu a gestire l&#039;esecuzione e l&#039;ottimizzazione. WABOOM gestisce e ottimizza le campagne per te.<\/p>\n\n\n\n<p><strong>D: Chi \u00e8 pi\u00f9 adatto per scalare la messaggistica ad alto volume?<\/strong><br><strong>UN:<\/strong> Entrambi possono tecnicamente gestire volumi elevati, ma l&#039;approccio di WABOOM \u00e8 ottimizzato per <strong>velocit\u00e0, routing e affidabilit\u00e0<\/strong> pronto all&#039;uso.<\/p>\n\n\n\n<p><strong>D: WATI offre un numero illimitato di agenti?<\/strong><br><strong>UN:<\/strong> I posti riservati agli agenti non sono limitati dal piano tariffario. I posti aggiuntivi hanno un costo maggiore.<\/p>\n\n\n\n<h1 class=\"wp-block-heading\">Chi vince?<\/h1>\n\n\n\n<ul class=\"wp-block-list\">\n<li>Scegliere <strong>WABOOM<\/strong> se vuoi:<br>\u2714 Costi prevedibili con <strong>Markup 0%<\/strong><br>\u2714 Gestione completa di campagne pubblicitarie e WhatsApp<br>\u2714 Agenti e automazione illimitati<br>\u2714 Supporto pratico e proattivo<\/li>\n\n\n\n<li>Scegliere <strong>WATI<\/strong> se tu:<br>\u2714 Avere un team tecnico per gestire l&#039;automazione e l&#039;ottimizzazione degli annunci<br>\u2714 Desideri prezzi flessibili, basati sul pagamento per messaggio<br>\u2714 Sono a loro agio nella gestione dei crediti e nella previsione dei costi<\/li>\n<\/ul>\n\n\n\n<p>Per <strong>aziende che cercano di crescere senza sorprese<\/strong>, <strong>WABOOM \u00e8 il chiaro vincitore<\/strong>. Non si tratta solo di strumenti, si tratta di <strong>risultati, prevedibilit\u00e0 ed esecuzione della crescita<\/strong>.<\/p>","protected":false},"excerpt":{"rendered":"<p>Stop Wasting Money on Messaging Platforms That Leave You Doing All the Work Let\u2019s cut to the chase: most WhatsApp platforms look great on paper shiny dashboards, bots, automation. But when it comes to scaling your business, most of them leave you holding the bag: managing costs, optimizing ads, building flows, and troubleshooting support issues&#8230;.<\/p>","protected":false},"author":1,"featured_media":0,"parent":0,"menu_order":0,"comment_status":"closed","ping_status":"closed","template":"","meta":{"_bbp_topic_count":0,"_bbp_reply_count":0,"_bbp_total_topic_count":0,"_bbp_total_reply_count":0,"_bbp_voice_count":0,"_bbp_anonymous_reply_count":0,"_bbp_topic_count_hidden":0,"_bbp_reply_count_hidden":0,"_bbp_forum_subforum_count":0,"_monsterinsights_skip_tracking":false,"_monsterinsights_sitenote_active":false,"_monsterinsights_sitenote_note":"","_monsterinsights_sitenote_category":0,"footnotes":""},"class_list":["post-6352","page","type-page","status-publish","hentry"],"_links":{"self":[{"href":"https:\/\/waboom.net\/it\/wp-json\/wp\/v2\/pages\/6352","targetHints":{"allow":["GET"]}}],"collection":[{"href":"https:\/\/waboom.net\/it\/wp-json\/wp\/v2\/pages"}],"about":[{"href":"https:\/\/waboom.net\/it\/wp-json\/wp\/v2\/types\/page"}],"author":[{"embeddable":true,"href":"https:\/\/waboom.net\/it\/wp-json\/wp\/v2\/users\/1"}],"replies":[{"embeddable":true,"href":"https:\/\/waboom.net\/it\/wp-json\/wp\/v2\/comments?post=6352"}],"version-history":[{"count":0,"href":"https:\/\/waboom.net\/it\/wp-json\/wp\/v2\/pages\/6352\/revisions"}],"wp:attachment":[{"href":"https:\/\/waboom.net\/it\/wp-json\/wp\/v2\/media?parent=6352"}],"curies":[{"name":"parola chiave","href":"https:\/\/api.w.org\/{rel}","templated":true}]}}