{"id":6354,"date":"2025-11-17T17:13:21","date_gmt":"2025-11-17T17:13:21","guid":{"rendered":"https:\/\/waboom.net\/?page_id=6354"},"modified":"2025-11-19T13:15:36","modified_gmt":"2025-11-19T13:15:36","slug":"waboom-vs-gallabox","status":"publish","type":"page","link":"https:\/\/waboom.net\/it\/waboom-vs-gallabox\/","title":{"rendered":"WABOOM contro GALLABOX"},"content":{"rendered":"<h1 class=\"wp-block-heading\">Smetti di sprecare soldi su piattaforme di messaggistica che ti lasciano fare tutto il lavoro<\/h1>\n\n\n\n<p>La maggior parte delle piattaforme WhatsApp si presenta bene sulla carta, con dashboard accattivanti, automazione e chatbot. Ma quando si tratta di far crescere la tua attivit\u00e0, molte lasciano a te tutto il lavoro pesante: gestione dei costi, creazione di flussi, ottimizzazione delle campagne e risoluzione dei problemi di supporto.<\/p>\n\n\n\n<p>Se vuoi <strong>prezzi prevedibili, esecuzione pratica della crescita e un vero partner nella tua attivit\u00e0<\/strong>, devi vedere la differenza tra <strong>WABOOM<\/strong> E <strong>GALLABOX<\/strong>  Un partner di crescita a servizio completo rispetto a una piattaforma self-service. Ecco la ripartizione.<\/p>\n\n\n\n<h2 class=\"wp-block-heading\">WABOOM vs. GALLABOX: confronto funzionalit\u00e0 per funzionalit\u00e0<\/h2>\n\n\n\n<figure class=\"wp-block-table\"><table class=\"has-fixed-layout\"><thead><tr><th>Caratteristica<\/th><th><strong>WABOOM (Partner di crescita a servizio completo)<\/strong><\/th><th><strong>GALLABOX (Piattaforma self-service)<\/strong><\/th><\/tr><\/thead><tbody><tr><td><strong>Meta Conversazione \/ Costo del messaggio<\/strong><\/td><td><strong>Markup 0%<\/strong>  commissione fissa della piattaforma + costo effettivo di Meta. Trasparente.<\/td><td>Pagamento per messaggio (modello + sessione) con commissioni di piattaforma aggiuntive.<\/td><\/tr><tr><td><strong>Trasparenza dei prezzi<\/strong><\/td><td>Semplice, prevedibile, senza sorprese.<\/td><td>Piani basati su abbonamento con messaggi inclusi limitati; l&#039;utilizzo extra comporta un costo aggiuntivo.<\/td><\/tr><tr><td><strong>Accesso agente\/team<\/strong><\/td><td>Accessi illimitati per gli agenti sulla maggior parte dei piani.<\/td><td>Numero limitato di posti agente per piano; i posti extra comportano costi aggiuntivi.<\/td><\/tr><tr><td><strong>Strategia e realizzazione pubblicitaria<\/strong><\/td><td>Servizio completo: WABOOM gestisce annunci Click-to-WhatsApp, ottimizza le campagne e gestisce l&#039;attribuzione.<\/td><td>Fornisce strumenti per campagne Click-to-WhatsApp, ma la strategia, la configurazione e l&#039;ottimizzazione sono gestite dall&#039;utente.<\/td><\/tr><tr><td><strong>Annunci Click-to-WhatsApp<\/strong><\/td><td>Segmentazione avanzata + integrazione nativa CAPI + routing preciso.<\/td><td>Supportato, ma l&#039;attribuzione approfondita e il routing automatizzato richiedono la configurazione manuale.<\/td><\/tr><tr><td><strong>Chatbot \/ Costruttore di automazione<\/strong><\/td><td>Generatore drag-and-drop completamente sbloccato, senza limitazioni di funzionalit\u00e0.<\/td><td>\u00c8 disponibile un generatore di chatbot che supporta l&#039;automazione di base, ma i flussi avanzati e le funzionalit\u00e0 di intelligenza artificiale potrebbero essere limitati o soggetti a restrizioni in base al piano.<\/td><\/tr><tr><td><strong>Accesso API\/Webhook<\/strong><\/td><td>Integrazione CRM e backend illimitata, senza restrizioni e semplice.<\/td><td>Supporta integrazioni API e webhook, ma potrebbe richiedere competenze tecniche per flussi di lavoro complessi.<\/td><\/tr><tr><td><strong>Modello di supporto<\/strong><\/td><td>Account Manager dedicato + supporto proattivo multicanale (Zoom, telefono, chat).<\/td><td>Supporto standard tramite chat\/e-mail; i tempi di risposta variano e la gestione proattiva dell&#039;account \u00e8 limitata.<\/td><\/tr><tr><td><strong>Trasmissione\/messaggistica ad alto volume<\/strong><\/td><td>Velocit\u00e0, affidabilit\u00e0 e consegna di livello aziendale.<\/td><td>Supporta la messaggistica di grandi volumi, ma le prestazioni e la velocit\u00e0 possono variare in base al piano e alle limitazioni della coda.<\/td><\/tr><\/tbody><\/table><\/figure>\n\n\n\n<h2 class=\"wp-block-heading\">Le vere differenze che contano<\/h2>\n\n\n\n<h3 class=\"wp-block-heading\">1. Trasparenza dei costi e ROI<\/h3>\n\n\n\n<ul class=\"wp-block-list\">\n<li><strong>Vantaggio WABOOM<\/strong><br>Zero ricarichi = costi prevedibili. Aumentando il volume dei tuoi messaggi, sai esattamente quanto pagherai, senza costi nascosti o crediti da ricaricare.<\/li>\n\n\n\n<li><strong>Compromesso GALLABOX<\/strong><br>Il prezzo dipende dal piano tariffario scelto e dal numero di messaggi aggiuntivi utilizzati. I costi possono diventare imprevedibili con l&#039;espansione della tua attivit\u00e0.<\/li>\n<\/ul>\n\n\n\n<h3 class=\"wp-block-heading\">2. Piattaforma vs. Partner di crescita<\/h3>\n\n\n\n<ul class=\"wp-block-list\">\n<li><strong>Vantaggio WABOOM<\/strong><br>Non ci limitiamo a fornire strumenti: gestiamo campagne, ottimizziamo i flussi e gestiamo i funnel di conversione. Tu ti concentri sulla crescita, noi ci occupiamo dell&#039;esecuzione.<\/li>\n\n\n\n<li><strong>Compromesso GALLABOX<\/strong><br>\u00c8 principalmente una piattaforma. Devi occuparti personalmente della strategia, dell&#039;ottimizzazione degli annunci e della gestione delle campagne.<\/li>\n<\/ul>\n\n\n\n<h3 class=\"wp-block-heading\">3. Supporto su cui puoi contare<\/h3>\n\n\n\n<ul class=\"wp-block-list\">\n<li><strong>Vantaggio WABOOM<\/strong><br>Un Account Manager dedicato e un monitoraggio proattivo garantiscono la rapida risoluzione di qualsiasi problema. Il supporto multicanale include Zoom, telefono e chat.<\/li>\n\n\n\n<li><strong>Compromesso GALLABOX<\/strong><br>Il supporto avviene tramite chat\/e-mail standard; i piani di livello superiore potrebbero offrire un servizio migliore, ma la risoluzione dei problemi quotidiani \u00e8 in gran parte self-service.<\/li>\n<\/ul>\n\n\n\n<h2 class=\"wp-block-heading\">WABOOM contro GALLABOX: pro e contro<\/h2>\n\n\n\n<figure class=\"wp-block-table\"><table class=\"has-fixed-layout\"><thead><tr><th>Categoria<\/th><th><strong>WABOOM (Partner di crescita)<\/strong><\/th><th><strong>GALLABOX (Piattaforma)<\/strong><\/th><\/tr><\/thead><tbody><tr><td><strong>Professionisti<\/strong><\/td><td>Nessun ricarico sui costi Meta.<br>Esecuzione di annunci pubblicitari a servizio completo.<br>Agenti illimitati.<br>Supporto altamente tattile.<br>Modello di costo prevedibile e scalabile.<\/td><td>Piani di ingresso convenienti.<br>Automazione di base del chatbot.<br>Supporto API per le integrazioni.<br>Supporta la messaggistica ad alto volume.<\/td><\/tr><tr><td><strong>Contro \/ Compromessi<\/strong><\/td><td>\u00c8 richiesta una tariffa fissa per la piattaforma.<br>Richiede fiducia in un partner.<\/td><td>Costi aggiuntivi per agenti e messaggi.<br>Sono necessarie ulteriori impostazioni tecniche.<br>Supporto proattivo limitato.<br>Utente responsabile dell&#039;ottimizzazione della campagna.<\/td><\/tr><\/tbody><\/table><\/figure>\n\n\n\n<h2 class=\"wp-block-heading\"> Domande frequenti<\/h2>\n\n\n\n<p><strong>D: WABOOM ha davvero il markup 0%?<\/strong><br><strong>UN:<\/strong> S\u00ec, paghi esattamente il costo di Meta pi\u00f9 una commissione fissa sulla piattaforma. Nessuna sorpresa.<\/p>\n\n\n\n<p><strong>D: GALLABOX pu\u00f2 realizzare campagne Click-to-WhatsApp?<\/strong><br><strong>UN:<\/strong> S\u00ec, ma sei tu a gestire l&#039;esecuzione, l&#039;ottimizzazione e la reportistica.<\/p>\n\n\n\n<p><strong>D: Chi \u00e8 pi\u00f9 adatto per scalare la messaggistica ad alto volume?<\/strong><br><strong>UN:<\/strong> Entrambi possono tecnicamente gestire volumi elevati, ma WABOOM \u00e8 ottimizzato fin dall&#039;inizio per velocit\u00e0, routing e affidabilit\u00e0.<\/p>\n\n\n\n<p><strong>D: GALLABOX offre un numero illimitato di agenti?<\/strong><br><strong>UN:<\/strong> I posti per agente non sono limitati per piano e i posti aggiuntivi hanno un costo aggiuntivo.<\/p>\n\n\n\n<h1 class=\"wp-block-heading\">Chi vince?<\/h1>\n\n\n\n<ul class=\"wp-block-list\">\n<li>Scegliere <strong>WABOOM<\/strong> se vuoi:<br>\u2714 Costi prevedibili con <strong>Markup 0%<\/strong><br>\u2714 Gestione completa di campagne pubblicitarie e WhatsApp<br>\u2714 Agenti e automazione illimitati<br>\u2714 Supporto pratico e proattivo<\/li>\n\n\n\n<li>Scegliere <strong>GALLABOX<\/strong> se tu:<br>\u2714 Vuoi una piattaforma di ingresso a basso costo<br>\u2714 Disporre di risorse interne per gestire strategia e automazione<br>\u2714 Pu\u00f2 gestire i posti degli agenti, i crediti dei messaggi e l&#039;ottimizzazione delle campagne<\/li>\n<\/ul>\n\n\n\n<p>Per <strong>aziende che cercano di crescere senza sorprese<\/strong>, <strong>WABOOM \u00e8 il chiaro vincitore<\/strong>. Non si tratta solo di strumenti, si tratta di <strong>risultati, prevedibilit\u00e0 ed esecuzione della crescita<\/strong>.<\/p>\n\n\n\n<p><\/p>","protected":false},"excerpt":{"rendered":"<p>Stop Wasting Money on Messaging Platforms That Leave You Doing All the Work Most WhatsApp platforms look great on paper shiny dashboards, automation, and chatbots. But when it comes to scaling your business, many leave you doing all the heavy lifting: managing costs, building flows, optimizing campaigns, and troubleshooting support issues. If you want predictable&#8230;<\/p>","protected":false},"author":1,"featured_media":0,"parent":0,"menu_order":0,"comment_status":"closed","ping_status":"closed","template":"","meta":{"_bbp_topic_count":0,"_bbp_reply_count":0,"_bbp_total_topic_count":0,"_bbp_total_reply_count":0,"_bbp_voice_count":0,"_bbp_anonymous_reply_count":0,"_bbp_topic_count_hidden":0,"_bbp_reply_count_hidden":0,"_bbp_forum_subforum_count":0,"_monsterinsights_skip_tracking":false,"_monsterinsights_sitenote_active":false,"_monsterinsights_sitenote_note":"","_monsterinsights_sitenote_category":0,"footnotes":""},"class_list":["post-6354","page","type-page","status-publish","hentry"],"_links":{"self":[{"href":"https:\/\/waboom.net\/it\/wp-json\/wp\/v2\/pages\/6354","targetHints":{"allow":["GET"]}}],"collection":[{"href":"https:\/\/waboom.net\/it\/wp-json\/wp\/v2\/pages"}],"about":[{"href":"https:\/\/waboom.net\/it\/wp-json\/wp\/v2\/types\/page"}],"author":[{"embeddable":true,"href":"https:\/\/waboom.net\/it\/wp-json\/wp\/v2\/users\/1"}],"replies":[{"embeddable":true,"href":"https:\/\/waboom.net\/it\/wp-json\/wp\/v2\/comments?post=6354"}],"version-history":[{"count":0,"href":"https:\/\/waboom.net\/it\/wp-json\/wp\/v2\/pages\/6354\/revisions"}],"wp:attachment":[{"href":"https:\/\/waboom.net\/it\/wp-json\/wp\/v2\/media?parent=6354"}],"curies":[{"name":"parola chiave","href":"https:\/\/api.w.org\/{rel}","templated":true}]}}