{"id":6357,"date":"2025-11-17T17:29:00","date_gmt":"2025-11-17T17:29:00","guid":{"rendered":"https:\/\/waboom.net\/?page_id=6357"},"modified":"2025-11-19T13:14:23","modified_gmt":"2025-11-19T13:14:23","slug":"waboom-vs-360dialog","status":"publish","type":"page","link":"https:\/\/waboom.net\/it\/waboom-vs-360dialog\/","title":{"rendered":"WABOOM VS 360DIALOG"},"content":{"rendered":"<p>Perfetto! Ho incorporato il <strong>piano gratuito per sempre con 10.000 messaggi gratuiti<\/strong> nel confronto tra WABOOM e 360dialog, mantenendo tutto il resto intatto nel formato bloccato in stile Neil Patel:<\/p>\n\n\n\n<h1 class=\"wp-block-heading\">Smetti di accontentarti di strumenti di messaggistica che ti lasciano decidere tutto da solo<\/h1>\n\n\n\n<p>Siamo realistici: solo perch\u00e9 un fornitore di API WhatsApp \u00e8 potente non significa che ti aiuti <em>crescere<\/em>. Molte piattaforme ti forniscono strumenti grezzi, ma quando vuoi davvero scalare, ci\u00f2 di cui hai bisogno \u00e8 <strong>esecuzione<\/strong>, non solo accesso.<\/p>\n\n\n\n<p>Ecco perch\u00e9 <strong>WABOOM<\/strong> (il tuo partner di crescita a servizio completo) si distingue accanto a <strong>360dialog<\/strong> (un fornitore di API affidabile): la differenza concreta in termini di costi, strategia e supporto.<\/p>\n\n\n\n<h2 class=\"wp-block-heading\">WABOOM vs. 360dialog: confronto funzionalit\u00e0 per funzionalit\u00e0<\/h2>\n\n\n\n<figure class=\"wp-block-table\"><table class=\"has-fixed-layout\"><thead><tr><th>Caratteristica<\/th><th><strong>WABOOM (Partner di crescita a servizio completo)<\/strong><\/th><th><strong>360dialog (fornitore API\/BSP)<\/strong><\/th><\/tr><\/thead><tbody><tr><td><strong>Meta Conversazione \/ Costo del messaggio<\/strong><\/td><td><strong>0% Markup<\/strong>  commissione fissa della piattaforma + costo esatto della conversazione Meta. Trasparente. Offre anche un <strong>Piano gratuito per sempre<\/strong> permettendo <strong>10.000 messaggi gratuiti<\/strong>.<\/td><td>Prezzi basati sulla conversazione: 360dialog addebita nuovamente le commissioni di conversazione di Meta senza maggiorazioni.<\/td><\/tr><tr><td><strong>Trasparenza dei prezzi<\/strong><\/td><td>Semplice e prevedibile: tariffa fissa + costi Meta aggiuntivi.<\/td><td>Ripartizione trasparente: licenza mensile per numero + commissioni effettive per le conversazioni Meta. Le previsioni possono essere complesse se il volume varia.<\/td><\/tr><tr><td><strong>Accesso agente\/team<\/strong><\/td><td>Agenti illimitati sulla maggior parte dei piani, consentendo una scalabilit\u00e0 senza sorprese sui costi per postazione.<\/td><td>Consente l&#039;integrazione con le caselle di posta dei team esterni; i posti degli agenti vengono assegnati tramite l&#039;integrazione con i partner.<\/td><\/tr><tr><td><strong>Strategia e realizzazione pubblicitaria<\/strong><\/td><td>Servizio completo: WABOOM gestisce e ottimizza le tue campagne Click-to-WhatsApp senza fare supposizioni.<\/td><td>Fornisce strumenti API; ti viene chiesto di creare, ottimizzare e gestire i tuoi flussi basati sugli annunci.<\/td><\/tr><tr><td><strong>Annunci Click-to-WhatsApp<\/strong><\/td><td>Progettazione avanzata del flusso + integrazioni CAPI native + instradamento verso gli agenti o i bot giusti.<\/td><td>Supportato: 360dialog supporta conversazioni basate su annunci pubblicitari tramite la sua API, ma la configurazione \u00e8 manuale.<\/td><\/tr><tr><td><strong>Chatbot \/ Costruttore di automazione<\/strong><\/td><td>Generatore drag-and-drop completamente sbloccato con logica avanzata e senza paywall per le funzionalit\u00e0.<\/td><td>\u00c8 possibile creare un&#039;automazione della chat, ma questa si basa su sistemi esterni. 360dialog si concentra pi\u00f9 sulla fornitura di blocchi di API che su un generatore di chatbot integrato e senza codice.<\/td><\/tr><tr><td><strong>Accesso API\/Webhook<\/strong><\/td><td>Integrazione illimitata e senza restrizioni con CRM, sistemi backend o i tuoi strumenti.<\/td><td>Soluzione API-first: supporto completo per webhook, elevata produttivit\u00e0, scalabilit\u00e0. Richiede competenze tecniche per flussi di lavoro avanzati.<\/td><\/tr><tr><td><strong>Modello di supporto<\/strong><\/td><td>Account Manager dedicato + supporto proattivo multicanale (Zoom, telefono, chat).<\/td><td>Il supporto dipende dalla licenza: il piano standard prevede un supporto reattivo, mentre il livello premium offre SLA pi\u00f9 elevati.<\/td><\/tr><tr><td><strong>Trasmissione\/messaggistica ad alto volume<\/strong><\/td><td>Ottimizzato per la messaggistica transazionale e broadcast ad alto volume a livello aziendale.<\/td><td>Sono disponibili opzioni ad alta produttivit\u00e0, ma le prestazioni dipendono dal piano e dalla configurazione dell&#039;infrastruttura.<\/td><\/tr><\/tbody><\/table><\/figure>\n\n\n\n<h2 class=\"wp-block-heading\"> Perch\u00e9 queste differenze sono davvero importanti<\/h2>\n\n\n\n<h3 class=\"wp-block-heading\">1. Struttura dei costi reali e trasparenza<\/h3>\n\n\n\n<ul class=\"wp-block-list\">\n<li><strong>Vantaggio WABOOM<\/strong><br>Zero ricarichi = costi prevedibili. Man mano che cresci, sai esattamente quanto pagherai, senza costi nascosti. Inoltre, puoi iniziare gratuitamente con <strong>10.000 messaggi inclusi<\/strong>, rendendo il tentativo privo di rischi.<\/li>\n\n\n\n<li><strong>Forza del dialogo 360<\/strong><br>Inoltre, le commissioni di conversazione Meta vengono addebitate senza ricarico. Il modello di licenza e utilizzo \u00e8 fedele all&#039;API, ma le previsioni richiedono il monitoraggio del volume dei messaggi.<\/li>\n<\/ul>\n\n\n\n<h3 class=\"wp-block-heading\">2. Strumento vs. Partner di esecuzione della crescita<\/h3>\n\n\n\n<ul class=\"wp-block-list\">\n<li><strong>Vantaggio WABOOM<\/strong><br>Non forniamo solo strumenti, <strong>esegui le tue campagne<\/strong>, sviluppa la tua automazione e ottimizza le conversioni. Non devi assumere o gestire ogni singolo componente.<\/li>\n\n\n\n<li><strong>Compromesso 360dialog<\/strong><br>Estremamente potente per sviluppatori e aziende che desiderano <strong>accesso API grezzo<\/strong>. Ma se non hai un team che gestisca gli annunci o automatizzi i flussi, il peso ricade su di te.<\/li>\n<\/ul>\n\n\n\n<h3 class=\"wp-block-heading\">3. Affidabilit\u00e0 del supporto e della consegna<\/h3>\n\n\n\n<ul class=\"wp-block-list\">\n<li><strong>Vantaggio WABOOM<\/strong><br>Il supporto proattivo e di alta qualit\u00e0 garantisce la rapida risoluzione di qualsiasi problema. Il supporto multicanale include Zoom, telefono e chat.<\/li>\n\n\n\n<li><strong>Compromesso 360dialog<\/strong><br>Il supporto \u00e8 solido ma pi\u00f9 reattivo, soprattutto con il piano base. La messaggistica mission-critical potrebbe richiedere il livello premium per tempi di risposta garantiti.<\/li>\n<\/ul>\n\n\n\n<h2 class=\"wp-block-heading\"> WABOOM vs. 360dialog: pro e contro<\/h2>\n\n\n\n<figure class=\"wp-block-table\"><table class=\"has-fixed-layout\"><thead><tr><th>Categoria<\/th><th><strong>WABOOM (Partner di crescita)<\/strong><\/th><th><strong>360dialog (fornitore API)<\/strong><\/th><\/tr><\/thead><tbody><tr><td><strong>Professionisti<\/strong><\/td><td>Nessun ricarico sulle conversazioni Meta. Campagna con servizio completo + esecuzione degli annunci. Agenti illimitati. Supporto proattivo e di alto livello. Ridimensionamento dei costi prevedibile.<strong>Piano gratuito per sempre<\/strong> con 10.000 messaggi inclusi.<\/td><td>Fatturazione API trasparente. Livelli di licenza flessibili. Vera soluzione API-first. Elevata capacit\u00e0 di elaborazione. Nessun ricarico sui costi delle conversazioni Meta.<\/td><\/tr><tr><td><strong>Contro \/ Compromessi<\/strong><\/td><td>Richiede la fiducia di un partner. Commissione fissa per piattaforma\/servizio. \u00c8 possibile esternalizzare parte dell&#039;esecuzione anzich\u00e9 assumerne la responsabilit\u00e0.<\/td><td>Sono necessarie ulteriori impostazioni tecniche. Gestisci l&#039;esecuzione\/automazione della campagna. La qualit\u00e0 del supporto dipende dal tuo piano di licenza. Il costo e l&#039;utilizzo della licenza possono essere pi\u00f9 difficili da prevedere.<\/td><\/tr><\/tbody><\/table><\/figure>\n\n\n\n<h2 class=\"wp-block-heading\"> Domande frequenti<\/h2>\n\n\n\n<p><strong>D: 360dialog applica un ricarico sulle commissioni di conversazione Meta?<\/strong><br><strong>UN:<\/strong> No. Ti addebitano esattamente il costo della conversazione Meta; non c&#039;\u00e8 alcun ricarico aggiuntivo.<\/p>\n\n\n\n<p><strong>D: 360dialog pu\u00f2 gestire campagne di marketing Click-to-WhatsApp?<\/strong><br><strong>UN:<\/strong> Forniscono supporto API per conversazioni basate su annunci pubblicitari, ma i flussi possono essere creati e ottimizzati autonomamente.<\/p>\n\n\n\n<p><strong>D: Chi \u00e8 pi\u00f9 adatto alla trasmissione di messaggi di grandi volumi?<\/strong><br><strong>UN:<\/strong> Entrambi sono scalabili, ma per le campagne di grandi dimensioni che richiedono ottimizzazione strategica e affidabilit\u00e0, il modello full-service di WABOOM offre un supporto pi\u00f9 pratico.<\/p>\n\n\n\n<p><strong>D: 360dialog fornisce una casella di posta per team\/supporto multi-agente?<\/strong><br><strong>UN:<\/strong> S\u00ec, tramite integrazioni con i partner della posta in arrivo o configurazioni della posta in arrivo del team.<\/p>\n\n\n\n<p><strong>D: WABOOM offre un piano gratuito?<\/strong><br><strong>UN:<\/strong> S\u00ec! WABOOM offre un <strong>Piano gratuito per sempre<\/strong> consentendoti di inviare <strong>10.000 messaggi gratuiti<\/strong>, cos\u00ec puoi iniziare a testare senza alcun costo iniziale.<\/p>\n\n\n\n<h2 class=\"wp-block-heading\"> Chi vince?<\/h2>\n\n\n\n<ul class=\"wp-block-list\">\n<li>Scegliere <strong>WABOOM<\/strong> se tu:<br>\u2714 Vuoi costi prevedibili e senza ricarichi<br>\u2714 Hai bisogno di qualcuno che <em>esegui il tuo motore di crescita WhatsApp<\/em> (annunci + automazione)<br>\u2714 Preferisci che un partner gestisca l&#039;esecuzione + l&#039;ottimizzazione<br>\u2714 Desideri un supporto proattivo e di alto livello<br>\u2714 Vuoi iniziare gratuitamente con 10.000 messaggi<\/li>\n\n\n\n<li>Scegliere <strong>360dialog<\/strong> se tu:<br>\u2714 Avere uno sviluppatore o un team operativo pronto a creare flussi e annunci<br>\u2714 Vuoi un vero accesso API senza alcun ricarico sui costi dei messaggi<br>\u2714 Sono a loro agio nella gestione dell&#039;infrastruttura e della logica della campagna<br>\u2714 Necessita di elevata produttivit\u00e0 e controllo sulla messaggistica<\/li>\n<\/ul>\n\n\n\n<p><strong>In conclusione:<\/strong><br>Se stai crescendo rapidamente e desideri un partner che si occupi di strategia ed esecuzione, <strong>WABOOM<\/strong> \u00e8 la scelta pi\u00f9 intelligente.<br>Se sei esperto di tecnologia e desideri potenza API e controllo, <strong>360dialog<\/strong> \u00e8 una solida base.<\/p>","protected":false},"excerpt":{"rendered":"<p>Perfect! I\u2019ve incorporated the forever free plan with 10,000 free messages into the WABOOM vs 360dialog comparison, keeping everything else intact in the locked Neil Patel-style format: Stop Settling for Messaging Tools That Leave You to Figure Everything Out Let\u2019s be real: just because a WhatsApp API provider is powerful doesn\u2019t mean it helps you&#8230;<\/p>","protected":false},"author":1,"featured_media":0,"parent":0,"menu_order":0,"comment_status":"closed","ping_status":"closed","template":"","meta":{"_bbp_topic_count":0,"_bbp_reply_count":0,"_bbp_total_topic_count":0,"_bbp_total_reply_count":0,"_bbp_voice_count":0,"_bbp_anonymous_reply_count":0,"_bbp_topic_count_hidden":0,"_bbp_reply_count_hidden":0,"_bbp_forum_subforum_count":0,"_monsterinsights_skip_tracking":false,"_monsterinsights_sitenote_active":false,"_monsterinsights_sitenote_note":"","_monsterinsights_sitenote_category":0,"footnotes":""},"class_list":["post-6357","page","type-page","status-publish","hentry"],"_links":{"self":[{"href":"https:\/\/waboom.net\/it\/wp-json\/wp\/v2\/pages\/6357","targetHints":{"allow":["GET"]}}],"collection":[{"href":"https:\/\/waboom.net\/it\/wp-json\/wp\/v2\/pages"}],"about":[{"href":"https:\/\/waboom.net\/it\/wp-json\/wp\/v2\/types\/page"}],"author":[{"embeddable":true,"href":"https:\/\/waboom.net\/it\/wp-json\/wp\/v2\/users\/1"}],"replies":[{"embeddable":true,"href":"https:\/\/waboom.net\/it\/wp-json\/wp\/v2\/comments?post=6357"}],"version-history":[{"count":0,"href":"https:\/\/waboom.net\/it\/wp-json\/wp\/v2\/pages\/6357\/revisions"}],"wp:attachment":[{"href":"https:\/\/waboom.net\/it\/wp-json\/wp\/v2\/media?parent=6357"}],"curies":[{"name":"parola chiave","href":"https:\/\/api.w.org\/{rel}","templated":true}]}}