{"id":6361,"date":"2025-11-17T17:32:03","date_gmt":"2025-11-17T17:32:03","guid":{"rendered":"https:\/\/waboom.net\/?page_id=6361"},"modified":"2025-11-19T13:09:13","modified_gmt":"2025-11-19T13:09:13","slug":"waboom-vs-sleekflow","status":"publish","type":"page","link":"https:\/\/waboom.net\/it\/waboom-vs-sleekflow\/","title":{"rendered":"WABOOM contro SleekFlow"},"content":{"rendered":"<p>Ottimo, ecco un <strong>WABOOM contro SleekFlow<\/strong> confronto nel tuo formato bloccato, in stile Neil Patel, che mostra dove ogni piattaforma eccelle, dove si discosta e quando potresti sceglierne una rispetto all&#039;altra.<\/p>\n\n\n\n<h1 class=\"wp-block-heading\">Smetti di sprecare soldi su piattaforme di messaggistica che ti lasciano fare tutto il lavoro<\/h1>\n\n\n\n<p>Molti strumenti di WhatsApp sono potenti agenti di intelligenza artificiale, automazioni, caselle di posta, ma la maggior parte se ne va <em>Voi<\/em> Responsabile della crescita, della strategia di campagna e delle sorprese sui costi. Se vuoi davvero scalare con chiarezza e prestazioni, ti meriti pi\u00f9 di una semplice applicazione di chat.<\/p>\n\n\n\n<p>Ecco perch\u00e9 confrontare <strong>WABOOM<\/strong> (un vero partner di crescita) con <strong>SleekFlow<\/strong> (una piattaforma completa basata su API) \u00e8 fondamentale. Non si tratta solo di verificare le funzionalit\u00e0, ma di garantire esecuzione, prevedibilit\u00e0 e ROI a lungo termine.<\/p>\n\n\n\n<h2 class=\"wp-block-heading\">\ud83d\udd25 WABOOM vs. SleekFlow: confronto funzionalit\u00e0 per funzionalit\u00e0<\/h2>\n\n\n\n<figure class=\"wp-block-table\"><table class=\"has-fixed-layout\"><thead><tr><th>Caratteristica<\/th><th><strong>WABOOM (Partner di crescita a servizio completo)<\/strong><\/th><th><strong>SleekFlow (API + piattaforma di automazione)<\/strong><\/th><\/tr><\/thead><tbody><tr><td><strong>Meta Conversazione \/ Costo del messaggio<\/strong><\/td><td><strong>Markup 0%<\/strong> sui costi di conversazione Meta + commissione fissa della piattaforma. Piano gratuito per sempre con <strong>10.000 messaggi gratuiti<\/strong> rende l&#039;inizio privo di rischi.<\/td><td>Utilizza prezzi per messaggio: i messaggi modello vengono addebitati in base alla categoria (marketing, utilit\u00e0, autenticazione). <\/td><\/tr><tr><td><strong>Trasparenza dei prezzi<\/strong><\/td><td>Semplice, prevedibile: costo fisso della piattaforma + costi Meta reali.<\/td><td>Struttura chiara: modello di contatti attivi mensili (MAC) + tariffe per messaggio. <\/td><\/tr><tr><td><strong>Accesso agente\/team<\/strong><\/td><td>La maggior parte dei piani offre un numero illimitato di agenti, consentendo di ampliare liberamente il tuo team di supporto o di vendita.<\/td><td>Posta in arrivo multi-agente + routing; puoi assegnare ruoli e team per gestire le conversazioni WhatsApp. <\/td><\/tr><tr><td><strong>Strategia e realizzazione pubblicitaria<\/strong><\/td><td>WABOOM gestisce le tue campagne pubblicitarie Click-to-WhatsApp, le ottimizza e le collega ai flussi bot + agenti.<\/td><td>SleekFlow ti offre <strong>Generatore di flusso<\/strong> (drag-and-drop) per creare automazione, ma sei tu a decidere come gestire e convertire le conversazioni. <\/td><\/tr><tr><td><strong>Annunci Click-to-WhatsApp<\/strong><\/td><td>Segmentazione avanzata, routing CAPI nativo e attribuzione basata sul flusso.<\/td><td>Grazie al supporto delle funzionalit\u00e0 BSP, puoi configurare la logica del flusso, ma la strategia pubblicitaria \u00e8 nelle tue mani.<\/td><\/tr><tr><td><strong>Chatbot \/ Costruttore di automazione<\/strong><\/td><td>Builder drag-and-drop completamente sbloccato. Nessun limite di funzionalit\u00e0, nessun limite artificiale.<\/td><td>Un Flow Builder molto potente + agenti AI per creare automazioni conversazionali e indirizzare in modo intelligente. <\/td><\/tr><tr><td><strong>Accesso API\/Webhook<\/strong><\/td><td>Accesso API illimitato per CRM, backend o integrazioni personalizzate.<\/td><td>Supporto API + webhook affidabile, progettato per l&#039;integrazione con CRM, e-commerce e altro ancora. <\/td><\/tr><tr><td><strong>Modello di supporto<\/strong><\/td><td>Account manager dedicato + supporto proattivo e diretto (Zoom, telefono, chat).<\/td><td>Il supporto dipende dal piano; \u00e8 possibile aggiungere un Customer Success Manager per un aiuto pi\u00f9 strategico. <\/td><\/tr><tr><td><strong>Trasmissione\/messaggistica ad alto volume<\/strong><\/td><td>Ottimizzato per messaggi, campagne e produttivit\u00e0 elevata su scala aziendale.<\/td><td>Il supporto per volumi elevati \u00e8 solido; puoi eseguire flussi di lavoro, campagne e trasmissioni automatizzate tramite la loro API + generatore di flussi.<\/td><\/tr><tr><td><strong>Efficienza dei costi per i messaggi di servizio<\/strong><\/td><td>Grazie al markup 0% e al livello gratuito, l&#039;inizio \u00e8 conveniente e la scalabilit\u00e0 \u00e8 prevedibile.<\/td><td>Modelli di utilit\u00e0 <em>dentro<\/em> il servizio clienti attivo 24 ore su 24 \u00e8 gratuito. <\/td><\/tr><\/tbody><\/table><\/figure>\n\n\n\n<h2 class=\"wp-block-heading\"> Perch\u00e9 queste differenze sono davvero importanti<\/h2>\n\n\n\n<h3 class=\"wp-block-heading\">1. Prevedibilit\u00e0 e scalabilit\u00e0 senza rischi<\/h3>\n\n\n\n<ul class=\"wp-block-list\">\n<li><strong>Vantaggio WABOOM<\/strong>: IL <strong>piano gratuito + zero ricarico<\/strong> Ci\u00f2 significa che puoi testare l&#039;automazione di WhatsApp senza rischiare di incorrere in spese elevate. Man mano che cresci, i costi aumentano in modo trasparente, in base al volume.<\/li>\n\n\n\n<li><strong>Compromesso SleekFlow<\/strong>: Si paga per messaggio modello, a seconda del caso d&#039;uso (marketing, utilit\u00e0, ecc.). Sebbene offrano un modello basato su MAC che collega il costo al coinvolgimento reale, \u00e8 necessario stimare attentamente l&#039;utilizzo. <\/li>\n<\/ul>\n\n\n\n<h3 class=\"wp-block-heading\">2. Automazione e potenza di esecuzione<\/h3>\n\n\n\n<ul class=\"wp-block-list\">\n<li><strong>Vantaggio WABOOM<\/strong>: Non ti danno solo gli strumenti che <strong>eseguire<\/strong> la tua strategia di crescita: gestione di campagne pubblicitarie, creazione di flussi e ottimizzazione per la conversione.<\/li>\n\n\n\n<li><strong>Compromesso SleekFlow<\/strong>: Eccellente flessibilit\u00e0 grazie al Flow Builder, agli agenti AI e alle API. Ma per massimizzare questa potenza, \u00e8 necessario progettare e gestire i flussi in modo pi\u00f9 autonomo e con pi\u00f9 impegno da parte vostra.<\/li>\n<\/ul>\n\n\n\n<h3 class=\"wp-block-heading\">3. Supporto, scalabilit\u00e0 del team e collaborazione<\/h3>\n\n\n\n<ul class=\"wp-block-list\">\n<li><strong>Vantaggio WABOOM<\/strong>: Un account manager dedicato ti aiuter\u00e0 a non rimanere solo durante la tua crescita. Ti aiuter\u00e0 proattivamente a ottimizzare i tuoi messaggi, le tue campagne e il tuo routing.<\/li>\n\n\n\n<li><strong>Compromesso SleekFlow<\/strong>: Supporto solido, ma il supporto strategico e consultivo ha un costo aggiuntivo. La loro piattaforma \u00e8 progettata per consentire ai team operativi di creare e scalare meno soluzioni preconfezionate e pi\u00f9 soluzioni fai da te con assistenza.<\/li>\n<\/ul>\n\n\n\n<h2 class=\"wp-block-heading\"> Pro e contro: WABOOM contro SleekFlow<\/h2>\n\n\n\n<figure class=\"wp-block-table\"><table class=\"has-fixed-layout\"><thead><tr><th>Categoria<\/th><th><strong>WABOOM (Partner di crescita)<\/strong><\/th><th><strong>SleekFlow (piattaforma)<\/strong><\/th><\/tr><\/thead><tbody><tr><td><strong>Professionisti<\/strong><\/td><td>\u2013 Nessun ricarico sui costi Meta- 10.000 messaggi gratuiti per iniziare- Esecuzione di annunci e chatbot a servizio completo- Agenti illimitati- Costi prevedibili e scalabili<\/td><td>\u2013 Vero API + potenza di automazione- Generatore di flussi intuitivo + agenti AI- Posta in arrivo e routing multi-agente- Connessione a CRM ed e-commerce- Prezzi flessibili legati al coinvolgimento<\/td><\/tr><tr><td><strong>Contro \/ Compromessi<\/strong><\/td><td>\u2013 Richiede la fiducia in un partner per gestire le tue campagne. Potrebbe essere applicata una commissione fissa sulla piattaforma man mano che si scala.<\/td><td>\u2013 Il costo della messaggistica dipende dai modelli \u2013 \u00c8 necessario progettare e ottimizzare i flussi \u2013 Il supporto strategico pu\u00f2 costare di pi\u00f9 \u2013 Richiede un maggiore sforzo interno per massimizzare il ROI<\/td><\/tr><\/tbody><\/table><\/figure>\n\n\n\n<hr class=\"wp-block-separator has-alpha-channel-opacity\"\/>\n\n\n\n<h2 class=\"wp-block-heading\">\u2753 Domande frequenti (FAQ)<\/h2>\n\n\n\n<p><strong>D: SleekFlow consente di rispondere ai clienti &quot;gratuitamente&quot; all&#039;interno di Windows?<\/strong><br><strong>UN:<\/strong> S\u00ec. Quando un cliente ti invia un messaggio, si apre una finestra di servizio clienti di 24 ore, durante la quale puoi inviare risposte libere. <br>Inoltre, se avviato tramite Click-to-WhatsApp o simili, potrebbe essere applicata una finestra di &quot;ingresso gratuito&quot; di 72 ore. <\/p>\n\n\n\n<p><strong>D: Come vengono addebitati i messaggi modello (ad esempio quelli di marketing o di utilit\u00e0) su SleekFlow?<\/strong><br><strong>UN:<\/strong> Utilizzano un modello di tariffazione basato sul modello di messaggio. Le tariffe dipendono dalla categoria del messaggio (marketing, utilit\u00e0, ecc.).<\/p>\n\n\n\n<p><strong>D: Posso integrare il mio CRM (come HubSpot o Shopify) con SleekFlow?<\/strong><br><strong>UN:<\/strong> S\u00ec, SleekFlow supporta integrazioni CRM ed e-commerce, consentendo un&#039;automazione approfondita e la sincronizzazione dei dati. <\/p>\n\n\n\n<p><strong>D: SleekFlow supporta pi\u00f9 agenti su WhatsApp?<\/strong><br><strong>UN:<\/strong> S\u00ec. Dispone di una casella di posta multi-agente con regole di routing e funzionalit\u00e0 di collaborazione in team. <\/p>\n\n\n\n<p><strong>D: Quanto \u00e8 flessibile il loro costruttore di automazione?<\/strong><br><strong>UN:<\/strong> Molto. Il loro Flow Builder \u00e8 visivo e potente e consente di progettare flussi di lavoro personalizzati, flussi basati sull&#039;intelligenza artificiale e routing basati su trigger. <\/p>\n\n\n\n<h2 class=\"wp-block-heading\">Chi vince?<\/h2>\n\n\n\n<ul class=\"wp-block-list\">\n<li>Scegliere <strong>WABOOM<\/strong> se tu:<br>\u2714 Voglio <strong>delegare la strategia, l&#039;esecuzione degli annunci e la crescita a un partner<\/strong><br>\u2714 Apprezzare <strong>prezzi prevedibili<\/strong> con zero ricarico + un livello di messaggistica gratuito<br>\u2714 Preferisci una relazione ad alto contatto: qualcuno che investe nella tua conversione e scala<br>\u2714 Vuoi testare e scalare senza rischi con utenti reali<\/li>\n\n\n\n<li>Scegliere <strong>SleekFlow<\/strong> se tu:<br>\u2714 Disporre di team strategici o operativi interni pronti a creare ed eseguire automazioni<br>\u2714 Necessita di un controllo approfondito tramite Flow Builder + agenti AI<br>\u2714 Desideri la collaborazione tra pi\u00f9 agenti e la gestione della posta in arrivo<br>\u2714 Si concentrano sull&#039;integrazione profonda di WhatsApp con il tuo CRM o e-commerce<\/li>\n<\/ul>\n\n\n\n<p><strong>In conclusione:<\/strong><br>Se stai crescendo rapidamente, desideri un partner che ti assista e tieni alla trasparenza dei costi, <strong>WABOOM<\/strong> \u00e8 una scelta efficace e a basso rischio.<br>Se desideri la massima flessibilit\u00e0, controllo e automazione profonda, <strong>SleekFlow<\/strong> ti d\u00e0 gli strumenti ma <strong>tu guidi la crescita<\/strong>.<\/p>","protected":false},"excerpt":{"rendered":"<p>Great here\u2019s a WABOOM vs. SleekFlow comparison in your locked, Neil\u202fPatel\u2013style format, showing where each platform shines, where they trade off, and when you might pick one over the other. Stop Wasting Money on Messaging Platforms That Leave You Doing All the Work Many WhatsApp tools feel powerful AI agents, automations, inboxes but most leave&#8230;<\/p>","protected":false},"author":1,"featured_media":0,"parent":0,"menu_order":0,"comment_status":"closed","ping_status":"closed","template":"","meta":{"_bbp_topic_count":0,"_bbp_reply_count":0,"_bbp_total_topic_count":0,"_bbp_total_reply_count":0,"_bbp_voice_count":0,"_bbp_anonymous_reply_count":0,"_bbp_topic_count_hidden":0,"_bbp_reply_count_hidden":0,"_bbp_forum_subforum_count":0,"_monsterinsights_skip_tracking":false,"_monsterinsights_sitenote_active":false,"_monsterinsights_sitenote_note":"","_monsterinsights_sitenote_category":0,"footnotes":""},"class_list":["post-6361","page","type-page","status-publish","hentry"],"_links":{"self":[{"href":"https:\/\/waboom.net\/it\/wp-json\/wp\/v2\/pages\/6361","targetHints":{"allow":["GET"]}}],"collection":[{"href":"https:\/\/waboom.net\/it\/wp-json\/wp\/v2\/pages"}],"about":[{"href":"https:\/\/waboom.net\/it\/wp-json\/wp\/v2\/types\/page"}],"author":[{"embeddable":true,"href":"https:\/\/waboom.net\/it\/wp-json\/wp\/v2\/users\/1"}],"replies":[{"embeddable":true,"href":"https:\/\/waboom.net\/it\/wp-json\/wp\/v2\/comments?post=6361"}],"version-history":[{"count":0,"href":"https:\/\/waboom.net\/it\/wp-json\/wp\/v2\/pages\/6361\/revisions"}],"wp:attachment":[{"href":"https:\/\/waboom.net\/it\/wp-json\/wp\/v2\/media?parent=6361"}],"curies":[{"name":"parola chiave","href":"https:\/\/api.w.org\/{rel}","templated":true}]}}