{"id":6371,"date":"2025-11-17T19:30:25","date_gmt":"2025-11-17T19:30:25","guid":{"rendered":"https:\/\/waboom.net\/?page_id=6371"},"modified":"2025-11-19T13:05:46","modified_gmt":"2025-11-19T13:05:46","slug":"waboom-vs-wasender","status":"publish","type":"page","link":"https:\/\/waboom.net\/it\/waboom-vs-wasender\/","title":{"rendered":"WABOOM contro WASender"},"content":{"rendered":"<h1 class=\"wp-block-heading\">Smetti di pagare per strumenti di messaggistica che ti lasciano fare tutto il lavoro<\/h1>\n\n\n\n<p>Molti strumenti &quot;WhatsApp blast&quot; sembrano economici, ma quando vuoi <strong>scalare, convertire e automatizzare<\/strong>, spesso sono carenti. Se hai bisogno <strong>prezzi prevedibili, esecuzione di servizi completi e un partner che guida la crescita<\/strong>, dovresti confrontare WABOOM vs. WASender, perch\u00e9 ci\u00f2 che vuoi veramente non \u00e8 un altro strumento, \u00e8 <strong>risultati<\/strong>.<\/p>\n\n\n\n<h2 class=\"wp-block-heading\">\ud83d\udd25 WABOOM vs. WASender: confronto funzionalit\u00e0 per funzionalit\u00e0<\/h2>\n\n\n\n<figure class=\"wp-block-table\"><table class=\"has-fixed-layout\"><thead><tr><th>Caratteristica<\/th><th><strong>WABOOM (Partner di crescita a servizio completo)<\/strong><\/th><th><strong>WASender (strumento WhatsApp in blocco \/ piattaforma self-service)<\/strong><\/th><\/tr><\/thead><tbody><tr><td><strong>Costo e ricarico del messaggio<\/strong><\/td><td>0% markup sui costi di conversazione WhatsApp (Meta) + commissione fissa della piattaforma. Piano Forever Free con <strong>10.000 messaggi gratuiti<\/strong> incluso.<\/td><td>Principalmente uno strumento di messaggistica di massa: per funzionalit\u00e0 avanzate potrebbero essere necessari aggiornamenti o versioni Pro. Costi e limiti dipendono spesso dall&#039;utilizzo, dalle licenze o dalla versione del plugin. <\/td><\/tr><tr><td><strong>Trasparenza dei prezzi<\/strong><\/td><td>Prevedibile: piattaforma fissa + costi di WhatsApp reali.<\/td><td>Trasparente per ci\u00f2 che pubblicizza, ma il modello di costo \u00e8 meno adatto a una crescita su larga scala: plugin per l&#039;invio di massa + costi di licenza anzich\u00e9 servizio completo.<\/td><\/tr><tr><td><strong>Accesso agente\/team e collaborazione multiutente<\/strong><\/td><td>Posti agente illimitati sulla maggior parte dei piani: amplia liberamente il tuo team di supporto o di vendita.<\/td><td>Progettato principalmente per l&#039;uso individuale o per team pi\u00f9 piccoli; la posta in arrivo del team, le licenze per posta utente e i flussi di lavoro multi-agente potrebbero essere limitati o richiedere strumenti separati.<\/td><\/tr><tr><td><strong>Strategia e realizzazione pubblicitaria<\/strong><\/td><td>Servizio completo: WABOOM gestisce gli annunci Click-to-WhatsApp, crea flussi e ottimizza le campagne per la conversione.<\/td><td>WASender \u00e8 basato su strumenti: devi impostare le tue campagne, i flussi e le ottimizzazioni, non funge da partner di crescita.<\/td><\/tr><tr><td><strong>Annunci Click-to-WhatsApp e attribuzione approfondita<\/strong><\/td><td>Segmentazione avanzata + integrazione nativa CAPI + instradamento verso l&#039;agente\/flusso giusto, pensata per le conversioni.<\/td><td>Focus sulla messaggistica di massa: caricamenti in Excel, personalizzazione, allegati. Manca una strategia integrata o framework di attribuzione approfonditi. <\/td><\/tr><tr><td><strong>Chatbot \/ Costruttore di automazione<\/strong><\/td><td>Generatore drag-and-drop completamente sbloccato, flussi logici, nessuna &quot;tassa sulle funzionalit\u00e0&quot; su logica o complessit\u00e0.<\/td><td>Dispone di strumenti di automazione per la messaggistica di massa (caricamenti Excel, personalizzazione, allegati), ma non necessariamente di un&#039;automazione completa a livello aziendale o di un routing di bot su larga scala.<\/td><\/tr><tr><td><strong>Accesso e integrazioni API\/Webhook<\/strong><\/td><td>Accesso API illimitato e senza restrizioni per un&#039;integrazione completa con CRM, sistemi backend, analisi e flussi di lavoro.<\/td><td>Progettato principalmente per la messaggistica in uscita di massa tramite Excel\/CSV o plugin. Il supporto API\/webhook \u00e8 pi\u00f9 limitato o potrebbe richiedere configurazioni o licenze aggiuntive.<\/td><\/tr><tr><td><strong>Modello di supporto e partnership di crescita<\/strong><\/td><td>Account Manager dedicato + supporto proattivo (chiamate, Zoom, chat) + allineamento alla strategia di crescita.<\/td><td>Il supporto \u00e8 pi\u00f9 self-service: utilizzi lo strumento e gestisci le campagne autonomamente, con meno supporto diretto da parte dei partner.<\/td><\/tr><tr><td><strong>Trasmissione\/messaggistica ad alto volume e scalabilit\u00e0<\/strong><\/td><td>Progettato per una scalabilit\u00e0 a livello aziendale: elevata produttivit\u00e0, messaggistica orientata alle campagne, ottimizzata per la consegna e l&#039;instradamento.<\/td><td>In grado di gestire grandi volumi di messaggi, in particolare per l&#039;invio massivo di messaggi, ma potrebbe non disporre dell&#039;ottimizzazione strategica, della logica di routing, dell&#039;attribuzione e dell&#039;infrastruttura completa necessarie per una crescita del ROI elevata.<\/td><\/tr><tr><td><strong>Offerta gratuita \/ livello di ingresso<\/strong><\/td><td>S\u00ec: Piano Forever Free con 10.000 messaggi inclusi: i test risultano a basso rischio.<\/td><td>Esistono versioni gratuite o a bassissimo costo per l&#039;invio di massa di messaggi, ma in genere presentano limiti o meno funzionalit\u00e0; sono progettate principalmente per l&#039;invio di massa di messaggi self-service.<\/td><\/tr><\/tbody><\/table><\/figure>\n\n\n\n<h2 class=\"wp-block-heading\"> Perch\u00e9 queste differenze sono davvero importanti<\/h2>\n\n\n\n<h3 class=\"wp-block-heading\">1. Rischio di costo vs. prevedibilit\u00e0<\/h3>\n\n\n\n<ul class=\"wp-block-list\">\n<li><strong>Vantaggio WABOOM<\/strong>: Senza alcun ricarico e con il livello di messaggio gratuito, puoi iniziare a testare e poi scalare con costi prevedibili allineati al volume.<\/li>\n\n\n\n<li><strong>Compromesso WASender<\/strong>: Gli strumenti di massa possono sembrare economici all&#039;inizio, ma man mano che si aumenta la scalabilit\u00e0, la gestione dei costi, la conformit\u00e0, la consegna e le prestazioni diventano pi\u00f9 difficili: ci sono meno meccanismi integrati per la strategia o l&#039;ottimizzazione.<\/li>\n<\/ul>\n\n\n\n<h3 class=\"wp-block-heading\">2. Strumento vs. Partner di crescita<\/h3>\n\n\n\n<ul class=\"wp-block-list\">\n<li><strong>Vantaggio WABOOM<\/strong>: Non stai ricevendo solo uno strumento, stai ricevendo un partner che ti aiuta a creare la campagna, ottimizzare, indirizzare i lead e generare conversioni.<\/li>\n\n\n\n<li><strong>Compromesso WASender<\/strong>: Ideale per campagne pi\u00f9 piccole o invii di massa in uscita, ma sarai tu a dover fare il lavoro pi\u00f9 pesante: creare flussi, ottimizzare, gestire i costi e garantire la consegna.<\/li>\n<\/ul>\n\n\n\n<h3 class=\"wp-block-heading\">3. Supporto e prontezza aziendale<\/h3>\n\n\n\n<ul class=\"wp-block-list\">\n<li><strong>Vantaggio WABOOM<\/strong>: Supporto dedicato, contatto diretto e allineamento strategico significano che sei meglio equipaggiato per gestire flussi di lavoro complessi, scalabilit\u00e0 e rischi elevati.<\/li>\n\n\n\n<li><strong>Compromesso WASender<\/strong>: Progettato per flussi di lavoro pi\u00f9 semplici, team pi\u00f9 piccoli o self-service. Se stai scalando rapidamente o hai bisogno di routing approfondito e alta affidabilit\u00e0, potresti incontrare dei limiti.<\/li>\n<\/ul>\n\n\n\n<h2 class=\"wp-block-heading\"> Pro e contro: WABOOM rispetto a WASender<\/h2>\n\n\n\n<figure class=\"wp-block-table\"><table class=\"has-fixed-layout\"><thead><tr><th><\/th><th><strong>WABOOM (Partner di crescita)<\/strong><\/th><th><strong>WASender (piattaforma\/strumento)<\/strong><\/th><\/tr><\/thead><tbody><tr><td><strong>Professionisti<\/strong><\/td><td>\u2022 Nessun ricarico sui costi delle conversazioni WhatsApp.<br>\u2022 10.000 messaggi gratuiti da testare.<br>\u2022 Gestione completa di annunci + automazione + conversioni.<br>\u2022 Agenti illimitati (nella maggior parte dei piani).<br>\u2022 Modello di scala prevedibile per la crescita.<\/td><td>\u2022 Punto di ingresso a basso costo.<br>\u2022 Utile per la messaggistica in uscita di massa.<br>\u2022 Strumento semplice: carica contatti, invia messaggi, personalizza.<br>\u2022 Adatto a campagne su piccola scala\/con budget ridotto.<\/td><\/tr><tr><td><strong>Contro \/ Compromessi<\/strong><\/td><td>\u2022 Ti affidi a un partner per l&#039;esecuzione: se preferisci il controllo interno completo, potresti sentirti meno coinvolto.<br>\u2022 Potrebbero essere applicati costi fissi per piattaforma\/servizio in base alla scalabilit\u00e0.<\/td><td>\u2022 Costi, recapito, ottimizzazione e routing sono di tua responsabilit\u00e0.<br>\u2022 Supporto strategico limitato; probabilmente avrai bisogno di pi\u00f9 risorse interne per massimizzare il ROI.<br>\u2022 Potrebbe non essere disponibile un&#039;integrazione avanzata tra campagne pubblicitarie, un&#039;attribuzione approfondita e l&#039;automazione aziendale.<\/td><\/tr><\/tbody><\/table><\/figure>\n\n\n\n<h2 class=\"wp-block-heading\"> Domande frequenti (FAQ)<\/h2>\n\n\n\n<p><strong>D: WABOOM offre davvero un piano gratuito con 10.000 messaggi?<\/strong><br><strong>UN:<\/strong> S\u00ec, uno dei loro vantaggi esclusivi \u00e8 il &quot;Piano gratuito per sempre&quot; che include 10.000 messaggi in anticipo, consentendoti di testare senza grandi rischi.<\/p>\n\n\n\n<p><strong>D: WASender \u00e8 adatto per l&#039;automazione su larga scala e per flussi di lavoro multi-agente?<\/strong><br><strong>UN:<\/strong> Pu\u00f2 funzionare per la messaggistica in uscita di massa, ma se hai bisogno di flussi di lavoro multi-agente, routing approfondito, funnel di conversione basati su annunci e scala aziendale, potresti trovarlo meno adatto rispetto alle piattaforme create per l&#039;esecuzione della crescita.<\/p>\n\n\n\n<p><strong>D: Quale opzione \u00e8 migliore per gli annunci Click-to-WhatsApp e per l&#039;ottimizzazione completa del funnel?<\/strong><br><strong>UN:<\/strong> WABOOM \u00e8 chiaramente pi\u00f9 forte perch\u00e9 offre strategia + esecuzione + ottimizzazione. WASender \u00e8 pi\u00f9 adatto all&#039;invio di messaggi in blocco piuttosto che alla gestione di campagne pubblicitarie a funnel completo.<\/p>\n\n\n\n<p><strong>D: I posti agente su WASender sono illimitati come su WABOOM?<\/strong><br><strong>UN:<\/strong> Non necessariamente. WASender si concentra sulla messaggistica di massa piuttosto che sulla collaborazione tra team aziendali: \u00e8 opportuno verificare quanti utenti\/agenti si ottengono e se si applicano costi aggiuntivi.<\/p>\n\n\n\n<h2 class=\"wp-block-heading\">Chi vince?<\/h2>\n\n\n\n<ul class=\"wp-block-list\">\n<li>Scegliere <strong>WABOOM<\/strong> se tu:<br>\u2714 Voglio <strong>strategia di scarico, campagne ed esecuzione della crescita<\/strong> a un partner<br>\u2714 Bisogno <strong>prezzi prevedibili e senza ricarichi<\/strong> con un modo gratuito per testare<br>\u2714 Desideri un partner che gestisca flussi, routing, conversioni e automazione degli annunci su WhatsApp<br>\u2714 Sono in fase di scalabilit\u00e0 e necessitano di un&#039;infrastruttura affidabile e pronta per l&#039;uso aziendale<\/li>\n\n\n\n<li>Scegliere <strong>WASender<\/strong> se tu:<br>\u2714 Hai un budget pi\u00f9 piccolo e hai bisogno principalmente di un <strong>strumento per la sensibilizzazione di massa<\/strong><br>\u2714 Hai dimestichezza con la creazione e la gestione dei tuoi flussi, campagne e ottimizzazioni<br>\u2714 Non \u00e8 ancora necessaria l&#039;integrazione completa degli annunci, la logica di routing o il supporto del team aziendale<br>\u2714 Vuoi un punto di ingresso pi\u00f9 semplice e conveniente per la messaggistica WhatsApp<\/li>\n<\/ul>\n\n\n\n<p><strong>In conclusione:<\/strong><br>Se vuoi davvero usare WhatsApp per crescere, non solo per fare pubblicit\u00e0, allora <strong>WABOOM<\/strong> \u00e8 la scelta pi\u00f9 forte perch\u00e9 ti offre struttura, strategia e partnership.<br>Se stai testando campagne pi\u00f9 piccole o stai facendo attivit\u00e0 di sensibilizzazione pi\u00f9 semplici, <strong>WASender<\/strong> offre uno strumento valido a basso costo.<\/p>","protected":false},"excerpt":{"rendered":"<p>Stop Paying for Messaging Tools That Leave You Doing All the Work Many \u201cWhatsApp blast\u201d tools look cheap, but when you want to scale, convert, and automate, they often fall short. If you need predictable pricing, full-service execution, and a partner who drives growth, you should compare WABOOM vs. WASender \u2014 because what you really&#8230;<\/p>","protected":false},"author":1,"featured_media":0,"parent":0,"menu_order":0,"comment_status":"closed","ping_status":"closed","template":"","meta":{"_bbp_topic_count":0,"_bbp_reply_count":0,"_bbp_total_topic_count":0,"_bbp_total_reply_count":0,"_bbp_voice_count":0,"_bbp_anonymous_reply_count":0,"_bbp_topic_count_hidden":0,"_bbp_reply_count_hidden":0,"_bbp_forum_subforum_count":0,"_monsterinsights_skip_tracking":false,"_monsterinsights_sitenote_active":false,"_monsterinsights_sitenote_note":"","_monsterinsights_sitenote_category":0,"footnotes":""},"class_list":["post-6371","page","type-page","status-publish","hentry"],"_links":{"self":[{"href":"https:\/\/waboom.net\/it\/wp-json\/wp\/v2\/pages\/6371","targetHints":{"allow":["GET"]}}],"collection":[{"href":"https:\/\/waboom.net\/it\/wp-json\/wp\/v2\/pages"}],"about":[{"href":"https:\/\/waboom.net\/it\/wp-json\/wp\/v2\/types\/page"}],"author":[{"embeddable":true,"href":"https:\/\/waboom.net\/it\/wp-json\/wp\/v2\/users\/1"}],"replies":[{"embeddable":true,"href":"https:\/\/waboom.net\/it\/wp-json\/wp\/v2\/comments?post=6371"}],"version-history":[{"count":0,"href":"https:\/\/waboom.net\/it\/wp-json\/wp\/v2\/pages\/6371\/revisions"}],"wp:attachment":[{"href":"https:\/\/waboom.net\/it\/wp-json\/wp\/v2\/media?parent=6371"}],"curies":[{"name":"parola chiave","href":"https:\/\/api.w.org\/{rel}","templated":true}]}}