{"id":6304,"date":"2025-11-16T19:38:18","date_gmt":"2025-11-16T19:38:18","guid":{"rendered":"https:\/\/waboom.net\/?page_id=6304"},"modified":"2025-11-19T13:23:06","modified_gmt":"2025-11-19T13:23:06","slug":"frequently-asked-question","status":"publish","type":"page","link":"https:\/\/waboom.net\/pl\/frequently-asked-question\/","title":{"rendered":"Frequently Asked Question"},"content":{"rendered":"<div data-elementor-type=\"wp-page\" data-elementor-id=\"6304\" class=\"elementor elementor-6304\">\n\t\t\t\t<div class=\"elementor-element elementor-element-4b701d2 e-flex e-con-boxed e-con e-parent\" data-id=\"4b701d2\" data-element_type=\"container\" data-e-type=\"container\">\n\t\t\t\t\t<div class=\"e-con-inner\">\n\t\t\t\t<div class=\"elementor-element elementor-element-104c09c elementor-widget elementor-widget-heading\" data-id=\"104c09c\" data-element_type=\"widget\" data-e-type=\"widget\" data-widget_type=\"heading.default\">\n\t\t\t\t\t<h2 class=\"elementor-heading-title elementor-size-default\">Cz\u0119sto zadawane pytania<\/h2>\t\t\t\t<\/div>\n\t\t\t\t\t<\/div>\n\t\t\t\t<\/div>\n\t\t<div class=\"elementor-element elementor-element-3238c81 e-flex e-con-boxed e-con e-parent\" data-id=\"3238c81\" data-element_type=\"container\" data-e-type=\"container\">\n\t\t\t\t\t<div class=\"e-con-inner\">\n\t\t\t\t<div class=\"elementor-element elementor-element-d85c86f elementor-widget elementor-widget-elementskit-faq\" data-id=\"d85c86f\" data-element_type=\"widget\" data-e-type=\"widget\" data-widget_type=\"elementskit-faq.default\">\n\t\t\t\t\t<div class=\"ekit-wid-con\" >\n                <div class=\"elementskit-single-faq elementor-repeater-item-aae44e8\">\n            <div class=\"elementskit-faq-header\">\n                <h2 class=\"elementskit-faq-title\">P1: Czy dostarczacie tylko oprogramowanie, czy mo\u017cecie pom\u00f3c nam w opracowaniu strategii marketingowej?<\/h2>\n            <\/div>\n            <div class=\"elementskit-faq-body\">\n                Oferujemy oba te aspekty. WABOOM to nie tylko platforma programistyczna; jeste\u015bmy partnerem strategicznym. Oferujemy specjalistyczne us\u0142ugi wspieraj\u0105ce sukces WhatsApp: Opracowywanie strategii: Pomagamy zaprojektowa\u0107 kompletny lejek zaanga\u017cowania w WhatsApp, od pozyskiwania lead\u00f3w po konwersj\u0119. Planowanie realizacji: Doradzamy w zakresie optymalnego wykorzystania chatbot\u00f3w, kampanii drip i masowych transmisji w Twojej bran\u017cy.            <\/div>\n        <\/div>\n                <div class=\"elementskit-single-faq elementor-repeater-item-ca72e17\">\n            <div class=\"elementskit-faq-header\">\n                <h2 class=\"elementskit-faq-title\">P2: Czy WABOOM mo\u017ce skonfigurowa\u0107 i uruchomi\u0107 nasze reklamy Click-to-WhatsApp?<\/h2>\n            <\/div>\n            <div class=\"elementskit-faq-body\">\n                Tak. Oferujemy opcjonalne, dedykowane us\u0142ugi reklamowe. Nasi eksperci zajm\u0105 si\u0119 ca\u0142ym cyklem \u017cycia kampanii reklamowych Click-to-WhatsApp w Twoim imieniu, w tym: strategi\u0105 kreatywn\u0105 i tekstem reklamowym. Targetowaniem i optymalizacj\u0105 w Mened\u017cerze reklam Meta. Automatycznym routingiem i natychmiastow\u0105 kwalifikacj\u0105 lead\u00f3w w WABOOM.            <\/div>\n        <\/div>\n                <div class=\"elementskit-single-faq elementor-repeater-item-102b84e\">\n            <div class=\"elementskit-faq-header\">\n                <h2 class=\"elementskit-faq-title\">P3: Czy oferujecie bezp\u0142atne konsultacje dotycz\u0105ce strategii WhatsApp przed rejestracj\u0105?<\/h2>\n            <\/div>\n            <div class=\"elementskit-faq-body\">\n                Oczywi\u015bcie. Oferujemy bezp\u0142atn\u0105 konsultacj\u0119 z jednym z naszych strateg\u00f3w WhatsApp. Ta niezobowi\u0105zuj\u0105ca sesja ma na celu analiz\u0119 Twojego obecnego lejka sprzeda\u017cowego i opracowanie spersonalizowanego planu realizacji z wykorzystaniem platformy WABOOM.            <\/div>\n        <\/div>\n                <div class=\"elementskit-single-faq elementor-repeater-item-572dcf2\">\n            <div class=\"elementskit-faq-header\">\n                <h2 class=\"elementskit-faq-title\">P4: Ile kosztuje WABOOM i czy s\u0105 jakie\u015b ukryte op\u0142aty?<\/h2>\n            <\/div>\n            <div class=\"elementskit-faq-body\">\n                Ca\u0142kowity koszt WABOOM jest przejrzysty i sk\u0142ada si\u0119 z dw\u00f3ch element\u00f3w: Subskrypcja platformy: sta\u0142a miesi\u0119czna lub roczna op\u0142ata za dost\u0119p do WABOOM CRM, Chatbot Builder, Live Chat Panel i wszystkich narz\u0119dzi automatyzacji. Op\u0142aty za rozmowy WhatsApp: s\u0105 to op\u0142aty pobierane przez Meta (WhatsApp) za ka\u017cdy 24-godzinny w\u0105tek rozmowy zainicjowany przez Twoj\u0105 firm\u0119 lub klienta. WABOOM nie dolicza mar\u017cy do tych op\u0142at za rozmowy Meta.            <\/div>\n        <\/div>\n                <div class=\"elementskit-single-faq elementor-repeater-item-0be5efd\">\n            <div class=\"elementskit-faq-header\">\n                <h2 class=\"elementskit-faq-title\">P5: Jakie op\u0142aty zostan\u0105 naliczone, je\u015bli moja p\u0142atno\u015b\u0107 si\u0119 nie powiedzie i b\u0119d\u0119 musia\u0142 ponowi\u0107 pr\u00f3b\u0119 wys\u0142ania wiadomo\u015bci?<\/h2>\n            <\/div>\n            <div class=\"elementskit-faq-body\">\n                Dostarczanie wiadomo\u015bci opiera si\u0119 na infrastrukturze Meta. W przypadku niepowodzenia wiadomo\u015bci, WABOOM zawiera funkcj\u0119 \u201eNieudane pr\u00f3by\u201d, kt\u00f3ra pr\u00f3buje ponownie wys\u0142a\u0107 wiadomo\u015b\u0107 do 3 razy, zapewniaj\u0105c wysok\u0105 skuteczno\u015b\u0107 dostarczania. Op\u0142aty naliczane s\u0105 tylko za wiadomo\u015bci, kt\u00f3re zosta\u0142y pomy\u015blnie dostarczone w zdefiniowanym przez Meta przedziale czasowym.            <\/div>\n        <\/div>\n                <div class=\"elementskit-single-faq elementor-repeater-item-064998e\">\n            <div class=\"elementskit-faq-header\">\n                <h2 class=\"elementskit-faq-title\">Jestem u\u017cytkownikiem o du\u017cym nat\u0119\u017ceniu ruchu. Czy mog\u0119 otrzyma\u0107 spersonalizowany plan cenowy?<\/h2>\n            <\/div>\n            <div class=\"elementskit-faq-body\">\n                Tak. Dla firm o wyj\u0105tkowo du\u017cej liczbie wiadomo\u015bci lub agent\u00f3w oferujemy spersonalizowane plany Enterprise dostosowane do ich skali, zapewniaj\u0105c lepsz\u0105 efektywno\u015b\u0107 kosztow\u0105 subskrypcji platformy.            <\/div>\n        <\/div>\n                <div class=\"elementskit-single-faq elementor-repeater-item-b6d77c1\">\n            <div class=\"elementskit-faq-header\">\n                <h2 class=\"elementskit-faq-title\">Jak szybko mog\u0119 uaktywni\u0107 sw\u00f3j numer WhatsApp i zacz\u0105\u0107 wysy\u0142a\u0107 wiadomo\u015bci?<\/h2>\n            <\/div>\n            <div class=\"elementskit-faq-body\">\n                Mo\u017cesz uzyska\u0107 dost\u0119p do platformy WABOOM i rozpocz\u0105\u0107 tworzenie przep\u0142yw\u00f3w chatbota natychmiast po rejestracji. Sam proces pe\u0142nego po\u0142\u0105czenia Twojego numeru z oficjalnym API Cloud (co obejmuje weryfikacj\u0119 firmy na Facebooku) trwa zazwyczaj od 3 do 5 dni roboczych.            <\/div>\n        <\/div>\n                <div class=\"elementskit-single-faq elementor-repeater-item-98d1cf5\">\n            <div class=\"elementskit-faq-header\">\n                <h2 class=\"elementskit-faq-title\">P8: Czy mog\u0119 u\u017cywa\u0107 swojego obecnego numeru WhatsApp w WABOOM? Co stanie si\u0119 z histori\u0105 moich czat\u00f3w?<\/h2>\n            <\/div>\n            <div class=\"elementskit-faq-body\">\n                Tak, mo\u017cesz przenie\u015b\u0107 (przenie\u015b\u0107) sw\u00f3j obecny numer WhatsApp Business. Podczas migracji historia czat\u00f3w nie jest automatycznie przenoszona na now\u0105 platform\u0119 API ze wzgl\u0119du na polityk\u0119 prywatno\u015bci WhatsApp. Jednak wszystkie przysz\u0142e czaty b\u0119d\u0105 trwale zapisywane w systemie WABOOM CRM.            <\/div>\n        <\/div>\n                <div class=\"elementskit-single-faq elementor-repeater-item-f60365d\">\n            <div class=\"elementskit-faq-header\">\n                <h2 class=\"elementskit-faq-title\">Jak zmieni\u0107 moje zdj\u0119cie w panelu administratora?<\/h2>\n            <\/div>\n            <div class=\"elementskit-faq-body\">\n                Daleko, daleko st\u0105d, za g\u00f3rami s\u0142\u00f3w, daleko od kraj\u00f3w Vokalia i Consonantia, mieszkaj\u0105 \u015blepe teksty. Oddzielone, mieszkaj\u0105 w Bookmarksgrove tu\u017c nad brzegiem morza.            <\/div>\n        <\/div>\n                <div class=\"elementskit-single-faq elementor-repeater-item-b1445ce\">\n            <div class=\"elementskit-faq-header\">\n                <h2 class=\"elementskit-faq-title\">P9: Jak mog\u0119 uzyska\u0107 certyfikat Verified Green Tick i w jaki spos\u00f3b mo\u017ce mi w tym pom\u00f3c WABOOM?<\/h2>\n            <\/div>\n            <div class=\"elementskit-faq-body\">\n                Certyfikat Green Tick (Oficjalne Konto Firmowe) jest przyznawany przez Meta na podstawie presti\u017cu firmy. WABOOM zapewnia, \u017ce korzystasz z Oficjalnego API Chmury \u2013 niepodlegaj\u0105cego negocjacjom technicznego warunku \u2013 i doradza, jak zmaksymalizowa\u0107 swoje szanse na pomy\u015blne rozpatrzenie wniosku.            <\/div>\n        <\/div>\n                <div class=\"elementskit-single-faq elementor-repeater-item-1bfc044\">\n            <div class=\"elementskit-faq-header\">\n                <h2 class=\"elementskit-faq-title\">P10: Czy mog\u0119 u\u017cywa\u0107 WABOOM na urz\u0105dzeniu mobilnym, czy jest to tylko aplikacja na PC?<\/h2>\n            <\/div>\n            <div class=\"elementskit-faq-body\">\n                WABOOM to aplikacja internetowa dost\u0119pna w dowolnej przegl\u0105darce na komputerze PC. Chocia\u017c nie oferujemy osobnej \"aplikacji mobilnej do przegl\u0105darki\" do pobrania, platforma zosta\u0142a zaprojektowana tak, aby reagowa\u0142a na urz\u0105dzenia mobilne, umo\u017cliwiaj\u0105c niezb\u0119dne zarz\u0105dzanie i monitorowanie w podr\u00f3\u017cy.            <\/div>\n        <\/div>\n                <div class=\"elementskit-single-faq elementor-repeater-item-49ad8ee\">\n            <div class=\"elementskit-faq-header\">\n                <h2 class=\"elementskit-faq-title\">P11: Jak obs\u0142ugiwa\u0107 p\u0142atno\u015bci? Czy klienci mog\u0105 p\u0142aci\u0107 bezpo\u015brednio na czacie?<\/h2>\n            <\/div>\n            <div class=\"elementskit-faq-body\">\n                Tak. WABOOM umo\u017cliwia p\u0142atno\u015bci w WhatsApp, umo\u017cliwiaj\u0105c wysy\u0142anie bezpiecznych link\u00f3w do p\u0142atno\u015bci lub korzystanie z wbudowanych funkcji p\u0142atno\u015bci WhatsApp (je\u015bli s\u0105 dost\u0119pne). Oznacza to, \u017ce klienci mog\u0105 przegl\u0105da\u0107 Tw\u00f3j katalog i dokonywa\u0107 p\u0142atno\u015bci bez opuszczania interfejsu czatu.            <\/div>\n        <\/div>\n                <div class=\"elementskit-single-faq elementor-repeater-item-87f33e3\">\n            <div class=\"elementskit-faq-header\">\n                <h2 class=\"elementskit-faq-title\">P12: Jak bezpiecznie przes\u0142a\u0107 rozmow\u0119, \u0142\u0105cznie z jej histori\u0105, od jednego agenta do drugiego?<\/h2>\n            <\/div>\n            <div class=\"elementskit-faq-body\">\n                W Panelu Czatu na \u017bywo czaty s\u0105 przenoszone natychmiastowo za pomoc\u0105 jednego klikni\u0119cia. Po zaakceptowaniu przeniesionego czatu przez Agenta B, uzyskuje on pe\u0142ny dost\u0119p do ca\u0142ej historii czatu oraz profilu klienta (atrybut\u00f3w, tag\u00f3w segmentacji) udost\u0119pnianych przez WhatsApp CRM.            <\/div>\n        <\/div>\n                <div class=\"elementskit-single-faq elementor-repeater-item-9afca5d\">\n            <div class=\"elementskit-faq-header\">\n                <h2 class=\"elementskit-faq-title\">P13: W jaki spos\u00f3b dane klient\u00f3w s\u0105 segmentowane na potrzeby ukierunkowanych kampanii?<\/h2>\n            <\/div>\n            <div class=\"elementskit-faq-body\">\n                Dane klient\u00f3w s\u0105 przechowywane za pomoc\u0105 atrybut\u00f3w w systemie WABOOM CRM. Atrybuty te mog\u0105 by\u0107 ustawiane r\u0119cznie przez agent\u00f3w lub automatycznie przez chatbota (np. product_interest: kawa, lead_score: wysoki). Atrybuty te mo\u017cna nast\u0119pnie wykorzysta\u0107 do filtrowania i segmentowania listy w celu uzyskania precyzyjnie ukierunkowanych masowych transmisji WhatsApp lub kampanii drip.            <\/div>\n        <\/div>\n                <div class=\"elementskit-single-faq elementor-repeater-item-8fea547\">\n            <div class=\"elementskit-faq-header\">\n                <h2 class=\"elementskit-faq-title\">P14: Jak usun\u0105\u0107 kontakty lub agent\u00f3w z mojego konta WABOOM?<\/h2>\n            <\/div>\n            <div class=\"elementskit-faq-body\">\n                Zar\u00f3wno zarz\u0105dzanie kontaktami, jak i agentami odbywa si\u0119 bezpiecznie w panelu WABOOM. Mo\u017cesz \u0142atwo usuwa\u0107 poszczeg\u00f3lne kontakty lub blokowa\u0107 dost\u0119p agentom za po\u015brednictwem dedykowanych stron Regu\u0142 agent\u00f3w i ustawie\u0144 kontakt\u00f3w.            <\/div>\n        <\/div>\n                \n    <\/div>\t\t\t\t<\/div>\n\t\t\t\t\t<\/div>\n\t\t\t\t<\/div>\n\t\t\t\t<\/div>","protected":false},"excerpt":{"rendered":"<p>Frequently Asked Questions Q1: Do you only provide the software, or can you help us with our marketing strategy? We provide both. WABOOM is not just a software platform; we are a strategic partner. We offer specialized services for WhatsApp success: Strategy Development: We help design your complete WhatsApp engagement funnel, from lead capture to&#8230;<\/p>","protected":false},"author":1,"featured_media":0,"parent":0,"menu_order":0,"comment_status":"closed","ping_status":"closed","template":"","meta":{"_bbp_topic_count":0,"_bbp_reply_count":0,"_bbp_total_topic_count":0,"_bbp_total_reply_count":0,"_bbp_voice_count":0,"_bbp_anonymous_reply_count":0,"_bbp_topic_count_hidden":0,"_bbp_reply_count_hidden":0,"_bbp_forum_subforum_count":0,"_monsterinsights_skip_tracking":false,"_monsterinsights_sitenote_active":false,"_monsterinsights_sitenote_note":"","_monsterinsights_sitenote_category":0,"footnotes":""},"class_list":["post-6304","page","type-page","status-publish","hentry"],"_links":{"self":[{"href":"https:\/\/waboom.net\/pl\/wp-json\/wp\/v2\/pages\/6304","targetHints":{"allow":["GET"]}}],"collection":[{"href":"https:\/\/waboom.net\/pl\/wp-json\/wp\/v2\/pages"}],"about":[{"href":"https:\/\/waboom.net\/pl\/wp-json\/wp\/v2\/types\/page"}],"author":[{"embeddable":true,"href":"https:\/\/waboom.net\/pl\/wp-json\/wp\/v2\/users\/1"}],"replies":[{"embeddable":true,"href":"https:\/\/waboom.net\/pl\/wp-json\/wp\/v2\/comments?post=6304"}],"version-history":[{"count":0,"href":"https:\/\/waboom.net\/pl\/wp-json\/wp\/v2\/pages\/6304\/revisions"}],"wp:attachment":[{"href":"https:\/\/waboom.net\/pl\/wp-json\/wp\/v2\/media?parent=6304"}],"curies":[{"name":"wp","href":"https:\/\/api.w.org\/{rel}","templated":true}]}}