{"id":6333,"date":"2025-11-16T21:06:58","date_gmt":"2025-11-16T21:06:58","guid":{"rendered":"https:\/\/waboom.net\/?page_id=6333"},"modified":"2025-11-19T13:20:58","modified_gmt":"2025-11-19T13:20:58","slug":"waboom-vs-interakt","status":"publish","type":"page","link":"https:\/\/waboom.net\/pl\/waboom-vs-interakt\/","title":{"rendered":"WABOOM kontra Interakt"},"content":{"rendered":"<p><\/p>\n\n\n\n<p>Dowiedz si\u0119, dlaczego WABOOM eliminuje w\u0105tpliwo\u015bci dotycz\u0105ce cen, umo\u017cliwia zaawansowan\u0105 automatyzacj\u0119 i zapewnia strategiczne partnerstwo, kt\u00f3rego Twoja firma potrzebuje, aby w pe\u0142ni wykorzysta\u0107 potencja\u0142 WhatsApp.<\/p>\n\n\n\n<h1 class=\"wp-block-heading\">Por\u00f3wnanie funkcji po funkcji: WABOOM kontra Interakt<\/h1>\n\n\n\n<p>Poni\u017cej znajduje si\u0119 przejrzyste zestawienie funkcji, kt\u00f3re wp\u0142ywaj\u0105 na konwersje i zwrot z inwestycji (ROI).<\/p>\n\n\n\n<figure class=\"wp-block-table\"><table class=\"has-fixed-layout\"><thead><tr><th><strong>Funkcja<\/strong><\/th><th><strong>WABOOM<\/strong><\/th><th><strong>Interakcja<\/strong><\/th><\/tr><\/thead><tbody><tr><td><strong>Model cenowy<\/strong><\/td><td>Przejrzyste plany miesi\u0119czne\/roczne<\/td><td>Z\u0142o\u017cone plany kwartalne\/poziomowe<\/td><\/tr><tr><td><strong>Meta znaczniki konwersacji<\/strong><\/td><td>0% Mar\u017ca (koszt przekazywany)<\/td><td>Zmienna mar\u017ca (wy\u017cszy koszt ca\u0142kowity)<\/td><\/tr><tr><td><strong>Logowania wolnych agent\u00f3w<\/strong><\/td><td>Nieograniczony<\/td><td>R\u00f3\u017cni si\u0119 w zale\u017cno\u015bci od planu; Cz\u0119sto ograniczone<\/td><\/tr><tr><td><strong>Konstruktor chatbot\u00f3w<\/strong><\/td><td>Kreator wizualny typu \u201eprzeci\u0105gnij i upu\u015b\u0107\u201d (wszystkie poziomy)<\/td><td>Obs\u0142uga GPT tylko w wy\u017cszych poziomach<\/td><\/tr><tr><td><strong>P\u0142atno\u015bci WhatsApp<\/strong><\/td><td>Wbudowana aktywacja jednym klikni\u0119ciem<\/td><td>Wymaga wy\u017cszego planu lub z\u0142o\u017conej konfiguracji<\/td><\/tr><tr><td><strong>Integracje API\/webhook<\/strong><\/td><td>Bezp\u0142atne i nieograniczone (wszystkie poziomy)<\/td><td>Ograniczone w planach startowych; drogie w wy\u017cszych poziomach<\/td><\/tr><tr><td><strong>Us\u0142uga strategii i konfiguracji reklam<\/strong><\/td><td>Opcjonalna pe\u0142na strategia i realizacja reklam<\/td><td>Brak; Tylko samoobs\u0142uga<\/td><\/tr><tr><td><strong>Obs\u0142uga klienta<\/strong><\/td><td>Dedykowany mened\u017cer konta + po\u0142\u0105czenia telefoniczne, Zoom i czat<\/td><td>Tylko e-mail; zg\u0142aszano d\u0142ugi czas reakcji<\/td><\/tr><tr><td><strong>Wydajno\u015b\u0107 transmisji<\/strong><\/td><td>Zoptymalizowana, szybka dostawa<\/td><td>Zale\u017cne od planu; mo\u017ce by\u0107 wolniejsze<\/td><\/tr><tr><td><strong>Weryfikacja Green Tick<\/strong><\/td><td>Dedykowane doradztwo techniczne i strategiczne<\/td><td>Tylko podstawowa zgodno\u015b\u0107 techniczna<\/td><\/tr><\/tbody><\/table><\/figure>\n\n\n\n<h1 class=\"wp-block-heading\">Szczeg\u00f3\u0142owe por\u00f3wnanie: gdzie WABOOM wygrywa<\/h1>\n\n\n\n<h2 class=\"wp-block-heading\">I. Ceny i ca\u0142kowity koszt posiadania (TCO)<\/h2>\n\n\n\n<p>Najwi\u0119ksz\u0105 barier\u0105 skalowania jest <strong>nieoczekiwane koszty<\/strong> zwykle ukryte w skomplikowanych strukturach cenowych.<\/p>\n\n\n\n<h3 class=\"wp-block-heading\"><strong>Zaleta WABOOM<\/strong><\/h3>\n\n\n\n<ul class=\"wp-block-list\">\n<li><strong>Obietnica znacznik\u00f3w 0%:<\/strong><br>Op\u0142aty WABOOM <strong>zero mar\u017cy<\/strong> na temat oficjalnych op\u0142at za rozmowy w serwisie Meta.<br>Za tyle, ile pobiera Meta, nie p\u0142acisz nic wi\u0119cej.<br>To jedyny spos\u00f3b na dok\u0142adne prognozowanie wzrostu.<\/li>\n\n\n\n<li><strong>Proste plany:<\/strong><br>Podstawowe funkcje, takie jak dost\u0119p do API, kreator chatbot\u00f3w, segmentacja i przep\u0142ywy pracy, s\u0105 zawarte w pakiecie bez konieczno\u015bci wykupywania drogich plan\u00f3w.<\/li>\n<\/ul>\n\n\n\n<h3 class=\"wp-block-heading\"><strong>S\u0142abo\u015b\u0107 interakcji<\/strong><\/h3>\n\n\n\n<ul class=\"wp-block-list\">\n<li>Interakt cz\u0119sto u\u017cywa <strong>System portfela przedp\u0142aconego<\/strong> i mo\u017ce mie\u0107 zastosowanie:\n<ul class=\"wp-block-list\">\n<li>Wy\u017csze ceny wiadomo\u015bci<\/li>\n\n\n\n<li>Dodatkowe mar\u017ce<\/li>\n\n\n\n<li>Ograniczenia dotycz\u0105ce plan\u00f3w ni\u017cszego poziomu<\/li>\n<\/ul>\n<\/li>\n\n\n\n<li>Podnosi to koszty pozyskiwania klient\u00f3w i komplikuje proces bud\u017cetowania.<\/li>\n\n\n\n<li>Ich plany ni\u017cszego poziomu blokuj\u0105 niezb\u0119dne narz\u0119dzia za wy\u017cszymi ulepszeniami.<\/li>\n<\/ul>\n\n\n\n<h2 class=\"wp-block-heading\">II. Automatyzacja, chatbot i zarz\u0105dzanie leadami<\/h2>\n\n\n\n<p>Platforma WhatsApp powinna automatyzowa\u0107 sprzeda\u017c natychmiast, a nie po kilku tygodniach.<\/p>\n\n\n\n<h3 class=\"wp-block-heading\"><strong>Zaleta WABOOM<\/strong><\/h3>\n\n\n\n<ul class=\"wp-block-list\">\n<li><strong>Prawdziwy kreator chatbot\u00f3w typu \u201eprzeci\u0105gnij i upu\u015b\u0107\u201d:<\/strong><br>Dost\u0119pne we wszystkich planach. Tw\u00f3rz przep\u0142ywy, logik\u0119 warunkow\u0105, menu, analizy i po\u0142\u0105czenia CRM natychmiast.<\/li>\n\n\n\n<li><strong>Pe\u0142ny dost\u0119p do funkcji:<\/strong><br>Kampanie drip, zaawansowana segmentacja i analiza w czasie rzeczywistym s\u0105 uwzgl\u0119dnione od pierwszego dnia.<\/li>\n<\/ul>\n\n\n\n<h3 class=\"wp-block-heading\"><strong>S\u0142abo\u015b\u0107 interakcji<\/strong><\/h3>\n\n\n\n<ul class=\"wp-block-list\">\n<li>Wiele z najcenniejszych funkcji automatyzacji Interakt, zw\u0142aszcza chatboty oparte na sztucznej inteligencji i zaawansowane analizy, to: <strong>zablokowane za planami wy\u017cszego poziomu<\/strong>, zwi\u0119kszaj\u0105c ca\u0142kowity koszt potrzebny do zbudowania funkcjonalnego lejka.<\/li>\n<\/ul>\n\n\n\n<h2 class=\"wp-block-heading\">III. Partnerstwo strategiczne i wsparcie reklamowe<\/h2>\n\n\n\n<p>Nie tylko dostarczamy Ci oprogramowanie. Pomagamy Ci generowa\u0107 realne przychody.<\/p>\n\n\n\n<h3 class=\"wp-block-heading\"><strong>Zaleta WABOOM<\/strong><\/h3>\n\n\n\n<ul class=\"wp-block-list\">\n<li><strong>Realizacja reklam gotowych do u\u017cycia:<\/strong><br>WABOOM mo\u017ce zaplanowa\u0107, uruchomi\u0107, zoptymalizowa\u0107 i skalowa\u0107 Twoje <strong>Reklamy typu \u201ekliknij i przejd\u017a do WhatsApp\u201d<\/strong>.<br>Otrzymujesz realizacj\u0119 kampanii pod okiem ekspert\u00f3w zamiast metody pr\u00f3b i b\u0142\u0119d\u00f3w.<\/li>\n\n\n\n<li><strong>Bezp\u0142atna konsultacja strategiczna:<\/strong><br>Ka\u017cda firma otrzymuje bezp\u0142atn\u0105 sesj\u0119, podczas kt\u00f3rej zaplanuje lejek sprzeda\u017cowy WhatsApp i upewni si\u0119, \u017ce konfiguracja jest zoptymalizowana pod k\u0105tem przychod\u00f3w.<\/li>\n<\/ul>\n\n\n\n<h3 class=\"wp-block-heading\"><strong>S\u0142abo\u015b\u0107 interakcji<\/strong><\/h3>\n\n\n\n<ul class=\"wp-block-list\">\n<li>Interakt jest <strong>samoobs\u0142uga<\/strong> platforma.<\/li>\n\n\n\n<li>Cho\u0107 oferuj\u0105 narz\u0119dzia, to jednak nie <strong>nie<\/strong> zapewniamy strategiczne wsparcie, planowanie lejk\u00f3w sprzeda\u017cowych i realizacj\u0119 reklam, niezb\u0119dne do maksymalizacji zwrotu z inwestycji (ROI).<\/li>\n<\/ul>\n\n\n\n<h1 class=\"wp-block-heading\">Dlaczego WABOOM jest najlepszym wyborem<\/h1>\n\n\n\n<p>Rozwi\u0105zanie WABOOM zosta\u0142o zaprojektowane dla przedsi\u0119biorstw o du\u017cym wzro\u015bcie, kt\u00f3re wymagaj\u0105 przejrzysto\u015bci, skuteczno\u015bci i partnerstwa.<\/p>\n\n\n\n<h3 class=\"wp-block-heading\">\u2714 Efektywno\u015b\u0107 kosztowa<\/h3>\n\n\n\n<p>Mar\u017ca 0% na op\u0142atach Meta = tysi\u0105ce zaoszcz\u0119dzone w miar\u0119 skalowania.<\/p>\n\n\n\n<h3 class=\"wp-block-heading\">\u2714 Pr\u0119dko\u015b\u0107 i wsparcie<\/h3>\n\n\n\n<p>Prawdziwe wsparcie ludzkie WhatsApp, po\u0142\u0105czenia, Zoom, kt\u00f3re pomog\u0105 Ci rozpocz\u0105\u0107, zoptymalizowa\u0107 i pozosta\u0107 online.<\/p>\n\n\n\n<h3 class=\"wp-block-heading\">\u2714 Nieograniczona automatyzacja<\/h3>\n\n\n\n<p>Funkcja \u201eprzeci\u0105gnij i upu\u015b\u0107\u201d w chatbocie + nieograniczona liczba integracji z API zawarta od samego pocz\u0105tku.<\/p>\n\n\n\n<h3 class=\"wp-block-heading\">\u2714 Partner ds. rozwoju pe\u0142nego stosu<\/h3>\n\n\n\n<p>Od konfiguracji, przez reklamy, po strategi\u0119 \u2014 WABOOM pomaga Ci natychmiast generowa\u0107 przychody.<\/p>\n\n\n\n<h1 class=\"wp-block-heading\">Chcesz przesta\u0107 p\u0142aci\u0107 ukryte op\u0142aty i zacz\u0105\u0107 prawid\u0142owo skalowa\u0107 swoj\u0105 strategi\u0119 WhatsApp?<\/h1>\n\n\n\n<h3 class=\"wp-block-heading\"><strong>Za\u0142\u00f3\u017c BEZP\u0141ATNE konto WABOOM ju\u017c teraz!<\/strong><\/h3>\n\n\n\n<p>Karta kredytowa nie jest wymagana. Pe\u0142ny dost\u0119p do podstawowych funkcji.<\/p>","protected":false},"excerpt":{"rendered":"<p>Discover why WABOOM eliminates pricing confusion, unlocks superior automation, and provides the strategic partnership your business needs to truly scale on WhatsApp. Feature-by-Feature Comparison: WABOOM vs. Interakt Below is a clear side-by-side breakdown of the features that drive conversions and ROI. Feature WABOOM Interakt Pricing Model Transparent Monthly\/Annual Plans Complex Quarterly\/Tiered Plans Meta Conversation Markup&#8230;<\/p>","protected":false},"author":1,"featured_media":0,"parent":0,"menu_order":0,"comment_status":"closed","ping_status":"closed","template":"","meta":{"_bbp_topic_count":0,"_bbp_reply_count":0,"_bbp_total_topic_count":0,"_bbp_total_reply_count":0,"_bbp_voice_count":0,"_bbp_anonymous_reply_count":0,"_bbp_topic_count_hidden":0,"_bbp_reply_count_hidden":0,"_bbp_forum_subforum_count":0,"_monsterinsights_skip_tracking":false,"_monsterinsights_sitenote_active":false,"_monsterinsights_sitenote_note":"","_monsterinsights_sitenote_category":0,"footnotes":""},"class_list":["post-6333","page","type-page","status-publish","hentry"],"_links":{"self":[{"href":"https:\/\/waboom.net\/pl\/wp-json\/wp\/v2\/pages\/6333","targetHints":{"allow":["GET"]}}],"collection":[{"href":"https:\/\/waboom.net\/pl\/wp-json\/wp\/v2\/pages"}],"about":[{"href":"https:\/\/waboom.net\/pl\/wp-json\/wp\/v2\/types\/page"}],"author":[{"embeddable":true,"href":"https:\/\/waboom.net\/pl\/wp-json\/wp\/v2\/users\/1"}],"replies":[{"embeddable":true,"href":"https:\/\/waboom.net\/pl\/wp-json\/wp\/v2\/comments?post=6333"}],"version-history":[{"count":0,"href":"https:\/\/waboom.net\/pl\/wp-json\/wp\/v2\/pages\/6333\/revisions"}],"wp:attachment":[{"href":"https:\/\/waboom.net\/pl\/wp-json\/wp\/v2\/media?parent=6333"}],"curies":[{"name":"wp","href":"https:\/\/api.w.org\/{rel}","templated":true}]}}