{"id":6335,"date":"2025-11-16T21:11:26","date_gmt":"2025-11-16T21:11:26","guid":{"rendered":"https:\/\/waboom.net\/?page_id=6335"},"modified":"2025-11-19T13:18:31","modified_gmt":"2025-11-19T13:18:31","slug":"waboom-vs-aisensy","status":"publish","type":"page","link":"https:\/\/waboom.net\/pl\/waboom-vs-aisensy\/","title":{"rendered":"WABOOM kontra AiSensy"},"content":{"rendered":"<p>Przesta\u0144 zadowala\u0107 si\u0119 podstawow\u0105 automatyzacj\u0105 i zawodnym wsparciem. Zapoznaj si\u0119 z ostatecznym por\u00f3wnaniem i przekonaj si\u0119, dlaczego WABOOM oferuje doskona\u0142\u0105 strategi\u0119 konwersji, przejrzyste ceny i niezr\u00f3wnane wsparcie, kt\u00f3re skaluje si\u0119 wraz z Tob\u0105.<\/p>\n\n\n\n<h2 class=\"wp-block-heading\"><strong>Por\u00f3wnanie funkcji: WABOOM kontra AiSensy<\/strong><\/h2>\n\n\n\n<figure class=\"wp-block-table\"><table class=\"has-fixed-layout\"><thead><tr><th>Funkcja<\/th><th><strong>WABOOM (Partner ds. rozwoju oferuj\u0105cy pe\u0142en zakres us\u0142ug)<\/strong><\/th><th><strong>AiSensy (platforma samoobs\u0142ugowa)<\/strong><\/th><\/tr><\/thead><tbody><tr><td><strong>Meta znaczniki konwersacji<\/strong><\/td><td><strong>Mar\u017ca 0% (rzeczywisty koszt przej\u015bcia)<\/strong><\/td><td>Cz\u0119sto zawiera ukryt\u0105 mar\u017c\u0119 w rozliczeniach<\/td><\/tr><tr><td><strong>Przejrzysto\u015b\u0107 cen<\/strong><\/td><td>Prosta, sta\u0142a op\u0142ata za platform\u0119 + <strong>rzeczywisty koszt meta<\/strong><\/td><td>Ceny zr\u00f3\u017cnicowane\/z\u0142o\u017cone; wsp\u00f3lne dla wszystkich funkcji<\/td><\/tr><tr><td><strong>Logowania agent\u00f3w<\/strong><\/td><td><strong>Nieograniczona liczba logowa\u0144 agent\u00f3w (wszystkie plany)<\/strong><\/td><td>Nieograniczony (Standardowy)<\/td><\/tr><tr><td><strong>Strategia i realizacja reklam<\/strong><\/td><td><strong>Dost\u0119pne jest dedykowane, pe\u0142ne zarz\u0105dzanie reklamami<\/strong><\/td><td>Tylko samoobs\u0142uga; wymaga do\u015bwiadczenia u\u017cytkownika<\/td><\/tr><tr><td><strong>Reklamy typu \u201ekliknij i przejd\u017a do WhatsApp\u201d<\/strong><\/td><td><strong>Zaawansowana segmentacja + natywna integracja CAPI<\/strong><\/td><td>Tak, ale brakuje g\u0142\u0119bszej automatyzacji i narz\u0119dzi do atrybucji<\/td><\/tr><tr><td><strong>Konstruktor chatbot\u00f3w<\/strong><\/td><td><strong>W pe\u0142ni odblokowany kreator \u201eprzeci\u0105gnij i upu\u015b\u0107\u201d (wszystkie poziomy)<\/strong><\/td><td>Sztuczna inteligencja\/GPT i zaawansowane przep\u0142ywy cz\u0119sto s\u0105 obj\u0119te ograniczeniami w ramach plan\u00f3w premium<\/td><\/tr><tr><td><strong>Dost\u0119p do API\/webhooka<\/strong><\/td><td><strong>Nieograniczony, darmowy, nieograniczony (wszystkie poziomy)<\/strong><\/td><td>Ograniczone lub ograniczone w planach startowych<\/td><\/tr><tr><td><strong>Model wsparcia<\/strong><\/td><td><strong>Dedykowany mened\u017cer konta + wsparcie telefoniczne, przez Zoom i czat<\/strong><\/td><td>Standardowy e-mail\/czat; zg\u0142oszono wolniejsz\u0105 eskalacj\u0119<\/td><\/tr><tr><td><strong>P\u0142atno\u015bci WhatsApp<\/strong><\/td><td><strong>Aktywacja jednym klikni\u0119ciem z bezproblemow\u0105 realizacj\u0105 zam\u00f3wienia w czacie<\/strong><\/td><td>Dost\u0119pne, ale wdro\u017cenie mo\u017ce by\u0107 niepor\u0119czne<\/td><\/tr><tr><td><strong>Pr\u0119dko\u015b\u0107 dostarczania transmisji<\/strong><\/td><td><strong>Zoptymalizowany pod k\u0105tem dostaw korporacyjnych o du\u017cej obj\u0119to\u015bci<\/strong><\/td><td>Wydajno\u015b\u0107 r\u00f3\u017cni si\u0119 w zale\u017cno\u015bci od planu i kolejki Meta<\/td><\/tr><\/tbody><\/table><\/figure>\n\n\n\n<h2 class=\"wp-block-heading\"><strong>Szczeg\u00f3\u0142owa analiza: dlaczego WABOOM to ostateczna aktualizacja<\/strong><\/h2>\n\n\n\n<h3 class=\"wp-block-heading\"><strong>I. Prawdziwy koszt skalowania: mar\u017ce i ukryte op\u0142aty<\/strong><\/h3>\n\n\n\n<p>AiSensy cz\u0119sto wydaje si\u0119 na pierwszy rzut oka niedrogie, ale prawdziwe koszty rozm\u00f3w to punkt, w kt\u00f3rym ujawniaj\u0105 si\u0119 najwi\u0119ksze r\u00f3\u017cnice.<\/p>\n\n\n\n<h4 class=\"wp-block-heading\"><strong>Zaleta WABOOM<\/strong><\/h4>\n\n\n\n<ul class=\"wp-block-list\">\n<li><strong>Gwarancja mar\u017cy 0%:<\/strong> Przechodzimy <strong>Op\u0142aty za konwersacj\u0119 meta<\/strong> Dostarczone do Ciebie po dok\u0142adnej cenie. Bez zb\u0119dnych dodatk\u00f3w, bez niespodzianek. Tw\u00f3j zwrot z inwestycji ro\u015bnie wraz ze wzrostem wolumenu.<\/li>\n\n\n\n<li><strong>Odblokowano wszystkie g\u0142\u00f3wne funkcje:<\/strong> Pe\u0142ny kreator chatbot\u00f3w, nieograniczona liczba interfejs\u00f3w API i nieograniczona liczba miejsc dla agent\u00f3w we wszystkich planach opr\u00f3cz wprowadzaj\u0105cych \u2014 brak \u201cpodatku od funkcji\u201d od rozwoju.<\/li>\n<\/ul>\n\n\n\n<h4 class=\"wp-block-heading\"><strong>S\u0142abo\u015b\u0107 AiSensy<\/strong><\/h4>\n\n\n\n<ul class=\"wp-block-list\">\n<li>Subtelne mar\u017ce na op\u0142atach Meta s\u0105 powszechne. Mar\u017ca w wysoko\u015bci 5% na 100 000 wiadomo\u015bci miesi\u0119cznie mo\u017ce szybko sprawi\u0107, \u017ce \u201cta\u0144sze\u201d plany stan\u0105 si\u0119 w rzeczywisto\u015bci dro\u017csze, co negatywnie wp\u0142ynie na przewidywalno\u015b\u0107 i rentowno\u015b\u0107.<\/li>\n<\/ul>\n\n\n\n<h3 class=\"wp-block-heading\"><strong>II. Partnerstwo kontra platforma: strategia i realizacja reklam<\/strong><\/h3>\n\n\n\n<p>AiSensy to narz\u0119dzie. WABOOM to partner wzrostu.<\/p>\n\n\n\n<h4 class=\"wp-block-heading\"><strong>Zaleta WABOOM<\/strong><\/h4>\n\n\n\n<ul class=\"wp-block-list\">\n<li><strong>Kompleksowe zarz\u0105dzanie reklamami:<\/strong> Projektujemy, uruchamiamy i optymalizujemy Twoje <strong>Kampanie typu \u201ekliknij i wy\u015blij do WhatsApp\u201d<\/strong> Czego\u015b takiego nie oferuje AiSensy. To gwarantuje maksymalny zwrot z inwestycji i eliminuje domys\u0142y.<\/li>\n\n\n\n<li><strong>G\u0142\u0119bsza integracja reklam:<\/strong> Nasze zaawansowane <strong>CAPI<\/strong> a przep\u0142ywy segmentacji gwarantuj\u0105 precyzyjne przypisanie i natychmiastowe kierowanie do w\u0142a\u015bciwego agenta lub przep\u0142ywu pracy.<\/li>\n<\/ul>\n\n\n\n<h4 class=\"wp-block-heading\"><strong>S\u0142abo\u015b\u0107 AiSensy<\/strong><\/h4>\n\n\n\n<ul class=\"wp-block-list\">\n<li>Cho\u0107 funkcja Click-to-WhatsApp jest dost\u0119pna, strategiczna optymalizacja le\u017cy po stronie u\u017cytkownika, co cz\u0119sto skutkuje ni\u017cszymi wska\u017anikami konwersji i marnotrawieniem \u015brodk\u00f3w na reklam\u0119.<\/li>\n<\/ul>\n\n\n\n<h3 class=\"wp-block-heading\"><strong>III. Wsparcie, niezawodno\u015b\u0107 i szybko\u015b\u0107 rozwi\u0105zywania problem\u00f3w<\/strong><\/h3>\n\n\n\n<p>Gdy Twoja komunikacja przestaje dzia\u0142a\u0107, biznes staje w miejscu. Potrzebujesz wsparcia, kt\u00f3re nie ka\u017ce Ci czeka\u0107.<\/p>\n\n\n\n<h4 class=\"wp-block-heading\"><strong>Zaleta WABOOM<\/strong><\/h4>\n\n\n\n<ul class=\"wp-block-list\">\n<li><strong>Proaktywne wsparcie wielokana\u0142owe:<\/strong> Telefon, Zoom, czat i e-mail prowadzone przez <strong>Dedykowany Mened\u017cer Kont<\/strong> dla wi\u0119kszo\u015bci plan\u00f3w \u015bredniej klasy.<\/li>\n\n\n\n<li><strong>Stabilno\u015b\u0107 na poziomie przedsi\u0119biorstwa:<\/strong> Zoptymalizowane pod k\u0105tem przesy\u0142u du\u017cej liczby wiadomo\u015bci, gwarantuj\u0105ce, \u017ce najwa\u017cniejsze wiadomo\u015bci transakcyjne dotr\u0105 do klient\u00f3w bez op\u00f3\u017anie\u0144.<\/li>\n<\/ul>\n\n\n\n<h4 class=\"wp-block-heading\"><strong>S\u0142abo\u015b\u0107 AiSensy<\/strong><\/h4>\n\n\n\n<ul class=\"wp-block-list\">\n<li>Pomoc techniczna dzia\u0142a, ale w przypadku pilnych lub technicznych problem\u00f3w cz\u0119sto jest powolna, a poleganie g\u0142\u00f3wnie na poczcie e-mail jest kosztowne w okresach szczytowego zapotrzebowania.<\/li>\n<\/ul>\n\n\n\n<h3 class=\"wp-block-heading\"><strong>IV. Nieograniczona automatyzacja: chatboty i p\u0142atno\u015bci<\/strong><\/h3>\n\n\n\n<p>Nowoczesne automatyzacje WhatsApp nie powinny wymaga\u0107 wykupywania abonamentu premium.<\/p>\n\n\n\n<h4 class=\"wp-block-heading\"><strong>Zaleta WABOOM<\/strong><\/h4>\n\n\n\n<ul class=\"wp-block-list\">\n<li><strong>Osoba zamykaj\u0105ca p\u0142atno\u015b\u0107:<\/strong> Nasze procesy p\u0142atno\u015bci i sk\u0142adania zam\u00f3wie\u0144 przez WhatsApp zapewniaj\u0105 p\u0142ynny proces od rozmowy telefonicznej do finalizacji zam\u00f3wienia, co znacznie zmniejsza liczb\u0119 porzuconych zam\u00f3wie\u0144.<\/li>\n\n\n\n<li><strong>Bez kodu, pe\u0142na moc:<\/strong> Nasz chatbot z funkcj\u0105 \u201eprzeci\u0105gnij i upu\u015b\u0107\u201d oferuje wszystkie bloki logiczne, warunki, wywo\u0142ania API i automatyzacje bez konieczno\u015bci przeprowadzania aktualizacji.<\/li>\n<\/ul>\n\n\n\n<h2 class=\"wp-block-heading\"><strong>Skaluj z pewno\u015bci\u0105 siebie, a nie ukrytymi kosztami<\/strong><\/h2>\n\n\n\n<p>Je\u015bli potrzebujesz jedynie podstawowej automatyzacji samoobs\u0142ugowej, AiSensy mo\u017ce spe\u0142ni\u0107 Twoje wymagania.<\/p>\n\n\n\n<p>Ale je\u015bli my\u015blisz powa\u017cnie <strong>skalowanie przychod\u00f3w, eliminacja mar\u017cy i korzystanie ze strategicznego wsparcia ekspert\u00f3w<\/strong> aby zmaksymalizowa\u0107 zwrot z inwestycji w reklamy i wydajno\u015b\u0107 automatyzacji, <strong>WABOOM jest zdecydowanym zwyci\u0119zc\u0105<\/strong>.<\/p>\n\n\n\n<p><strong>Chcesz przesta\u0107 p\u0142aci\u0107 ukryte mar\u017ce i zacz\u0105\u0107 inteligentnie skalowa\u0107?<\/strong><\/p>\n\n\n\n<h3 class=\"wp-block-heading\"><strong>Za\u0142\u00f3\u017c BEZP\u0141ATNE konto WABOOM<\/strong><\/h3>\n\n\n\n<p><em>Pe\u0142ny dost\u0119p do narz\u0119dzia Chatbot Builder i nieograniczona liczba logowa\u0144 agent\u00f3w.<\/em><\/p>","protected":false},"excerpt":{"rendered":"<p>Stop settling for basic automation and unreliable support. Dive into the definitive comparison and discover why WABOOM delivers superior conversion strategy, transparent pricing, and unmatched support that scales with you. Feature-by-Feature Comparison: WABOOM vs. AiSensy Feature WABOOM (Full-Service Growth Partner) AiSensy (Self-Service Platform) Meta Conversation Markup 0% Markup (True Pass-Through Cost) Often includes hidden markup&#8230;<\/p>","protected":false},"author":1,"featured_media":0,"parent":0,"menu_order":0,"comment_status":"closed","ping_status":"closed","template":"","meta":{"_bbp_topic_count":0,"_bbp_reply_count":0,"_bbp_total_topic_count":0,"_bbp_total_reply_count":0,"_bbp_voice_count":0,"_bbp_anonymous_reply_count":0,"_bbp_topic_count_hidden":0,"_bbp_reply_count_hidden":0,"_bbp_forum_subforum_count":0,"_monsterinsights_skip_tracking":false,"_monsterinsights_sitenote_active":false,"_monsterinsights_sitenote_note":"","_monsterinsights_sitenote_category":0,"footnotes":""},"class_list":["post-6335","page","type-page","status-publish","hentry"],"_links":{"self":[{"href":"https:\/\/waboom.net\/pl\/wp-json\/wp\/v2\/pages\/6335","targetHints":{"allow":["GET"]}}],"collection":[{"href":"https:\/\/waboom.net\/pl\/wp-json\/wp\/v2\/pages"}],"about":[{"href":"https:\/\/waboom.net\/pl\/wp-json\/wp\/v2\/types\/page"}],"author":[{"embeddable":true,"href":"https:\/\/waboom.net\/pl\/wp-json\/wp\/v2\/users\/1"}],"replies":[{"embeddable":true,"href":"https:\/\/waboom.net\/pl\/wp-json\/wp\/v2\/comments?post=6335"}],"version-history":[{"count":0,"href":"https:\/\/waboom.net\/pl\/wp-json\/wp\/v2\/pages\/6335\/revisions"}],"wp:attachment":[{"href":"https:\/\/waboom.net\/pl\/wp-json\/wp\/v2\/media?parent=6335"}],"curies":[{"name":"wp","href":"https:\/\/api.w.org\/{rel}","templated":true}]}}