{"id":6352,"date":"2025-11-17T17:10:49","date_gmt":"2025-11-17T17:10:49","guid":{"rendered":"https:\/\/waboom.net\/?page_id=6352"},"modified":"2025-11-19T13:16:37","modified_gmt":"2025-11-19T13:16:37","slug":"6352-2","status":"publish","type":"page","link":"https:\/\/waboom.net\/pl\/6352-2\/","title":{"rendered":"WABOOM kontra WATI"},"content":{"rendered":"<h1 class=\"wp-block-heading\">Przesta\u0144 marnowa\u0107 pieni\u0105dze na platformy do przesy\u0142ania wiadomo\u015bci, kt\u00f3re zostawiaj\u0105 Ci ca\u0142\u0105 prac\u0119<\/h1>\n\n\n\n<p>Przejd\u017amy do konkret\u00f3w: wi\u0119kszo\u015b\u0107 platform WhatsApp prezentuje si\u0119 \u015bwietnie na b\u0142yszcz\u0105cych panelach, botach i automatyzacjach. Ale je\u015bli chodzi o skalowanie firmy, wi\u0119kszo\u015b\u0107 z nich pozostawia Ci\u0119 z niczym: zarz\u0105dzaniem kosztami, optymalizacj\u0105 reklam, budowaniem przep\u0142yw\u00f3w i rozwi\u0105zywaniem problem\u00f3w z pomoc\u0105 techniczn\u0105.<\/p>\n\n\n\n<p>Je\u015bli chcesz <strong>przewidywalne ceny, praktyczna realizacja rozwoju i prawdziwy partner w Twoim biznesie<\/strong>, musisz zobaczy\u0107 r\u00f3\u017cnic\u0119 mi\u0119dzy <strong>WABOOM<\/strong> I <strong>WATI<\/strong>  Platforma kontra partner wzrostu oferuj\u0105cy pe\u0142en zakres us\u0142ug. Oto podsumowanie.<\/p>\n\n\n\n<h2 class=\"wp-block-heading\">WABOOM kontra WATI: Por\u00f3wnanie funkcji po funkcji<\/h2>\n\n\n\n<figure class=\"wp-block-table\"><table class=\"has-fixed-layout\"><thead><tr><th>Funkcja<\/th><th><strong>WABOOM (Partner ds. rozwoju oferuj\u0105cy pe\u0142en zakres us\u0142ug)<\/strong><\/th><th><strong>WATI (Platforma samoobs\u0142ugowa)<\/strong><\/th><\/tr><\/thead><tbody><tr><td><strong>Koszt metarozmowy\/wiadomo\u015bci<\/strong><\/td><td><strong>Oznaczenie 0%<\/strong>  sta\u0142a op\u0142ata za platform\u0119 + rzeczywisty koszt Meta. Przejrzyste.<\/td><td>P\u0142atno\u015b\u0107 za wiadomo\u015b\u0107 (szablon + sesja). Op\u0142aty s\u0105 doliczane do koszt\u00f3w Meta.<\/td><\/tr><tr><td><strong>Przejrzysto\u015b\u0107 cen<\/strong><\/td><td>Proste, przewidywalne, bez niespodzianek.<\/td><td>Subskrypcja + kredyty na wiadomo\u015bci. Koszty zale\u017c\u0105 od rodzaju i ilo\u015bci wiadomo\u015bci.<\/td><\/tr><tr><td><strong>Logowania agent\u00f3w\/zespo\u0142\u00f3w<\/strong><\/td><td>Nieograniczona liczba logowa\u0144 agent\u00f3w w ramach wi\u0119kszo\u015bci plan\u00f3w.<\/td><td>Obejmuje wielu u\u017cytkownik\u00f3w\/miejsc; dodatkowi u\u017cytkownicy s\u0105 p\u0142atni.<\/td><\/tr><tr><td><strong>Strategia i realizacja reklam<\/strong><\/td><td>Pe\u0142na obs\u0142uga: WABOOM zajmuje si\u0119 reklamami Click-to-WhatsApp, segmentacj\u0105 i optymalizacj\u0105.<\/td><td>Dostarcza narz\u0119dzia reklamowe, ale strategia i optymalizacja s\u0105 zarz\u0105dzane przez u\u017cytkownika.<\/td><\/tr><tr><td><strong>Reklamy typu \u201ekliknij i przejd\u017a do WhatsApp\u201d<\/strong><\/td><td>Zaawansowana segmentacja + integracja natywna CAPI + kierowanie do odpowiednich przep\u0142yw\u00f3w.<\/td><td>Obs\u0142ugiwane przez Mened\u017cera kampanii; wymaga r\u0119cznej konfiguracji w celu przeprowadzenia g\u0142\u0119bokiej optymalizacji.<\/td><\/tr><tr><td><strong>Konstruktor chatbot\u00f3w\/automatyzacji<\/strong><\/td><td>W pe\u0142ni odblokowane przeci\u0105ganie i upuszczanie bez \u201cpodatku za funkcje\u201d.\u201d<\/td><td>Kreator chatbot\u00f3w obs\u0142uguje odpowiedzi AI, automatyzacj\u0119 s\u0142\u00f3w kluczowych i formularze. Obowi\u0105zuj\u0105 limity liczby sesji na plan.<\/td><\/tr><tr><td><strong>Dost\u0119p do API\/webhooka<\/strong><\/td><td>Nieograniczona, nieograniczona, \u0142atwa integracja CRM i zaplecza.<\/td><td>Pe\u0142ny dost\u0119p do API, obs\u0142uga webhook\u00f3w, gotowy do integracji, ale wymaga konfiguracji technicznej.<\/td><\/tr><tr><td><strong>Model wsparcia<\/strong><\/td><td>Dedykowany Account Manager + proaktywne wsparcie przez Zoom, telefon, czat.<\/td><td>Standardowa pomoc techniczna za po\u015brednictwem czatu\/poczty e-mail; plany biznesowe\/korporacyjne obejmuj\u0105 bardziej praktyczn\u0105 pomoc.<\/td><\/tr><tr><td><strong>Transmisja\/przesy\u0142anie du\u017cej ilo\u015bci wiadomo\u015bci<\/strong><\/td><td>Pr\u0119dko\u015b\u0107, niezawodno\u015b\u0107 i dostarczalno\u015b\u0107 na poziomie korporacyjnym.<\/td><td>Obs\u0142uguje du\u017ce wolumeny, ale koszty skaluj\u0105 si\u0119 wraz z kredytami wiadomo\u015bci.<\/td><\/tr><\/tbody><\/table><\/figure>\n\n\n\n<h2 class=\"wp-block-heading\">Prawdziwe r\u00f3\u017cnice, kt\u00f3re maj\u0105 znaczenie<\/h2>\n\n\n\n<h3 class=\"wp-block-heading\">1. Ukryte koszty i przewidywalny zwrot z inwestycji<\/h3>\n\n\n\n<ul class=\"wp-block-list\">\n<li><strong>Zaleta WABOOM<\/strong><br>Zero mar\u017cy = pe\u0142na transparentno\u015b\u0107. Wraz ze skalowaniem, Twoje koszty rosn\u0105 przewidywalnie dzi\u0119ki op\u0142atom Meta. Bez do\u0142adowywania, bez zgadywania.<\/li>\n\n\n\n<li><strong>Kompromis WATI<\/strong><br>System p\u0142atno\u015bci za wiadomo\u015bci utrudnia prognozowanie. Musisz \u015bledzi\u0107 wykorzystanie kredytu, rodzaje wiadomo\u015bci i ich liczb\u0119, aby unikn\u0105\u0107 niespodzianek.<\/li>\n<\/ul>\n\n\n\n<h3 class=\"wp-block-heading\">2. Narz\u0119dzie kontra prawdziwy partner wzrostu<\/h3>\n\n\n\n<ul class=\"wp-block-list\">\n<li><strong>Zaleta WABOOM<\/strong><br>Nie tylko dajemy Ci narz\u0119dzia \u2013 prowadzimy kampanie, optymalizujemy przep\u0142ywy i zarz\u0105dzamy lejkami konwersji. Ty skupiasz si\u0119 na rozwoju, a my zajmujemy si\u0119 realizacj\u0105.<\/li>\n\n\n\n<li><strong>Kompromis WATI<\/strong><br>Idealne dla majsterkowicz\u00f3w i zespo\u0142\u00f3w z zasobami programistycznymi. Ale je\u015bli chcesz gotow\u0105 strategi\u0119 i optymalizacj\u0119 kampanii? To Tw\u00f3j wyb\u00f3r.<\/li>\n<\/ul>\n\n\n\n<h3 class=\"wp-block-heading\">3. Wsparcie, na kt\u00f3re naprawd\u0119 mo\u017cesz liczy\u0107<\/h3>\n\n\n\n<ul class=\"wp-block-list\">\n<li><strong>Zaleta WABOOM<\/strong><br>Dedykowany Account Manager, Zoom, telefon i czat. Proaktywny monitoring gwarantuje rozwi\u0105zanie problem\u00f3w, zanim wp\u0142yn\u0105 one na przychody.<\/li>\n\n\n\n<li><strong>Kompromis WATI<\/strong><br>Wsparcie jest solidne, szczeg\u00f3lnie w przypadku plan\u00f3w o wy\u017cszym poziomie, ale codzienne rozwi\u0105zywanie problem\u00f3w mo\u017ce by\u0107 wolniejsze. Bardziej polegasz na dokumentacji i samoobs\u0142udze.<\/li>\n<\/ul>\n\n\n\n<h2 class=\"wp-block-heading\"> WABOOM kontra WATI: zalety i wady<\/h2>\n\n\n\n<figure class=\"wp-block-table\"><table class=\"has-fixed-layout\"><thead><tr><th>Kategoria<\/th><th><strong>WABOOM (Partner Wzrostu)<\/strong><\/th><th><strong>WATI (Platforma)<\/strong><\/th><\/tr><\/thead><tbody><tr><td><strong>Zalety<\/strong><\/td><td>Zerowa mar\u017ca na kosztach Meta.Pe\u0142en zakres obs\u0142ugi reklam.Nieograniczona liczba agent\u00f3w.Intensywne wsparcie techniczne.Przewidywalny, skalowalny model koszt\u00f3w.<\/td><td>Elastyczne ceny w modelu \u201ep\u0142a\u0107 za zu\u017cycie\u201d. Zaawansowany kreator chatbot\u00f3w i automatyzacja. API i integracje. Obs\u0142uga du\u017cej liczby wiadomo\u015bci.<\/td><\/tr><tr><td><strong>Wady \/ kompromisy<\/strong><\/td><td>Wymagana jest sta\u0142a op\u0142ata za platform\u0119. Wymagane jest zaufanie do partnera.<\/td><td>Prognozowanie koszt\u00f3w mo\u017ce by\u0107 skomplikowane. Wymagana jest bardziej techniczna konfiguracja. Wsparcie jest mniej proaktywne, chyba \u017ce jest obj\u0119te planem korporacyjnym.<\/td><\/tr><\/tbody><\/table><\/figure>\n\n\n\n<h2 class=\"wp-block-heading\"> Cz\u0119sto zadawane pytania<\/h2>\n\n\n\n<p><strong>P: Czy WABOOM naprawd\u0119 ma oznaczenie 0%?<\/strong><br><strong>A:<\/strong> Tak, p\u0142acisz dok\u0142adn\u0105 cen\u0119 Meta plus sta\u0142\u0105 op\u0142at\u0119 za platform\u0119. Bez niespodzianek.<\/p>\n\n\n\n<p><strong>P: Czy WATI mo\u017ce prowadzi\u0107 kampanie Click-to-WhatsApp?<\/strong><br><strong>A:<\/strong> Tak, ale Ty zarz\u0105dzasz realizacj\u0105 i optymalizacj\u0105. WABOOM prowadzi i optymalizuje kampanie za Ciebie.<\/p>\n\n\n\n<p><strong>P: Kto lepiej poradzi sobie ze skalowaniem du\u017cej liczby wiadomo\u015bci?<\/strong><br><strong>A:<\/strong> Oba technicznie mog\u0105 obs\u0142ugiwa\u0107 du\u017c\u0105 obj\u0119to\u015b\u0107, ale podej\u015bcie WABOOM jest zoptymalizowane pod k\u0105tem <strong>pr\u0119dko\u015b\u0107, routing i niezawodno\u015b\u0107<\/strong> gotowe do u\u017cycia.<\/p>\n\n\n\n<p><strong>P: Czy WATI oferuje nieograniczon\u0105 liczb\u0119 agent\u00f3w?<\/strong><br><strong>A:<\/strong> Liczba miejsc dla agent\u00f3w nie jest ograniczona planem. Dodatkowe miejsca s\u0105 dro\u017csze.<\/p>\n\n\n\n<h1 class=\"wp-block-heading\">Kto wygrywa?<\/h1>\n\n\n\n<ul class=\"wp-block-list\">\n<li>Wybiera\u0107 <strong>WABOOM<\/strong> Je\u015bli chcesz:<br>\u2714 Przewidywalne koszty dzi\u0119ki <strong>Oznaczenie 0%<\/strong><br>\u2714 Kompleksowe zarz\u0105dzanie kampaniami reklamowymi i WhatsApp<br>\u2714 Nieograniczona liczba agent\u00f3w i automatyzacja<br>\u2714 Praktyczne, proaktywne wsparcie<\/li>\n\n\n\n<li>Wybiera\u0107 <strong>WATI<\/strong> je\u015bli ty:<br>\u2714 Zdob\u0105d\u017a zesp\u00f3\u0142 techniczny, kt\u00f3ry zajmie si\u0119 automatyzacj\u0105 i optymalizacj\u0105 reklam<br>\u2714 Chcesz elastycznego cennika, p\u0142ac\u0105c za wiadomo\u015b\u0107<br>\u2714 Czujesz si\u0119 komfortowo zarz\u0105dzaj\u0105c kredytami i prognozuj\u0105c koszty<\/li>\n<\/ul>\n\n\n\n<p>Dla <strong>firmy chc\u0105ce rozwija\u0107 si\u0119 bez niespodzianek<\/strong>, <strong>WABOOM jest zdecydowanym zwyci\u0119zc\u0105<\/strong>. Nie chodzi tylko o narz\u0119dzia, chodzi o <strong>wyniki, przewidywalno\u015b\u0107 i realizacja wzrostu<\/strong>.<\/p>","protected":false},"excerpt":{"rendered":"<p>Stop Wasting Money on Messaging Platforms That Leave You Doing All the Work Let\u2019s cut to the chase: most WhatsApp platforms look great on paper shiny dashboards, bots, automation. But when it comes to scaling your business, most of them leave you holding the bag: managing costs, optimizing ads, building flows, and troubleshooting support issues&#8230;.<\/p>","protected":false},"author":1,"featured_media":0,"parent":0,"menu_order":0,"comment_status":"closed","ping_status":"closed","template":"","meta":{"_bbp_topic_count":0,"_bbp_reply_count":0,"_bbp_total_topic_count":0,"_bbp_total_reply_count":0,"_bbp_voice_count":0,"_bbp_anonymous_reply_count":0,"_bbp_topic_count_hidden":0,"_bbp_reply_count_hidden":0,"_bbp_forum_subforum_count":0,"_monsterinsights_skip_tracking":false,"_monsterinsights_sitenote_active":false,"_monsterinsights_sitenote_note":"","_monsterinsights_sitenote_category":0,"footnotes":""},"class_list":["post-6352","page","type-page","status-publish","hentry"],"_links":{"self":[{"href":"https:\/\/waboom.net\/pl\/wp-json\/wp\/v2\/pages\/6352","targetHints":{"allow":["GET"]}}],"collection":[{"href":"https:\/\/waboom.net\/pl\/wp-json\/wp\/v2\/pages"}],"about":[{"href":"https:\/\/waboom.net\/pl\/wp-json\/wp\/v2\/types\/page"}],"author":[{"embeddable":true,"href":"https:\/\/waboom.net\/pl\/wp-json\/wp\/v2\/users\/1"}],"replies":[{"embeddable":true,"href":"https:\/\/waboom.net\/pl\/wp-json\/wp\/v2\/comments?post=6352"}],"version-history":[{"count":0,"href":"https:\/\/waboom.net\/pl\/wp-json\/wp\/v2\/pages\/6352\/revisions"}],"wp:attachment":[{"href":"https:\/\/waboom.net\/pl\/wp-json\/wp\/v2\/media?parent=6352"}],"curies":[{"name":"wp","href":"https:\/\/api.w.org\/{rel}","templated":true}]}}