{"id":6357,"date":"2025-11-17T17:29:00","date_gmt":"2025-11-17T17:29:00","guid":{"rendered":"https:\/\/waboom.net\/?page_id=6357"},"modified":"2025-11-19T13:14:23","modified_gmt":"2025-11-19T13:14:23","slug":"waboom-vs-360dialog","status":"publish","type":"page","link":"https:\/\/waboom.net\/pl\/waboom-vs-360dialog\/","title":{"rendered":"WABOOM VS 360DIALOG"},"content":{"rendered":"<p>Idealnie! W\u0142\u0105czy\u0142em <strong>plan na zawsze za darmo z 10 000 bezp\u0142atnych wiadomo\u015bci<\/strong> do por\u00f3wnania WABOOM vs 360dialog, zachowuj\u0105c wszystko inne w nienaruszonym formacie w stylu Neila Patela:<\/p>\n\n\n\n<h1 class=\"wp-block-heading\">Przesta\u0144 zadowala\u0107 si\u0119 narz\u0119dziami do przesy\u0142ania wiadomo\u015bci, kt\u00f3re pozostawiaj\u0105 Ci\u0119 z samym sob\u0105<\/h1>\n\n\n\n<p>B\u0105d\u017amy szczerzy: to, \u017ce dostawca interfejsu API WhatsApp jest wydajny, nie oznacza, \u017ce Ci pomo\u017ce <em>rosn\u0105\u0107<\/em>. Wiele platform udost\u0119pnia podstawowe narz\u0119dzia, ale gdy naprawd\u0119 chcesz skalowa\u0107, potrzebujesz <strong>wykonanie<\/strong>, nie tylko dost\u0119p.<\/p>\n\n\n\n<p>Oto dlaczego <strong>WABOOM<\/strong> (Tw\u00f3j partner oferuj\u0105cy pe\u0142en zakres us\u0142ug w zakresie rozwoju) wyr\u00f3\u017cnia si\u0119 na tle innych <strong>Dialog 360<\/strong> (solidny dostawca API): realna r\u00f3\u017cnica w kosztach, strategii i wsparciu.<\/p>\n\n\n\n<h2 class=\"wp-block-heading\">WABOOM kontra 360dialog: por\u00f3wnanie funkcji po funkcji<\/h2>\n\n\n\n<figure class=\"wp-block-table\"><table class=\"has-fixed-layout\"><thead><tr><th>Funkcja<\/th><th><strong>WABOOM (Partner ds. rozwoju oferuj\u0105cy pe\u0142en zakres us\u0142ug)<\/strong><\/th><th><strong>360dialog (dostawca API\/BSP)<\/strong><\/th><\/tr><\/thead><tbody><tr><td><strong>Koszt metarozmowy\/wiadomo\u015bci<\/strong><\/td><td><strong>0% Markup<\/strong>  Sta\u0142a op\u0142ata za platform\u0119 + dok\u0142adny koszt konwersacji Meta. Transparent. Oferuje r\u00f3wnie\u017c <strong>Plan Forever Free<\/strong> pozwalaj\u0105c <strong>10 000 wiadomo\u015bci za darmo<\/strong>.<\/td><td>Cennik oparty na rozmowach: 360dialog nalicza op\u0142aty za rozmowy Meta bez mar\u017cy.<\/td><\/tr><tr><td><strong>Przejrzysto\u015b\u0107 cen<\/strong><\/td><td>Proste i przewidywalne: sta\u0142a op\u0142ata + przerzucane koszty Meta.<\/td><td>Przejrzyste zestawienie: miesi\u0119czna op\u0142ata za licencj\u0119 za numer + rzeczywiste op\u0142aty za konwersacje w Meta. Prognozowanie mo\u017ce by\u0107 skomplikowane w przypadku waha\u0144 wolumenu.<\/td><\/tr><tr><td><strong>Logowania agent\u00f3w\/zespo\u0142\u00f3w<\/strong><\/td><td>Nieograniczona liczba agent\u00f3w w ramach wi\u0119kszo\u015bci plan\u00f3w, umo\u017cliwiaj\u0105ca skalowanie bez niespodzianek w postaci koszt\u00f3w za ka\u017cde stanowisko.<\/td><td>Umo\u017cliwia integracj\u0119 ze skrzynkami odbiorczymi zewn\u0119trznych zespo\u0142\u00f3w; miejsca dla agent\u00f3w s\u0105 przyznawane poprzez integracj\u0119 z partnerami.<\/td><\/tr><tr><td><strong>Strategia i realizacja reklam<\/strong><\/td><td>Pe\u0142na obs\u0142uga: WABOOM zarz\u0105dza i optymalizuje kampanie Click-to-WhatsApp bez zgadywania.<\/td><td>Udost\u0119pnia narz\u0119dzia API, dzi\u0119ki kt\u00f3rym b\u0119dziesz m\u00f3g\u0142 tworzy\u0107, optymalizowa\u0107 i zarz\u0105dza\u0107 w\u0142asnymi przep\u0142ywami opartymi na reklamach.<\/td><\/tr><tr><td><strong>Reklamy typu \u201ekliknij i przejd\u017a do WhatsApp\u201d<\/strong><\/td><td>Zaawansowany projekt przep\u0142ywu + natywna integracja CAPI + kierowanie do odpowiednich agent\u00f3w lub bot\u00f3w.<\/td><td>Obs\u0142ugiwane: 360dialog obs\u0142uguje konwersacje oparte na reklamach za po\u015brednictwem swojego interfejsu API, ale konfiguracja jest r\u0119czna.<\/td><\/tr><tr><td><strong>Konstruktor chatbot\u00f3w\/automatyzacji<\/strong><\/td><td>W pe\u0142ni odblokowany kreator typu \u201eprzeci\u0105gnij i upu\u015b\u0107\u201d z bogat\u0105 logik\u0105 i bez konieczno\u015bci p\u0142acenia za funkcje.<\/td><td>Mo\u017cna tworzy\u0107 automatyzacj\u0119 czat\u00f3w, ale wymaga ona zewn\u0119trznych system\u00f3w. 360dialog opiera si\u0119 bardziej na dostarczaniu blok\u00f3w API ni\u017c na wbudowanym kreatorze chatbot\u00f3w bez kodu.<\/td><\/tr><tr><td><strong>Dost\u0119p do API\/webhooka<\/strong><\/td><td>Nieograniczona, nieograniczona g\u0142\u0119boka integracja z systemami CRM, systemami zaplecza lub w\u0142asnymi narz\u0119dziami.<\/td><td>Rozwi\u0105zanie oparte na API: pe\u0142ne wsparcie dla webhook\u00f3w, wysoka przepustowo\u015b\u0107, skalowalno\u015b\u0107. Wymaga wiedzy technicznej w zakresie zaawansowanych przep\u0142yw\u00f3w pracy.<\/td><\/tr><tr><td><strong>Model wsparcia<\/strong><\/td><td>Dedykowany Account Manager + proaktywne wsparcie wielokana\u0142owe (Zoom, telefon, czat).<\/td><td>Wsparcie zale\u017cy od licencji: plan standardowy obejmuje wsparcie reaktywne, plan premium zapewnia wy\u017csze SLA.<\/td><\/tr><tr><td><strong>Transmisja\/przesy\u0142anie du\u017cej ilo\u015bci wiadomo\u015bci<\/strong><\/td><td>Zoptymalizowane pod k\u0105tem korporacyjnego przesy\u0142ania du\u017cej ilo\u015bci wiadomo\u015bci transakcyjnych i rozg\u0142oszeniowych.<\/td><td>Dost\u0119pne s\u0105 opcje o wysokiej przepustowo\u015bci, ale wydajno\u015b\u0107 zale\u017cy od planu i konfiguracji infrastruktury.<\/td><\/tr><\/tbody><\/table><\/figure>\n\n\n\n<h2 class=\"wp-block-heading\"> Dlaczego te r\u00f3\u017cnice s\u0105 naprawd\u0119 wa\u017cne<\/h2>\n\n\n\n<h3 class=\"wp-block-heading\">1. Rzeczywista struktura koszt\u00f3w i przejrzysto\u015b\u0107<\/h3>\n\n\n\n<ul class=\"wp-block-list\">\n<li><strong>Zaleta WABOOM<\/strong><br>Zero mar\u017cy = przewidywalne koszty. W miar\u0119 skalowania dok\u0142adnie wiesz, ile zap\u0142acisz, bez ukrytych op\u0142at. Dodatkowo, mo\u017cesz zacz\u0105\u0107 za darmo. <strong>Zawiera 10 000 wiadomo\u015bci<\/strong>, dzi\u0119ki czemu mo\u017cesz spr\u00f3bowa\u0107 bez ryzyka.<\/li>\n\n\n\n<li><strong>Si\u0142a 360dialog<\/strong><br>Przekazuje r\u00f3wnie\u017c op\u0142aty za konwersacje Meta bez znacznik\u00f3w. Model licencji i u\u017cytkowania jest zgodny z API, ale prognozowanie wymaga monitorowania wolumenu wiadomo\u015bci.<\/li>\n<\/ul>\n\n\n\n<h3 class=\"wp-block-heading\">2. Narz\u0119dzie kontra partner ds. realizacji wzrostu<\/h3>\n\n\n\n<ul class=\"wp-block-list\">\n<li><strong>Zaleta WABOOM<\/strong><br>Nie tylko dostarczamy narz\u0119dzia, <strong>prowad\u017a swoje kampanie<\/strong>, zbuduj swoj\u0105 automatyzacj\u0119 i optymalizuj j\u0105 pod k\u0105tem konwersji. Nie musisz zatrudnia\u0107 ani zarz\u0105dza\u0107 ka\u017cdym elementem.<\/li>\n\n\n\n<li><strong>Kompromis 360dialog<\/strong><br>Niezwykle wydajne dla programist\u00f3w i firm, kt\u00f3re chc\u0105 <strong>dost\u0119p do surowego API<\/strong>. Ale je\u015bli nie masz zespo\u0142u, kt\u00f3ry zajmie si\u0119 reklamami lub automatyzacj\u0105 przep\u0142yw\u00f3w, to ci\u0119\u017car spoczywa na Tobie.<\/li>\n<\/ul>\n\n\n\n<h3 class=\"wp-block-heading\">3. Wsparcie i niezawodno\u015b\u0107 dostaw<\/h3>\n\n\n\n<ul class=\"wp-block-list\">\n<li><strong>Zaleta WABOOM<\/strong><br>Proaktywne, bezpo\u015brednie wsparcie gwarantuje szybkie rozwi\u0105zanie ka\u017cdego problemu. Wsparcie wielokana\u0142owe obejmuje Zoom, telefon i czat.<\/li>\n\n\n\n<li><strong>Kompromis 360dialog<\/strong><br>Wsparcie jest solidne, ale bardziej reaktywne, szczeg\u00f3lnie w planie podstawowym. Obs\u0142uga wiadomo\u015bci o znaczeniu krytycznym mo\u017ce wymaga\u0107 pakietu premium w celu zagwarantowania czasu reakcji.<\/li>\n<\/ul>\n\n\n\n<h2 class=\"wp-block-heading\"> Okno dialogowe WABOOM kontra 360: zalety i wady<\/h2>\n\n\n\n<figure class=\"wp-block-table\"><table class=\"has-fixed-layout\"><thead><tr><th>Kategoria<\/th><th><strong>WABOOM (Partner Wzrostu)<\/strong><\/th><th><strong>360dialog (dostawca API)<\/strong><\/th><\/tr><\/thead><tbody><tr><td><strong>Zalety<\/strong><\/td><td>Zerowa mar\u017ca w konwersacjach Meta.Pe\u0142na obs\u0142uga kampanii i realizacji reklam.Nieograniczona liczba agent\u00f3w.Inteligentne, proaktywne wsparcie.Przewidywalne skalowanie koszt\u00f3w.<strong>Plan Forever Free<\/strong> z 10 000 wiadomo\u015bci.<\/td><td>Przejrzyste rozliczanie API. Elastyczne poziomy licencji. Prawdziwe rozwi\u0105zanie stawiaj\u0105ce API na pierwszym miejscu. Wysoka przepustowo\u015b\u0107. Brak mar\u017cy na kosztach konwersacji Meta.<\/td><\/tr><tr><td><strong>Wady \/ kompromisy<\/strong><\/td><td>Wymaga zaufania partnerowi. Sta\u0142a op\u0142ata za platform\u0119\/us\u0142ug\u0119. Mo\u017cesz zleci\u0107 wykonanie cz\u0119\u015bci zada\u0144 na zewn\u0105trz zamiast je wykonywa\u0107 samodzielnie.<\/td><td>Wymagana jest bardziej techniczna konfiguracja. Zarz\u0105dzasz realizacj\u0105 kampanii i jej automatyzacj\u0105. Jako\u015b\u0107 wsparcia zale\u017cy od Twojego planu licencyjnego. Koszt licencji i jej wykorzystanie mog\u0105 by\u0107 trudniejsze do przewidzenia.<\/td><\/tr><\/tbody><\/table><\/figure>\n\n\n\n<h2 class=\"wp-block-heading\"> Cz\u0119sto zadawane pytania<\/h2>\n\n\n\n<p><strong>P: Czy 360dialog pobiera mar\u017c\u0119 od op\u0142at za konwersacje Meta?<\/strong><br><strong>A:<\/strong> Nie. Obci\u0105\u017caj\u0105 Ci\u0119 dok\u0142adnie kosztem konwersacji Meta; nie ma \u017cadnej dodatkowej mar\u017cy.<\/p>\n\n\n\n<p><strong>P: Czy 360dialog mo\u017ce prowadzi\u0107 kampanie marketingowe typu Click-to-WhatsApp?<\/strong><br><strong>A:<\/strong> Zapewniaj\u0105 obs\u0142ug\u0119 API dla konwersacji opartych na reklamach, ale to Ty tworzysz i optymalizujesz przep\u0142ywy samodzielnie.<\/p>\n\n\n\n<p><strong>P: Kto jest lepiej przygotowany do nadawania du\u017cych ilo\u015bci wiadomo\u015bci?<\/strong><br><strong>A:<\/strong> Oba rozwi\u0105zania s\u0105 skalowalne, ale w przypadku du\u017cych kampanii, kt\u00f3re wymagaj\u0105 strategicznej optymalizacji i niezawodno\u015bci, model pe\u0142nej obs\u0142ugi firmy WABOOM zapewnia bardziej praktyczne wsparcie.<\/p>\n\n\n\n<p><strong>P: Czy 360dialog zapewnia skrzynk\u0119 odbiorcz\u0105 zespo\u0142u \/ obs\u0142ug\u0119 wielu agent\u00f3w?<\/strong><br><strong>A:<\/strong> Tak, poprzez integracj\u0119 z partnersk\u0105 skrzynk\u0105 odbiorcz\u0105 lub konfiguracj\u0119 skrzynki odbiorczej zespo\u0142u.<\/p>\n\n\n\n<p><strong>P: Czy WABOOM ma darmowy plan?<\/strong><br><strong>A:<\/strong> Tak! WABOOM oferuje <strong>Plan Forever Free<\/strong> pozwalaj\u0105c Ci wys\u0142a\u0107 <strong>10 000 wiadomo\u015bci za darmo<\/strong>, dzi\u0119ki czemu mo\u017cesz rozpocz\u0105\u0107 testowanie bez \u017cadnych pocz\u0105tkowych koszt\u00f3w.<\/p>\n\n\n\n<h2 class=\"wp-block-heading\"> Kto wygrywa?<\/h2>\n\n\n\n<ul class=\"wp-block-list\">\n<li>Wybiera\u0107 <strong>WABOOM<\/strong> je\u015bli ty:<br>\u2714 Chcesz przewidywalnych koszt\u00f3w bez mar\u017cy<br>\u2714 Potrzebuj\u0119 kogo\u015b, kto <em>uruchom sw\u00f3j silnik wzrostu WhatsApp<\/em> (reklamy + automatyzacja)<br>\u2714 Wolisz, aby partner zaj\u0105\u0142 si\u0119 realizacj\u0105 i optymalizacj\u0105<br>\u2714 Chcesz proaktywnego, bezpo\u015bredniego wsparcia<br>\u2714 Chcesz zacz\u0105\u0107 za darmo od 10 000 wiadomo\u015bci<\/li>\n\n\n\n<li>Wybiera\u0107 <strong>Dialog 360<\/strong> je\u015bli ty:<br>\u2714 Przygotuj zesp\u00f3\u0142 programist\u00f3w lub operacyjny do tworzenia przep\u0142yw\u00f3w i reklam<br>\u2714 Chcesz prawdziwego dost\u0119pu do API bez mar\u017cy na kosztach wiadomo\u015bci<br>\u2714 Czujesz si\u0119 komfortowo zarz\u0105dzaj\u0105c infrastruktur\u0105 i logik\u0105 kampanii<br>\u2714 Potrzebujesz du\u017cej przepustowo\u015bci i kontroli nad przesy\u0142aniem wiadomo\u015bci<\/li>\n<\/ul>\n\n\n\n<p><strong>Podsumowanie:<\/strong><br>Je\u015bli szybko si\u0119 rozwijasz i chcesz, aby partner zaj\u0105\u0142 si\u0119 strategi\u0105 i jej realizacj\u0105, <strong>WABOOM<\/strong> jest m\u0105drzejszym wyborem.<br>Je\u015bli masz wiedz\u0119 techniczn\u0105 i chcesz mie\u0107 moc i kontrol\u0119 nad API, <strong>Dialog 360<\/strong> jest solidnym fundamentem.<\/p>","protected":false},"excerpt":{"rendered":"<p>Perfect! I\u2019ve incorporated the forever free plan with 10,000 free messages into the WABOOM vs 360dialog comparison, keeping everything else intact in the locked Neil Patel-style format: Stop Settling for Messaging Tools That Leave You to Figure Everything Out Let\u2019s be real: just because a WhatsApp API provider is powerful doesn\u2019t mean it helps you&#8230;<\/p>","protected":false},"author":1,"featured_media":0,"parent":0,"menu_order":0,"comment_status":"closed","ping_status":"closed","template":"","meta":{"_bbp_topic_count":0,"_bbp_reply_count":0,"_bbp_total_topic_count":0,"_bbp_total_reply_count":0,"_bbp_voice_count":0,"_bbp_anonymous_reply_count":0,"_bbp_topic_count_hidden":0,"_bbp_reply_count_hidden":0,"_bbp_forum_subforum_count":0,"_monsterinsights_skip_tracking":false,"_monsterinsights_sitenote_active":false,"_monsterinsights_sitenote_note":"","_monsterinsights_sitenote_category":0,"footnotes":""},"class_list":["post-6357","page","type-page","status-publish","hentry"],"_links":{"self":[{"href":"https:\/\/waboom.net\/pl\/wp-json\/wp\/v2\/pages\/6357","targetHints":{"allow":["GET"]}}],"collection":[{"href":"https:\/\/waboom.net\/pl\/wp-json\/wp\/v2\/pages"}],"about":[{"href":"https:\/\/waboom.net\/pl\/wp-json\/wp\/v2\/types\/page"}],"author":[{"embeddable":true,"href":"https:\/\/waboom.net\/pl\/wp-json\/wp\/v2\/users\/1"}],"replies":[{"embeddable":true,"href":"https:\/\/waboom.net\/pl\/wp-json\/wp\/v2\/comments?post=6357"}],"version-history":[{"count":0,"href":"https:\/\/waboom.net\/pl\/wp-json\/wp\/v2\/pages\/6357\/revisions"}],"wp:attachment":[{"href":"https:\/\/waboom.net\/pl\/wp-json\/wp\/v2\/media?parent=6357"}],"curies":[{"name":"wp","href":"https:\/\/api.w.org\/{rel}","templated":true}]}}