{"id":6361,"date":"2025-11-17T17:32:03","date_gmt":"2025-11-17T17:32:03","guid":{"rendered":"https:\/\/waboom.net\/?page_id=6361"},"modified":"2025-11-19T13:09:13","modified_gmt":"2025-11-19T13:09:13","slug":"waboom-vs-sleekflow","status":"publish","type":"page","link":"https:\/\/waboom.net\/pl\/waboom-vs-sleekflow\/","title":{"rendered":"WABOOM kontra SleekFlow"},"content":{"rendered":"<p>\u015awietnie, oto <strong>WABOOM kontra SleekFlow<\/strong> por\u00f3wnanie w formacie zamkni\u0119tym, w stylu Neila Patela, pokazuj\u0105ce, w czym ka\u017cda platforma si\u0119 sprawdza, jakie s\u0105 ich kompromisy i kiedy warto wybra\u0107 jedn\u0105 zamiast drugiej.<\/p>\n\n\n\n<h1 class=\"wp-block-heading\">Przesta\u0144 marnowa\u0107 pieni\u0105dze na platformy do przesy\u0142ania wiadomo\u015bci, kt\u00f3re zostawiaj\u0105 Ci ca\u0142\u0105 prac\u0119<\/h1>\n\n\n\n<p>Wiele narz\u0119dzi WhatsApp wydaje si\u0119 by\u0107 pot\u0119\u017cnymi agentami AI, automatyzacj\u0105 i skrzynkami odbiorczymi, ale wi\u0119kszo\u015b\u0107 z nich pozostawia <em>Ty<\/em> Odpowiadamy za rozw\u00f3j, strategi\u0119 kampanii i zaskakuj\u0105ce koszty. Je\u015bli powa\u017cnie my\u015blisz o skalowaniu z przejrzysto\u015bci\u0105 i wydajno\u015bci\u0105, zas\u0142ugujesz na co\u015b wi\u0119cej ni\u017c tylko aplikacj\u0119 do czatu.<\/p>\n\n\n\n<p>Dlatego por\u00f3wnywanie <strong>WABOOM<\/strong> (prawdziwy partner wzrostu) z <strong>Elegancki przep\u0142yw<\/strong> (w pe\u0142ni funkcjonalna platforma oparta na API) jest kluczowa. Nie chodzi tu tylko o sprawdzanie funkcjonalno\u015bci, ale o wykonanie, przewidywalno\u015b\u0107 i d\u0142ugoterminowy zwrot z inwestycji (ROI).<\/p>\n\n\n\n<h2 class=\"wp-block-heading\">\ud83d\udd25 WABOOM kontra SleekFlow: por\u00f3wnanie funkcji po funkcji<\/h2>\n\n\n\n<figure class=\"wp-block-table\"><table class=\"has-fixed-layout\"><thead><tr><th>Funkcja<\/th><th><strong>WABOOM (Partner ds. rozwoju oferuj\u0105cy pe\u0142en zakres us\u0142ug)<\/strong><\/th><th><strong>SleekFlow (API + platforma automatyzacji)<\/strong><\/th><\/tr><\/thead><tbody><tr><td><strong>Koszt metarozmowy\/wiadomo\u015bci<\/strong><\/td><td><strong>Oznaczenie 0%<\/strong> Koszty rozm\u00f3w w Meta + sta\u0142a op\u0142ata za platform\u0119. Plan Forever Free z <strong>10 000 darmowych wiadomo\u015bci<\/strong> sprawia, \u017ce rozpocz\u0119cie pracy jest pozbawione ryzyka.<\/td><td>Stosuje cennik za wiadomo\u015b\u0107: op\u0142aty za wiadomo\u015bci szablonowe s\u0105 naliczane na podstawie kategorii (marketing, u\u017cyteczno\u015b\u0107, uwierzytelnianie). <\/td><\/tr><tr><td><strong>Przejrzysto\u015b\u0107 cen<\/strong><\/td><td>Proste i przewidywalne: sta\u0142y koszt platformy + rzeczywiste op\u0142aty Meta.<\/td><td>Przejrzysta struktura: model miesi\u0119cznych aktywnych kontakt\u00f3w (MAC) + op\u0142aty za ka\u017cd\u0105 wiadomo\u015b\u0107. <\/td><\/tr><tr><td><strong>Logowania agent\u00f3w\/zespo\u0142\u00f3w<\/strong><\/td><td>W wi\u0119kszo\u015bci plan\u00f3w nieograniczona liczba agent\u00f3w pozwala swobodnie skalowa\u0107 zesp\u00f3\u0142 wsparcia lub sprzeda\u017cy.<\/td><td>Skrzynka odbiorcza i routing dla wielu agent\u00f3w; mo\u017cesz przypisywa\u0107 role i zespo\u0142y do zarz\u0105dzania rozmowami WhatsApp. <\/td><\/tr><tr><td><strong>Strategia i realizacja reklam<\/strong><\/td><td>WABOOM zarz\u0105dza Twoimi kampaniami reklamowymi Click-to-WhatsApp, optymalizuje je i \u0142\u0105czy z procesami komunikacji mi\u0119dzy botem i agentem.<\/td><td>SleekFlow zapewnia Ci <strong>Kreator przep\u0142ywu<\/strong> (przeci\u0105gnij i upu\u015b\u0107), aby zbudowa\u0107 automatyzacj\u0119, ale to Ty decydujesz, w jaki spos\u00f3b prowadzisz i konwertujesz rozmowy. <\/td><\/tr><tr><td><strong>Reklamy typu \u201ekliknij i przejd\u017a do WhatsApp\u201d<\/strong><\/td><td>Zaawansowana segmentacja, natywne routing CAPI i atrybucja oparta na przep\u0142ywie.<\/td><td>Dzi\u0119ki mo\u017cliwo\u015bciom BSP mo\u017cesz skonfigurowa\u0107 logik\u0119 przep\u0142ywu, ale strategia reklamowa le\u017cy po Twojej stronie.<\/td><\/tr><tr><td><strong>Konstruktor chatbot\u00f3w\/automatyzacji<\/strong><\/td><td>W pe\u0142ni odblokowany kreator \u201eprzeci\u0105gnij i upu\u015b\u0107\u201d. Bez ogranicze\u0144 funkcji i sztucznych ogranicze\u0144.<\/td><td>Bardzo wydajny Flow Builder + agenci AI do tworzenia automatyzacji konwersacji i inteligentnego kierowania ruchem. <\/td><\/tr><tr><td><strong>Dost\u0119p do API\/webhooka<\/strong><\/td><td>Nieograniczony dost\u0119p do API dla CRM, zaplecza i niestandardowych integracji.<\/td><td>Solidne API + obs\u0142uga webhook\u00f3w, stworzone do integracji z systemami CRM, e-commerce i innymi. <\/td><\/tr><tr><td><strong>Model wsparcia<\/strong><\/td><td>Dedykowany Account Manager + proaktywne, bezpo\u015brednie wsparcie (Zoom, telefon, czat).<\/td><td>Wsparcie zale\u017cy od planu. Mo\u017cesz doda\u0107 Mened\u017cera ds. Obs\u0142ugi Klienta, kt\u00f3ry zapewni Ci bardziej strategiczne wsparcie. <\/td><\/tr><tr><td><strong>Transmisja\/przesy\u0142anie du\u017cej ilo\u015bci wiadomo\u015bci<\/strong><\/td><td>Zoptymalizowane pod k\u0105tem komunikat\u00f3w i kampanii na skal\u0119 przedsi\u0119biorstwa oraz wysokiej przepustowo\u015bci.<\/td><td>Zapewniamy solidne wsparcie dla du\u017cej liczby zada\u0144; mo\u017cesz uruchamia\u0107 zautomatyzowane przep\u0142ywy pracy, kampanie i transmisje za po\u015brednictwem interfejsu API i narz\u0119dzia do tworzenia przep\u0142yw\u00f3w.<\/td><\/tr><tr><td><strong>Efektywno\u015b\u0107 kosztowa komunikat\u00f3w serwisowych<\/strong><\/td><td>Ze wzgl\u0119du na mar\u017c\u0119 0% i bezp\u0142atn\u0105 wersj\u0119 rozpocz\u0119cie jest niedrogie, a skalowanie przewidywalne.<\/td><td>Szablony narz\u0119dziowe <em>wewn\u0105trz<\/em> ca\u0142odobowe okienko obs\u0142ugi klienta jest bezp\u0142atne. <\/td><\/tr><\/tbody><\/table><\/figure>\n\n\n\n<h2 class=\"wp-block-heading\"> Dlaczego te r\u00f3\u017cnice s\u0105 naprawd\u0119 wa\u017cne<\/h2>\n\n\n\n<h3 class=\"wp-block-heading\">1. Przewidywalno\u015b\u0107 i skalowanie bez ryzyka<\/h3>\n\n\n\n<ul class=\"wp-block-list\">\n<li><strong>Zaleta WABOOM<\/strong>:Ten <strong>darmowy plan + zero mar\u017cy<\/strong> Oznacza to, \u017ce mo\u017cesz testowa\u0107 automatyzacj\u0119 WhatsApp bez ryzyka wysokich rachunk\u00f3w. Wraz ze skalowaniem, Twoje koszty rosn\u0105 w transparentny spos\u00f3b wraz z wolumenem.<\/li>\n\n\n\n<li><strong>Kompromis SleekFlow<\/strong>P\u0142acisz za szablon wiadomo\u015bci, w zale\u017cno\u015bci od celu u\u017cycia (marketing, u\u017cyteczno\u015b\u0107 itp.). Chocia\u017c oferuj\u0105 model oparty na MAC, kt\u00f3ry wi\u0105\u017ce koszt z rzeczywistym zaanga\u017cowaniem, musisz dok\u0142adnie oszacowa\u0107 swoje zu\u017cycie. <\/li>\n<\/ul>\n\n\n\n<h3 class=\"wp-block-heading\">2. Automatyzacja i moc realizacji<\/h3>\n\n\n\n<ul class=\"wp-block-list\">\n<li><strong>Zaleta WABOOM<\/strong>:Oni nie tylko daj\u0105 ci narz\u0119dzia, <strong>wykona\u0107<\/strong> Twoja strategia rozwoju: prowadzenie kampanii reklamowych, tworzenie przep\u0142yw\u00f3w i optymalizacja pod k\u0105tem konwersji.<\/li>\n\n\n\n<li><strong>Kompromis SleekFlow<\/strong>Doskona\u0142a elastyczno\u015b\u0107 dzi\u0119ki narz\u0119dziu Flow Builder, agentom AI i API. Aby jednak zmaksymalizowa\u0107 t\u0119 moc, musisz projektowa\u0107 i zarz\u0105dza\u0107 swoimi przep\u0142ywami \u2013 mie\u0107 wi\u0119cej kontroli i pracy po swojej stronie.<\/li>\n<\/ul>\n\n\n\n<h3 class=\"wp-block-heading\">3. Wsparcie, skala zespo\u0142u i wsp\u00f3\u0142praca<\/h3>\n\n\n\n<ul class=\"wp-block-list\">\n<li><strong>Zaleta WABOOM<\/strong>:Dedykowany opiekun klienta dba o to, aby\u015b nie zosta\u0142 pozostawiony sam sobie w rozwoju. Aktywnie pomaga w optymalizacji komunikat\u00f3w, kampanii i routingu.<\/li>\n\n\n\n<li><strong>Kompromis SleekFlow<\/strong>Solidne wsparcie, ale strategiczne i konsultacyjne kosztuje dodatkowo. Ich platforma zosta\u0142a zaprojektowana z my\u015bl\u0105 o zespo\u0142ach operacyjnych, kt\u00f3re chc\u0105 budowa\u0107 i skalowa\u0107 mniej rzeczy robionych za Ciebie, a wi\u0119cej samodzielnie, z pomoc\u0105.<\/li>\n<\/ul>\n\n\n\n<h2 class=\"wp-block-heading\"> Plusy i minusy: WABOOM kontra SleekFlow<\/h2>\n\n\n\n<figure class=\"wp-block-table\"><table class=\"has-fixed-layout\"><thead><tr><th>Kategoria<\/th><th><strong>WABOOM (Partner Wzrostu)<\/strong><\/th><th><strong>SleekFlow (platforma)<\/strong><\/th><\/tr><\/thead><tbody><tr><td><strong>Zalety<\/strong><\/td><td>\u2013 Zerowa mar\u017ca na kosztach Meta \u2013 10 000 darmowych wiadomo\u015bci na pocz\u0105tek \u2013 Pe\u0142na obs\u0142uga reklam + realizacja chatbota \u2013 Nieograniczona liczba agent\u00f3w \u2013 Przewidywalny, skalowalny koszt<\/td><td>\u2013 Prawdziwe API + moc automatyzacji \u2013 Intuicyjny kreator przep\u0142yw\u00f3w + agenci AI \u2013 Skrzynka odbiorcza i routing dla wielu agent\u00f3w \u2013 Po\u0142\u0105czenie z CRM i e-commerce \u2013 Elastyczne ceny powi\u0105zane z zaanga\u017cowaniem<\/td><\/tr><tr><td><strong>Wady \/ kompromisy<\/strong><\/td><td>\u2013 Wymaga zaufania do partnera, aby m\u00f3c prowadzi\u0107 kampanie. \u2013 W miar\u0119 skalowania mo\u017ce obowi\u0105zywa\u0107 sta\u0142a op\u0142ata za platform\u0119.<\/td><td>\u2013 Koszty przesy\u0142ania wiadomo\u015bci zale\u017c\u0105 od szablon\u00f3w \u2013 Nale\u017cy zaprojektowa\u0107 i zoptymalizowa\u0107 przep\u0142ywy \u2013 Wsparcie strategiczne mo\u017ce kosztowa\u0107 wi\u0119cej \u2013 Wymaga wi\u0119kszego wysi\u0142ku wewn\u0119trznego, aby zmaksymalizowa\u0107 zwrot z inwestycji<\/td><\/tr><\/tbody><\/table><\/figure>\n\n\n\n<hr class=\"wp-block-separator has-alpha-channel-opacity\"\/>\n\n\n\n<h2 class=\"wp-block-heading\">\u2753 Najcz\u0119\u015bciej zadawane pytania (FAQ)<\/h2>\n\n\n\n<p><strong>P: Czy SleekFlow pozwala na bezp\u0142atne odpowiadanie klientom w ramach systemu Windows?<\/strong><br><strong>A:<\/strong> Tak. Gdy klient do Ciebie napisze, otwiera si\u0119 24-godzinny okres obs\u0142ugi klienta, w kt\u00f3rym mo\u017cesz wys\u0142a\u0107 dowoln\u0105 odpowied\u017a. <br>Ponadto, je\u015bli wniosek zostanie z\u0142o\u017cony za po\u015brednictwem Click-to-WhatsApp lub podobnego rozwi\u0105zania, mo\u017ce obowi\u0105zywa\u0107 72-godzinny okres \u201cbezp\u0142atnego wej\u015bcia\u201d. <\/p>\n\n\n\n<p><strong>P: Jak naliczane s\u0105 op\u0142aty za wiadomo\u015bci szablonowe (np. marketingowe lub u\u017cytkowe) w SleekFlow?<\/strong><br><strong>A:<\/strong> Stosuj\u0105 model cenowy oparty na szablonie wiadomo\u015bci. Stawki zale\u017c\u0105 od kategorii wiadomo\u015bci (marketingowej, u\u017cytkowej itp.).<\/p>\n\n\n\n<p><strong>P: Czy mog\u0119 zintegrowa\u0107 sw\u00f3j system CRM (np. HubSpot lub Shopify) ze SleekFlow?<\/strong><br><strong>A:<\/strong> Tak, SleekFlow obs\u0142uguje integracje CRM i e\u2011commerce, umo\u017cliwiaj\u0105c g\u0142\u0119bok\u0105 automatyzacj\u0119 i synchronizacj\u0119 danych. <\/p>\n\n\n\n<p><strong>P: Czy SleekFlow obs\u0142uguje wielu agent\u00f3w w WhatsApp?<\/strong><br><strong>A:<\/strong> Tak. Posiada skrzynk\u0119 odbiorcz\u0105 dla wielu agent\u00f3w z regu\u0142ami routingu i mo\u017cliwo\u015bci\u0105 wsp\u00f3\u0142pracy zespo\u0142owej. <\/p>\n\n\n\n<p><strong>P: Jak elastyczny jest ich tw\u00f3rca automatyzacji?<\/strong><br><strong>A:<\/strong> Bardzo. Ich kreator przep\u0142yw\u00f3w jest wizualny i wydajny, pozwala projektowa\u0107 niestandardowe przep\u0142ywy pracy, przep\u0142ywy oparte na sztucznej inteligencji i routing oparty na wyzwalaczach. <\/p>\n\n\n\n<h2 class=\"wp-block-heading\">Kto wygrywa?<\/h2>\n\n\n\n<ul class=\"wp-block-list\">\n<li>Wybiera\u0107 <strong>WABOOM<\/strong> je\u015bli ty:<br>\u2714 Chcie\u0107 <strong>przenie\u015b strategi\u0119, realizacj\u0119 reklam i rozw\u00f3j na partnera<\/strong><br>\u2714 Doceniaj <strong>przewidywalne ceny<\/strong> z zerow\u0105 mar\u017c\u0105 + bezp\u0142atny pakiet wiadomo\u015bci<br>\u2714 Preferuj relacje oparte na bezpo\u015brednim kontakcie: kto\u015b inwestuje w Twoj\u0105 konwersj\u0119 i skal\u0119<br>\u2714 Chcesz testowa\u0107 i skalowa\u0107 bez ryzyka z udzia\u0142em prawdziwych u\u017cytkownik\u00f3w<\/li>\n\n\n\n<li>Wybiera\u0107 <strong>Elegancki przep\u0142yw<\/strong> je\u015bli ty:<br>\u2714 Miej wewn\u0119trzne zespo\u0142y ds. strategii lub operacji gotowe do tworzenia i uruchamiania automatyzacji<br>\u2714 Potrzebujesz g\u0142\u0119bokiej kontroli za po\u015brednictwem Flow Builder + agent\u00f3w AI<br>\u2714 Chcesz wsp\u00f3\u0142pracy wielu agent\u00f3w i zarz\u0105dzania skrzynk\u0105 odbiorcz\u0105<br>\u2714 Skupiasz si\u0119 na g\u0142\u0119bokiej integracji WhatsApp z CRM lub e-commerce<\/li>\n<\/ul>\n\n\n\n<p><strong>Podsumowanie:<\/strong><br>Je\u015bli szybko si\u0119 rozwijasz, chcesz mie\u0107 partnera do realizacji i zale\u017cy Ci na przejrzysto\u015bci koszt\u00f3w, <strong>WABOOM<\/strong> jest skutecznym i ma\u0142o ryzykownym wyborem.<br>Je\u015bli zale\u017cy Ci na maksymalnej elastyczno\u015bci, kontroli i g\u0142\u0119bokiej automatyzacji, <strong>Elegancki przep\u0142yw<\/strong> daje ci narz\u0119dzia, ale <strong>Ty nap\u0119dzasz wzrost<\/strong>.<\/p>","protected":false},"excerpt":{"rendered":"<p>Great here\u2019s a WABOOM vs. SleekFlow comparison in your locked, Neil\u202fPatel\u2013style format, showing where each platform shines, where they trade off, and when you might pick one over the other. Stop Wasting Money on Messaging Platforms That Leave You Doing All the Work Many WhatsApp tools feel powerful AI agents, automations, inboxes but most leave&#8230;<\/p>","protected":false},"author":1,"featured_media":0,"parent":0,"menu_order":0,"comment_status":"closed","ping_status":"closed","template":"","meta":{"_bbp_topic_count":0,"_bbp_reply_count":0,"_bbp_total_topic_count":0,"_bbp_total_reply_count":0,"_bbp_voice_count":0,"_bbp_anonymous_reply_count":0,"_bbp_topic_count_hidden":0,"_bbp_reply_count_hidden":0,"_bbp_forum_subforum_count":0,"_monsterinsights_skip_tracking":false,"_monsterinsights_sitenote_active":false,"_monsterinsights_sitenote_note":"","_monsterinsights_sitenote_category":0,"footnotes":""},"class_list":["post-6361","page","type-page","status-publish","hentry"],"_links":{"self":[{"href":"https:\/\/waboom.net\/pl\/wp-json\/wp\/v2\/pages\/6361","targetHints":{"allow":["GET"]}}],"collection":[{"href":"https:\/\/waboom.net\/pl\/wp-json\/wp\/v2\/pages"}],"about":[{"href":"https:\/\/waboom.net\/pl\/wp-json\/wp\/v2\/types\/page"}],"author":[{"embeddable":true,"href":"https:\/\/waboom.net\/pl\/wp-json\/wp\/v2\/users\/1"}],"replies":[{"embeddable":true,"href":"https:\/\/waboom.net\/pl\/wp-json\/wp\/v2\/comments?post=6361"}],"version-history":[{"count":0,"href":"https:\/\/waboom.net\/pl\/wp-json\/wp\/v2\/pages\/6361\/revisions"}],"wp:attachment":[{"href":"https:\/\/waboom.net\/pl\/wp-json\/wp\/v2\/media?parent=6361"}],"curies":[{"name":"wp","href":"https:\/\/api.w.org\/{rel}","templated":true}]}}