{"id":6363,"date":"2025-11-17T17:33:10","date_gmt":"2025-11-17T17:33:10","guid":{"rendered":"https:\/\/waboom.net\/?page_id=6363"},"modified":"2025-11-19T13:08:37","modified_gmt":"2025-11-19T13:08:37","slug":"wabom-vs-infobip","status":"publish","type":"page","link":"https:\/\/waboom.net\/pl\/wabom-vs-infobip\/","title":{"rendered":"WABOM kontra INFOBIP"},"content":{"rendered":"<h6 class=\"wp-block-heading\"><\/h6>\n\n\n\n<h2 class=\"wp-block-heading\">Przesta\u0144 marnowa\u0107 pieni\u0105dze na platformy do przesy\u0142ania wiadomo\u015bci, kt\u00f3re zostawiaj\u0105 Ci ca\u0142\u0105 prac\u0119<\/h2>\n\n\n\n<p>Wiele narz\u0119dzi WhatsApp wydaje si\u0119 \u201cpot\u0119\u017cnych\u201d, ale zbyt cz\u0119sto musisz \u017conglowa\u0107 automatyzacj\u0105, zaskakuj\u0105cymi kosztami i strategi\u0105 reklamow\u0105. Je\u015bli chcesz <strong>przewidywalne ceny, rzeczywista realizacja wzrostu i dostosowane zach\u0119ty<\/strong>, musisz por\u00f3wna\u0107 <strong>WABOOM<\/strong> (Tw\u00f3j partner wzrostu) kontra. <strong>Infobip<\/strong> (solidny dostawca API WhatsApp Business). Oto, co naprawd\u0119 ich wyr\u00f3\u017cnia.<\/p>\n\n\n\n<h2 class=\"wp-block-heading\"> WABOOM kontra Infobip: por\u00f3wnanie funkcji po funkcji<\/h2>\n\n\n\n<figure class=\"wp-block-table\"><table class=\"has-fixed-layout\"><thead><tr><th>Funkcja<\/th><th><strong>WABOOM (Partner ds. rozwoju pe\u0142nego zakresu us\u0142ug)<\/strong><\/th><th><strong>Infobip (platforma API\/BSP)<\/strong><\/th><\/tr><\/thead><tbody><tr><td><strong>Koszt metarozmowy\/wiadomo\u015bci<\/strong><\/td><td><strong>0 % mar\u017ca<\/strong> w przypadku koszt\u00f3w rozm\u00f3w WhatsApp + sta\u0142a op\u0142ata za platform\u0119. Obejmuje <strong>Plan Forever Free<\/strong> z <strong>10 000 darmowych wiadomo\u015bci<\/strong>.<\/td><td>U\u017cywa <strong>model cenowy oparty na rozmowach<\/strong>:op\u0142aty naliczane s\u0105 za ka\u017cd\u0105 24-godzinn\u0105 sesj\u0119 rozmowy i zale\u017c\u0105 od kategorii rozmowy (Marketing, U\u017cyteczno\u015b\u0107, Uwierzytelnianie, Us\u0142uga). <\/td><\/tr><tr><td><strong>Przejrzysto\u015b\u0107 cen<\/strong><\/td><td>Bardzo proste: sta\u0142a op\u0142ata + koszty przenoszone przez Meta. Bez przykrych niespodzianek.<\/td><td>Przejrzyste, ale bardziej zmienne: p\u0142acisz za \u201crozmowy\u201d w zale\u017cno\u015bci od ich kategorii. Dodatkowo, op\u0142ata za modu\u0142 skrzynki odbiorczej zespo\u0142u jest uzale\u017cniona od liczby miejsc. <\/td><\/tr><tr><td><strong>Logowania agent\u00f3w\/zespo\u0142\u00f3w<\/strong><\/td><td>Nieograniczona liczba miejsc dla agent\u00f3w w wi\u0119kszo\u015bci plan\u00f3w \u2014 mo\u017cliwo\u015b\u0107 swobodnego skalowania.<\/td><td>Obs\u0142uguje konwersacje mi\u0119dzy wieloma agentami za po\u015brednictwem produktu \u201cKonwersacje\u201d \u2014 cena za miejsce ustalana jest na podstawie liczby u\u017cytkownik\u00f3w. <\/td><\/tr><tr><td><strong>Strategia i realizacja reklam<\/strong><\/td><td>WABOOM zajmuje si\u0119 Twoimi reklamami Click-to-WhatsApp: konfiguracj\u0105, targetowaniem, optymalizacj\u0105 \u2014 nie musisz robi\u0107 wszystkiego.<\/td><td>Zapewnia API i infrastruktur\u0119; strategia kampanii, routing i optymalizacja zale\u017c\u0105 od Ciebie (lub Twojego zespo\u0142u\/agencji).<\/td><\/tr><tr><td><strong>Reklamy typu \u201ekliknij i przejd\u017a do WhatsApp\u201d<\/strong><\/td><td>Zaawansowana segmentacja + routing natywny CAPI + przep\u0142ywy sterowane konwersj\u0105.<\/td><td>Mo\u017cesz tworzy\u0107 przep\u0142ywy za po\u015brednictwem interfejsu API lub automatyzacji, ale to Ty zarz\u0105dzasz \u015bcie\u017ck\u0105 opart\u0105 na reklamach.<\/td><\/tr><tr><td><strong>Konstruktor chatbot\u00f3w\/automatyzacji<\/strong><\/td><td>W pe\u0142ni odblokowany kreator \u201eprzeci\u0105gnij i upu\u015b\u0107\u201d, zaawansowana logika i brak zablokowanych funkcji.<\/td><td>Obs\u0142uguje automatyzacj\u0119, szablonowe wiadomo\u015bci i przep\u0142ywy pracy za po\u015brednictwem interfejsu API. <\/td><\/tr><tr><td><strong>Dost\u0119p do API\/webhooka<\/strong><\/td><td>Nieograniczone, ca\u0142kowicie nieograniczone \u2014 g\u0142\u0119boka integracja z CRM, systemami zaplecza i innymi narz\u0119dziami.<\/td><td>Bardzo solidne wsparcie API i webhook; stworzone do integracji z systemami CRM i systemami zaplecza. <\/td><\/tr><tr><td><strong>Model wsparcia<\/strong><\/td><td>Dedykowany opiekun klienta + proaktywne wsparcie (czat, po\u0142\u0105czenia, strategia)<\/td><td>Wsparcie na poziomie przedsi\u0119biorstwa + wdro\u017cenie; b\u0119dziesz w wi\u0119kszym stopniu polega\u0107 na swoim wewn\u0119trznym zespole.<\/td><\/tr><tr><td><strong>Transmisja\/przesy\u0142anie du\u017cej ilo\u015bci wiadomo\u015bci<\/strong><\/td><td>Zaprojektowane z my\u015bl\u0105 o du\u017cej skali \u2014 dostarczanie us\u0142ug, niezawodno\u015b\u0107 i wydajno\u015b\u0107 klasy korporacyjnej.<\/td><td>Mo\u017cliwo\u015b\u0107 skalowania do u\u017cytku o du\u017cej obj\u0119to\u015bci; ceny za \u201crozmowy\u201d umo\u017cliwiaj\u0105 wysy\u0142anie nieograniczonej liczby wiadomo\u015bci w ci\u0105gu 24 godzin od ich rozpocz\u0119cia. <\/td><\/tr><tr><td><strong>Opcje bezp\u0142atne \/ pr\u00f3bne<\/strong><\/td><td>Plan na zawsze bezp\u0142atny z 10 000 wiadomo\u015bciami \u2014 idealny do testowania lub u\u017cytku na ma\u0142\u0105 skal\u0119 przed skalowaniem.<\/td><td>Brak sta\u0142ego bezp\u0142atnego planu obejmuj\u0105cego liczb\u0119 wiadomo\u015bci; koszty zale\u017c\u0105 od ilo\u015bci wykorzystanych rozm\u00f3w.<\/td><\/tr><\/tbody><\/table><\/figure>\n\n\n\n<h2 class=\"wp-block-heading\"> Dlaczego te r\u00f3\u017cnice s\u0105 naprawd\u0119 wa\u017cne<\/h2>\n\n\n\n<h3 class=\"wp-block-heading\">1. Przewidywalno\u015b\u0107 i ryzyko kosztowe<\/h3>\n\n\n\n<ul class=\"wp-block-list\">\n<li><strong>Zaleta WABOOM:<\/strong> Dzi\u0119ki zerowej mar\u017cy i hojnemu bezp\u0142atnemu planowi mo\u017cesz testowa\u0107, iterowa\u0107 i skalowa\u0107, nie martwi\u0105c si\u0119 o ukryte lub nieprzewidywalne koszty.<\/li>\n\n\n\n<li><strong>Kompromis firmy Infobip:<\/strong> P\u0142acisz za 24-godzinn\u0105 sesj\u0119 rozmowy. Cho\u0107 jest to us\u0142uga o du\u017cej mocy, koszty b\u0119d\u0105 w du\u017cej mierze zale\u017ce\u0107 od <em>typ<\/em> rozmowy (marketing vs. u\u017cyteczno\u015b\u0107 vs. us\u0142uga) i jak strukturyzowa\u0107 \u015bcie\u017cki klienta. <\/li>\n<\/ul>\n\n\n\n<h3 class=\"wp-block-heading\">2. Wykonanie kontra platforma<\/h3>\n\n\n\n<ul class=\"wp-block-list\">\n<li><strong>Zaleta WABOOM:<\/strong> Nie tylko dajemy Ci narz\u0119dzia \u2013 my zarz\u0105dzamy Twoim silnikiem wzrostu WhatsApp. Reklamy, automatyzacje, boty, routing \u2013 wszystko zarz\u0105dzane.<\/li>\n\n\n\n<li><strong>Kompromis firmy Infobip:<\/strong> Otrzymujesz niezwykle solidny interfejs API i system przesy\u0142ania wiadomo\u015bci. Jednak aby nap\u0119dza\u0107 rozw\u00f3j, potrzebujesz w\u0142asnej strategii lub partnera; Infobip to bardziej \u201cinfrastruktura\u201d ni\u017c \u201czesp\u00f3\u0142 wzrostu\u201d.\u201d<\/li>\n<\/ul>\n\n\n\n<h3 class=\"wp-block-heading\">3. Wsparcie, skala zespo\u0142u i wsp\u00f3\u0142praca<\/h3>\n\n\n\n<ul class=\"wp-block-list\">\n<li><strong>Zaleta WABOOM:<\/strong> Zyskujesz strategicznego partnera, a nie tylko dostawc\u0119. Dedykowane zarz\u0105dzanie kontem gwarantuje, \u017ce nie zostaniesz sam, gdy sprawy si\u0119 skomplikuj\u0105 lub gdy chcesz szybko si\u0119 rozwija\u0107.<\/li>\n\n\n\n<li><strong>Kompromis firmy Infobip:<\/strong> Ich zesp\u00f3\u0142 jest profesjonalny i kompetentny, ale to Ty odpowiadasz za znaczn\u0105 cz\u0119\u015b\u0107 realizacji. Rezygnujesz z cz\u0119\u015bciowego trzymania za r\u0119k\u0119 na rzecz wi\u0119kszej kontroli.<\/li>\n<\/ul>\n\n\n\n<h2 class=\"wp-block-heading\">Plusy i minusy: WABOOM kontra Infobip<\/h2>\n\n\n\n<figure class=\"wp-block-table\"><table class=\"has-fixed-layout\"><thead><tr><th>Kategoria<\/th><th><strong>WABOOM (Partner Wzrostu)<\/strong><\/th><th><strong>Infobip (API \/ BSP)<\/strong><\/th><\/tr><\/thead><tbody><tr><td><strong>Zalety<\/strong><\/td><td>\u2013 Mar\u017ca 0% na kosztach rozm\u00f3w \u2013 10 000 darmowych wiadomo\u015bci na pocz\u0105tek \u2013 Pe\u0142na obs\u0142uga reklamowa + realizacja chatbota \u2013 Nieograniczona liczba agent\u00f3w \u2013 Przewidywalne rozliczenia<\/td><td>\u2013 Przejrzyste ceny oparte na rozmowach \u2013 Pe\u0142ny dost\u0119p do interfejsu API WhatsApp Business \u2013 Skalowalno\u015b\u0107 w celu obs\u0142ugi du\u017cej liczby wiadomo\u015bci \u2013 Bogate wsparcie API i webhook\u00f3w \u2013 Elastyczny model u\u017cytkowania<\/td><\/tr><tr><td><strong>Wady \/ kompromisy<\/strong><\/td><td>\u2013 Wymaga zaufania do partnera \u2013 W przypadku skalowania obowi\u0105zuje sta\u0142a op\u0142ata za platform\u0119<\/td><td>\u2013 Rozliczanie oparte na rozmowach mo\u017ce by\u0107 mniej przewidywalne w zale\u017cno\u015bci od przypadku u\u017cycia. \u2013 Strategia i realizacja w du\u017cej mierze le\u017c\u0105 w Twojej gestii. \u2013 Koszty miejsc w module skrzynki odbiorczej agenta.<\/td><\/tr><\/tbody><\/table><\/figure>\n\n\n\n<h2 class=\"wp-block-heading\"> Cz\u0119sto zadawane pytania (FAQ)<\/h2>\n\n\n\n<p><strong>P: Czy firma Infobip pobiera op\u0142aty za ka\u017cd\u0105 wiadomo\u015b\u0107 czy za ka\u017cd\u0105 rozmow\u0119?<\/strong><br><strong>A:<\/strong> Infobip pobiera op\u0142aty za <strong>na podstawie rozmowy<\/strong> (okno wiadomo\u015bci trwaj\u0105ce 24 godziny) w zale\u017cno\u015bci od rodzaju konwersacji (Marketing, U\u017cyteczno\u015b\u0107, Uwierzytelnianie, Us\u0142uga). <\/p>\n\n\n\n<p><strong>P: Czy mog\u0119 rozmawia\u0107 z wieloma agentami za po\u015brednictwem Infobip?<\/strong><br><strong>A:<\/strong> Tak \u2014 ich modu\u0142 Konwersacje obs\u0142uguje wielu agent\u00f3w, ale p\u0142acisz za ka\u017cde miejsce. <\/p>\n\n\n\n<p><strong>P: Czy Infobip obs\u0142uguje zautomatyzowane przep\u0142ywy WhatsApp \/ chatboty?<\/strong><br><strong>A:<\/strong> Tak \u2014 za pomoc\u0105 interfejsu API mo\u017cesz skonfigurowa\u0107 przep\u0142ywy pracy, szablony wiadomo\u015bci i automatyzacj\u0119. <\/p>\n\n\n\n<p><strong>P: Jak firma Infobip definiuje \u201crozmow\u0119\u201d na potrzeby rozlicze\u0144?<\/strong><br><strong>A:<\/strong> \u201cKonwersacja\u201d to sta\u0142a, 24-godzinna sesja mi\u0119dzy firm\u0105 a u\u017cytkownikiem. Rozpoczyna si\u0119 ona w momencie dostarczenia wiadomo\u015bci biznesowej (poza otwart\u0105 sesj\u0105) lub w momencie udzielenia odpowiedzi w ci\u0105gu 24-godzinnego okna obs\u0142ugi klienta. <\/p>\n\n\n\n<p><strong>P: Co si\u0119 stanie, je\u015bli zechc\u0119 zwi\u0119kszy\u0107 skal\u0119 dzia\u0142alno\u015bci lub zacz\u0105\u0107 bez ryzyka?<\/strong><br><strong>A:<\/strong> Z WABOOM mo\u017cesz zacz\u0105\u0107 niemal bez ryzyka, korzystaj\u0105c z ich darmowego planu z 10 000 wiadomo\u015bciami, a nast\u0119pnie skalowa\u0107 go w miar\u0119 wzrostu wydajno\u015bci. Z Infobip musisz dok\u0142adnie prognozowa\u0107 wolumen rozm\u00f3w, planowa\u0107 wykorzystanie szablon\u00f3w i potencjalnie p\u0142aci\u0107 wi\u0119cej wraz ze wzrostem u\u017cycia.<\/p>\n\n\n\n<h2 class=\"wp-block-heading\"> Kto wygrywa?<\/h2>\n\n\n\n<ul class=\"wp-block-list\">\n<li>Wybiera\u0107 <strong>WABOOM<\/strong> je\u015bli ty:<br>\u2714 Potrzebujesz partnera do aktywnego rozwoju, kt\u00f3ry b\u0119dzie prowadzi\u0142 reklamy, tworzy\u0142 automatyzacje i konwertowa\u0142 klient\u00f3w?<br>\u2714 Potrzebna jest przewidywalno\u015b\u0107 koszt\u00f3w + solidny, bezp\u0142atny poziom testowania<br>\u2714 Wolisz zleci\u0107 prac\u0119 strategiczn\u0105 i wykonawcz\u0105 ekspertom<br>\u2714 Wierzymy w skalowanie poprzez konwersj\u0119 i d\u0142ugoterminowe zaanga\u017cowanie na WhatsAppie<\/li>\n\n\n\n<li>Wybiera\u0107 <strong>Infobip<\/strong> je\u015bli ty:<br>\u2714 Przygotuj zesp\u00f3\u0142 techniczny (lub partnera) do tworzenia przep\u0142yw\u00f3w i obs\u0142ugi du\u017cej liczby wiadomo\u015bci<br>\u2714 Chcesz dost\u0119pu do surowego interfejsu API + g\u0142\u0119bokich integracji webhook\u00f3w<br>\u2714 Czujesz si\u0119 komfortowo optymalizuj\u0105c w\u0142asne kampanie i logik\u0119 routingu<br>\u2714 Zaplanuj op\u0142acenie \u201csesji konwersacyjnych\u201d i uzyskaj przejrzysto\u015b\u0107 koszt\u00f3w za rozmow\u0119<\/li>\n<\/ul>\n\n\n\n<p><strong>Podsumowanie:<\/strong><br>Je\u015bli chcesz si\u0119 rozwija\u0107, nie musz\u0105c przy tym zajmowa\u0107 si\u0119 ka\u017cdym szczeg\u00f3\u0142em technicznym, <strong>WABOOM<\/strong> jest opcj\u0105 obarczon\u0105 wi\u0119kszym ryzykiem i wi\u0119ksz\u0105 skuteczno\u015bci\u0105.<br>Je\u015bli chcesz mie\u0107 maksymaln\u0105 kontrol\u0119, niestandardowe przep\u0142ywy pracy i jeste\u015b gotowy przej\u0105\u0107 strategi\u0119 i jej realizacj\u0119, <strong>Infobip<\/strong> jest sprawdzonym, skalowalnym fundamentem.<\/p>","protected":false},"excerpt":{"rendered":"<p>Stop Wasting Money on Messaging Platforms That Leave You Doing All the Work Many WhatsApp tools feel \u201cpowerful,\u201d but too often, you\u2019re left to juggle automation, cost surprises, and ad strategy. If you want predictable pricing, true growth execution, and aligned incentives, you need to compare WABOOM (your growth partner) vs. Infobip (a robust WhatsApp&#8230;<\/p>","protected":false},"author":1,"featured_media":0,"parent":0,"menu_order":0,"comment_status":"closed","ping_status":"closed","template":"","meta":{"_bbp_topic_count":0,"_bbp_reply_count":0,"_bbp_total_topic_count":0,"_bbp_total_reply_count":0,"_bbp_voice_count":0,"_bbp_anonymous_reply_count":0,"_bbp_topic_count_hidden":0,"_bbp_reply_count_hidden":0,"_bbp_forum_subforum_count":0,"_monsterinsights_skip_tracking":false,"_monsterinsights_sitenote_active":false,"_monsterinsights_sitenote_note":"","_monsterinsights_sitenote_category":0,"footnotes":""},"class_list":["post-6363","page","type-page","status-publish","hentry"],"_links":{"self":[{"href":"https:\/\/waboom.net\/pl\/wp-json\/wp\/v2\/pages\/6363","targetHints":{"allow":["GET"]}}],"collection":[{"href":"https:\/\/waboom.net\/pl\/wp-json\/wp\/v2\/pages"}],"about":[{"href":"https:\/\/waboom.net\/pl\/wp-json\/wp\/v2\/types\/page"}],"author":[{"embeddable":true,"href":"https:\/\/waboom.net\/pl\/wp-json\/wp\/v2\/users\/1"}],"replies":[{"embeddable":true,"href":"https:\/\/waboom.net\/pl\/wp-json\/wp\/v2\/comments?post=6363"}],"version-history":[{"count":0,"href":"https:\/\/waboom.net\/pl\/wp-json\/wp\/v2\/pages\/6363\/revisions"}],"wp:attachment":[{"href":"https:\/\/waboom.net\/pl\/wp-json\/wp\/v2\/media?parent=6363"}],"curies":[{"name":"wp","href":"https:\/\/api.w.org\/{rel}","templated":true}]}}