{"id":6371,"date":"2025-11-17T19:30:25","date_gmt":"2025-11-17T19:30:25","guid":{"rendered":"https:\/\/waboom.net\/?page_id=6371"},"modified":"2025-11-19T13:05:46","modified_gmt":"2025-11-19T13:05:46","slug":"waboom-vs-wasender","status":"publish","type":"page","link":"https:\/\/waboom.net\/pl\/waboom-vs-wasender\/","title":{"rendered":"WABOOM kontra WASender"},"content":{"rendered":"<h1 class=\"wp-block-heading\">Przesta\u0144 p\u0142aci\u0107 za narz\u0119dzia do obs\u0142ugi wiadomo\u015bci, kt\u00f3re zostawiaj\u0105 Ci ca\u0142\u0105 prac\u0119<\/h1>\n\n\n\n<p>Wiele narz\u0119dzi do \u201cwybuch\u00f3w WhatsApp\u201d wygl\u0105da tanio, ale gdy chcesz <strong>skaluj, konwertuj i automatyzuj<\/strong>, cz\u0119sto zawodz\u0105. Je\u015bli potrzebujesz <strong>przewidywalne ceny, kompleksowa realizacja us\u0142ug i partner, kt\u00f3ry nap\u0119dza wzrost<\/strong>, powiniene\u015b por\u00f3wna\u0107 WABOOM z WASender \u2014 poniewa\u017c tak naprawd\u0119 nie chcesz kolejnego narz\u0119dzia, lecz <strong>wyniki<\/strong>.<\/p>\n\n\n\n<h2 class=\"wp-block-heading\">\ud83d\udd25 WABOOM kontra WASender: por\u00f3wnanie funkcji po funkcji<\/h2>\n\n\n\n<figure class=\"wp-block-table\"><table class=\"has-fixed-layout\"><thead><tr><th>Funkcja<\/th><th><strong>WABOOM (Partner ds. rozwoju pe\u0142nego zakresu us\u0142ug)<\/strong><\/th><th><strong>WASender (narz\u0119dzie do masowej wysy\u0142ki WhatsApp \/ platforma samoobs\u0142ugowa)<\/strong><\/th><\/tr><\/thead><tbody><tr><td><strong>Koszt i mar\u017ca wiadomo\u015bci<\/strong><\/td><td>Mar\u017ca 0% na kosztach rozm\u00f3w WhatsApp (Meta) + sta\u0142a op\u0142ata za platform\u0119. Plan Forever Free z <strong>10 000 darmowych wiadomo\u015bci<\/strong> do\u0142\u0105czony.<\/td><td>Narz\u0119dzie g\u0142\u00f3wnie do masowego przesy\u0142ania wiadomo\u015bci \u2014 do korzystania z zaawansowanych funkcji mo\u017ce by\u0107 wymagana aktualizacja lub wersja Pro. Koszty i limity cz\u0119sto zale\u017c\u0105 od sposobu u\u017cytkowania, licencji lub wersji wtyczki. <\/td><\/tr><tr><td><strong>Przejrzysto\u015b\u0107 cen<\/strong><\/td><td>Przewidywalne: sta\u0142a platforma + rzeczywiste koszty przenoszone na WhatsApp.<\/td><td>Przejrzysty w kwestii reklam, ale model koszt\u00f3w jest mniej odpowiedni dla rozwoju na pe\u0142n\u0105 skal\u0119: wtyczka do masowej wysy\u0142ki + op\u0142aty licencyjne zamiast pe\u0142nej obs\u0142ugi.<\/td><\/tr><tr><td><strong>Logowanie agent\u00f3w\/zespo\u0142\u00f3w i wsp\u00f3\u0142praca wielu u\u017cytkownik\u00f3w<\/strong><\/td><td>Nieograniczona liczba miejsc dla agent\u00f3w w ramach wi\u0119kszo\u015bci plan\u00f3w \u2014 swobodnie skaluj sw\u00f3j zesp\u00f3\u0142 wsparcia lub sprzeda\u017cy.<\/td><td>Przeznaczony raczej do u\u017cytku indywidualnego lub mniejszych zespo\u0142\u00f3w; skrzynka odbiorcza zespo\u0142u, licencjonowanie stanowisk u\u017cytkownik\u00f3w i przep\u0142ywy pracy obejmuj\u0105ce wielu agent\u00f3w mog\u0105 by\u0107 ograniczone lub wymaga\u0107 oddzielnych narz\u0119dzi.<\/td><\/tr><tr><td><strong>Strategia i realizacja reklam<\/strong><\/td><td>Pe\u0142na obs\u0142uga: WABOOM obs\u0142uguje reklamy Click-to-WhatsApp, tworzy przep\u0142ywy, optymalizuje kampanie pod k\u0105tem konwersji.<\/td><td>WASender opiera si\u0119 na narz\u0119dziach: musisz skonfigurowa\u0107 kampanie, przep\u0142ywy i optymalizacje \u2014 nie pe\u0142ni on roli partnera ds. wzrostu.<\/td><\/tr><tr><td><strong>Reklamy typu \u201ekliknij i wy\u015blij do WhatsApp\u201d i g\u0142\u0119boka atrybucja<\/strong><\/td><td>Zaawansowana segmentacja + natywna integracja CAPI + kierowanie do odpowiedniego agenta\/przep\u0142ywu \u2014 stworzone z my\u015bl\u0105 o konwersjach.<\/td><td>Masowe wiadomo\u015bci koncentruj\u0105 si\u0119 na: przesy\u0142aniu danych do Excela, personalizacji, za\u0142\u0105cznikach. Brakuje wbudowanej strategii ani zaawansowanych ram atrybucji. <\/td><\/tr><tr><td><strong>Konstruktor chatbot\u00f3w\/automatyzacji<\/strong><\/td><td>W pe\u0142ni odblokowany kreator \u201cprzeci\u0105gnij i upu\u015b\u0107\u201d, przep\u0142ywy logiczne, brak \u201epodatku od funkcji\u201d na\u0142o\u017conego na logik\u0119 lub z\u0142o\u017cono\u015b\u0107.<\/td><td>Posiada narz\u0119dzia automatyzuj\u0105ce masowe wysy\u0142anie wiadomo\u015bci (przesy\u0142anie plik\u00f3w Excel, personalizacja, za\u0142\u0105czniki), ale niekoniecznie pe\u0142n\u0105 automatyzacj\u0119 na poziomie przedsi\u0119biorstwa lub routing bot\u00f3w na du\u017c\u0105 skal\u0119.<\/td><\/tr><tr><td><strong>Dost\u0119p do API\/webhook\u00f3w i integracje<\/strong><\/td><td>Nieograniczony dost\u0119p do API umo\u017cliwiaj\u0105cy dog\u0142\u0119bn\u0105 integracj\u0119 z CRM, systemami zaplecza, analizami i przep\u0142ywami pracy.<\/td><td>Zaprojektowany bardziej do masowego wysy\u0142ania wiadomo\u015bci za po\u015brednictwem plik\u00f3w Excel\/CSV lub wtyczek. Obs\u0142uga API\/webhook\u00f3w jest bardziej ograniczona i mo\u017ce wymaga\u0107 dodatkowej konfiguracji lub licencji.<\/td><\/tr><tr><td><strong>Model wsparcia i partnerstwo na rzecz wzrostu<\/strong><\/td><td>Dedykowany Account Manager + proaktywne wsparcie (po\u0142\u0105czenia, Zoom, czat) + dostosowanie strategii rozwoju.<\/td><td>Wsparcie jest bardziej samodzielne: korzystasz z narz\u0119dzia i samodzielnie zarz\u0105dzasz kampaniami \u2014 mniej wymagaj\u0105cego osobistego wsparcia ze strony partner\u00f3w.<\/td><\/tr><tr><td><strong>Transmisja\/Masowe przesy\u0142anie wiadomo\u015bci i skala<\/strong><\/td><td>Zbudowane z my\u015bl\u0105 o skali przedsi\u0119biorstwa: wysoka przepustowo\u015b\u0107, komunikaty zorientowane na kampanie, zoptymalizowane pod k\u0105tem dostarczania i routingu.<\/td><td>Potrafi obs\u0142u\u017cy\u0107 du\u017c\u0105 ilo\u015b\u0107 wiadomo\u015bci, zw\u0142aszcza wychodz\u0105cych, ale mo\u017ce mu brakowa\u0107 optymalizacji strategicznej, logiki routingu, atrybucji i pe\u0142nowymiarowej infrastruktury niezb\u0119dnej do wzrostu wysokiego zwrotu z inwestycji.<\/td><\/tr><tr><td><strong>Oferta bezp\u0142atna \/ wst\u0119pna<\/strong><\/td><td>Tak: Plan Forever Free obejmuj\u0105cy 10 000 wiadomo\u015bci \u2014 dzi\u0119ki niemu testowanie jest mniej ryzykowne.<\/td><td>Istniej\u0105 bezp\u0142atne lub bardzo tanie wersje program\u00f3w do masowej wysy\u0142ki wiadomo\u015bci e-mail, ale zazwyczaj maj\u0105 ograniczenia lub mniejsze mo\u017cliwo\u015bci; s\u0105 przeznaczone raczej do samodzielnej wysy\u0142ki wiadomo\u015bci e-mail.<\/td><\/tr><\/tbody><\/table><\/figure>\n\n\n\n<h2 class=\"wp-block-heading\"> Dlaczego te r\u00f3\u017cnice s\u0105 naprawd\u0119 wa\u017cne<\/h2>\n\n\n\n<h3 class=\"wp-block-heading\">1. Ryzyko kosztowe a przewidywalno\u015b\u0107<\/h3>\n\n\n\n<ul class=\"wp-block-list\">\n<li><strong>Zaleta WABOOM<\/strong>:Dzi\u0119ki zerowej mar\u017cy i bezp\u0142atnej warstwie wiadomo\u015bci mo\u017cesz rozpocz\u0105\u0107 testowanie, a nast\u0119pnie skalowa\u0107 rozwi\u0105zanie przy przewidywalnych kosztach dostosowanych do wolumenu.<\/li>\n\n\n\n<li><strong>Kompromis WASender<\/strong>:Narz\u0119dzia grupowe mog\u0105 wydawa\u0107 si\u0119 tanie na pocz\u0105tku, ale w miar\u0119 skalowania zarz\u0105dzanie kosztami, zgodno\u015bci\u0105, dostarczalno\u015bci\u0105 i wydajno\u015bci\u0105 staje si\u0119 trudniejsze \u2014 pojawia si\u0119 coraz mniej wbudowanych mechanizm\u00f3w strategii i optymalizacji.<\/li>\n<\/ul>\n\n\n\n<h3 class=\"wp-block-heading\">2. Narz\u0119dzie kontra partner wzrostu<\/h3>\n\n\n\n<ul class=\"wp-block-list\">\n<li><strong>Zaleta WABOOM<\/strong>:Otrzymujesz nie tylko narz\u0119dzie; zyskujesz partnera, kt\u00f3ry pomo\u017ce Ci zbudowa\u0107 kampani\u0119, zoptymalizowa\u0107 j\u0105, pozyska\u0107 potencjalnych klient\u00f3w i zwi\u0119kszy\u0107 konwersj\u0119.<\/li>\n\n\n\n<li><strong>Kompromis WASender<\/strong>:\u015awietne rozwi\u0105zanie dla mniejszych kampanii lub wysy\u0142ek masowych, ale wymaga od Ciebie wykonania wi\u0119kszo\u015bci zada\u0144: tworzenia przep\u0142yw\u00f3w, optymalizacji, zarz\u0105dzania kosztami i zapewniania dostarczalno\u015bci.<\/li>\n<\/ul>\n\n\n\n<h3 class=\"wp-block-heading\">3. Wsparcie i gotowo\u015b\u0107 przedsi\u0119biorstwa<\/h3>\n\n\n\n<ul class=\"wp-block-list\">\n<li><strong>Zaleta WABOOM<\/strong>:Dedykowane wsparcie, wysoki poziom zaanga\u017cowania i strategiczne dopasowanie oznaczaj\u0105, \u017ce jeste\u015b lepiej przygotowany na skalowanie, z\u0142o\u017cone przep\u0142ywy pracy i wysokie stawki.<\/li>\n\n\n\n<li><strong>Kompromis WASender<\/strong>Zaprojektowane z my\u015bl\u0105 o prostszych przep\u0142ywach pracy, mniejszych zespo\u0142ach lub samoobs\u0142udze. Je\u015bli szybko si\u0119 skalujesz lub potrzebujesz g\u0142\u0119bokiego routingu i wysokiej niezawodno\u015bci, mo\u017cesz napotka\u0107 ograniczenia.<\/li>\n<\/ul>\n\n\n\n<h2 class=\"wp-block-heading\"> Plusy i minusy: WABOOM kontra WASender<\/h2>\n\n\n\n<figure class=\"wp-block-table\"><table class=\"has-fixed-layout\"><thead><tr><th><\/th><th><strong>WABOOM (Partner Wzrostu)<\/strong><\/th><th><strong>WASender (platforma\/narz\u0119dzie)<\/strong><\/th><\/tr><\/thead><tbody><tr><td><strong>Zalety<\/strong><\/td><td>\u2022 Brak mar\u017cy na kosztach rozm\u00f3w na WhatsAppie.<br>\u2022 10 000 bezp\u0142atnych wiadomo\u015bci do przetestowania.<br>\u2022 Pe\u0142na obs\u0142uga reklamowa + automatyzacja + zarz\u0105dzanie konwersj\u0105.<br>\u2022 Nieograniczona liczba agent\u00f3w (w wi\u0119kszo\u015bci plan\u00f3w).<br>\u2022 Przewidywalny model skalowania wzrostu.<\/td><td>\u2022 Niskie koszty wej\u015bcia.<br>\u2022 Przydatne przy wysy\u0142aniu masowych wiadomo\u015bci.<br>\u2022 Proste narz\u0119dzie \u2014 przesy\u0142aj kontakty, wysy\u0142aj wiadomo\u015bci, personalizuj.<br>\u2022 Dobre dla kampanii na mniejsz\u0105 skal\u0119\/o ni\u017cszym bud\u017cecie.<\/td><\/tr><tr><td><strong>Wady\/kompromisy<\/strong><\/td><td>\u2022 W kwestii realizacji zada\u0144 polegasz na partnerze \u2014 je\u015bli wolisz mie\u0107 pe\u0142n\u0105 kontrol\u0119 wewn\u0119trzn\u0105, mo\u017ce to wydawa\u0107 si\u0119 mniej praktyczne.<br>\u2022 Mog\u0105 obowi\u0105zywa\u0107 sta\u0142e op\u0142aty za platform\u0119\/us\u0142ug\u0119, zale\u017cne od skali dzia\u0142alno\u015bci.<\/td><td>\u2022 Koszty, dostarczalno\u015b\u0107, optymalizacja i trasa s\u0105 Twoj\u0105 odpowiedzialno\u015bci\u0105.<br>\u2022 Ograniczone wsparcie strategiczne; prawdopodobnie b\u0119dziesz potrzebowa\u0107 wi\u0119cej zasob\u00f3w wewn\u0119trznych, aby zmaksymalizowa\u0107 zwrot z inwestycji (ROI).<br>\u2022 Mo\u017ce brakowa\u0107 zaawansowanej integracji kampanii reklamowych, g\u0142\u0119bokiej atrybucji i automatyzacji przedsi\u0119biorstwa.<\/td><\/tr><\/tbody><\/table><\/figure>\n\n\n\n<h2 class=\"wp-block-heading\"> Cz\u0119sto zadawane pytania (FAQ)<\/h2>\n\n\n\n<p><strong>P: Czy WABOOM naprawd\u0119 oferuje darmowy plan z 10 000 wiadomo\u015bci?<\/strong><br><strong>A:<\/strong> Tak \u2014 jedn\u0105 z ich wyj\u0105tkowych zalet jest \u201cPlan Forever Free\u201d, kt\u00f3ry obejmuje 10 000 wiadomo\u015bci z g\u00f3ry, co pozwala na testowanie bez wi\u0119kszego ryzyka.<\/p>\n\n\n\n<p><strong>P: Czy WASender nadaje si\u0119 do automatyzacji na du\u017c\u0105 skal\u0119 i przep\u0142yw\u00f3w pracy obejmuj\u0105cych wielu agent\u00f3w?<\/strong><br><strong>A:<\/strong> Rozwi\u0105zanie to sprawdza si\u0119 w przypadku masowych wiadomo\u015bci wychodz\u0105cych, ale je\u015bli potrzebujesz przep\u0142yw\u00f3w pracy obejmuj\u0105cych wielu agent\u00f3w, g\u0142\u0119bokiego routingu, lejk\u00f3w konwersji opartych na reklamach i skalowalno\u015bci przedsi\u0119biorstwa, mo\u017ce okaza\u0107 si\u0119 mniej przydatne w por\u00f3wnaniu z platformami stworzonymi z my\u015bl\u0105 o realizacji wzrostu.<\/p>\n\n\n\n<p><strong>P: Kt\u00f3ra z nich jest lepsza do reklam Click-to-WhatsApp i optymalizacji ca\u0142ego lejka sprzeda\u017cowego?<\/strong><br><strong>A:<\/strong> WABOOM jest zdecydowanie lepszy, poniewa\u017c oferuje strategi\u0119 + realizacj\u0119 + optymalizacj\u0119. WASender jest bardziej przeznaczony do masowego wysy\u0142ania wiadomo\u015bci ni\u017c do prowadzenia kampanii reklamowych obejmuj\u0105cych ca\u0142y lejek sprzeda\u017cowy.<\/p>\n\n\n\n<p><strong>P: Czy liczba miejsc dla agent\u00f3w w systemie WASender jest nieograniczona, tak jak w systemie WABOOM?<\/strong><br><strong>A:<\/strong> Niekoniecznie. WASender koncentruje si\u0119 na wysy\u0142aniu wiadomo\u015bci masowych, a nie na wsp\u00f3\u0142pracy zespo\u0142owej w przedsi\u0119biorstwie \u2014 warto sprawdzi\u0107, ile stanowisk agent\u00f3w\/u\u017cytkownik\u00f3w otrzymasz i czy wi\u0105\u017c\u0105 si\u0119 z tym dodatkowe koszty.<\/p>\n\n\n\n<h2 class=\"wp-block-heading\">Kto wygrywa?<\/h2>\n\n\n\n<ul class=\"wp-block-list\">\n<li>Wybiera\u0107 <strong>WABOOM<\/strong> je\u015bli ty:<br>\u2714 Chcie\u0107 <strong>strategia odci\u0105\u017cania, kampanie i realizacja wzrostu<\/strong> do partnera<br>\u2714 Potrzeba <strong>przewidywalne ceny bez mar\u017cy<\/strong> z darmowym sposobem testowania<br>\u2714 Chcesz partnera, kt\u00f3ry b\u0119dzie zarz\u0105dza\u0142 przep\u0142ywami, routingiem, konwersj\u0105 i automatyzacj\u0105 reklam w WhatsApp<br>\u2714 S\u0105 skalowalne i wymagaj\u0105 niezawodnej infrastruktury gotowej do wdro\u017cenia w przedsi\u0119biorstwie<\/li>\n\n\n\n<li>Wybiera\u0107 <strong>Nadawca WAS<\/strong> je\u015bli ty:<br>\u2714 Masz mniejszy bud\u017cet i potrzebujesz przede wszystkim <strong>narz\u0119dzie do masowego zasi\u0119gu<\/strong><br>\u2714 Czujesz si\u0119 komfortowo buduj\u0105c i zarz\u0105dzaj\u0105c w\u0142asnymi przep\u0142ywami, kampaniami i optymalizacj\u0105<br>\u2714 Nie potrzebujesz jeszcze pe\u0142nej integracji reklam, logiki routingu ani wsparcia zespo\u0142u korporacyjnego<br>\u2714 Chcesz prostszego i ta\u0144szego punktu wej\u015bcia do obs\u0142ugi wiadomo\u015bci WhatsApp<\/li>\n<\/ul>\n\n\n\n<p><strong>Podsumowanie:<\/strong><br>Je\u015bli powa\u017cnie my\u015blisz o wykorzystaniu WhatsApp do rozwoju \u2014 nie tylko do wysy\u0142ania masowych wiadomo\u015bci \u2014 to <strong>WABOOM<\/strong> jest lepszym wyborem, poniewa\u017c daje Ci struktur\u0119, strategi\u0119 i partnerstwo.<br>Je\u015bli testujesz mniejsze kampanie lub prowadzisz prostsze dzia\u0142ania outreachowe, <strong>Nadawca WAS<\/strong> oferuje niedrogie i praktyczne narz\u0119dzie.<\/p>","protected":false},"excerpt":{"rendered":"<p>Stop Paying for Messaging Tools That Leave You Doing All the Work Many \u201cWhatsApp blast\u201d tools look cheap, but when you want to scale, convert, and automate, they often fall short. If you need predictable pricing, full-service execution, and a partner who drives growth, you should compare WABOOM vs. WASender \u2014 because what you really&#8230;<\/p>","protected":false},"author":1,"featured_media":0,"parent":0,"menu_order":0,"comment_status":"closed","ping_status":"closed","template":"","meta":{"_bbp_topic_count":0,"_bbp_reply_count":0,"_bbp_total_topic_count":0,"_bbp_total_reply_count":0,"_bbp_voice_count":0,"_bbp_anonymous_reply_count":0,"_bbp_topic_count_hidden":0,"_bbp_reply_count_hidden":0,"_bbp_forum_subforum_count":0,"_monsterinsights_skip_tracking":false,"_monsterinsights_sitenote_active":false,"_monsterinsights_sitenote_note":"","_monsterinsights_sitenote_category":0,"footnotes":""},"class_list":["post-6371","page","type-page","status-publish","hentry"],"_links":{"self":[{"href":"https:\/\/waboom.net\/pl\/wp-json\/wp\/v2\/pages\/6371","targetHints":{"allow":["GET"]}}],"collection":[{"href":"https:\/\/waboom.net\/pl\/wp-json\/wp\/v2\/pages"}],"about":[{"href":"https:\/\/waboom.net\/pl\/wp-json\/wp\/v2\/types\/page"}],"author":[{"embeddable":true,"href":"https:\/\/waboom.net\/pl\/wp-json\/wp\/v2\/users\/1"}],"replies":[{"embeddable":true,"href":"https:\/\/waboom.net\/pl\/wp-json\/wp\/v2\/comments?post=6371"}],"version-history":[{"count":0,"href":"https:\/\/waboom.net\/pl\/wp-json\/wp\/v2\/pages\/6371\/revisions"}],"wp:attachment":[{"href":"https:\/\/waboom.net\/pl\/wp-json\/wp\/v2\/media?parent=6371"}],"curies":[{"name":"wp","href":"https:\/\/api.w.org\/{rel}","templated":true}]}}