{"id":6333,"date":"2025-11-16T21:06:58","date_gmt":"2025-11-16T21:06:58","guid":{"rendered":"https:\/\/waboom.net\/?page_id=6333"},"modified":"2025-11-19T13:20:58","modified_gmt":"2025-11-19T13:20:58","slug":"waboom-vs-interakt","status":"publish","type":"page","link":"https:\/\/waboom.net\/pt\/waboom-vs-interakt\/","title":{"rendered":"WABOOM vs. Interakt"},"content":{"rendered":"<p><\/p>\n\n\n\n<p>Descubra por que a WABOOM elimina a confus\u00e3o de pre\u00e7os, desbloqueia uma automa\u00e7\u00e3o superior e oferece a parceria estrat\u00e9gica que sua empresa precisa para realmente crescer no WhatsApp.<\/p>\n\n\n\n<h1 class=\"wp-block-heading\">Compara\u00e7\u00e3o detalhada de recursos: WABOOM vs. Interakt<\/h1>\n\n\n\n<p>A seguir, apresentamos uma an\u00e1lise comparativa clara dos recursos que impulsionam as convers\u00f5es e o ROI.<\/p>\n\n\n\n<figure class=\"wp-block-table\"><table class=\"has-fixed-layout\"><thead><tr><th><strong>Recurso<\/strong><\/th><th><strong>WABOOM<\/strong><\/th><th><strong>Interakt<\/strong><\/th><\/tr><\/thead><tbody><tr><td><strong>Modelo de Pre\u00e7os<\/strong><\/td><td>Planos mensais\/anuais transparentes<\/td><td>Planos Trimestrais\/Escalonados Complexos<\/td><\/tr><tr><td><strong>Marca\u00e7\u00e3o de Meta Conversa\u00e7\u00e3o<\/strong><\/td><td>0% Margem de Lucro (Custo Repassado)<\/td><td>Margem de lucro vari\u00e1vel (custo total mais elevado)<\/td><\/tr><tr><td><strong>Logins de Agentes Gratuitos<\/strong><\/td><td>Ilimitado<\/td><td>Varia conforme o plano; geralmente limitado.<\/td><\/tr><tr><td><strong>Construtor de Chatbots<\/strong><\/td><td>Construtor visual de arrastar e soltar (todos os n\u00edveis)<\/td><td>Dispon\u00edvel apenas em n\u00edveis mais altos e com suporte a GPT.<\/td><\/tr><tr><td><strong>Pagamentos do WhatsApp<\/strong><\/td><td>Ativa\u00e7\u00e3o integrada com um clique<\/td><td>Requer um plano superior ou configura\u00e7\u00e3o complexa.<\/td><\/tr><tr><td><strong>Integra\u00e7\u00f5es de API\/Webhook<\/strong><\/td><td>Gratuito e ilimitado (todos os planos)<\/td><td>Limitado nos planos iniciais; caro nos planos superiores.<\/td><\/tr><tr><td><strong>Servi\u00e7o de Estrat\u00e9gia e Configura\u00e7\u00e3o de An\u00fancios<\/strong><\/td><td>Estrat\u00e9gia e Execu\u00e7\u00e3o Completas de An\u00fancios (Opcional)<\/td><td>Nenhum; somente autoatendimento<\/td><\/tr><tr><td><strong>Suporte ao Cliente<\/strong><\/td><td>Gerente de conta dedicado + Chamadas, Zoom e Chat<\/td><td>Somente por e-mail; relatos de lentid\u00e3o no tempo de resposta.<\/td><\/tr><tr><td><strong>Apresenta\u00e7\u00e3o de transmiss\u00e3o<\/strong><\/td><td>Entrega otimizada e de alta velocidade<\/td><td>Depende do plano; pode ser mais lento.<\/td><\/tr><tr><td><strong>Verifica\u00e7\u00e3o com selo verde<\/strong><\/td><td>Orienta\u00e7\u00e3o t\u00e9cnica e estrat\u00e9gica dedicada<\/td><td>Apenas conformidade t\u00e9cnica b\u00e1sica<\/td><\/tr><\/tbody><\/table><\/figure>\n\n\n\n<h1 class=\"wp-block-heading\">Compara\u00e7\u00e3o detalhada: onde a WABOOM se destaca<\/h1>\n\n\n\n<h2 class=\"wp-block-heading\">I. Precifica\u00e7\u00e3o e Custo Total de Propriedade (TCO)<\/h2>\n\n\n\n<p>Seu maior obst\u00e1culo para escalar \u00e9 <strong>custos inesperados<\/strong> geralmente ocultos em estruturas de pre\u00e7os complexas.<\/p>\n\n\n\n<h3 class=\"wp-block-heading\"><strong>Vantagem WABOOM<\/strong><\/h3>\n\n\n\n<ul class=\"wp-block-list\">\n<li><strong>Promessa de marca\u00e7\u00e3o 0%:<\/strong><br>Cobran\u00e7as WABOOM <strong>margem de lucro zero<\/strong> sobre as taxas de conversa\u00e7\u00e3o oficiais da Meta.<br>O valor cobrado pela Meta \u00e9 exatamente o que voc\u00ea paga.<br>Esta \u00e9 a \u00fanica maneira de prever seu crescimento com precis\u00e3o.<\/li>\n\n\n\n<li><strong>Planos simples:<\/strong><br>Funcionalidades essenciais como acesso \u00e0 API, construtor de chatbots, segmenta\u00e7\u00e3o e fluxos de trabalho est\u00e3o inclu\u00eddas sem obrigar voc\u00ea a optar por planos caros.<\/li>\n<\/ul>\n\n\n\n<h3 class=\"wp-block-heading\"><strong>Fraqueza Interakt<\/strong><\/h3>\n\n\n\n<ul class=\"wp-block-list\">\n<li>A Interakt costuma usar um <strong>Sistema de carteira pr\u00e9-paga<\/strong> e podem ser aplic\u00e1veis:\n<ul class=\"wp-block-list\">\n<li>Pre\u00e7os de mensagens mais altos<\/li>\n\n\n\n<li>Marca\u00e7\u00e3o adicional<\/li>\n\n\n\n<li>Restri\u00e7\u00f5es nos planos de n\u00edvel inferior<\/li>\n<\/ul>\n<\/li>\n\n\n\n<li>Isso encarece a aquisi\u00e7\u00e3o de leads e aumenta a complexidade do or\u00e7amento.<\/li>\n\n\n\n<li>Os planos mais b\u00e1sicos bloqueiam ferramentas essenciais, que s\u00f3 podem ser adquiridas em planos superiores.<\/li>\n<\/ul>\n\n\n\n<h2 class=\"wp-block-heading\">II. Automa\u00e7\u00e3o, Chatbot e Gest\u00e3o de Leads<\/h2>\n\n\n\n<p>Uma plataforma como o WhatsApp deveria automatizar as vendas imediatamente, n\u00e3o semanas depois.<\/p>\n\n\n\n<h3 class=\"wp-block-heading\"><strong>Vantagem WABOOM<\/strong><\/h3>\n\n\n\n<ul class=\"wp-block-list\">\n<li><strong>Construtor de chatbots com recurso de arrastar e soltar:<\/strong><br>Dispon\u00edvel em todos os planos. Crie fluxos, l\u00f3gica condicional, menus, an\u00e1lises e conex\u00f5es de CRM instantaneamente.<\/li>\n\n\n\n<li><strong>Acesso a todos os recursos:<\/strong><br>Campanhas de e-mail marketing automatizadas, segmenta\u00e7\u00e3o avan\u00e7ada e an\u00e1lises em tempo real est\u00e3o inclu\u00eddas desde o primeiro dia.<\/li>\n<\/ul>\n\n\n\n<h3 class=\"wp-block-heading\"><strong>Fraqueza Interakt<\/strong><\/h3>\n\n\n\n<ul class=\"wp-block-list\">\n<li>Muitas das funcionalidades de automa\u00e7\u00e3o mais valiosas da Interakt, especialmente chatbots com IA e an\u00e1lises avan\u00e7adas, s\u00e3o <strong>bloqueados por planos de n\u00edvel superior<\/strong>, aumentando o custo total necess\u00e1rio para construir um funil funcional.<\/li>\n<\/ul>\n\n\n\n<h2 class=\"wp-block-heading\">III. Parcerias Estrat\u00e9gicas e Apoio Publicit\u00e1rio<\/h2>\n\n\n\n<p>N\u00e3o oferecemos apenas software. Ajudamos voc\u00ea a gerar receita real.<\/p>\n\n\n\n<h3 class=\"wp-block-heading\"><strong>Vantagem WABOOM<\/strong><\/h3>\n\n\n\n<ul class=\"wp-block-list\">\n<li><strong>Execu\u00e7\u00e3o de an\u00fancios pronta para uso:<\/strong><br>A WABOOM pode planejar, lan\u00e7ar, otimizar e expandir seu neg\u00f3cio. <strong>An\u00fancios de clique para WhatsApp<\/strong>.<br>Voc\u00ea obt\u00e9m a execu\u00e7\u00e3o de campanhas lideradas por especialistas, em vez de tentativas e erros.<\/li>\n\n\n\n<li><strong>Consulta estrat\u00e9gica gratuita:<\/strong><br>Todas as empresas t\u00eam direito a uma sess\u00e3o gratuita para mapear seu funil de vendas no WhatsApp e garantir que sua configura\u00e7\u00e3o esteja otimizada para gerar receita.<\/li>\n<\/ul>\n\n\n\n<h3 class=\"wp-block-heading\"><strong>Fraqueza Interakt<\/strong><\/h3>\n\n\n\n<ul class=\"wp-block-list\">\n<li>Interakt \u00e9 um <strong>self-service<\/strong> plataforma.<\/li>\n\n\n\n<li>Embora ofere\u00e7am as ferramentas, eles fazem <strong>n\u00e3o<\/strong> Fornecer o suporte estrat\u00e9gico, o planejamento de funil de vendas ou a execu\u00e7\u00e3o de an\u00fancios necess\u00e1rios para maximizar o ROI.<\/li>\n<\/ul>\n\n\n\n<h1 class=\"wp-block-heading\">Por que a WABOOM \u00e9 a melhor escolha?<\/h1>\n\n\n\n<p>A WABOOM foi projetada para empresas de alto crescimento que exigem transpar\u00eancia, poder e parceria.<\/p>\n\n\n\n<h3 class=\"wp-block-heading\">\u2714 Rela\u00e7\u00e3o custo-benef\u00edcio<\/h3>\n\n\n\n<p>A margem de lucro 0% nas taxas da Meta significa milhares economizados \u00e0 medida que voc\u00ea expande.<\/p>\n\n\n\n<h3 class=\"wp-block-heading\">\u2714 Velocidade e suporte<\/h3>\n\n\n\n<p>Suporte humano real via WhatsApp, chamada e Zoom para ajudar voc\u00ea a iniciar, otimizar e manter sua presen\u00e7a online.<\/p>\n\n\n\n<h3 class=\"wp-block-heading\">\u2714 Automa\u00e7\u00e3o irrestrita<\/h3>\n\n\n\n<p>Chatbot com recurso de arrastar e soltar + integra\u00e7\u00f5es de API ilimitadas inclu\u00eddas desde o in\u00edcio.<\/p>\n\n\n\n<h3 class=\"wp-block-heading\">\u2714 Parceiro de Crescimento Full-Stack<\/h3>\n\n\n\n<p>Desde a configura\u00e7\u00e3o at\u00e9 os an\u00fancios e a estrat\u00e9gia, o WABOOM ajuda voc\u00ea a gerar receita imediatamente.<\/p>\n\n\n\n<h1 class=\"wp-block-heading\">Pronto para parar de pagar taxas ocultas e come\u00e7ar a escalar sua estrat\u00e9gia de WhatsApp da maneira correta?<\/h1>\n\n\n\n<h3 class=\"wp-block-heading\"><strong>Crie sua conta WABOOM GRATUITA agora mesmo!<\/strong><\/h3>\n\n\n\n<p>N\u00e3o \u00e9 necess\u00e1rio cart\u00e3o de cr\u00e9dito. Acesso completo \u00e0s funcionalidades principais.<\/p>","protected":false},"excerpt":{"rendered":"<p>Discover why WABOOM eliminates pricing confusion, unlocks superior automation, and provides the strategic partnership your business needs to truly scale on WhatsApp. Feature-by-Feature Comparison: WABOOM vs. Interakt Below is a clear side-by-side breakdown of the features that drive conversions and ROI. Feature WABOOM Interakt Pricing Model Transparent Monthly\/Annual Plans Complex Quarterly\/Tiered Plans Meta Conversation Markup&#8230;<\/p>","protected":false},"author":1,"featured_media":0,"parent":0,"menu_order":0,"comment_status":"closed","ping_status":"closed","template":"","meta":{"_bbp_topic_count":0,"_bbp_reply_count":0,"_bbp_total_topic_count":0,"_bbp_total_reply_count":0,"_bbp_voice_count":0,"_bbp_anonymous_reply_count":0,"_bbp_topic_count_hidden":0,"_bbp_reply_count_hidden":0,"_bbp_forum_subforum_count":0,"_monsterinsights_skip_tracking":false,"_monsterinsights_sitenote_active":false,"_monsterinsights_sitenote_note":"","_monsterinsights_sitenote_category":0,"footnotes":""},"class_list":["post-6333","page","type-page","status-publish","hentry"],"_links":{"self":[{"href":"https:\/\/waboom.net\/pt\/wp-json\/wp\/v2\/pages\/6333","targetHints":{"allow":["GET"]}}],"collection":[{"href":"https:\/\/waboom.net\/pt\/wp-json\/wp\/v2\/pages"}],"about":[{"href":"https:\/\/waboom.net\/pt\/wp-json\/wp\/v2\/types\/page"}],"author":[{"embeddable":true,"href":"https:\/\/waboom.net\/pt\/wp-json\/wp\/v2\/users\/1"}],"replies":[{"embeddable":true,"href":"https:\/\/waboom.net\/pt\/wp-json\/wp\/v2\/comments?post=6333"}],"version-history":[{"count":0,"href":"https:\/\/waboom.net\/pt\/wp-json\/wp\/v2\/pages\/6333\/revisions"}],"wp:attachment":[{"href":"https:\/\/waboom.net\/pt\/wp-json\/wp\/v2\/media?parent=6333"}],"curies":[{"name":"wp","href":"https:\/\/api.w.org\/{rel}","templated":true}]}}