{"id":6335,"date":"2025-11-16T21:11:26","date_gmt":"2025-11-16T21:11:26","guid":{"rendered":"https:\/\/waboom.net\/?page_id=6335"},"modified":"2025-11-19T13:18:31","modified_gmt":"2025-11-19T13:18:31","slug":"waboom-vs-aisensy","status":"publish","type":"page","link":"https:\/\/waboom.net\/pt\/waboom-vs-aisensy\/","title":{"rendered":"WABOOM vs. AiSensy"},"content":{"rendered":"<p>Pare de se contentar com automa\u00e7\u00e3o b\u00e1sica e suporte pouco confi\u00e1vel. Explore a compara\u00e7\u00e3o definitiva e descubra por que a WABOOM oferece estrat\u00e9gia de convers\u00e3o superior, pre\u00e7os transparentes e suporte incompar\u00e1vel que cresce com o seu neg\u00f3cio.<\/p>\n\n\n\n<h2 class=\"wp-block-heading\"><strong>Compara\u00e7\u00e3o detalhada de recursos: WABOOM vs. AiSensy<\/strong><\/h2>\n\n\n\n<figure class=\"wp-block-table\"><table class=\"has-fixed-layout\"><thead><tr><th>Recurso<\/th><th><strong>WABOOM (Parceiro de Crescimento de Servi\u00e7o Completo)<\/strong><\/th><th><strong>AiSensy (Plataforma de Autoatendimento)<\/strong><\/th><\/tr><\/thead><tbody><tr><td><strong>Marca\u00e7\u00e3o de Meta Conversa\u00e7\u00e3o<\/strong><\/td><td><strong>0% Margem de Lucro (Custo Real Repassado)<\/strong><\/td><td>Frequentemente inclui margem de lucro oculta na fatura.<\/td><\/tr><tr><td><strong>Transpar\u00eancia de pre\u00e7os<\/strong><\/td><td>Taxa de plataforma simples e fixa + <strong>custo real do Meta<\/strong><\/td><td>Pre\u00e7os escalonados\/complexos; restri\u00e7\u00f5es de funcionalidades comuns.<\/td><\/tr><tr><td><strong>Logins de agentes<\/strong><\/td><td><strong>Logins ilimitados de agentes (todos os planos)<\/strong><\/td><td>Ilimitado (Padr\u00e3o)<\/td><\/tr><tr><td><strong>Estrat\u00e9gia e Execu\u00e7\u00e3o de An\u00fancios<\/strong><\/td><td><strong>Servi\u00e7o completo de gest\u00e3o de an\u00fancios dispon\u00edvel.<\/strong><\/td><td>Somente autoatendimento; requer conhecimento especializado do usu\u00e1rio.<\/td><\/tr><tr><td><strong>An\u00fancios de clique para WhatsApp<\/strong><\/td><td><strong>Segmenta\u00e7\u00e3o avan\u00e7ada + integra\u00e7\u00e3o nativa CAPI<\/strong><\/td><td>Sim, mas carece de ferramentas mais robustas de automa\u00e7\u00e3o e atribui\u00e7\u00e3o.<\/td><\/tr><tr><td><strong>Construtor de Chatbots<\/strong><\/td><td><strong>Construtor de arrastar e soltar totalmente desbloqueado (Todos os n\u00edveis)<\/strong><\/td><td>IA\/GPT e fluxos avan\u00e7ados geralmente est\u00e3o dispon\u00edveis apenas em planos premium.<\/td><\/tr><tr><td><strong>Acesso \u00e0 API\/Webhook<\/strong><\/td><td><strong>Ilimitado, gratuito, sem restri\u00e7\u00f5es (Todos os planos)<\/strong><\/td><td>Planos iniciais limitados ou restritos<\/td><\/tr><tr><td><strong>Modelo de suporte<\/strong><\/td><td><strong>Gerente de conta dedicado + suporte por chamada, Zoom e chat<\/strong><\/td><td>E-mail\/chat padr\u00e3o; relatos de escalonamento mais lento<\/td><\/tr><tr><td><strong>Pagamentos do WhatsApp<\/strong><\/td><td><strong>Ativa\u00e7\u00e3o com um clique e finaliza\u00e7\u00e3o de compra simplificada no chat.<\/strong><\/td><td>Dispon\u00edvel, mas a implementa\u00e7\u00e3o pode ser complicada.<\/td><\/tr><tr><td><strong>Velocidade de entrega de transmiss\u00e3o<\/strong><\/td><td><strong>Otimizado para entregas empresariais de alto volume<\/strong><\/td><td>O desempenho varia de acordo com o plano e a fila Meta.<\/td><\/tr><\/tbody><\/table><\/figure>\n\n\n\n<h2 class=\"wp-block-heading\"><strong>An\u00e1lise detalhada: por que o WABOOM \u00e9 a atualiza\u00e7\u00e3o definitiva<\/strong><\/h2>\n\n\n\n<h3 class=\"wp-block-heading\"><strong>I. O verdadeiro custo da expans\u00e3o: margens de lucro e taxas ocultas<\/strong><\/h3>\n\n\n\n<p>A AiSensy costuma parecer acess\u00edvel inicialmente, mas o custo real da consulta \u00e9 onde surgem as principais diferen\u00e7as.<\/p>\n\n\n\n<h4 class=\"wp-block-heading\"><strong>Vantagem WABOOM<\/strong><\/h4>\n\n\n\n<ul class=\"wp-block-list\">\n<li><strong>Garantia de margem de lucro 0%:<\/strong> N\u00f3s passamos <strong>Cobran\u00e7as de Meta Conversa\u00e7\u00e3o<\/strong> Para voc\u00ea, ao custo exato. Sem acr\u00e9scimos, sem surpresas. Seu retorno sobre o investimento aumenta conforme seu volume cresce.<\/li>\n\n\n\n<li><strong>Todas as funcionalidades principais desbloqueadas:<\/strong> Construtor de chatbot completo, APIs ilimitadas e n\u00famero ilimitado de agentes em todos os planos, exceto no introdut\u00f3rio, sem &quot;taxa adicional&quot; para crescimento de recursos.<\/li>\n<\/ul>\n\n\n\n<h4 class=\"wp-block-heading\"><strong>Fraqueza AiSensy<\/strong><\/h4>\n\n\n\n<ul class=\"wp-block-list\">\n<li>Acr\u00e9scimos sutis nas taxas da Meta s\u00e3o comuns. Um acr\u00e9scimo de 5% em 100.000 mensagens mensais pode rapidamente tornar planos &quot;mais baratos&quot; mais caros na realidade, prejudicando a previsibilidade e a lucratividade.<\/li>\n<\/ul>\n\n\n\n<h3 class=\"wp-block-heading\"><strong>II. Parceria vs. Plataforma: Estrat\u00e9gia e Execu\u00e7\u00e3o de An\u00fancios<\/strong><\/h3>\n\n\n\n<p>A AiSensy \u00e9 uma ferramenta. A WABOOM \u00e9 uma parceira de crescimento.<\/p>\n\n\n\n<h4 class=\"wp-block-heading\"><strong>Vantagem WABOOM<\/strong><\/h4>\n\n\n\n<ul class=\"wp-block-list\">\n<li><strong>Gest\u00e3o completa de an\u00fancios:<\/strong> N\u00f3s projetamos, gerenciamos e otimizamos o seu <strong>Campanhas de &quot;clique para WhatsApp&quot;<\/strong> Algo que a AiSensy n\u00e3o oferece. Isso garante o m\u00e1ximo retorno sobre o investimento e elimina as suposi\u00e7\u00f5es.<\/li>\n\n\n\n<li><strong>Integra\u00e7\u00f5es de an\u00fancios mais profundas:<\/strong> Nossa tecnologia avan\u00e7ada <strong>CAPI<\/strong> Os fluxos de segmenta\u00e7\u00e3o garantem atribui\u00e7\u00e3o precisa e encaminhamento instant\u00e2neo para o agente ou fluxo de trabalho correto.<\/li>\n<\/ul>\n\n\n\n<h4 class=\"wp-block-heading\"><strong>Fraqueza AiSensy<\/strong><\/h4>\n\n\n\n<ul class=\"wp-block-list\">\n<li>Embora o recurso &quot;Clique para WhatsApp&quot; esteja dispon\u00edvel, a otimiza\u00e7\u00e3o estrat\u00e9gica geralmente fica a cargo do usu\u00e1rio, resultando em taxas de convers\u00e3o mais baixas e desperd\u00edcio de verba publicit\u00e1ria.<\/li>\n<\/ul>\n\n\n\n<h3 class=\"wp-block-heading\"><strong>III. Suporte, Confiabilidade e Rapidez na Resolu\u00e7\u00e3o<\/strong><\/h3>\n\n\n\n<p>Quando seu sistema de mensagens falha, os neg\u00f3cios param. Voc\u00ea precisa de suporte que n\u00e3o o deixe esperando.<\/p>\n\n\n\n<h4 class=\"wp-block-heading\"><strong>Vantagem WABOOM<\/strong><\/h4>\n\n\n\n<ul class=\"wp-block-list\">\n<li><strong>Suporte proativo e multicanal:<\/strong> Telefone, Zoom, chat e e-mail conduzidos por um <strong>Gerente de Conta Dedicado<\/strong> para a maioria dos planos de n\u00edvel intermedi\u00e1rio.<\/li>\n\n\n\n<li><strong>Estabilidade de n\u00edvel empresarial:<\/strong> Otimizado para entrega de alto volume, garantindo que mensagens transacionais cr\u00edticas cheguem aos clientes sem demora.<\/li>\n<\/ul>\n\n\n\n<h4 class=\"wp-block-heading\"><strong>Fraqueza AiSensy<\/strong><\/h4>\n\n\n\n<ul class=\"wp-block-list\">\n<li>O suporte \u00e9 funcional, mas geralmente lento para problemas t\u00e9cnicos ou urgentes, dependendo principalmente de e-mail, o que \u00e9 caro durante per\u00edodos de alta demanda.<\/li>\n<\/ul>\n\n\n\n<h3 class=\"wp-block-heading\"><strong>IV. Automa\u00e7\u00e3o irrestrita: chatbots e pagamentos<\/strong><\/h3>\n\n\n\n<p>As automa\u00e7\u00f5es modernas do WhatsApp n\u00e3o deveriam exigir a fideliza\u00e7\u00e3o a planos premium.<\/p>\n\n\n\n<h4 class=\"wp-block-heading\"><strong>Vantagem WABOOM<\/strong><\/h4>\n\n\n\n<ul class=\"wp-block-list\">\n<li><strong>O respons\u00e1vel pelo fechamento do pagamento:<\/strong> Nossos fluxos de pagamento e pedidos via WhatsApp criam uma experi\u00eancia perfeita do chat \u00e0 finaliza\u00e7\u00e3o da compra, reduzindo drasticamente as desist\u00eancias.<\/li>\n\n\n\n<li><strong>Sem c\u00f3digo, pot\u00eancia total:<\/strong> Nosso chatbot com recurso de arrastar e soltar oferece todos os blocos de l\u00f3gica, condi\u00e7\u00f5es, chamadas de API e automa\u00e7\u00f5es, sem necessidade de atualiza\u00e7\u00f5es.<\/li>\n<\/ul>\n\n\n\n<h2 class=\"wp-block-heading\"><strong>Expanda com confian\u00e7a, sem custos ocultos.<\/strong><\/h2>\n\n\n\n<p>Se voc\u00ea precisa apenas de automa\u00e7\u00e3o b\u00e1sica de autoatendimento, o AiSensy pode atender \u00e0s suas necessidades.<\/p>\n\n\n\n<p>Mas se voc\u00ea est\u00e1 falando s\u00e9rio sobre <strong>Aumentar a receita, eliminar a margem de lucro e aproveitar o suporte estrat\u00e9gico especializado.<\/strong> Para maximizar o ROI dos an\u00fancios e o desempenho da automa\u00e7\u00e3o, <strong>WABOOM \u00e9 o vencedor indiscut\u00edvel<\/strong>.<\/p>\n\n\n\n<p><strong>Pronto para parar de pagar taxas ocultas e come\u00e7ar a escalar de forma inteligente?<\/strong><\/p>\n\n\n\n<h3 class=\"wp-block-heading\"><strong>Crie sua conta WABOOM GRATUITA<\/strong><\/h3>\n\n\n\n<p><em>Acesso completo ao Construtor de Chatbots e logins ilimitados para agentes.<\/em><\/p>","protected":false},"excerpt":{"rendered":"<p>Stop settling for basic automation and unreliable support. Dive into the definitive comparison and discover why WABOOM delivers superior conversion strategy, transparent pricing, and unmatched support that scales with you. Feature-by-Feature Comparison: WABOOM vs. AiSensy Feature WABOOM (Full-Service Growth Partner) AiSensy (Self-Service Platform) Meta Conversation Markup 0% Markup (True Pass-Through Cost) Often includes hidden markup&#8230;<\/p>","protected":false},"author":1,"featured_media":0,"parent":0,"menu_order":0,"comment_status":"closed","ping_status":"closed","template":"","meta":{"_bbp_topic_count":0,"_bbp_reply_count":0,"_bbp_total_topic_count":0,"_bbp_total_reply_count":0,"_bbp_voice_count":0,"_bbp_anonymous_reply_count":0,"_bbp_topic_count_hidden":0,"_bbp_reply_count_hidden":0,"_bbp_forum_subforum_count":0,"_monsterinsights_skip_tracking":false,"_monsterinsights_sitenote_active":false,"_monsterinsights_sitenote_note":"","_monsterinsights_sitenote_category":0,"footnotes":""},"class_list":["post-6335","page","type-page","status-publish","hentry"],"_links":{"self":[{"href":"https:\/\/waboom.net\/pt\/wp-json\/wp\/v2\/pages\/6335","targetHints":{"allow":["GET"]}}],"collection":[{"href":"https:\/\/waboom.net\/pt\/wp-json\/wp\/v2\/pages"}],"about":[{"href":"https:\/\/waboom.net\/pt\/wp-json\/wp\/v2\/types\/page"}],"author":[{"embeddable":true,"href":"https:\/\/waboom.net\/pt\/wp-json\/wp\/v2\/users\/1"}],"replies":[{"embeddable":true,"href":"https:\/\/waboom.net\/pt\/wp-json\/wp\/v2\/comments?post=6335"}],"version-history":[{"count":0,"href":"https:\/\/waboom.net\/pt\/wp-json\/wp\/v2\/pages\/6335\/revisions"}],"wp:attachment":[{"href":"https:\/\/waboom.net\/pt\/wp-json\/wp\/v2\/media?parent=6335"}],"curies":[{"name":"wp","href":"https:\/\/api.w.org\/{rel}","templated":true}]}}