{"id":6352,"date":"2025-11-17T17:10:49","date_gmt":"2025-11-17T17:10:49","guid":{"rendered":"https:\/\/waboom.net\/?page_id=6352"},"modified":"2025-11-19T13:16:37","modified_gmt":"2025-11-19T13:16:37","slug":"6352-2","status":"publish","type":"page","link":"https:\/\/waboom.net\/pt\/6352-2\/","title":{"rendered":"WABOOM VS WATI"},"content":{"rendered":"<h1 class=\"wp-block-heading\">Pare de desperdi\u00e7ar dinheiro com plataformas de mensagens que deixam voc\u00ea fazendo todo o trabalho.<\/h1>\n\n\n\n<p>Vamos direto ao ponto: a maioria das plataformas de WhatsApp parecem \u00f3timas no papel, com pain\u00e9is sofisticados, bots e automa\u00e7\u00e3o. Mas, na hora de escalar seu neg\u00f3cio, a maioria delas deixa voc\u00ea na m\u00e3o: gerenciando custos, otimizando an\u00fancios, criando fluxos e solucionando problemas de suporte.<\/p>\n\n\n\n<p>Se voc\u00ea quiser <strong>Pre\u00e7os previs\u00edveis, execu\u00e7\u00e3o pr\u00e1tica do crescimento e um verdadeiro parceiro para o seu neg\u00f3cio.<\/strong>, Voc\u00ea precisa ver a diferen\u00e7a entre <strong>WABOOM<\/strong> e <strong>WATI<\/strong>  A plataforma versus o parceiro de crescimento com servi\u00e7o completo. Veja a seguir a an\u00e1lise.<\/p>\n\n\n\n<h2 class=\"wp-block-heading\">WABOOM vs. WATI: Compara\u00e7\u00e3o de Recursos.<\/h2>\n\n\n\n<figure class=\"wp-block-table\"><table class=\"has-fixed-layout\"><thead><tr><th>Recurso<\/th><th><strong>WABOOM (Parceiro de Crescimento de Servi\u00e7o Completo)<\/strong><\/th><th><strong>WATI (Plataforma de Autoatendimento)<\/strong><\/th><\/tr><\/thead><tbody><tr><td><strong>Meta Conversa\u00e7\u00e3o \/ Custo da Mensagem<\/strong><\/td><td><strong>0% margem de lucro<\/strong>  Taxa fixa da plataforma + custo real da Meta. Transparente.<\/td><td>Pagamento por mensagem (modelo + sess\u00e3o). As taxas s\u00e3o adicionais aos custos da Meta.<\/td><\/tr><tr><td><strong>Transpar\u00eancia de pre\u00e7os<\/strong><\/td><td>Simples, previs\u00edvel, sem surpresas.<\/td><td>Assinatura + cr\u00e9ditos para mensagens. Os custos variam conforme o tipo e o volume da mensagem.<\/td><\/tr><tr><td><strong>Logins de Agentes\/Equipes<\/strong><\/td><td>Acesso ilimitado de agentes na maioria dos planos.<\/td><td>Inclui m\u00faltiplos usu\u00e1rios\/licen\u00e7as; usu\u00e1rios adicionais t\u00eam custo adicional.<\/td><\/tr><tr><td><strong>Estrat\u00e9gia e Execu\u00e7\u00e3o de An\u00fancios<\/strong><\/td><td>Servi\u00e7o completo: A WABOOM gerencia an\u00fancios Click-to-WhatsApp, segmenta\u00e7\u00e3o e otimiza\u00e7\u00e3o.<\/td><td>Oferece ferramentas de publicidade, mas a estrat\u00e9gia e a otimiza\u00e7\u00e3o s\u00e3o gerenciadas pelo usu\u00e1rio.<\/td><\/tr><tr><td><strong>An\u00fancios de clique para WhatsApp<\/strong><\/td><td>Segmenta\u00e7\u00e3o avan\u00e7ada + integra\u00e7\u00e3o nativa com CAPI + roteamento para os fluxos corretos.<\/td><td>Compat\u00edvel com o Gerenciador de Campanhas; requer configura\u00e7\u00e3o manual para otimiza\u00e7\u00e3o avan\u00e7ada.<\/td><\/tr><tr><td><strong>Construtor de chatbots\/automa\u00e7\u00f5es<\/strong><\/td><td>Funcionamento completo de arrastar e soltar, sem custos adicionais.\u201c<\/td><td>O criador de chatbots oferece suporte a respostas de IA, automa\u00e7\u00e3o por palavras-chave e formul\u00e1rios. H\u00e1 limites de sess\u00f5es por plano.<\/td><\/tr><tr><td><strong>Acesso \u00e0 API\/Webhook<\/strong><\/td><td>Integra\u00e7\u00e3o ilimitada, irrestrita e f\u00e1cil com CRM e sistemas de back-end.<\/td><td>Acesso completo \u00e0 API, suporte a webhooks, pronto para integra\u00e7\u00e3o, mas requer configura\u00e7\u00e3o t\u00e9cnica.<\/td><\/tr><tr><td><strong>Modelo de suporte<\/strong><\/td><td>Gerente de conta dedicado + suporte proativo via Zoom, telefone e chat.<\/td><td>Suporte padr\u00e3o por chat\/e-mail; planos empresariais\/corporativos oferecem suporte mais personalizado.<\/td><\/tr><tr><td><strong>Mensagens de transmiss\u00e3o\/alto volume<\/strong><\/td><td>Velocidade, confiabilidade e entrega de n\u00edvel empresarial.<\/td><td>Suporta grandes volumes, mas o custo aumenta proporcionalmente aos cr\u00e9ditos de mensagens.<\/td><\/tr><\/tbody><\/table><\/figure>\n\n\n\n<h2 class=\"wp-block-heading\">As verdadeiras diferen\u00e7as que importam<\/h2>\n\n\n\n<h3 class=\"wp-block-heading\">1. Custos Ocultos e Retorno sobre o Investimento (ROI) Previs\u00edvel<\/h3>\n\n\n\n<ul class=\"wp-block-list\">\n<li><strong>Vantagem WABOOM<\/strong><br>Sem margem de lucro = total transpar\u00eancia. \u00c0 medida que voc\u00ea cresce, seus custos aumentam de forma previs\u00edvel com as tarifas da Meta. Sem necessidade de cr\u00e9ditos adicionais, sem adivinha\u00e7\u00f5es.<\/li>\n\n\n\n<li><strong>Compensa\u00e7\u00e3o WATI<\/strong><br>O sistema de pagamento por mensagem dificulta a previs\u00e3o. \u00c9 preciso monitorar o uso de cr\u00e9ditos, os tipos de mensagens e o volume para evitar surpresas.<\/li>\n<\/ul>\n\n\n\n<h3 class=\"wp-block-heading\">2. Ferramenta vs. Verdadeiro Parceiro de Crescimento<\/h3>\n\n\n\n<ul class=\"wp-block-list\">\n<li><strong>Vantagem WABOOM<\/strong><br>N\u00e3o nos limitamos a fornecer ferramentas; executamos campanhas, otimizamos fluxos e gerenciamos funis de convers\u00e3o para voc\u00ea. Voc\u00ea se concentra no crescimento; n\u00f3s cuidamos da execu\u00e7\u00e3o.<\/li>\n\n\n\n<li><strong>Compensa\u00e7\u00e3o WATI<\/strong><br>\u00d3timo para quem gosta de fazer tudo sozinho ou para equipes com recursos de desenvolvimento. Mas se voc\u00ea quer estrat\u00e9gia e otimiza\u00e7\u00e3o de campanha prontas para uso? A\u00ed a responsabilidade \u00e9 sua.<\/li>\n<\/ul>\n\n\n\n<h3 class=\"wp-block-heading\">3. Suporte em que voc\u00ea realmente pode confiar.<\/h3>\n\n\n\n<ul class=\"wp-block-list\">\n<li><strong>Vantagem WABOOM<\/strong><br>Gerente de conta dedicado, com atendimento via Zoom, telefone e chat. O monitoramento proativo garante a resolu\u00e7\u00e3o de problemas antes que afetem a receita.<\/li>\n\n\n\n<li><strong>Compensa\u00e7\u00e3o WATI<\/strong><br>O suporte \u00e9 s\u00f3lido, especialmente nos planos mais avan\u00e7ados, mas a resolu\u00e7\u00e3o de problemas do dia a dia pode ser mais lenta. Voc\u00ea depende mais da documenta\u00e7\u00e3o e do autoatendimento.<\/li>\n<\/ul>\n\n\n\n<h2 class=\"wp-block-heading\"> WABOOM vs. WATI: Pr\u00f3s e Contras<\/h2>\n\n\n\n<figure class=\"wp-block-table\"><table class=\"has-fixed-layout\"><thead><tr><th>Categoria<\/th><th><strong>WABOOM (Parceiro de Crescimento)<\/strong><\/th><th><strong>WATI (Plataforma)<\/strong><\/th><\/tr><\/thead><tbody><tr><td><strong>Pr\u00f3s<\/strong><\/td><td>Sem acr\u00e9scimo de pre\u00e7o nos custos de metadados. Execu\u00e7\u00e3o completa de an\u00fancios. Agentes ilimitados. Suporte personalizado. Modelo de custos previs\u00edvel e escal\u00e1vel.<\/td><td>Pre\u00e7os flex\u00edveis de pagamento conforme o uso. Construtor de chatbots robusto e automa\u00e7\u00e3o. API e integra\u00e7\u00f5es. Suporta alto volume de mensagens.<\/td><\/tr><tr><td><strong>Contras\/Desvantagens<\/strong><\/td><td>Taxa fixa de plataforma exigida. Requer confian\u00e7a no parceiro.<\/td><td>A previs\u00e3o de custos pode ser complexa. Requer mais configura\u00e7\u00e3o t\u00e9cnica. O suporte \u00e9 menos proativo, exceto em planos corporativos.<\/td><\/tr><\/tbody><\/table><\/figure>\n\n\n\n<h2 class=\"wp-block-heading\"> Perguntas frequentes<\/h2>\n\n\n\n<p><strong>P: A WABOOM realmente tem margem de lucro 0%?<\/strong><br><strong>UM:<\/strong> Sim, voc\u00ea paga o custo exato da Meta mais uma taxa fixa da plataforma. Sem surpresas.<\/p>\n\n\n\n<p><strong>P: A WATI pode executar campanhas Click-to-WhatsApp?<\/strong><br><strong>UM:<\/strong> Sim, mas voc\u00ea gerencia a execu\u00e7\u00e3o e a otimiza\u00e7\u00e3o. A WABOOM executa e otimiza as campanhas para voc\u00ea.<\/p>\n\n\n\n<p><strong>P: Quem \u00e9 melhor para escalar o envio de mensagens em alto volume?<\/strong><br><strong>UM:<\/strong> Tecnicamente, ambas as empresas conseguem lidar com alto volume, mas a abordagem da WABOOM \u00e9 otimizada para <strong>velocidade, roteamento e confiabilidade<\/strong> pronto para usar.<\/p>\n\n\n\n<p><strong>P: A WATI oferece um n\u00famero ilimitado de agentes?<\/strong><br><strong>UM:<\/strong> O n\u00famero de assentos para agentes \u00e9 limitado pelo plano. Assentos adicionais t\u00eam custo extra.<\/p>\n\n\n\n<h1 class=\"wp-block-heading\">Quem vence?<\/h1>\n\n\n\n<ul class=\"wp-block-list\">\n<li>Escolher <strong>WABOOM<\/strong> se voc\u00ea quiser:<br>\u2714 Custos previs\u00edveis com <strong>0% margem de lucro<\/strong><br>\u2714 Gest\u00e3o completa de an\u00fancios e campanhas do WhatsApp<br>\u2714 Agentes e automa\u00e7\u00e3o ilimitados<br>\u2714 Suporte pr\u00e1tico e proativo<\/li>\n\n\n\n<li>Escolher <strong>WATI<\/strong> se voc\u00ea:<br>\u2714 Tenha uma equipe t\u00e9cnica para lidar com a automa\u00e7\u00e3o e a otimiza\u00e7\u00e3o de an\u00fancios.<br>\u2714 Deseja pre\u00e7os flex\u00edveis, com pagamento por mensagem?<br>\u2714 Sente-se \u00e0 vontade para gerenciar cr\u00e9ditos e prever custos.<\/li>\n<\/ul>\n\n\n\n<p>Para <strong>Empresas que buscam crescimento sem surpresas<\/strong>, <strong>WABOOM \u00e9 o vencedor indiscut\u00edvel<\/strong>. N\u00e3o se trata apenas de ferramentas, trata-se de <strong>resultados, previsibilidade e execu\u00e7\u00e3o do crescimento<\/strong>.<\/p>","protected":false},"excerpt":{"rendered":"<p>Stop Wasting Money on Messaging Platforms That Leave You Doing All the Work Let\u2019s cut to the chase: most WhatsApp platforms look great on paper shiny dashboards, bots, automation. But when it comes to scaling your business, most of them leave you holding the bag: managing costs, optimizing ads, building flows, and troubleshooting support issues&#8230;.<\/p>","protected":false},"author":1,"featured_media":0,"parent":0,"menu_order":0,"comment_status":"closed","ping_status":"closed","template":"","meta":{"_bbp_topic_count":0,"_bbp_reply_count":0,"_bbp_total_topic_count":0,"_bbp_total_reply_count":0,"_bbp_voice_count":0,"_bbp_anonymous_reply_count":0,"_bbp_topic_count_hidden":0,"_bbp_reply_count_hidden":0,"_bbp_forum_subforum_count":0,"_monsterinsights_skip_tracking":false,"_monsterinsights_sitenote_active":false,"_monsterinsights_sitenote_note":"","_monsterinsights_sitenote_category":0,"footnotes":""},"class_list":["post-6352","page","type-page","status-publish","hentry"],"_links":{"self":[{"href":"https:\/\/waboom.net\/pt\/wp-json\/wp\/v2\/pages\/6352","targetHints":{"allow":["GET"]}}],"collection":[{"href":"https:\/\/waboom.net\/pt\/wp-json\/wp\/v2\/pages"}],"about":[{"href":"https:\/\/waboom.net\/pt\/wp-json\/wp\/v2\/types\/page"}],"author":[{"embeddable":true,"href":"https:\/\/waboom.net\/pt\/wp-json\/wp\/v2\/users\/1"}],"replies":[{"embeddable":true,"href":"https:\/\/waboom.net\/pt\/wp-json\/wp\/v2\/comments?post=6352"}],"version-history":[{"count":0,"href":"https:\/\/waboom.net\/pt\/wp-json\/wp\/v2\/pages\/6352\/revisions"}],"wp:attachment":[{"href":"https:\/\/waboom.net\/pt\/wp-json\/wp\/v2\/media?parent=6352"}],"curies":[{"name":"wp","href":"https:\/\/api.w.org\/{rel}","templated":true}]}}