{"id":6361,"date":"2025-11-17T17:32:03","date_gmt":"2025-11-17T17:32:03","guid":{"rendered":"https:\/\/waboom.net\/?page_id=6361"},"modified":"2025-11-19T13:09:13","modified_gmt":"2025-11-19T13:09:13","slug":"waboom-vs-sleekflow","status":"publish","type":"page","link":"https:\/\/waboom.net\/pt\/waboom-vs-sleekflow\/","title":{"rendered":"WABOOM vs. SleekFlow"},"content":{"rendered":"<p>\u00d3timo, aqui est\u00e1 um <strong>WABOOM vs. SleekFlow<\/strong> Uma compara\u00e7\u00e3o no seu formato estruturado, ao estilo de Neil Patel, mostrando onde cada plataforma se destaca, onde elas apresentam desvantagens e quando voc\u00ea pode escolher uma em vez da outra.<\/p>\n\n\n\n<h1 class=\"wp-block-heading\">Pare de desperdi\u00e7ar dinheiro com plataformas de mensagens que deixam voc\u00ea fazendo todo o trabalho.<\/h1>\n\n\n\n<p>Muitas ferramentas do WhatsApp parecem poderosas, com agentes de IA, automa\u00e7\u00f5es e caixas de entrada, mas a maioria deixa a desejar. <em>voc\u00ea<\/em> Respons\u00e1vel pelo crescimento, estrat\u00e9gia de campanha e imprevistos de custos. Se voc\u00ea leva a s\u00e9rio o crescimento com clareza e desempenho, merece mais do que apenas um aplicativo de bate-papo.<\/p>\n\n\n\n<p>\u00c9 por isso que comparar <strong>WABOOM<\/strong> (um verdadeiro parceiro de crescimento) com <strong>SleekFlow<\/strong> Uma plataforma completa, orientada por API, \u00e9 fundamental. N\u00e3o se trata apenas de verificar funcionalidades, mas sim de execu\u00e7\u00e3o, previsibilidade e retorno sobre o investimento a longo prazo.<\/p>\n\n\n\n<h2 class=\"wp-block-heading\">\ud83d\udd25 Compara\u00e7\u00e3o detalhada de recursos entre WABOOM e SleekFlow<\/h2>\n\n\n\n<figure class=\"wp-block-table\"><table class=\"has-fixed-layout\"><thead><tr><th>Recurso<\/th><th><strong>WABOOM (Parceiro de Crescimento de Servi\u00e7o Completo)<\/strong><\/th><th><strong>SleekFlow (API + Plataforma de Automa\u00e7\u00e3o)<\/strong><\/th><\/tr><\/thead><tbody><tr><td><strong>Meta Conversa\u00e7\u00e3o \/ Custo da Mensagem<\/strong><\/td><td><strong>0% margem de lucro<\/strong> Custos de conversa\u00e7\u00e3o no Meta + taxa fixa da plataforma. Plano gratuito para sempre com <strong>10.000 mensagens gratuitas<\/strong> Torna o in\u00edcio livre de riscos.<\/td><td>Utiliza pre\u00e7os por mensagem: as mensagens padronizadas s\u00e3o cobradas com base na categoria (marketing, utilit\u00e1rio, autentica\u00e7\u00e3o). <\/td><\/tr><tr><td><strong>Transpar\u00eancia de pre\u00e7os<\/strong><\/td><td>Simples e previs\u00edvel: custo fixo da plataforma + taxas reais da Meta.<\/td><td>Estrutura clara: modelo de contatos ativos mensais (MAC) + taxas por mensagem. <\/td><\/tr><tr><td><strong>Logins de Agentes\/Equipes<\/strong><\/td><td>Na maioria dos planos, o n\u00famero de agentes \u00e9 ilimitado, permitindo que voc\u00ea expanda sua equipe de suporte ou vendas livremente.<\/td><td>Caixa de entrada multiagente + roteamento; voc\u00ea pode atribuir fun\u00e7\u00f5es e equipes para gerenciar conversas do WhatsApp. <\/td><\/tr><tr><td><strong>Estrat\u00e9gia e Execu\u00e7\u00e3o de An\u00fancios<\/strong><\/td><td>A WABOOM gerencia suas campanhas de an\u00fancios Click-to-WhatsApp, otimiza-as e as integra aos fluxos de seus bots e agentes.<\/td><td>O SleekFlow oferece a voc\u00ea o <strong>Construtor de Fluxo<\/strong> Use o recurso de arrastar e soltar para criar automa\u00e7\u00f5es, mas voc\u00ea controla como conduz e converte as conversas. <\/td><\/tr><tr><td><strong>An\u00fancios de clique para WhatsApp<\/strong><\/td><td>Segmenta\u00e7\u00e3o avan\u00e7ada, roteamento nativo CAPI e atribui\u00e7\u00e3o baseada em fluxo.<\/td><td>Com o suporte das funcionalidades BSP, voc\u00ea configura a l\u00f3gica de fluxo, mas a estrat\u00e9gia de an\u00fancios fica a seu crit\u00e9rio.<\/td><\/tr><tr><td><strong>Construtor de chatbots\/automa\u00e7\u00f5es<\/strong><\/td><td>Construtor de arrastar e soltar totalmente desbloqueado. Sem restri\u00e7\u00f5es de recursos, sem limites artificiais.<\/td><td>Um Flow Builder muito poderoso com agentes de IA para criar automa\u00e7\u00f5es conversacionais e encaminhar fluxos de forma inteligente. <\/td><\/tr><tr><td><strong>Acesso \u00e0 API\/Webhook<\/strong><\/td><td>Acesso ilimitado \u00e0 API para CRM, backend ou integra\u00e7\u00f5es personalizadas.<\/td><td>API robusta com suporte a webhooks, desenvolvida para integra\u00e7\u00e3o com CRMs, com\u00e9rcio eletr\u00f4nico e muito mais. <\/td><\/tr><tr><td><strong>Modelo de suporte<\/strong><\/td><td>Gerente de conta dedicado + suporte proativo e personalizado (Zoom, telefone, chat).<\/td><td>O suporte depende do plano; voc\u00ea pode adicionar um Gerente de Sucesso do Cliente para obter ajuda mais estrat\u00e9gica. <\/td><\/tr><tr><td><strong>Mensagens de transmiss\u00e3o\/alto volume<\/strong><\/td><td>Otimizado para mensagens, campanhas e alto volume de dados em escala empresarial.<\/td><td>O suporte para alto volume \u00e9 robusto; voc\u00ea pode executar fluxos de trabalho automatizados, campanhas e transmiss\u00f5es por meio da API e do construtor de fluxos.<\/td><\/tr><tr><td><strong>Redu\u00e7\u00e3o de custos para mensagens de servi\u00e7o<\/strong><\/td><td>Gra\u00e7as \u00e0 margem de lucro da 0% e ao n\u00edvel gratuito, o in\u00edcio \u00e9 acess\u00edvel e o escalonamento \u00e9 previs\u00edvel.<\/td><td>Modelos de utilit\u00e1rios <em>dentro<\/em> O atendimento ao cliente 24 horas \u00e9 gratuito. <\/td><\/tr><\/tbody><\/table><\/figure>\n\n\n\n<h2 class=\"wp-block-heading\"> Por que essas diferen\u00e7as realmente importam<\/h2>\n\n\n\n<h3 class=\"wp-block-heading\">1. Previsibilidade e escalabilidade sem riscos<\/h3>\n\n\n\n<ul class=\"wp-block-list\">\n<li><strong>Vantagem WABOOM<\/strong>: O <strong>Plano gratuito + sem acr\u00e9scimo de pre\u00e7o<\/strong> Isso significa que voc\u00ea pode testar sua automa\u00e7\u00e3o do WhatsApp sem correr o risco de grandes despesas. \u00c0 medida que voc\u00ea expande, seus custos aumentam com o volume de forma transparente.<\/li>\n\n\n\n<li><strong>SleekFlow Trade-Off<\/strong>Voc\u00ea paga por mensagem modelo, dependendo do seu caso de uso (marketing, servi\u00e7os p\u00fablicos, etc.). Embora eles ofere\u00e7am um modelo baseado em MAC (mensagem de modelo) que vincula o custo ao engajamento real, voc\u00ea precisa estimar seu uso com cuidado. <\/li>\n<\/ul>\n\n\n\n<h3 class=\"wp-block-heading\">2. Automa\u00e7\u00e3o e Pot\u00eancia de Execu\u00e7\u00e3o<\/h3>\n\n\n\n<ul class=\"wp-block-list\">\n<li><strong>Vantagem WABOOM<\/strong>Eles n\u00e3o apenas te d\u00e3o as ferramentas, eles <strong>executar<\/strong> Sua estrat\u00e9gia de crescimento: executar campanhas publicit\u00e1rias, criar fluxos e otimizar para convers\u00e3o.<\/li>\n\n\n\n<li><strong>SleekFlow Trade-Off<\/strong>Excelente flexibilidade com o Flow Builder, agentes de IA e API. Mas para maximizar esse poder, voc\u00ea precisa projetar e gerenciar seus fluxos \u2014 mais responsabilidade e mais trabalho da sua parte.<\/li>\n<\/ul>\n\n\n\n<h3 class=\"wp-block-heading\">3. Suporte, Escala da Equipe e Colabora\u00e7\u00e3o<\/h3>\n\n\n\n<ul class=\"wp-block-list\">\n<li><strong>Vantagem WABOOM<\/strong>Um gerente de contas dedicado garante que voc\u00ea n\u00e3o fique desamparado \u00e0 medida que sua empresa cresce. Ele o ajudar\u00e1 proativamente a otimizar suas mensagens, campanhas e roteamento.<\/li>\n\n\n\n<li><strong>SleekFlow Trade-Off<\/strong>O suporte \u00e9 s\u00f3lido, mas o suporte estrat\u00e9gico e consultivo tem um custo adicional. A plataforma deles \u00e9 projetada para que equipes operacionais criem e escalem solu\u00e7\u00f5es menos prontas e mais do tipo &quot;fa\u00e7a voc\u00ea mesmo&quot;, com orienta\u00e7\u00e3o.<\/li>\n<\/ul>\n\n\n\n<h2 class=\"wp-block-heading\"> Pr\u00f3s e contras: WABOOM vs.<\/h2>\n\n\n\n<figure class=\"wp-block-table\"><table class=\"has-fixed-layout\"><thead><tr><th>Categoria<\/th><th><strong>WABOOM (Parceiro de Crescimento)<\/strong><\/th><th><strong>SleekFlow (Plataforma)<\/strong><\/th><\/tr><\/thead><tbody><tr><td><strong>Pr\u00f3s<\/strong><\/td><td>\u2013 Sem acr\u00e9scimo de pre\u00e7o nos custos de metadados \u2013 10.000 mensagens gratuitas para come\u00e7ar \u2013 Execu\u00e7\u00e3o completa de an\u00fancios e chatbots \u2013 Agentes ilimitados \u2013 Custo previs\u00edvel e escal\u00e1vel<\/td><td>\u2013 API completa + poder de automa\u00e7\u00e3o \u2013 Construtor de fluxos intuitivo + agentes de IA \u2013 Caixa de entrada e roteamento para m\u00faltiplos agentes \u2013 Conex\u00e3o com CRM e e-commerce \u2013 Pre\u00e7os flex\u00edveis vinculados ao engajamento<\/td><\/tr><tr><td><strong>Contras\/Desvantagens<\/strong><\/td><td>\u2013 Requer confian\u00e7a em um parceiro para gerenciar suas campanhas. \u2013 Uma taxa fixa da plataforma pode ser aplicada conforme sua escala aumenta.<\/td><td>\u2013 O custo das mensagens depende dos modelos. \u2013 Voc\u00ea precisa projetar e otimizar os fluxos. \u2013 O suporte estrat\u00e9gico pode ter um custo adicional. \u2013 Requer mais esfor\u00e7o interno para maximizar o ROI.<\/td><\/tr><\/tbody><\/table><\/figure>\n\n\n\n<hr class=\"wp-block-separator has-alpha-channel-opacity\"\/>\n\n\n\n<h2 class=\"wp-block-heading\">\u2753 Perguntas frequentes (FAQ)<\/h2>\n\n\n\n<p><strong>P: O SleekFlow permite responder aos clientes &quot;gratuitamente&quot; dentro do per\u00edodo de tempo estipulado?<\/strong><br><strong>UM:<\/strong> Sim. Quando um cliente lhe envia uma mensagem, abre-se uma janela de atendimento ao cliente de 24 horas, durante a qual voc\u00ea pode enviar respostas em formato livre. <br>Al\u00e9m disso, se a solicita\u00e7\u00e3o for iniciada via Click-to-WhatsApp ou similar, pode ser aplicada uma janela de &quot;entrada gratuita&quot; de 72 horas. <\/p>\n\n\n\n<p><strong>P: Como as mensagens de modelo (como as de marketing ou utilidades) s\u00e3o cobradas no SleekFlow?<\/strong><br><strong>UM:<\/strong> Eles utilizam um modelo de pre\u00e7os por mensagem padronizada. As tarifas variam de acordo com a categoria da mensagem (marketing, utilidade, etc.).<\/p>\n\n\n\n<p><strong>P: Posso integrar meu CRM (como HubSpot ou Shopify) com o SleekFlow?<\/strong><br><strong>UM:<\/strong> Sim, o SleekFlow oferece suporte a integra\u00e7\u00f5es de CRM e com\u00e9rcio eletr\u00f4nico, permitindo automa\u00e7\u00e3o avan\u00e7ada e sincroniza\u00e7\u00e3o de dados. <\/p>\n\n\n\n<p><strong>P: O SleekFlow suporta m\u00faltiplos agentes no WhatsApp?<\/strong><br><strong>UM:<\/strong> Sim. Possui uma caixa de entrada multiagente com regras de roteamento e recursos de colabora\u00e7\u00e3o em equipe. <\/p>\n\n\n\n<p><strong>P: Qu\u00e3o flex\u00edvel \u00e9 o construtor de automa\u00e7\u00e3o deles?<\/strong><br><strong>UM:<\/strong> Muito bom. O Flow Builder deles \u00e9 visual e poderoso, permitindo que voc\u00ea crie fluxos de trabalho personalizados, fluxos com intelig\u00eancia artificial e roteamento baseado em gatilhos. <\/p>\n\n\n\n<h2 class=\"wp-block-heading\">Quem vence?<\/h2>\n\n\n\n<ul class=\"wp-block-list\">\n<li>Escolher <strong>WABOOM<\/strong> se voc\u00ea:<br>\u2714 Deseja <strong>Transferir a estrat\u00e9gia, a execu\u00e7\u00e3o de an\u00fancios e o crescimento para um parceiro.<\/strong><br>\u2714 Agrade\u00e7o <strong>pre\u00e7os previs\u00edveis<\/strong> Sem custos adicionais + um plano de mensagens gratuito<br>\u2714 Prefira um relacionamento pr\u00f3ximo: algu\u00e9m investido na sua convers\u00e3o e no seu crescimento.<br>\u2714 Deseja testar e escalar sem riscos com usu\u00e1rios reais?<\/li>\n\n\n\n<li>Escolher <strong>SleekFlow<\/strong> se voc\u00ea:<br>\u2714 Tenha equipes internas de estrat\u00e9gia ou opera\u00e7\u00f5es prontas para criar e executar automa\u00e7\u00f5es.<br>\u2714 Necessita de controle profundo por meio do Flow Builder + agentes de IA<br>\u2714 Deseja colabora\u00e7\u00e3o multiagente e gerenciamento de caixa de entrada?<br>\u2714 Est\u00e3o focados em integrar o WhatsApp profundamente com seu CRM ou e-commerce<\/li>\n<\/ul>\n\n\n\n<p><strong>Resumindo:<\/strong><br>Se voc\u00ea est\u00e1 crescendo rapidamente, quer um parceiro para executar o projeto e se preocupa com a transpar\u00eancia de custos, <strong>WABOOM<\/strong> \u00c9 uma op\u00e7\u00e3o poderosa e de baixo risco.<br>Se voc\u00ea deseja m\u00e1xima flexibilidade, controle e automa\u00e7\u00e3o profunda, <strong>SleekFlow<\/strong> fornece as ferramentas, mas <strong>Voc\u00ea impulsiona o crescimento.<\/strong>.<\/p>","protected":false},"excerpt":{"rendered":"<p>Great here\u2019s a WABOOM vs. SleekFlow comparison in your locked, Neil\u202fPatel\u2013style format, showing where each platform shines, where they trade off, and when you might pick one over the other. Stop Wasting Money on Messaging Platforms That Leave You Doing All the Work Many WhatsApp tools feel powerful AI agents, automations, inboxes but most leave&#8230;<\/p>","protected":false},"author":1,"featured_media":0,"parent":0,"menu_order":0,"comment_status":"closed","ping_status":"closed","template":"","meta":{"_bbp_topic_count":0,"_bbp_reply_count":0,"_bbp_total_topic_count":0,"_bbp_total_reply_count":0,"_bbp_voice_count":0,"_bbp_anonymous_reply_count":0,"_bbp_topic_count_hidden":0,"_bbp_reply_count_hidden":0,"_bbp_forum_subforum_count":0,"_monsterinsights_skip_tracking":false,"_monsterinsights_sitenote_active":false,"_monsterinsights_sitenote_note":"","_monsterinsights_sitenote_category":0,"footnotes":""},"class_list":["post-6361","page","type-page","status-publish","hentry"],"_links":{"self":[{"href":"https:\/\/waboom.net\/pt\/wp-json\/wp\/v2\/pages\/6361","targetHints":{"allow":["GET"]}}],"collection":[{"href":"https:\/\/waboom.net\/pt\/wp-json\/wp\/v2\/pages"}],"about":[{"href":"https:\/\/waboom.net\/pt\/wp-json\/wp\/v2\/types\/page"}],"author":[{"embeddable":true,"href":"https:\/\/waboom.net\/pt\/wp-json\/wp\/v2\/users\/1"}],"replies":[{"embeddable":true,"href":"https:\/\/waboom.net\/pt\/wp-json\/wp\/v2\/comments?post=6361"}],"version-history":[{"count":0,"href":"https:\/\/waboom.net\/pt\/wp-json\/wp\/v2\/pages\/6361\/revisions"}],"wp:attachment":[{"href":"https:\/\/waboom.net\/pt\/wp-json\/wp\/v2\/media?parent=6361"}],"curies":[{"name":"wp","href":"https:\/\/api.w.org\/{rel}","templated":true}]}}