{"id":6363,"date":"2025-11-17T17:33:10","date_gmt":"2025-11-17T17:33:10","guid":{"rendered":"https:\/\/waboom.net\/?page_id=6363"},"modified":"2025-11-19T13:08:37","modified_gmt":"2025-11-19T13:08:37","slug":"wabom-vs-infobip","status":"publish","type":"page","link":"https:\/\/waboom.net\/pt\/wabom-vs-infobip\/","title":{"rendered":"WABOM VS INFOBIP"},"content":{"rendered":"<h6 class=\"wp-block-heading\"><\/h6>\n\n\n\n<h2 class=\"wp-block-heading\">Pare de desperdi\u00e7ar dinheiro com plataformas de mensagens que deixam voc\u00ea fazendo todo o trabalho.<\/h2>\n\n\n\n<p>Muitas ferramentas do WhatsApp parecem &quot;poderosas&quot;, mas, com muita frequ\u00eancia, voc\u00ea acaba tendo que lidar com automa\u00e7\u00e3o, custos inesperados e estrat\u00e9gias de an\u00fancios. Se voc\u00ea quiser <strong>Pre\u00e7os previs\u00edveis, execu\u00e7\u00e3o de crescimento real e incentivos alinhados.<\/strong>, voc\u00ea precisa comparar <strong>WABOOM<\/strong> (seu parceiro de crescimento) vs. <strong>Infobip<\/strong> (um provedor robusto de API do WhatsApp Business). Eis o que realmente os diferencia.<\/p>\n\n\n\n<h2 class=\"wp-block-heading\"> WABOOM vs. Infobip: Compara\u00e7\u00e3o de Recursos.<\/h2>\n\n\n\n<figure class=\"wp-block-table\"><table class=\"has-fixed-layout\"><thead><tr><th>Recurso<\/th><th><strong>WABOOM (Parceiro de Crescimento de Servi\u00e7o Completo)<\/strong><\/th><th><strong>Infobip (Plataforma API\/BSP)<\/strong><\/th><\/tr><\/thead><tbody><tr><td><strong>Meta Conversa\u00e7\u00e3o \/ Custo da Mensagem<\/strong><\/td><td><strong>0 % margem de lucro<\/strong> Custos de conversa no WhatsApp + taxa fixa da plataforma. Inclui um <strong>Plano Gratuito para Sempre<\/strong> com <strong>10.000 mensagens gratuitas<\/strong>.<\/td><td>Usa um <strong>modelo de precifica\u00e7\u00e3o baseado em conversas<\/strong>As cobran\u00e7as s\u00e3o feitas por sess\u00e3o de conversa de 24 horas, com base na categoria da conversa (Marketing, Utilidade, Autentica\u00e7\u00e3o, Servi\u00e7o). <\/td><\/tr><tr><td><strong>Transpar\u00eancia de pre\u00e7os<\/strong><\/td><td>Muito simples: taxa fixa + custos Meta repassados. Sem surpresas desagrad\u00e1veis.<\/td><td>Transparente, por\u00e9m mais vari\u00e1vel: voc\u00ea paga por &quot;conversas&quot; dependendo da categoria delas. H\u00e1 tamb\u00e9m um custo por usu\u00e1rio para o m\u00f3dulo de caixa de entrada da equipe. <\/td><\/tr><tr><td><strong>Logins de Agentes\/Equipes<\/strong><\/td><td>N\u00famero ilimitado de agentes na maioria dos planos \u2014 dimensione conforme necess\u00e1rio.<\/td><td>Oferece suporte a conversas multiagente por meio do seu produto &quot;Conversations&quot; \u2014 com pre\u00e7os por usu\u00e1rio. <\/td><\/tr><tr><td><strong>Estrat\u00e9gia e Execu\u00e7\u00e3o de An\u00fancios<\/strong><\/td><td>A WABOOM cuida dos seus an\u00fancios Click-to-WhatsApp: configura\u00e7\u00e3o, segmenta\u00e7\u00e3o, otimiza\u00e7\u00e3o \u2014 voc\u00ea n\u00e3o precisa se preocupar com nada.<\/td><td>Fornece a API e a infraestrutura; a estrat\u00e9gia de campanha, o roteamento e a otimiza\u00e7\u00e3o ficam a seu crit\u00e9rio (ou da sua equipe\/ag\u00eancia).<\/td><\/tr><tr><td><strong>An\u00fancios de clique para WhatsApp<\/strong><\/td><td>Segmenta\u00e7\u00e3o avan\u00e7ada + roteamento nativo CAPI + fluxos orientados \u00e0 convers\u00e3o.<\/td><td>Voc\u00ea pode criar fluxos via API ou automa\u00e7\u00e3o, mas voc\u00ea gerenciar\u00e1 a jornada orientada por an\u00fancios.<\/td><\/tr><tr><td><strong>Construtor de chatbots\/automa\u00e7\u00f5es<\/strong><\/td><td>Construtor de arrastar e soltar totalmente desbloqueado, l\u00f3gica avan\u00e7ada e sem recursos bloqueados.<\/td><td>Oferece suporte \u00e0 automa\u00e7\u00e3o, mensagens com modelos predefinidos e fluxos de trabalho por meio de sua API. <\/td><\/tr><tr><td><strong>Acesso \u00e0 API\/Webhook<\/strong><\/td><td>Ilimitado, totalmente irrestrito \u2014 integre-se profundamente com CRM, sistemas de back-end ou outras ferramentas.<\/td><td>API e suporte a webhooks muito s\u00f3lidos; desenvolvido para integra\u00e7\u00e3o com sistemas CRM e de back-end. <\/td><\/tr><tr><td><strong>Modelo de suporte<\/strong><\/td><td>Gerente de conta dedicado + suporte proativo e personalizado (chat, telefone, estrat\u00e9gia)<\/td><td>Suporte e integra\u00e7\u00e3o de n\u00edvel empresarial; voc\u00ea depender\u00e1 mais da sua equipe interna.<\/td><\/tr><tr><td><strong>Mensagens de transmiss\u00e3o\/alto volume<\/strong><\/td><td>Projetado para grande escala \u2014 entrega, confiabilidade e desempenho de n\u00edvel empresarial.<\/td><td>Escal\u00e1vel para uso em alto volume; o modelo de pre\u00e7os &quot;por conversa&quot; permite o envio de mensagens ilimitadas dentro de um per\u00edodo de 24 horas ap\u00f3s o in\u00edcio da conversa. <\/td><\/tr><tr><td><strong>Op\u00e7\u00f5es gratuitas\/de teste<\/strong><\/td><td>Plano gratuito para sempre com 10.000 mensagens \u2014 ideal para testes ou uso em pequena escala antes de expandir.<\/td><td>N\u00e3o existe um plano gratuito permanente para o volume de mensagens; os custos dependem do uso das conversas.<\/td><\/tr><\/tbody><\/table><\/figure>\n\n\n\n<h2 class=\"wp-block-heading\"> Por que essas diferen\u00e7as realmente importam<\/h2>\n\n\n\n<h3 class=\"wp-block-heading\">1. Previsibilidade e Risco de Custo<\/h3>\n\n\n\n<ul class=\"wp-block-list\">\n<li><strong>Vantagem WABOOM:<\/strong> Com zero margem de lucro e um plano gratuito generoso, voc\u00ea pode testar, iterar e escalar sem se preocupar com custos ocultos ou imprevis\u00edveis.<\/li>\n\n\n\n<li><strong>An\u00e1lise de compromisso da Infobip:<\/strong> Voc\u00ea paga por sess\u00e3o de conversa\u00e7\u00e3o de 24 horas. Embora seja uma ferramenta poderosa, seus custos depender\u00e3o muito do... <em>tipo<\/em> de conversa\u00e7\u00e3o (marketing vs utilidade vs servi\u00e7o) e como voc\u00ea estrutura as jornadas do cliente. <\/li>\n<\/ul>\n\n\n\n<h3 class=\"wp-block-heading\">2. Execu\u00e7\u00e3o vs. Plataforma<\/h3>\n\n\n\n<ul class=\"wp-block-list\">\n<li><strong>Vantagem WABOOM:<\/strong> N\u00e3o apenas fornecemos as ferramentas \u2014 gerenciamos o crescimento do seu WhatsApp. An\u00fancios, automa\u00e7\u00f5es, bots, roteamento, tudo sob controle.<\/li>\n\n\n\n<li><strong>An\u00e1lise de compromisso da Infobip:<\/strong> Voc\u00ea obt\u00e9m uma API extremamente robusta e uma infraestrutura de mensagens poderosa. Mas, para impulsionar o crescimento, voc\u00ea precisa de sua pr\u00f3pria estrat\u00e9gia ou de um parceiro; a Infobip \u00e9 mais uma &quot;infraestrutura&quot; do que uma &quot;equipe de crescimento&quot;.\u201c<\/li>\n<\/ul>\n\n\n\n<h3 class=\"wp-block-heading\">3. Suporte, Escala da Equipe e Colabora\u00e7\u00e3o<\/h3>\n\n\n\n<ul class=\"wp-block-list\">\n<li><strong>Vantagem WABOOM:<\/strong> Voc\u00ea ganha um parceiro estrat\u00e9gico, n\u00e3o apenas um fornecedor. O gerenciamento de contas dedicado garante que voc\u00ea n\u00e3o esteja sozinho quando as coisas ficarem complexas ou quando voc\u00ea quiser crescer rapidamente.<\/li>\n\n\n\n<li><strong>An\u00e1lise de compromisso da Infobip:<\/strong> A equipe deles \u00e9 profissional e competente, mas voc\u00ea \u00e9 respons\u00e1vel por grande parte da execu\u00e7\u00e3o. Voc\u00ea troca um pouco de acompanhamento por mais controle.<\/li>\n<\/ul>\n\n\n\n<h2 class=\"wp-block-heading\">Pr\u00f3s e Contras: WABOOM vs.<\/h2>\n\n\n\n<figure class=\"wp-block-table\"><table class=\"has-fixed-layout\"><thead><tr><th>Categoria<\/th><th><strong>WABOOM (Parceiro de Crescimento)<\/strong><\/th><th><strong>Infobip (API \/ BSP)<\/strong><\/th><\/tr><\/thead><tbody><tr><td><strong>Pr\u00f3s<\/strong><\/td><td>\u2013 Acr\u00e9scimo de 0% sobre os custos de conversa\u00e7\u00e3o \u2013 10.000 mensagens gratuitas para come\u00e7ar \u2013 Execu\u00e7\u00e3o completa de an\u00fancios + chatbot \u2013 Agentes ilimitados \u2013 Cobran\u00e7a previs\u00edvel<\/td><td>\u2013 Pre\u00e7os transparentes baseados em conversas \u2013 Acesso completo \u00e0 API do WhatsApp Business \u2013 Escal\u00e1vel para alto volume de mensagens \u2013 Suporte avan\u00e7ado a APIs e webhooks \u2013 Modelo de uso flex\u00edvel<\/td><\/tr><tr><td><strong>Contras\/Desvantagens<\/strong><\/td><td>\u2013 Requer confian\u00e7a no parceiro \u2013 Aplica-se uma taxa fixa de plataforma ao escalar.<\/td><td>\u2013 A cobran\u00e7a baseada em conversas pode ser menos previs\u00edvel, dependendo do seu caso de uso. \u2013 A estrat\u00e9gia e a execu\u00e7\u00e3o s\u00e3o, em grande parte, de sua responsabilidade. \u2013 Custos por usu\u00e1rio para o m\u00f3dulo de caixa de entrada do agente.<\/td><\/tr><\/tbody><\/table><\/figure>\n\n\n\n<h2 class=\"wp-block-heading\"> Perguntas frequentes (FAQ)<\/h2>\n\n\n\n<p><strong>P: A Infobip cobra por mensagem ou por conversa?<\/strong><br><strong>UM:<\/strong> A Infobip cobra por um <strong>por conversa<\/strong> (uma janela de mensagens de 24 horas), com base no tipo de conversa (Marketing, Utilit\u00e1rio, Autentica\u00e7\u00e3o, Servi\u00e7o). <\/p>\n\n\n\n<p><strong>P: Posso ter v\u00e1rios agentes conversando via Infobip?<\/strong><br><strong>UM:<\/strong> Sim, o m\u00f3dulo Conversations deles suporta m\u00faltiplos agentes, mas voc\u00ea paga por usu\u00e1rio. <\/p>\n\n\n\n<p><strong>P: O Infobip oferece suporte a fluxos automatizados\/chatbots do WhatsApp?<\/strong><br><strong>UM:<\/strong> Sim, voc\u00ea pode configurar fluxos de trabalho, modelos de mensagens e automa\u00e7\u00e3o por meio da API deles. <\/p>\n\n\n\n<p><strong>P: Como a Infobip define uma \u201cconversa\u201d para fins de faturamento?<\/strong><br><strong>UM:<\/strong> Uma &quot;conversa&quot; \u00e9 uma sess\u00e3o fixa de 24 horas entre a empresa e o usu\u00e1rio. Ela se inicia quando uma mensagem da empresa \u00e9 entregue (fora de uma sess\u00e3o aberta) ou quando voc\u00ea responde dentro do prazo de 24 horas do suporte ao cliente. <\/p>\n\n\n\n<p><strong>P: O que acontece se eu quiser expandir ou come\u00e7ar sem correr riscos?<\/strong><br><strong>UM:<\/strong> Com o WABOOM, voc\u00ea pode come\u00e7ar praticamente sem riscos usando o plano gratuito de 10.000 mensagens e, em seguida, expandir conforme o desempenho se mostrar satisfat\u00f3rio. Com o Infobip, voc\u00ea precisar\u00e1 prever cuidadosamente o volume de conversas, planejar o uso de modelos e, potencialmente, pagar mais \u00e0 medida que o uso aumentar.<\/p>\n\n\n\n<h2 class=\"wp-block-heading\"> Quem vence?<\/h2>\n\n\n\n<ul class=\"wp-block-list\">\n<li>Escolher <strong>WABOOM<\/strong> se voc\u00ea:<br>\u2714 Busca um parceiro de crescimento pr\u00e1tico para gerenciar an\u00fancios, criar automa\u00e7\u00f5es e converter clientes?<br>\u2714 Necessidade de previsibilidade de custos + um s\u00f3lido n\u00edvel de teste gratuito<br>\u2714 Prefiro delegar tarefas estrat\u00e9gicas e de execu\u00e7\u00e3o a especialistas.<br>\u2714 Acredito no crescimento por meio da convers\u00e3o e do engajamento de longo prazo no WhatsApp.<\/li>\n\n\n\n<li>Escolher <strong>Infobip<\/strong> se voc\u00ea:<br>\u2714 Tenha uma equipe t\u00e9cnica (ou parceira) pronta para criar fluxos e executar mensagens de alto volume.<br>\u2714 Deseja acesso direto \u00e0 API + integra\u00e7\u00f5es avan\u00e7adas de webhook?<br>\u2714 Sente-se \u00e0 vontade para otimizar suas pr\u00f3prias campanhas e l\u00f3gica de roteamento?<br>\u2714 Planeja pagar por \u201csess\u00f5es de conversa\u201d e deseja transpar\u00eancia no custo por conversa.<\/li>\n<\/ul>\n\n\n\n<p><strong>Resumindo:<\/strong><br>Se voc\u00ea deseja crescimento sem microgerenciar cada detalhe t\u00e9cnico, <strong>WABOOM<\/strong> \u00c9 uma op\u00e7\u00e3o poderosa e de baixo risco.<br>Se voc\u00ea deseja controle m\u00e1ximo, fluxos de trabalho personalizados e est\u00e1 pronto para assumir a estrat\u00e9gia e a execu\u00e7\u00e3o, <strong>Infobip<\/strong> \u00c9 uma base comprovada e escal\u00e1vel.<\/p>","protected":false},"excerpt":{"rendered":"<p>Stop Wasting Money on Messaging Platforms That Leave You Doing All the Work Many WhatsApp tools feel \u201cpowerful,\u201d but too often, you\u2019re left to juggle automation, cost surprises, and ad strategy. If you want predictable pricing, true growth execution, and aligned incentives, you need to compare WABOOM (your growth partner) vs. Infobip (a robust WhatsApp&#8230;<\/p>","protected":false},"author":1,"featured_media":0,"parent":0,"menu_order":0,"comment_status":"closed","ping_status":"closed","template":"","meta":{"_bbp_topic_count":0,"_bbp_reply_count":0,"_bbp_total_topic_count":0,"_bbp_total_reply_count":0,"_bbp_voice_count":0,"_bbp_anonymous_reply_count":0,"_bbp_topic_count_hidden":0,"_bbp_reply_count_hidden":0,"_bbp_forum_subforum_count":0,"_monsterinsights_skip_tracking":false,"_monsterinsights_sitenote_active":false,"_monsterinsights_sitenote_note":"","_monsterinsights_sitenote_category":0,"footnotes":""},"class_list":["post-6363","page","type-page","status-publish","hentry"],"_links":{"self":[{"href":"https:\/\/waboom.net\/pt\/wp-json\/wp\/v2\/pages\/6363","targetHints":{"allow":["GET"]}}],"collection":[{"href":"https:\/\/waboom.net\/pt\/wp-json\/wp\/v2\/pages"}],"about":[{"href":"https:\/\/waboom.net\/pt\/wp-json\/wp\/v2\/types\/page"}],"author":[{"embeddable":true,"href":"https:\/\/waboom.net\/pt\/wp-json\/wp\/v2\/users\/1"}],"replies":[{"embeddable":true,"href":"https:\/\/waboom.net\/pt\/wp-json\/wp\/v2\/comments?post=6363"}],"version-history":[{"count":0,"href":"https:\/\/waboom.net\/pt\/wp-json\/wp\/v2\/pages\/6363\/revisions"}],"wp:attachment":[{"href":"https:\/\/waboom.net\/pt\/wp-json\/wp\/v2\/media?parent=6363"}],"curies":[{"name":"wp","href":"https:\/\/api.w.org\/{rel}","templated":true}]}}