{"id":6371,"date":"2025-11-17T19:30:25","date_gmt":"2025-11-17T19:30:25","guid":{"rendered":"https:\/\/waboom.net\/?page_id=6371"},"modified":"2025-11-19T13:05:46","modified_gmt":"2025-11-19T13:05:46","slug":"waboom-vs-wasender","status":"publish","type":"page","link":"https:\/\/waboom.net\/pt\/waboom-vs-wasender\/","title":{"rendered":"WABOOM vs. WASender"},"content":{"rendered":"<h1 class=\"wp-block-heading\">Pare de pagar por ferramentas de mensagens que deixam voc\u00ea fazendo todo o trabalho.<\/h1>\n\n\n\n<p>Muitas ferramentas de &quot;envio em massa de mensagens no WhatsApp&quot; parecem baratas, mas quando voc\u00ea quer <strong>Escalar, converter e automatizar<\/strong>, muitas vezes ficam aqu\u00e9m. Se voc\u00ea precisar <strong>Pre\u00e7os previs\u00edveis, execu\u00e7\u00e3o completa do servi\u00e7o e um parceiro que impulsiona o crescimento.<\/strong>, Voc\u00ea deve comparar WABOOM com WASender \u2014 porque o que voc\u00ea realmente quer n\u00e3o \u00e9 outra ferramenta, \u00e9 <strong>resultados<\/strong>.<\/p>\n\n\n\n<h2 class=\"wp-block-heading\">\ud83d\udd25 Compara\u00e7\u00e3o detalhada de recursos entre WABOOM e WASender<\/h2>\n\n\n\n<figure class=\"wp-block-table\"><table class=\"has-fixed-layout\"><thead><tr><th>Recurso<\/th><th><strong>WABOOM (Parceiro de Crescimento de Servi\u00e7o Completo)<\/strong><\/th><th><strong>WASender (Ferramenta para envio em massa de WhatsApp \/ Plataforma de autoatendimento)<\/strong><\/th><\/tr><\/thead><tbody><tr><td><strong>Custo e margem de lucro da mensagem<\/strong><\/td><td>Acr\u00e9scimo de 0% sobre os custos de conversa\u00e7\u00e3o do WhatsApp (Meta) + taxa fixa da plataforma. Plano gratuito para sempre com <strong>10.000 mensagens gratuitas<\/strong> inclu\u00eddo.<\/td><td>\u00c9 principalmente uma ferramenta de envio de mensagens em massa \u2014 vers\u00f5es pagas ou profissionais podem ser necess\u00e1rias para recursos avan\u00e7ados. Os custos e limites geralmente dependem do uso, das licen\u00e7as ou da vers\u00e3o do plugin. <\/td><\/tr><tr><td><strong>Transpar\u00eancia de pre\u00e7os<\/strong><\/td><td>Previs\u00edvel: plataforma fixa + custos reais de repasse do WhatsApp.<\/td><td>Transparente quanto ao que anuncia, mas o modelo de custos \u00e9 menos adequado para um crescimento em larga escala: plugin para envio em massa + taxas de licen\u00e7a em vez de um servi\u00e7o completo.<\/td><\/tr><tr><td><strong>Logins de agentes\/equipes e colabora\u00e7\u00e3o multiusu\u00e1rio<\/strong><\/td><td>N\u00famero ilimitado de agentes na maioria dos planos \u2014 expanda sua equipe de suporte ou vendas livremente.<\/td><td>Projetado mais para uso individual ou equipes menores; a caixa de entrada da equipe, o licenciamento por usu\u00e1rio e os fluxos de trabalho multiagente podem ser limitados ou exigir ferramentas separadas.<\/td><\/tr><tr><td><strong>Estrat\u00e9gia e Execu\u00e7\u00e3o de An\u00fancios<\/strong><\/td><td>Servi\u00e7o completo: A WABOOM gerencia an\u00fancios Click-to-WhatsApp, cria fluxos e otimiza campanhas para convers\u00e3o.<\/td><td>O WASender \u00e9 baseado em ferramentas: voc\u00ea precisa configurar suas campanhas, fluxos e otimiza\u00e7\u00f5es \u2014 ele n\u00e3o atua como um parceiro de crescimento.<\/td><\/tr><tr><td><strong>An\u00fancios Click-to-WhatsApp e Atribui\u00e7\u00e3o Detalhada<\/strong><\/td><td>Segmenta\u00e7\u00e3o avan\u00e7ada + integra\u00e7\u00e3o nativa com CAPI + encaminhamento para o agente\/fluxo correto \u2014 desenvolvido para convers\u00f5es.<\/td><td>O foco do envio de mensagens em massa \u00e9: uploads de planilhas do Excel, personaliza\u00e7\u00e3o e anexos. A solu\u00e7\u00e3o carece de estrat\u00e9gia integrada ou estruturas de atribui\u00e7\u00e3o robustas. <\/td><\/tr><tr><td><strong>Construtor de chatbots\/automa\u00e7\u00f5es<\/strong><\/td><td>Construtor de arrastar e soltar totalmente desbloqueado, fluxos l\u00f3gicos, sem &quot;custo adicional&quot; em l\u00f3gica ou complexidade.<\/td><td>Possui ferramentas de automa\u00e7\u00e3o para envio de mensagens em massa (uploads de Excel, personaliza\u00e7\u00e3o, anexos), mas n\u00e3o necessariamente automa\u00e7\u00e3o completa em n\u00edvel empresarial ou roteamento de bots em grande escala.<\/td><\/tr><tr><td><strong>Acesso e integra\u00e7\u00f5es via API\/Webhook<\/strong><\/td><td>Acesso ilimitado e irrestrito \u00e0 API para que voc\u00ea possa se integrar profundamente com CRM, sistemas de back-end, an\u00e1lises e fluxos de trabalho.<\/td><td>Projetado principalmente para o envio de mensagens em massa via Excel\/CSV ou plugins. O suporte a API\/webhook \u00e9 mais limitado ou pode exigir configura\u00e7\u00e3o ou licen\u00e7as adicionais.<\/td><\/tr><tr><td><strong>Modelo de suporte e parceria de crescimento<\/strong><\/td><td>Gerente de conta dedicado + suporte proativo (chamadas, Zoom, chat) + alinhamento com a estrat\u00e9gia de crescimento.<\/td><td>O suporte \u00e9 mais baseado no autoatendimento: voc\u00ea usa a ferramenta e gerencia as campanhas por conta pr\u00f3pria \u2014 menos suporte presencial do parceiro.<\/td><\/tr><tr><td><strong>Transmiss\u00e3o\/Mensagens de Alto Volume e Escalabilidade<\/strong><\/td><td>Projetado para escala empresarial: alto rendimento, mensagens orientadas a campanhas, otimizadas para entrega e roteamento.<\/td><td>Capaz de lidar com grandes volumes de mensagens, especialmente para envio em massa, mas pode carecer da otimiza\u00e7\u00e3o estrat\u00e9gica, l\u00f3gica de roteamento, atribui\u00e7\u00e3o e infraestrutura completa necess\u00e1rias para um crescimento com alto retorno sobre o investimento (ROI).<\/td><\/tr><tr><td><strong>Oferta gratuita\/de entrada<\/strong><\/td><td>Sim: Plano gratuito para sempre com 10.000 mensagens inclu\u00eddas \u2014 torna os testes de baixo risco.<\/td><td>Existem vers\u00f5es gratuitas ou de custo muito baixo para envio em massa, mas normalmente com limita\u00e7\u00f5es ou menos recursos; projetadas mais para envios em massa de autoatendimento.<\/td><\/tr><\/tbody><\/table><\/figure>\n\n\n\n<h2 class=\"wp-block-heading\"> Por que essas diferen\u00e7as realmente importam<\/h2>\n\n\n\n<h3 class=\"wp-block-heading\">1. Risco de custo versus previsibilidade<\/h3>\n\n\n\n<ul class=\"wp-block-list\">\n<li><strong>Vantagem WABOOM<\/strong>Com zero margem de lucro e o plano de mensagens gratuito, voc\u00ea pode come\u00e7ar a testar e, em seguida, expandir com custos previs\u00edveis alinhados ao volume.<\/li>\n\n\n\n<li><strong>Troca de remetente WAS<\/strong>Ferramentas de produ\u00e7\u00e3o em massa podem parecer baratas no in\u00edcio, mas \u00e0 medida que voc\u00ea escala, gerenciar custos, conformidade, capacidade de entrega e desempenho se torna mais dif\u00edcil \u2014 menos mecanismos integrados para estrat\u00e9gia ou otimiza\u00e7\u00e3o.<\/li>\n<\/ul>\n\n\n\n<h3 class=\"wp-block-heading\">2. Ferramenta vs. Parceiro de Crescimento<\/h3>\n\n\n\n<ul class=\"wp-block-list\">\n<li><strong>Vantagem WABOOM<\/strong>Voc\u00ea n\u00e3o est\u00e1 adquirindo apenas uma ferramenta; voc\u00ea est\u00e1 adquirindo um parceiro que ajuda a construir a campanha, otimiz\u00e1-la, direcionar leads e impulsionar convers\u00f5es.<\/li>\n\n\n\n<li><strong>Troca de remetente WAS<\/strong>\u00d3timo para campanhas menores ou envios em massa, mas voc\u00ea ser\u00e1 respons\u00e1vel pela parte mais trabalhosa: criar fluxos, otimizar, gerenciar custos e garantir a entregabilidade.<\/li>\n<\/ul>\n\n\n\n<h3 class=\"wp-block-heading\">3. Suporte e Prepara\u00e7\u00e3o Empresarial<\/h3>\n\n\n\n<ul class=\"wp-block-list\">\n<li><strong>Vantagem WABOOM<\/strong>Suporte dedicado, atendimento personalizado e alinhamento estrat\u00e9gico significam que voc\u00ea estar\u00e1 mais bem preparado para lidar com escala, fluxos de trabalho complexos e desafios de alto risco.<\/li>\n\n\n\n<li><strong>Troca de remetente WAS<\/strong>Projetado para fluxos de trabalho mais simples, equipes menores ou autosservi\u00e7o. Se voc\u00ea estiver escalando rapidamente ou precisar de roteamento complexo e alta confiabilidade, poder\u00e1 atingir os limites.<\/li>\n<\/ul>\n\n\n\n<h2 class=\"wp-block-heading\"> Pr\u00f3s e Contras: WABOOM vs. WASender<\/h2>\n\n\n\n<figure class=\"wp-block-table\"><table class=\"has-fixed-layout\"><thead><tr><th><\/th><th><strong>WABOOM (Parceiro de Crescimento)<\/strong><\/th><th><strong>WASender (Plataforma\/Ferramenta)<\/strong><\/th><\/tr><\/thead><tbody><tr><td><strong>Pr\u00f3s<\/strong><\/td><td>\u2022 Sem acr\u00e9scimo de custo nas conversas do WhatsApp.<br>\u2022 10.000 mensagens gratuitas para teste.<br>\u2022 Servi\u00e7o completo de publicidade, automa\u00e7\u00e3o e gest\u00e3o de convers\u00f5es.<br>\u2022 Agentes ilimitados (na maioria dos planos).<br>\u2022 Modelo de escalabilidade previs\u00edvel para o crescimento.<\/td><td>\u2022 Ponto de entrada de baixo custo.<br>\u2022 \u00datil para envio de mensagens em massa.<br>\u2022 Ferramenta simples \u2014 carregue contatos, envie mensagens, personalize.<br>\u2022 Ideal para campanhas de menor escala\/or\u00e7amento reduzido.<\/td><\/tr><tr><td><strong>Contras \/ Vantagens e Desvantagens<\/strong><\/td><td>\u2022 Voc\u00ea depende de um parceiro para a execu\u00e7\u00e3o \u2014 se preferir controle interno total, isso pode parecer menos pr\u00e1tico.<br>\u2022 Pode ser aplicada uma taxa fixa de plataforma\/servi\u00e7o conforme a sua escalabilidade.<\/td><td>\u2022 Custo, viabilidade de entrega, otimiza\u00e7\u00e3o e roteamento s\u00e3o de sua responsabilidade.<br>\u2022 Suporte estrat\u00e9gico limitado; provavelmente voc\u00ea precisar\u00e1 de mais recursos internos para maximizar o retorno sobre o investimento.<br>\u2022 Pode apresentar falta de integra\u00e7\u00e3o avan\u00e7ada de campanhas publicit\u00e1rias, atribui\u00e7\u00e3o detalhada e automa\u00e7\u00e3o empresarial.<\/td><\/tr><\/tbody><\/table><\/figure>\n\n\n\n<h2 class=\"wp-block-heading\"> Perguntas frequentes (FAQ)<\/h2>\n\n\n\n<p><strong>P: A WABOOM realmente oferece um plano gratuito com 10.000 mensagens?<\/strong><br><strong>UM:<\/strong> Sim \u2014 uma das suas vantagens exclusivas \u00e9 um &quot;Plano Gratuito para Sempre&quot; que inclui 10.000 mensagens antecipadamente, permitindo que voc\u00ea teste sem grandes riscos.<\/p>\n\n\n\n<p><strong>P: O WASender \u00e9 uma boa op\u00e7\u00e3o para automa\u00e7\u00e3o em larga escala e fluxos de trabalho multiagentes?<\/strong><br><strong>UM:<\/strong> Pode funcionar para envio de mensagens em massa, mas se voc\u00ea precisar de fluxos de trabalho com v\u00e1rios agentes, roteamento complexo, funis de convers\u00e3o orientados por an\u00fancios e escala empresarial, talvez ache menos adequado em compara\u00e7\u00e3o com plataformas criadas para execu\u00e7\u00e3o de crescimento.<\/p>\n\n\n\n<p><strong>P: Qual \u00e9 a melhor op\u00e7\u00e3o para an\u00fancios Click-to-WhatsApp e para otimiza\u00e7\u00e3o de funil completo?<\/strong><br><strong>UM:<\/strong> O WABOOM \u00e9 claramente mais robusto porque oferece estrat\u00e9gia + execu\u00e7\u00e3o + otimiza\u00e7\u00e3o. O WASender \u00e9 mais voltado para o envio de mensagens em massa do que para campanhas publicit\u00e1rias de funil completo.<\/p>\n\n\n\n<p><strong>P: O n\u00famero de agentes dispon\u00edveis no WASender \u00e9 ilimitado, assim como no WABOOM?<\/strong><br><strong>UM:<\/strong> N\u00e3o necessariamente. O foco do WASender \u00e9 o envio de mensagens em massa, e n\u00e3o a colabora\u00e7\u00e3o em equipe em empresas \u2014 voc\u00ea precisar\u00e1 verificar quantas licen\u00e7as de agente\/usu\u00e1rio est\u00e3o dispon\u00edveis e se h\u00e1 custos adicionais.<\/p>\n\n\n\n<h2 class=\"wp-block-heading\">Quem vence?<\/h2>\n\n\n\n<ul class=\"wp-block-list\">\n<li>Escolher <strong>WABOOM<\/strong> se voc\u00ea:<br>\u2714 Deseja <strong>Estrat\u00e9gia de desabastecimento, campanhas e execu\u00e7\u00e3o de crescimento<\/strong> para um parceiro<br>\u2714 Preciso <strong>pre\u00e7os previs\u00edveis, sem margem de lucro<\/strong> com uma forma gratuita de testar<br>\u2714 Procura um parceiro que impulsione fluxos de an\u00fancios para WhatsApp, roteamento, convers\u00e3o e automa\u00e7\u00e3o.<br>\u2714 Est\u00e3o em fase de expans\u00e3o e necessitam de infraestrutura confi\u00e1vel e pronta para o ambiente corporativo.<\/li>\n\n\n\n<li>Escolher <strong>WASender<\/strong> se voc\u00ea:<br>\u2714 Possuem um or\u00e7amento menor e precisam principalmente de <strong>ferramenta para divulga\u00e7\u00e3o em massa<\/strong><br>\u2714 Sente-se \u00e0 vontade para criar e gerenciar seus pr\u00f3prios fluxos, campanhas e otimiza\u00e7\u00f5es?<br>\u2714 Ainda n\u00e3o precisa de integra\u00e7\u00e3o completa de an\u00fancios, l\u00f3gica de roteamento ou suporte da equipe empresarial?<br>\u2714 Deseja uma forma mais simples e econ\u00f4mica de come\u00e7ar a usar o WhatsApp?<\/li>\n<\/ul>\n\n\n\n<p><strong>Resumindo:<\/strong><br>Se voc\u00ea leva a s\u00e9rio o uso do WhatsApp para crescimento \u2014 e n\u00e3o apenas para enviar mensagens em massa \u2014 ent\u00e3o <strong>WABOOM<\/strong> \u00c9 a op\u00e7\u00e3o mais s\u00f3lida porque oferece estrutura, estrat\u00e9gia e parceria.<br>Se voc\u00ea estiver testando campanhas menores ou realizando a\u00e7\u00f5es de divulga\u00e7\u00e3o mais simples, <strong>WASender<\/strong> Oferece uma ferramenta vi\u00e1vel e de baixo custo.<\/p>","protected":false},"excerpt":{"rendered":"<p>Stop Paying for Messaging Tools That Leave You Doing All the Work Many \u201cWhatsApp blast\u201d tools look cheap, but when you want to scale, convert, and automate, they often fall short. If you need predictable pricing, full-service execution, and a partner who drives growth, you should compare WABOOM vs. WASender \u2014 because what you really&#8230;<\/p>","protected":false},"author":1,"featured_media":0,"parent":0,"menu_order":0,"comment_status":"closed","ping_status":"closed","template":"","meta":{"_bbp_topic_count":0,"_bbp_reply_count":0,"_bbp_total_topic_count":0,"_bbp_total_reply_count":0,"_bbp_voice_count":0,"_bbp_anonymous_reply_count":0,"_bbp_topic_count_hidden":0,"_bbp_reply_count_hidden":0,"_bbp_forum_subforum_count":0,"_monsterinsights_skip_tracking":false,"_monsterinsights_sitenote_active":false,"_monsterinsights_sitenote_note":"","_monsterinsights_sitenote_category":0,"footnotes":""},"class_list":["post-6371","page","type-page","status-publish","hentry"],"_links":{"self":[{"href":"https:\/\/waboom.net\/pt\/wp-json\/wp\/v2\/pages\/6371","targetHints":{"allow":["GET"]}}],"collection":[{"href":"https:\/\/waboom.net\/pt\/wp-json\/wp\/v2\/pages"}],"about":[{"href":"https:\/\/waboom.net\/pt\/wp-json\/wp\/v2\/types\/page"}],"author":[{"embeddable":true,"href":"https:\/\/waboom.net\/pt\/wp-json\/wp\/v2\/users\/1"}],"replies":[{"embeddable":true,"href":"https:\/\/waboom.net\/pt\/wp-json\/wp\/v2\/comments?post=6371"}],"version-history":[{"count":0,"href":"https:\/\/waboom.net\/pt\/wp-json\/wp\/v2\/pages\/6371\/revisions"}],"wp:attachment":[{"href":"https:\/\/waboom.net\/pt\/wp-json\/wp\/v2\/media?parent=6371"}],"curies":[{"name":"wp","href":"https:\/\/api.w.org\/{rel}","templated":true}]}}