{"id":6333,"date":"2025-11-16T21:06:58","date_gmt":"2025-11-16T21:06:58","guid":{"rendered":"https:\/\/waboom.net\/?page_id=6333"},"modified":"2025-11-19T13:20:58","modified_gmt":"2025-11-19T13:20:58","slug":"waboom-vs-interakt","status":"publish","type":"page","link":"https:\/\/waboom.net\/ro\/waboom-vs-interakt\/","title":{"rendered":"WABOOM vs. Interakt"},"content":{"rendered":"<p><\/p>\n\n\n\n<p>Descoper\u0103 de ce WABOOM elimin\u0103 confuzia legat\u0103 de pre\u021buri, deblocheaz\u0103 automatizarea superioar\u0103 \u0219i ofer\u0103 parteneriatul strategic de care afacerea ta are nevoie pentru a se scala cu adev\u0103rat pe WhatsApp.<\/p>\n\n\n\n<h1 class=\"wp-block-heading\">Compara\u021bie caracteristic\u0103 cu caracteristic\u0103: WABOOM vs. Interakt<\/h1>\n\n\n\n<p>Mai jos este o descriere clar\u0103, al\u0103turat\u0103, a caracteristicilor care stimuleaz\u0103 conversiile \u0219i rentabilitatea investi\u021biei.<\/p>\n\n\n\n<figure class=\"wp-block-table\"><table class=\"has-fixed-layout\"><thead><tr><th><strong>Caracteristic\u0103<\/strong><\/th><th><strong>WABOOM<\/strong><\/th><th><strong>Interac\u021biune<\/strong><\/th><\/tr><\/thead><tbody><tr><td><strong>Modelul de pre\u021buri<\/strong><\/td><td>Planuri lunare\/anuale transparente<\/td><td>Planuri complexe trimestriale\/pe niveluri<\/td><\/tr><tr><td><strong>Marcajul meta-conversa\u021biei<\/strong><\/td><td>Adaos comercial 0% (Cost transferabil)<\/td><td>Adaos variabil (cost total mai mare)<\/td><\/tr><tr><td><strong>Autentific\u0103ri agen\u021bi liberi<\/strong><\/td><td>Nelimitat<\/td><td>Variaz\u0103 \u00een func\u021bie de plan; adesea limitat<\/td><\/tr><tr><td><strong>Constructor de chatbot-uri<\/strong><\/td><td>Constructor vizual Drag &amp; Drop (toate nivelurile)<\/td><td>Numai \u00een nivelurile superioare, bazate pe GPT<\/td><\/tr><tr><td><strong>Pl\u0103\u021bi prin WhatsApp<\/strong><\/td><td>Activare \u00eencorporat\u0103, cu un singur clic<\/td><td>Necesit\u0103 un abonament superior sau o configurare complex\u0103<\/td><\/tr><tr><td><strong>Integr\u0103ri API\/Webhook<\/strong><\/td><td>Gratuit \u0219i nelimitat (toate nivelurile)<\/td><td>Limitat \u00een planurile pentru \u00eencep\u0103tori; costisitor \u00een nivelurile superioare<\/td><\/tr><tr><td><strong>Serviciu de strategie \u0219i configurare publicitar\u0103<\/strong><\/td><td>Strategie \u0219i execu\u021bie publicitar\u0103 complet\u0103 op\u021bional\u0103<\/td><td>Niciunul; Doar autoservire<\/td><\/tr><tr><td><strong>Asisten\u021b\u0103 clien\u021bi<\/strong><\/td><td>Manager de cont dedicat + Apeluri, Zoom \u0219i Chat<\/td><td>Numai prin e-mail; timpi de r\u0103spuns len\u021bi raporta\u021bi<\/td><\/tr><tr><td><strong>Performan\u021b\u0103 de difuzare<\/strong><\/td><td>Livrare optimizat\u0103, de mare vitez\u0103<\/td><td>Depinde de plan; Poate fi mai lent<\/td><\/tr><tr><td><strong>Verificare cu bif\u0103 verde<\/strong><\/td><td>\u00cendrumare tehnic\u0103 \u0219i strategic\u0103 dedicat\u0103<\/td><td>Conformitate tehnic\u0103 de baz\u0103 doar<\/td><\/tr><\/tbody><\/table><\/figure>\n\n\n\n<h1 class=\"wp-block-heading\">Compara\u021bie detaliat\u0103: Unde WABOOM c\u00e2\u0219tig\u0103<\/h1>\n\n\n\n<h2 class=\"wp-block-heading\">I. Pre\u021buri \u0219i cost total de proprietate (TCO)<\/h2>\n\n\n\n<p>Cea mai mare barier\u0103 \u00een calea scal\u0103rii este <strong>costuri neprev\u0103zute<\/strong> de obicei ascunse \u00een structuri complexe de pre\u021buri.<\/p>\n\n\n\n<h3 class=\"wp-block-heading\"><strong>Avantajul WABOOM<\/strong><\/h3>\n\n\n\n<ul class=\"wp-block-list\">\n<li><strong>Promisiunea de marcare 0%:<\/strong><br>Taxe WABOOM <strong>zero adaos<\/strong> pe taxele oficiale de conversa\u021bie ale Meta.<br>Ceea ce percepe Meta, nu pl\u0103te\u0219ti nimic \u00een plus.<br>Aceasta este singura modalitate de a-\u021bi prognoza cu exactitate cre\u0219terea.<\/li>\n\n\n\n<li><strong>Planuri simple:<\/strong><br>Func\u021bii esen\u021biale precum accesul la API, constructorul de chatbot-uri, segmentarea \u0219i fluxurile de lucru sunt incluse f\u0103r\u0103 a v\u0103 obliga la niveluri costisitoare.<\/li>\n<\/ul>\n\n\n\n<h3 class=\"wp-block-heading\"><strong>Sl\u0103biciune Interakt<\/strong><\/h3>\n\n\n\n<ul class=\"wp-block-list\">\n<li>Interakt folose\u0219te adesea un <strong>Sistem de portofel prepl\u0103tit<\/strong> \u0219i pot aplica:\n<ul class=\"wp-block-list\">\n<li>Pre\u021buri mai mari pentru mesaje<\/li>\n\n\n\n<li>Marcaj suplimentar<\/li>\n\n\n\n<li>Restric\u021bii privind planurile de nivel inferior<\/li>\n<\/ul>\n<\/li>\n\n\n\n<li>Acest lucru face ca achizi\u021bia de clien\u021bi poten\u021biali s\u0103 fie mai costisitoare \u0219i adaug\u0103 complexitate buget\u0103rii.<\/li>\n\n\n\n<li>Planurile lor de nivel inferior blocheaz\u0103 instrumentele esen\u021biale \u00een spatele upgrade-urilor superioare.<\/li>\n<\/ul>\n\n\n\n<h2 class=\"wp-block-heading\">II. Automatizare, Chatbot \u0219i Managementul Clien\u021bilor Poten\u021biali<\/h2>\n\n\n\n<p>O platform\u0103 WhatsApp ar trebui s\u0103 automatizeze v\u00e2nz\u0103rile imediat, nu peste c\u00e2teva s\u0103pt\u0103m\u00e2ni.<\/p>\n\n\n\n<h3 class=\"wp-block-heading\"><strong>Avantajul WABOOM<\/strong><\/h3>\n\n\n\n<ul class=\"wp-block-list\">\n<li><strong>Constructor de chatbot cu func\u021bie Drag &amp; Drop real:<\/strong><br>Disponibil pentru toate planurile. Construi\u021bi instantaneu fluxuri, logic\u0103 condi\u021bional\u0103, meniuri, analize \u0219i conexiuni CRM.<\/li>\n\n\n\n<li><strong>Acces complet la func\u021bii:<\/strong><br>Campaniile de tip drip, segmentarea avansat\u0103 \u0219i analiza \u00een timp real sunt incluse \u00eenc\u0103 din prima zi.<\/li>\n<\/ul>\n\n\n\n<h3 class=\"wp-block-heading\"><strong>Sl\u0103biciune Interakt<\/strong><\/h3>\n\n\n\n<ul class=\"wp-block-list\">\n<li>Multe dintre cele mai valoroase func\u021bii de automatizare ale Interakt, \u00een special chatbo\u021bii cu inteligen\u021b\u0103 artificial\u0103 \u0219i analizele avansate, sunt <strong>blocat \u00een spatele unor planuri de nivel superior<\/strong>, cresc\u00e2nd costul total necesar pentru construirea unei p\u00e2lnii func\u021bionale.<\/li>\n<\/ul>\n\n\n\n<h2 class=\"wp-block-heading\">III. Parteneriat strategic \u0219i suport publicitar<\/h2>\n\n\n\n<p>Nu v\u0103 oferim doar software. V\u0103 ajut\u0103m s\u0103 genera\u021bi venituri reale.<\/p>\n\n\n\n<h3 class=\"wp-block-heading\"><strong>Avantajul WABOOM<\/strong><\/h3>\n\n\n\n<ul class=\"wp-block-list\">\n<li><strong>Executarea anun\u021burilor gata f\u0103cut\u0103:<\/strong><br>WABOOM poate planifica, lansa, optimiza \u0219i scala <strong>Reclame Click-to-WhatsApp<\/strong>.<br>Beneficiezi de execu\u021bie a campaniei condus\u0103 de exper\u021bi, \u00een loc de \u00eencerc\u0103ri \u0219i erori.<\/li>\n\n\n\n<li><strong>Consultan\u021b\u0103 strategic\u0103 gratuit\u0103:<\/strong><br>Fiecare afacere prime\u0219te o sesiune gratuit\u0103 pentru a-\u0219i planifica p\u00e2lnia de v\u00e2nz\u0103ri pe WhatsApp \u0219i pentru a se asigura c\u0103 configura\u021bia este optimizat\u0103 pentru venituri.<\/li>\n<\/ul>\n\n\n\n<h3 class=\"wp-block-heading\"><strong>Sl\u0103biciune Interakt<\/strong><\/h3>\n\n\n\n<ul class=\"wp-block-list\">\n<li>Interakt este un <strong>autoservire<\/strong> platform\u0103.<\/li>\n\n\n\n<li>De\u0219i ofer\u0103 instrumentele, ei fac <strong>nu<\/strong> s\u0103 ofere suportul strategic, planificarea p\u00e2lniei de v\u00e2nz\u0103ri sau execu\u021bia reclamelor necesare pentru a maximiza rentabilitatea investi\u021biei.<\/li>\n<\/ul>\n\n\n\n<h1 class=\"wp-block-heading\">De ce WABOOM este alegerea superioar\u0103<\/h1>\n\n\n\n<p>WABOOM este conceput pentru afaceri cu cre\u0219tere rapid\u0103 care necesit\u0103 transparen\u021b\u0103, putere \u0219i parteneriat.<\/p>\n\n\n\n<h3 class=\"wp-block-heading\">\u2714 Eficien\u021b\u0103 din punct de vedere al costurilor<\/h3>\n\n\n\n<p>Marj\u0103 de profit 0% la taxele Meta = mii economisite pe m\u0103sur\u0103 ce scala\u021bi.<\/p>\n\n\n\n<h3 class=\"wp-block-heading\">\u2714 Vitez\u0103 \u0219i asisten\u021b\u0103<\/h3>\n\n\n\n<p>Suport uman real prin WhatsApp, apeluri \u0219i Zoom pentru a te ajuta s\u0103 lansezi, s\u0103 optimizezi \u0219i s\u0103 r\u0103m\u00e2i online.<\/p>\n\n\n\n<h3 class=\"wp-block-heading\">\u2714 Automatizare nerestric\u021bionat\u0103<\/h3>\n\n\n\n<p>Chatbot Drag &amp; Drop + integr\u0103ri API nelimitate incluse de la \u00eenceput.<\/p>\n\n\n\n<h3 class=\"wp-block-heading\">\u2714 Partener de cre\u0219tere full-stack<\/h3>\n\n\n\n<p>De la configurare la reclame \u0219i strategie, WABOOM te ajut\u0103 s\u0103 generezi venituri imediat.<\/p>\n\n\n\n<h1 class=\"wp-block-heading\">E\u0219ti gata s\u0103 nu mai pl\u0103te\u0219ti taxe ascunse \u0219i s\u0103 \u00eencepi s\u0103-\u021bi scalezi strategia WhatsApp \u00een mod corect?<\/h1>\n\n\n\n<h3 class=\"wp-block-heading\"><strong>Deschide-\u021bi acum contul GRATUIT WABOOM!<\/strong><\/h3>\n\n\n\n<p>Nu este necesar card de credit. Acces complet la func\u021biile de baz\u0103.<\/p>","protected":false},"excerpt":{"rendered":"<p>Discover why WABOOM eliminates pricing confusion, unlocks superior automation, and provides the strategic partnership your business needs to truly scale on WhatsApp. Feature-by-Feature Comparison: WABOOM vs. Interakt Below is a clear side-by-side breakdown of the features that drive conversions and ROI. Feature WABOOM Interakt Pricing Model Transparent Monthly\/Annual Plans Complex Quarterly\/Tiered Plans Meta Conversation Markup&#8230;<\/p>","protected":false},"author":1,"featured_media":0,"parent":0,"menu_order":0,"comment_status":"closed","ping_status":"closed","template":"","meta":{"_bbp_topic_count":0,"_bbp_reply_count":0,"_bbp_total_topic_count":0,"_bbp_total_reply_count":0,"_bbp_voice_count":0,"_bbp_anonymous_reply_count":0,"_bbp_topic_count_hidden":0,"_bbp_reply_count_hidden":0,"_bbp_forum_subforum_count":0,"_monsterinsights_skip_tracking":false,"_monsterinsights_sitenote_active":false,"_monsterinsights_sitenote_note":"","_monsterinsights_sitenote_category":0,"footnotes":""},"class_list":["post-6333","page","type-page","status-publish","hentry"],"_links":{"self":[{"href":"https:\/\/waboom.net\/ro\/wp-json\/wp\/v2\/pages\/6333","targetHints":{"allow":["GET"]}}],"collection":[{"href":"https:\/\/waboom.net\/ro\/wp-json\/wp\/v2\/pages"}],"about":[{"href":"https:\/\/waboom.net\/ro\/wp-json\/wp\/v2\/types\/page"}],"author":[{"embeddable":true,"href":"https:\/\/waboom.net\/ro\/wp-json\/wp\/v2\/users\/1"}],"replies":[{"embeddable":true,"href":"https:\/\/waboom.net\/ro\/wp-json\/wp\/v2\/comments?post=6333"}],"version-history":[{"count":0,"href":"https:\/\/waboom.net\/ro\/wp-json\/wp\/v2\/pages\/6333\/revisions"}],"wp:attachment":[{"href":"https:\/\/waboom.net\/ro\/wp-json\/wp\/v2\/media?parent=6333"}],"curies":[{"name":"wp","href":"https:\/\/api.w.org\/{rel}","templated":true}]}}